{"id":38599,"date":"2025-07-20T22:00:32","date_gmt":"2025-07-20T15:00:32","guid":{"rendered":"https:\/\/viettrungcompany.com\/dich-vu\/nhap-hang-trung-quoc\/"},"modified":"2025-07-20T22:00:32","modified_gmt":"2025-07-20T15:00:32","slug":"nhap-hang-trung-quoc","status":"publish","type":"page","link":"https:\/\/viettrungcompany.com\/en\/services\/nhap-hang-trung-quoc\/","title":{"rendered":"Nh\u1eadp H\u00e0ng Trung Qu\u1ed1c"},"content":{"rendered":"<h1 style=\"text-align: center;\"><strong>H\u01b0\u1edbng d\u1eabn \u0111\u00e1nh h\u00e0ng Qu\u1ea3ng Ch\u00e2u Trung Qu\u1ed1c<\/strong><\/h1>\n<p>B\u1ea1n \u0111ang t\u00ecm c\u00e1ch \u0111\u00e1nh h\u00e0ng Qu\u1ea3ng Ch\u00e2u &#8211; Trung Qu\u1ed1c \u0111\u1ec3 nh\u1eadp c\u00e1c m\u1eb7t h\u00e0ng nh\u01b0 qu\u1ea7n \u00e1o, \u0111\u1ed3 ch\u01a1i, n\u1ed9i th\u1ea5t, ph\u1ee5 ki\u1ec7n, gi\u00e0y d\u00e9p v\u1ec1 Vi\u1ec7t Nam v\u1edbi chi ph\u00ed t\u1ed1i \u01b0u?\u00a0<strong>Vi\u1ec7t Trung Company<\/strong>\u00a0xin g\u1eedi \u0111\u1ebfn b\u1ea1n h\u01b0\u1edbng d\u1eabn chi ti\u1ebft, d\u1ec5 hi\u1ec3u v\u00e0 \u0111\u1ea7y \u0111\u1ee7 nh\u1ea5t \u0111\u1ec3 gi\u00fap b\u1ea1n th\u1ef1c hi\u1ec7n chuy\u1ebfn \u0111i l\u1ea5y h\u00e0ng th\u00e0nh c\u00f4ng.<\/p>\n<p><img loading=\"lazy\" decoding=\"async\" id=\"huong-dan-danh-hang-quang-chau-trung-quoc\" class=\"aligncenter\" dir=\"ltr\" lang=\"vi\" title=\"h\u01b0\u1edbng d\u00e2n \u0111\u00e1nh h\u00e0ng qu\u1ea3ng ch\u00e2u trung qu\u1ed1c\" src=\"https:\/\/viettrungcompany.com\/wp-content\/uploads\/2025\/07\/hC6B0E1BB9Bng20dC3A2n20nhE1BAADp20hC3A0ng20quE1BAA3ng20chC3A2u20trung20quE1BB91c.png\" alt=\"h\u01b0\u1edbng d\u00e2n \u0111\u00e1nh h\u00e0ng qu\u1ea3ng ch\u00e2u trung qu\u1ed1c\" width=\"940\" height=\"788\" longdesc=\"https:\/\/www.viettrungcompany.com\/vi\/dich-vu\/h%C6%B0%E1%BB%9Bng%20d%C3%A2n%20%C4%91%C3%A1nh%20h%C3%A0ng%20qu%E1%BA%A3ng%20ch%C3%A2u%20trung%20qu%E1%BB%91c\" \/><\/p>\n<h2><strong>1. T\u1ea1i sao n\u00ean \u0111\u00e1nh h\u00e0ng Qu\u1ea3ng Ch\u00e2u?<\/strong><\/h2>\n<p>Qu\u1ea3ng Ch\u00e2u l\u00e0 trung t\u00e2m th\u01b0\u01a1ng m\u1ea1i l\u1edbn nh\u1ea5t Trung Qu\u1ed1c, n\u01a1i t\u1eadp trung h\u00e0ng ng\u00e0n nh\u00e0 m\u00e1y, x\u01b0\u1edfng s\u1ea3n xu\u1ea5t v\u00e0 ch\u1ee3 b\u00e1n bu\u00f4n. H\u00e0ng h\u00f3a \u1edf \u0111\u00e2y phong ph\u00fa, gi\u00e1 r\u1ebb, d\u1ec5 th\u01b0\u01a1ng l\u01b0\u1ee3ng khi mua s\u1ed1 l\u01b0\u1ee3ng l\u1edbn, ph\u00f9 h\u1ee3p cho ng\u01b0\u1eddi kinh doanh nh\u1ecf l\u1ebb \u0111\u1ebfn doanh nghi\u1ec7p l\u1edbn.<\/p>\n<h2><strong>2. D\u1ecbch v\u1ee5 \u0111\u00e1nh h\u00e0ng Qu\u1ea3ng Ch\u00e2u tr\u1ecdn g\u00f3i c\u1ee7a Vi\u1ec7t Trung Company<\/strong><\/h2>\n<p>V\u1edbi ph\u01b0\u01a1ng ch\u00e2m &#8220;\u0110i \u0111\u1ebfn n\u01a1i, v\u1ec1 \u0111\u1ebfn ch\u1ed1n&#8221;, Vi\u1ec7t Trung Company \u0111\u00e3 thi\u1ebft k\u1ebf g\u00f3i d\u1ecbch v\u1ee5 \u0111\u00e1nh h\u00e0ng Qu\u1ea3ng Ch\u00e2u t\u1ed1i \u01b0u, bao g\u1ed3m:<\/p>\n<p>&#8211; H\u1ed7 tr\u1ee3 l\u00e0m th\u1ee7 t\u1ee5c xu\u1ea5t nh\u1eadp c\u1ea3nh<\/p>\n<p>&#8211; \u0110\u1eb7t v\u00e9 m\u00e1y bay ho\u1eb7c xe kh\u00e1ch \u0111\u1ebfn c\u1eeda kh\u1ea9u<\/p>\n<p>&#8211; Xe \u0111\u01b0a \u0111\u00f3n t\u1eeb c\u1eeda kh\u1ea9u Trung Qu\u1ed1c v\u1ec1 Qu\u1ea3ng Ch\u00e2u<\/p>\n<p>&#8211; H\u1ed7 tr\u1ee3 phi\u00ean d\u1ecbch, \u0111\u1eb7t kh\u00e1ch s\u1ea1n, h\u01b0\u1edbng d\u1eabn \u0111i ch\u1ee3 mua h\u00e0ng<\/p>\n<p>&#8211; \u0110\u00f3ng g\u00f3i, v\u1eadn chuy\u1ec3n h\u00e0ng h\u00f3a v\u1ec1 Vi\u1ec7t Nam t\u1eadn n\u01a1i<\/p>\n<p>L\u1ea7n \u0111\u1ea7u \u0111i c\u00f3 ng\u01b0\u1eddi h\u01b0\u1edbng d\u1eabn. L\u1ea7n sau b\u1ea1n c\u00f3 th\u1ec3 \u0111i t\u1ef1 t\u00fac \u0111\u1ec3 ti\u1ebft ki\u1ec7m chi ph\u00ed.<\/p>\n<p><img loading=\"lazy\" decoding=\"async\" id=\"kho-hang-v\u00e0-khach-san-c\u1ee7a-viet-trung-company-tai-trung-quoc\" class=\"aligncenter\" title=\"Kho h\u00e0ng v\u00e0 kh\u00e1ch s\u1ea1n t\u1ea1i Qu\u1ea3ng Ch\u00e2u c\u1ee7a Vi\u1ec7t Trung Company\" src=\"https:\/\/viettrungcompany.com\/wp-content\/uploads\/2025\/07\/Kho20hC3A0ng20vC3A020khC3A1ch20sE1BAA1n20tE1BAA1i20QuE1BAA3ng20ChC3A2u20cE1BBA7a20ViE1BB87t20Trung20Company.png\" alt=\"Kho h\u00e0ng v\u00e0 kh\u00e1ch s\u1ea1n t\u1ea1i Qu\u1ea3ng Ch\u00e2u c\u1ee7a Vi\u1ec7t Trung Company\" width=\"940\" height=\"788\" longdesc=\"https:\/\/www.viettrungcompany.com\/vi\/dich-vu\/Kho%20h%C3%A0ng%20v%C3%A0%20kh%C3%A1ch%20s%E1%BA%A1n%20t%E1%BA%A1i%20Qu%E1%BA%A3ng%20Ch%C3%A2u%20c%E1%BB%A7a%20Vi%E1%BB%87t%20Trung%20Company\" \/><\/p>\n<h2><strong>3. T\u1ef1 \u0111\u00e1nh h\u00e0ng Qu\u1ea3ng Ch\u00e2u: H\u01b0\u1edbng d\u1eabn t\u1eebng b\u01b0\u1edbc<\/strong><\/h2>\n<h3>B\u01b0\u1edbc 1: Chu\u1ea9n b\u1ecb gi\u1ea5y t\u1edd c\u1ea7n thi\u1ebft<\/h3>\n<p>&#8211; H\u1ed9 chi\u1ebfu c\u00f2n hi\u1ec7u l\u1ef1c tr\u00ean 6 th\u00e1ng<\/p>\n<p>&#8211; Visa Trung Qu\u1ed1c (Vi\u1ec7t Trung c\u00f3 th\u1ec3 h\u1ed7 tr\u1ee3 l\u00e0m nhanh)<\/p>\n<h3>B\u01b0\u1edbc 2: Di chuy\u1ec3n sang Trung Qu\u1ed1c<\/h3>\n<p><strong>&#8211; \u0110i m\u00e1y bay<\/strong>: T\u1eeb H\u00e0 N\u1ed9i ho\u1eb7c TP.HCM bay \u0111\u1ebfn Qu\u1ea3ng Ch\u00e2u<\/p>\n<p><strong>&#8211; \u0110i \u0111\u01b0\u1eddng b\u1ed9<\/strong>: \u0110\u1ebfn c\u1eeda kh\u1ea9u H\u1eefu Ngh\u1ecb (L\u1ea1ng S\u01a1n), l\u00e0m th\u1ee7 t\u1ee5c xu\u1ea5t c\u1ea3nh, \u0111\u1ed5i ti\u1ec1n, \u0111i xe sang Qu\u1ea3ng Ch\u00e2u (xe Vi\u1ec7t Trung s\u1eafp x\u1ebfp, gi\u00e1 280 t\u1ec7)<\/p>\n<h3>B\u01b0\u1edbc 3: \u0110\u1eb7t kh\u00e1ch s\u1ea1n v\u00e0 li\u00ean h\u1ec7 h\u1ed7 tr\u1ee3<\/h3>\n<p>&#8211; G\u1ecdi nh\u00e2n vi\u00ean Vi\u1ec7t Trung theo s\u1ed1:\u00a0<code>008613250303543<\/code>\u00a0ho\u1eb7c\u00a0<code>008613710964989<\/code><\/p>\n<p>&#8211; \u0110\u1eb7t ph\u00f2ng kh\u00e1ch s\u1ea1n JiaYuan, ph\u00f2ng 202 ho\u1eb7c s\u1ea3nh c\u00e0 ph\u00ea t\u1ea7ng 1<\/p>\n<p>&#8211; Gi\u00e1 \u01b0u \u0111\u00e3i ch\u1ec9 180 t\u1ec7\/\u0111\u00eam. T\u00ednh n\u1eeda ng\u00e0y n\u1ebfu tr\u1ea3 ph\u00f2ng tr\u01b0\u1edbc 20h<\/p>\n<h3>B\u01b0\u1edbc 4: B\u1eaft \u0111\u1ea7u \u0111i ch\u1ee3 l\u1ea5y h\u00e0ng<\/h3>\n<p>N\u1ebfu b\u1ea1n \u0111\u00e3 \u0111\u1eb7t phi\u00ean d\u1ecbch tr\u01b0\u1edbc, nh\u00e2n vi\u00ean s\u1ebd \u0111\u1ebfn h\u1ed7 tr\u1ee3 b\u1ea1n \u0111i c\u00e1c ch\u1ee3 l\u1edbn nh\u01b0:<\/p>\n<h4><strong>1. Ch\u1ee3 B\u1ea1ch M\u00e3 (Baima Market)<\/strong><\/h4>\n<p>&#8211; \u0110\u1ecba ch\u1ec9: S\u1ed1 16, \u0111\u01b0\u1eddng Zhannan, Qu\u1ea3ng Ch\u00e2u<\/p>\n<p>&#8211; \u0110\u1eb7c \u0111i\u1ec3m: Trung t\u00e2m b\u00e1n bu\u00f4n qu\u1ea7n \u00e1o l\u1edbn nh\u1ea5t Qu\u1ea3ng Ch\u00e2u. Ph\u00f9 h\u1ee3p v\u1edbi c\u00e1c shop th\u1eddi trang, h\u00e0ng cao c\u1ea5p, nhi\u1ec1u m\u1eabu m\u00e3 hi\u1ec7n \u0111\u1ea1i. Mua s\u1ec9 t\u1eeb 5 c\u00e1i tr\u1edf l\u00ean s\u1ebd \u0111\u01b0\u1ee3c gi\u00e1 t\u1ed1t.<\/p>\n<h4><strong>2. Ch\u1ee3 Sha He<\/strong><\/h4>\n<p>&#8211; V\u1ecb tr\u00ed: Khu v\u1ef1c Sha He, g\u1ea7n ga t\u00e0u ph\u00eda B\u1eafc<\/p>\n<p>&#8211; \u0110\u1eb7c \u0111i\u1ec3m: B\u00e1n bu\u00f4n qu\u1ea7n \u00e1o gi\u00e1 r\u1ebb, \u0111a ph\u1ea7n h\u00e0ng b\u00ecnh d\u00e2n, ph\u00f9 h\u1ee3p v\u1edbi ti\u1ec3u th\u01b0\u01a1ng.<\/p>\n<h4><strong>3. Ch\u1ee3 Zhang Xi, Shi Shang Hang, Hong Mian<\/strong><\/h4>\n<p>&#8211; C\u00e1c ch\u1ee3 n\u00e0y n\u1eb1m g\u1ea7n khu Sha He, b\u00e1n nhi\u1ec1u m\u1eabu m\u00e3 th\u1eddi trang gi\u00e1 s\u1ec9, h\u00e0ng ch\u1ea5t l\u01b0\u1ee3ng trung b\u00ecnh kh\u00e1, c\u00f3 th\u1ec3 th\u01b0\u01a1ng l\u01b0\u1ee3ng t\u1ed1t khi mua s\u1ed1 l\u01b0\u1ee3ng l\u1edbn.<\/p>\n<h4><strong>4. Ch\u1ee3 \u0111\u1ed3 len \u2013 Dezheng Nan Lu<\/strong><\/h4>\n<p>&#8211; Chuy\u00ean c\u00e1c m\u1eb7t h\u00e0ng len: \u00e1o, kh\u0103n, n\u00f3n&#8230; M\u1eabu m\u00e3 \u0111a d\u1ea1ng, th\u00edch h\u1ee3p cho m\u00f9a \u0111\u00f4ng.<\/p>\n<h4><strong>5. Ch\u1ee3 \u0111\u1ed3 da \u2013 Ziyuangang Lu &amp; Jiefang Beilu<\/strong><\/h4>\n<p>&#8211; C\u00e1c trung t\u00e2m l\u1edbn: Guihualou, YiSen Leather Building<\/p>\n<p>&#8211; B\u00e1n bu\u00f4n t\u00fai x\u00e1ch, v\u00ed da, d\u00e2y n\u1ecbt, balo\u2026 t\u1eeb h\u00e0ng ph\u1ed5 th\u00f4ng \u0111\u1ebfn h\u00e0ng nh\u00e1i cao c\u1ea5p.<\/p>\n<h4><strong>6. Ch\u1ee3 gi\u00e0y d\u00e9p \u2013 Metropolis Shoes City<\/strong><\/h4>\n<p>&#8211; \u0110\u1ecba ch\u1ec9: \u0110\u1ed1i di\u1ec7n One Link International Plaza, g\u00f3c Jiefang nan Lu v\u00e0 Yide Lu<\/p>\n<p>&#8211; H\u00e0ng h\u00f3a: Gi\u00e0y th\u1ec3 thao, gi\u00e0y th\u1eddi trang, gi\u00e0y tr\u1ebb em, nh\u00e1i c\u00e1c th\u01b0\u01a1ng hi\u1ec7u l\u1edbn nh\u01b0 Nike, Adidas.<\/p>\n<h4><strong>7. Ch\u1ee3 \u0111\u1ed3 ch\u01a1i \u2013 One Link International Plaza<\/strong><\/h4>\n<p>&#8211; \u0110\u1ecba ch\u1ec9: S\u1ed1 39, Jiefang nan Lu<\/p>\n<p>&#8211; B\u00e1n bu\u00f4n: \u0110\u1ed3 ch\u01a1i tr\u1ebb em, xe \u0111i\u1ec1u khi\u1ec3n, \u0111\u1ed3 l\u1eafp r\u00e1p, th\u00fa b\u00f4ng, qu\u00e0 l\u01b0u ni\u1ec7m.<\/p>\n<h4><strong>8. Ch\u1ee3 \u0111\u1ed3ng h\u1ed3 \u2013 G\u1ea7n ch\u1ee3 Zhan Xi<\/strong><\/h4>\n<p>&#8211; C\u1ea3 khu ph\u1ed1 chuy\u00ean b\u00e1n bu\u00f4n \u0111\u1ed3ng h\u1ed3 m\u1ecdi lo\u1ea1i: t\u1eeb 10.000\u0111 \u0111\u1ebfn v\u00e0i tri\u1ec7u \u0111\u1ed3ng. C\u00f3 c\u1ea3 h\u00e0ng fake cao c\u1ea5p.<\/p>\n<h4><strong>9. Ch\u1ee3 \u0111\u1ed3 l\u01b0u ni\u1ec7m \u2013 Yide Lu<\/strong><\/h4>\n<p>&#8211; \u0110\u1ed1i di\u1ec7n ch\u1ee3 \u0111\u1ed3 ch\u01a1i v\u00e0 ch\u1ee3 gi\u00e0y d\u00e9p, b\u00e1n c\u00e1c s\u1ea3n ph\u1ea9m l\u00e0m qu\u00e0, th\u1ee7 c\u00f4ng m\u1ef9 ngh\u1ec7.<\/p>\n<h4><strong>10. Ch\u1ee3 v\u0103n ph\u00f2ng ph\u1ea9m \u2013 Huang Sha Da Dao<\/strong><\/h4>\n<p>&#8211; B\u00fat, v\u1edf, d\u1ee5ng c\u1ee5 h\u1ecdc t\u1eadp, v\u0103n ph\u00f2ng\u2026 Gi\u00e1 r\u1ebb, mua s\u1ec9 r\u1ea5t l\u1ee3i.<\/p>\n<h4><strong>11. Ch\u1ee3 th\u1ef1c ph\u1ea9m \u2013 Zeng Cha Lu<\/strong><\/h4>\n<p>&#8211; Khu ph\u1ee9c h\u1ee3p b\u00e1n bu\u00f4n th\u1ef1c ph\u1ea9m: d\u1ea7u \u0103n, gia v\u1ecb, tr\u00e1i c\u00e2y, n\u01b0\u1edbc u\u1ed1ng, b\u00e1nh k\u1eb9o&#8230;<\/p>\n<h4><strong>12. Ch\u1ee3 \u0111i\u1ec7n t\u1eed \u2013 Thi\u00ean H\u00e0 (Tianhe)<\/strong><\/h4>\n<p>&#8211; \u0110\u1ecba ch\u1ec9: Tianhe Lu v\u00e0 Shipai Xi Lu<\/p>\n<p>&#8211; H\u00e0ng h\u00f3a: M\u00e1y t\u00ednh, laptop, linh ki\u1ec7n, ph\u1ee5 ki\u1ec7n \u0111i\u1ec7n t\u1eed<\/p>\n<h4><strong>13. Ch\u1ee3 \u0111i\u1ec7n tho\u1ea1i \u2013 Da Sha Tou<\/strong><\/h4>\n<p>&#8211; B\u00e1n \u0111i\u1ec7n tho\u1ea1i m\u1edbi, c\u0169, nh\u00e1i v\u00e0 ph\u1ee5 ki\u1ec7n. C\u00f3 h\u00e0ng cao c\u1ea5p gi\u00e1 r\u1ebb cho ng\u01b0\u1eddi mua s\u1ec9.<\/p>\n<h4><strong>14. Ch\u1ee3 \u0111\u1ed3 tr\u1ebb em \u2013 G\u1ea7n tr\u1ea1m metro Zhong Shan Ba<\/strong><\/h4>\n<p>&#8211; Qu\u1ea7n \u00e1o tr\u1ebb em \u0111\u1ee7 m\u1ecdi k\u00edch c\u1ee1 v\u00e0 ki\u1ec3u d\u00e1ng. R\u1ea5t ph\u00f9 h\u1ee3p cho shop chuy\u00ean \u0111\u1ed3 tr\u1ebb em.<\/p>\n<h4><strong>15. Ph\u1ed1 \u0111i b\u1ed9 Beijing Lu<\/strong><\/h4>\n<p>&#8211; V\u1eeba l\u00e0 ph\u1ed1 du l\u1ecbch v\u1eeba l\u00e0 n\u01a1i mua s\u1eafm. H\u00e0ng h\u00f3a \u0111a d\u1ea1ng t\u1eeb cao c\u1ea5p \u0111\u1ebfn gi\u00e1 r\u1ebb b\u1ea5t ng\u1edd.<\/p>\n<p>Vi\u1ec7t Trung c\u00f3 kho h\u00e0ng ngay t\u1ea1i Qu\u1ea3ng Ch\u00e2u gi\u00fap b\u1ea1n t\u1eadp k\u1ebft v\u00e0 \u0111\u00f3ng h\u00e0ng ti\u1ec7n l\u1ee3i.<\/p>\n<h2><strong>4. D\u1ecbch v\u1ee5 v\u1eadn chuy\u1ec3n h\u00e0ng v\u1ec1 Vi\u1ec7t Nam<\/strong><\/h2>\n<p>&#8211; Nh\u00e2n vi\u00ean s\u1ebd h\u1ed7 tr\u1ee3 chuy\u1ec3n h\u00e0ng t\u1eeb kh\u00e1ch s\u1ea1n v\u1ec1 kho<\/p>\n<p>&#8211; H\u00e0ng \u0111\u01b0\u1ee3c ph\u00e2n lo\u1ea1i, \u0111\u00f3ng g\u00f3i v\u00e0 g\u1eedi v\u1ec1 Vi\u1ec7t Nam theo t\u1eebng g\u00f3i (gh\u00e9p h\u00e0ng, nguy\u00ean ki\u1ec7n&#8230;)<\/p>\n<p>&#8211; H\u1ed7 tr\u1ee3 chuy\u1ec3n ti\u1ec1n sang Trung Qu\u1ed1c khi mua h\u00e0ng<\/p>\n<h2><strong>5. K\u1ebft th\u00fac chuy\u1ebfn \u0111i<\/strong><\/h2>\n<p>Sau khi ho\u00e0n t\u1ea5t vi\u1ec7c l\u1ea5y h\u00e0ng, b\u1ea1n c\u00f3 th\u1ec3:<\/p>\n<p>&#8211; \u1ede l\u1ea1i tham quan Trung Qu\u1ed1c<\/p>\n<p>&#8211; Ho\u1eb7c v\u1ec1 Vi\u1ec7t Nam ngay b\u1eb1ng xe ho\u1eb7c m\u00e1y bay<\/p>\n<p>\ud83d\udc49\u00a0<a href=\"https:\/\/zalo.me\/197969820382043562\" target=\"_blank\" rel=\"noopener\">Nh\u1eadn t\u01b0 v\u1ea5n nh\u1eadp kh\u1ea9u ch\u00ednh ng\u1ea1ch mi\u1ec5n ph\u00ed<\/a><\/p>\n<p><strong>VI\u1ec6T TRUNG COMPANY<\/strong>\u00a0chuy\u00ean cung c\u1ea5p c\u00e1c d\u1ecbch v\u1ee5 nh\u01b0 order Taobao, 1688, Tmall, Alibaba, s\u0103n sale Zara, H&amp;M, Lining\u2026 v\u00e0 v\u1eadn chuy\u1ec3n h\u00e0ng t\u1eeb Trung Qu\u1ed1c v\u1ec1 Vi\u1ec7t Nam v\u1edbi t\u1ed1c \u0111\u1ed9 nhanh, gi\u00e1 th\u00e0nh h\u1ee3p l\u00fd, uy t\u00edn v\u00e0 \u0111\u1ea3m b\u1ea3o. Ch\u00fang t\u00f4i lu\u00f4n c\u1ed1 g\u1eafng t\u1eebng ng\u00e0y \u0111\u1ec3 c\u1ea3i thi\u1ec7n ch\u1ea5t l\u01b0\u1ee3ng d\u1ecbch v\u1ee5, h\u01b0\u1edbng t\u1edbi l\u00e0 doanh nghi\u1ec7p v\u1eadn chuy\u1ec3n uy t\u00edn nh\u1ea5t, mang l\u1ea1i gi\u00e1 tr\u1ecb thi\u1ebft th\u1ef1c nh\u1ea5t v\u00e0 s\u1ef1 h\u00e0i l\u00f2ng tuy\u1ec7t \u0111\u1ed1i t\u1edbi kh\u00e1ch h\u00e0ng.<\/p>\n<h2><b>Li\u00ean h\u1ec7 Vi\u1ec7t Trung Company<\/b><\/h2>\n<p><em>\u0110\u1ec3 \u0111\u01b0\u1ee3c cung c\u1ea5p th\u00eam nhi\u1ec1u th\u00f4ng tin v\u1ec1 v\u1eadn chuy\u1ec3n Trung \u2013 Vi\u1ec7t, kh\u00e1ch h\u00e0ng ch\u1ec9 c\u1ea7n li\u00ean h\u1ec7 v\u1edbi ch\u00fang t\u00f4i qua c\u00e1c k\u00eanh th\u00f4ng tin d\u01b0\u1edbi \u0111\u00e2y:<\/em><\/p>\n<p>Email:\u00a0<a href=\"http:\/\/viettrungcompany2012@gmail.com\/\" target=\"_blank\" rel=\"noopener\">viettrungcompany2012@gmail.com<\/a><\/p>\n<p>Website:\u00a0<a href=\"https:\/\/www.viettrungcompany.com\/\" target=\"_blank\" rel=\"noopener\">www.viettrungcompany.com<\/a><\/p>\n<p>Facebook:\u00a0<a href=\"https:\/\/www.facebook.com\/viettrungcompany\" target=\"_blank\" rel=\"noopener\">https:\/\/www.facebook.com\/viettrungcompany<\/a><\/p>\n<p>Youtube:\u00a0<a href=\"https:\/\/www.youtube.com\/@viettrungcompany\" target=\"_blank\" rel=\"noopener\">https:\/\/www.youtube.com\/@viettrungcompany<\/a><\/p>\n<p>Tiktok:\u00a0<a href=\"https:\/\/www.tiktok.com\/@viettrungcompany\" target=\"_blank\" rel=\"noopener\">https:\/\/www.tiktok.com\/@viettrungcompany<\/a><\/p>\n<p><em>B\u00ean c\u1ea1nh \u0111\u00f3, qu\u00fd kh\u00e1ch c\u00f3 th\u1ec3 li\u00ean h\u1ec7 v\u1edbi v\u0103n ph\u00f2ng kh\u1eafp 3 mi\u1ec1n c\u1ee7a Vi\u1ec7t Trung qua:<\/em><\/p>\n<p>\u2013 VP H\u00e0 N\u1ed9i: S\u1ed1 189, ph\u1ed1 Quan Hoa, ph\u01b0\u1eddng Ngh\u0129a \u0110\u00f4, Th\u00e0nh ph\u1ed1 H\u00e0 N\u1ed9i. \u0110T: 0965551166<\/p>\n<p>\u2013 VP \u0110\u00e0 N\u1eb5ng: T\u1ea7ng 2, T\u00f2a nh\u00e0 Savico, s\u1ed1 66 V\u00f5 V\u0103n T\u1ea7n, Ph\u01b0\u1eddng Thanh Kh\u00ea, Th\u00e0nh ph\u1ed1 \u0110\u00e0 N\u1eb5ng. \u0110T: 0935131816 \u2013 0967371118<\/p>\n<p>\u2013 VP Tp HCM: 264-264A Nguy\u1ec5n Th\u00e1i B\u00ecnh, Ph\u01b0\u1eddng B\u1ea3y Hi\u1ec1n, Th\u00e0nh ph\u1ed1 H\u1ed3 Ch\u00ed Minh. \u0110T: 0935086838 \u2013 0962259911.<\/p>\n","protected":false},"excerpt":{"rendered":"<p>H\u01b0\u1edbng d\u1eabn \u0111\u00e1nh h\u00e0ng Qu\u1ea3ng Ch\u00e2u Trung Qu\u1ed1c B\u1ea1n \u0111ang t\u00ecm c\u00e1ch \u0111\u00e1nh h\u00e0ng Qu\u1ea3ng Ch\u00e2u &#8211; Trung Qu\u1ed1c \u0111\u1ec3<\/p>\n","protected":false},"author":1,"featured_media":0,"parent":36963,"menu_order":0,"comment_status":"closed","ping_status":"closed","template":"","meta":{"footnotes":""},"class_list":["post-38599","page","type-page","status-publish","hentry"],"yoast_head":"<!-- This site is optimized with the Yoast SEO plugin v27.4 - https:\/\/yoast.com\/product\/yoast-seo-wordpress\/ -->\n<title>Nh\u1eadp H\u00e0ng Trung Qu\u1ed1c - Viet Trung Company<\/title>\n<meta name=\"description\" content=\"B\u1ea1n \u0111ang t\u00ecm c\u00e1ch \u0111\u00e1nh h\u00e0ng Qu\u1ea3ng Ch\u00e2u - Trung Qu\u1ed1c \u0111\u1ec3 nh\u1eadp c\u00e1c m\u1eb7t h\u00e0ng nh\u01b0 qu\u1ea7n \u00e1o, \u0111\u1ed3 ch\u01a1i, n\u1ed9i th\u1ea5t, ph\u1ee5 ki\u1ec7n, gi\u00e0y d\u00e9p v\u1ec1 Vi\u1ec7t Nam v\u1edbi chi ph\u00ed t\u1ed1i \u01b0u?\u00a0Vi\u1ec7t Trung Company\u00a0xin g\u1eedi \u0111\u1ebfn b\u1ea1n h\u01b0\u1edbng d\u1eabn chi ti\u1ebft, d\u1ec5 hi\u1ec3u v\u00e0 \u0111\u1ea7y \u0111\u1ee7 nh\u1ea5t \u0111\u1ec3 gi\u00fap b\u1ea1n th\u1ef1c hi\u1ec7n chuy\u1ebfn \u0111i l\u1ea5y h\u00e0ng th\u00e0nh c\u00f4ng.\" \/>\n<meta name=\"robots\" content=\"index, follow, max-snippet:-1, max-image-preview:large, max-video-preview:-1\" \/>\n<link rel=\"canonical\" href=\"https:\/\/viettrungcompany.com\/dich-vu\/nhap-hang-trung-quoc\/\" \/>\n<meta property=\"og:locale\" content=\"en_US\" \/>\n<meta property=\"og:type\" content=\"article\" \/>\n<meta property=\"og:title\" content=\"Nh\u1eadp H\u00e0ng Trung Qu\u1ed1c - Viet Trung Company\" \/>\n<meta property=\"og:description\" content=\"B\u1ea1n \u0111ang t\u00ecm c\u00e1ch \u0111\u00e1nh h\u00e0ng Qu\u1ea3ng Ch\u00e2u - Trung Qu\u1ed1c \u0111\u1ec3 nh\u1eadp c\u00e1c m\u1eb7t h\u00e0ng nh\u01b0 qu\u1ea7n \u00e1o, \u0111\u1ed3 ch\u01a1i, n\u1ed9i th\u1ea5t, ph\u1ee5 ki\u1ec7n, gi\u00e0y d\u00e9p v\u1ec1 Vi\u1ec7t Nam v\u1edbi chi ph\u00ed t\u1ed1i \u01b0u?\u00a0Vi\u1ec7t Trung Company\u00a0xin g\u1eedi \u0111\u1ebfn b\u1ea1n h\u01b0\u1edbng d\u1eabn chi ti\u1ebft, d\u1ec5 hi\u1ec3u v\u00e0 \u0111\u1ea7y \u0111\u1ee7 nh\u1ea5t \u0111\u1ec3 gi\u00fap b\u1ea1n th\u1ef1c hi\u1ec7n chuy\u1ebfn \u0111i l\u1ea5y h\u00e0ng th\u00e0nh c\u00f4ng.\" \/>\n<meta property=\"og:url\" content=\"https:\/\/viettrungcompany.com\/dich-vu\/nhap-hang-trung-quoc\/\" \/>\n<meta property=\"og:site_name\" content=\"Viet Trung Company\" \/>\n<meta property=\"og:image\" content=\"https:\/\/viettrungcompany.com\/wp-content\/uploads\/2025\/07\/hC6B0E1BB9Bng20dC3A2n20nhE1BAADp20hC3A0ng20quE1BAA3ng20chC3A2u20trung20quE1BB91c.png\" \/>\n<meta name=\"twitter:card\" content=\"summary_large_image\" \/>\n<meta name=\"twitter:label1\" content=\"Est. reading time\" \/>\n\t<meta name=\"twitter:data1\" content=\"7 minutes\" \/>\n<script type=\"application\/ld+json\" class=\"yoast-schema-graph\">{\"@context\":\"https:\\\/\\\/schema.org\",\"@graph\":[{\"@type\":\"WebPage\",\"@id\":\"https:\\\/\\\/viettrungcompany.com\\\/dich-vu\\\/nhap-hang-trung-quoc\\\/\",\"url\":\"https:\\\/\\\/viettrungcompany.com\\\/dich-vu\\\/nhap-hang-trung-quoc\\\/\",\"name\":\"Nh\u1eadp H\u00e0ng Trung Qu\u1ed1c - Viet Trung Company\",\"isPartOf\":{\"@id\":\"https:\\\/\\\/viettrungcompany.com\\\/#website\"},\"primaryImageOfPage\":{\"@id\":\"https:\\\/\\\/viettrungcompany.com\\\/dich-vu\\\/nhap-hang-trung-quoc\\\/#primaryimage\"},\"image\":{\"@id\":\"https:\\\/\\\/viettrungcompany.com\\\/dich-vu\\\/nhap-hang-trung-quoc\\\/#primaryimage\"},\"thumbnailUrl\":\"https:\\\/\\\/viettrungcompany.com\\\/wp-content\\\/uploads\\\/2025\\\/07\\\/hC6B0E1BB9Bng20dC3A2n20nhE1BAADp20hC3A0ng20quE1BAA3ng20chC3A2u20trung20quE1BB91c.png\",\"datePublished\":\"2025-07-20T15:00:32+00:00\",\"description\":\"B\u1ea1n \u0111ang t\u00ecm c\u00e1ch \u0111\u00e1nh h\u00e0ng Qu\u1ea3ng Ch\u00e2u - Trung Qu\u1ed1c \u0111\u1ec3 nh\u1eadp c\u00e1c m\u1eb7t h\u00e0ng nh\u01b0 qu\u1ea7n \u00e1o, \u0111\u1ed3 ch\u01a1i, n\u1ed9i th\u1ea5t, ph\u1ee5 ki\u1ec7n, gi\u00e0y d\u00e9p v\u1ec1 Vi\u1ec7t Nam v\u1edbi chi ph\u00ed t\u1ed1i \u01b0u?\u00a0Vi\u1ec7t Trung Company\u00a0xin g\u1eedi \u0111\u1ebfn b\u1ea1n h\u01b0\u1edbng d\u1eabn chi ti\u1ebft, d\u1ec5 hi\u1ec3u v\u00e0 \u0111\u1ea7y \u0111\u1ee7 nh\u1ea5t \u0111\u1ec3 gi\u00fap b\u1ea1n th\u1ef1c hi\u1ec7n chuy\u1ebfn \u0111i l\u1ea5y h\u00e0ng th\u00e0nh c\u00f4ng.\",\"breadcrumb\":{\"@id\":\"https:\\\/\\\/viettrungcompany.com\\\/dich-vu\\\/nhap-hang-trung-quoc\\\/#breadcrumb\"},\"inLanguage\":\"en-US\",\"potentialAction\":[{\"@type\":\"ReadAction\",\"target\":[\"https:\\\/\\\/viettrungcompany.com\\\/dich-vu\\\/nhap-hang-trung-quoc\\\/\"]}]},{\"@type\":\"ImageObject\",\"inLanguage\":\"en-US\",\"@id\":\"https:\\\/\\\/viettrungcompany.com\\\/dich-vu\\\/nhap-hang-trung-quoc\\\/#primaryimage\",\"url\":\"https:\\\/\\\/viettrungcompany.com\\\/wp-content\\\/uploads\\\/2025\\\/07\\\/hC6B0E1BB9Bng20dC3A2n20nhE1BAADp20hC3A0ng20quE1BAA3ng20chC3A2u20trung20quE1BB91c.png\",\"contentUrl\":\"https:\\\/\\\/viettrungcompany.com\\\/wp-content\\\/uploads\\\/2025\\\/07\\\/hC6B0E1BB9Bng20dC3A2n20nhE1BAADp20hC3A0ng20quE1BAA3ng20chC3A2u20trung20quE1BB91c.png\"},{\"@type\":\"BreadcrumbList\",\"@id\":\"https:\\\/\\\/viettrungcompany.com\\\/dich-vu\\\/nhap-hang-trung-quoc\\\/#breadcrumb\",\"itemListElement\":[{\"@type\":\"ListItem\",\"position\":1,\"name\":\"Home\",\"item\":\"https:\\\/\\\/viettrungcompany.com\\\/en\\\/\"},{\"@type\":\"ListItem\",\"position\":2,\"name\":\"Services\",\"item\":\"https:\\\/\\\/viettrungcompany.com\\\/en\\\/services\\\/\"},{\"@type\":\"ListItem\",\"position\":3,\"name\":\"Nh\u1eadp H\u00e0ng Trung Qu\u1ed1c\"}]},{\"@type\":\"WebSite\",\"@id\":\"https:\\\/\\\/viettrungcompany.com\\\/#website\",\"url\":\"https:\\\/\\\/viettrungcompany.com\\\/\",\"name\":\"Viet Trung Company\",\"description\":\"\",\"potentialAction\":[{\"@type\":\"SearchAction\",\"target\":{\"@type\":\"EntryPoint\",\"urlTemplate\":\"https:\\\/\\\/viettrungcompany.com\\\/?s={search_term_string}\"},\"query-input\":{\"@type\":\"PropertyValueSpecification\",\"valueRequired\":true,\"valueName\":\"search_term_string\"}}],\"inLanguage\":\"en-US\"}]}<\/script>\n<!-- \/ Yoast SEO plugin. -->","yoast_head_json":{"title":"Nh\u1eadp H\u00e0ng Trung Qu\u1ed1c - Viet Trung Company","description":"B\u1ea1n \u0111ang t\u00ecm c\u00e1ch \u0111\u00e1nh h\u00e0ng Qu\u1ea3ng Ch\u00e2u - Trung Qu\u1ed1c \u0111\u1ec3 nh\u1eadp c\u00e1c m\u1eb7t h\u00e0ng nh\u01b0 qu\u1ea7n \u00e1o, \u0111\u1ed3 ch\u01a1i, n\u1ed9i th\u1ea5t, ph\u1ee5 ki\u1ec7n, gi\u00e0y d\u00e9p v\u1ec1 Vi\u1ec7t Nam v\u1edbi chi ph\u00ed t\u1ed1i \u01b0u?\u00a0Vi\u1ec7t Trung Company\u00a0xin g\u1eedi \u0111\u1ebfn b\u1ea1n h\u01b0\u1edbng d\u1eabn chi ti\u1ebft, d\u1ec5 hi\u1ec3u v\u00e0 \u0111\u1ea7y \u0111\u1ee7 nh\u1ea5t \u0111\u1ec3 gi\u00fap b\u1ea1n th\u1ef1c hi\u1ec7n chuy\u1ebfn \u0111i l\u1ea5y h\u00e0ng th\u00e0nh c\u00f4ng.","robots":{"index":"index","follow":"follow","max-snippet":"max-snippet:-1","max-image-preview":"max-image-preview:large","max-video-preview":"max-video-preview:-1"},"canonical":"https:\/\/viettrungcompany.com\/dich-vu\/nhap-hang-trung-quoc\/","og_locale":"en_US","og_type":"article","og_title":"Nh\u1eadp H\u00e0ng Trung Qu\u1ed1c - Viet Trung Company","og_description":"B\u1ea1n \u0111ang t\u00ecm c\u00e1ch \u0111\u00e1nh h\u00e0ng Qu\u1ea3ng Ch\u00e2u - Trung Qu\u1ed1c \u0111\u1ec3 nh\u1eadp c\u00e1c m\u1eb7t h\u00e0ng nh\u01b0 qu\u1ea7n \u00e1o, \u0111\u1ed3 ch\u01a1i, n\u1ed9i th\u1ea5t, ph\u1ee5 ki\u1ec7n, gi\u00e0y d\u00e9p v\u1ec1 Vi\u1ec7t Nam v\u1edbi chi ph\u00ed t\u1ed1i \u01b0u?\u00a0Vi\u1ec7t Trung Company\u00a0xin g\u1eedi \u0111\u1ebfn b\u1ea1n h\u01b0\u1edbng d\u1eabn chi ti\u1ebft, d\u1ec5 hi\u1ec3u v\u00e0 \u0111\u1ea7y \u0111\u1ee7 nh\u1ea5t \u0111\u1ec3 gi\u00fap b\u1ea1n th\u1ef1c hi\u1ec7n chuy\u1ebfn \u0111i l\u1ea5y h\u00e0ng th\u00e0nh c\u00f4ng.","og_url":"https:\/\/viettrungcompany.com\/dich-vu\/nhap-hang-trung-quoc\/","og_site_name":"Viet Trung Company","og_image":[{"url":"https:\/\/viettrungcompany.com\/wp-content\/uploads\/2025\/07\/hC6B0E1BB9Bng20dC3A2n20nhE1BAADp20hC3A0ng20quE1BAA3ng20chC3A2u20trung20quE1BB91c.png","type":"","width":"","height":""}],"twitter_card":"summary_large_image","twitter_misc":{"Est. reading time":"7 minutes"},"schema":{"@context":"https:\/\/schema.org","@graph":[{"@type":"WebPage","@id":"https:\/\/viettrungcompany.com\/dich-vu\/nhap-hang-trung-quoc\/","url":"https:\/\/viettrungcompany.com\/dich-vu\/nhap-hang-trung-quoc\/","name":"Nh\u1eadp H\u00e0ng Trung Qu\u1ed1c - Viet Trung Company","isPartOf":{"@id":"https:\/\/viettrungcompany.com\/#website"},"primaryImageOfPage":{"@id":"https:\/\/viettrungcompany.com\/dich-vu\/nhap-hang-trung-quoc\/#primaryimage"},"image":{"@id":"https:\/\/viettrungcompany.com\/dich-vu\/nhap-hang-trung-quoc\/#primaryimage"},"thumbnailUrl":"https:\/\/viettrungcompany.com\/wp-content\/uploads\/2025\/07\/hC6B0E1BB9Bng20dC3A2n20nhE1BAADp20hC3A0ng20quE1BAA3ng20chC3A2u20trung20quE1BB91c.png","datePublished":"2025-07-20T15:00:32+00:00","description":"B\u1ea1n \u0111ang t\u00ecm c\u00e1ch \u0111\u00e1nh h\u00e0ng Qu\u1ea3ng Ch\u00e2u - Trung Qu\u1ed1c \u0111\u1ec3 nh\u1eadp c\u00e1c m\u1eb7t h\u00e0ng nh\u01b0 qu\u1ea7n \u00e1o, \u0111\u1ed3 ch\u01a1i, n\u1ed9i th\u1ea5t, ph\u1ee5 ki\u1ec7n, gi\u00e0y d\u00e9p v\u1ec1 Vi\u1ec7t Nam v\u1edbi chi ph\u00ed t\u1ed1i \u01b0u?\u00a0Vi\u1ec7t Trung Company\u00a0xin g\u1eedi \u0111\u1ebfn b\u1ea1n h\u01b0\u1edbng d\u1eabn chi ti\u1ebft, d\u1ec5 hi\u1ec3u v\u00e0 \u0111\u1ea7y \u0111\u1ee7 nh\u1ea5t \u0111\u1ec3 gi\u00fap b\u1ea1n th\u1ef1c hi\u1ec7n chuy\u1ebfn \u0111i l\u1ea5y h\u00e0ng th\u00e0nh c\u00f4ng.","breadcrumb":{"@id":"https:\/\/viettrungcompany.com\/dich-vu\/nhap-hang-trung-quoc\/#breadcrumb"},"inLanguage":"en-US","potentialAction":[{"@type":"ReadAction","target":["https:\/\/viettrungcompany.com\/dich-vu\/nhap-hang-trung-quoc\/"]}]},{"@type":"ImageObject","inLanguage":"en-US","@id":"https:\/\/viettrungcompany.com\/dich-vu\/nhap-hang-trung-quoc\/#primaryimage","url":"https:\/\/viettrungcompany.com\/wp-content\/uploads\/2025\/07\/hC6B0E1BB9Bng20dC3A2n20nhE1BAADp20hC3A0ng20quE1BAA3ng20chC3A2u20trung20quE1BB91c.png","contentUrl":"https:\/\/viettrungcompany.com\/wp-content\/uploads\/2025\/07\/hC6B0E1BB9Bng20dC3A2n20nhE1BAADp20hC3A0ng20quE1BAA3ng20chC3A2u20trung20quE1BB91c.png"},{"@type":"BreadcrumbList","@id":"https:\/\/viettrungcompany.com\/dich-vu\/nhap-hang-trung-quoc\/#breadcrumb","itemListElement":[{"@type":"ListItem","position":1,"name":"Home","item":"https:\/\/viettrungcompany.com\/en\/"},{"@type":"ListItem","position":2,"name":"Services","item":"https:\/\/viettrungcompany.com\/en\/services\/"},{"@type":"ListItem","position":3,"name":"Nh\u1eadp H\u00e0ng Trung Qu\u1ed1c"}]},{"@type":"WebSite","@id":"https:\/\/viettrungcompany.com\/#website","url":"https:\/\/viettrungcompany.com\/","name":"Viet Trung Company","description":"","potentialAction":[{"@type":"SearchAction","target":{"@type":"EntryPoint","urlTemplate":"https:\/\/viettrungcompany.com\/?s={search_term_string}"},"query-input":{"@type":"PropertyValueSpecification","valueRequired":true,"valueName":"search_term_string"}}],"inLanguage":"en-US"}]}},"_links":{"self":[{"href":"https:\/\/viettrungcompany.com\/en\/wp-json\/wp\/v2\/pages\/38599","targetHints":{"allow":["GET"]}}],"collection":[{"href":"https:\/\/viettrungcompany.com\/en\/wp-json\/wp\/v2\/pages"}],"about":[{"href":"https:\/\/viettrungcompany.com\/en\/wp-json\/wp\/v2\/types\/page"}],"author":[{"embeddable":true,"href":"https:\/\/viettrungcompany.com\/en\/wp-json\/wp\/v2\/users\/1"}],"replies":[{"embeddable":true,"href":"https:\/\/viettrungcompany.com\/en\/wp-json\/wp\/v2\/comments?post=38599"}],"version-history":[{"count":0,"href":"https:\/\/viettrungcompany.com\/en\/wp-json\/wp\/v2\/pages\/38599\/revisions"}],"up":[{"embeddable":true,"href":"https:\/\/viettrungcompany.com\/en\/wp-json\/wp\/v2\/pages\/36963"}],"wp:attachment":[{"href":"https:\/\/viettrungcompany.com\/en\/wp-json\/wp\/v2\/media?parent=38599"}],"curies":[{"name":"wp","href":"https:\/\/api.w.org\/{rel}","templated":true}]}}