{"id":38641,"date":"2025-07-20T23:04:50","date_gmt":"2025-07-20T16:04:50","guid":{"rendered":"https:\/\/viettrungcompany.com\/huong-dan\/cai-dat-app-theo-doi-don-hang\/"},"modified":"2025-08-19T22:11:52","modified_gmt":"2025-08-19T15:11:52","slug":"install-order-tracking-app","status":"publish","type":"page","link":"https:\/\/viettrungcompany.com\/en\/guide\/install-order-tracking-app\/","title":{"rendered":"Install Order Tracking App"},"content":{"rendered":"<h1 style=\"text-align: center;\"><strong>Viet Trung Company Order Tracking App<\/strong><\/h1>\n<p>The &#8220;Viet Trung Company&#8221; app was developed to help you easily and effectively monitor every stage of your shipment process. Compared to tracking orders via the website, the <strong><em>order tracking app<\/em><\/strong> is an even more essential tool when importing goods from China through <strong>VIET TRUNG COMPANY<\/strong>.<\/p>\n<h2><strong>Why Use the Viet Trung Company Order Tracking App?<\/strong><\/h2>\n<p><img loading=\"lazy\" decoding=\"async\" id=\"viet-trung-company-order-tracking-app\" class=\"aligncenter\" dir=\"ltr\" lang=\"en\" title=\"Viet Trung Company Order Tracking App\" src=\"https:\/\/viettrungcompany.com\/wp-content\/uploads\/2025\/07\/app-theo-doi-don-hang-viet-trung-company.png\" alt=\"Viet Trung Company Order Tracking App\" width=\"940\" height=\"788\" \/><\/p>\n<p>When you choose <strong>VIET TRUNG COMPANY<\/strong> as your logistics partner, you\u2019ll be guided through the registration and use of our proprietary <strong><em>order tracking app<\/em><\/strong>.  <\/p>\n<p>This app allows you to manage all aspects of your orders with ease and efficiency. With features such as real-time order tracking, automatic notifications, flexible order management, custom reporting, and robust security, we promise a superior, convenient user experience.  <\/p>\n<h2><strong>Flexible and Easy Order Management<\/strong><\/h2>\n<p>A key advantage of our order management software is the ability to track and monitor your shipments in real-time. Both businesses and customers can check the status of their orders anytime, anywhere. By consolidating all order management features into a single application, you save time and avoid scattered information.  <\/p>\n<h2><strong>Automatic Notifications<\/strong><\/h2>\n<p>Receive automatic notifications via email or in-app alerts when your goods are shipped from China to Vietnam, or when there are changes to your order. The order management app saves customers significant time compared to manually contacting the logistics provider.  <\/p>\n<h2><strong>High Security &#038; Safe Data Management<\/strong><\/h2>\n<p>Our order tracking software includes advanced security features to ensure your data and personal information remain safe.  <\/p>\n<h2><strong>Enhance Professionalism in the Shipping Process<\/strong><\/h2>\n<p>Another benefit of using our order management app is the increased professionalism it brings. With a seamless process, both our company and our customers can simultaneously monitor and manage their shipments. Customers can also provide immediate feedback if any issues arise.  <\/p>\n<h2><strong>Completely Free for All Features<\/strong><\/h2>\n<p>Simply download the app, register, and start using it \u2014 <strong>100% FREE<\/strong>!  <\/p>\n<h2><strong>How to Use the &#8220;Viet Trung Company&#8221; App<\/strong><\/h2>\n<h3><strong>I. Download the App and Register an Account:<\/strong><\/h3>\n<p><strong>Step 1:<\/strong> Open App Store or Google Play, search \u201c<strong>Viet Trung Company<\/strong>\u201d and download the \u201c<strong>Viet Trung<\/strong>\u201d app. Or use one of the links below:  <\/p>\n<p><em>Android:<\/em> <a href=\"https:\/\/play.google.com\/store\/apps\/details?id=com.tekup.viet_trung_mobile\" target=\"_blank\" rel=\"noopener\">Download on Google Play<\/a><br \/>\n<em>iOS:<\/em> <a href=\"https:\/\/apps.apple.com\/vn\/app\/vi%E1%BB%87t-trung\/id1608829534?l=vi\" target=\"_blank\" rel=\"noopener\">Download on App Store<\/a>  <\/p>\n<p>App icon preview:<br \/>\n<img loading=\"lazy\" decoding=\"async\" src=\"https:\/\/viettrungcompany.com\/wp-content\/uploads\/2025\/07\/468576698_881555024158573_5276337312423580423_n.jpg\" alt=\"Viet Trung Company App Icon\" width=\"1400\" height=\"1400\" \/>  <\/p>\n<p><strong>Step 2:<\/strong> Open the app \u2192 tap \u201cRegister Now\u201d \u2192 enter your email, phone number, and name (same as on your shipment) \u2192 tap \u201cContinue\u201d \u2192 enter your delivery address \u2192 tap \u201cContinue\u201d \u2192 create a password and tap \u201cRegister\u201d to complete account setup.  <\/p>\n<h3><strong>II. Using the App:<\/strong><\/h3>\n<p>+ When your goods arrive at our warehouse, our staff will update the system. You\u2019ll receive a notification in the app and can check each order:<\/p>\n<p>&#8211; Tap \u201cStore in Warehouse\u201d if you want to wait for more goods. Your order will be listed under &#8220;Stored Orders.&#8221; Later, you can request to consolidate and ship them.<br \/>\n&#8211; Tap \u201cPack &#038; Ship\u201d \u2192 choose delivery address \u2192 enter item name, packing instructions, and shipping method (land, express train, or air freight).  <\/p>\n<p>+ After confirming shipment, you can check order status and tracking in the \u201cOrders\u201d section.<\/p>\n<p>+ Once you receive your goods, please tap \u201cRate Order\u201d to provide service feedback.<\/p>\n<p><img decoding=\"async\" src=\"https:\/\/viettrungcompany.com\/wp-content\/uploads\/2025\/07\/AD_4nXf8laNmRakidbrQd0UvjleZxFD942yitiyquH2wDwyHqsEsAkEnED9AeVf2_Zsku9ZR6QLj8zxsfdm6kbS82aVvifs2cKhHbVgj4xfD0U73g18Njf5nmAjCIRgtKHef8chwnb3BDAkeyYmUo7XIuONvI8NywzfwzaQ.jpg\" alt=\"Rate Order Example - Viet Trung App\" \/>  <\/p>\n<p>Our <strong>VIET TRUNG COMPANY<\/strong> support team is always ready to assist with registration and usage questions.  <\/p>\n<p>Thank you for trusting <strong>VIET TRUNG COMPANY<\/strong>. We hope this app helps you manage your shipments more effectively and meet all your logistics needs.  <\/p>\n<h2><b>Contact Viet Trung Company<\/b><\/h2>\n<p><em>For more information on China\u2013Vietnam shipping, contact us via:<\/em><\/p>\n<p>Email: <a href=\"mailto:viettrungcompany2012@gmail.com\">viettrungcompany2012@gmail.com<\/a><br \/>\nWebsite: <a href=\"http:\/\/www.viettrungcompany.com\/\" target=\"_blank\" rel=\"noopener\">www.viettrungcompany.com<\/a><br \/>\nFacebook: <a href=\"https:\/\/www.facebook.com\/viettrungcompany\" target=\"_blank\" rel=\"noopener\">facebook.com\/viettrungcompany<\/a><br \/>\nYoutube: <a href=\"https:\/\/www.youtube.com\/@viettrungcompany\" target=\"_blank\" rel=\"noopener\">youtube.com\/@viettrungcompany<\/a><br \/>\nTiktok: <a href=\"https:\/\/www.tiktok.com\/@viettrungcompany\" target=\"_blank\" rel=\"noopener\">tiktok.com\/@viettrungcompany<\/a><\/p>\n<p><em>Or visit our offices across Vietnam:<\/em><br \/>\n\u2013 Hanoi Office: No. 189, Quan Hoa Street, Nghia Do Ward, Hanoi. Tel: 0965551166<br \/>\n\u2013 Da Nang Office: 2nd Floor, Savico Building, 66 Vo Van Tan, Thanh Khe District, Da Nang. Tel: 0935131816 \u2013 0967371118<br \/>\n\u2013 Ho Chi Minh City Office: 264-264A Nguyen Thai Binh Street, Ward 7, Tan Binh District, Ho Chi Minh City. Tel: 0935086838 \u2013 0962259911<\/p>\n","protected":false},"excerpt":{"rendered":"<p>Viet Trung Company Order Tracking App The &#8220;Viet Trung Company&#8221; app was developed to help you easily and effectively monitor<\/p>\n","protected":false},"author":1,"featured_media":35424,"parent":38637,"menu_order":0,"comment_status":"closed","ping_status":"closed","template":"","meta":{"footnotes":""},"class_list":["post-38641","page","type-page","status-publish","has-post-thumbnail","hentry"],"yoast_head":"<!-- This site is optimized with the Yoast SEO plugin v27.4 - https:\/\/yoast.com\/product\/yoast-seo-wordpress\/ -->\n<title>Install Order Tracking App - Viet Trung Company<\/title>\n<meta name=\"description\" content=\"\u1ee8ng d\u1ee5ng &quot;Vi\u1ec7t Trung Company&quot; \u0111\u01b0\u1ee3c ch\u00fang t\u00f4i ph\u00e1t tri\u1ec3n \u0111\u1ec3 gi\u00fap b\u1ea1n theo d\u00f5i s\u00e1t sao m\u1ecdi v\u1ea5n \u0111\u1ec1 trong qu\u00e1 tr\u00ecnh v\u1eadn chuy\u1ec3n ki\u1ec7n h\u00e0ng c\u1ee7a m\u00ecnh\" \/>\n<meta name=\"robots\" content=\"index, follow, max-snippet:-1, max-image-preview:large, max-video-preview:-1\" \/>\n<link rel=\"canonical\" href=\"https:\/\/viettrungcompany.com\/huong-dan\/cai-dat-app-theo-doi-don-hang\/\" \/>\n<meta property=\"og:locale\" content=\"en_US\" \/>\n<meta property=\"og:type\" content=\"article\" \/>\n<meta property=\"og:title\" content=\"Install Order Tracking App - Viet Trung Company\" \/>\n<meta property=\"og:description\" content=\"\u1ee8ng d\u1ee5ng &quot;Vi\u1ec7t Trung Company&quot; \u0111\u01b0\u1ee3c ch\u00fang t\u00f4i ph\u00e1t tri\u1ec3n \u0111\u1ec3 gi\u00fap b\u1ea1n theo d\u00f5i s\u00e1t sao m\u1ecdi v\u1ea5n \u0111\u1ec1 trong qu\u00e1 tr\u00ecnh v\u1eadn chuy\u1ec3n ki\u1ec7n h\u00e0ng c\u1ee7a m\u00ecnh\" \/>\n<meta property=\"og:url\" content=\"https:\/\/viettrungcompany.com\/huong-dan\/cai-dat-app-theo-doi-don-hang\/\" \/>\n<meta property=\"og:site_name\" content=\"Viet Trung Company\" \/>\n<meta property=\"article:modified_time\" content=\"2025-08-19T15:11:52+00:00\" \/>\n<meta property=\"og:image\" content=\"https:\/\/viettrungcompany.com\/wp-content\/uploads\/2025\/07\/app-theo-doi-don-hang-viet-trung-company.png\" \/>\n<meta name=\"twitter:card\" content=\"summary_large_image\" \/>\n<meta name=\"twitter:label1\" content=\"Est. reading time\" \/>\n\t<meta name=\"twitter:data1\" content=\"8 minutes\" \/>\n<script type=\"application\/ld+json\" class=\"yoast-schema-graph\">{\"@context\":\"https:\\\/\\\/schema.org\",\"@graph\":[{\"@type\":\"WebPage\",\"@id\":\"https:\\\/\\\/viettrungcompany.com\\\/huong-dan\\\/cai-dat-app-theo-doi-don-hang\\\/\",\"url\":\"https:\\\/\\\/viettrungcompany.com\\\/huong-dan\\\/cai-dat-app-theo-doi-don-hang\\\/\",\"name\":\"Install Order Tracking App - Viet Trung Company\",\"isPartOf\":{\"@id\":\"https:\\\/\\\/viettrungcompany.com\\\/#website\"},\"primaryImageOfPage\":{\"@id\":\"https:\\\/\\\/viettrungcompany.com\\\/huong-dan\\\/cai-dat-app-theo-doi-don-hang\\\/#primaryimage\"},\"image\":{\"@id\":\"https:\\\/\\\/viettrungcompany.com\\\/huong-dan\\\/cai-dat-app-theo-doi-don-hang\\\/#primaryimage\"},\"thumbnailUrl\":\"https:\\\/\\\/viettrungcompany.com\\\/wp-content\\\/uploads\\\/2025\\\/07\\\/app-theo-doi-don-hang-viet-trung-company.png\",\"datePublished\":\"2025-07-20T16:04:50+00:00\",\"dateModified\":\"2025-08-19T15:11:52+00:00\",\"description\":\"\u1ee8ng d\u1ee5ng \\\"Vi\u1ec7t Trung Company\\\" \u0111\u01b0\u1ee3c ch\u00fang t\u00f4i ph\u00e1t tri\u1ec3n \u0111\u1ec3 gi\u00fap b\u1ea1n theo d\u00f5i s\u00e1t sao m\u1ecdi v\u1ea5n \u0111\u1ec1 trong qu\u00e1 tr\u00ecnh v\u1eadn chuy\u1ec3n ki\u1ec7n h\u00e0ng c\u1ee7a m\u00ecnh\",\"breadcrumb\":{\"@id\":\"https:\\\/\\\/viettrungcompany.com\\\/huong-dan\\\/cai-dat-app-theo-doi-don-hang\\\/#breadcrumb\"},\"inLanguage\":\"en-US\",\"potentialAction\":[{\"@type\":\"ReadAction\",\"target\":[\"https:\\\/\\\/viettrungcompany.com\\\/huong-dan\\\/cai-dat-app-theo-doi-don-hang\\\/\"]}]},{\"@type\":\"ImageObject\",\"inLanguage\":\"en-US\",\"@id\":\"https:\\\/\\\/viettrungcompany.com\\\/huong-dan\\\/cai-dat-app-theo-doi-don-hang\\\/#primaryimage\",\"url\":\"https:\\\/\\\/viettrungcompany.com\\\/wp-content\\\/uploads\\\/2025\\\/07\\\/app-theo-doi-don-hang-viet-trung-company.png\",\"contentUrl\":\"https:\\\/\\\/viettrungcompany.com\\\/wp-content\\\/uploads\\\/2025\\\/07\\\/app-theo-doi-don-hang-viet-trung-company.png\",\"width\":940,\"height\":788},{\"@type\":\"BreadcrumbList\",\"@id\":\"https:\\\/\\\/viettrungcompany.com\\\/huong-dan\\\/cai-dat-app-theo-doi-don-hang\\\/#breadcrumb\",\"itemListElement\":[{\"@type\":\"ListItem\",\"position\":1,\"name\":\"Home\",\"item\":\"https:\\\/\\\/viettrungcompany.com\\\/en\\\/\"},{\"@type\":\"ListItem\",\"position\":2,\"name\":\"Guide\",\"item\":\"https:\\\/\\\/viettrungcompany.com\\\/en\\\/guide\\\/\"},{\"@type\":\"ListItem\",\"position\":3,\"name\":\"Install Order Tracking App\"}]},{\"@type\":\"WebSite\",\"@id\":\"https:\\\/\\\/viettrungcompany.com\\\/#website\",\"url\":\"https:\\\/\\\/viettrungcompany.com\\\/\",\"name\":\"Viet Trung Company\",\"description\":\"\",\"potentialAction\":[{\"@type\":\"SearchAction\",\"target\":{\"@type\":\"EntryPoint\",\"urlTemplate\":\"https:\\\/\\\/viettrungcompany.com\\\/?s={search_term_string}\"},\"query-input\":{\"@type\":\"PropertyValueSpecification\",\"valueRequired\":true,\"valueName\":\"search_term_string\"}}],\"inLanguage\":\"en-US\"}]}<\/script>\n<!-- \/ Yoast SEO plugin. -->","yoast_head_json":{"title":"Install Order Tracking App - Viet Trung Company","description":"\u1ee8ng d\u1ee5ng \"Vi\u1ec7t Trung Company\" \u0111\u01b0\u1ee3c ch\u00fang t\u00f4i ph\u00e1t tri\u1ec3n \u0111\u1ec3 gi\u00fap b\u1ea1n theo d\u00f5i s\u00e1t sao m\u1ecdi v\u1ea5n \u0111\u1ec1 trong qu\u00e1 tr\u00ecnh v\u1eadn chuy\u1ec3n ki\u1ec7n h\u00e0ng c\u1ee7a m\u00ecnh","robots":{"index":"index","follow":"follow","max-snippet":"max-snippet:-1","max-image-preview":"max-image-preview:large","max-video-preview":"max-video-preview:-1"},"canonical":"https:\/\/viettrungcompany.com\/huong-dan\/cai-dat-app-theo-doi-don-hang\/","og_locale":"en_US","og_type":"article","og_title":"Install Order Tracking App - Viet Trung Company","og_description":"\u1ee8ng d\u1ee5ng \"Vi\u1ec7t Trung Company\" \u0111\u01b0\u1ee3c ch\u00fang t\u00f4i ph\u00e1t tri\u1ec3n \u0111\u1ec3 gi\u00fap b\u1ea1n theo d\u00f5i s\u00e1t sao m\u1ecdi v\u1ea5n \u0111\u1ec1 trong qu\u00e1 tr\u00ecnh v\u1eadn chuy\u1ec3n ki\u1ec7n h\u00e0ng c\u1ee7a m\u00ecnh","og_url":"https:\/\/viettrungcompany.com\/huong-dan\/cai-dat-app-theo-doi-don-hang\/","og_site_name":"Viet Trung Company","article_modified_time":"2025-08-19T15:11:52+00:00","og_image":[{"url":"https:\/\/viettrungcompany.com\/wp-content\/uploads\/2025\/07\/app-theo-doi-don-hang-viet-trung-company.png","type":"","width":"","height":""}],"twitter_card":"summary_large_image","twitter_misc":{"Est. reading time":"8 minutes"},"schema":{"@context":"https:\/\/schema.org","@graph":[{"@type":"WebPage","@id":"https:\/\/viettrungcompany.com\/huong-dan\/cai-dat-app-theo-doi-don-hang\/","url":"https:\/\/viettrungcompany.com\/huong-dan\/cai-dat-app-theo-doi-don-hang\/","name":"Install Order Tracking App - Viet Trung Company","isPartOf":{"@id":"https:\/\/viettrungcompany.com\/#website"},"primaryImageOfPage":{"@id":"https:\/\/viettrungcompany.com\/huong-dan\/cai-dat-app-theo-doi-don-hang\/#primaryimage"},"image":{"@id":"https:\/\/viettrungcompany.com\/huong-dan\/cai-dat-app-theo-doi-don-hang\/#primaryimage"},"thumbnailUrl":"https:\/\/viettrungcompany.com\/wp-content\/uploads\/2025\/07\/app-theo-doi-don-hang-viet-trung-company.png","datePublished":"2025-07-20T16:04:50+00:00","dateModified":"2025-08-19T15:11:52+00:00","description":"\u1ee8ng d\u1ee5ng \"Vi\u1ec7t Trung Company\" \u0111\u01b0\u1ee3c ch\u00fang t\u00f4i ph\u00e1t tri\u1ec3n \u0111\u1ec3 gi\u00fap b\u1ea1n theo d\u00f5i s\u00e1t sao m\u1ecdi v\u1ea5n \u0111\u1ec1 trong qu\u00e1 tr\u00ecnh v\u1eadn chuy\u1ec3n ki\u1ec7n h\u00e0ng c\u1ee7a m\u00ecnh","breadcrumb":{"@id":"https:\/\/viettrungcompany.com\/huong-dan\/cai-dat-app-theo-doi-don-hang\/#breadcrumb"},"inLanguage":"en-US","potentialAction":[{"@type":"ReadAction","target":["https:\/\/viettrungcompany.com\/huong-dan\/cai-dat-app-theo-doi-don-hang\/"]}]},{"@type":"ImageObject","inLanguage":"en-US","@id":"https:\/\/viettrungcompany.com\/huong-dan\/cai-dat-app-theo-doi-don-hang\/#primaryimage","url":"https:\/\/viettrungcompany.com\/wp-content\/uploads\/2025\/07\/app-theo-doi-don-hang-viet-trung-company.png","contentUrl":"https:\/\/viettrungcompany.com\/wp-content\/uploads\/2025\/07\/app-theo-doi-don-hang-viet-trung-company.png","width":940,"height":788},{"@type":"BreadcrumbList","@id":"https:\/\/viettrungcompany.com\/huong-dan\/cai-dat-app-theo-doi-don-hang\/#breadcrumb","itemListElement":[{"@type":"ListItem","position":1,"name":"Home","item":"https:\/\/viettrungcompany.com\/en\/"},{"@type":"ListItem","position":2,"name":"Guide","item":"https:\/\/viettrungcompany.com\/en\/guide\/"},{"@type":"ListItem","position":3,"name":"Install Order Tracking App"}]},{"@type":"WebSite","@id":"https:\/\/viettrungcompany.com\/#website","url":"https:\/\/viettrungcompany.com\/","name":"Viet Trung Company","description":"","potentialAction":[{"@type":"SearchAction","target":{"@type":"EntryPoint","urlTemplate":"https:\/\/viettrungcompany.com\/?s={search_term_string}"},"query-input":{"@type":"PropertyValueSpecification","valueRequired":true,"valueName":"search_term_string"}}],"inLanguage":"en-US"}]}},"_links":{"self":[{"href":"https:\/\/viettrungcompany.com\/en\/wp-json\/wp\/v2\/pages\/38641","targetHints":{"allow":["GET"]}}],"collection":[{"href":"https:\/\/viettrungcompany.com\/en\/wp-json\/wp\/v2\/pages"}],"about":[{"href":"https:\/\/viettrungcompany.com\/en\/wp-json\/wp\/v2\/types\/page"}],"author":[{"embeddable":true,"href":"https:\/\/viettrungcompany.com\/en\/wp-json\/wp\/v2\/users\/1"}],"replies":[{"embeddable":true,"href":"https:\/\/viettrungcompany.com\/en\/wp-json\/wp\/v2\/comments?post=38641"}],"version-history":[{"count":3,"href":"https:\/\/viettrungcompany.com\/en\/wp-json\/wp\/v2\/pages\/38641\/revisions"}],"predecessor-version":[{"id":39181,"href":"https:\/\/viettrungcompany.com\/en\/wp-json\/wp\/v2\/pages\/38641\/revisions\/39181"}],"up":[{"embeddable":true,"href":"https:\/\/viettrungcompany.com\/en\/wp-json\/wp\/v2\/pages\/38637"}],"wp:featuredmedia":[{"embeddable":true,"href":"https:\/\/viettrungcompany.com\/en\/wp-json\/wp\/v2\/media\/35424"}],"wp:attachment":[{"href":"https:\/\/viettrungcompany.com\/en\/wp-json\/wp\/v2\/media?parent=38641"}],"curies":[{"name":"wp","href":"https:\/\/api.w.org\/{rel}","templated":true}]}}