{"id":38643,"date":"2025-07-20T23:07:55","date_gmt":"2025-07-20T16:07:55","guid":{"rendered":"https:\/\/viettrungcompany.com\/huong-dan\/cai-dat-dia-chi-kho-tren-taobao-1688\/"},"modified":"2025-08-19T22:13:25","modified_gmt":"2025-08-19T15:13:25","slug":"set-up-warehouse-address-on-taobao-and-1688","status":"publish","type":"page","link":"https:\/\/viettrungcompany.com\/en\/guide\/set-up-warehouse-address-on-taobao-and-1688\/","title":{"rendered":"Set Up Warehouse Address on Taobao and 1688"},"content":{"rendered":"<h1><strong>Guide to Setting Up Warehouse Address on Taobao &#038; 1688<\/strong><\/h1>\n<p><strong>Taobao and 1688<\/strong> are e-commerce platforms that only deliver within China. This means that Vietnamese buyers must <strong>set up a warehouse (intermediary) address in China<\/strong> in order to complete their orders and arrange shipping to Vietnam.  <\/p>\n<h2><strong>How to Add a New Warehouse Address on 1688<\/strong><\/h2>\n<h3><strong>Step 1: Log in to your 1688 account<\/strong><\/h3>\n<p>Visit: <a href=\"https:\/\/www.1688.com\/\">https:\/\/www.1688.com<\/a> > Click \u201cLog In\u201d > Enter your registered account details.  <\/p>\n<p><img decoding=\"async\" src=\"https:\/\/viettrungcompany.com\/wp-content\/uploads\/2025\/07\/cai-dat-dia-chi-1688.png\" alt=\"Set warehouse address on 1688\" width=\"940\" \/>  <\/p>\n<h3><strong>Step 2:<\/strong> On the left menu bar: Select &#8220;<strong>\u8ba2\u5355<\/strong>&#8221; (Orders) \u2192 &#8220;<strong>\u6536\u8d27\u5730\u5740\u7ba1\u7406<\/strong>&#8221; (Shipping Address Management)<\/h3>\n<p><img decoding=\"async\" src=\"https:\/\/viettrungcompany.com\/wp-content\/uploads\/2025\/07\/cai-dat-dia-chi-1688-2.png\" alt=\"Shipping address management 1688\" width=\"940\" \/>  <\/p>\n<h3><strong>Step 3: Create a new shipping address on 1688 &#8211; \u6536\u8d27\u5730\u5740\u7ba1\u7406<\/strong><\/h3>\n<p><img decoding=\"async\" src=\"https:\/\/viettrungcompany.com\/wp-content\/uploads\/2025\/07\/cai-dat-dia-chi-1688-3.png\" alt=\"Add warehouse address 1688\" width=\"940\" \/>  <\/p>\n<h3><strong>Step 4: Enter warehouse details<\/strong><\/h3>\n<p><img decoding=\"async\" src=\"https:\/\/viettrungcompany.com\/wp-content\/uploads\/2025\/07\/cai-dat-dia-chi-1688-4.png\" alt=\"Enter warehouse address 1688\" width=\"940\" \/>  <\/p>\n<p>Select &#8220;Add New Address&#8221; (blue button) and fill in all required information:<br \/>\n<strong>&#8211; Recipient Name:<\/strong> Nguyen Ky Anh<br \/>\n<strong>&#8211; Phone Number:<\/strong> 008613710964989<br \/>\n<strong>&#8211; Address:<\/strong> \u5e7f\u5dde\u8d8a\u79c0\u533a\u5927\u6c99\u5934\u8def17 &#8211; 2\u53f7 (17 &#8211; 2 Da Sha Tou Lu, Guangzhou)<br \/>\n<strong>&#8211; Postal Code:<\/strong> 510000  <\/p>\n<h3><strong>Step 5:<\/strong> Save as default address<\/h3>\n<p>Check the box to set as default > Click the blue button to <strong>complete 1688 warehouse address setup<\/strong>.  <\/p>\n<h2><strong>How to Add a New Warehouse Address on Taobao<\/strong><\/h2>\n<p><strong>Step 1:<\/strong> Log in to your Taobao account<br \/>\nVisit: <a href=\"https:\/\/world.taobao.com\/\" target=\"_blank\" rel=\"nofollow noopener\">https:\/\/world.taobao.com\/<\/a> > Click \u201cLog In\u201d > Enter your registered account details.  <\/p>\n<p><img decoding=\"async\" src=\"https:\/\/viettrungcompany.com\/wp-content\/uploads\/2025\/07\/cai-dat-dia-chi-taobao.png\" alt=\"Set warehouse address on Taobao\" width=\"940\" \/>  <\/p>\n<p><strong>Step 2:<\/strong> Go to the shipping address settings on Taobao<br \/>\nClick <strong>\u201c\u6211\u7684\u6536\u8d27\u5730\u5740\u201d<\/strong> (My Shipping Address) to add details. Or translate the page into Vietnamese and select <strong>\u201c\u0110\u1ecba ch\u1ec9 giao h\u00e0ng c\u1ee7a t\u00f4i\u201d (My Shipping Address)<\/strong>.  <\/p>\n<p><img decoding=\"async\" src=\"https:\/\/viettrungcompany.com\/wp-content\/uploads\/2025\/07\/cai-dat-dia-chi-giao-hang-tren-taobao-1.png\" alt=\"Shipping address settings Taobao\" width=\"940\" \/>  <\/p>\n<h3><strong>Step 3: Enter warehouse details<\/strong><\/h3>\n<p><img decoding=\"async\" src=\"https:\/\/viettrungcompany.com\/wp-content\/uploads\/2025\/07\/cai-dat-dia-chi-giao-hang-tren-taobao-2.png\" alt=\"Add warehouse address Taobao\" width=\"940\" \/>  <\/p>\n<p>Fill in the following:<br \/>\n<strong>&#8211; Recipient Name:<\/strong> Nguyen Ky Anh<br \/>\n<strong>&#8211; Phone Number:<\/strong> 008613710964989<br \/>\n<strong>&#8211; Address:<\/strong> \u5e7f\u5dde\u8d8a\u79c0\u533a\u5927\u6c99\u5934\u8def17 &#8211; 2\u53f7 (17 &#8211; 2 Da Sha Tou Lu, Guangzhou)<br \/>\n<strong>&#8211; Postal Code:<\/strong> 510000  <\/p>\n<h3><strong>Step 4: Save as default address<\/strong><\/h3>\n<p>Check the box to set as default > Click the blue button to <strong>complete Taobao warehouse address setup<\/strong>.  <\/p>\n<h2><strong>Why Set Up Viet Trung Company\u2019s Warehouse Address on 1688?<\/strong><\/h2>\n<p>&#8211; Warehouses in Guangzhou &#038; Dongxing help <strong>save domestic delivery costs<\/strong> and ensure faster shipping (3\u20135 days).<br \/>\n&#8211; Large warehouses equipped with cameras and transparent tracking system.<br \/>\n&#8211; Purchase support fee from only 1% \u2013 with price negotiation service.<br \/>\n&#8211; International freight charges from only 8,000 VND\/kg.<br \/>\n&#8211; Online order tracking app available.<br \/>\n&#8211; Support for VAT invoices, customs clearance, and 10x compensation for damages.  <\/p>\n<p>\ud83d\udc49 <a href=\"https:\/\/zalo.me\/197969820382043562\" target=\"_blank\" rel=\"noopener\">Get Free Consultation for Official Import Services<\/a>  <\/p>\n<p><strong>VIET TRUNG COMPANY<\/strong> specializes in services such as ordering from Taobao, 1688, Tmall, Alibaba, hunting discounts from Zara, H&#038;M, Lining\u2026 and shipping goods from China to Vietnam quickly, affordably, and reliably. We continuously improve service quality to become the most trusted logistics provider, delivering real value and complete customer satisfaction.  <\/p>\n<h2><b>Contact Viet Trung Company<\/b><\/h2>\n<p><em>For more details about China\u2013Vietnam shipping, please contact us through the following channels:<\/em>  <\/p>\n<p>Email: <a href=\"mailto:viettrungcompany2012@gmail.com\">viettrungcompany2012@gmail.com<\/a><br \/>\nWebsite: <a href=\"https:\/\/www.viettrungcompany.com\/\" target=\"_blank\" rel=\"noopener\">www.viettrungcompany.com<\/a><br \/>\nFacebook: <a href=\"https:\/\/www.facebook.com\/viettrungcompany\" target=\"_blank\" rel=\"noopener\">facebook.com\/viettrungcompany<\/a><br \/>\nYoutube: <a href=\"https:\/\/www.youtube.com\/@viettrungcompany\" target=\"_blank\" rel=\"noopener\">youtube.com\/@viettrungcompany<\/a><br \/>\nTiktok: <a href=\"https:\/\/www.tiktok.com\/@viettrungcompany\" target=\"_blank\" rel=\"noopener\">tiktok.com\/@viettrungcompany<\/a><\/p>\n<p><em>Or visit our offices across Vietnam:<\/em><br \/>\n\u2013 Hanoi Office: No. 189 Quan Hoa Street, Nghia Do Ward, Hanoi. Tel: 0965551166<br \/>\n\u2013 Da Nang Office: 2nd Floor, Savico Building, 66 Vo Van Tan, Thanh Khe District, Da Nang. Tel: 0935131816 \u2013 0967371118<br \/>\n\u2013 Ho Chi Minh City Office: 264-264A Nguyen Thai Binh Street, Ward 7, Tan Binh District, Ho Chi Minh City. Tel: 0935086838 \u2013 0962259911<\/p>\n","protected":false},"excerpt":{"rendered":"<p>Guide to Setting Up Warehouse Address on Taobao &#038; 1688 Taobao and 1688 are e-commerce platforms that only deliver within<\/p>\n","protected":false},"author":1,"featured_media":0,"parent":38637,"menu_order":0,"comment_status":"closed","ping_status":"closed","template":"","meta":{"footnotes":""},"class_list":["post-38643","page","type-page","status-publish","hentry"],"yoast_head":"<!-- This site is optimized with the Yoast SEO plugin v27.4 - https:\/\/yoast.com\/product\/yoast-seo-wordpress\/ -->\n<title>Set Up Warehouse Address on Taobao and 1688 - Viet Trung Company<\/title>\n<meta name=\"description\" content=\"Taobao, 1688\u00a0l\u00e0 c\u00e1c trang TM\u0110T ch\u1ec9 giao h\u00e0ng n\u1ed9i \u0111\u1ecba Trung Qu\u1ed1c. \u0110i\u1ec1u \u0111\u00f3 \u0111\u00f2i h\u1ecfi ng\u01b0\u1eddi mua Vi\u1ec7t Nam c\u1ea7n ph\u1ea3i\u00a0thi\u1ebft l\u1eadp \u0111\u1ecba ch\u1ec9 nh\u1eadn h\u00e0ng t\u1ea1i Trung Qu\u1ed1c\u00a0(kho trung gian), nh\u1eb1m ho\u00e0n t\u1ea5t qu\u00e1 tr\u00ecnh \u0111\u1eb7t h\u00e0ng v\u00e0 v\u1eadn chuy\u1ec3n v\u1ec1 Vi\u1ec7t Nam.\" \/>\n<meta name=\"robots\" content=\"index, follow, max-snippet:-1, max-image-preview:large, max-video-preview:-1\" \/>\n<link rel=\"canonical\" href=\"https:\/\/viettrungcompany.com\/huong-dan\/cai-dat-dia-chi-kho-tren-taobao-1688\/\" \/>\n<meta property=\"og:locale\" content=\"en_US\" \/>\n<meta property=\"og:type\" content=\"article\" \/>\n<meta property=\"og:title\" content=\"Set Up Warehouse Address on Taobao and 1688 - Viet Trung Company\" \/>\n<meta property=\"og:description\" content=\"Taobao, 1688\u00a0l\u00e0 c\u00e1c trang TM\u0110T ch\u1ec9 giao h\u00e0ng n\u1ed9i \u0111\u1ecba Trung Qu\u1ed1c. \u0110i\u1ec1u \u0111\u00f3 \u0111\u00f2i h\u1ecfi ng\u01b0\u1eddi mua Vi\u1ec7t Nam c\u1ea7n ph\u1ea3i\u00a0thi\u1ebft l\u1eadp \u0111\u1ecba ch\u1ec9 nh\u1eadn h\u00e0ng t\u1ea1i Trung Qu\u1ed1c\u00a0(kho trung gian), nh\u1eb1m ho\u00e0n t\u1ea5t qu\u00e1 tr\u00ecnh \u0111\u1eb7t h\u00e0ng v\u00e0 v\u1eadn chuy\u1ec3n v\u1ec1 Vi\u1ec7t Nam.\" \/>\n<meta property=\"og:url\" content=\"https:\/\/viettrungcompany.com\/huong-dan\/cai-dat-dia-chi-kho-tren-taobao-1688\/\" \/>\n<meta property=\"og:site_name\" content=\"Viet Trung Company\" \/>\n<meta property=\"article:modified_time\" content=\"2025-08-19T15:13:25+00:00\" \/>\n<meta property=\"og:image\" content=\"https:\/\/viettrungcompany.com\/wp-content\/uploads\/2025\/07\/cai-dat-dia-chi-1688.png\" \/>\n<meta name=\"twitter:card\" content=\"summary_large_image\" \/>\n<meta name=\"twitter:label1\" content=\"Est. reading time\" \/>\n\t<meta name=\"twitter:data1\" content=\"5 minutes\" \/>\n<script type=\"application\/ld+json\" class=\"yoast-schema-graph\">{\"@context\":\"https:\\\/\\\/schema.org\",\"@graph\":[{\"@type\":\"WebPage\",\"@id\":\"https:\\\/\\\/viettrungcompany.com\\\/huong-dan\\\/cai-dat-dia-chi-kho-tren-taobao-1688\\\/\",\"url\":\"https:\\\/\\\/viettrungcompany.com\\\/huong-dan\\\/cai-dat-dia-chi-kho-tren-taobao-1688\\\/\",\"name\":\"Set Up Warehouse Address on Taobao and 1688 - Viet Trung Company\",\"isPartOf\":{\"@id\":\"https:\\\/\\\/viettrungcompany.com\\\/#website\"},\"primaryImageOfPage\":{\"@id\":\"https:\\\/\\\/viettrungcompany.com\\\/huong-dan\\\/cai-dat-dia-chi-kho-tren-taobao-1688\\\/#primaryimage\"},\"image\":{\"@id\":\"https:\\\/\\\/viettrungcompany.com\\\/huong-dan\\\/cai-dat-dia-chi-kho-tren-taobao-1688\\\/#primaryimage\"},\"thumbnailUrl\":\"https:\\\/\\\/viettrungcompany.com\\\/wp-content\\\/uploads\\\/2025\\\/07\\\/cai-dat-dia-chi-1688.png\",\"datePublished\":\"2025-07-20T16:07:55+00:00\",\"dateModified\":\"2025-08-19T15:13:25+00:00\",\"description\":\"Taobao, 1688\u00a0l\u00e0 c\u00e1c trang TM\u0110T ch\u1ec9 giao h\u00e0ng n\u1ed9i \u0111\u1ecba Trung Qu\u1ed1c. \u0110i\u1ec1u \u0111\u00f3 \u0111\u00f2i h\u1ecfi ng\u01b0\u1eddi mua Vi\u1ec7t Nam c\u1ea7n ph\u1ea3i\u00a0thi\u1ebft l\u1eadp \u0111\u1ecba ch\u1ec9 nh\u1eadn h\u00e0ng t\u1ea1i Trung Qu\u1ed1c\u00a0(kho trung gian), nh\u1eb1m ho\u00e0n t\u1ea5t qu\u00e1 tr\u00ecnh \u0111\u1eb7t h\u00e0ng v\u00e0 v\u1eadn chuy\u1ec3n v\u1ec1 Vi\u1ec7t Nam.\",\"breadcrumb\":{\"@id\":\"https:\\\/\\\/viettrungcompany.com\\\/huong-dan\\\/cai-dat-dia-chi-kho-tren-taobao-1688\\\/#breadcrumb\"},\"inLanguage\":\"en-US\",\"potentialAction\":[{\"@type\":\"ReadAction\",\"target\":[\"https:\\\/\\\/viettrungcompany.com\\\/huong-dan\\\/cai-dat-dia-chi-kho-tren-taobao-1688\\\/\"]}]},{\"@type\":\"ImageObject\",\"inLanguage\":\"en-US\",\"@id\":\"https:\\\/\\\/viettrungcompany.com\\\/huong-dan\\\/cai-dat-dia-chi-kho-tren-taobao-1688\\\/#primaryimage\",\"url\":\"https:\\\/\\\/viettrungcompany.com\\\/wp-content\\\/uploads\\\/2025\\\/07\\\/cai-dat-dia-chi-1688.png\",\"contentUrl\":\"https:\\\/\\\/viettrungcompany.com\\\/wp-content\\\/uploads\\\/2025\\\/07\\\/cai-dat-dia-chi-1688.png\"},{\"@type\":\"BreadcrumbList\",\"@id\":\"https:\\\/\\\/viettrungcompany.com\\\/huong-dan\\\/cai-dat-dia-chi-kho-tren-taobao-1688\\\/#breadcrumb\",\"itemListElement\":[{\"@type\":\"ListItem\",\"position\":1,\"name\":\"Home\",\"item\":\"https:\\\/\\\/viettrungcompany.com\\\/en\\\/\"},{\"@type\":\"ListItem\",\"position\":2,\"name\":\"Guide\",\"item\":\"https:\\\/\\\/viettrungcompany.com\\\/en\\\/guide\\\/\"},{\"@type\":\"ListItem\",\"position\":3,\"name\":\"Set Up Warehouse Address on Taobao and 1688\"}]},{\"@type\":\"WebSite\",\"@id\":\"https:\\\/\\\/viettrungcompany.com\\\/#website\",\"url\":\"https:\\\/\\\/viettrungcompany.com\\\/\",\"name\":\"Viet Trung Company\",\"description\":\"\",\"potentialAction\":[{\"@type\":\"SearchAction\",\"target\":{\"@type\":\"EntryPoint\",\"urlTemplate\":\"https:\\\/\\\/viettrungcompany.com\\\/?s={search_term_string}\"},\"query-input\":{\"@type\":\"PropertyValueSpecification\",\"valueRequired\":true,\"valueName\":\"search_term_string\"}}],\"inLanguage\":\"en-US\"}]}<\/script>\n<!-- \/ Yoast SEO plugin. -->","yoast_head_json":{"title":"Set Up Warehouse Address on Taobao and 1688 - Viet Trung Company","description":"Taobao, 1688\u00a0l\u00e0 c\u00e1c trang TM\u0110T ch\u1ec9 giao h\u00e0ng n\u1ed9i \u0111\u1ecba Trung Qu\u1ed1c. \u0110i\u1ec1u \u0111\u00f3 \u0111\u00f2i h\u1ecfi ng\u01b0\u1eddi mua Vi\u1ec7t Nam c\u1ea7n ph\u1ea3i\u00a0thi\u1ebft l\u1eadp \u0111\u1ecba ch\u1ec9 nh\u1eadn h\u00e0ng t\u1ea1i Trung Qu\u1ed1c\u00a0(kho trung gian), nh\u1eb1m ho\u00e0n t\u1ea5t qu\u00e1 tr\u00ecnh \u0111\u1eb7t h\u00e0ng v\u00e0 v\u1eadn chuy\u1ec3n v\u1ec1 Vi\u1ec7t Nam.","robots":{"index":"index","follow":"follow","max-snippet":"max-snippet:-1","max-image-preview":"max-image-preview:large","max-video-preview":"max-video-preview:-1"},"canonical":"https:\/\/viettrungcompany.com\/huong-dan\/cai-dat-dia-chi-kho-tren-taobao-1688\/","og_locale":"en_US","og_type":"article","og_title":"Set Up Warehouse Address on Taobao and 1688 - Viet Trung Company","og_description":"Taobao, 1688\u00a0l\u00e0 c\u00e1c trang TM\u0110T ch\u1ec9 giao h\u00e0ng n\u1ed9i \u0111\u1ecba Trung Qu\u1ed1c. \u0110i\u1ec1u \u0111\u00f3 \u0111\u00f2i h\u1ecfi ng\u01b0\u1eddi mua Vi\u1ec7t Nam c\u1ea7n ph\u1ea3i\u00a0thi\u1ebft l\u1eadp \u0111\u1ecba ch\u1ec9 nh\u1eadn h\u00e0ng t\u1ea1i Trung Qu\u1ed1c\u00a0(kho trung gian), nh\u1eb1m ho\u00e0n t\u1ea5t qu\u00e1 tr\u00ecnh \u0111\u1eb7t h\u00e0ng v\u00e0 v\u1eadn chuy\u1ec3n v\u1ec1 Vi\u1ec7t Nam.","og_url":"https:\/\/viettrungcompany.com\/huong-dan\/cai-dat-dia-chi-kho-tren-taobao-1688\/","og_site_name":"Viet Trung Company","article_modified_time":"2025-08-19T15:13:25+00:00","og_image":[{"url":"https:\/\/viettrungcompany.com\/wp-content\/uploads\/2025\/07\/cai-dat-dia-chi-1688.png","type":"","width":"","height":""}],"twitter_card":"summary_large_image","twitter_misc":{"Est. reading time":"5 minutes"},"schema":{"@context":"https:\/\/schema.org","@graph":[{"@type":"WebPage","@id":"https:\/\/viettrungcompany.com\/huong-dan\/cai-dat-dia-chi-kho-tren-taobao-1688\/","url":"https:\/\/viettrungcompany.com\/huong-dan\/cai-dat-dia-chi-kho-tren-taobao-1688\/","name":"Set Up Warehouse Address on Taobao and 1688 - Viet Trung Company","isPartOf":{"@id":"https:\/\/viettrungcompany.com\/#website"},"primaryImageOfPage":{"@id":"https:\/\/viettrungcompany.com\/huong-dan\/cai-dat-dia-chi-kho-tren-taobao-1688\/#primaryimage"},"image":{"@id":"https:\/\/viettrungcompany.com\/huong-dan\/cai-dat-dia-chi-kho-tren-taobao-1688\/#primaryimage"},"thumbnailUrl":"https:\/\/viettrungcompany.com\/wp-content\/uploads\/2025\/07\/cai-dat-dia-chi-1688.png","datePublished":"2025-07-20T16:07:55+00:00","dateModified":"2025-08-19T15:13:25+00:00","description":"Taobao, 1688\u00a0l\u00e0 c\u00e1c trang TM\u0110T ch\u1ec9 giao h\u00e0ng n\u1ed9i \u0111\u1ecba Trung Qu\u1ed1c. \u0110i\u1ec1u \u0111\u00f3 \u0111\u00f2i h\u1ecfi ng\u01b0\u1eddi mua Vi\u1ec7t Nam c\u1ea7n ph\u1ea3i\u00a0thi\u1ebft l\u1eadp \u0111\u1ecba ch\u1ec9 nh\u1eadn h\u00e0ng t\u1ea1i Trung Qu\u1ed1c\u00a0(kho trung gian), nh\u1eb1m ho\u00e0n t\u1ea5t qu\u00e1 tr\u00ecnh \u0111\u1eb7t h\u00e0ng v\u00e0 v\u1eadn chuy\u1ec3n v\u1ec1 Vi\u1ec7t Nam.","breadcrumb":{"@id":"https:\/\/viettrungcompany.com\/huong-dan\/cai-dat-dia-chi-kho-tren-taobao-1688\/#breadcrumb"},"inLanguage":"en-US","potentialAction":[{"@type":"ReadAction","target":["https:\/\/viettrungcompany.com\/huong-dan\/cai-dat-dia-chi-kho-tren-taobao-1688\/"]}]},{"@type":"ImageObject","inLanguage":"en-US","@id":"https:\/\/viettrungcompany.com\/huong-dan\/cai-dat-dia-chi-kho-tren-taobao-1688\/#primaryimage","url":"https:\/\/viettrungcompany.com\/wp-content\/uploads\/2025\/07\/cai-dat-dia-chi-1688.png","contentUrl":"https:\/\/viettrungcompany.com\/wp-content\/uploads\/2025\/07\/cai-dat-dia-chi-1688.png"},{"@type":"BreadcrumbList","@id":"https:\/\/viettrungcompany.com\/huong-dan\/cai-dat-dia-chi-kho-tren-taobao-1688\/#breadcrumb","itemListElement":[{"@type":"ListItem","position":1,"name":"Home","item":"https:\/\/viettrungcompany.com\/en\/"},{"@type":"ListItem","position":2,"name":"Guide","item":"https:\/\/viettrungcompany.com\/en\/guide\/"},{"@type":"ListItem","position":3,"name":"Set Up Warehouse Address on Taobao and 1688"}]},{"@type":"WebSite","@id":"https:\/\/viettrungcompany.com\/#website","url":"https:\/\/viettrungcompany.com\/","name":"Viet Trung Company","description":"","potentialAction":[{"@type":"SearchAction","target":{"@type":"EntryPoint","urlTemplate":"https:\/\/viettrungcompany.com\/?s={search_term_string}"},"query-input":{"@type":"PropertyValueSpecification","valueRequired":true,"valueName":"search_term_string"}}],"inLanguage":"en-US"}]}},"_links":{"self":[{"href":"https:\/\/viettrungcompany.com\/en\/wp-json\/wp\/v2\/pages\/38643","targetHints":{"allow":["GET"]}}],"collection":[{"href":"https:\/\/viettrungcompany.com\/en\/wp-json\/wp\/v2\/pages"}],"about":[{"href":"https:\/\/viettrungcompany.com\/en\/wp-json\/wp\/v2\/types\/page"}],"author":[{"embeddable":true,"href":"https:\/\/viettrungcompany.com\/en\/wp-json\/wp\/v2\/users\/1"}],"replies":[{"embeddable":true,"href":"https:\/\/viettrungcompany.com\/en\/wp-json\/wp\/v2\/comments?post=38643"}],"version-history":[{"count":3,"href":"https:\/\/viettrungcompany.com\/en\/wp-json\/wp\/v2\/pages\/38643\/revisions"}],"predecessor-version":[{"id":39184,"href":"https:\/\/viettrungcompany.com\/en\/wp-json\/wp\/v2\/pages\/38643\/revisions\/39184"}],"up":[{"embeddable":true,"href":"https:\/\/viettrungcompany.com\/en\/wp-json\/wp\/v2\/pages\/38637"}],"wp:attachment":[{"href":"https:\/\/viettrungcompany.com\/en\/wp-json\/wp\/v2\/media?parent=38643"}],"curies":[{"name":"wp","href":"https:\/\/api.w.org\/{rel}","templated":true}]}}