{"id":38649,"date":"2025-07-20T23:06:31","date_gmt":"2025-07-20T16:06:31","guid":{"rendered":"https:\/\/viettrungcompany.com\/huong-dan\/thanh-toan-cho-viet-trung-company\/"},"modified":"2025-08-19T22:19:32","modified_gmt":"2025-08-19T15:19:32","slug":"payment-to-viet-trung-company","status":"publish","type":"page","link":"https:\/\/viettrungcompany.com\/en\/guide\/payment-to-viet-trung-company\/","title":{"rendered":"Payment to Viet Trung Company"},"content":{"rendered":"<h1 style=\"text-align: center;\"><strong>Payment Instructions for Viet Trung Company<\/strong><\/h1>\n<p>To ensure a transparent, compliant, and convenient transaction process, <strong>Viet Trung Company<\/strong> provides complete payment information so customers can easily follow and make transactions with the correct business and branch.  <\/p>\n<h2><strong>Detailed Invoice Information<\/strong><\/h2>\n<h3><strong>1. VIET TRUNG TRADE PROMOTION CO., LTD (MTV)<\/strong><\/h3>\n<p><strong>Tax Code:<\/strong> 3301458511  <\/p>\n<p><strong>Address:<\/strong> 2nd Floor, Savico Building, No. 66 Vo Van Tan, Thanh Khe Ward, Da Nang City, Vietnam.  <\/p>\n<p><strong>Director:<\/strong> Nguyen Huyen Anh  <\/p>\n<p><strong>Bank Account:<\/strong> 19030965044016 &#8211; Techcombank, Nguyen Huu Tho Branch, Da Nang  <\/p>\n<p><strong>Email for invoices:<\/strong> ketoan@viettrungcompany.com  <\/p>\n<h3><strong>2. HUYNH TRAN NGUYEN CO., LTD<\/strong><\/h3>\n<p><strong>Tax Code:<\/strong> 0315751874  <\/p>\n<p><strong>Address:<\/strong> 264-264A Nguyen Thai Binh, Ben Thanh Ward, Ho Chi Minh City  <\/p>\n<p><strong>Director:<\/strong> Nguyen Thi Kim Anh  <\/p>\n<p><strong>Bank Account:<\/strong> 0721000655851 &#8211; Vietcombank, Ho Chi Minh Branch  <\/p>\n<p><strong>Email for invoices:<\/strong> ketoan@viettrungcompany.com  <\/p>\n<h2><strong>Representative Offices in the South &#038; North<\/strong><\/h2>\n<h3><strong>1. SOUTHERN REPRESENTATIVE OFFICE &#8211; VIET TRUNG TRADE PROMOTION CO., LTD (MTV)<\/strong><\/h3>\n<p><strong>Tax Code:<\/strong> 3301458511-002  <\/p>\n<p><strong>Address:<\/strong> 264-264A Nguyen Thai Binh, Ben Thanh Ward, Ho Chi Minh City  <\/p>\n<h3><strong>2. NORTHERN REPRESENTATIVE OFFICE &#8211; VIET TRUNG TRADE PROMOTION CO., LTD (MTV)<\/strong><\/h3>\n<p><strong>Tax Code:<\/strong> 3301458511-003  <\/p>\n<p><strong>Address:<\/strong> No. 6, Alley 99, Le Hong Phong Street, Ba Dinh Ward, Hanoi City  <\/p>\n<h2><strong>Notes When Making Payments to Viet Trung Company<\/strong><\/h2>\n<p>Always verify the <strong>bank account number, company name, tax code, and bank branch<\/strong> before making a transaction.  <\/p>\n<p>Always include <strong>payment details<\/strong>, contract\/order number.  <\/p>\n<p>After transferring, please send the payment proof to <strong>ketoan@viettrungcompany.com<\/strong>.  <\/p>\n<h2><strong>Commitment from Viet Trung Company<\/strong><\/h2>\n<p><strong>Viet Trung Company<\/strong> is committed to transparency and clarity in every transaction. All payment information is strictly confidential and used solely for the purpose of placing orders and completing payments according to proper procedures.<\/p>\n","protected":false},"excerpt":{"rendered":"<p>Payment Instructions for Viet Trung Company To ensure a transparent, compliant, and convenient transaction process, Viet Trung Company provides complete<\/p>\n","protected":false},"author":1,"featured_media":0,"parent":38637,"menu_order":0,"comment_status":"closed","ping_status":"closed","template":"","meta":{"footnotes":""},"class_list":["post-38649","page","type-page","status-publish","hentry"],"yoast_head":"<!-- This site is optimized with the Yoast SEO plugin v27.4 - https:\/\/yoast.com\/product\/yoast-seo-wordpress\/ -->\n<title>Payment to Viet Trung Company - Viet Trung Company<\/title>\n<meta name=\"description\" content=\"\u0110\u1ec3 \u0111\u1ea3m b\u1ea3o quy tr\u00ecnh giao d\u1ecbch minh b\u1ea1ch, \u0111\u00fang quy \u0111\u1ecbnh v\u00e0 ti\u1ec7n l\u1ee3i,\u00a0Vi\u1ec7t Trung Company\u00a0cung c\u1ea5p \u0111\u1ea7y \u0111\u1ee7 th\u00f4ng tin thanh to\u00e1n cho kh\u00e1ch h\u00e0ng d\u1ec5 theo d\u00f5i, th\u1ef1c hi\u1ec7n giao d\u1ecbch \u0111\u00fang doanh nghi\u1ec7p, \u0111\u00fang chi nh\u00e1nh.\" \/>\n<meta name=\"robots\" content=\"index, follow, max-snippet:-1, max-image-preview:large, max-video-preview:-1\" \/>\n<link rel=\"canonical\" href=\"https:\/\/viettrungcompany.com\/huong-dan\/thanh-toan-cho-viet-trung-company\/\" \/>\n<meta property=\"og:locale\" content=\"en_US\" \/>\n<meta property=\"og:type\" content=\"article\" \/>\n<meta property=\"og:title\" content=\"Payment to Viet Trung Company - Viet Trung Company\" \/>\n<meta property=\"og:description\" content=\"\u0110\u1ec3 \u0111\u1ea3m b\u1ea3o quy tr\u00ecnh giao d\u1ecbch minh b\u1ea1ch, \u0111\u00fang quy \u0111\u1ecbnh v\u00e0 ti\u1ec7n l\u1ee3i,\u00a0Vi\u1ec7t Trung Company\u00a0cung c\u1ea5p \u0111\u1ea7y \u0111\u1ee7 th\u00f4ng tin thanh to\u00e1n cho kh\u00e1ch h\u00e0ng d\u1ec5 theo d\u00f5i, th\u1ef1c hi\u1ec7n giao d\u1ecbch \u0111\u00fang doanh nghi\u1ec7p, \u0111\u00fang chi nh\u00e1nh.\" \/>\n<meta property=\"og:url\" content=\"https:\/\/viettrungcompany.com\/huong-dan\/thanh-toan-cho-viet-trung-company\/\" \/>\n<meta property=\"og:site_name\" content=\"Viet Trung Company\" \/>\n<meta property=\"article:modified_time\" content=\"2025-08-19T15:19:32+00:00\" \/>\n<meta name=\"twitter:card\" content=\"summary_large_image\" \/>\n<meta name=\"twitter:label1\" content=\"Est. reading time\" \/>\n\t<meta name=\"twitter:data1\" content=\"2 minutes\" \/>\n<script type=\"application\/ld+json\" class=\"yoast-schema-graph\">{\"@context\":\"https:\\\/\\\/schema.org\",\"@graph\":[{\"@type\":\"WebPage\",\"@id\":\"https:\\\/\\\/viettrungcompany.com\\\/huong-dan\\\/thanh-toan-cho-viet-trung-company\\\/\",\"url\":\"https:\\\/\\\/viettrungcompany.com\\\/huong-dan\\\/thanh-toan-cho-viet-trung-company\\\/\",\"name\":\"Payment to Viet Trung Company - Viet Trung Company\",\"isPartOf\":{\"@id\":\"https:\\\/\\\/viettrungcompany.com\\\/#website\"},\"datePublished\":\"2025-07-20T16:06:31+00:00\",\"dateModified\":\"2025-08-19T15:19:32+00:00\",\"description\":\"\u0110\u1ec3 \u0111\u1ea3m b\u1ea3o quy tr\u00ecnh giao d\u1ecbch minh b\u1ea1ch, \u0111\u00fang quy \u0111\u1ecbnh v\u00e0 ti\u1ec7n l\u1ee3i,\u00a0Vi\u1ec7t Trung Company\u00a0cung c\u1ea5p \u0111\u1ea7y \u0111\u1ee7 th\u00f4ng tin thanh to\u00e1n cho kh\u00e1ch h\u00e0ng d\u1ec5 theo d\u00f5i, th\u1ef1c hi\u1ec7n giao d\u1ecbch \u0111\u00fang doanh nghi\u1ec7p, \u0111\u00fang chi nh\u00e1nh.\",\"breadcrumb\":{\"@id\":\"https:\\\/\\\/viettrungcompany.com\\\/huong-dan\\\/thanh-toan-cho-viet-trung-company\\\/#breadcrumb\"},\"inLanguage\":\"en-US\",\"potentialAction\":[{\"@type\":\"ReadAction\",\"target\":[\"https:\\\/\\\/viettrungcompany.com\\\/huong-dan\\\/thanh-toan-cho-viet-trung-company\\\/\"]}]},{\"@type\":\"BreadcrumbList\",\"@id\":\"https:\\\/\\\/viettrungcompany.com\\\/huong-dan\\\/thanh-toan-cho-viet-trung-company\\\/#breadcrumb\",\"itemListElement\":[{\"@type\":\"ListItem\",\"position\":1,\"name\":\"Home\",\"item\":\"https:\\\/\\\/viettrungcompany.com\\\/en\\\/\"},{\"@type\":\"ListItem\",\"position\":2,\"name\":\"Guide\",\"item\":\"https:\\\/\\\/viettrungcompany.com\\\/en\\\/guide\\\/\"},{\"@type\":\"ListItem\",\"position\":3,\"name\":\"Payment to Viet Trung Company\"}]},{\"@type\":\"WebSite\",\"@id\":\"https:\\\/\\\/viettrungcompany.com\\\/#website\",\"url\":\"https:\\\/\\\/viettrungcompany.com\\\/\",\"name\":\"Viet Trung Company\",\"description\":\"\",\"potentialAction\":[{\"@type\":\"SearchAction\",\"target\":{\"@type\":\"EntryPoint\",\"urlTemplate\":\"https:\\\/\\\/viettrungcompany.com\\\/?s={search_term_string}\"},\"query-input\":{\"@type\":\"PropertyValueSpecification\",\"valueRequired\":true,\"valueName\":\"search_term_string\"}}],\"inLanguage\":\"en-US\"}]}<\/script>\n<!-- \/ Yoast SEO plugin. -->","yoast_head_json":{"title":"Payment to Viet Trung Company - Viet Trung Company","description":"\u0110\u1ec3 \u0111\u1ea3m b\u1ea3o quy tr\u00ecnh giao d\u1ecbch minh b\u1ea1ch, \u0111\u00fang quy \u0111\u1ecbnh v\u00e0 ti\u1ec7n l\u1ee3i,\u00a0Vi\u1ec7t Trung Company\u00a0cung c\u1ea5p \u0111\u1ea7y \u0111\u1ee7 th\u00f4ng tin thanh to\u00e1n cho kh\u00e1ch h\u00e0ng d\u1ec5 theo d\u00f5i, th\u1ef1c hi\u1ec7n giao d\u1ecbch \u0111\u00fang doanh nghi\u1ec7p, \u0111\u00fang chi nh\u00e1nh.","robots":{"index":"index","follow":"follow","max-snippet":"max-snippet:-1","max-image-preview":"max-image-preview:large","max-video-preview":"max-video-preview:-1"},"canonical":"https:\/\/viettrungcompany.com\/huong-dan\/thanh-toan-cho-viet-trung-company\/","og_locale":"en_US","og_type":"article","og_title":"Payment to Viet Trung Company - Viet Trung Company","og_description":"\u0110\u1ec3 \u0111\u1ea3m b\u1ea3o quy tr\u00ecnh giao d\u1ecbch minh b\u1ea1ch, \u0111\u00fang quy \u0111\u1ecbnh v\u00e0 ti\u1ec7n l\u1ee3i,\u00a0Vi\u1ec7t Trung Company\u00a0cung c\u1ea5p \u0111\u1ea7y \u0111\u1ee7 th\u00f4ng tin thanh to\u00e1n cho kh\u00e1ch h\u00e0ng d\u1ec5 theo d\u00f5i, th\u1ef1c hi\u1ec7n giao d\u1ecbch \u0111\u00fang doanh nghi\u1ec7p, \u0111\u00fang chi nh\u00e1nh.","og_url":"https:\/\/viettrungcompany.com\/huong-dan\/thanh-toan-cho-viet-trung-company\/","og_site_name":"Viet Trung Company","article_modified_time":"2025-08-19T15:19:32+00:00","twitter_card":"summary_large_image","twitter_misc":{"Est. reading time":"2 minutes"},"schema":{"@context":"https:\/\/schema.org","@graph":[{"@type":"WebPage","@id":"https:\/\/viettrungcompany.com\/huong-dan\/thanh-toan-cho-viet-trung-company\/","url":"https:\/\/viettrungcompany.com\/huong-dan\/thanh-toan-cho-viet-trung-company\/","name":"Payment to Viet Trung Company - Viet Trung Company","isPartOf":{"@id":"https:\/\/viettrungcompany.com\/#website"},"datePublished":"2025-07-20T16:06:31+00:00","dateModified":"2025-08-19T15:19:32+00:00","description":"\u0110\u1ec3 \u0111\u1ea3m b\u1ea3o quy tr\u00ecnh giao d\u1ecbch minh b\u1ea1ch, \u0111\u00fang quy \u0111\u1ecbnh v\u00e0 ti\u1ec7n l\u1ee3i,\u00a0Vi\u1ec7t Trung Company\u00a0cung c\u1ea5p \u0111\u1ea7y \u0111\u1ee7 th\u00f4ng tin thanh to\u00e1n cho kh\u00e1ch h\u00e0ng d\u1ec5 theo d\u00f5i, th\u1ef1c hi\u1ec7n giao d\u1ecbch \u0111\u00fang doanh nghi\u1ec7p, \u0111\u00fang chi nh\u00e1nh.","breadcrumb":{"@id":"https:\/\/viettrungcompany.com\/huong-dan\/thanh-toan-cho-viet-trung-company\/#breadcrumb"},"inLanguage":"en-US","potentialAction":[{"@type":"ReadAction","target":["https:\/\/viettrungcompany.com\/huong-dan\/thanh-toan-cho-viet-trung-company\/"]}]},{"@type":"BreadcrumbList","@id":"https:\/\/viettrungcompany.com\/huong-dan\/thanh-toan-cho-viet-trung-company\/#breadcrumb","itemListElement":[{"@type":"ListItem","position":1,"name":"Home","item":"https:\/\/viettrungcompany.com\/en\/"},{"@type":"ListItem","position":2,"name":"Guide","item":"https:\/\/viettrungcompany.com\/en\/guide\/"},{"@type":"ListItem","position":3,"name":"Payment to Viet Trung Company"}]},{"@type":"WebSite","@id":"https:\/\/viettrungcompany.com\/#website","url":"https:\/\/viettrungcompany.com\/","name":"Viet Trung Company","description":"","potentialAction":[{"@type":"SearchAction","target":{"@type":"EntryPoint","urlTemplate":"https:\/\/viettrungcompany.com\/?s={search_term_string}"},"query-input":{"@type":"PropertyValueSpecification","valueRequired":true,"valueName":"search_term_string"}}],"inLanguage":"en-US"}]}},"_links":{"self":[{"href":"https:\/\/viettrungcompany.com\/en\/wp-json\/wp\/v2\/pages\/38649","targetHints":{"allow":["GET"]}}],"collection":[{"href":"https:\/\/viettrungcompany.com\/en\/wp-json\/wp\/v2\/pages"}],"about":[{"href":"https:\/\/viettrungcompany.com\/en\/wp-json\/wp\/v2\/types\/page"}],"author":[{"embeddable":true,"href":"https:\/\/viettrungcompany.com\/en\/wp-json\/wp\/v2\/users\/1"}],"replies":[{"embeddable":true,"href":"https:\/\/viettrungcompany.com\/en\/wp-json\/wp\/v2\/comments?post=38649"}],"version-history":[{"count":1,"href":"https:\/\/viettrungcompany.com\/en\/wp-json\/wp\/v2\/pages\/38649\/revisions"}],"predecessor-version":[{"id":39191,"href":"https:\/\/viettrungcompany.com\/en\/wp-json\/wp\/v2\/pages\/38649\/revisions\/39191"}],"up":[{"embeddable":true,"href":"https:\/\/viettrungcompany.com\/en\/wp-json\/wp\/v2\/pages\/38637"}],"wp:attachment":[{"href":"https:\/\/viettrungcompany.com\/en\/wp-json\/wp\/v2\/media?parent=38649"}],"curies":[{"name":"wp","href":"https:\/\/api.w.org\/{rel}","templated":true}]}}