{"id":38660,"date":"2025-08-19T09:43:57","date_gmt":"2025-08-19T02:43:57","guid":{"rendered":"https:\/\/viettrungcompany.com\/other-services\/xuc-tien-thuong-mai\/"},"modified":"2025-08-19T21:47:10","modified_gmt":"2025-08-19T14:47:10","slug":"commercial-promotion","status":"publish","type":"page","link":"https:\/\/viettrungcompany.com\/en\/other-services\/commercial-promotion\/","title":{"rendered":"Commercial Promotion"},"content":{"rendered":"<h1 style=\"text-align: center;\" data-start=\"558\" data-end=\"624\">Professional Trade Promotion Services at Viet Trung Company<\/h1>\n<p><img loading=\"lazy\" decoding=\"async\" class=\"aligncenter wp-image-38670 size-full\" title=\"Professional Trade Promotion Services at Viet Trung Company\" src=\"https:\/\/viettrungcompany.com\/wp-content\/themes\/woodmart\/images\/lazy.svg\" data-src=\"https:\/\/viettrungcompany.com\/wp-content\/uploads\/2025\/08\/dich-vu-xuc-tien-thuong-mai-viet-trung-company.png\" alt=\"Professional Trade Promotion Services at Viet Trung Company\" width=\"940\" height=\"788\" srcset=\"\" data-srcset=\"https:\/\/viettrungcompany.com\/wp-content\/uploads\/2025\/08\/dich-vu-xuc-tien-thuong-mai-viet-trung-company.png 940w, https:\/\/viettrungcompany.com\/wp-content\/uploads\/2025\/08\/dich-vu-xuc-tien-thuong-mai-viet-trung-company-358x300.png 358w, https:\/\/viettrungcompany.com\/wp-content\/uploads\/2025\/08\/dich-vu-xuc-tien-thuong-mai-viet-trung-company-768x644.png 768w\" sizes=\"auto, (max-width: 940px) 100vw, 940px\" \/><\/p>\n<h2 data-start=\"914\" data-end=\"943\">What is Trade Promotion?<\/h2>\n<p data-start=\"945\" data-end=\"1156\">Trade promotion is a <strong data-start=\"968\" data-end=\"1042\">set of activities aimed at fostering opportunities to buy and sell goods and services<\/strong>, bringing products\/services closer to customers, while expanding markets and enhancing competitiveness.<\/p>\n<p data-start=\"1158\" data-end=\"1237\">In the field of import-export and logistics, trade promotion plays the role of:<\/p>\n<ul data-start=\"1238\" data-end=\"1476\">\n<li data-start=\"1238\" data-end=\"1299\">\n<p data-start=\"1240\" data-end=\"1299\"><strong data-start=\"1240\" data-end=\"1270\">Boosting product consumption<\/strong> and expanding distribution channels.<\/p>\n<\/li>\n<li data-start=\"1300\" data-end=\"1389\">\n<p data-start=\"1302\" data-end=\"1389\"><strong data-start=\"1302\" data-end=\"1332\">Strengthening partner connections<\/strong> between domestic enterprises and international suppliers.<\/p>\n<\/li>\n<li data-start=\"1390\" data-end=\"1476\">\n<p data-start=\"1392\" data-end=\"1476\"><strong data-start=\"1392\" data-end=\"1424\">Reducing trade risks<\/strong> thanks to support in information, legal, and logistics aspects.<\/p>\n<\/li>\n<\/ul>\n<h2 data-start=\"1483\" data-end=\"1528\">Popular Trade Promotion Activities<\/h2>\n<p data-start=\"1530\" data-end=\"1664\">In practice, trade promotion can be implemented in many forms. Below are the <strong data-start=\"1624\" data-end=\"1661\">most common and effective activities<\/strong>:<\/p>\n<h3 data-start=\"1666\" data-end=\"1713\">1. Participating in Trade Fairs and Exhibitions<\/h3>\n<ul data-start=\"1714\" data-end=\"1988\">\n<li data-start=\"1714\" data-end=\"1793\">\n<p data-start=\"1716\" data-end=\"1793\">Showcasing products and introducing services to potential customers and partners.<\/p>\n<\/li>\n<li data-start=\"1794\" data-end=\"1902\">\n<p data-start=\"1796\" data-end=\"1902\">Businesses have the chance to <strong data-start=\"1819\" data-end=\"1899\">meet suppliers directly, negotiate prices, and sign contracts on-site<\/strong>.<\/p>\n<\/li>\n<li data-start=\"1903\" data-end=\"1988\">\n<p data-start=\"1905\" data-end=\"1988\">Examples: Canton Fair (Guangzhou), home appliance fairs, fashion fairs.<\/p>\n<\/li>\n<\/ul>\n<p><img loading=\"lazy\" decoding=\"async\" class=\"aligncenter size-full wp-image-38673\" src=\"https:\/\/viettrungcompany.com\/wp-content\/themes\/woodmart\/images\/lazy.svg\" data-src=\"https:\/\/viettrungcompany.com\/wp-content\/uploads\/2025\/08\/hoi-cho-canton-fair.jpg\" alt=\"Trade Promotion at Canton Fair\" width=\"940\" height=\"788\" srcset=\"\" data-srcset=\"https:\/\/viettrungcompany.com\/wp-content\/uploads\/2025\/08\/hoi-cho-canton-fair.jpg 940w, https:\/\/viettrungcompany.com\/wp-content\/uploads\/2025\/08\/hoi-cho-canton-fair-358x300.jpg 358w, https:\/\/viettrungcompany.com\/wp-content\/uploads\/2025\/08\/hoi-cho-canton-fair-768x644.jpg 768w\" sizes=\"auto, (max-width: 940px) 100vw, 940px\" \/><\/p>\n<h3 data-start=\"1990\" data-end=\"2046\">2. Organizing Business Conferences and Seminars<\/h3>\n<ul data-start=\"2047\" data-end=\"2230\">\n<li data-start=\"2047\" data-end=\"2115\">\n<p data-start=\"2049\" data-end=\"2115\">A place for <strong data-start=\"2056\" data-end=\"2112\">networking, experience sharing, and business collaboration<\/strong>.<\/p>\n<\/li>\n<li data-start=\"2116\" data-end=\"2230\">\n<p data-start=\"2118\" data-end=\"2230\">Industry seminars help businesses <strong data-start=\"2167\" data-end=\"2227\">grasp market trends and new trade policies<\/strong>.<\/p>\n<\/li>\n<\/ul>\n<h3 data-start=\"2232\" data-end=\"2276\">3. Building and Connecting Partner Networks<\/h3>\n<ul data-start=\"2277\" data-end=\"2519\">\n<li data-start=\"2277\" data-end=\"2403\">\n<p data-start=\"2279\" data-end=\"2403\">Logistics companies act as intermediaries, <strong data-start=\"2327\" data-end=\"2376\">introducing reputable Chinese suppliers<\/strong> to Vietnamese customers.<\/p>\n<\/li>\n<li data-start=\"2404\" data-end=\"2519\">\n<p data-start=\"2406\" data-end=\"2519\">Helps businesses <strong data-start=\"2424\" data-end=\"2467\">save time in sourcing<\/strong> and minimize risks of unreliable partners.<\/p>\n<\/li>\n<\/ul>\n<h3 data-start=\"2521\" data-end=\"2566\">4. Trade Marketing and Communication<\/h3>\n<ul data-start=\"2567\" data-end=\"2719\">\n<li data-start=\"2567\" data-end=\"2629\">\n<p data-start=\"2569\" data-end=\"2629\">Through websites, social media, online advertising, SEO, etc.<\/p>\n<\/li>\n<li data-start=\"2630\" data-end=\"2719\">\n<p data-start=\"2632\" data-end=\"2719\">Helps brands <strong data-start=\"2649\" data-end=\"2678\">increase awareness<\/strong> and build credibility with customers.<\/p>\n<\/li>\n<\/ul>\n<h3 data-start=\"2721\" data-end=\"2766\">5. Legal and Trade Procedure Support<\/h3>\n<ul data-start=\"2767\" data-end=\"2919\">\n<li data-start=\"2767\" data-end=\"2836\">\n<p data-start=\"2769\" data-end=\"2836\">Including customs consulting, import taxes, export-import documentation.<\/p>\n<\/li>\n<li data-start=\"2837\" data-end=\"2919\">\n<p data-start=\"2839\" data-end=\"2919\">Ensures businesses <strong data-start=\"2860\" data-end=\"2916\">conduct legal, safe, and fast transactions<\/strong>.<\/p>\n<\/li>\n<\/ul>\n<h3 data-start=\"2921\" data-end=\"2967\">6. Providing Comprehensive Logistics Solutions<\/h3>\n<ul data-start=\"2968\" data-end=\"3201\">\n<li data-start=\"2968\" data-end=\"3087\">\n<p data-start=\"2970\" data-end=\"3087\">Beyond trade connections, we also <strong data-start=\"3019\" data-end=\"3084\">support transportation, warehousing, inspection, and door-to-door delivery<\/strong>.<\/p>\n<\/li>\n<li data-start=\"3088\" data-end=\"3201\">\n<p data-start=\"3090\" data-end=\"3201\">This is the key difference that makes trade promotion truly effective, rather than just \u201cintroducing connections.\u201d<\/p>\n<\/li>\n<\/ul>\n<h2 data-start=\"3208\" data-end=\"3261\">Trade Promotion Services at Viet Trung Company<\/h2>\n<p data-start=\"3263\" data-end=\"3456\">As a logistics company with years of experience in the China\u2013Vietnam market, Viet Trung Company provides trade promotion services with <strong data-start=\"3403\" data-end=\"3453\">comprehensive, practical, and reliable solutions<\/strong>.<\/p>\n","protected":false},"excerpt":{"rendered":"<p>Professional Trade Promotion Services at Viet Trung Company What is Trade Promotion? Trade promotion is a set of activities aimed<\/p>\n","protected":false},"author":1,"featured_media":0,"parent":37045,"menu_order":0,"comment_status":"closed","ping_status":"closed","template":"","meta":{"footnotes":""},"class_list":["post-38660","page","type-page","status-publish","hentry"],"yoast_head":"<!-- This site is optimized with the Yoast SEO plugin v27.4 - https:\/\/yoast.com\/product\/yoast-seo-wordpress\/ -->\n<title>Commercial Promotion - Viet Trung Company<\/title>\n<meta name=\"description\" content=\"D\u1ecbch v\u1ee5 x\u00fac ti\u1ebfn th\u01b0\u01a1ng m\u1ea1i c\u1ee7a Vi\u1ec7t Trung Company gi\u00fap doanh nghi\u1ec7p Vi\u1ec7t ti\u1ebfp c\u1eadn th\u1ecb tr\u01b0\u1eddng Trung Qu\u1ed1c hi\u1ec7u qu\u1ea3: tham gia h\u1ed9i ch\u1ee3, k\u1ebft n\u1ed1i nh\u00e0 cung c\u1ea5p, phi\u00ean d\u1ecbch \u2013 \u0111\u00e0m ph\u00e1n, t\u01b0 v\u1ea5n h\u1ea3i quan v\u00e0 logistics tr\u1ecdn g\u00f3i. Gi\u1ea3i ph\u00e1p t\u1ed1i \u01b0u, uy t\u00edn, chuy\u00ean nghi\u1ec7p.\" \/>\n<meta name=\"robots\" content=\"index, follow, max-snippet:-1, max-image-preview:large, max-video-preview:-1\" \/>\n<link rel=\"canonical\" href=\"https:\/\/viettrungcompany.com\/dich-vu-khac-3\/xuc-tien-thuong-mai\/\" \/>\n<meta property=\"og:locale\" content=\"en_US\" \/>\n<meta property=\"og:type\" content=\"article\" \/>\n<meta property=\"og:title\" content=\"Commercial Promotion - Viet Trung Company\" \/>\n<meta property=\"og:description\" content=\"D\u1ecbch v\u1ee5 x\u00fac ti\u1ebfn th\u01b0\u01a1ng m\u1ea1i c\u1ee7a Vi\u1ec7t Trung Company gi\u00fap doanh nghi\u1ec7p Vi\u1ec7t ti\u1ebfp c\u1eadn th\u1ecb tr\u01b0\u1eddng Trung Qu\u1ed1c hi\u1ec7u qu\u1ea3: tham gia h\u1ed9i ch\u1ee3, k\u1ebft n\u1ed1i nh\u00e0 cung c\u1ea5p, phi\u00ean d\u1ecbch \u2013 \u0111\u00e0m ph\u00e1n, t\u01b0 v\u1ea5n h\u1ea3i quan v\u00e0 logistics tr\u1ecdn g\u00f3i. Gi\u1ea3i ph\u00e1p t\u1ed1i \u01b0u, uy t\u00edn, chuy\u00ean nghi\u1ec7p.\" \/>\n<meta property=\"og:url\" content=\"https:\/\/viettrungcompany.com\/dich-vu-khac-3\/xuc-tien-thuong-mai\/\" \/>\n<meta property=\"og:site_name\" content=\"Viet Trung Company\" \/>\n<meta property=\"article:modified_time\" content=\"2025-08-19T14:47:10+00:00\" \/>\n<meta property=\"og:image\" content=\"https:\/\/viettrungcompany.com\/wp-content\/uploads\/2025\/08\/dich-vu-xuc-tien-thuong-mai-viet-trung-company.png\" \/>\n<meta name=\"twitter:card\" content=\"summary_large_image\" \/>\n<meta name=\"twitter:label1\" content=\"Est. reading time\" \/>\n\t<meta name=\"twitter:data1\" content=\"8 minutes\" \/>\n<script type=\"application\/ld+json\" class=\"yoast-schema-graph\">{\"@context\":\"https:\\\/\\\/schema.org\",\"@graph\":[{\"@type\":\"WebPage\",\"@id\":\"https:\\\/\\\/viettrungcompany.com\\\/dich-vu-khac-3\\\/xuc-tien-thuong-mai\\\/\",\"url\":\"https:\\\/\\\/viettrungcompany.com\\\/dich-vu-khac-3\\\/xuc-tien-thuong-mai\\\/\",\"name\":\"Commercial Promotion - Viet Trung Company\",\"isPartOf\":{\"@id\":\"https:\\\/\\\/viettrungcompany.com\\\/#website\"},\"primaryImageOfPage\":{\"@id\":\"https:\\\/\\\/viettrungcompany.com\\\/dich-vu-khac-3\\\/xuc-tien-thuong-mai\\\/#primaryimage\"},\"image\":{\"@id\":\"https:\\\/\\\/viettrungcompany.com\\\/dich-vu-khac-3\\\/xuc-tien-thuong-mai\\\/#primaryimage\"},\"thumbnailUrl\":\"https:\\\/\\\/viettrungcompany.com\\\/wp-content\\\/uploads\\\/2025\\\/08\\\/dich-vu-xuc-tien-thuong-mai-viet-trung-company.png\",\"datePublished\":\"2025-08-19T02:43:57+00:00\",\"dateModified\":\"2025-08-19T14:47:10+00:00\",\"description\":\"D\u1ecbch v\u1ee5 x\u00fac ti\u1ebfn th\u01b0\u01a1ng m\u1ea1i c\u1ee7a Vi\u1ec7t Trung Company gi\u00fap doanh nghi\u1ec7p Vi\u1ec7t ti\u1ebfp c\u1eadn th\u1ecb tr\u01b0\u1eddng Trung Qu\u1ed1c hi\u1ec7u qu\u1ea3: tham gia h\u1ed9i ch\u1ee3, k\u1ebft n\u1ed1i nh\u00e0 cung c\u1ea5p, phi\u00ean d\u1ecbch \u2013 \u0111\u00e0m ph\u00e1n, t\u01b0 v\u1ea5n h\u1ea3i quan v\u00e0 logistics tr\u1ecdn g\u00f3i. Gi\u1ea3i ph\u00e1p t\u1ed1i \u01b0u, uy t\u00edn, chuy\u00ean nghi\u1ec7p.\",\"breadcrumb\":{\"@id\":\"https:\\\/\\\/viettrungcompany.com\\\/dich-vu-khac-3\\\/xuc-tien-thuong-mai\\\/#breadcrumb\"},\"inLanguage\":\"en-US\",\"potentialAction\":[{\"@type\":\"ReadAction\",\"target\":[\"https:\\\/\\\/viettrungcompany.com\\\/dich-vu-khac-3\\\/xuc-tien-thuong-mai\\\/\"]}]},{\"@type\":\"ImageObject\",\"inLanguage\":\"en-US\",\"@id\":\"https:\\\/\\\/viettrungcompany.com\\\/dich-vu-khac-3\\\/xuc-tien-thuong-mai\\\/#primaryimage\",\"url\":\"https:\\\/\\\/viettrungcompany.com\\\/wp-content\\\/uploads\\\/2025\\\/08\\\/dich-vu-xuc-tien-thuong-mai-viet-trung-company.png\",\"contentUrl\":\"https:\\\/\\\/viettrungcompany.com\\\/wp-content\\\/uploads\\\/2025\\\/08\\\/dich-vu-xuc-tien-thuong-mai-viet-trung-company.png\"},{\"@type\":\"BreadcrumbList\",\"@id\":\"https:\\\/\\\/viettrungcompany.com\\\/dich-vu-khac-3\\\/xuc-tien-thuong-mai\\\/#breadcrumb\",\"itemListElement\":[{\"@type\":\"ListItem\",\"position\":1,\"name\":\"Home\",\"item\":\"https:\\\/\\\/viettrungcompany.com\\\/en\\\/\"},{\"@type\":\"ListItem\",\"position\":2,\"name\":\"Other\",\"item\":\"https:\\\/\\\/viettrungcompany.com\\\/dich-vu-khac-3\\\/\"},{\"@type\":\"ListItem\",\"position\":3,\"name\":\"Commercial Promotion\"}]},{\"@type\":\"WebSite\",\"@id\":\"https:\\\/\\\/viettrungcompany.com\\\/#website\",\"url\":\"https:\\\/\\\/viettrungcompany.com\\\/\",\"name\":\"Viet Trung Company\",\"description\":\"\",\"potentialAction\":[{\"@type\":\"SearchAction\",\"target\":{\"@type\":\"EntryPoint\",\"urlTemplate\":\"https:\\\/\\\/viettrungcompany.com\\\/?s={search_term_string}\"},\"query-input\":{\"@type\":\"PropertyValueSpecification\",\"valueRequired\":true,\"valueName\":\"search_term_string\"}}],\"inLanguage\":\"en-US\"}]}<\/script>\n<!-- \/ Yoast SEO plugin. -->","yoast_head_json":{"title":"Commercial Promotion - Viet Trung Company","description":"D\u1ecbch v\u1ee5 x\u00fac ti\u1ebfn th\u01b0\u01a1ng m\u1ea1i c\u1ee7a Vi\u1ec7t Trung Company gi\u00fap doanh nghi\u1ec7p Vi\u1ec7t ti\u1ebfp c\u1eadn th\u1ecb tr\u01b0\u1eddng Trung Qu\u1ed1c hi\u1ec7u qu\u1ea3: tham gia h\u1ed9i ch\u1ee3, k\u1ebft n\u1ed1i nh\u00e0 cung c\u1ea5p, phi\u00ean d\u1ecbch \u2013 \u0111\u00e0m ph\u00e1n, t\u01b0 v\u1ea5n h\u1ea3i quan v\u00e0 logistics tr\u1ecdn g\u00f3i. Gi\u1ea3i ph\u00e1p t\u1ed1i \u01b0u, uy t\u00edn, chuy\u00ean nghi\u1ec7p.","robots":{"index":"index","follow":"follow","max-snippet":"max-snippet:-1","max-image-preview":"max-image-preview:large","max-video-preview":"max-video-preview:-1"},"canonical":"https:\/\/viettrungcompany.com\/dich-vu-khac-3\/xuc-tien-thuong-mai\/","og_locale":"en_US","og_type":"article","og_title":"Commercial Promotion - Viet Trung Company","og_description":"D\u1ecbch v\u1ee5 x\u00fac ti\u1ebfn th\u01b0\u01a1ng m\u1ea1i c\u1ee7a Vi\u1ec7t Trung Company gi\u00fap doanh nghi\u1ec7p Vi\u1ec7t ti\u1ebfp c\u1eadn th\u1ecb tr\u01b0\u1eddng Trung Qu\u1ed1c hi\u1ec7u qu\u1ea3: tham gia h\u1ed9i ch\u1ee3, k\u1ebft n\u1ed1i nh\u00e0 cung c\u1ea5p, phi\u00ean d\u1ecbch \u2013 \u0111\u00e0m ph\u00e1n, t\u01b0 v\u1ea5n h\u1ea3i quan v\u00e0 logistics tr\u1ecdn g\u00f3i. Gi\u1ea3i ph\u00e1p t\u1ed1i \u01b0u, uy t\u00edn, chuy\u00ean nghi\u1ec7p.","og_url":"https:\/\/viettrungcompany.com\/dich-vu-khac-3\/xuc-tien-thuong-mai\/","og_site_name":"Viet Trung Company","article_modified_time":"2025-08-19T14:47:10+00:00","og_image":[{"url":"https:\/\/viettrungcompany.com\/wp-content\/uploads\/2025\/08\/dich-vu-xuc-tien-thuong-mai-viet-trung-company.png","type":"","width":"","height":""}],"twitter_card":"summary_large_image","twitter_misc":{"Est. reading time":"8 minutes"},"schema":{"@context":"https:\/\/schema.org","@graph":[{"@type":"WebPage","@id":"https:\/\/viettrungcompany.com\/dich-vu-khac-3\/xuc-tien-thuong-mai\/","url":"https:\/\/viettrungcompany.com\/dich-vu-khac-3\/xuc-tien-thuong-mai\/","name":"Commercial Promotion - Viet Trung Company","isPartOf":{"@id":"https:\/\/viettrungcompany.com\/#website"},"primaryImageOfPage":{"@id":"https:\/\/viettrungcompany.com\/dich-vu-khac-3\/xuc-tien-thuong-mai\/#primaryimage"},"image":{"@id":"https:\/\/viettrungcompany.com\/dich-vu-khac-3\/xuc-tien-thuong-mai\/#primaryimage"},"thumbnailUrl":"https:\/\/viettrungcompany.com\/wp-content\/uploads\/2025\/08\/dich-vu-xuc-tien-thuong-mai-viet-trung-company.png","datePublished":"2025-08-19T02:43:57+00:00","dateModified":"2025-08-19T14:47:10+00:00","description":"D\u1ecbch v\u1ee5 x\u00fac ti\u1ebfn th\u01b0\u01a1ng m\u1ea1i c\u1ee7a Vi\u1ec7t Trung Company gi\u00fap doanh nghi\u1ec7p Vi\u1ec7t ti\u1ebfp c\u1eadn th\u1ecb tr\u01b0\u1eddng Trung Qu\u1ed1c hi\u1ec7u qu\u1ea3: tham gia h\u1ed9i ch\u1ee3, k\u1ebft n\u1ed1i nh\u00e0 cung c\u1ea5p, phi\u00ean d\u1ecbch \u2013 \u0111\u00e0m ph\u00e1n, t\u01b0 v\u1ea5n h\u1ea3i quan v\u00e0 logistics tr\u1ecdn g\u00f3i. Gi\u1ea3i ph\u00e1p t\u1ed1i \u01b0u, uy t\u00edn, chuy\u00ean nghi\u1ec7p.","breadcrumb":{"@id":"https:\/\/viettrungcompany.com\/dich-vu-khac-3\/xuc-tien-thuong-mai\/#breadcrumb"},"inLanguage":"en-US","potentialAction":[{"@type":"ReadAction","target":["https:\/\/viettrungcompany.com\/dich-vu-khac-3\/xuc-tien-thuong-mai\/"]}]},{"@type":"ImageObject","inLanguage":"en-US","@id":"https:\/\/viettrungcompany.com\/dich-vu-khac-3\/xuc-tien-thuong-mai\/#primaryimage","url":"https:\/\/viettrungcompany.com\/wp-content\/uploads\/2025\/08\/dich-vu-xuc-tien-thuong-mai-viet-trung-company.png","contentUrl":"https:\/\/viettrungcompany.com\/wp-content\/uploads\/2025\/08\/dich-vu-xuc-tien-thuong-mai-viet-trung-company.png"},{"@type":"BreadcrumbList","@id":"https:\/\/viettrungcompany.com\/dich-vu-khac-3\/xuc-tien-thuong-mai\/#breadcrumb","itemListElement":[{"@type":"ListItem","position":1,"name":"Home","item":"https:\/\/viettrungcompany.com\/en\/"},{"@type":"ListItem","position":2,"name":"Other","item":"https:\/\/viettrungcompany.com\/dich-vu-khac-3\/"},{"@type":"ListItem","position":3,"name":"Commercial Promotion"}]},{"@type":"WebSite","@id":"https:\/\/viettrungcompany.com\/#website","url":"https:\/\/viettrungcompany.com\/","name":"Viet Trung Company","description":"","potentialAction":[{"@type":"SearchAction","target":{"@type":"EntryPoint","urlTemplate":"https:\/\/viettrungcompany.com\/?s={search_term_string}"},"query-input":{"@type":"PropertyValueSpecification","valueRequired":true,"valueName":"search_term_string"}}],"inLanguage":"en-US"}]}},"_links":{"self":[{"href":"https:\/\/viettrungcompany.com\/en\/wp-json\/wp\/v2\/pages\/38660","targetHints":{"allow":["GET"]}}],"collection":[{"href":"https:\/\/viettrungcompany.com\/en\/wp-json\/wp\/v2\/pages"}],"about":[{"href":"https:\/\/viettrungcompany.com\/en\/wp-json\/wp\/v2\/types\/page"}],"author":[{"embeddable":true,"href":"https:\/\/viettrungcompany.com\/en\/wp-json\/wp\/v2\/users\/1"}],"replies":[{"embeddable":true,"href":"https:\/\/viettrungcompany.com\/en\/wp-json\/wp\/v2\/comments?post=38660"}],"version-history":[{"count":7,"href":"https:\/\/viettrungcompany.com\/en\/wp-json\/wp\/v2\/pages\/38660\/revisions"}],"predecessor-version":[{"id":39155,"href":"https:\/\/viettrungcompany.com\/en\/wp-json\/wp\/v2\/pages\/38660\/revisions\/39155"}],"up":[{"embeddable":true,"href":"https:\/\/viettrungcompany.com\/en\/wp-json\/wp\/v2\/pages\/37045"}],"wp:attachment":[{"href":"https:\/\/viettrungcompany.com\/en\/wp-json\/wp\/v2\/media?parent=38660"}],"curies":[{"name":"wp","href":"https:\/\/api.w.org\/{rel}","templated":true}]}}