{"id":37048,"date":"2025-07-20T22:01:38","date_gmt":"2025-07-20T15:01:38","guid":{"rendered":"https:\/\/viettrungcompany.com\/dich-vu\/dat-hang-tren-san-tmdt\/"},"modified":"2025-08-19T22:39:20","modified_gmt":"2025-08-19T15:39:20","slug":"%e8%ae%a2%e8%b4%ad%e4%b8%ad%e5%9b%bd%e5%95%86%e5%93%81","status":"publish","type":"page","link":"https:\/\/viettrungcompany.com\/zh-hans\/%e6%9c%8d%e5%8a%a1\/%e8%ae%a2%e8%b4%ad%e4%b8%ad%e5%9b%bd%e5%95%86%e5%93%81\/","title":{"rendered":"\u8ba2\u8d2d\u4e2d\u56fd\u5546\u54c1"},"content":{"rendered":"<h1 style=\"text-align: center;\">\u4e2d\u56fd\u5230\u8d8a\u5357\u7684\u4ee3\u8d2d\u670d\u52a1<\/h1>\n<h2><img loading=\"lazy\" decoding=\"async\" class=\"aligncenter wp-image-37714\" title=\"\u4e2d\u56fd\u5230\u8d8a\u5357\u7684\u4ee3\u8d2d\u670d\u52a1\" src=\"https:\/\/viettrungcompany.com\/wp-content\/themes\/woodmart\/images\/lazy.svg\" data-src=\"https:\/\/viettrungcompany.com\/wp-content\/uploads\/2025\/08\/dat-hang-trung-quoc-ve-viet-nam-358x300.png\" alt=\"\u4e2d\u56fd\u5230\u8d8a\u5357\u7684\u4ee3\u8d2d\u670d\u52a1\" width=\"512\" height=\"429\" srcset=\"\" data-srcset=\"https:\/\/viettrungcompany.com\/wp-content\/uploads\/2025\/08\/dat-hang-trung-quoc-ve-viet-nam-358x300.png 358w, https:\/\/viettrungcompany.com\/wp-content\/uploads\/2025\/08\/dat-hang-trung-quoc-ve-viet-nam-768x644.png 768w, https:\/\/viettrungcompany.com\/wp-content\/uploads\/2025\/08\/dat-hang-trung-quoc-ve-viet-nam.png 940w\" sizes=\"auto, (max-width: 512px) 100vw, 512px\" \/><\/h2>\n<h2>1. \u4e3a\u4ec0\u4e48\u9009\u62e9\u5728\u7ebf\u4ee3\u8d2d\u4e2d\u56fd\u5546\u54c1\u800c\u4e0d\u662f\u4eb2\u81ea\u53bb\uff1f<\/h2>\n<p>\u4ee5\u524d\uff0c\u60f3\u8981\u8fdb\u53e3\u4e2d\u56fd\u5546\u54c1\uff0c\u5f88\u591a\u5e97\u4e3b\u5fc5\u987b\u4eb2\u81ea\u53bb\u5e7f\u5dde\u3001\u6df1\u5733\uff0c\u6216\u8005\u5728\u56fd\u5185\u6279\u53d1\u5e02\u573a\u8d2d\u4e70\u3002\u8fd9\u4e0d\u4ec5\u6d6a\u8d39\u65f6\u95f4\u548c\u5dee\u65c5\u8d39\u7528\uff0c\u800c\u4e14\u6b3e\u5f0f\u53d7\u9650\u3002<br \/>\u5982\u4eca\uff0c\u53ea\u9700\u8981<strong>\u4e00\u90e8\u624b\u673a\u6216\u4e00\u53f0\u7535\u8111<\/strong>\uff0c\u60a8\u5c31\u53ef\u4ee5\uff1a<\/p>\n<ul>\n<li><strong>\u968f\u65f6\u968f\u5730\u9009\u8d27\uff1a<\/strong> \u65e0\u9700\u5b89\u6392\u51fa\u884c\uff0c\u53ea\u8981\u8fde\u4e0a\u7f51\u7edc\u5373\u53ef\u8d2d\u4e70\u3002<\/li>\n<li><strong>\u5927\u5e45\u8282\u7701\u8d39\u7528\uff1a<\/strong> \u4e0d\u7528\u82b1\u673a\u7968\u3001\u9152\u5e97\u3001\u9910\u996e\u8d39\u7528\u3002<\/li>\n<li><strong>\u8d27\u6e90\u65e0\u9650\u591a\u6837\uff1a<\/strong> \u4ece\u670d\u88c5\u3001\u978b\u5b50\u3001\u5316\u5986\u54c1\u3001\u5bb6\u5c45\u7528\u54c1\u3001\u88c5\u9970\u54c1\u5230\u673a\u68b0\u3001\u914d\u4ef6\u3002<\/li>\n<li><strong>\u5c0f\u91cf\u8bd5\u5355 \u2013 \u6d4b\u8bd5\u6837\u54c1\uff1a<\/strong> \u53ef\u4ee5\u5148\u8ba2\u8d2d1\u20132\u4ef6\u6d4b\u8bd5\u8d28\u91cf\uff0c\u518d\u51b3\u5b9a\u5927\u6279\u91cf\u91c7\u8d2d\u3002<\/li>\n<li><strong>\u5de5\u5382\u76f4\u4f9b\u4ef7\uff1a<\/strong> \u6bd4\u56fd\u5185\u6279\u53d1\u5e02\u573a\u66f4\u4fbf\u5b9c\uff0c\u8fd8\u80fd\u4eab\u53d7\u7535\u5546\u5e73\u53f0\u4f18\u60e0\u3002<\/li>\n<\/ul>\n<h2>2. \u5e38\u89c1\u7684\u4e2d\u56fd\u8d27\u6e90\u5e73\u53f0<\/h2>\n<h3>a. <strong>\u6dd8\u5b9d<\/strong> \u2013 \u72ec\u7279\u5546\u54c1\u7684\u5929\u5802<\/h3>\n<p>\u6c47\u805a\u4e0a\u767e\u4e07\u4ef6\u5546\u54c1\uff0c\u4ece\u65f6\u5c1a\u3001\u914d\u9970\u3001\u5bb6\u5c45\u88c5\u9970\u5230\u751f\u6d3b\u7528\u54c1\u3002\u6b3e\u5f0f\u4e30\u5bcc\uff0c\u4ef7\u683c\u5b9e\u60e0\uff0c\u65b9\u4fbf\u96f6\u552e\u3002<\/p>\n<p><img loading=\"lazy\" decoding=\"async\" class=\"aligncenter\" title=\"\u4ee3\u8d2d\u6dd8\u5b9d\" src=\"https:\/\/viettrungcompany.com\/wp-content\/uploads\/2025\/08\/order-taobao.png\" alt=\"\u4ee3\u8d2d\u6dd8\u5b9d\" width=\"940\" height=\"788\" \/><\/p>\n<h3>b. <strong>1688<\/strong> \u2013 \u6279\u53d1\u5de5\u5382\u4ef7<\/h3>\n<p>\u9002\u5408\u6279\u91cf\u91c7\u8d2d\uff0c\u76f4\u63a5\u5bf9\u63a5\u5de5\u5382\uff0c\u4ef7\u683c\u4fbf\u5b9c\uff0c\u6613\u4e8e\u8c08\u5224\u3002<\/p>\n<p><img loading=\"lazy\" decoding=\"async\" class=\"aligncenter\" title=\"\u4ee3\u8d2d1688\" src=\"https:\/\/viettrungcompany.com\/wp-content\/uploads\/2025\/08\/dat-hang-1688.png\" alt=\"\u4ee3\u8d2d1688\" width=\"940\" height=\"788\" \/><\/p>\n<h3>c. <strong>\u5929\u732b<\/strong> \u2013 \u6b63\u54c1\u5927\u724c\uff0c\u54c1\u8d28\u4fdd\u969c<\/h3>\n<p>\u9500\u552e\u77e5\u540d\u54c1\u724c\u4ea7\u54c1\uff0c\u4fdd\u8bc1\u8d28\u91cf\uff0c\u9002\u5408\u9ad8\u8981\u6c42\u5ba2\u6237\u3002<\/p>\n<h3>d. <strong>\u963f\u91cc\u5df4\u5df4<\/strong> \u2013 \u56fd\u9645\u4ea4\u6613<\/h3>\n<p>\u5168\u7403\u6027\u7535\u5546\u5e73\u53f0\uff0c\u4f9b\u5e94\u5546\u904d\u5e03\u5168\u4e2d\u56fd\uff0c\u65b9\u4fbf\u5927\u5b97\u8ba2\u5355\u3002<\/p>\n<h3>e. <strong>\u95f2\u9c7c<\/strong> \u2013 \u6e05\u4ed3\u4e0e\u9ad8\u8d28\u91cf\u4e8c\u624b\u8d27<\/h3>\n<p>\u53ef\u6dd8\u5230\u5927\u91cf\u4f18\u60e0\uff0c\u5982\u5e93\u5b58\u3001\u5c55\u793a\u54c1\u3001\u51e0\u4e4e\u5168\u65b0\u7684\u4e8c\u624b\u8d27\u3002<\/p>\n<h3>f. <strong>\u5de5\u5382\/\u5382\u5bb6<\/strong><\/h3>\n<p>\u76f4\u63a5\u4ece\u5de5\u5382\u8fdb\u8d27\uff0c\u4f18\u5316\u4ef7\u683c\uff0c\u53ef\u6309\u9700\u5b9a\u5236\uff08\u5370\u5237Logo\u3001\u5305\u88c5\u3001\u8bbe\u8ba1\uff09\u3002<\/p>\n<p><img loading=\"lazy\" decoding=\"async\" class=\"aligncenter\" title=\"\u5de5\u5382\u4ee3\u8d2d\" src=\"https:\/\/viettrungcompany.com\/wp-content\/uploads\/2025\/08\/dat-hang-tai-xuong.png\" alt=\"\u5de5\u5382\u4ee3\u8d2d\" width=\"940\" height=\"788\" \/><\/p>\n<h2>3. \u81ea\u884c\u4ee3\u8d2d\u4e2d\u56fd\u5546\u54c1\u7684\u96be\u70b9<\/h2>\n<ul>\n<li><strong>\u8bed\u8a00\uff1a<\/strong> \u5168\u4e2d\u6587\u754c\u9762\uff0c\u96be\u4ee5\u4e86\u89e3\u4ea7\u54c1\u4fe1\u606f\u548c\u6c9f\u901a\u8c08\u5224\u3002<\/li>\n<li><strong>\u652f\u4ed8\uff1a<\/strong> \u4e3b\u8981\u4f7f\u7528\u652f\u4ed8\u5b9d\u6216\u56fd\u9645\u4fe1\u7528\u5361\uff0c\u4e0d\u65b9\u4fbf\u6ca1\u6709\u8d26\u6237\u7684\u4eba\u3002<\/li>\n<li><strong>\u9009\u62e9\u9760\u8c31\u4f9b\u5e94\u5546\uff1a<\/strong> \u591a\u5bb6\u5e97\u94fa\u5356\u540c\u6b3e\u5546\u54c1\uff0c\u96be\u4ee5\u5206\u8fa8\u8d28\u91cf\u3002<\/li>\n<li><strong>\u8d27\u54c1\u98ce\u9669\uff1a<\/strong> \u9519\u7248\u3001\u52a3\u8d28\u3001\u8fd0\u8f93\u4e22\u5931\u3002<\/li>\n<li><strong>\u8fd0\u56de\u8d8a\u5357\uff1a<\/strong> \u5f88\u591a\u5e73\u53f0\u4e0d\u652f\u6301\u56fd\u9645\u8fd0\u8f93\uff0c\u9700\u8981\u4e2d\u56fd\u4ed3\u5e93\u4e2d\u8f6c\u3002<\/li>\n<\/ul>\n<h2>4. \u8d8a\u4e2d\u516c\u53f8 \u2013 \u5feb\u6377\u5b89\u5168\u7684\u4ee3\u8d2d\u89e3\u51b3\u65b9\u6848<\/h2>\n<p>\u6211\u4eec\u4e3a\u60a8\u63d0\u4f9b<strong>\u4e00\u7ad9\u5f0f\u4e2d\u56fd\u5230\u8d8a\u5357\u4ee3\u8d2d\u670d\u52a1<\/strong>\uff1a<\/p>\n<ul>\n<li><strong>\u8d27\u6e90\u54a8\u8be2\uff1a<\/strong> \u63a8\u8350\u4fe1\u8a89\u597d\u3001\u7b26\u5408\u9700\u6c42\u7684\u4f9b\u5e94\u5546\u3002<\/li>\n<li><strong>\u652f\u4ed8\u652f\u6301\uff1a<\/strong> \u63a5\u53d7\u8d8a\u5357\u76fe\u8f6c\u8d26\uff0c\u65e0\u9700\u652f\u4ed8\u5b9d\u3002<\/li>\n<li><strong>\u4f9b\u5e94\u5546\u8c08\u5224\uff1a<\/strong> \u4e89\u53d6\u4f18\u60e0\u4ef7\u683c\u548c\u66f4\u597d\u6761\u4ef6\u3002<\/li>\n<li><strong>\u6b63\u89c4\u6e05\u5173\u8fd0\u8f93\uff1a<\/strong> \u9646\u8fd03\u20135\u5929\uff0c\u6d77\u8fd07\u201312\u5929\uff0c\u63d0\u4f9b\u5b8c\u6574\u62a5\u5173\u5355\u3002<\/li>\n<li><strong>\u8d27\u7269\u4fdd\u9669\uff1a<\/strong> \u4e22\u5931\u6216\u635f\u574f\u5747\u8d54\u507f\u3002<\/li>\n<li><strong>\u9001\u8d27\u4e0a\u95e8\uff1a<\/strong> \u8986\u76d6\u6cb3\u5185\u3001\u5c98\u6e2f\u3001\u80e1\u5fd7\u660e\u5e02\u53ca\u5168\u56fd\u914d\u9001\u3002<\/li>\n<\/ul>\n<p><img loading=\"lazy\" decoding=\"async\" class=\"aligncenter\" title=\"\u8d8a\u4e2d\u516c\u53f8\u4ee3\u8d2d\u6d41\u7a0b\" src=\"https:\/\/viettrungcompany.com\/wp-content\/uploads\/2025\/08\/quy-trinh-lam-viec-voi-viet-trung-company.png\" alt=\"\u8d8a\u4e2d\u516c\u53f8\u4ee3\u8d2d\u6d41\u7a0b\" width=\"940\" height=\"788\" \/><\/p>\n<h2>5. \u8d8a\u4e2d\u516c\u53f8\u4ee3\u8d2d\u6d41\u7a0b<\/h2>\n<ol>\n<li>\u53d1\u9001\u5546\u54c1\u94fe\u63a5\u6216\u4fe1\u606f\uff08\u56fe\u7247\u3001\u63cf\u8ff0\u3001\u6570\u91cf\uff09\u3002<\/li>\n<li>\u8d8a\u4e2d\u516c\u53f8\u63d0\u4f9b\u900f\u660e\u8be6\u7ec6\u7684\u62a5\u4ef7\u5355\u3002<\/li>\n<li>\u786e\u8ba4\u8ba2\u5355 \u2013 \u652f\u4ed8\u7b2c\u4e00\u7b14\u6b3e\u9879\u3002<\/li>\n<li>\u8d8a\u4e2d\u516c\u53f8\u4ee3\u5ba2\u6237\u4e0b\u5355\u5e76\u652f\u4ed8\u3002<\/li>\n<li>\u8d27\u7269\u5230\u8fbe\u4e2d\u56fd\u4ed3\u5e93 \u2192 \u6b63\u89c4\u6e05\u5173\u8fd0\u56de\u8d8a\u5357\u3002<\/li>\n<li>\u652f\u4ed8\u5c3e\u6b3e \u2013 \u6536\u8d27\u5230\u624b\u3002<\/li>\n<\/ol>\n<p><em>\u67e5\u770b\u66f4\u591a: <a class=\"cursor-pointer\" href=\"https:\/\/viettrungcompany.com\/zh-hans\/huong-dan\/quy-trinh-lam-viec-voi-viet-trung-company\/quy-trinh-lam-viec-voi-viet-trung-company-2\/\" rel=\"noopener\">\u8d8a\u4e2d\u516c\u53f8\u5408\u4f5c\u6d41\u7a0b<\/a><\/em><\/p>\n<h2><strong>6. \u8d8a\u4e2d\u516c\u53f8\u7684\u627f\u8bfa<\/strong><\/h2>\n<p>\u2013 \u4fdd\u8bc1\u4ea7\u54c1\u6b63\u786e\u3001\u4ef7\u683c\u900f\u660e<br \/>\n\u2013 \u82e5\u56e0\u6211\u65b9\u5931\u8bef\uff0c100%\u8d54\u507f<br \/>\n\u2013 \u65e0\u9690\u85cf\u8d39\u7528\uff0c\u4fe1\u606f\u900f\u660e<br \/>\n\u2013 \u5ba2\u6237\u8d44\u6599\u4e25\u683c\u4fdd\u5bc6<\/p>\n<p>\ud83d\udc49 <a href=\"https:\/\/zalo.me\/197969820382043562\" target=\"_blank\" rel=\"noopener\">\u83b7\u53d6\u514d\u8d39\u6b63\u89c4\u8fdb\u53e3\u54a8\u8be2<\/a><\/p>\n<p><strong>\u8d8a\u4e2d\u516c\u53f8<\/strong> \u4e13\u4e1a\u63d0\u4f9b\u6dd8\u5b9d\u30011688\u3001\u5929\u732b\u3001\u963f\u91cc\u5df4\u5df4\u4ee3\u8d2d\u670d\u52a1\uff0c\u62a2\u8d2dZara\u3001H&#038;M\u3001\u674e\u5b81\u7b49\u54c1\u724c\u5546\u54c1\uff0c\u5e76\u5feb\u901f\u5b89\u5168\u5730\u5c06\u8d27\u7269\u4ece\u4e2d\u56fd\u8fd0\u81f3\u8d8a\u5357\u3002\u6211\u4eec\u4e0d\u65ad\u63d0\u5347\u670d\u52a1\u8d28\u91cf\uff0c\u529b\u4e89\u6210\u4e3a\u6700\u503c\u5f97\u4fe1\u8d56\u7684\u8fd0\u8f93\u4f01\u4e1a\uff0c\u4e3a\u5ba2\u6237\u5e26\u6765\u6700\u5927\u4ef7\u503c\u4e0e\u6ee1\u610f\u5ea6\u3002  <\/p>\n<h2><b>\u8054\u7cfb\u8d8a\u4e2d\u516c\u53f8<\/b><\/h2>\n<p><em>\u5982\u9700\u4e86\u89e3\u66f4\u591a\u4e2d\u8d8a\u8fd0\u8f93\u4fe1\u606f\uff0c\u8bf7\u901a\u8fc7\u4ee5\u4e0b\u6e20\u9053\u8054\u7cfb\u6211\u4eec\uff1a<\/em><\/p>\n<p>Email: <a href=\"mailto:viettrungcompany2012@gmail.com\" target=\"_blank\" rel=\"noopener\">viettrungcompany2012@gmail.com<\/a><br \/>\nWebsite: <a href=\"https:\/\/www.viettrungcompany.com\/\" target=\"_blank\" rel=\"noopener\">www.viettrungcompany.com<\/a><br \/>\nFacebook: <a href=\"https:\/\/www.facebook.com\/viettrungcompany\" target=\"_blank\" rel=\"noopener\">facebook.com\/viettrungcompany<\/a><br \/>\nYoutube: <a href=\"https:\/\/www.youtube.com\/@viettrungcompany\" target=\"_blank\" rel=\"noopener\">youtube.com\/@viettrungcompany<\/a><br \/>\nTiktok: <a href=\"https:\/\/www.tiktok.com\/@viettrungcompany\" target=\"_blank\" rel=\"noopener\">tiktok.com\/@viettrungcompany<\/a><\/p>\n<p><em>\u6b64\u5916\uff0c\u60a8\u8fd8\u53ef\u4ee5\u8054\u7cfb\u8d8a\u4e2d\u516c\u53f8\u5728\u8d8a\u5357\u4e09\u5730\u7684\u529e\u4e8b\u5904\uff1a<\/em><br \/>\n\u2013 \u6cb3\u5185\u529e\u4e8b\u5904\uff1a\u6cb3\u5185\u5e02\u4e49\u90fd\u574a\u5173\u82b1\u8857189\u53f7\u3002\u7535\u8bdd\uff1a0965551166<br \/>\n\u2013 \u5c98\u6e2f\u529e\u4e8b\u5904\uff1a\u5c98\u6e2f\u5e02\u6e05\u6eaa\u574a\u6b66\u6587\u5766\u8def66\u53f7 Savico \u5927\u53a6 2 \u697c\u3002\u7535\u8bdd\uff1a0935131816 \u2013 0967371118<br \/>\n\u2013 \u80e1\u5fd7\u660e\u5e02\u529e\u4e8b\u5904\uff1a\u80e1\u5fd7\u660e\u5e02\u4e03\u8d24\u574a\u962e\u592a\u5e73\u8def264-264A\u53f7\u3002\u7535\u8bdd\uff1a0935086838 \u2013 0962259911\u3002<\/p>\n","protected":false},"excerpt":{"rendered":"<p>\u4e2d\u56fd\u5230\u8d8a\u5357\u7684\u4ee3\u8d2d\u670d\u52a1 1. \u4e3a\u4ec0\u4e48\u9009\u62e9\u5728<\/p>\n","protected":false},"author":1,"featured_media":0,"parent":36962,"menu_order":0,"comment_status":"closed","ping_status":"closed","template":"","meta":{"footnotes":""},"class_list":["post-37048","page","type-page","status-publish","hentry"],"yoast_head":"<!-- This site is optimized with the Yoast SEO plugin v27.4 - https:\/\/yoast.com\/product\/yoast-seo-wordpress\/ -->\n<title>\u8ba2\u8d2d\u4e2d\u56fd\u5546\u54c1 - Viet Trung Company<\/title>\n<meta name=\"description\" content=\"D\u1ecbch v\u1ee5 \u0111\u1eb7t h\u00e0ng Trung Qu\u1ed1c v\u1ec1 Vi\u1ec7t Nam 2025 uy t\u00edn \u2013 Vi\u1ec7t Trung Company h\u1ed7 tr\u1ee3 order Taobao, 1688, Tmall, Alibaba, Xianyu, x\u01b0\u1edfng \u2013 nh\u00e0 m\u00e1y. H\u00e0ng v\u1ec1 nhanh, ch\u00ednh ng\u1ea1ch, gi\u00e1 t\u1ed1t.\" \/>\n<meta name=\"robots\" content=\"index, follow, max-snippet:-1, max-image-preview:large, max-video-preview:-1\" \/>\n<link rel=\"canonical\" href=\"https:\/\/viettrungcompany.com\/zh-hans\/\u670d\u52a1\/\u8ba2\u8d2d\u4e2d\u56fd\u5546\u54c1\/\" \/>\n<meta property=\"og:locale\" content=\"zh_CN\" \/>\n<meta property=\"og:type\" content=\"article\" \/>\n<meta property=\"og:title\" content=\"\u8ba2\u8d2d\u4e2d\u56fd\u5546\u54c1 - Viet Trung Company\" \/>\n<meta property=\"og:description\" content=\"D\u1ecbch v\u1ee5 \u0111\u1eb7t h\u00e0ng Trung Qu\u1ed1c v\u1ec1 Vi\u1ec7t Nam 2025 uy t\u00edn \u2013 Vi\u1ec7t Trung Company h\u1ed7 tr\u1ee3 order Taobao, 1688, Tmall, Alibaba, Xianyu, x\u01b0\u1edfng \u2013 nh\u00e0 m\u00e1y. H\u00e0ng v\u1ec1 nhanh, ch\u00ednh ng\u1ea1ch, gi\u00e1 t\u1ed1t.\" \/>\n<meta property=\"og:url\" content=\"https:\/\/viettrungcompany.com\/zh-hans\/\u670d\u52a1\/\u8ba2\u8d2d\u4e2d\u56fd\u5546\u54c1\/\" \/>\n<meta property=\"og:site_name\" content=\"Viet Trung Company\" \/>\n<meta property=\"article:modified_time\" content=\"2025-08-19T15:39:20+00:00\" \/>\n<meta property=\"og:image\" content=\"https:\/\/viettrungcompany.com\/wp-content\/uploads\/2025\/08\/dat-hang-trung-quoc-ve-viet-nam-358x300.png\" \/>\n<meta name=\"twitter:card\" content=\"summary_large_image\" \/>\n<meta name=\"twitter:label1\" content=\"\u9884\u8ba1\u9605\u8bfb\u65f6\u95f4\" \/>\n\t<meta name=\"twitter:data1\" content=\"6 \u5206\" \/>\n<script type=\"application\/ld+json\" class=\"yoast-schema-graph\">{\"@context\":\"https:\\\/\\\/schema.org\",\"@graph\":[{\"@type\":\"WebPage\",\"@id\":\"https:\\\/\\\/viettrungcompany.com\\\/zh-hans\\\/%e6%9c%8d%e5%8a%a1\\\/%e8%ae%a2%e8%b4%ad%e4%b8%ad%e5%9b%bd%e5%95%86%e5%93%81\\\/\",\"url\":\"https:\\\/\\\/viettrungcompany.com\\\/zh-hans\\\/%e6%9c%8d%e5%8a%a1\\\/%e8%ae%a2%e8%b4%ad%e4%b8%ad%e5%9b%bd%e5%95%86%e5%93%81\\\/\",\"name\":\"\u8ba2\u8d2d\u4e2d\u56fd\u5546\u54c1 - Viet Trung Company\",\"isPartOf\":{\"@id\":\"https:\\\/\\\/viettrungcompany.com\\\/#website\"},\"primaryImageOfPage\":{\"@id\":\"https:\\\/\\\/viettrungcompany.com\\\/zh-hans\\\/%e6%9c%8d%e5%8a%a1\\\/%e8%ae%a2%e8%b4%ad%e4%b8%ad%e5%9b%bd%e5%95%86%e5%93%81\\\/#primaryimage\"},\"image\":{\"@id\":\"https:\\\/\\\/viettrungcompany.com\\\/zh-hans\\\/%e6%9c%8d%e5%8a%a1\\\/%e8%ae%a2%e8%b4%ad%e4%b8%ad%e5%9b%bd%e5%95%86%e5%93%81\\\/#primaryimage\"},\"thumbnailUrl\":\"https:\\\/\\\/viettrungcompany.com\\\/wp-content\\\/uploads\\\/2025\\\/08\\\/dat-hang-trung-quoc-ve-viet-nam-358x300.png\",\"datePublished\":\"2025-07-20T15:01:38+00:00\",\"dateModified\":\"2025-08-19T15:39:20+00:00\",\"description\":\"D\u1ecbch v\u1ee5 \u0111\u1eb7t h\u00e0ng Trung Qu\u1ed1c v\u1ec1 Vi\u1ec7t Nam 2025 uy t\u00edn \u2013 Vi\u1ec7t Trung Company h\u1ed7 tr\u1ee3 order Taobao, 1688, Tmall, Alibaba, Xianyu, x\u01b0\u1edfng \u2013 nh\u00e0 m\u00e1y. H\u00e0ng v\u1ec1 nhanh, ch\u00ednh ng\u1ea1ch, gi\u00e1 t\u1ed1t.\",\"breadcrumb\":{\"@id\":\"https:\\\/\\\/viettrungcompany.com\\\/zh-hans\\\/%e6%9c%8d%e5%8a%a1\\\/%e8%ae%a2%e8%b4%ad%e4%b8%ad%e5%9b%bd%e5%95%86%e5%93%81\\\/#breadcrumb\"},\"inLanguage\":\"zh-Hans\",\"potentialAction\":[{\"@type\":\"ReadAction\",\"target\":[\"https:\\\/\\\/viettrungcompany.com\\\/zh-hans\\\/%e6%9c%8d%e5%8a%a1\\\/%e8%ae%a2%e8%b4%ad%e4%b8%ad%e5%9b%bd%e5%95%86%e5%93%81\\\/\"]}]},{\"@type\":\"ImageObject\",\"inLanguage\":\"zh-Hans\",\"@id\":\"https:\\\/\\\/viettrungcompany.com\\\/zh-hans\\\/%e6%9c%8d%e5%8a%a1\\\/%e8%ae%a2%e8%b4%ad%e4%b8%ad%e5%9b%bd%e5%95%86%e5%93%81\\\/#primaryimage\",\"url\":\"https:\\\/\\\/viettrungcompany.com\\\/wp-content\\\/uploads\\\/2025\\\/08\\\/dat-hang-trung-quoc-ve-viet-nam-358x300.png\",\"contentUrl\":\"https:\\\/\\\/viettrungcompany.com\\\/wp-content\\\/uploads\\\/2025\\\/08\\\/dat-hang-trung-quoc-ve-viet-nam-358x300.png\"},{\"@type\":\"BreadcrumbList\",\"@id\":\"https:\\\/\\\/viettrungcompany.com\\\/zh-hans\\\/%e6%9c%8d%e5%8a%a1\\\/%e8%ae%a2%e8%b4%ad%e4%b8%ad%e5%9b%bd%e5%95%86%e5%93%81\\\/#breadcrumb\",\"itemListElement\":[{\"@type\":\"ListItem\",\"position\":1,\"name\":\"Home\",\"item\":\"https:\\\/\\\/viettrungcompany.com\\\/zh-hans\\\/\"},{\"@type\":\"ListItem\",\"position\":2,\"name\":\"\u670d\u52a1\",\"item\":\"https:\\\/\\\/viettrungcompany.com\\\/zh-hans\\\/%e6%9c%8d%e5%8a%a1\\\/\"},{\"@type\":\"ListItem\",\"position\":3,\"name\":\"\u8ba2\u8d2d\u4e2d\u56fd\u5546\u54c1\"}]},{\"@type\":\"WebSite\",\"@id\":\"https:\\\/\\\/viettrungcompany.com\\\/#website\",\"url\":\"https:\\\/\\\/viettrungcompany.com\\\/\",\"name\":\"Viet Trung Company\",\"description\":\"\",\"potentialAction\":[{\"@type\":\"SearchAction\",\"target\":{\"@type\":\"EntryPoint\",\"urlTemplate\":\"https:\\\/\\\/viettrungcompany.com\\\/?s={search_term_string}\"},\"query-input\":{\"@type\":\"PropertyValueSpecification\",\"valueRequired\":true,\"valueName\":\"search_term_string\"}}],\"inLanguage\":\"zh-Hans\"}]}<\/script>\n<!-- \/ Yoast SEO plugin. -->","yoast_head_json":{"title":"\u8ba2\u8d2d\u4e2d\u56fd\u5546\u54c1 - Viet Trung Company","description":"D\u1ecbch v\u1ee5 \u0111\u1eb7t h\u00e0ng Trung Qu\u1ed1c v\u1ec1 Vi\u1ec7t Nam 2025 uy t\u00edn \u2013 Vi\u1ec7t Trung Company h\u1ed7 tr\u1ee3 order Taobao, 1688, Tmall, Alibaba, Xianyu, x\u01b0\u1edfng \u2013 nh\u00e0 m\u00e1y. H\u00e0ng v\u1ec1 nhanh, ch\u00ednh ng\u1ea1ch, gi\u00e1 t\u1ed1t.","robots":{"index":"index","follow":"follow","max-snippet":"max-snippet:-1","max-image-preview":"max-image-preview:large","max-video-preview":"max-video-preview:-1"},"canonical":"https:\/\/viettrungcompany.com\/zh-hans\/\u670d\u52a1\/\u8ba2\u8d2d\u4e2d\u56fd\u5546\u54c1\/","og_locale":"zh_CN","og_type":"article","og_title":"\u8ba2\u8d2d\u4e2d\u56fd\u5546\u54c1 - Viet Trung Company","og_description":"D\u1ecbch v\u1ee5 \u0111\u1eb7t h\u00e0ng Trung Qu\u1ed1c v\u1ec1 Vi\u1ec7t Nam 2025 uy t\u00edn \u2013 Vi\u1ec7t Trung Company h\u1ed7 tr\u1ee3 order Taobao, 1688, Tmall, Alibaba, Xianyu, x\u01b0\u1edfng \u2013 nh\u00e0 m\u00e1y. H\u00e0ng v\u1ec1 nhanh, ch\u00ednh ng\u1ea1ch, gi\u00e1 t\u1ed1t.","og_url":"https:\/\/viettrungcompany.com\/zh-hans\/\u670d\u52a1\/\u8ba2\u8d2d\u4e2d\u56fd\u5546\u54c1\/","og_site_name":"Viet Trung Company","article_modified_time":"2025-08-19T15:39:20+00:00","og_image":[{"url":"https:\/\/viettrungcompany.com\/wp-content\/uploads\/2025\/08\/dat-hang-trung-quoc-ve-viet-nam-358x300.png","type":"","width":"","height":""}],"twitter_card":"summary_large_image","twitter_misc":{"\u9884\u8ba1\u9605\u8bfb\u65f6\u95f4":"6 \u5206"},"schema":{"@context":"https:\/\/schema.org","@graph":[{"@type":"WebPage","@id":"https:\/\/viettrungcompany.com\/zh-hans\/%e6%9c%8d%e5%8a%a1\/%e8%ae%a2%e8%b4%ad%e4%b8%ad%e5%9b%bd%e5%95%86%e5%93%81\/","url":"https:\/\/viettrungcompany.com\/zh-hans\/%e6%9c%8d%e5%8a%a1\/%e8%ae%a2%e8%b4%ad%e4%b8%ad%e5%9b%bd%e5%95%86%e5%93%81\/","name":"\u8ba2\u8d2d\u4e2d\u56fd\u5546\u54c1 - Viet Trung Company","isPartOf":{"@id":"https:\/\/viettrungcompany.com\/#website"},"primaryImageOfPage":{"@id":"https:\/\/viettrungcompany.com\/zh-hans\/%e6%9c%8d%e5%8a%a1\/%e8%ae%a2%e8%b4%ad%e4%b8%ad%e5%9b%bd%e5%95%86%e5%93%81\/#primaryimage"},"image":{"@id":"https:\/\/viettrungcompany.com\/zh-hans\/%e6%9c%8d%e5%8a%a1\/%e8%ae%a2%e8%b4%ad%e4%b8%ad%e5%9b%bd%e5%95%86%e5%93%81\/#primaryimage"},"thumbnailUrl":"https:\/\/viettrungcompany.com\/wp-content\/uploads\/2025\/08\/dat-hang-trung-quoc-ve-viet-nam-358x300.png","datePublished":"2025-07-20T15:01:38+00:00","dateModified":"2025-08-19T15:39:20+00:00","description":"D\u1ecbch v\u1ee5 \u0111\u1eb7t h\u00e0ng Trung Qu\u1ed1c v\u1ec1 Vi\u1ec7t Nam 2025 uy t\u00edn \u2013 Vi\u1ec7t Trung Company h\u1ed7 tr\u1ee3 order Taobao, 1688, Tmall, Alibaba, Xianyu, x\u01b0\u1edfng \u2013 nh\u00e0 m\u00e1y. H\u00e0ng v\u1ec1 nhanh, ch\u00ednh ng\u1ea1ch, gi\u00e1 t\u1ed1t.","breadcrumb":{"@id":"https:\/\/viettrungcompany.com\/zh-hans\/%e6%9c%8d%e5%8a%a1\/%e8%ae%a2%e8%b4%ad%e4%b8%ad%e5%9b%bd%e5%95%86%e5%93%81\/#breadcrumb"},"inLanguage":"zh-Hans","potentialAction":[{"@type":"ReadAction","target":["https:\/\/viettrungcompany.com\/zh-hans\/%e6%9c%8d%e5%8a%a1\/%e8%ae%a2%e8%b4%ad%e4%b8%ad%e5%9b%bd%e5%95%86%e5%93%81\/"]}]},{"@type":"ImageObject","inLanguage":"zh-Hans","@id":"https:\/\/viettrungcompany.com\/zh-hans\/%e6%9c%8d%e5%8a%a1\/%e8%ae%a2%e8%b4%ad%e4%b8%ad%e5%9b%bd%e5%95%86%e5%93%81\/#primaryimage","url":"https:\/\/viettrungcompany.com\/wp-content\/uploads\/2025\/08\/dat-hang-trung-quoc-ve-viet-nam-358x300.png","contentUrl":"https:\/\/viettrungcompany.com\/wp-content\/uploads\/2025\/08\/dat-hang-trung-quoc-ve-viet-nam-358x300.png"},{"@type":"BreadcrumbList","@id":"https:\/\/viettrungcompany.com\/zh-hans\/%e6%9c%8d%e5%8a%a1\/%e8%ae%a2%e8%b4%ad%e4%b8%ad%e5%9b%bd%e5%95%86%e5%93%81\/#breadcrumb","itemListElement":[{"@type":"ListItem","position":1,"name":"Home","item":"https:\/\/viettrungcompany.com\/zh-hans\/"},{"@type":"ListItem","position":2,"name":"\u670d\u52a1","item":"https:\/\/viettrungcompany.com\/zh-hans\/%e6%9c%8d%e5%8a%a1\/"},{"@type":"ListItem","position":3,"name":"\u8ba2\u8d2d\u4e2d\u56fd\u5546\u54c1"}]},{"@type":"WebSite","@id":"https:\/\/viettrungcompany.com\/#website","url":"https:\/\/viettrungcompany.com\/","name":"Viet Trung Company","description":"","potentialAction":[{"@type":"SearchAction","target":{"@type":"EntryPoint","urlTemplate":"https:\/\/viettrungcompany.com\/?s={search_term_string}"},"query-input":{"@type":"PropertyValueSpecification","valueRequired":true,"valueName":"search_term_string"}}],"inLanguage":"zh-Hans"}]}},"_links":{"self":[{"href":"https:\/\/viettrungcompany.com\/zh-hans\/wp-json\/wp\/v2\/pages\/37048","targetHints":{"allow":["GET"]}}],"collection":[{"href":"https:\/\/viettrungcompany.com\/zh-hans\/wp-json\/wp\/v2\/pages"}],"about":[{"href":"https:\/\/viettrungcompany.com\/zh-hans\/wp-json\/wp\/v2\/types\/page"}],"author":[{"embeddable":true,"href":"https:\/\/viettrungcompany.com\/zh-hans\/wp-json\/wp\/v2\/users\/1"}],"replies":[{"embeddable":true,"href":"https:\/\/viettrungcompany.com\/zh-hans\/wp-json\/wp\/v2\/comments?post=37048"}],"version-history":[{"count":6,"href":"https:\/\/viettrungcompany.com\/zh-hans\/wp-json\/wp\/v2\/pages\/37048\/revisions"}],"predecessor-version":[{"id":39251,"href":"https:\/\/viettrungcompany.com\/zh-hans\/wp-json\/wp\/v2\/pages\/37048\/revisions\/39251"}],"up":[{"embeddable":true,"href":"https:\/\/viettrungcompany.com\/zh-hans\/wp-json\/wp\/v2\/pages\/36962"}],"wp:attachment":[{"href":"https:\/\/viettrungcompany.com\/zh-hans\/wp-json\/wp\/v2\/media?parent=37048"}],"curies":[{"name":"wp","href":"https:\/\/api.w.org\/{rel}","templated":true}]}}