{"id":38582,"date":"2025-07-20T23:00:42","date_gmt":"2025-07-20T16:00:42","guid":{"rendered":"https:\/\/viettrungcompany.com\/chinh-sach\/chinh-sach-bao-hiem-hang-hoa\/"},"modified":"2025-08-20T15:08:05","modified_gmt":"2025-08-20T08:08:05","slug":"%e4%b8%ad%e6%96%87%e7%bf%bb%e8%af%91%ef%bc%9a%e8%b4%a7%e7%89%a9%e4%bf%9d%e9%99%a9%e6%94%bf%e7%ad%96","status":"publish","type":"page","link":"https:\/\/viettrungcompany.com\/zh-hans\/%e6%94%bf%e7%ad%96\/%e4%b8%ad%e6%96%87%e7%bf%bb%e8%af%91%ef%bc%9a%e8%b4%a7%e7%89%a9%e4%bf%9d%e9%99%a9%e6%94%bf%e7%ad%96\/","title":{"rendered":"\u4e2d\u6587\u7ffb\u8bd1\uff1a\u8d27\u7269\u4fdd\u9669\u653f\u7b56"},"content":{"rendered":"<h1 style=\"text-align: center;\"><strong>\u8d27\u7269\u4fdd\u9669\u653f\u7b56<\/strong><\/h1>\n<p>\u5728 <strong>Vi\u1ec7t Trung Company<\/strong>\uff0c\u6211\u4eec\u63d0\u4f9b<strong>\u900f\u660e\u3001\u8be6\u7ec6\u7684\u8d27\u7269\u4fdd\u9669\u653f\u7b56<\/strong>\uff0c\u4ee5\u786e\u4fdd\u5ba2\u6237\u5728\u8fd0\u8f93\u548c\u6536\u8d27\u8fc7\u7a0b\u4e2d\u53d1\u751f\u610f\u5916\u65f6\u83b7\u5f97\u6700\u5927\u6743\u76ca\u3002Vi\u1ec7t Trung Company \u7684\u5ba2\u6237\u5927\u591a\u4f7f\u7528\u4e0e\u7269\u6d41\u3001\u8d27\u7269\u8fd0\u8f93\u3001\u56fd\u9645\u91c7\u8d2d\u76f8\u5173\u7684\u670d\u52a1\u3002\u56e0\u6b64\uff0c\u5728\u8fd0\u8f93\u548c\u6e05\u5173\u8fc7\u7a0b\u4e2d\u53ef\u80fd\u4f1a\u9047\u5230\u5404\u79cd\u95ee\u9898\u3002\u8d27\u7269\u4fdd\u9669\u7684\u76ee\u7684\u5728\u4e8e\u4fdd\u969c\u5ba2\u6237\u5728\u98ce\u9669\u3001\u8d27\u7269\u4e22\u5931\u3001\u8d27\u7269\u88ab\u67e5\u9a8c\u6216\u88ab\u6263\u62bc\u65f6\u7684\u5408\u6cd5\u6743\u76ca\u3002<\/p>\n<p><img decoding=\"async\" id=\"chinh-sach-bao-hiem-hang-hoa\" class=\"aligncenter\" dir=\"ltr\" lang=\"zh\" title=\"\u8d27\u7269\u4fdd\u9669\u653f\u7b56\" src=\"https:\/\/viettrungcompany.com\/wp-content\/uploads\/2025\/07\/chinh-sach-bao-hiem-hang-hoa.png\" alt=\"\u8d27\u7269\u4fdd\u9669\u653f\u7b56\" \/><\/p>\n<h2><strong>1. \u4e22\u5931\u3001\u635f\u574f\u3001\u5929\u707e\u7684\u8d54\u507f\u89c4\u5b9a<\/strong><\/h2>\n<h3><strong>\u5bf9\u4e8e\u5df2\u8d2d\u4e70\u4fdd\u9669\u7684\u8d27\u7269\uff1a<\/strong><\/h3>\n<p>&#8211; \u8d54\u507f<strong>\u6700\u9ad8\u8fbe100%\u635f\u5931\u4ef7\u503c<\/strong>\uff08\u6309\u7533\u62a5\u4ef7\u503c\uff09\u3002<br \/>\n&#8211; \u4fdd\u9669\u8d39\u7528\uff1a\u603b\u8d27\u503c\u7684<strong>5% \u2013 7%<\/strong>\u3002<\/p>\n<h3><strong>\u5bf9\u4e8e\u672a\u8d2d\u4e70\u4fdd\u9669\u7684\u8d27\u7269\uff1a<\/strong><\/h3>\n<p><strong>&#8211; \u6309\u91cd\u91cf\u8ba1\u7b97\u7684\u6279\u91cf\u8d27\u7269<\/strong>\uff1a\u6700\u9ad8\u8d54\u507f<strong>20,000,000 \u8d8a\u76fe\/\u5428<\/strong><br \/>\n<strong>&#8211; \u6309\u4f53\u79ef\u8ba1\u7b97\u7684\u6279\u91cf\u8d27\u7269<\/strong>\uff1a\u6700\u9ad8\u8d54\u507f<strong>10,000,000 \u8d8a\u76fe\/m\u00b3<\/strong><br \/>\n<strong>&#8211; \u226550kg \u7684\u5927\u4ef6\u6742\u8d27<\/strong>\uff1a\u6700\u9ad8\u8d54\u507f<strong>15,000,000 \u8d8a\u76fe\/\u5305<\/strong><br \/>\n<strong>&#8211; \uff1c50kg \u7684\u6742\u8d27<\/strong>\uff1a\u6700\u9ad8\u8d54\u507f<strong>250,000 \u8d8a\u76fe\/kg<\/strong><br \/>\n<strong>&#8211; \u96f6\u5355\u8ba2\u5355\u3001\u5355\u72ec\u62fc\u5355\u8d27\u7269<\/strong>\uff1a\u6700\u9ad8\u8d54\u507f<strong>100,000 \u8d8a\u76fe\/kg<\/strong><\/p>\n<p><strong>\u6ce8\u610f\uff1a<\/strong>\u8bf7\u5ba2\u6237\u5728\u6536\u8d27\u65f6\u68c0\u67e5\u8d27\u7269\u5305\u88c5\u60c5\u51b5\u3002\u5982\u6709\u7834\u635f\u3001\u635f\u574f\u6216\u4e22\u5931\uff0c\u5fc5\u987b\u5728\u4ea4\u63a5\u65f6<strong>\u7acb\u5373\u7b7e\u5b57\u786e\u8ba4<\/strong>\u3002\u5982\u65e0<strong>\u5378\u8d27\u89c6\u9891<\/strong>\uff0c\u4e0d\u4e88\u53d7\u7406\u4e8b\u540e\u6295\u8bc9\u3002<\/p>\n<h2><strong>2. \u5173\u4e8e\u8d27\u7269\u7834\u635f\u60c5\u51b5<\/strong><\/h2>\n<h3><strong>\u5bf9\u4e8e\u975e\u6613\u788e\u54c1\uff1a<\/strong><\/h3>\n<p><strong>&#8211; \u60c5\u51b51<\/strong>\uff1a\u5ba2\u6237\u6536\u8d27\u65f6\u53d1\u73b0\u5916\u5305\u88c5\u53d8\u5f62\u3001\u538b\u75d5\u5bfc\u81f4\u5185\u90e8\u635f\u574f\uff0cVi\u1ec7t Trung \u5c06\u6700\u9ad8\u8d54\u507f<strong>100%\u7533\u62a5\u4ef7\u503c<\/strong>\u3002<br \/>\n<strong>&#8211; \u60c5\u51b52<\/strong>\uff1a\u5916\u5305\u88c5\u5b8c\u597d\u65e0\u635f\uff1a<strong>\u4e0d\u627f\u62c5\u8d23\u4efb<\/strong>\u3002<\/p>\n<h3><strong>\u5bf9\u4e8e\u6613\u788e\u54c1\uff1a<\/strong><\/h3>\n<p>&#8211; \u5ba2\u6237\u987b\u5728\u4ea4\u8d27\u524d<strong>\u63d0\u4f9b\u5305\u88c5\u6807\u51c6<\/strong>\u7ed9 Vi\u1ec7t Trung\uff0c\u4ee5\u4fbf\u5408\u7406\u5904\u7406\u8d27\u7269\u3002<br \/>\n&#8211; <strong>\u60c5\u51b51<\/strong>\uff1a\u672a\u63d0\u524d\u544a\u77e5\uff1a<strong>\u4e0d\u4e88\u8d54\u507f<\/strong>\u3002<br \/>\n&#8211; <strong>\u60c5\u51b52<\/strong>\uff1a\u5df2\u544a\u77e5\u5e76\u6309\u6807\u51c6\u5305\u88c5\uff1a\u6700\u9ad8\u8d54\u507f<strong>100%\u7533\u62a5\u4ef7\u503c<\/strong>\u3002<\/p>\n<h2><strong>3. \u91cd\u8981\u63d0\u793a<\/strong><\/h2>\n<p>&#8211; \u6240\u6709\u5173\u4e8e<strong>\u8d27\u7269\u635f\u574f\u7684\u6295\u8bc9<\/strong>\uff0c\u5fc5\u987b\u63d0\u4f9b<strong>\u5378\u8d27\u89c6\u9891<\/strong>\u3002<br \/>\n&#8211; \u5728\u4efb\u4f55\u60c5\u51b5\u4e0b\uff0c<strong>Vi\u1ec7t Trung Company \u5c06\u5c3d\u6700\u5927\u52aa\u529b\u652f\u6301\u5ba2\u6237<\/strong>\u3002<br \/>\n&#8211; \u6211\u4eec<strong>\u6709\u6743\u62d2\u6536\u654f\u611f\u8d27\u3001\u5927\u6279\u91cf\u96be\u4ee5\u8fd0\u8f93\u7684\u8d27\u7269<\/strong>\uff0c\u8bf7\u63d0\u524d\u8054\u7cfb\u786e\u8ba4\u3002<\/p>\n<p>\ud83d\udc49 <a href=\"https:\/\/zalo.me\/197969820382043562\" target=\"_blank\" rel=\"noopener\">\u514d\u8d39\u54a8\u8be2\u6b63\u89c4\u8fdb\u53e3\u670d\u52a1<\/a><\/p>\n<p><strong>VI\u1ec6T TRUNG COMPANY<\/strong> \u4e13\u4e1a\u63d0\u4f9b Taobao\u30011688\u3001Tmall\u3001Alibaba \u4ee3\u8d2d\uff0c\u5de5\u5382\u8d27\u6e90\u76f4\u91c7\uff0c\u4ee5\u53ca\u4e2d\u56fd\u81f3\u8d8a\u5357\u8fd0\u8f93\u670d\u52a1\uff0c\u901f\u5ea6\u5feb\u3001\u4ef7\u683c\u5408\u7406\u3001\u8bda\u4fe1\u6709\u4fdd\u969c\u3002\u6211\u4eec\u4e0d\u65ad\u52aa\u529b\u63d0\u5347\u670d\u52a1\u8d28\u91cf\uff0c\u81f4\u529b\u4e8e\u6210\u4e3a\u6700\u503c\u5f97\u4fe1\u8d56\u7684\u8fd0\u8f93\u4f01\u4e1a\uff0c\u4e3a\u5ba2\u6237\u5e26\u6765\u6700\u5927\u4ef7\u503c\u548c\u6ee1\u610f\u4f53\u9a8c\u3002<\/p>\n<h2><b>\u8054\u7cfb Vi\u1ec7t Trung Company<\/b><\/h2>\n<p><em>\u5982\u9700\u66f4\u591a\u4e2d\u8d8a\u8fd0\u8f93\u4fe1\u606f\uff0c\u8bf7\u901a\u8fc7\u4ee5\u4e0b\u6e20\u9053\u8054\u7cfb\u6211\u4eec\uff1a<\/em><\/p>\n<p>Email: <a href=\"mailto:viettrungcompany2012@gmail.com\" target=\"_blank\" rel=\"noopener\">viettrungcompany2012@gmail.com<\/a><br \/>\nWebsite: <a href=\"https:\/\/www.viettrungcompany.com\/\" target=\"_blank\" rel=\"noopener\">www.viettrungcompany.com<\/a><br \/>\nFacebook: <a href=\"https:\/\/www.facebook.com\/viettrungcompany\" target=\"_blank\" rel=\"noopener\">https:\/\/www.facebook.com\/viettrungcompany<\/a><br \/>\nYoutube: <a href=\"https:\/\/www.youtube.com\/@viettrungcompany\" target=\"_blank\" rel=\"noopener\">https:\/\/www.youtube.com\/@viettrungcompany<\/a><br \/>\nTiktok: <a href=\"https:\/\/www.tiktok.com\/@viettrungcompany\" target=\"_blank\" rel=\"noopener\">https:\/\/www.tiktok.com\/@viettrungcompany<\/a><\/p>\n<p><em>\u6b64\u5916\uff0c\u60a8\u8fd8\u53ef\u4ee5\u8054\u7cfb Vi\u1ec7t Trung \u5728\u8d8a\u5357\u4e09\u5730\u7684\u529e\u4e8b\u5904\uff1a<\/em><br \/>\n\u2013 \u6cb3\u5185\u529e\u4e8b\u5904\uff1a\u6cb3\u5185\u5e02 Ngh\u0129a \u0110\u00f4 \u533a Quan Hoa \u8857189\u53f7\u3002\u7535\u8bdd\uff1a0965551166<br \/>\n\u2013 \u5c98\u6e2f\u529e\u4e8b\u5904\uff1a\u5c98\u6e2f\u5e02 Thanh Kh\u00ea \u533a V\u00f5 V\u0103n T\u1ea7n \u885766\u53f7 Savico \u5927\u697c2\u697c\u3002\u7535\u8bdd\uff1a0935131816 \u2013 0967371118<br \/>\n\u2013 \u80e1\u5fd7\u660e\u5e02\u529e\u4e8b\u5904\uff1a\u80e1\u5fd7\u660e\u5e02 B\u1ea3y Hi\u1ec1n \u533a Nguy\u1ec5n Th\u00e1i B\u00ecnh \u8857264-264A\u53f7\u3002\u7535\u8bdd\uff1a0935086838 \u2013 0962259911\u3002<\/p>\n","protected":false},"excerpt":{"rendered":"<p>\u8d27\u7269\u4fdd\u9669\u653f\u7b56 \u5728 Vi\u1ec7t Trung <\/p>\n","protected":false},"author":1,"featured_media":0,"parent":38580,"menu_order":0,"comment_status":"closed","ping_status":"closed","template":"","meta":{"footnotes":""},"class_list":["post-38582","page","type-page","status-publish","hentry"],"yoast_head":"<!-- This site is optimized with the Yoast SEO plugin v27.4 - https:\/\/yoast.com\/product\/yoast-seo-wordpress\/ -->\n<title>\u4e2d\u6587\u7ffb\u8bd1\uff1a\u8d27\u7269\u4fdd\u9669\u653f\u7b56 - Viet Trung Company<\/title>\n<meta name=\"description\" content=\"T\u1ea1i\u00a0Vi\u1ec7t Trung Company, ch\u00fang t\u00f4i cung c\u1ea5p\u00a0ch\u00ednh s\u00e1ch b\u1ea3o hi\u1ec3m h\u00e0ng h\u00f3a\u00a0minh b\u1ea1ch, chi ti\u1ebft nh\u1eb1m \u0111\u1ea3m b\u1ea3o quy\u1ec1n l\u1ee3i t\u1ed1i \u0111a cho kh\u00e1ch h\u00e0ng khi x\u1ea3y ra s\u1ef1 c\u1ed1 trong qu\u00e1 tr\u00ecnh v\u1eadn chuy\u1ec3n, nh\u1eadn h\u00e0ng.\u00a0\" \/>\n<meta name=\"robots\" content=\"index, follow, max-snippet:-1, max-image-preview:large, max-video-preview:-1\" \/>\n<link rel=\"canonical\" href=\"https:\/\/viettrungcompany.com\/chinh-sach\/chinh-sach-bao-hiem-hang-hoa\/\" \/>\n<meta property=\"og:locale\" content=\"zh_CN\" \/>\n<meta property=\"og:type\" content=\"article\" \/>\n<meta property=\"og:title\" content=\"\u4e2d\u6587\u7ffb\u8bd1\uff1a\u8d27\u7269\u4fdd\u9669\u653f\u7b56 - Viet Trung Company\" \/>\n<meta property=\"og:description\" content=\"T\u1ea1i\u00a0Vi\u1ec7t Trung Company, ch\u00fang t\u00f4i cung c\u1ea5p\u00a0ch\u00ednh s\u00e1ch b\u1ea3o hi\u1ec3m h\u00e0ng h\u00f3a\u00a0minh b\u1ea1ch, chi ti\u1ebft nh\u1eb1m \u0111\u1ea3m b\u1ea3o quy\u1ec1n l\u1ee3i t\u1ed1i \u0111a cho kh\u00e1ch h\u00e0ng khi x\u1ea3y ra s\u1ef1 c\u1ed1 trong qu\u00e1 tr\u00ecnh v\u1eadn chuy\u1ec3n, nh\u1eadn h\u00e0ng.\u00a0\" \/>\n<meta property=\"og:url\" content=\"https:\/\/viettrungcompany.com\/chinh-sach\/chinh-sach-bao-hiem-hang-hoa\/\" \/>\n<meta property=\"og:site_name\" content=\"Viet Trung Company\" \/>\n<meta property=\"article:modified_time\" content=\"2025-08-20T08:08:05+00:00\" \/>\n<meta property=\"og:image\" content=\"https:\/\/viettrungcompany.com\/wp-content\/uploads\/2025\/07\/chinh-sach-bao-hiem-hang-hoa.png\" \/>\n<meta name=\"twitter:card\" content=\"summary_large_image\" \/>\n<meta name=\"twitter:label1\" content=\"\u9884\u8ba1\u9605\u8bfb\u65f6\u95f4\" \/>\n\t<meta name=\"twitter:data1\" content=\"5 \u5206\" \/>\n<script type=\"application\/ld+json\" class=\"yoast-schema-graph\">{\"@context\":\"https:\\\/\\\/schema.org\",\"@graph\":[{\"@type\":\"WebPage\",\"@id\":\"https:\\\/\\\/viettrungcompany.com\\\/chinh-sach\\\/chinh-sach-bao-hiem-hang-hoa\\\/\",\"url\":\"https:\\\/\\\/viettrungcompany.com\\\/chinh-sach\\\/chinh-sach-bao-hiem-hang-hoa\\\/\",\"name\":\"\u4e2d\u6587\u7ffb\u8bd1\uff1a\u8d27\u7269\u4fdd\u9669\u653f\u7b56 - Viet Trung Company\",\"isPartOf\":{\"@id\":\"https:\\\/\\\/viettrungcompany.com\\\/#website\"},\"primaryImageOfPage\":{\"@id\":\"https:\\\/\\\/viettrungcompany.com\\\/chinh-sach\\\/chinh-sach-bao-hiem-hang-hoa\\\/#primaryimage\"},\"image\":{\"@id\":\"https:\\\/\\\/viettrungcompany.com\\\/chinh-sach\\\/chinh-sach-bao-hiem-hang-hoa\\\/#primaryimage\"},\"thumbnailUrl\":\"https:\\\/\\\/viettrungcompany.com\\\/wp-content\\\/uploads\\\/2025\\\/07\\\/chinh-sach-bao-hiem-hang-hoa.png\",\"datePublished\":\"2025-07-20T16:00:42+00:00\",\"dateModified\":\"2025-08-20T08:08:05+00:00\",\"description\":\"T\u1ea1i\u00a0Vi\u1ec7t Trung Company, ch\u00fang t\u00f4i cung c\u1ea5p\u00a0ch\u00ednh s\u00e1ch b\u1ea3o hi\u1ec3m h\u00e0ng h\u00f3a\u00a0minh b\u1ea1ch, chi ti\u1ebft nh\u1eb1m \u0111\u1ea3m b\u1ea3o quy\u1ec1n l\u1ee3i t\u1ed1i \u0111a cho kh\u00e1ch h\u00e0ng khi x\u1ea3y ra s\u1ef1 c\u1ed1 trong qu\u00e1 tr\u00ecnh v\u1eadn chuy\u1ec3n, nh\u1eadn h\u00e0ng.\u00a0\",\"breadcrumb\":{\"@id\":\"https:\\\/\\\/viettrungcompany.com\\\/chinh-sach\\\/chinh-sach-bao-hiem-hang-hoa\\\/#breadcrumb\"},\"inLanguage\":\"zh-Hans\",\"potentialAction\":[{\"@type\":\"ReadAction\",\"target\":[\"https:\\\/\\\/viettrungcompany.com\\\/chinh-sach\\\/chinh-sach-bao-hiem-hang-hoa\\\/\"]}]},{\"@type\":\"ImageObject\",\"inLanguage\":\"zh-Hans\",\"@id\":\"https:\\\/\\\/viettrungcompany.com\\\/chinh-sach\\\/chinh-sach-bao-hiem-hang-hoa\\\/#primaryimage\",\"url\":\"https:\\\/\\\/viettrungcompany.com\\\/wp-content\\\/uploads\\\/2025\\\/07\\\/chinh-sach-bao-hiem-hang-hoa.png\",\"contentUrl\":\"https:\\\/\\\/viettrungcompany.com\\\/wp-content\\\/uploads\\\/2025\\\/07\\\/chinh-sach-bao-hiem-hang-hoa.png\"},{\"@type\":\"BreadcrumbList\",\"@id\":\"https:\\\/\\\/viettrungcompany.com\\\/chinh-sach\\\/chinh-sach-bao-hiem-hang-hoa\\\/#breadcrumb\",\"itemListElement\":[{\"@type\":\"ListItem\",\"position\":1,\"name\":\"Home\",\"item\":\"https:\\\/\\\/viettrungcompany.com\\\/zh-hans\\\/\"},{\"@type\":\"ListItem\",\"position\":2,\"name\":\"\u653f\u7b56\",\"item\":\"https:\\\/\\\/viettrungcompany.com\\\/zh-hans\\\/%e6%94%bf%e7%ad%96\\\/\"},{\"@type\":\"ListItem\",\"position\":3,\"name\":\"\u4e2d\u6587\u7ffb\u8bd1\uff1a\u8d27\u7269\u4fdd\u9669\u653f\u7b56\"}]},{\"@type\":\"WebSite\",\"@id\":\"https:\\\/\\\/viettrungcompany.com\\\/#website\",\"url\":\"https:\\\/\\\/viettrungcompany.com\\\/\",\"name\":\"Viet Trung Company\",\"description\":\"\",\"potentialAction\":[{\"@type\":\"SearchAction\",\"target\":{\"@type\":\"EntryPoint\",\"urlTemplate\":\"https:\\\/\\\/viettrungcompany.com\\\/?s={search_term_string}\"},\"query-input\":{\"@type\":\"PropertyValueSpecification\",\"valueRequired\":true,\"valueName\":\"search_term_string\"}}],\"inLanguage\":\"zh-Hans\"}]}<\/script>\n<!-- \/ Yoast SEO plugin. -->","yoast_head_json":{"title":"\u4e2d\u6587\u7ffb\u8bd1\uff1a\u8d27\u7269\u4fdd\u9669\u653f\u7b56 - Viet Trung Company","description":"T\u1ea1i\u00a0Vi\u1ec7t Trung Company, ch\u00fang t\u00f4i cung c\u1ea5p\u00a0ch\u00ednh s\u00e1ch b\u1ea3o hi\u1ec3m h\u00e0ng h\u00f3a\u00a0minh b\u1ea1ch, chi ti\u1ebft nh\u1eb1m \u0111\u1ea3m b\u1ea3o quy\u1ec1n l\u1ee3i t\u1ed1i \u0111a cho kh\u00e1ch h\u00e0ng khi x\u1ea3y ra s\u1ef1 c\u1ed1 trong qu\u00e1 tr\u00ecnh v\u1eadn chuy\u1ec3n, nh\u1eadn h\u00e0ng.\u00a0","robots":{"index":"index","follow":"follow","max-snippet":"max-snippet:-1","max-image-preview":"max-image-preview:large","max-video-preview":"max-video-preview:-1"},"canonical":"https:\/\/viettrungcompany.com\/chinh-sach\/chinh-sach-bao-hiem-hang-hoa\/","og_locale":"zh_CN","og_type":"article","og_title":"\u4e2d\u6587\u7ffb\u8bd1\uff1a\u8d27\u7269\u4fdd\u9669\u653f\u7b56 - Viet Trung Company","og_description":"T\u1ea1i\u00a0Vi\u1ec7t Trung Company, ch\u00fang t\u00f4i cung c\u1ea5p\u00a0ch\u00ednh s\u00e1ch b\u1ea3o hi\u1ec3m h\u00e0ng h\u00f3a\u00a0minh b\u1ea1ch, chi ti\u1ebft nh\u1eb1m \u0111\u1ea3m b\u1ea3o quy\u1ec1n l\u1ee3i t\u1ed1i \u0111a cho kh\u00e1ch h\u00e0ng khi x\u1ea3y ra s\u1ef1 c\u1ed1 trong qu\u00e1 tr\u00ecnh v\u1eadn chuy\u1ec3n, nh\u1eadn h\u00e0ng.\u00a0","og_url":"https:\/\/viettrungcompany.com\/chinh-sach\/chinh-sach-bao-hiem-hang-hoa\/","og_site_name":"Viet Trung Company","article_modified_time":"2025-08-20T08:08:05+00:00","og_image":[{"url":"https:\/\/viettrungcompany.com\/wp-content\/uploads\/2025\/07\/chinh-sach-bao-hiem-hang-hoa.png","type":"","width":"","height":""}],"twitter_card":"summary_large_image","twitter_misc":{"\u9884\u8ba1\u9605\u8bfb\u65f6\u95f4":"5 \u5206"},"schema":{"@context":"https:\/\/schema.org","@graph":[{"@type":"WebPage","@id":"https:\/\/viettrungcompany.com\/chinh-sach\/chinh-sach-bao-hiem-hang-hoa\/","url":"https:\/\/viettrungcompany.com\/chinh-sach\/chinh-sach-bao-hiem-hang-hoa\/","name":"\u4e2d\u6587\u7ffb\u8bd1\uff1a\u8d27\u7269\u4fdd\u9669\u653f\u7b56 - Viet Trung Company","isPartOf":{"@id":"https:\/\/viettrungcompany.com\/#website"},"primaryImageOfPage":{"@id":"https:\/\/viettrungcompany.com\/chinh-sach\/chinh-sach-bao-hiem-hang-hoa\/#primaryimage"},"image":{"@id":"https:\/\/viettrungcompany.com\/chinh-sach\/chinh-sach-bao-hiem-hang-hoa\/#primaryimage"},"thumbnailUrl":"https:\/\/viettrungcompany.com\/wp-content\/uploads\/2025\/07\/chinh-sach-bao-hiem-hang-hoa.png","datePublished":"2025-07-20T16:00:42+00:00","dateModified":"2025-08-20T08:08:05+00:00","description":"T\u1ea1i\u00a0Vi\u1ec7t Trung Company, ch\u00fang t\u00f4i cung c\u1ea5p\u00a0ch\u00ednh s\u00e1ch b\u1ea3o hi\u1ec3m h\u00e0ng h\u00f3a\u00a0minh b\u1ea1ch, chi ti\u1ebft nh\u1eb1m \u0111\u1ea3m b\u1ea3o quy\u1ec1n l\u1ee3i t\u1ed1i \u0111a cho kh\u00e1ch h\u00e0ng khi x\u1ea3y ra s\u1ef1 c\u1ed1 trong qu\u00e1 tr\u00ecnh v\u1eadn chuy\u1ec3n, nh\u1eadn h\u00e0ng.\u00a0","breadcrumb":{"@id":"https:\/\/viettrungcompany.com\/chinh-sach\/chinh-sach-bao-hiem-hang-hoa\/#breadcrumb"},"inLanguage":"zh-Hans","potentialAction":[{"@type":"ReadAction","target":["https:\/\/viettrungcompany.com\/chinh-sach\/chinh-sach-bao-hiem-hang-hoa\/"]}]},{"@type":"ImageObject","inLanguage":"zh-Hans","@id":"https:\/\/viettrungcompany.com\/chinh-sach\/chinh-sach-bao-hiem-hang-hoa\/#primaryimage","url":"https:\/\/viettrungcompany.com\/wp-content\/uploads\/2025\/07\/chinh-sach-bao-hiem-hang-hoa.png","contentUrl":"https:\/\/viettrungcompany.com\/wp-content\/uploads\/2025\/07\/chinh-sach-bao-hiem-hang-hoa.png"},{"@type":"BreadcrumbList","@id":"https:\/\/viettrungcompany.com\/chinh-sach\/chinh-sach-bao-hiem-hang-hoa\/#breadcrumb","itemListElement":[{"@type":"ListItem","position":1,"name":"Home","item":"https:\/\/viettrungcompany.com\/zh-hans\/"},{"@type":"ListItem","position":2,"name":"\u653f\u7b56","item":"https:\/\/viettrungcompany.com\/zh-hans\/%e6%94%bf%e7%ad%96\/"},{"@type":"ListItem","position":3,"name":"\u4e2d\u6587\u7ffb\u8bd1\uff1a\u8d27\u7269\u4fdd\u9669\u653f\u7b56"}]},{"@type":"WebSite","@id":"https:\/\/viettrungcompany.com\/#website","url":"https:\/\/viettrungcompany.com\/","name":"Viet Trung Company","description":"","potentialAction":[{"@type":"SearchAction","target":{"@type":"EntryPoint","urlTemplate":"https:\/\/viettrungcompany.com\/?s={search_term_string}"},"query-input":{"@type":"PropertyValueSpecification","valueRequired":true,"valueName":"search_term_string"}}],"inLanguage":"zh-Hans"}]}},"_links":{"self":[{"href":"https:\/\/viettrungcompany.com\/zh-hans\/wp-json\/wp\/v2\/pages\/38582","targetHints":{"allow":["GET"]}}],"collection":[{"href":"https:\/\/viettrungcompany.com\/zh-hans\/wp-json\/wp\/v2\/pages"}],"about":[{"href":"https:\/\/viettrungcompany.com\/zh-hans\/wp-json\/wp\/v2\/types\/page"}],"author":[{"embeddable":true,"href":"https:\/\/viettrungcompany.com\/zh-hans\/wp-json\/wp\/v2\/users\/1"}],"replies":[{"embeddable":true,"href":"https:\/\/viettrungcompany.com\/zh-hans\/wp-json\/wp\/v2\/comments?post=38582"}],"version-history":[{"count":1,"href":"https:\/\/viettrungcompany.com\/zh-hans\/wp-json\/wp\/v2\/pages\/38582\/revisions"}],"predecessor-version":[{"id":39351,"href":"https:\/\/viettrungcompany.com\/zh-hans\/wp-json\/wp\/v2\/pages\/38582\/revisions\/39351"}],"up":[{"embeddable":true,"href":"https:\/\/viettrungcompany.com\/zh-hans\/wp-json\/wp\/v2\/pages\/38580"}],"wp:attachment":[{"href":"https:\/\/viettrungcompany.com\/zh-hans\/wp-json\/wp\/v2\/media?parent=38582"}],"curies":[{"name":"wp","href":"https:\/\/api.w.org\/{rel}","templated":true}]}}