{"id":38586,"date":"2025-07-20T23:03:08","date_gmt":"2025-07-20T16:03:08","guid":{"rendered":"https:\/\/viettrungcompany.com\/chinh-sach\/chinh-sach-chung-khac\/"},"modified":"2025-08-20T15:12:54","modified_gmt":"2025-08-20T08:12:54","slug":"%e4%b8%ad%e6%96%87%e7%bf%bb%e8%af%91%ef%bc%9a%e5%85%b6%e4%bb%96%e9%80%9a%e7%94%a8%e6%94%bf%e7%ad%96","status":"publish","type":"page","link":"https:\/\/viettrungcompany.com\/zh-hans\/%e6%94%bf%e7%ad%96\/%e4%b8%ad%e6%96%87%e7%bf%bb%e8%af%91%ef%bc%9a%e5%85%b6%e4%bb%96%e9%80%9a%e7%94%a8%e6%94%bf%e7%ad%96\/","title":{"rendered":"\u4e2d\u6587\u7ffb\u8bd1\uff1a\u5176\u4ed6\u901a\u7528\u653f\u7b56"},"content":{"rendered":"<h2>1. \u4ecb\u7ecd<\/h2>\n<p>\u5728\u56fd\u9645\u8d38\u6613\u6d3b\u52a8\u4e2d\uff0c<strong>\u9075\u5b88\u7981\u6b62\u8fdb\u53e3\u5546\u54c1\u76ee\u5f55<\/strong>\u662f\u5fc5\u4e0d\u53ef\u5c11\u7684\uff0c\u4ee5\u907f\u514d\u6cd5\u5f8b\u3001\u8d22\u52a1\u98ce\u9669\u4ee5\u53ca\u5f71\u54cd\u4f01\u4e1a\u4fe1\u8a89\u3002<br \/>\u672c\u6587\u7531 Vi\u1ec7t Trung Company \u6c47\u603b\u4e86<strong>\u8d8a\u5357\u73b0\u884c\u7981\u6b62\u8fdb\u53e3\u5546\u54c1\u76ee\u5f55<\/strong>\uff0c\u7279\u522b\u9002\u7528\u4e8e\u4ece\u4e2d\u56fd\u8fdb\u53e3\u8d27\u7269\u8fdb\u884c\u7ecf\u8425\u7684\u5ba2\u6237\u3002<\/p>\n<p><img loading=\"lazy\" decoding=\"async\" class=\"aligncenter size-full wp-image-38379\" src=\"https:\/\/viettrungcompany.com\/wp-content\/themes\/woodmart\/images\/lazy.svg\" data-src=\"https:\/\/viettrungcompany.com\/wp-content\/uploads\/2025\/08\/danh-muc-hang-hoa-cam-nhap-khau.png\" alt=\"\u7981\u6b62\u8fdb\u53e3\u5546\u54c1\u76ee\u5f55\" width=\"940\" height=\"788\" srcset=\"\" data-srcset=\"https:\/\/viettrungcompany.com\/wp-content\/uploads\/2025\/08\/danh-muc-hang-hoa-cam-nhap-khau.png 940w, https:\/\/viettrungcompany.com\/wp-content\/uploads\/2025\/08\/danh-muc-hang-hoa-cam-nhap-khau-358x300.png 358w, https:\/\/viettrungcompany.com\/wp-content\/uploads\/2025\/08\/danh-muc-hang-hoa-cam-nhap-khau-768x644.png 768w\" sizes=\"auto, (max-width: 940px) 100vw, 940px\" \/><\/p>\n<h2>2. \u8d8a\u5357\u7981\u6b62\u8fdb\u53e3\u5546\u54c1\u76ee\u5f55<\/h2>\n<h3>2.1. \u6b66\u5668\u3001\u5f39\u836f\u3001\u7206\u70b8\u7269<\/h3>\n<ul>\n<li>\u5305\u62ec\uff1a\u67aa\u652f\u3001\u5b50\u5f39\u3001\u624b\u69b4\u5f39\u3001\u70b8\u836f\u3001\u519b\u4e8b\u88c5\u5907\u3002<\/li>\n<li>\u6839\u636e <strong>173\/2018\/TT-BQP \u901a\u544a<\/strong>\u3002<\/li>\n<li>\u4f8b\u5916\uff1a\u7ecf\u56fd\u9632\u90e8\u8bb8\u53ef\u7684\u5de5\u4e1a\u70b8\u836f\u3002<\/li>\n<\/ul>\n<h3>2.2. \u5404\u7c7b\u70df\u82b1<\/h3>\n<ul>\n<li>\u7981\u6b62\uff1a\u7206\u7af9\u3001\u672a\u7ecf\u8bb8\u53ef\u7684\u70df\u82b1\u3001\u5b54\u660e\u706f\u3001\u5e72\u6270\u96f7\u8fbe\u8bbe\u5907\u3002<\/li>\n<li>\u4f8b\u5916\uff1a\u822a\u6d77\u4fe1\u53f7\u5f39\u53ef\u6309\u4ea4\u901a\u8fd0\u8f93\u90e8\u89c4\u5b9a\u8fdb\u53e3\u3002<\/li>\n<\/ul>\n<h3>2.3. \u5316\u5b66\u54c1<\/h3>\n<ul>\n<li><strong>\u5316\u5b66\u6b66\u5668\u516c\u7ea6\u7b2c\u4e00\u7c7b\u5316\u5b66\u54c1<\/strong> \u2192 \u5b8c\u5168\u7981\u6b62\u3002<\/li>\n<li><strong>\u9e7f\u7279\u4e39\u516c\u7ea6\u9644\u5f55 III<\/strong> \u2192 \u4e0d\u5f97\u4ee5\u4efb\u4f55\u5f62\u5f0f\u8fdb\u53e3\u3002<\/li>\n<\/ul>\n<h3>2.4. \u6d88\u8d39\u54c1\u3001\u533b\u7597\u8bbe\u5907\u3001\u4ea4\u901a\u5de5\u5177\uff08\u4e8c\u624b\uff09<\/h3>\n<ul>\n<li>\u6839\u636e <strong>12\/2018\/TT-BCT \u901a\u544a<\/strong>\uff1a\n<ul>\n<li>\u7981\u6b62\u8fdb\u53e3\u5df2\u4f7f\u7528\u7684\u7535\u5b50\u3001\u7535\u5668\u3001\u5bb6\u7528\u7535\u5668\u3002<\/li>\n<li>\u7981\u6b62\u4f7f\u7528\u8fc7\u7684\u533b\u7597\u8bbe\u5907\u3002<\/li>\n<li>\u7981\u6b62\u4e8c\u624b\u81ea\u884c\u8f66\u3001\u6469\u6258\u8f66\u3002<\/li>\n<\/ul>\n<\/li>\n<\/ul>\n<h3>2.5. \u6587\u5316\u4ea7\u54c1\uff08\u7981\u6b62\u6d41\u901a\uff09<\/h3>\n<ul>\n<li>\u6839\u636e <strong>24\/2018\/TT-BVHTTDL \u901a\u544a<\/strong>\uff1a\n<ul>\n<li>\u7981\u6b62\u4e66\u7c4d\u3001\u5149\u76d8\u3001\u7535\u5f71\u7b49\u88ab\u7981\u6b62\u4f20\u64ad\u7684\u5185\u5bb9\u3002<\/li>\n<li>\u7981\u6b62\u8fdb\u53e3\u7528\u4e8e\u5c55\u793a\u6216\u4f20\u64ad\u3002<\/li>\n<\/ul>\n<\/li>\n<\/ul>\n<h3>2.6. \u4e8c\u624b\u79d1\u6280\u4ea7\u54c1<\/h3>\n<ul>\n<li>\u6839\u636e <strong>11\/2018\/TT-BTTTT \u901a\u544a<\/strong>\uff1a\u7981\u6b62\u8fdb\u53e3\u4e8c\u624b\u7535\u8111\u3001\u6253\u5370\u673a\u3001\u901a\u4fe1\u8bbe\u5907\u3002<\/li>\n<\/ul>\n<h3>2.7. \u51fa\u7248\u54c1\uff08\u7981\u6b62\u6d41\u901a\uff09<\/h3>\n<ul>\n<li>\u7981\u6b62\u88ab\u7981\u6b62\u6d41\u901a\u7684\u90ae\u7968\u3002<\/li>\n<li>\u7981\u6b62\u4e0d\u7b26\u5408\u9891\u7387\u6807\u51c6\u7684\u65e0\u7ebf\u7535\u8bbe\u5907\u3002<\/li>\n<\/ul>\n<h3>2.8. \u53f3\u8235\u8f66\u8f86<\/h3>\n<ul>\n<li>\u6839\u636e <strong>13\/2015\/TT-BGTVT \u901a\u544a<\/strong>\uff1a\u7981\u6b62\u8fdb\u53e3\u53f3\u8235\u8f66\u8f86\uff0c\u9664\u7279\u79cd\u7528\u9014\u8f66\u8f86\u5916\u3002<\/li>\n<\/ul>\n<h3>2.9. \u4e8c\u624b\u7269\u8d44\u4e0e\u4ea4\u901a\u5de5\u5177<\/h3>\n<ul>\n<li>\u7981\u6b62\u8fdb\u53e3\u4e8c\u624b\u53d1\u52a8\u673a\u3001\u6c7d\u8f66\u5e95\u76d8\u3002<\/li>\n<li>\u7981\u6b62\u8fdb\u53e3\u8d85\u8fc7 5 \u5e74\u7684\u65e7\u6c7d\u8f66\u3002<\/li>\n<\/ul>\n<h3>2.10. \u88ab\u7981\u7528\u7684\u519c\u836f<\/h3>\n<ul>\n<li>\u6839\u636e <strong>15\/2018\/TT-BNNPTNT \u901a\u544a<\/strong>\u3002<\/li>\n<\/ul>\n<h3>2.11. \u6fd2\u5371\u91ce\u751f\u52a8\u690d\u7269\u6807\u672c<\/h3>\n<ul>\n<li>\u6839\u636e <strong>CITES \u516c\u7ea6<\/strong>\uff1a\u7981\u6b62\u8fdb\u53e3\u7280\u725b\u3001\u975e\u6d32\u8c61\u7b49\u6fd2\u5371\u7269\u79cd\u6807\u672c\u3002<\/li>\n<\/ul>\n<h3>2.12. \u542b C.F.C \u7684\u5e9f\u6599\u3001\u5e9f\u5f03\u7269<\/h3>\n<ul>\n<li>\u6839\u636e <strong>01\/2013\/TT-BTNMT \u901a\u544a<\/strong> \u7981\u6b62\u8fdb\u53e3\u3002<\/li>\n<\/ul>\n<h3>2.13. \u542b\u77f3\u68c9\u4ea7\u54c1\u4e0e\u6750\u6599<\/h3>\n<ul>\n<li>\u6839\u636e <strong>25\/2016\/TT-BXD \u901a\u544a<\/strong>\uff1a\u7981\u6b62\u8fdb\u53e3\u4e24\u6816\u7c7b\u77f3\u68c9\u3002<\/li>\n<\/ul>\n<h2>3. \u8fdb\u53e3\u7981\u6b62\u5546\u54c1\u7684\u5904\u7406\u89c4\u5b9a<\/h2>\n<p>\u6839\u636e <strong>98\/2020\/N\u0110-CP \u6cd5\u4ee4<\/strong>\uff1a<\/p>\n<ul>\n<li><strong>\u884c\u653f\u5904\u7f5a<\/strong>\uff1a10,000,000 \u2013 100,000,000 \u8d8a\u76fe\uff0c\u89c6\u8d27\u7269\u4ef7\u503c\u800c\u5b9a\u3002<\/li>\n<li><strong>\u8865\u5145\u5904\u7f5a<\/strong>\uff1a\u6ca1\u6536\u8fdd\u6cd5\u7269\u54c1\u3002<\/li>\n<li><strong>\u540e\u7eed\u5904\u7406<\/strong>\uff1a\n<ul>\n<li>\u9500\u6bc1\u5371\u9669\u8d27\u7269\u3002<\/li>\n<li>\u5f3a\u5236\u9000\u8fd0\u51fa\u5883\u3002<\/li>\n<li>\u6ca1\u6536\u975e\u6cd5\u6240\u5f97\u3002<\/li>\n<\/ul>\n<\/li>\n<\/ul>\n<h2>4. \u5bf9\u5546\u6237\u7684\u91cd\u8981\u63d0\u793a<\/h2>\n<ul>\n<li>\u4e0b\u5355\u524d\u52a1\u5fc5<strong>\u68c0\u67e5\u7981\u6b62\u8fdb\u53e3\u5546\u54c1\u76ee\u5f55<\/strong>\u3002<\/li>\n<li>\u5bf9\u654f\u611f\u8d27\u7269\uff0c\u8bf7\u8054\u7cfb Vi\u1ec7t Trung Company \u83b7\u53d6\u54a8\u8be2\u3002<\/li>\n<li>\u907f\u514d\u901a\u8fc7\u975e\u6b63\u89c4\u6e20\u9053\u8fdb\u53e3\uff0c\u4ee5\u964d\u4f4e\u98ce\u9669\u3002<\/li>\n<\/ul>\n<p>\ud83d\udc49 <a href=\"https:\/\/zalo.me\/197969820382043562\" target=\"_blank\" rel=\"noopener\">\u514d\u8d39\u54a8\u8be2\u6b63\u89c4\u8fdb\u53e3\u670d\u52a1<\/a><\/p>\n<p><strong>VI\u1ec6T TRUNG COMPANY<\/strong> \u4e13\u4e1a\u63d0\u4f9b Taobao\u30011688\u3001Tmall\u3001Alibaba \u4ee3\u8d2d\uff0c\u62a2\u8d2d Zara\u3001H&#038;M\u3001Lining \u7b49\uff0c\u4ee5\u53ca\u4e2d\u8d8a\u8fd0\u8f93\u670d\u52a1\uff0c\u5feb\u901f\u3001\u5408\u7406\u3001\u8bda\u4fe1\u4fdd\u969c\u3002\u6211\u4eec\u4e0d\u65ad\u52aa\u529b\u63d0\u5347\u670d\u52a1\u8d28\u91cf\uff0c\u81f4\u529b\u4e8e\u6210\u4e3a\u6700\u503c\u5f97\u4fe1\u8d56\u7684\u8fd0\u8f93\u4f01\u4e1a\uff0c\u4e3a\u5ba2\u6237\u5e26\u6765\u5b9e\u9645\u4ef7\u503c\u548c\u6700\u5927\u6ee1\u610f\u5ea6\u3002<\/p>\n<h2><b>\u8054\u7cfb Vi\u1ec7t Trung Company<\/b><\/h2>\n<p><em>\u5982\u9700\u66f4\u591a\u4e2d\u8d8a\u8fd0\u8f93\u4fe1\u606f\uff0c\u8bf7\u901a\u8fc7\u4ee5\u4e0b\u65b9\u5f0f\u8054\u7cfb\u6211\u4eec\uff1a<\/em><\/p>\n<p>Email: <a href=\"mailto:viettrungcompany2012@gmail.com\" target=\"_blank\" rel=\"noopener\">viettrungcompany2012@gmail.com<\/a><br \/>\nWebsite: <a href=\"https:\/\/www.viettrungcompany.com\/\" target=\"_blank\" rel=\"noopener\">www.viettrungcompany.com<\/a><br \/>\nFacebook: <a href=\"https:\/\/www.facebook.com\/viettrungcompany\" target=\"_blank\" rel=\"noopener\">https:\/\/www.facebook.com\/viettrungcompany<\/a><br \/>\nYoutube: <a href=\"https:\/\/www.youtube.com\/@viettrungcompany\" target=\"_blank\" rel=\"noopener\">https:\/\/www.youtube.com\/@viettrungcompany<\/a><br \/>\nTiktok: <a href=\"https:\/\/www.tiktok.com\/@viettrungcompany\" target=\"_blank\" rel=\"noopener\">https:\/\/www.tiktok.com\/@viettrungcompany<\/a><\/p>\n<p><em>\u6b64\u5916\uff0c\u60a8\u8fd8\u53ef\u4ee5\u8054\u7cfb Vi\u1ec7t Trung \u5728\u8d8a\u5357\u4e09\u5730\u7684\u529e\u4e8b\u5904\uff1a<\/em><br \/>\n\u2013 \u6cb3\u5185\u529e\u4e8b\u5904\uff1a\u6cb3\u5185\u5e02 Ngh\u0129a \u0110\u00f4 \u533a Quan Hoa \u8857 189 \u53f7\u3002\u7535\u8bdd\uff1a0965551166<br \/>\n\u2013 \u5c98\u6e2f\u529e\u4e8b\u5904\uff1a\u5c98\u6e2f\u5e02 Thanh Kh\u00ea \u533a V\u00f5 V\u0103n T\u1ea7n \u8857 66 \u53f7 Savico \u5927\u697c 2 \u697c\u3002\u7535\u8bdd\uff1a0935131816 \u2013 0967371118<br \/>\n\u2013 \u80e1\u5fd7\u660e\u5e02\u529e\u4e8b\u5904\uff1a\u80e1\u5fd7\u660e\u5e02 B\u1ea3y Hi\u1ec1n \u533a Nguy\u1ec5n Th\u00e1i B\u00ecnh \u8857 264-264A \u53f7\u3002\u7535\u8bdd\uff1a0935086838 \u2013 0962259911\u3002 <\/p>\n","protected":false},"excerpt":{"rendered":"<p>1. \u4ecb\u7ecd \u5728\u56fd\u9645\u8d38\u6613\u6d3b\u52a8\u4e2d\uff0c\u9075\u5b88\u7981\u6b62\u8fdb<\/p>\n","protected":false},"author":1,"featured_media":0,"parent":38580,"menu_order":0,"comment_status":"closed","ping_status":"closed","template":"","meta":{"footnotes":""},"class_list":["post-38586","page","type-page","status-publish","hentry"],"yoast_head":"<!-- This site is optimized with the Yoast SEO plugin v27.4 - https:\/\/yoast.com\/product\/yoast-seo-wordpress\/ -->\n<title>\u4e2d\u6587\u7ffb\u8bd1\uff1a\u5176\u4ed6\u901a\u7528\u653f\u7b56 - Viet Trung Company<\/title>\n<meta name=\"description\" content=\"C\u1eadp nh\u1eadt \u0111\u1ea7y \u0111\u1ee7 danh m\u1ee5c h\u00e0ng h\u00f3a c\u1ea5m nh\u1eadp kh\u1ea9u v\u00e0o Vi\u1ec7t Nam cho d\u00e2n bu\u00f4n v\u00e0 doanh nghi\u1ec7p. Vi\u1ec7t Trung Company chia s\u1ebb quy \u0111\u1ecbnh, m\u1ee9c ph\u1ea1t v\u00e0 l\u01b0u \u00fd khi nh\u1eadp h\u00e0ng t\u1eeb Trung Qu\u1ed1c.\" \/>\n<meta name=\"robots\" content=\"index, follow, max-snippet:-1, max-image-preview:large, max-video-preview:-1\" \/>\n<link rel=\"canonical\" href=\"https:\/\/viettrungcompany.com\/chinh-sach\/chinh-sach-chung-khac\/\" \/>\n<meta property=\"og:locale\" content=\"zh_CN\" \/>\n<meta property=\"og:type\" content=\"article\" \/>\n<meta property=\"og:title\" content=\"\u4e2d\u6587\u7ffb\u8bd1\uff1a\u5176\u4ed6\u901a\u7528\u653f\u7b56 - Viet Trung Company\" \/>\n<meta property=\"og:description\" content=\"C\u1eadp nh\u1eadt \u0111\u1ea7y \u0111\u1ee7 danh m\u1ee5c h\u00e0ng h\u00f3a c\u1ea5m nh\u1eadp kh\u1ea9u v\u00e0o Vi\u1ec7t Nam cho d\u00e2n bu\u00f4n v\u00e0 doanh nghi\u1ec7p. Vi\u1ec7t Trung Company chia s\u1ebb quy \u0111\u1ecbnh, m\u1ee9c ph\u1ea1t v\u00e0 l\u01b0u \u00fd khi nh\u1eadp h\u00e0ng t\u1eeb Trung Qu\u1ed1c.\" \/>\n<meta property=\"og:url\" content=\"https:\/\/viettrungcompany.com\/chinh-sach\/chinh-sach-chung-khac\/\" \/>\n<meta property=\"og:site_name\" content=\"Viet Trung Company\" \/>\n<meta property=\"article:modified_time\" content=\"2025-08-20T08:12:54+00:00\" \/>\n<meta property=\"og:image\" content=\"https:\/\/viettrungcompany.com\/wp-content\/uploads\/2025\/08\/danh-muc-hang-hoa-cam-nhap-khau.png\" \/>\n<meta name=\"twitter:card\" content=\"summary_large_image\" \/>\n<meta name=\"twitter:label1\" content=\"\u9884\u8ba1\u9605\u8bfb\u65f6\u95f4\" \/>\n\t<meta name=\"twitter:data1\" content=\"5 \u5206\" \/>\n<script type=\"application\/ld+json\" class=\"yoast-schema-graph\">{\"@context\":\"https:\\\/\\\/schema.org\",\"@graph\":[{\"@type\":\"WebPage\",\"@id\":\"https:\\\/\\\/viettrungcompany.com\\\/chinh-sach\\\/chinh-sach-chung-khac\\\/\",\"url\":\"https:\\\/\\\/viettrungcompany.com\\\/chinh-sach\\\/chinh-sach-chung-khac\\\/\",\"name\":\"\u4e2d\u6587\u7ffb\u8bd1\uff1a\u5176\u4ed6\u901a\u7528\u653f\u7b56 - Viet Trung Company\",\"isPartOf\":{\"@id\":\"https:\\\/\\\/viettrungcompany.com\\\/#website\"},\"primaryImageOfPage\":{\"@id\":\"https:\\\/\\\/viettrungcompany.com\\\/chinh-sach\\\/chinh-sach-chung-khac\\\/#primaryimage\"},\"image\":{\"@id\":\"https:\\\/\\\/viettrungcompany.com\\\/chinh-sach\\\/chinh-sach-chung-khac\\\/#primaryimage\"},\"thumbnailUrl\":\"https:\\\/\\\/viettrungcompany.com\\\/wp-content\\\/uploads\\\/2025\\\/08\\\/danh-muc-hang-hoa-cam-nhap-khau.png\",\"datePublished\":\"2025-07-20T16:03:08+00:00\",\"dateModified\":\"2025-08-20T08:12:54+00:00\",\"description\":\"C\u1eadp nh\u1eadt \u0111\u1ea7y \u0111\u1ee7 danh m\u1ee5c h\u00e0ng h\u00f3a c\u1ea5m nh\u1eadp kh\u1ea9u v\u00e0o Vi\u1ec7t Nam cho d\u00e2n bu\u00f4n v\u00e0 doanh nghi\u1ec7p. Vi\u1ec7t Trung Company chia s\u1ebb quy \u0111\u1ecbnh, m\u1ee9c ph\u1ea1t v\u00e0 l\u01b0u \u00fd khi nh\u1eadp h\u00e0ng t\u1eeb Trung Qu\u1ed1c.\",\"breadcrumb\":{\"@id\":\"https:\\\/\\\/viettrungcompany.com\\\/chinh-sach\\\/chinh-sach-chung-khac\\\/#breadcrumb\"},\"inLanguage\":\"zh-Hans\",\"potentialAction\":[{\"@type\":\"ReadAction\",\"target\":[\"https:\\\/\\\/viettrungcompany.com\\\/chinh-sach\\\/chinh-sach-chung-khac\\\/\"]}]},{\"@type\":\"ImageObject\",\"inLanguage\":\"zh-Hans\",\"@id\":\"https:\\\/\\\/viettrungcompany.com\\\/chinh-sach\\\/chinh-sach-chung-khac\\\/#primaryimage\",\"url\":\"https:\\\/\\\/viettrungcompany.com\\\/wp-content\\\/uploads\\\/2025\\\/08\\\/danh-muc-hang-hoa-cam-nhap-khau.png\",\"contentUrl\":\"https:\\\/\\\/viettrungcompany.com\\\/wp-content\\\/uploads\\\/2025\\\/08\\\/danh-muc-hang-hoa-cam-nhap-khau.png\"},{\"@type\":\"BreadcrumbList\",\"@id\":\"https:\\\/\\\/viettrungcompany.com\\\/chinh-sach\\\/chinh-sach-chung-khac\\\/#breadcrumb\",\"itemListElement\":[{\"@type\":\"ListItem\",\"position\":1,\"name\":\"Home\",\"item\":\"https:\\\/\\\/viettrungcompany.com\\\/zh-hans\\\/\"},{\"@type\":\"ListItem\",\"position\":2,\"name\":\"\u653f\u7b56\",\"item\":\"https:\\\/\\\/viettrungcompany.com\\\/zh-hans\\\/%e6%94%bf%e7%ad%96\\\/\"},{\"@type\":\"ListItem\",\"position\":3,\"name\":\"\u4e2d\u6587\u7ffb\u8bd1\uff1a\u5176\u4ed6\u901a\u7528\u653f\u7b56\"}]},{\"@type\":\"WebSite\",\"@id\":\"https:\\\/\\\/viettrungcompany.com\\\/#website\",\"url\":\"https:\\\/\\\/viettrungcompany.com\\\/\",\"name\":\"Viet Trung Company\",\"description\":\"\",\"potentialAction\":[{\"@type\":\"SearchAction\",\"target\":{\"@type\":\"EntryPoint\",\"urlTemplate\":\"https:\\\/\\\/viettrungcompany.com\\\/?s={search_term_string}\"},\"query-input\":{\"@type\":\"PropertyValueSpecification\",\"valueRequired\":true,\"valueName\":\"search_term_string\"}}],\"inLanguage\":\"zh-Hans\"}]}<\/script>\n<!-- \/ Yoast SEO plugin. -->","yoast_head_json":{"title":"\u4e2d\u6587\u7ffb\u8bd1\uff1a\u5176\u4ed6\u901a\u7528\u653f\u7b56 - Viet Trung Company","description":"C\u1eadp nh\u1eadt \u0111\u1ea7y \u0111\u1ee7 danh m\u1ee5c h\u00e0ng h\u00f3a c\u1ea5m nh\u1eadp kh\u1ea9u v\u00e0o Vi\u1ec7t Nam cho d\u00e2n bu\u00f4n v\u00e0 doanh nghi\u1ec7p. Vi\u1ec7t Trung Company chia s\u1ebb quy \u0111\u1ecbnh, m\u1ee9c ph\u1ea1t v\u00e0 l\u01b0u \u00fd khi nh\u1eadp h\u00e0ng t\u1eeb Trung Qu\u1ed1c.","robots":{"index":"index","follow":"follow","max-snippet":"max-snippet:-1","max-image-preview":"max-image-preview:large","max-video-preview":"max-video-preview:-1"},"canonical":"https:\/\/viettrungcompany.com\/chinh-sach\/chinh-sach-chung-khac\/","og_locale":"zh_CN","og_type":"article","og_title":"\u4e2d\u6587\u7ffb\u8bd1\uff1a\u5176\u4ed6\u901a\u7528\u653f\u7b56 - Viet Trung Company","og_description":"C\u1eadp nh\u1eadt \u0111\u1ea7y \u0111\u1ee7 danh m\u1ee5c h\u00e0ng h\u00f3a c\u1ea5m nh\u1eadp kh\u1ea9u v\u00e0o Vi\u1ec7t Nam cho d\u00e2n bu\u00f4n v\u00e0 doanh nghi\u1ec7p. Vi\u1ec7t Trung Company chia s\u1ebb quy \u0111\u1ecbnh, m\u1ee9c ph\u1ea1t v\u00e0 l\u01b0u \u00fd khi nh\u1eadp h\u00e0ng t\u1eeb Trung Qu\u1ed1c.","og_url":"https:\/\/viettrungcompany.com\/chinh-sach\/chinh-sach-chung-khac\/","og_site_name":"Viet Trung Company","article_modified_time":"2025-08-20T08:12:54+00:00","og_image":[{"url":"https:\/\/viettrungcompany.com\/wp-content\/uploads\/2025\/08\/danh-muc-hang-hoa-cam-nhap-khau.png","type":"","width":"","height":""}],"twitter_card":"summary_large_image","twitter_misc":{"\u9884\u8ba1\u9605\u8bfb\u65f6\u95f4":"5 \u5206"},"schema":{"@context":"https:\/\/schema.org","@graph":[{"@type":"WebPage","@id":"https:\/\/viettrungcompany.com\/chinh-sach\/chinh-sach-chung-khac\/","url":"https:\/\/viettrungcompany.com\/chinh-sach\/chinh-sach-chung-khac\/","name":"\u4e2d\u6587\u7ffb\u8bd1\uff1a\u5176\u4ed6\u901a\u7528\u653f\u7b56 - Viet Trung Company","isPartOf":{"@id":"https:\/\/viettrungcompany.com\/#website"},"primaryImageOfPage":{"@id":"https:\/\/viettrungcompany.com\/chinh-sach\/chinh-sach-chung-khac\/#primaryimage"},"image":{"@id":"https:\/\/viettrungcompany.com\/chinh-sach\/chinh-sach-chung-khac\/#primaryimage"},"thumbnailUrl":"https:\/\/viettrungcompany.com\/wp-content\/uploads\/2025\/08\/danh-muc-hang-hoa-cam-nhap-khau.png","datePublished":"2025-07-20T16:03:08+00:00","dateModified":"2025-08-20T08:12:54+00:00","description":"C\u1eadp nh\u1eadt \u0111\u1ea7y \u0111\u1ee7 danh m\u1ee5c h\u00e0ng h\u00f3a c\u1ea5m nh\u1eadp kh\u1ea9u v\u00e0o Vi\u1ec7t Nam cho d\u00e2n bu\u00f4n v\u00e0 doanh nghi\u1ec7p. Vi\u1ec7t Trung Company chia s\u1ebb quy \u0111\u1ecbnh, m\u1ee9c ph\u1ea1t v\u00e0 l\u01b0u \u00fd khi nh\u1eadp h\u00e0ng t\u1eeb Trung Qu\u1ed1c.","breadcrumb":{"@id":"https:\/\/viettrungcompany.com\/chinh-sach\/chinh-sach-chung-khac\/#breadcrumb"},"inLanguage":"zh-Hans","potentialAction":[{"@type":"ReadAction","target":["https:\/\/viettrungcompany.com\/chinh-sach\/chinh-sach-chung-khac\/"]}]},{"@type":"ImageObject","inLanguage":"zh-Hans","@id":"https:\/\/viettrungcompany.com\/chinh-sach\/chinh-sach-chung-khac\/#primaryimage","url":"https:\/\/viettrungcompany.com\/wp-content\/uploads\/2025\/08\/danh-muc-hang-hoa-cam-nhap-khau.png","contentUrl":"https:\/\/viettrungcompany.com\/wp-content\/uploads\/2025\/08\/danh-muc-hang-hoa-cam-nhap-khau.png"},{"@type":"BreadcrumbList","@id":"https:\/\/viettrungcompany.com\/chinh-sach\/chinh-sach-chung-khac\/#breadcrumb","itemListElement":[{"@type":"ListItem","position":1,"name":"Home","item":"https:\/\/viettrungcompany.com\/zh-hans\/"},{"@type":"ListItem","position":2,"name":"\u653f\u7b56","item":"https:\/\/viettrungcompany.com\/zh-hans\/%e6%94%bf%e7%ad%96\/"},{"@type":"ListItem","position":3,"name":"\u4e2d\u6587\u7ffb\u8bd1\uff1a\u5176\u4ed6\u901a\u7528\u653f\u7b56"}]},{"@type":"WebSite","@id":"https:\/\/viettrungcompany.com\/#website","url":"https:\/\/viettrungcompany.com\/","name":"Viet Trung Company","description":"","potentialAction":[{"@type":"SearchAction","target":{"@type":"EntryPoint","urlTemplate":"https:\/\/viettrungcompany.com\/?s={search_term_string}"},"query-input":{"@type":"PropertyValueSpecification","valueRequired":true,"valueName":"search_term_string"}}],"inLanguage":"zh-Hans"}]}},"_links":{"self":[{"href":"https:\/\/viettrungcompany.com\/zh-hans\/wp-json\/wp\/v2\/pages\/38586","targetHints":{"allow":["GET"]}}],"collection":[{"href":"https:\/\/viettrungcompany.com\/zh-hans\/wp-json\/wp\/v2\/pages"}],"about":[{"href":"https:\/\/viettrungcompany.com\/zh-hans\/wp-json\/wp\/v2\/types\/page"}],"author":[{"embeddable":true,"href":"https:\/\/viettrungcompany.com\/zh-hans\/wp-json\/wp\/v2\/users\/1"}],"replies":[{"embeddable":true,"href":"https:\/\/viettrungcompany.com\/zh-hans\/wp-json\/wp\/v2\/comments?post=38586"}],"version-history":[{"count":1,"href":"https:\/\/viettrungcompany.com\/zh-hans\/wp-json\/wp\/v2\/pages\/38586\/revisions"}],"predecessor-version":[{"id":39356,"href":"https:\/\/viettrungcompany.com\/zh-hans\/wp-json\/wp\/v2\/pages\/38586\/revisions\/39356"}],"up":[{"embeddable":true,"href":"https:\/\/viettrungcompany.com\/zh-hans\/wp-json\/wp\/v2\/pages\/38580"}],"wp:attachment":[{"href":"https:\/\/viettrungcompany.com\/zh-hans\/wp-json\/wp\/v2\/media?parent=38586"}],"curies":[{"name":"wp","href":"https:\/\/api.w.org\/{rel}","templated":true}]}}