{"id":38588,"date":"2025-07-20T23:02:14","date_gmt":"2025-07-20T16:02:14","guid":{"rendered":"https:\/\/viettrungcompany.com\/chinh-sach\/chinh-sach-nhap-khau-chinh-ngach\/"},"modified":"2025-08-20T15:11:40","modified_gmt":"2025-08-20T08:11:40","slug":"%e4%b8%ad%e6%96%87%e7%bf%bb%e8%af%91%ef%bc%9a%e6%ad%a3%e8%a7%84%e8%bf%9b%e5%8f%a3%e6%94%bf%e7%ad%96","status":"publish","type":"page","link":"https:\/\/viettrungcompany.com\/zh-hans\/%e6%94%bf%e7%ad%96\/%e4%b8%ad%e6%96%87%e7%bf%bb%e8%af%91%ef%bc%9a%e6%ad%a3%e8%a7%84%e8%bf%9b%e5%8f%a3%e6%94%bf%e7%ad%96\/","title":{"rendered":"\u4e2d\u6587\u7ffb\u8bd1\uff1a\u6b63\u89c4\u8fdb\u53e3\u653f\u7b56"},"content":{"rendered":"<h1 style=\"text-align: center;\"><strong>\u6b63\u89c4\u8fdb\u53e3\u653f\u7b56<\/strong><\/h1>\n<p><strong>Vi\u1ec7t Trung Company<\/strong> \u63d0\u4f9b\u4e13\u4e1a\u7684<strong>\u6b63\u89c4\u8fdb\u53e3\u670d\u52a1<\/strong>\uff0c\u5355\u636e\u900f\u660e\uff0c\u786e\u4fdd\u8d27\u7269\u5feb\u901f\u3001\u5b89\u5168\u3001\u5408\u6cd5\u6e05\u5173\u3002\u8be5\u670d\u52a1\u9002\u5408<strong>\u4e2a\u4f53\u5de5\u5546\u6237<\/strong>\u548c<strong>\u4f01\u4e1a<\/strong>\uff0c\u5e2e\u52a9\u4ed6\u4eec\u4ee5\u5408\u7406\u6210\u672c\u5c06\u4e2d\u56fd\u8d27\u7269\u8fdb\u53e3\u81f3\u8d8a\u5357\u3002<\/p>\n<p><img loading=\"lazy\" decoding=\"async\" id=\"chinh-sach-nhap-khau-chinh-ngach\" class=\"aligncenter\" dir=\"ltr\" lang=\"zh\" title=\"\u6b63\u89c4\u8fdb\u53e3\u653f\u7b56\" src=\"https:\/\/viettrungcompany.com\/wp-content\/uploads\/2025\/07\/chinh-sach-nhap-khau-chinh-ngach.png\" alt=\"\u6b63\u89c4\u8fdb\u53e3\u653f\u7b56\" width=\"940\" height=\"788\" \/><\/p>\n<h2><strong>Vi\u1ec7t Trung \u7684\u6b63\u89c4\u8fdb\u53e3\u5f62\u5f0f<\/strong><\/h2>\n<h3>1. <strong>\u62fc\u7bb1\u6b63\u89c4\u8fdb\u53e3<\/strong><\/h3>\n<p>&#8211; \u9002\u5408\u5c0f\u6279\u91cf\u5ba2\u6237<br \/>\n&#8211; \u53ef\u9009\u62e9\u9646\u8fd0\u6216\u6d77\u8fd0  <\/p>\n<h3>2. <strong>\u6574\u67dc\u8fdb\u53e3<\/strong><\/h3>\n<p>&#8211; \u9002\u5408\u5927\u6279\u91cf\u4f01\u4e1a<br \/>\n&#8211; \u53ef\u5728\u62a5\u5173\u5355\u4e0a\u4f7f\u7528\u4f01\u4e1a\u540d\u4e49  <\/p>\n<h3>3. <strong>\u5feb\u901f\u8fd0\u8f93 &#8211; \u591a\u5f0f\u8054\u8fd0 &#8211; \u7a7a\u8fd0<\/strong><\/h3>\n<p>&#8211; \u9002\u5408\u7d27\u6025\u8d27\u7269\uff0c\u9700\u8981\u5feb\u901f\u4ea4\u4ed8  <\/p>\n<h2><strong>\u6b63\u89c4\u8fdb\u53e3\u670d\u52a1\u8d39\u7528\u8ba1\u7b97\u65b9\u5f0f<\/strong><\/h2>\n<p><strong>\u603b\u8d39\u7528 = A. \u8fdb\u51fa\u53e3\u4ee3\u7406\u8d39 + B. \u8fd0\u8d39 + C. \u8fdb\u53e3\u7a0e &#038; \u589e\u503c\u7a0e + D. \u4e13\u4e1a\u68c0\u67e5\u8d39\u7528\uff08\u5982\u6709\uff09<\/strong><\/p>\n<p><strong>&#8211; \u4ee3\u7406\u8d39<\/strong>\uff1a\u4ece <strong>500,000 \u8d8a\u76fe\/\u9879<\/strong> \u8d77<br \/>\n<strong>&#8211; \u8fd0\u8d39<\/strong>\uff1a\u6309\u516c\u65a4\u6216\u7acb\u65b9\u7c73\u8ba1\u8d39\uff0c<strong>8,000 \u2013 2,600,000 \u8d8a\u76fe<\/strong>\uff0c\u89c6\u8d27\u7269\u53ca\u4ea4\u8d27\u5730\u70b9\u800c\u5b9a<br \/>\n<strong>&#8211; \u7a0e\u8d39 &#038; \u589e\u503c\u7a0e<\/strong>\uff1a\u6309\u5546\u54c1\u89c4\u5b9a\uff0c\u5e73\u5747 <strong>10,000 \u2013 30,000 \u8d8a\u76fe\/kg<\/strong><br \/>\n<strong>&#8211; \u4e13\u4e1a\u68c0\u67e5\u8d39\u7528<\/strong>\uff1a<strong>1,000,000 \u2013 12,000,000 \u8d8a\u76fe<\/strong>\uff08\u98df\u54c1\u3001\u5bb6\u7535\u3001\u73a9\u5177\u7b49\uff09  <\/p>\n<h2><strong>\u8fdb\u53e3\u8d27\u7269\u8d54\u507f\u653f\u7b56<\/strong><\/h2>\n<h3><strong>\u4f7f\u7528\u8d27\u7269\u4fdd\u9669\u7684\u60c5\u51b5\uff1a<\/strong><\/h3>\n<p>&#8211; \u8d54\u507f\u6700\u9ad8 <strong>100% \u62a5\u5173\u4ef7\u503c<\/strong><br \/>\n&#8211; \u4fdd\u9669\u8d39\uff1a\u8d27\u503c\u7684 <strong>5% \u2013 7%<\/strong>  <\/p>\n<h3><strong>\u672a\u4f7f\u7528\u8d27\u7269\u4fdd\u9669\u7684\u60c5\u51b5\uff1a<\/strong><\/h3>\n<p>&#8211; \u6309\u5428\u8ba1\u8d39\u8d27\u7269\uff1a\u6700\u9ad8 <strong>20,000,000 \u8d8a\u76fe\/\u5428<\/strong><br \/>\n&#8211; \u6309\u7acb\u65b9\u7c73\u8ba1\u8d39\u8d27\u7269\uff1a\u6700\u9ad8 <strong>10,000,000 \u8d8a\u76fe\/m\u00b3<\/strong><br \/>\n&#8211; \u226550kg \u7684\u6742\u8d27\uff1a\u6700\u9ad8 <strong>15,000,000 \u8d8a\u76fe\/\u5305<\/strong><br \/>\n&#8211; &lt;50kg \u7684\u6742\u8d27\uff1a\u6700\u9ad8 <strong>250,000 \u8d8a\u76fe\/kg<\/strong><br \/>\n&#8211; \u96f6\u5355\u8ba2\u5355\uff1a<strong>100,000 \u8d8a\u76fe\/kg<\/strong>  <\/p>\n<h3><strong>\u8d27\u7269\u7834\u635f\u60c5\u51b5\uff1a<\/strong><\/h3>\n<p>&#8211; \u63d0\u524d\u544a\u77e5\u5305\u88c5\u6807\u51c6\uff1a\u53ef\u8d54\u507f<br \/>\n&#8211; \u672a\u63d0\u524d\u544a\u77e5\uff1a\u4e0d\u8d54\u507f<br \/>\n&#8211; \u56e0\u8fd0\u8f93\u6324\u538b\u635f\u574f\uff1a\u6700\u9ad8\u8d54\u507f 100% \u62a5\u5173\u4ef7\u503c  <\/p>\n<p><strong>\u6ce8\u610f\uff1a<\/strong> \u6240\u6709\u5173\u4e8e\u635f\u574f\u7684\u6295\u8bc9\uff0c\u5fc5\u987b\u63d0\u4f9b<strong>\u5378\u8d27\u89c6\u9891<\/strong>\u3002  <\/p>\n<h2><strong>\u4e3a\u4ec0\u4e48\u9009\u62e9 Vi\u1ec7t Trung \u6b63\u89c4\u8fdb\u53e3\uff1f<\/strong><\/h2>\n<p>&#8211; 15 \u5e74\u7269\u6d41\u9886\u57df\u7ecf\u9a8c<br \/>\n&#8211; \u7075\u6d3b\u670d\u52a1\uff1a\u5c0f\u5355\u3001\u62fc\u7bb1\u3001\u6574\u67dc<br \/>\n&#8211; \u6e05\u5173\u5feb\u901f\uff0c\u7a0e\u8d39\u900f\u660e<br \/>\n&#8211; \u4fdd\u9669\u660e\u786e\uff0c\u8d54\u507f\u6e05\u6670  <\/p>\n<p>\ud83d\udc49 <a href=\"https:\/\/zalo.me\/197969820382043562\" target=\"_blank\" rel=\"noopener\">\u514d\u8d39\u54a8\u8be2\u6b63\u89c4\u8fdb\u53e3\u670d\u52a1<\/a><\/p>\n<p><strong>VI\u1ec6T TRUNG COMPANY<\/strong> \u4e13\u4e1a\u63d0\u4f9b Taobao\u30011688\u3001Tmall\u3001Alibaba \u4ee3\u8d2d\uff0c\u62a2\u8d2d Zara\u3001H&#038;M\u3001Lining \u7b49\u5546\u54c1\uff0c\u4ee5\u53ca\u4e2d\u56fd\u81f3\u8d8a\u5357\u8fd0\u8f93\u670d\u52a1\uff0c\u5feb\u901f\u3001\u4ef7\u683c\u5408\u7406\u3001\u8bda\u4fe1\u6709\u4fdd\u969c\u3002\u6211\u4eec\u4e0d\u65ad\u52aa\u529b\u63d0\u5347\u670d\u52a1\u8d28\u91cf\uff0c\u81f4\u529b\u4e8e\u6210\u4e3a\u6700\u503c\u5f97\u4fe1\u8d56\u7684\u8fd0\u8f93\u4f01\u4e1a\uff0c\u4e3a\u5ba2\u6237\u5e26\u6765\u5207\u5b9e\u4ef7\u503c\u548c\u6ee1\u610f\u4f53\u9a8c\u3002<\/p>\n<h2><b>\u8054\u7cfb Vi\u1ec7t Trung Company<\/b><\/h2>\n<p><em>\u5982\u9700\u66f4\u591a\u4e2d\u8d8a\u8fd0\u8f93\u4fe1\u606f\uff0c\u8bf7\u901a\u8fc7\u4ee5\u4e0b\u65b9\u5f0f\u8054\u7cfb\u6211\u4eec\uff1a<\/em><\/p>\n<p>Email: <a href=\"mailto:viettrungcompany2012@gmail.com\" target=\"_blank\" rel=\"noopener\">viettrungcompany2012@gmail.com<\/a><br \/>\nWebsite: <a href=\"https:\/\/www.viettrungcompany.com\/\" target=\"_blank\" rel=\"noopener\">www.viettrungcompany.com<\/a><br \/>\nFacebook: <a href=\"https:\/\/www.facebook.com\/viettrungcompany\" target=\"_blank\" rel=\"noopener\">https:\/\/www.facebook.com\/viettrungcompany<\/a><br \/>\nYoutube: <a href=\"https:\/\/www.youtube.com\/@viettrungcompany\" target=\"_blank\" rel=\"noopener\">https:\/\/www.youtube.com\/@viettrungcompany<\/a><br \/>\nTiktok: <a href=\"https:\/\/www.tiktok.com\/@viettrungcompany\" target=\"_blank\" rel=\"noopener\">https:\/\/www.tiktok.com\/@viettrungcompany<\/a><\/p>\n<p><em>\u6b64\u5916\uff0c\u60a8\u8fd8\u53ef\u4ee5\u8054\u7cfb Vi\u1ec7t Trung \u5728\u8d8a\u5357\u4e09\u5730\u7684\u529e\u4e8b\u5904\uff1a<\/em><br \/>\n\u2013 \u6cb3\u5185\u529e\u4e8b\u5904\uff1a\u6cb3\u5185\u5e02 Ngh\u0129a \u0110\u00f4 \u533a Quan Hoa \u8857 189 \u53f7\u3002\u7535\u8bdd\uff1a0965551166<br \/>\n\u2013 \u5c98\u6e2f\u529e\u4e8b\u5904\uff1a\u5c98\u6e2f\u5e02 Thanh Kh\u00ea \u533a V\u00f5 V\u0103n T\u1ea7n \u8857 66 \u53f7 Savico \u5927\u697c 2 \u697c\u3002\u7535\u8bdd\uff1a0935131816 \u2013 0967371118<br \/>\n\u2013 \u80e1\u5fd7\u660e\u5e02\u529e\u4e8b\u5904\uff1a\u80e1\u5fd7\u660e\u5e02 B\u1ea3y Hi\u1ec1n \u533a Nguy\u1ec5n Th\u00e1i B\u00ecnh \u8857 264-264A \u53f7\u3002\u7535\u8bdd\uff1a0935086838 \u2013 0962259911\u3002<\/p>\n","protected":false},"excerpt":{"rendered":"<p>\u6b63\u89c4\u8fdb\u53e3\u653f\u7b56 Vi\u1ec7t Trung Co<\/p>\n","protected":false},"author":1,"featured_media":0,"parent":38580,"menu_order":0,"comment_status":"closed","ping_status":"closed","template":"","meta":{"footnotes":""},"class_list":["post-38588","page","type-page","status-publish","hentry"],"yoast_head":"<!-- This site is optimized with the Yoast SEO plugin v27.4 - https:\/\/yoast.com\/product\/yoast-seo-wordpress\/ -->\n<title>\u4e2d\u6587\u7ffb\u8bd1\uff1a\u6b63\u89c4\u8fdb\u53e3\u653f\u7b56 - Viet Trung Company<\/title>\n<meta name=\"description\" content=\"Vi\u1ec7t Trung Company\u00a0cung c\u1ea5p d\u1ecbch v\u1ee5\u00a0nh\u1eadp kh\u1ea9u ch\u00ednh ng\u1ea1ch\u00a0chuy\u00ean nghi\u1ec7p, minh b\u1ea1ch gi\u1ea5y t\u1edd, \u0111\u1ea3m b\u1ea3o h\u00e0ng h\u00f3a \u0111\u01b0\u1ee3c th\u00f4ng quan nhanh ch\u00f3ng, an to\u00e0n, h\u1ee3p ph\u00e1p. D\u1ecbch v\u1ee5 ph\u00f9 h\u1ee3p v\u1edbi\u00a0h\u1ed9 kinh doanh\u00a0v\u00e0\u00a0doanh nghi\u1ec7p\u00a0mong mu\u1ed1n nh\u1eadp h\u00e0ng Trung Qu\u1ed1c v\u1ec1 Vi\u1ec7t Nam v\u1edbi chi ph\u00ed h\u1ee3p l\u00fd.\" \/>\n<meta name=\"robots\" content=\"index, follow, max-snippet:-1, max-image-preview:large, max-video-preview:-1\" \/>\n<link rel=\"canonical\" href=\"https:\/\/viettrungcompany.com\/chinh-sach\/chinh-sach-nhap-khau-chinh-ngach\/\" \/>\n<meta property=\"og:locale\" content=\"zh_CN\" \/>\n<meta property=\"og:type\" content=\"article\" \/>\n<meta property=\"og:title\" content=\"\u4e2d\u6587\u7ffb\u8bd1\uff1a\u6b63\u89c4\u8fdb\u53e3\u653f\u7b56 - Viet Trung Company\" \/>\n<meta property=\"og:description\" content=\"Vi\u1ec7t Trung Company\u00a0cung c\u1ea5p d\u1ecbch v\u1ee5\u00a0nh\u1eadp kh\u1ea9u ch\u00ednh ng\u1ea1ch\u00a0chuy\u00ean nghi\u1ec7p, minh b\u1ea1ch gi\u1ea5y t\u1edd, \u0111\u1ea3m b\u1ea3o h\u00e0ng h\u00f3a \u0111\u01b0\u1ee3c th\u00f4ng quan nhanh ch\u00f3ng, an to\u00e0n, h\u1ee3p ph\u00e1p. D\u1ecbch v\u1ee5 ph\u00f9 h\u1ee3p v\u1edbi\u00a0h\u1ed9 kinh doanh\u00a0v\u00e0\u00a0doanh nghi\u1ec7p\u00a0mong mu\u1ed1n nh\u1eadp h\u00e0ng Trung Qu\u1ed1c v\u1ec1 Vi\u1ec7t Nam v\u1edbi chi ph\u00ed h\u1ee3p l\u00fd.\" \/>\n<meta property=\"og:url\" content=\"https:\/\/viettrungcompany.com\/chinh-sach\/chinh-sach-nhap-khau-chinh-ngach\/\" \/>\n<meta property=\"og:site_name\" content=\"Viet Trung Company\" \/>\n<meta property=\"article:modified_time\" content=\"2025-08-20T08:11:40+00:00\" \/>\n<meta property=\"og:image\" content=\"https:\/\/viettrungcompany.com\/wp-content\/uploads\/2025\/07\/chinh-sach-nhap-khau-chinh-ngach.png\" \/>\n<meta name=\"twitter:card\" content=\"summary_large_image\" \/>\n<meta name=\"twitter:label1\" content=\"\u9884\u8ba1\u9605\u8bfb\u65f6\u95f4\" \/>\n\t<meta name=\"twitter:data1\" content=\"4 \u5206\" \/>\n<script type=\"application\/ld+json\" class=\"yoast-schema-graph\">{\"@context\":\"https:\\\/\\\/schema.org\",\"@graph\":[{\"@type\":\"WebPage\",\"@id\":\"https:\\\/\\\/viettrungcompany.com\\\/chinh-sach\\\/chinh-sach-nhap-khau-chinh-ngach\\\/\",\"url\":\"https:\\\/\\\/viettrungcompany.com\\\/chinh-sach\\\/chinh-sach-nhap-khau-chinh-ngach\\\/\",\"name\":\"\u4e2d\u6587\u7ffb\u8bd1\uff1a\u6b63\u89c4\u8fdb\u53e3\u653f\u7b56 - Viet Trung Company\",\"isPartOf\":{\"@id\":\"https:\\\/\\\/viettrungcompany.com\\\/#website\"},\"primaryImageOfPage\":{\"@id\":\"https:\\\/\\\/viettrungcompany.com\\\/chinh-sach\\\/chinh-sach-nhap-khau-chinh-ngach\\\/#primaryimage\"},\"image\":{\"@id\":\"https:\\\/\\\/viettrungcompany.com\\\/chinh-sach\\\/chinh-sach-nhap-khau-chinh-ngach\\\/#primaryimage\"},\"thumbnailUrl\":\"https:\\\/\\\/viettrungcompany.com\\\/wp-content\\\/uploads\\\/2025\\\/07\\\/chinh-sach-nhap-khau-chinh-ngach.png\",\"datePublished\":\"2025-07-20T16:02:14+00:00\",\"dateModified\":\"2025-08-20T08:11:40+00:00\",\"description\":\"Vi\u1ec7t Trung Company\u00a0cung c\u1ea5p d\u1ecbch v\u1ee5\u00a0nh\u1eadp kh\u1ea9u ch\u00ednh ng\u1ea1ch\u00a0chuy\u00ean nghi\u1ec7p, minh b\u1ea1ch gi\u1ea5y t\u1edd, \u0111\u1ea3m b\u1ea3o h\u00e0ng h\u00f3a \u0111\u01b0\u1ee3c th\u00f4ng quan nhanh ch\u00f3ng, an to\u00e0n, h\u1ee3p ph\u00e1p. D\u1ecbch v\u1ee5 ph\u00f9 h\u1ee3p v\u1edbi\u00a0h\u1ed9 kinh doanh\u00a0v\u00e0\u00a0doanh nghi\u1ec7p\u00a0mong mu\u1ed1n nh\u1eadp h\u00e0ng Trung Qu\u1ed1c v\u1ec1 Vi\u1ec7t Nam v\u1edbi chi ph\u00ed h\u1ee3p l\u00fd.\",\"breadcrumb\":{\"@id\":\"https:\\\/\\\/viettrungcompany.com\\\/chinh-sach\\\/chinh-sach-nhap-khau-chinh-ngach\\\/#breadcrumb\"},\"inLanguage\":\"zh-Hans\",\"potentialAction\":[{\"@type\":\"ReadAction\",\"target\":[\"https:\\\/\\\/viettrungcompany.com\\\/chinh-sach\\\/chinh-sach-nhap-khau-chinh-ngach\\\/\"]}]},{\"@type\":\"ImageObject\",\"inLanguage\":\"zh-Hans\",\"@id\":\"https:\\\/\\\/viettrungcompany.com\\\/chinh-sach\\\/chinh-sach-nhap-khau-chinh-ngach\\\/#primaryimage\",\"url\":\"https:\\\/\\\/viettrungcompany.com\\\/wp-content\\\/uploads\\\/2025\\\/07\\\/chinh-sach-nhap-khau-chinh-ngach.png\",\"contentUrl\":\"https:\\\/\\\/viettrungcompany.com\\\/wp-content\\\/uploads\\\/2025\\\/07\\\/chinh-sach-nhap-khau-chinh-ngach.png\"},{\"@type\":\"BreadcrumbList\",\"@id\":\"https:\\\/\\\/viettrungcompany.com\\\/chinh-sach\\\/chinh-sach-nhap-khau-chinh-ngach\\\/#breadcrumb\",\"itemListElement\":[{\"@type\":\"ListItem\",\"position\":1,\"name\":\"Home\",\"item\":\"https:\\\/\\\/viettrungcompany.com\\\/zh-hans\\\/\"},{\"@type\":\"ListItem\",\"position\":2,\"name\":\"\u653f\u7b56\",\"item\":\"https:\\\/\\\/viettrungcompany.com\\\/zh-hans\\\/%e6%94%bf%e7%ad%96\\\/\"},{\"@type\":\"ListItem\",\"position\":3,\"name\":\"\u4e2d\u6587\u7ffb\u8bd1\uff1a\u6b63\u89c4\u8fdb\u53e3\u653f\u7b56\"}]},{\"@type\":\"WebSite\",\"@id\":\"https:\\\/\\\/viettrungcompany.com\\\/#website\",\"url\":\"https:\\\/\\\/viettrungcompany.com\\\/\",\"name\":\"Viet Trung Company\",\"description\":\"\",\"potentialAction\":[{\"@type\":\"SearchAction\",\"target\":{\"@type\":\"EntryPoint\",\"urlTemplate\":\"https:\\\/\\\/viettrungcompany.com\\\/?s={search_term_string}\"},\"query-input\":{\"@type\":\"PropertyValueSpecification\",\"valueRequired\":true,\"valueName\":\"search_term_string\"}}],\"inLanguage\":\"zh-Hans\"}]}<\/script>\n<!-- \/ Yoast SEO plugin. -->","yoast_head_json":{"title":"\u4e2d\u6587\u7ffb\u8bd1\uff1a\u6b63\u89c4\u8fdb\u53e3\u653f\u7b56 - Viet Trung Company","description":"Vi\u1ec7t Trung Company\u00a0cung c\u1ea5p d\u1ecbch v\u1ee5\u00a0nh\u1eadp kh\u1ea9u ch\u00ednh ng\u1ea1ch\u00a0chuy\u00ean nghi\u1ec7p, minh b\u1ea1ch gi\u1ea5y t\u1edd, \u0111\u1ea3m b\u1ea3o h\u00e0ng h\u00f3a \u0111\u01b0\u1ee3c th\u00f4ng quan nhanh ch\u00f3ng, an to\u00e0n, h\u1ee3p ph\u00e1p. D\u1ecbch v\u1ee5 ph\u00f9 h\u1ee3p v\u1edbi\u00a0h\u1ed9 kinh doanh\u00a0v\u00e0\u00a0doanh nghi\u1ec7p\u00a0mong mu\u1ed1n nh\u1eadp h\u00e0ng Trung Qu\u1ed1c v\u1ec1 Vi\u1ec7t Nam v\u1edbi chi ph\u00ed h\u1ee3p l\u00fd.","robots":{"index":"index","follow":"follow","max-snippet":"max-snippet:-1","max-image-preview":"max-image-preview:large","max-video-preview":"max-video-preview:-1"},"canonical":"https:\/\/viettrungcompany.com\/chinh-sach\/chinh-sach-nhap-khau-chinh-ngach\/","og_locale":"zh_CN","og_type":"article","og_title":"\u4e2d\u6587\u7ffb\u8bd1\uff1a\u6b63\u89c4\u8fdb\u53e3\u653f\u7b56 - Viet Trung Company","og_description":"Vi\u1ec7t Trung Company\u00a0cung c\u1ea5p d\u1ecbch v\u1ee5\u00a0nh\u1eadp kh\u1ea9u ch\u00ednh ng\u1ea1ch\u00a0chuy\u00ean nghi\u1ec7p, minh b\u1ea1ch gi\u1ea5y t\u1edd, \u0111\u1ea3m b\u1ea3o h\u00e0ng h\u00f3a \u0111\u01b0\u1ee3c th\u00f4ng quan nhanh ch\u00f3ng, an to\u00e0n, h\u1ee3p ph\u00e1p. D\u1ecbch v\u1ee5 ph\u00f9 h\u1ee3p v\u1edbi\u00a0h\u1ed9 kinh doanh\u00a0v\u00e0\u00a0doanh nghi\u1ec7p\u00a0mong mu\u1ed1n nh\u1eadp h\u00e0ng Trung Qu\u1ed1c v\u1ec1 Vi\u1ec7t Nam v\u1edbi chi ph\u00ed h\u1ee3p l\u00fd.","og_url":"https:\/\/viettrungcompany.com\/chinh-sach\/chinh-sach-nhap-khau-chinh-ngach\/","og_site_name":"Viet Trung Company","article_modified_time":"2025-08-20T08:11:40+00:00","og_image":[{"url":"https:\/\/viettrungcompany.com\/wp-content\/uploads\/2025\/07\/chinh-sach-nhap-khau-chinh-ngach.png","type":"","width":"","height":""}],"twitter_card":"summary_large_image","twitter_misc":{"\u9884\u8ba1\u9605\u8bfb\u65f6\u95f4":"4 \u5206"},"schema":{"@context":"https:\/\/schema.org","@graph":[{"@type":"WebPage","@id":"https:\/\/viettrungcompany.com\/chinh-sach\/chinh-sach-nhap-khau-chinh-ngach\/","url":"https:\/\/viettrungcompany.com\/chinh-sach\/chinh-sach-nhap-khau-chinh-ngach\/","name":"\u4e2d\u6587\u7ffb\u8bd1\uff1a\u6b63\u89c4\u8fdb\u53e3\u653f\u7b56 - Viet Trung Company","isPartOf":{"@id":"https:\/\/viettrungcompany.com\/#website"},"primaryImageOfPage":{"@id":"https:\/\/viettrungcompany.com\/chinh-sach\/chinh-sach-nhap-khau-chinh-ngach\/#primaryimage"},"image":{"@id":"https:\/\/viettrungcompany.com\/chinh-sach\/chinh-sach-nhap-khau-chinh-ngach\/#primaryimage"},"thumbnailUrl":"https:\/\/viettrungcompany.com\/wp-content\/uploads\/2025\/07\/chinh-sach-nhap-khau-chinh-ngach.png","datePublished":"2025-07-20T16:02:14+00:00","dateModified":"2025-08-20T08:11:40+00:00","description":"Vi\u1ec7t Trung Company\u00a0cung c\u1ea5p d\u1ecbch v\u1ee5\u00a0nh\u1eadp kh\u1ea9u ch\u00ednh ng\u1ea1ch\u00a0chuy\u00ean nghi\u1ec7p, minh b\u1ea1ch gi\u1ea5y t\u1edd, \u0111\u1ea3m b\u1ea3o h\u00e0ng h\u00f3a \u0111\u01b0\u1ee3c th\u00f4ng quan nhanh ch\u00f3ng, an to\u00e0n, h\u1ee3p ph\u00e1p. D\u1ecbch v\u1ee5 ph\u00f9 h\u1ee3p v\u1edbi\u00a0h\u1ed9 kinh doanh\u00a0v\u00e0\u00a0doanh nghi\u1ec7p\u00a0mong mu\u1ed1n nh\u1eadp h\u00e0ng Trung Qu\u1ed1c v\u1ec1 Vi\u1ec7t Nam v\u1edbi chi ph\u00ed h\u1ee3p l\u00fd.","breadcrumb":{"@id":"https:\/\/viettrungcompany.com\/chinh-sach\/chinh-sach-nhap-khau-chinh-ngach\/#breadcrumb"},"inLanguage":"zh-Hans","potentialAction":[{"@type":"ReadAction","target":["https:\/\/viettrungcompany.com\/chinh-sach\/chinh-sach-nhap-khau-chinh-ngach\/"]}]},{"@type":"ImageObject","inLanguage":"zh-Hans","@id":"https:\/\/viettrungcompany.com\/chinh-sach\/chinh-sach-nhap-khau-chinh-ngach\/#primaryimage","url":"https:\/\/viettrungcompany.com\/wp-content\/uploads\/2025\/07\/chinh-sach-nhap-khau-chinh-ngach.png","contentUrl":"https:\/\/viettrungcompany.com\/wp-content\/uploads\/2025\/07\/chinh-sach-nhap-khau-chinh-ngach.png"},{"@type":"BreadcrumbList","@id":"https:\/\/viettrungcompany.com\/chinh-sach\/chinh-sach-nhap-khau-chinh-ngach\/#breadcrumb","itemListElement":[{"@type":"ListItem","position":1,"name":"Home","item":"https:\/\/viettrungcompany.com\/zh-hans\/"},{"@type":"ListItem","position":2,"name":"\u653f\u7b56","item":"https:\/\/viettrungcompany.com\/zh-hans\/%e6%94%bf%e7%ad%96\/"},{"@type":"ListItem","position":3,"name":"\u4e2d\u6587\u7ffb\u8bd1\uff1a\u6b63\u89c4\u8fdb\u53e3\u653f\u7b56"}]},{"@type":"WebSite","@id":"https:\/\/viettrungcompany.com\/#website","url":"https:\/\/viettrungcompany.com\/","name":"Viet Trung Company","description":"","potentialAction":[{"@type":"SearchAction","target":{"@type":"EntryPoint","urlTemplate":"https:\/\/viettrungcompany.com\/?s={search_term_string}"},"query-input":{"@type":"PropertyValueSpecification","valueRequired":true,"valueName":"search_term_string"}}],"inLanguage":"zh-Hans"}]}},"_links":{"self":[{"href":"https:\/\/viettrungcompany.com\/zh-hans\/wp-json\/wp\/v2\/pages\/38588","targetHints":{"allow":["GET"]}}],"collection":[{"href":"https:\/\/viettrungcompany.com\/zh-hans\/wp-json\/wp\/v2\/pages"}],"about":[{"href":"https:\/\/viettrungcompany.com\/zh-hans\/wp-json\/wp\/v2\/types\/page"}],"author":[{"embeddable":true,"href":"https:\/\/viettrungcompany.com\/zh-hans\/wp-json\/wp\/v2\/users\/1"}],"replies":[{"embeddable":true,"href":"https:\/\/viettrungcompany.com\/zh-hans\/wp-json\/wp\/v2\/comments?post=38588"}],"version-history":[{"count":2,"href":"https:\/\/viettrungcompany.com\/zh-hans\/wp-json\/wp\/v2\/pages\/38588\/revisions"}],"predecessor-version":[{"id":39354,"href":"https:\/\/viettrungcompany.com\/zh-hans\/wp-json\/wp\/v2\/pages\/38588\/revisions\/39354"}],"up":[{"embeddable":true,"href":"https:\/\/viettrungcompany.com\/zh-hans\/wp-json\/wp\/v2\/pages\/38580"}],"wp:attachment":[{"href":"https:\/\/viettrungcompany.com\/zh-hans\/wp-json\/wp\/v2\/media?parent=38588"}],"curies":[{"name":"wp","href":"https:\/\/api.w.org\/{rel}","templated":true}]}}