{"id":38590,"date":"2025-07-20T23:00:06","date_gmt":"2025-07-20T16:00:06","guid":{"rendered":"https:\/\/viettrungcompany.com\/chinh-sach\/chinh-sach-order-ky-gui-hang\/"},"modified":"2025-08-20T15:07:07","modified_gmt":"2025-08-20T08:07:07","slug":"%e4%b8%ad%e6%96%87%e7%bf%bb%e8%af%91%ef%bc%9a%e8%ae%a2%e8%b4%ad%e4%b8%8e%e5%af%84%e5%ad%98%e6%94%bf%e7%ad%96","status":"publish","type":"page","link":"https:\/\/viettrungcompany.com\/zh-hans\/%e6%94%bf%e7%ad%96\/%e4%b8%ad%e6%96%87%e7%bf%bb%e8%af%91%ef%bc%9a%e8%ae%a2%e8%b4%ad%e4%b8%8e%e5%af%84%e5%ad%98%e6%94%bf%e7%ad%96\/","title":{"rendered":"\u4e2d\u6587\u7ffb\u8bd1\uff1a\u8ba2\u8d2d\u4e0e\u5bc4\u5b58\u653f\u7b56"},"content":{"rendered":"<h1 style=\"text-align: center;\"><strong>\u8ba2\u8d2d\u4e0e\u5bc4\u5b58\u653f\u7b56<\/strong><\/h1>\n<p>\u51ed\u501f\u591a\u5e74\u5728\u7269\u6d41\u548c\u4e2d\u56fd\u6b63\u89c4\u8fdb\u53e3\u9886\u57df\u7684\u7ecf\u9a8c\uff0c<strong>Vi\u1ec7t Trung Company<\/strong> \u63d0\u4f9b\u4ece\u4e2d\u56fd\u5230\u8d8a\u5357\u7684<strong>\u8d27\u7269\u5bc4\u5b58\u670d\u52a1<\/strong>\uff0c\u5feb\u901f\u3001\u5b89\u5168\u3001\u4e13\u4e1a\u3002\u4e3a\u786e\u4fdd\u8fd0\u8f93\u8fc7\u7a0b\u987a\u5229\uff0c\u8bf7\u60a8\u5728\u4f7f\u7528\u670d\u52a1\u524d\u4ed4\u7ec6\u9605\u8bfb\u4ee5\u4e0b\u89c4\u5b9a\u3002<\/p>\n<p><img loading=\"lazy\" decoding=\"async\" id=\"chinh-sach-order-ky-gui-hang\" class=\"aligncenter\" dir=\"ltr\" lang=\"zh\" title=\"\u8ba2\u8d2d\u4e0e\u5bc4\u5b58\u653f\u7b56\" src=\"https:\/\/viettrungcompany.com\/wp-content\/uploads\/2025\/07\/chinh-sach-order-ky-gui-hang.png\" alt=\"\u8ba2\u8d2d\u4e0e\u5bc4\u5b58\u653f\u7b56\" width=\"940\" height=\"788\" longdesc=\"https:\/\/www.viettrungcompany.com\/vi\/thong-tin-cung-cau\/Ch%C3%ADnh%20s%C3%A1ch%20order,%20k%C3%BD%20g%E1%BB%ADi%20h%C3%A0ng\" \/><\/p>\n<h2><strong>1. \u5bc4\u5b58\u8d27\u7269\u7684\u4e00\u822c\u89c4\u5b9a<\/strong><\/h2>\n<p>&#8211; <strong>Vi\u1ec7t Trung Company<\/strong> \u4e0d\u63a5\u6536\u8d8a\u5357\u6cd5\u5f8b\u89c4\u5b9a\u7981\u6b62\u8fdb\u53e3\u7684\u8d27\u7269\u3002<br \/>\n&#8211; \u5bc4\u5b58\u8d27\u7269\u5fc5\u987b\u59a5\u5584\u5305\u88c5\u3002\u5bf9\u4e8e\u6613\u788e\u54c1\uff0c\u5ba2\u6237\u9700\u81ea\u884c\u4f7f\u7528\u6ce1\u6cab\u3001\u6c14\u6ce1\u819c\u3001\u7f13\u51b2\u68c9\uff0c\u5fc5\u8981\u65f6\u4f7f\u7528\u6728\u7bb1\u52a0\u56fa\uff0c\u4ee5\u907f\u514d\u8fd0\u8f93\u9014\u4e2d\u635f\u574f\u3002<br \/>\n&#8211; \u4e25\u7981\u5728\u5bc4\u5b58\u8d27\u7269\u4e2d\u5939\u5e26\u4ee5\u4e0b\u7269\u54c1\uff1a<br \/>\n&nbsp;&nbsp;\u2022 \u73b0\u91d1<br \/>\n&nbsp;&nbsp;\u2022 \u98df\u54c1<br \/>\n&nbsp;&nbsp;\u2022 \u6613\u71c3\u6613\u7206\u54c1\u3001\u4fb5\u72af\u7248\u6743\u6216\u77e5\u8bc6\u4ea7\u6743\u7684\u5546\u54c1<br \/>\n&nbsp;&nbsp;\u2022 \u5047\u8d27\u53ca\u8d8a\u4e2d\u4e24\u56fd\u6cd5\u5f8b\u7981\u6b62\u7684\u8d27\u7269  <\/p>\n<p>\u82e5\u8fdd\u53cd\u89c4\u5b9a\u5bfc\u81f4\u635f\u5931\u6216\u6cd5\u5f8b\u8d23\u4efb\uff0c<strong>Vi\u1ec7t Trung Company<\/strong> \u6982\u4e0d\u8d1f\u8d23\u3002<\/p>\n<h2><strong>2. \u5bc4\u5b58\u8d27\u7269\u8fd0\u8f93\u65f6\u95f4<\/strong><\/h2>\n<p>\u8fd0\u8f93\u65f6\u95f4\u53d6\u51b3\u4e8e\u5ba2\u6237\u9009\u62e9\u7684\u7ebf\u8def\u548c\u8d27\u7269\u65b9\u5f0f\uff1a  <\/p>\n<table>\n<thead>\n<tr>\n<th>\u8fd0\u8f93\u7ebf\u8def<\/th>\n<th>\u6cb3\u5185\u4ed3<\/th>\n<th>\u80e1\u5fd7\u660e\u5e02\u4ed3<\/th>\n<\/tr>\n<\/thead>\n<tbody>\n<tr>\n<td><strong>\u7535\u5546\u5feb\u7ebf<\/strong>\uff08\u56fd\u5185\u7ebf\uff09<\/td>\n<td>48\u5c0f\u65f6<\/td>\n<td>5\u20138\u5929<\/td>\n<\/tr>\n<tr>\n<td><strong>\u5c0f\u989d\u8d38\u6613<\/strong><\/td>\n<td>5\u201310\u5929<\/td>\n<td>10\u201315\u5929<\/td>\n<\/tr>\n<tr>\n<td><strong>\u6b63\u89c4\u8fdb\u53e3\u9646\u8fd0<\/strong><\/td>\n<td>5\u20137\u5929<\/td>\n<td>8\u201312\u5929<\/td>\n<\/tr>\n<tr>\n<td><strong>\u6b63\u89c4\u8fdb\u53e3\u6d77\u8fd0<\/strong><\/td>\n<td>5\u201320\u5929<\/td>\n<td>10\u201330\u5929<\/td>\n<\/tr>\n<\/tbody>\n<\/table>\n<p><strong>\u6ce8\u610f\uff1a<\/strong> \u65f6\u95f4\u53ef\u80fd\u56e0\u67e5\u9a8c\u3001\u8fb9\u5883\u62e5\u5835\u3001\u5929\u6c14\u6216\u7269\u6d41\u6574\u4f53\u60c5\u51b5\u800c\u6709\u6240\u53d8\u5316\u3002Vi\u1ec7t Trung \u5c06\u63d0\u524d\u901a\u77e5\u5ba2\u6237\u4ee5\u4fbf\u534f\u8c03\u5904\u7406\u3002<\/p>\n<h2><strong>3. Vi\u1ec7t Trung Company \u4e0e\u5ba2\u6237\u7684\u8d23\u4efb<\/strong><\/h2>\n<h3><strong>Vi\u1ec7t Trung Company \u7684\u8d23\u4efb\uff1a<\/strong><\/h3>\n<p>&#8211; \u6309\u7167\u4e2d\u56fd\u4ed3\u5e93\u63a5\u6536\u65f6\u7684\u6570\u91cf\u4e0e\u91cd\u91cf\u4ea4\u4ed8\u8d27\u7269\u3002<br \/>\n&#8211; \u53ca\u65f6\u901a\u77e5\u56e0\u4e0d\u53ef\u6297\u529b\u9020\u6210\u7684\u8fd0\u8f93\u5ef6\u8bef\u3002<br \/>\n&#8211; \u652f\u6301\u9001\u8d27\u4e0a\u95e8\u6216\u5ba2\u6237\u81f3\u6cb3\u5185\u3001\u5c98\u6e2f\u6216\u80e1\u5fd7\u660e\u5e02\u4ed3\u5e93\u81ea\u63d0\u3002<\/p>\n<h3><strong>\u5ba2\u6237\u7684\u8d23\u4efb\uff1a<\/strong><\/h3>\n<p>&#8211; \u5728\u5bc4\u5b58\u524d\u68c0\u67e5\u8d27\u7269\u5e76\u81ea\u884c\u59a5\u5584\u5305\u88c5\u3002<br \/>\n&#8211; \u63d0\u4f9b\u5b8c\u6574\u4e14\u51c6\u786e\u7684\u6536\u8d27\u4fe1\u606f\u3002\u5982\u56e0\u5730\u5740\u9519\u8bef\u6216\u65e0\u6cd5\u8054\u7cfb\u5bfc\u81f4\u6d3e\u9001\u5931\u8d25\uff0c\u6240\u6709\u8d39\u7528\u7531\u5ba2\u6237\u627f\u62c5\u3002<br \/>\n&#8211; \u6309\u65f6\u63d0\u8d27\u3002\u5982\u8d27\u7269\u957f\u671f\u6ede\u7559\u4ed3\u5e93\u9700\u6e05\u7406\uff0cVi\u1ec7t Trung \u5c06\u901a\u77e5\u5ba2\u6237\u3002\u82e5\u5ba2\u6237\u672a\u6309\u65f6\u63d0\u8d27\uff0c\u5c06\u4ea7\u751f\u4ed3\u50a8\u8d39\uff0c\u5e76\u4e14\u5bf9\u610f\u5916\u98ce\u9669\u4e0d\u627f\u62c5\u8d23\u4efb\u3002<\/p>\n<h2><strong>4. \u8d27\u7269\u4fdd\u9669\u4e0e\u8d54\u507f\u653f\u7b56<\/strong><\/h2>\n<h3><strong>\u5df2\u8d2d\u4e70\u4fdd\u9669\u7684\u8d27\u7269<\/strong><\/h3>\n<p>&#8211; \u6309\u5b9e\u9645\u7533\u62a5\u4ef7\u503c100%\u8d54\u507f\u3002<br \/>\n&#8211; \u4fdd\u9669\u8d39\u7528\uff1a\u8ba2\u5355\u91d1\u989d\u76847%\u8d77\u3002<br \/>\n*\u5efa\u8bae\u5ba2\u6237\u8d2d\u4e70\u4fdd\u9669\u4ee5\u786e\u4fdd\u5728\u53d1\u751f\u610f\u5916\u65f6\u83b7\u5f97\u6700\u5927\u6743\u76ca\u3002<\/p>\n<h3><strong>\u672a\u8d2d\u4e70\u4fdd\u9669\u7684\u8d27\u7269<\/strong><\/h3>\n<p>\u672a\u8d2d\u4e70\u4fdd\u9669\u65f6\uff0c\u8d54\u507f\u91d1\u989d\u6309\u8d27\u7269\u7c7b\u578b\u53ca\u6279\u6b21\u7279\u70b9\u8ba1\u7b97\uff1a  <\/p>\n<table>\n<thead>\n<tr>\n<th>\u8d27\u7269\u7c7b\u578b<\/th>\n<th>\u6700\u9ad8\u8d54\u507f\u989d\u5ea6<\/th>\n<\/tr>\n<\/thead>\n<tbody>\n<tr>\n<td>a. \u6309\u91cd\u91cf\u8ba1\u8d39\u7684\u6279\u91cf\u8d27<\/td>\n<td><strong>20,000,000 \u8d8a\u76fe\/\u5428<\/strong><\/td>\n<\/tr>\n<tr>\n<td>b. \u6309\u4f53\u79ef\u8ba1\u8d39\u7684\u6279\u91cf\u8d27<\/td>\n<td><strong>10,000,000 \u8d8a\u76fe\/\u7acb\u65b9\u7c73<\/strong><\/td>\n<\/tr>\n<tr>\n<td>c. \u5927\u4ef6\u6742\u8d27 \u226550kg<\/td>\n<td><strong>15,000,000 \u8d8a\u76fe\/\u5305<\/strong><\/td>\n<\/tr>\n<tr>\n<td>d. \u5927\u4ef6\u6742\u8d27 &lt;50kg<\/td>\n<td><strong>250,000 \u8d8a\u76fe\/kg<\/strong><\/td>\n<\/tr>\n<tr>\n<td>e. \u96f6\u5355\u8ba2\u5355\u3001\u5355\u72ec\u6253\u5305\u8d27\u7269<\/td>\n<td><strong>100,000 \u8d8a\u76fe\/kg<\/strong><\/td>\n<\/tr>\n<\/tbody>\n<\/table>\n<h2><strong>5. \u6536\u8d27\u6ce8\u610f\u4e8b\u9879<\/strong><\/h2>\n<p>&#8211; \u8bf7\u5728\u7b7e\u6536\u524d\u4ed4\u7ec6\u68c0\u67e5\u5916\u5305\u88c5\u3002<br \/>\n&#8211; \u5982\u53d1\u73b0\u5305\u88c5\u7834\u635f\u3001\u51f9\u9677\u3001\u53d7\u6f6e\u3001\u635f\u574f\u6216\u7f3a\u5931\uff0c\u8bf7\u8981\u6c42\u5de5\u4f5c\u4eba\u5458\u5728\u4ea4\u63a5\u5355\u4e0a\u6ce8\u660e\u3002<br \/>\n&#8211; \u82e5\u65e0\u4e66\u9762\u5907\u6ce8\uff0cVi\u1ec7t Trung Company \u5c06\u4e0d\u53d7\u7406\u4e8b\u540e\u6295\u8bc9\u3002<\/p>\n<p>\ud83d\udc49 <a href=\"https:\/\/zalo.me\/197969820382043562\" target=\"_blank\" rel=\"noopener\">\u514d\u8d39\u54a8\u8be2\u6b63\u89c4\u8fdb\u53e3\u670d\u52a1<\/a><\/p>\n<p><strong>VI\u1ec6T TRUNG COMPANY<\/strong> \u63d0\u4f9b Taobao\u30011688\u3001Tmall\u3001Alibaba \u4ee3\u8d2d\u3001\u62a2\u8d2d Zara\u3001H&#038;M\u3001Lining \u7b49\u5546\u54c1\uff0c\u4ee5\u53ca\u4e2d\u56fd\u5230\u8d8a\u5357\u8fd0\u8f93\uff0c\u5feb\u901f\u3001\u5408\u7406\u3001\u8bda\u4fe1\u6709\u4fdd\u969c\u3002\u6211\u4eec\u4e0d\u65ad\u52aa\u529b\u63d0\u5347\u670d\u52a1\u8d28\u91cf\uff0c\u81f4\u529b\u4e8e\u6210\u4e3a\u6700\u503c\u5f97\u4fe1\u8d56\u7684\u8fd0\u8f93\u4f01\u4e1a\uff0c\u4e3a\u5ba2\u6237\u5e26\u6765\u5207\u5b9e\u4ef7\u503c\u548c\u6ee1\u610f\u4f53\u9a8c\u3002<\/p>\n<h2><b>\u8054\u7cfb Vi\u1ec7t Trung Company<\/b><\/h2>\n<p><em>\u5982\u9700\u4e86\u89e3\u66f4\u591a\u4e2d\u8d8a\u8fd0\u8f93\u4fe1\u606f\uff0c\u8bf7\u901a\u8fc7\u4ee5\u4e0b\u6e20\u9053\u8054\u7cfb\u6211\u4eec\uff1a<\/em><\/p>\n<p>Email: <a href=\"mailto:viettrungcompany2012@gmail.com\" target=\"_blank\" rel=\"noopener\">viettrungcompany2012@gmail.com<\/a><br \/>\nWebsite: <a href=\"https:\/\/www.viettrungcompany.com\/\" target=\"_blank\" rel=\"noopener\">www.viettrungcompany.com<\/a><br \/>\nFacebook: <a href=\"https:\/\/www.facebook.com\/viettrungcompany\" target=\"_blank\" rel=\"noopener\">https:\/\/www.facebook.com\/viettrungcompany<\/a><br \/>\nYoutube: <a href=\"https:\/\/www.youtube.com\/@viettrungcompany\" target=\"_blank\" rel=\"noopener\">https:\/\/www.youtube.com\/@viettrungcompany<\/a><br \/>\nTiktok: <a href=\"https:\/\/www.tiktok.com\/@viettrungcompany\" target=\"_blank\" rel=\"noopener\">https:\/\/www.tiktok.com\/@viettrungcompany<\/a><\/p>\n<p><em>\u6b64\u5916\uff0c\u60a8\u8fd8\u53ef\u4ee5\u8054\u7cfb Vi\u1ec7t Trung \u5728\u8d8a\u5357\u4e09\u5730\u7684\u529e\u4e8b\u5904\uff1a<\/em><br \/>\n\u2013 \u6cb3\u5185\u529e\u4e8b\u5904\uff1a\u6cb3\u5185\u5e02 Ngh\u0129a \u0110\u00f4 \u533a Quan Hoa \u8857189\u53f7\u3002\u7535\u8bdd\uff1a0965551166<br \/>\n\u2013 \u5c98\u6e2f\u529e\u4e8b\u5904\uff1a\u5c98\u6e2f\u5e02 Thanh Kh\u00ea \u533a V\u00f5 V\u0103n T\u1ea7n \u885766\u53f7 Savico \u5927\u697c2\u697c\u3002\u7535\u8bdd\uff1a0935131816 \u2013 0967371118<br \/>\n\u2013 \u80e1\u5fd7\u660e\u5e02\u529e\u4e8b\u5904\uff1a\u80e1\u5fd7\u660e\u5e02 B\u1ea3y Hi\u1ec1n \u533a Nguy\u1ec5n Th\u00e1i B\u00ecnh \u8857264-264A\u53f7\u3002\u7535\u8bdd\uff1a0935086838 \u2013 0962259911\u3002<\/p>\n","protected":false},"excerpt":{"rendered":"<p>\u8ba2\u8d2d\u4e0e\u5bc4\u5b58\u653f\u7b56 \u51ed\u501f\u591a\u5e74\u5728\u7269\u6d41\u548c\u4e2d\u56fd\u6b63\u89c4<\/p>\n","protected":false},"author":1,"featured_media":0,"parent":38580,"menu_order":0,"comment_status":"closed","ping_status":"closed","template":"","meta":{"footnotes":""},"class_list":["post-38590","page","type-page","status-publish","hentry"],"yoast_head":"<!-- This site is optimized with the Yoast SEO plugin v27.4 - https:\/\/yoast.com\/product\/yoast-seo-wordpress\/ -->\n<title>\u4e2d\u6587\u7ffb\u8bd1\uff1a\u8ba2\u8d2d\u4e0e\u5bc4\u5b58\u653f\u7b56 - Viet Trung Company<\/title>\n<meta name=\"description\" content=\"V\u1edbi nhi\u1ec1u n\u0103m kinh nghi\u1ec7m trong l\u0129nh v\u1ef1c logistics v\u00e0 nh\u1eadp kh\u1ea9u ch\u00ednh ng\u1ea1ch t\u1eeb Trung Qu\u1ed1c,\u00a0Vi\u1ec7t Trung Company\u00a0cung c\u1ea5p\u00a0d\u1ecbch v\u1ee5 k\u00fd g\u1eedi h\u00e0ng h\u00f3a\u00a0t\u1eeb Trung Qu\u1ed1c v\u1ec1 Vi\u1ec7t Nam nhanh ch\u00f3ng, an to\u00e0n v\u00e0 chuy\u00ean nghi\u1ec7p. \u0110\u1ec3 \u0111\u1ea3m b\u1ea3o qu\u00e1 tr\u00ecnh v\u1eadn chuy\u1ec3n di\u1ec5n ra thu\u1eadn l\u1ee3i, Qu\u00fd kh\u00e1ch vui l\u00f2ng \u0111\u1ecdc k\u1ef9 c\u00e1c quy \u0111\u1ecbnh d\u01b0\u1edbi \u0111\u00e2y tr\u01b0\u1edbc khi s\u1eed d\u1ee5ng d\u1ecbch v\u1ee5.\" \/>\n<meta name=\"robots\" content=\"index, follow, max-snippet:-1, max-image-preview:large, max-video-preview:-1\" \/>\n<link rel=\"canonical\" href=\"https:\/\/viettrungcompany.com\/chinh-sach\/chinh-sach-order-ky-gui-hang\/\" \/>\n<meta property=\"og:locale\" content=\"zh_CN\" \/>\n<meta property=\"og:type\" content=\"article\" \/>\n<meta property=\"og:title\" content=\"\u4e2d\u6587\u7ffb\u8bd1\uff1a\u8ba2\u8d2d\u4e0e\u5bc4\u5b58\u653f\u7b56 - Viet Trung Company\" \/>\n<meta property=\"og:description\" content=\"V\u1edbi nhi\u1ec1u n\u0103m kinh nghi\u1ec7m trong l\u0129nh v\u1ef1c logistics v\u00e0 nh\u1eadp kh\u1ea9u ch\u00ednh ng\u1ea1ch t\u1eeb Trung Qu\u1ed1c,\u00a0Vi\u1ec7t Trung Company\u00a0cung c\u1ea5p\u00a0d\u1ecbch v\u1ee5 k\u00fd g\u1eedi h\u00e0ng h\u00f3a\u00a0t\u1eeb Trung Qu\u1ed1c v\u1ec1 Vi\u1ec7t Nam nhanh ch\u00f3ng, an to\u00e0n v\u00e0 chuy\u00ean nghi\u1ec7p. \u0110\u1ec3 \u0111\u1ea3m b\u1ea3o qu\u00e1 tr\u00ecnh v\u1eadn chuy\u1ec3n di\u1ec5n ra thu\u1eadn l\u1ee3i, Qu\u00fd kh\u00e1ch vui l\u00f2ng \u0111\u1ecdc k\u1ef9 c\u00e1c quy \u0111\u1ecbnh d\u01b0\u1edbi \u0111\u00e2y tr\u01b0\u1edbc khi s\u1eed d\u1ee5ng d\u1ecbch v\u1ee5.\" \/>\n<meta property=\"og:url\" content=\"https:\/\/viettrungcompany.com\/chinh-sach\/chinh-sach-order-ky-gui-hang\/\" \/>\n<meta property=\"og:site_name\" content=\"Viet Trung Company\" \/>\n<meta property=\"article:modified_time\" content=\"2025-08-20T08:07:07+00:00\" \/>\n<meta property=\"og:image\" content=\"https:\/\/viettrungcompany.com\/wp-content\/uploads\/2025\/07\/chinh-sach-order-ky-gui-hang.png\" \/>\n<meta name=\"twitter:card\" content=\"summary_large_image\" \/>\n<meta name=\"twitter:label1\" content=\"\u9884\u8ba1\u9605\u8bfb\u65f6\u95f4\" \/>\n\t<meta name=\"twitter:data1\" content=\"6 \u5206\" \/>\n<script type=\"application\/ld+json\" class=\"yoast-schema-graph\">{\"@context\":\"https:\\\/\\\/schema.org\",\"@graph\":[{\"@type\":\"WebPage\",\"@id\":\"https:\\\/\\\/viettrungcompany.com\\\/chinh-sach\\\/chinh-sach-order-ky-gui-hang\\\/\",\"url\":\"https:\\\/\\\/viettrungcompany.com\\\/chinh-sach\\\/chinh-sach-order-ky-gui-hang\\\/\",\"name\":\"\u4e2d\u6587\u7ffb\u8bd1\uff1a\u8ba2\u8d2d\u4e0e\u5bc4\u5b58\u653f\u7b56 - Viet Trung Company\",\"isPartOf\":{\"@id\":\"https:\\\/\\\/viettrungcompany.com\\\/#website\"},\"primaryImageOfPage\":{\"@id\":\"https:\\\/\\\/viettrungcompany.com\\\/chinh-sach\\\/chinh-sach-order-ky-gui-hang\\\/#primaryimage\"},\"image\":{\"@id\":\"https:\\\/\\\/viettrungcompany.com\\\/chinh-sach\\\/chinh-sach-order-ky-gui-hang\\\/#primaryimage\"},\"thumbnailUrl\":\"https:\\\/\\\/viettrungcompany.com\\\/wp-content\\\/uploads\\\/2025\\\/07\\\/chinh-sach-order-ky-gui-hang.png\",\"datePublished\":\"2025-07-20T16:00:06+00:00\",\"dateModified\":\"2025-08-20T08:07:07+00:00\",\"description\":\"V\u1edbi nhi\u1ec1u n\u0103m kinh nghi\u1ec7m trong l\u0129nh v\u1ef1c logistics v\u00e0 nh\u1eadp kh\u1ea9u ch\u00ednh ng\u1ea1ch t\u1eeb Trung Qu\u1ed1c,\u00a0Vi\u1ec7t Trung Company\u00a0cung c\u1ea5p\u00a0d\u1ecbch v\u1ee5 k\u00fd g\u1eedi h\u00e0ng h\u00f3a\u00a0t\u1eeb Trung Qu\u1ed1c v\u1ec1 Vi\u1ec7t Nam nhanh ch\u00f3ng, an to\u00e0n v\u00e0 chuy\u00ean nghi\u1ec7p. \u0110\u1ec3 \u0111\u1ea3m b\u1ea3o qu\u00e1 tr\u00ecnh v\u1eadn chuy\u1ec3n di\u1ec5n ra thu\u1eadn l\u1ee3i, Qu\u00fd kh\u00e1ch vui l\u00f2ng \u0111\u1ecdc k\u1ef9 c\u00e1c quy \u0111\u1ecbnh d\u01b0\u1edbi \u0111\u00e2y tr\u01b0\u1edbc khi s\u1eed d\u1ee5ng d\u1ecbch v\u1ee5.\",\"breadcrumb\":{\"@id\":\"https:\\\/\\\/viettrungcompany.com\\\/chinh-sach\\\/chinh-sach-order-ky-gui-hang\\\/#breadcrumb\"},\"inLanguage\":\"zh-Hans\",\"potentialAction\":[{\"@type\":\"ReadAction\",\"target\":[\"https:\\\/\\\/viettrungcompany.com\\\/chinh-sach\\\/chinh-sach-order-ky-gui-hang\\\/\"]}]},{\"@type\":\"ImageObject\",\"inLanguage\":\"zh-Hans\",\"@id\":\"https:\\\/\\\/viettrungcompany.com\\\/chinh-sach\\\/chinh-sach-order-ky-gui-hang\\\/#primaryimage\",\"url\":\"https:\\\/\\\/viettrungcompany.com\\\/wp-content\\\/uploads\\\/2025\\\/07\\\/chinh-sach-order-ky-gui-hang.png\",\"contentUrl\":\"https:\\\/\\\/viettrungcompany.com\\\/wp-content\\\/uploads\\\/2025\\\/07\\\/chinh-sach-order-ky-gui-hang.png\"},{\"@type\":\"BreadcrumbList\",\"@id\":\"https:\\\/\\\/viettrungcompany.com\\\/chinh-sach\\\/chinh-sach-order-ky-gui-hang\\\/#breadcrumb\",\"itemListElement\":[{\"@type\":\"ListItem\",\"position\":1,\"name\":\"Home\",\"item\":\"https:\\\/\\\/viettrungcompany.com\\\/zh-hans\\\/\"},{\"@type\":\"ListItem\",\"position\":2,\"name\":\"\u653f\u7b56\",\"item\":\"https:\\\/\\\/viettrungcompany.com\\\/zh-hans\\\/%e6%94%bf%e7%ad%96\\\/\"},{\"@type\":\"ListItem\",\"position\":3,\"name\":\"\u4e2d\u6587\u7ffb\u8bd1\uff1a\u8ba2\u8d2d\u4e0e\u5bc4\u5b58\u653f\u7b56\"}]},{\"@type\":\"WebSite\",\"@id\":\"https:\\\/\\\/viettrungcompany.com\\\/#website\",\"url\":\"https:\\\/\\\/viettrungcompany.com\\\/\",\"name\":\"Viet Trung Company\",\"description\":\"\",\"potentialAction\":[{\"@type\":\"SearchAction\",\"target\":{\"@type\":\"EntryPoint\",\"urlTemplate\":\"https:\\\/\\\/viettrungcompany.com\\\/?s={search_term_string}\"},\"query-input\":{\"@type\":\"PropertyValueSpecification\",\"valueRequired\":true,\"valueName\":\"search_term_string\"}}],\"inLanguage\":\"zh-Hans\"}]}<\/script>\n<!-- \/ Yoast SEO plugin. -->","yoast_head_json":{"title":"\u4e2d\u6587\u7ffb\u8bd1\uff1a\u8ba2\u8d2d\u4e0e\u5bc4\u5b58\u653f\u7b56 - Viet Trung Company","description":"V\u1edbi nhi\u1ec1u n\u0103m kinh nghi\u1ec7m trong l\u0129nh v\u1ef1c logistics v\u00e0 nh\u1eadp kh\u1ea9u ch\u00ednh ng\u1ea1ch t\u1eeb Trung Qu\u1ed1c,\u00a0Vi\u1ec7t Trung Company\u00a0cung c\u1ea5p\u00a0d\u1ecbch v\u1ee5 k\u00fd g\u1eedi h\u00e0ng h\u00f3a\u00a0t\u1eeb Trung Qu\u1ed1c v\u1ec1 Vi\u1ec7t Nam nhanh ch\u00f3ng, an to\u00e0n v\u00e0 chuy\u00ean nghi\u1ec7p. \u0110\u1ec3 \u0111\u1ea3m b\u1ea3o qu\u00e1 tr\u00ecnh v\u1eadn chuy\u1ec3n di\u1ec5n ra thu\u1eadn l\u1ee3i, Qu\u00fd kh\u00e1ch vui l\u00f2ng \u0111\u1ecdc k\u1ef9 c\u00e1c quy \u0111\u1ecbnh d\u01b0\u1edbi \u0111\u00e2y tr\u01b0\u1edbc khi s\u1eed d\u1ee5ng d\u1ecbch v\u1ee5.","robots":{"index":"index","follow":"follow","max-snippet":"max-snippet:-1","max-image-preview":"max-image-preview:large","max-video-preview":"max-video-preview:-1"},"canonical":"https:\/\/viettrungcompany.com\/chinh-sach\/chinh-sach-order-ky-gui-hang\/","og_locale":"zh_CN","og_type":"article","og_title":"\u4e2d\u6587\u7ffb\u8bd1\uff1a\u8ba2\u8d2d\u4e0e\u5bc4\u5b58\u653f\u7b56 - Viet Trung Company","og_description":"V\u1edbi nhi\u1ec1u n\u0103m kinh nghi\u1ec7m trong l\u0129nh v\u1ef1c logistics v\u00e0 nh\u1eadp kh\u1ea9u ch\u00ednh ng\u1ea1ch t\u1eeb Trung Qu\u1ed1c,\u00a0Vi\u1ec7t Trung Company\u00a0cung c\u1ea5p\u00a0d\u1ecbch v\u1ee5 k\u00fd g\u1eedi h\u00e0ng h\u00f3a\u00a0t\u1eeb Trung Qu\u1ed1c v\u1ec1 Vi\u1ec7t Nam nhanh ch\u00f3ng, an to\u00e0n v\u00e0 chuy\u00ean nghi\u1ec7p. \u0110\u1ec3 \u0111\u1ea3m b\u1ea3o qu\u00e1 tr\u00ecnh v\u1eadn chuy\u1ec3n di\u1ec5n ra thu\u1eadn l\u1ee3i, Qu\u00fd kh\u00e1ch vui l\u00f2ng \u0111\u1ecdc k\u1ef9 c\u00e1c quy \u0111\u1ecbnh d\u01b0\u1edbi \u0111\u00e2y tr\u01b0\u1edbc khi s\u1eed d\u1ee5ng d\u1ecbch v\u1ee5.","og_url":"https:\/\/viettrungcompany.com\/chinh-sach\/chinh-sach-order-ky-gui-hang\/","og_site_name":"Viet Trung Company","article_modified_time":"2025-08-20T08:07:07+00:00","og_image":[{"url":"https:\/\/viettrungcompany.com\/wp-content\/uploads\/2025\/07\/chinh-sach-order-ky-gui-hang.png","type":"","width":"","height":""}],"twitter_card":"summary_large_image","twitter_misc":{"\u9884\u8ba1\u9605\u8bfb\u65f6\u95f4":"6 \u5206"},"schema":{"@context":"https:\/\/schema.org","@graph":[{"@type":"WebPage","@id":"https:\/\/viettrungcompany.com\/chinh-sach\/chinh-sach-order-ky-gui-hang\/","url":"https:\/\/viettrungcompany.com\/chinh-sach\/chinh-sach-order-ky-gui-hang\/","name":"\u4e2d\u6587\u7ffb\u8bd1\uff1a\u8ba2\u8d2d\u4e0e\u5bc4\u5b58\u653f\u7b56 - Viet Trung Company","isPartOf":{"@id":"https:\/\/viettrungcompany.com\/#website"},"primaryImageOfPage":{"@id":"https:\/\/viettrungcompany.com\/chinh-sach\/chinh-sach-order-ky-gui-hang\/#primaryimage"},"image":{"@id":"https:\/\/viettrungcompany.com\/chinh-sach\/chinh-sach-order-ky-gui-hang\/#primaryimage"},"thumbnailUrl":"https:\/\/viettrungcompany.com\/wp-content\/uploads\/2025\/07\/chinh-sach-order-ky-gui-hang.png","datePublished":"2025-07-20T16:00:06+00:00","dateModified":"2025-08-20T08:07:07+00:00","description":"V\u1edbi nhi\u1ec1u n\u0103m kinh nghi\u1ec7m trong l\u0129nh v\u1ef1c logistics v\u00e0 nh\u1eadp kh\u1ea9u ch\u00ednh ng\u1ea1ch t\u1eeb Trung Qu\u1ed1c,\u00a0Vi\u1ec7t Trung Company\u00a0cung c\u1ea5p\u00a0d\u1ecbch v\u1ee5 k\u00fd g\u1eedi h\u00e0ng h\u00f3a\u00a0t\u1eeb Trung Qu\u1ed1c v\u1ec1 Vi\u1ec7t Nam nhanh ch\u00f3ng, an to\u00e0n v\u00e0 chuy\u00ean nghi\u1ec7p. \u0110\u1ec3 \u0111\u1ea3m b\u1ea3o qu\u00e1 tr\u00ecnh v\u1eadn chuy\u1ec3n di\u1ec5n ra thu\u1eadn l\u1ee3i, Qu\u00fd kh\u00e1ch vui l\u00f2ng \u0111\u1ecdc k\u1ef9 c\u00e1c quy \u0111\u1ecbnh d\u01b0\u1edbi \u0111\u00e2y tr\u01b0\u1edbc khi s\u1eed d\u1ee5ng d\u1ecbch v\u1ee5.","breadcrumb":{"@id":"https:\/\/viettrungcompany.com\/chinh-sach\/chinh-sach-order-ky-gui-hang\/#breadcrumb"},"inLanguage":"zh-Hans","potentialAction":[{"@type":"ReadAction","target":["https:\/\/viettrungcompany.com\/chinh-sach\/chinh-sach-order-ky-gui-hang\/"]}]},{"@type":"ImageObject","inLanguage":"zh-Hans","@id":"https:\/\/viettrungcompany.com\/chinh-sach\/chinh-sach-order-ky-gui-hang\/#primaryimage","url":"https:\/\/viettrungcompany.com\/wp-content\/uploads\/2025\/07\/chinh-sach-order-ky-gui-hang.png","contentUrl":"https:\/\/viettrungcompany.com\/wp-content\/uploads\/2025\/07\/chinh-sach-order-ky-gui-hang.png"},{"@type":"BreadcrumbList","@id":"https:\/\/viettrungcompany.com\/chinh-sach\/chinh-sach-order-ky-gui-hang\/#breadcrumb","itemListElement":[{"@type":"ListItem","position":1,"name":"Home","item":"https:\/\/viettrungcompany.com\/zh-hans\/"},{"@type":"ListItem","position":2,"name":"\u653f\u7b56","item":"https:\/\/viettrungcompany.com\/zh-hans\/%e6%94%bf%e7%ad%96\/"},{"@type":"ListItem","position":3,"name":"\u4e2d\u6587\u7ffb\u8bd1\uff1a\u8ba2\u8d2d\u4e0e\u5bc4\u5b58\u653f\u7b56"}]},{"@type":"WebSite","@id":"https:\/\/viettrungcompany.com\/#website","url":"https:\/\/viettrungcompany.com\/","name":"Viet Trung Company","description":"","potentialAction":[{"@type":"SearchAction","target":{"@type":"EntryPoint","urlTemplate":"https:\/\/viettrungcompany.com\/?s={search_term_string}"},"query-input":{"@type":"PropertyValueSpecification","valueRequired":true,"valueName":"search_term_string"}}],"inLanguage":"zh-Hans"}]}},"_links":{"self":[{"href":"https:\/\/viettrungcompany.com\/zh-hans\/wp-json\/wp\/v2\/pages\/38590","targetHints":{"allow":["GET"]}}],"collection":[{"href":"https:\/\/viettrungcompany.com\/zh-hans\/wp-json\/wp\/v2\/pages"}],"about":[{"href":"https:\/\/viettrungcompany.com\/zh-hans\/wp-json\/wp\/v2\/types\/page"}],"author":[{"embeddable":true,"href":"https:\/\/viettrungcompany.com\/zh-hans\/wp-json\/wp\/v2\/users\/1"}],"replies":[{"embeddable":true,"href":"https:\/\/viettrungcompany.com\/zh-hans\/wp-json\/wp\/v2\/comments?post=38590"}],"version-history":[{"count":2,"href":"https:\/\/viettrungcompany.com\/zh-hans\/wp-json\/wp\/v2\/pages\/38590\/revisions"}],"predecessor-version":[{"id":39349,"href":"https:\/\/viettrungcompany.com\/zh-hans\/wp-json\/wp\/v2\/pages\/38590\/revisions\/39349"}],"up":[{"embeddable":true,"href":"https:\/\/viettrungcompany.com\/zh-hans\/wp-json\/wp\/v2\/pages\/38580"}],"wp:attachment":[{"href":"https:\/\/viettrungcompany.com\/zh-hans\/wp-json\/wp\/v2\/media?parent=38590"}],"curies":[{"name":"wp","href":"https:\/\/api.w.org\/{rel}","templated":true}]}}