{"id":38592,"date":"2025-07-20T23:01:32","date_gmt":"2025-07-20T16:01:32","guid":{"rendered":"https:\/\/viettrungcompany.com\/chinh-sach\/chinh-sach-van-chuyen-trung-viet\/"},"modified":"2025-08-20T15:09:24","modified_gmt":"2025-08-20T08:09:24","slug":"%e4%b8%ad%e6%96%87%e7%bf%bb%e8%af%91%ef%bc%9a%e4%b8%ad%e8%b6%8a%e8%bf%90%e8%be%93%e6%94%bf%e7%ad%96","status":"publish","type":"page","link":"https:\/\/viettrungcompany.com\/zh-hans\/%e6%94%bf%e7%ad%96\/%e4%b8%ad%e6%96%87%e7%bf%bb%e8%af%91%ef%bc%9a%e4%b8%ad%e8%b6%8a%e8%bf%90%e8%be%93%e6%94%bf%e7%ad%96\/","title":{"rendered":"\u4e2d\u6587\u7ffb\u8bd1\uff1a\u4e2d\u8d8a\u8fd0\u8f93\u653f\u7b56"},"content":{"rendered":"<h2>1. \u4e2d\u8d8a\u8fd0\u8f93\u670d\u52a1\u4ecb\u7ecd<\/h2>\n<p><strong>Vi\u1ec7t Trung Company<\/strong> \u7684<strong>\u4e2d\u56fd \u2013 \u8d8a\u5357\u56fd\u9645\u8fd0\u8f93\u670d\u52a1<\/strong>\uff0c\u5e2e\u52a9\u5ba2\u6237\u5b89\u5168\u3001\u5feb\u901f\u3001\u8282\u7701\u6210\u672c\u5730\u8fdb\u53e3\u8d27\u7269\u3002\u6211\u4eec\u4e0e\u4fe1\u8a89\u826f\u597d\u7684\u8fd0\u8f93\u5355\u4f4d\u5408\u4f5c\uff0c\u5b8c\u6210\u5feb\u9012\u3001\u6e05\u5173\u548c\u9001\u8d27\u4e0a\u95e8\uff0c\u6ee1\u8db3\u5ba2\u6237\u9700\u6c42\u3002<\/p>\n<p>Vi\u1ec7t Trung Company \u627f\u8bfa\uff1a<\/p>\n<ul>\n<li>\u65f6\u95f4\u4e0e\u8d39\u7528\u4fe1\u606f\u900f\u660e\u3002<\/li>\n<li>\u6309\u7167\u660e\u786e\u89c4\u5b9a\u652f\u6301\u98ce\u9669\u5904\u7406\u4e0e\u8d54\u507f\u3002<\/li>\n<li>\u5728\u6574\u4e2a\u8fd0\u8f93\u8fc7\u7a0b\u4e2d\u4e0e\u5ba2\u6237\u540c\u884c\u3002<\/li>\n<\/ul>\n<p><img loading=\"lazy\" decoding=\"async\" class=\"size-full wp-image-38370\" src=\"https:\/\/viettrungcompany.com\/wp-content\/themes\/woodmart\/images\/lazy.svg\" data-src=\"https:\/\/viettrungcompany.com\/wp-content\/uploads\/2025\/08\/chinh-sach-van-chuyen-trung-viet.png\" alt=\"\u4e2d\u8d8a\u8fd0\u8f93\u653f\u7b56\" width=\"940\" height=\"788\" srcset=\"\" data-srcset=\"https:\/\/viettrungcompany.com\/wp-content\/uploads\/2025\/08\/chinh-sach-van-chuyen-trung-viet.png 940w, https:\/\/viettrungcompany.com\/wp-content\/uploads\/2025\/08\/chinh-sach-van-chuyen-trung-viet-358x300.png 358w, https:\/\/viettrungcompany.com\/wp-content\/uploads\/2025\/08\/chinh-sach-van-chuyen-trung-viet-768x644.png 768w\" sizes=\"auto, (max-width: 940px) 100vw, 940px\" \/><\/p>\n<h2>2. \u8fd0\u8d39\u6807\u51c6<\/h2>\n<p>\u56fd\u9645\u8fd0\u8f93\u8d39\u7528\u5df2\u5728 <a href=\"https:\/\/viettrungcompany.com\/zh-hans\/%e4%bb%b7%e6%a0%bc%e8%a1%a8\/\" target=\"_blank\" rel=\"noopener\"><strong>\u670d\u52a1\u4ef7\u76ee\u8868<\/strong><\/a> \u4e2d\u516c\u5f00\u5217\u51fa\u3002<br \/>\u8d39\u7528\u53d6\u51b3\u4e8e\uff1a<\/p>\n<ul>\n<li>\u8fd0\u8f93\u65b9\u5f0f\uff08\u5feb\u4ef6\u3001\u6162\u4ef6\u3001\u7279\u5feb\uff09\u3002<\/li>\n<li>\u8d27\u7269\u91cd\u91cf\u6216\u4f53\u79ef\u3002<\/li>\n<li>\u8d27\u7269\u7c7b\u578b\uff08\u666e\u901a\u3001\u6613\u788e\u3001\u9700\u7279\u6b8a\u4fdd\u5b58\uff09\u3002<\/li>\n<li>\u914d\u9001\u7ebf\u8def\u3002<\/li>\n<\/ul>\n<h2>3. \u9884\u8ba1\u8fd0\u8f93\u65f6\u95f4<\/h2>\n<ul>\n<li><strong>\u5feb\u4ef6\u81f3\u6cb3\u5185<\/strong>\uff1a2 \u2013 3 \u5929\u3002<\/li>\n<li><strong>\u5feb\u4ef6\u81f3\u80e1\u5fd7\u660e\u5e02<\/strong>\uff1a3 \u2013 4 \u5929\u3002<\/li>\n<li><strong>\u6162\u4ef6\u81f3\u6cb3\u5185<\/strong>\uff1a5 \u2013 7 \u5929\u3002<\/li>\n<li><strong>\u6162\u4ef6\u81f3\u80e1\u5fd7\u660e\u5e02<\/strong>\uff1a9 \u2013 12 \u5929\u3002<\/li>\n<li><strong>\u7279\u5feb\u81f3\u6cb3\u5185<\/strong>\uff1a1 \u2013 1.5 \u5929\u3002<\/li>\n<\/ul>\n<p>\u4ee5\u4e0a\u65f6\u95f4\u9002\u7528\u4e8e\u6b63\u5e38\u60c5\u51b5\u4e0b\u3002\u5982\u9047\u5929\u6c14\u3001\u6e05\u5173\u5ef6\u8fdf\u3001\u53e3\u5cb8\u653f\u7b56\u7b49\u4e0d\u53ef\u63a7\u56e0\u7d20\uff0cVi\u1ec7t Trung \u4f1a\u53ca\u65f6\u901a\u77e5\u5ba2\u6237\u3002<\/p>\n<h2>4. \u8fd0\u8f93\u89c4\u5b9a<\/h2>\n<ul>\n<li>\u5ba2\u6237\u9700\u5728\u4e2d\u56fd\u4ed3\u5e93\u6536\u8d27\u524d\u9009\u62e9\u8fd0\u8f93\u65b9\u5f0f\u3002<\/li>\n<li>\u6613\u788e\u6216\u9700\u4fdd\u6301\u5f62\u72b6\u7684\u8d27\u7269\uff0c\u5efa\u8bae\u4f7f\u7528 <strong>\u6728\u7bb1\u3001\u9632\u9707\u5305\u88c5<\/strong>\u3002<\/li>\n<li>\u90e8\u5206\u8d85\u5927\u3001\u7b28\u91cd\u8d27\u7269\uff0c\u5c06\u6309\u4f53\u79ef\u53ca\u5355\u72ec\u62a5\u4ef7\uff08\u9700\u4e8b\u5148\u534f\u5546\uff09\u3002<\/li>\n<li>\u4e0d\u8fd0\u8f93<strong>\u7981\u6b62\u54c1\u7c7b<\/strong>\uff08\u8fdd\u7981\u54c1\u3001\u5371\u9669\u54c1\u3001\u7981\u6b62\u8fdb\u53e3\u5546\u54c1\uff09\u3002<\/li>\n<\/ul>\n<h2>5. \u4e22\u5931\u6216\u635f\u574f\u7684\u8d54\u507f\u653f\u7b56<\/h2>\n<h3>5.1 \u4e22\u5931\u3001\u635f\u574f\u3001\u5929\u707e\u8d54\u507f\u89c4\u5b9a<\/h3>\n<p><strong>\u5df2\u8d2d\u4e70\u4fdd\u9669\u7684\u8d27\u7269\uff1a<\/strong><\/p>\n<ul>\n<li>\u6309\u7533\u62a5\u4ef7\u503c\u8d54\u507f\u6700\u9ad8 100%\u3002<\/li>\n<li>\u4fdd\u9669\u8d39\u7528\uff1a\u8d27\u503c\u7684 5% \u2013 7%\u3002<\/li>\n<\/ul>\n<p><strong>\u672a\u8d2d\u4e70\u4fdd\u9669\u7684\u8d27\u7269\uff1a<\/strong><\/p>\n<ul>\n<li>\u6309\u91cd\u91cf\u8ba1\u8d39\u7684\u6279\u91cf\u8d27\uff1a\u6700\u9ad8\u8d54\u507f 20,000,000 \u8d8a\u76fe\/\u5428\u3002<\/li>\n<li>\u6309\u4f53\u79ef\u8ba1\u8d39\u7684\u6279\u91cf\u8d27\uff1a\u6700\u9ad8\u8d54\u507f 10,000,000 \u8d8a\u76fe\/m\u00b3\u3002<\/li>\n<li>\u226550kg \u7684\u6742\u8d27\uff1a\u6700\u9ad8\u8d54\u507f 15,000,000 \u8d8a\u76fe\/\u5305\u3002<\/li>\n<li>&lt;50kg \u7684\u6742\u8d27\uff1a\u6700\u9ad8\u8d54\u507f 250,000 \u8d8a\u76fe\/kg\u3002<\/li>\n<li>\u96f6\u5355\u8ba2\u5355\u3001\u62fc\u5355\u8d27\uff1a\u6700\u9ad8\u8d54\u507f 100,000 \u8d8a\u76fe\/kg\u3002<\/li>\n<\/ul>\n<p><strong>\u6ce8\u610f<\/strong>\uff1a\u6536\u8d27\u65f6\u8bf7\u68c0\u67e5\u5305\u88f9\u3002\u5982\u53d1\u73b0\u7834\u635f\u3001\u7f3a\u5931\uff0c\u5fc5\u987b<strong>\u5f53\u573a\u7b7e\u5b57\u786e\u8ba4<\/strong>\u5e76\u63d0\u4f9b\u5378\u8d27\u89c6\u9891\u3002\u5982\u65e0\u89c6\u9891\uff0c\u4e0d\u53d7\u7406\u6295\u8bc9\u3002<\/p>\n<h3>5.2 \u8d27\u7269\u7834\u635f\u60c5\u51b5<\/h3>\n<p><strong>\u975e\u6613\u788e\u54c1\uff1a<\/strong><\/p>\n<ul>\n<li><strong>\u60c5\u51b51<\/strong>\uff1a\u5916\u5305\u88c5\u53d8\u5f62\u5bfc\u81f4\u5185\u90e8\u635f\u574f \u2192 \u6700\u9ad8\u8d54\u507f 100%\u3002<\/li>\n<li><strong>\u60c5\u51b52<\/strong>\uff1a\u5916\u5305\u88c5\u5b8c\u597d\u65e0\u635f \u2192 \u4e0d\u627f\u62c5\u8d23\u4efb\u3002<\/li>\n<\/ul>\n<p><strong>\u6613\u788e\u54c1\uff1a<\/strong><\/p>\n<ul>\n<li>\u5ba2\u6237\u987b\u5728\u4ea4\u8d27\u524d\u63d0\u4f9b<strong>\u5305\u88c5\u6807\u51c6<\/strong>\u3002<\/li>\n<li><strong>\u60c5\u51b51<\/strong>\uff1a\u672a\u63d0\u524d\u544a\u77e5 \u2192 \u4e0d\u8d54\u507f\u3002<\/li>\n<li><strong>\u60c5\u51b52<\/strong>\uff1a\u5df2\u544a\u77e5\u5e76\u7b26\u5408\u6807\u51c6 \u2192 \u6700\u9ad8\u8d54\u507f 100%\u3002<\/li>\n<\/ul>\n<h3>5.3 \u91cd\u8981\u63d0\u793a<\/h3>\n<ul>\n<li>\u6240\u6709\u635f\u574f\u6295\u8bc9\u5fc5\u987b\u6709\u5378\u8d27\u89c6\u9891\u3002<\/li>\n<li>Vi\u1ec7t Trung \u5c06\u5c3d\u529b\u652f\u6301\u5ba2\u6237\uff0c\u4f46\u6709\u6743\u62d2\u6536<strong>\u654f\u611f\u3001\u5927\u6279\u91cf\u96be\u8fd0\u8f93\u8d27\u7269<\/strong>\uff08\u9700\u63d0\u524d\u786e\u8ba4\uff09\u3002<\/li>\n<\/ul>\n<h2>6. Vi\u1ec7t Trung Company \u7684\u627f\u8bfa<\/h2>\n<ul>\n<li><strong>\u5b89\u5168<\/strong>\uff1a\u8d27\u7269\u7b26\u5408\u6807\u51c6\u5305\u88c5\u4e0e\u4fdd\u7ba1\u3002<\/li>\n<li><strong>\u900f\u660e<\/strong>\uff1a\u62a5\u4ef7\u4e0e\u6761\u6b3e\u6e05\u6670\u660e\u786e\u3002<\/li>\n<li><strong>\u5feb\u901f<\/strong>\uff1a\u8fd0\u8f93\u65f6\u95f4\u51c6\u65f6\u6216\u66f4\u5feb\u3002<\/li>\n<li><strong>24\/7 \u652f\u6301<\/strong>\uff1a\u968f\u65f6\u67e5\u8be2\u8ba2\u5355\u4e0e\u5ba2\u670d\u652f\u6301\u3002<\/li>\n<\/ul>\n<p>\ud83d\udc49 <a href=\"https:\/\/zalo.me\/197969820382043562\" target=\"_blank\" rel=\"noopener\">\u514d\u8d39\u54a8\u8be2\u6b63\u89c4\u8fdb\u53e3\u670d\u52a1<\/a><\/p>\n","protected":false},"excerpt":{"rendered":"<p>1. \u4e2d\u8d8a\u8fd0\u8f93\u670d\u52a1\u4ecb\u7ecd Vi\u1ec7t Tru<\/p>\n","protected":false},"author":1,"featured_media":0,"parent":38580,"menu_order":0,"comment_status":"closed","ping_status":"closed","template":"","meta":{"footnotes":""},"class_list":["post-38592","page","type-page","status-publish","hentry"],"yoast_head":"<!-- This site is optimized with the Yoast SEO plugin v27.4 - https:\/\/yoast.com\/product\/yoast-seo-wordpress\/ -->\n<title>\u4e2d\u6587\u7ffb\u8bd1\uff1a\u4e2d\u8d8a\u8fd0\u8f93\u653f\u7b56 - Viet Trung Company<\/title>\n<meta name=\"description\" content=\"T\u00ecm hi\u1ec3u chi ti\u1ebft ch\u00ednh s\u00e1ch v\u1eadn chuy\u1ec3n Trung \u2013 Vi\u1ec7t c\u1ee7a Vi\u1ec7t Trung Company: th\u1eddi gian, chi ph\u00ed, quy \u0111\u1ecbnh, cam k\u1ebft v\u00e0 ch\u00ednh s\u00e1ch b\u1ed3i th\u01b0\u1eddng h\u00e0ng h\u00f3a r\u00f5 r\u00e0ng, minh b\u1ea1ch.\" \/>\n<meta name=\"robots\" content=\"index, follow, max-snippet:-1, max-image-preview:large, max-video-preview:-1\" \/>\n<link rel=\"canonical\" href=\"https:\/\/viettrungcompany.com\/chinh-sach\/chinh-sach-van-chuyen-trung-viet\/\" \/>\n<meta property=\"og:locale\" content=\"zh_CN\" \/>\n<meta property=\"og:type\" content=\"article\" \/>\n<meta property=\"og:title\" content=\"\u4e2d\u6587\u7ffb\u8bd1\uff1a\u4e2d\u8d8a\u8fd0\u8f93\u653f\u7b56 - Viet Trung Company\" \/>\n<meta property=\"og:description\" content=\"T\u00ecm hi\u1ec3u chi ti\u1ebft ch\u00ednh s\u00e1ch v\u1eadn chuy\u1ec3n Trung \u2013 Vi\u1ec7t c\u1ee7a Vi\u1ec7t Trung Company: th\u1eddi gian, chi ph\u00ed, quy \u0111\u1ecbnh, cam k\u1ebft v\u00e0 ch\u00ednh s\u00e1ch b\u1ed3i th\u01b0\u1eddng h\u00e0ng h\u00f3a r\u00f5 r\u00e0ng, minh b\u1ea1ch.\" \/>\n<meta property=\"og:url\" content=\"https:\/\/viettrungcompany.com\/chinh-sach\/chinh-sach-van-chuyen-trung-viet\/\" \/>\n<meta property=\"og:site_name\" content=\"Viet Trung Company\" \/>\n<meta property=\"article:modified_time\" content=\"2025-08-20T08:09:24+00:00\" \/>\n<meta property=\"og:image\" content=\"https:\/\/viettrungcompany.com\/wp-content\/uploads\/2025\/08\/chinh-sach-van-chuyen-trung-viet.png\" \/>\n<meta name=\"twitter:card\" content=\"summary_large_image\" \/>\n<meta name=\"twitter:label1\" content=\"\u9884\u8ba1\u9605\u8bfb\u65f6\u95f4\" \/>\n\t<meta name=\"twitter:data1\" content=\"6 \u5206\" \/>\n<script type=\"application\/ld+json\" class=\"yoast-schema-graph\">{\"@context\":\"https:\\\/\\\/schema.org\",\"@graph\":[{\"@type\":\"WebPage\",\"@id\":\"https:\\\/\\\/viettrungcompany.com\\\/chinh-sach\\\/chinh-sach-van-chuyen-trung-viet\\\/\",\"url\":\"https:\\\/\\\/viettrungcompany.com\\\/chinh-sach\\\/chinh-sach-van-chuyen-trung-viet\\\/\",\"name\":\"\u4e2d\u6587\u7ffb\u8bd1\uff1a\u4e2d\u8d8a\u8fd0\u8f93\u653f\u7b56 - Viet Trung Company\",\"isPartOf\":{\"@id\":\"https:\\\/\\\/viettrungcompany.com\\\/#website\"},\"primaryImageOfPage\":{\"@id\":\"https:\\\/\\\/viettrungcompany.com\\\/chinh-sach\\\/chinh-sach-van-chuyen-trung-viet\\\/#primaryimage\"},\"image\":{\"@id\":\"https:\\\/\\\/viettrungcompany.com\\\/chinh-sach\\\/chinh-sach-van-chuyen-trung-viet\\\/#primaryimage\"},\"thumbnailUrl\":\"https:\\\/\\\/viettrungcompany.com\\\/wp-content\\\/uploads\\\/2025\\\/08\\\/chinh-sach-van-chuyen-trung-viet.png\",\"datePublished\":\"2025-07-20T16:01:32+00:00\",\"dateModified\":\"2025-08-20T08:09:24+00:00\",\"description\":\"T\u00ecm hi\u1ec3u chi ti\u1ebft ch\u00ednh s\u00e1ch v\u1eadn chuy\u1ec3n Trung \u2013 Vi\u1ec7t c\u1ee7a Vi\u1ec7t Trung Company: th\u1eddi gian, chi ph\u00ed, quy \u0111\u1ecbnh, cam k\u1ebft v\u00e0 ch\u00ednh s\u00e1ch b\u1ed3i th\u01b0\u1eddng h\u00e0ng h\u00f3a r\u00f5 r\u00e0ng, minh b\u1ea1ch.\",\"breadcrumb\":{\"@id\":\"https:\\\/\\\/viettrungcompany.com\\\/chinh-sach\\\/chinh-sach-van-chuyen-trung-viet\\\/#breadcrumb\"},\"inLanguage\":\"zh-Hans\",\"potentialAction\":[{\"@type\":\"ReadAction\",\"target\":[\"https:\\\/\\\/viettrungcompany.com\\\/chinh-sach\\\/chinh-sach-van-chuyen-trung-viet\\\/\"]}]},{\"@type\":\"ImageObject\",\"inLanguage\":\"zh-Hans\",\"@id\":\"https:\\\/\\\/viettrungcompany.com\\\/chinh-sach\\\/chinh-sach-van-chuyen-trung-viet\\\/#primaryimage\",\"url\":\"https:\\\/\\\/viettrungcompany.com\\\/wp-content\\\/uploads\\\/2025\\\/08\\\/chinh-sach-van-chuyen-trung-viet.png\",\"contentUrl\":\"https:\\\/\\\/viettrungcompany.com\\\/wp-content\\\/uploads\\\/2025\\\/08\\\/chinh-sach-van-chuyen-trung-viet.png\"},{\"@type\":\"BreadcrumbList\",\"@id\":\"https:\\\/\\\/viettrungcompany.com\\\/chinh-sach\\\/chinh-sach-van-chuyen-trung-viet\\\/#breadcrumb\",\"itemListElement\":[{\"@type\":\"ListItem\",\"position\":1,\"name\":\"Home\",\"item\":\"https:\\\/\\\/viettrungcompany.com\\\/zh-hans\\\/\"},{\"@type\":\"ListItem\",\"position\":2,\"name\":\"\u653f\u7b56\",\"item\":\"https:\\\/\\\/viettrungcompany.com\\\/zh-hans\\\/%e6%94%bf%e7%ad%96\\\/\"},{\"@type\":\"ListItem\",\"position\":3,\"name\":\"\u4e2d\u6587\u7ffb\u8bd1\uff1a\u4e2d\u8d8a\u8fd0\u8f93\u653f\u7b56\"}]},{\"@type\":\"WebSite\",\"@id\":\"https:\\\/\\\/viettrungcompany.com\\\/#website\",\"url\":\"https:\\\/\\\/viettrungcompany.com\\\/\",\"name\":\"Viet Trung Company\",\"description\":\"\",\"potentialAction\":[{\"@type\":\"SearchAction\",\"target\":{\"@type\":\"EntryPoint\",\"urlTemplate\":\"https:\\\/\\\/viettrungcompany.com\\\/?s={search_term_string}\"},\"query-input\":{\"@type\":\"PropertyValueSpecification\",\"valueRequired\":true,\"valueName\":\"search_term_string\"}}],\"inLanguage\":\"zh-Hans\"}]}<\/script>\n<!-- \/ Yoast SEO plugin. -->","yoast_head_json":{"title":"\u4e2d\u6587\u7ffb\u8bd1\uff1a\u4e2d\u8d8a\u8fd0\u8f93\u653f\u7b56 - Viet Trung Company","description":"T\u00ecm hi\u1ec3u chi ti\u1ebft ch\u00ednh s\u00e1ch v\u1eadn chuy\u1ec3n Trung \u2013 Vi\u1ec7t c\u1ee7a Vi\u1ec7t Trung Company: th\u1eddi gian, chi ph\u00ed, quy \u0111\u1ecbnh, cam k\u1ebft v\u00e0 ch\u00ednh s\u00e1ch b\u1ed3i th\u01b0\u1eddng h\u00e0ng h\u00f3a r\u00f5 r\u00e0ng, minh b\u1ea1ch.","robots":{"index":"index","follow":"follow","max-snippet":"max-snippet:-1","max-image-preview":"max-image-preview:large","max-video-preview":"max-video-preview:-1"},"canonical":"https:\/\/viettrungcompany.com\/chinh-sach\/chinh-sach-van-chuyen-trung-viet\/","og_locale":"zh_CN","og_type":"article","og_title":"\u4e2d\u6587\u7ffb\u8bd1\uff1a\u4e2d\u8d8a\u8fd0\u8f93\u653f\u7b56 - Viet Trung Company","og_description":"T\u00ecm hi\u1ec3u chi ti\u1ebft ch\u00ednh s\u00e1ch v\u1eadn chuy\u1ec3n Trung \u2013 Vi\u1ec7t c\u1ee7a Vi\u1ec7t Trung Company: th\u1eddi gian, chi ph\u00ed, quy \u0111\u1ecbnh, cam k\u1ebft v\u00e0 ch\u00ednh s\u00e1ch b\u1ed3i th\u01b0\u1eddng h\u00e0ng h\u00f3a r\u00f5 r\u00e0ng, minh b\u1ea1ch.","og_url":"https:\/\/viettrungcompany.com\/chinh-sach\/chinh-sach-van-chuyen-trung-viet\/","og_site_name":"Viet Trung Company","article_modified_time":"2025-08-20T08:09:24+00:00","og_image":[{"url":"https:\/\/viettrungcompany.com\/wp-content\/uploads\/2025\/08\/chinh-sach-van-chuyen-trung-viet.png","type":"","width":"","height":""}],"twitter_card":"summary_large_image","twitter_misc":{"\u9884\u8ba1\u9605\u8bfb\u65f6\u95f4":"6 \u5206"},"schema":{"@context":"https:\/\/schema.org","@graph":[{"@type":"WebPage","@id":"https:\/\/viettrungcompany.com\/chinh-sach\/chinh-sach-van-chuyen-trung-viet\/","url":"https:\/\/viettrungcompany.com\/chinh-sach\/chinh-sach-van-chuyen-trung-viet\/","name":"\u4e2d\u6587\u7ffb\u8bd1\uff1a\u4e2d\u8d8a\u8fd0\u8f93\u653f\u7b56 - Viet Trung Company","isPartOf":{"@id":"https:\/\/viettrungcompany.com\/#website"},"primaryImageOfPage":{"@id":"https:\/\/viettrungcompany.com\/chinh-sach\/chinh-sach-van-chuyen-trung-viet\/#primaryimage"},"image":{"@id":"https:\/\/viettrungcompany.com\/chinh-sach\/chinh-sach-van-chuyen-trung-viet\/#primaryimage"},"thumbnailUrl":"https:\/\/viettrungcompany.com\/wp-content\/uploads\/2025\/08\/chinh-sach-van-chuyen-trung-viet.png","datePublished":"2025-07-20T16:01:32+00:00","dateModified":"2025-08-20T08:09:24+00:00","description":"T\u00ecm hi\u1ec3u chi ti\u1ebft ch\u00ednh s\u00e1ch v\u1eadn chuy\u1ec3n Trung \u2013 Vi\u1ec7t c\u1ee7a Vi\u1ec7t Trung Company: th\u1eddi gian, chi ph\u00ed, quy \u0111\u1ecbnh, cam k\u1ebft v\u00e0 ch\u00ednh s\u00e1ch b\u1ed3i th\u01b0\u1eddng h\u00e0ng h\u00f3a r\u00f5 r\u00e0ng, minh b\u1ea1ch.","breadcrumb":{"@id":"https:\/\/viettrungcompany.com\/chinh-sach\/chinh-sach-van-chuyen-trung-viet\/#breadcrumb"},"inLanguage":"zh-Hans","potentialAction":[{"@type":"ReadAction","target":["https:\/\/viettrungcompany.com\/chinh-sach\/chinh-sach-van-chuyen-trung-viet\/"]}]},{"@type":"ImageObject","inLanguage":"zh-Hans","@id":"https:\/\/viettrungcompany.com\/chinh-sach\/chinh-sach-van-chuyen-trung-viet\/#primaryimage","url":"https:\/\/viettrungcompany.com\/wp-content\/uploads\/2025\/08\/chinh-sach-van-chuyen-trung-viet.png","contentUrl":"https:\/\/viettrungcompany.com\/wp-content\/uploads\/2025\/08\/chinh-sach-van-chuyen-trung-viet.png"},{"@type":"BreadcrumbList","@id":"https:\/\/viettrungcompany.com\/chinh-sach\/chinh-sach-van-chuyen-trung-viet\/#breadcrumb","itemListElement":[{"@type":"ListItem","position":1,"name":"Home","item":"https:\/\/viettrungcompany.com\/zh-hans\/"},{"@type":"ListItem","position":2,"name":"\u653f\u7b56","item":"https:\/\/viettrungcompany.com\/zh-hans\/%e6%94%bf%e7%ad%96\/"},{"@type":"ListItem","position":3,"name":"\u4e2d\u6587\u7ffb\u8bd1\uff1a\u4e2d\u8d8a\u8fd0\u8f93\u653f\u7b56"}]},{"@type":"WebSite","@id":"https:\/\/viettrungcompany.com\/#website","url":"https:\/\/viettrungcompany.com\/","name":"Viet Trung Company","description":"","potentialAction":[{"@type":"SearchAction","target":{"@type":"EntryPoint","urlTemplate":"https:\/\/viettrungcompany.com\/?s={search_term_string}"},"query-input":{"@type":"PropertyValueSpecification","valueRequired":true,"valueName":"search_term_string"}}],"inLanguage":"zh-Hans"}]}},"_links":{"self":[{"href":"https:\/\/viettrungcompany.com\/zh-hans\/wp-json\/wp\/v2\/pages\/38592","targetHints":{"allow":["GET"]}}],"collection":[{"href":"https:\/\/viettrungcompany.com\/zh-hans\/wp-json\/wp\/v2\/pages"}],"about":[{"href":"https:\/\/viettrungcompany.com\/zh-hans\/wp-json\/wp\/v2\/types\/page"}],"author":[{"embeddable":true,"href":"https:\/\/viettrungcompany.com\/zh-hans\/wp-json\/wp\/v2\/users\/1"}],"replies":[{"embeddable":true,"href":"https:\/\/viettrungcompany.com\/zh-hans\/wp-json\/wp\/v2\/comments?post=38592"}],"version-history":[{"count":1,"href":"https:\/\/viettrungcompany.com\/zh-hans\/wp-json\/wp\/v2\/pages\/38592\/revisions"}],"predecessor-version":[{"id":39352,"href":"https:\/\/viettrungcompany.com\/zh-hans\/wp-json\/wp\/v2\/pages\/38592\/revisions\/39352"}],"up":[{"embeddable":true,"href":"https:\/\/viettrungcompany.com\/zh-hans\/wp-json\/wp\/v2\/pages\/38580"}],"wp:attachment":[{"href":"https:\/\/viettrungcompany.com\/zh-hans\/wp-json\/wp\/v2\/media?parent=38592"}],"curies":[{"name":"wp","href":"https:\/\/api.w.org\/{rel}","templated":true}]}}