{"id":38594,"date":"2025-07-20T22:58:19","date_gmt":"2025-07-20T15:58:19","guid":{"rendered":"https:\/\/viettrungcompany.com\/chinh-sach\/dieu-khoan-dich-vu\/"},"modified":"2025-08-20T15:02:57","modified_gmt":"2025-08-20T08:02:57","slug":"%e6%9c%8d%e5%8a%a1%e6%9d%a1%e6%ac%be","status":"publish","type":"page","link":"https:\/\/viettrungcompany.com\/zh-hans\/%e6%94%bf%e7%ad%96\/%e6%9c%8d%e5%8a%a1%e6%9d%a1%e6%ac%be\/","title":{"rendered":"\u670d\u52a1\u6761\u6b3e"},"content":{"rendered":"<h1><strong>\u7f51\u7ad9\u4f7f\u7528\u6761\u6b3e<\/strong><\/h1>\n<p>\u6b22\u8fce\u60a8\u8bbf\u95ee <strong>Vi\u1ec7t Trung Company<\/strong>\uff01<br \/>\n\u5f53\u60a8\u8bbf\u95ee\u548c\u4f7f\u7528\u672c\u7f51\u7ad9\u65f6\uff0c\u5373\u8868\u793a\u60a8\u540c\u610f\u9075\u5b88\u5e76\u53d7\u4ee5\u4e0b\u4f7f\u7528\u6761\u6b3e\u7684\u7ea6\u675f\u3002\u82e5\u60a8\u4e0d\u540c\u610f\u4efb\u4f55\u6761\u6b3e\uff0c\u8bf7\u7acb\u5373\u505c\u6b62\u4f7f\u7528\u672c\u7f51\u7ad9\u3002<\/p>\n<h2><strong>1. \u63a5\u53d7\u4f7f\u7528\u6761\u6b3e<\/strong><\/h2>\n<p>\u5f53\u60a8\u8bbf\u95ee\u548c\u4f7f\u7528 <a href=\"https:\/\/www.viettrungcompany.com\/\"><strong>Vi\u1ec7t Trung Company<\/strong><\/a> \u7684\u7f51\u7ad9\u65f6\uff0c\u5373\u8868\u660e\u60a8\u786e\u8ba4\uff1a<\/p>\n<p>&#8211; \u5df2\u9605\u8bfb\u3001\u7406\u89e3\u5e76\u540c\u610f\u672c\u7f51\u7ad9\u516c\u5e03\u7684\u4f7f\u7528\u6761\u6b3e\u3001<strong>\u9690\u79c1\u653f\u7b56<\/strong>\u3001<strong>Cookie \u653f\u7b56<\/strong>\u53ca\u76f8\u5173\u89c4\u5b9a\u3002<br \/>\n&#8211; \u5728\u4f7f\u7528\u7f51\u7ad9\u8fc7\u7a0b\u4e2d\uff0c\u5c06\u5b8c\u5168\u9075\u5b88\u73b0\u884c\u6cd5\u5f8b\u6cd5\u89c4\u3002<\/p>\n<p><img loading=\"lazy\" decoding=\"async\" id=\"dieu-khoan-su-dung-website\" dir=\"ltr\" lang=\"zh\" title=\"\u7f51\u7ad9\u4f7f\u7528\u6761\u6b3e\" src=\"https:\/\/viettrungcompany.com\/wp-content\/uploads\/2025\/07\/dieu-khoan-su-dung-website.jpg\" alt=\"\u7f51\u7ad9\u4f7f\u7528\u6761\u6b3e\" width=\"940\" height=\"788\" longdesc=\"https:\/\/www.viettrungcompany.com\/vi\/thong-tin-cung-cau\/%C4%90i%E1%BB%81u%20kho%E1%BA%A3n%20s%E1%BB%AD%20d%E1%BB%A5ng%20website\" \/><\/p>\n<h2><strong>2. \u77e5\u8bc6\u4ea7\u6743<\/strong><\/h2>\n<p>\u672c\u7f51\u7ad9\u4e0a\u7684\u6240\u6709\u5185\u5bb9\uff0c\u5305\u62ec\u4f46\u4e0d\u9650\u4e8e\uff1a\u6587\u5b57\u3001\u56fe\u7247\u3001\u89c6\u9891\u3001\u6e90\u4ee3\u7801\u3001\u6807\u8bc6\u3001\u5546\u6807\u3001\u6570\u636e\u2026\u2026\u5747\u5f52 <strong>Vi\u1ec7t Trung Company<\/strong> \u6216\u5173\u8054\u5408\u4f5c\u4f19\u4f34\u6240\u6709\u3002  <\/p>\n<p>\u4efb\u4f55\u672a\u7ecf\u6388\u6743\u7684\u590d\u5236\u3001\u4fee\u6539\u3001\u5206\u53d1\u3001\u516c\u5f00\u6216\u4f7f\u7528\u7f51\u7ad9\u5185\u5bb9\u7684\u884c\u4e3a\uff0c\u5747\u88ab\u89c6\u4e3a\u4fb5\u72af\u77e5\u8bc6\u4ea7\u6743\u3002  <\/p>\n<p><strong>\u6211\u4eec\u6709\u6743\uff1a<\/strong><br \/>\n&#8211; \u5982\u53d1\u73b0\u8fdd\u89c4\u884c\u4e3a\uff0c\u6709\u6743\u6682\u505c\u6216\u7ec8\u6b62\u60a8\u7684\u8bbf\u95ee\u6743\u9650\u3002<br \/>\n&#8211; \u8981\u6c42\u8d54\u507f\u56e0\u8fdd\u89c4\u884c\u4e3a\u6240\u9020\u6210\u7684\u635f\u5931\u3002  <\/p>\n<h2><strong>3. \u7528\u6237\u8d23\u4efb\u4e0e\u627f\u8bfa<\/strong><\/h2>\n<p><strong>\u5728\u4f7f\u7528\u672c\u7f51\u7ad9\u65f6\uff0c\u60a8\u627f\u8bfa\uff1a<\/strong>  <\/p>\n<p>&#8211; \u4e0d\u8fdb\u884c\u5165\u4fb5\u3001\u7834\u574f\u6216\u635f\u5bb3\u7f51\u7ad9\u7cfb\u7edf\u7684\u884c\u4e3a\u3002<br \/>\n&#8211; \u672a\u7ecf <strong>Vi\u1ec7t Trung Company<\/strong> \u4e66\u9762\u8bb8\u53ef\uff0c\u4e0d\u5f97\u5c06\u7f51\u7ad9\u4fe1\u606f\u7528\u4e8e\u975e\u6cd5\u6216\u5546\u4e1a\u76ee\u7684\u3002<br \/>\n&#8211; \u5728\u4f7f\u7528\u7f51\u7ad9\u5185\u5bb9\u65f6\uff0c\u5fc5\u987b\u6ce8\u660e\u6765\u6e90\u5e76\u4fdd\u7559\u539f\u59cb\u94fe\u63a5\u3002  <\/p>\n<p><strong>\u7981\u6b62\u884c\u4e3a\uff1a<\/strong><br \/>\n&#8211; \u7f51\u7edc\u653b\u51fb\u3001\u4f20\u64ad\u6076\u610f\u4ee3\u7801\u6216\u6709\u5bb3\u5185\u5bb9\u3002<br \/>\n&#8211; \u8fdd\u53cd\u8d8a\u5357\u6cd5\u5f8b\u6216\u672c\u6761\u6b3e\u7684\u884c\u4e3a\u3002  <\/p>\n<h2><strong>4. \u4e2a\u4eba\u4fe1\u606f\u4fdd\u62a4<\/strong><\/h2>\n<p><strong>Vi\u1ec7t Trung Company<\/strong> \u627f\u8bfa\u4f9d\u636e\u6cd5\u5f8b\u89c4\u5b9a\u4fdd\u62a4\u60a8\u7684\u4e2a\u4eba\u4fe1\u606f\u3002  <\/p>\n<p>&#8211; \u6211\u4eec\u4ec5\u5728\u5fc5\u8981\u65f6\u5e76\u4ee5\u900f\u660e\u76ee\u7684\u6536\u96c6\u548c\u4f7f\u7528\u4e2a\u4eba\u4fe1\u606f\u3002<br \/>\n&#8211; \u7528\u6237\u8d23\u4efb\uff1a\u59a5\u5584\u4fdd\u7ba1\u8d26\u53f7\u4e0e\u5bc6\u7801\uff0c\u5982\u53d1\u73b0\u672a\u7ecf\u6388\u6743\u7684\u8bbf\u95ee\u987b\u7acb\u5373\u62a5\u544a\u3002<br \/>\n&#8211; Vi\u1ec7t Trung Company \u7684\u8d23\u4efb\uff1a\u91c7\u7528\u5148\u8fdb\u7684\u5b89\u5168\u63aa\u65bd\u4fdd\u62a4\u6570\u636e\uff0c\u672a\u7ecf\u7528\u6237\u540c\u610f\u6216\u6cd5\u5f8b\u8981\u6c42\uff0c\u4e0d\u4f1a\u5411\u7b2c\u4e09\u65b9\u5171\u4eab\u4fe1\u606f\u3002  <\/p>\n<p><img loading=\"lazy\" decoding=\"async\" id=\"bao-mat-thong-tin-ca-nhan-website\" class=\"aligncenter\" dir=\"ltr\" lang=\"zh\" title=\"\u4e2a\u4eba\u4fe1\u606f\u4fdd\u62a4\" src=\"https:\/\/viettrungcompany.com\/wp-content\/uploads\/2025\/07\/bao-mat-thong-tin-ca-nhan.jpg\" alt=\"\u4e2a\u4eba\u4fe1\u606f\u4fdd\u62a4\" width=\"940\" height=\"788\" longdesc=\"https:\/\/www.viettrungcompany.com\/vi\/thong-tin-cung-cau\/b%E1%BA%A3o%20m%E1%BA%ADt%20th%C3%B4ng%20tin%20c%C3%A1%20nh%C3%A2n\" \/><\/p>\n<h2><strong>5. \u5916\u90e8\u7f51\u7ad9\u94fe\u63a5<\/strong><\/h2>\n<p><strong>Vi\u1ec7t Trung Company<\/strong> \u7684\u7f51\u7ad9\u53ef\u80fd\u5305\u542b\u7b2c\u4e09\u65b9\u7f51\u7ad9\u94fe\u63a5\u3002<br \/>\n\u6211\u4eec\u4e0d\u5bf9\u8fd9\u4e9b\u7f51\u7ad9\u7684\u5185\u5bb9\u3001\u9690\u79c1\u653f\u7b56\u6216\u5408\u6cd5\u6027\u8d1f\u8d23\u3002\u7528\u6237\u5728\u8bbf\u95ee\u548c\u4f7f\u7528\u5916\u90e8\u94fe\u63a5\u65f6\u81ea\u884c\u627f\u62c5\u8d23\u4efb\u3002  <\/p>\n<h2><strong>6. \u6761\u6b3e\u53d8\u66f4<\/strong><\/h2>\n<p><strong>Vi\u1ec7t Trung Company<\/strong> \u6709\u6743\u5728\u65e0\u9700\u4e8b\u5148\u901a\u77e5\u7684\u60c5\u51b5\u4e0b\u4fee\u6539\u3001\u8865\u5145\u6216\u5220\u9664\u672c\u6761\u6b3e\u7684\u5185\u5bb9\u3002<br \/>\n\u4fee\u6539\u540e\u7684\u6761\u6b3e\u4e00\u7ecf\u53d1\u5e03\u5373\u523b\u751f\u6548\u3002\u7ee7\u7eed\u4f7f\u7528\u672c\u7f51\u7ad9\uff0c\u5373\u8868\u793a\u60a8\u540c\u610f\u8fd9\u4e9b\u53d8\u66f4\u3002  <\/p>\n<h2><strong>7. Cookie \u7ba1\u7406<\/strong><\/h2>\n<p>\u672c\u7f51\u7ad9\u4f7f\u7528 Cookie \u4ee5\u6539\u5584\u7528\u6237\u4f53\u9a8c\u3001\u4e2a\u6027\u5316\u5185\u5bb9\u5e76\u8bb0\u5f55\u8bbf\u95ee\u884c\u4e3a\u3002\u60a8\u53ef\u901a\u8fc7\u6d4f\u89c8\u5668\u8bbe\u7f6e\u7ba1\u7406\u6216\u7981\u7528 Cookie\u3002  <\/p>\n<p><img loading=\"lazy\" decoding=\"async\" id=\"quan-ly-cookie\" class=\"aligncenter\" title=\"Cookie \u7ba1\u7406\u65b9\u5f0f\" src=\"https:\/\/viettrungcompany.com\/wp-content\/uploads\/2025\/07\/quan-ly-cookie.jpg\" alt=\"Cookie \u7ba1\u7406\" width=\"940\" height=\"788\" longdesc=\"https:\/\/www.viettrungcompany.com\/vi\/thong-tin-cung-cau\/qu%E1%BA%A3n%20l%C3%BD%20cookie\" \/><\/p>\n<h2><strong>8. \u514d\u8d23\u58f0\u660e<\/strong><\/h2>\n<p><strong>\u8fd0\u884c\u4fdd\u8bc1\uff1a<\/strong> \u6211\u4eec\u59cb\u7ec8\u52aa\u529b\u786e\u4fdd\u7f51\u7ad9\u7a33\u5b9a\u8fd0\u884c\uff0c\u4f46\u4e0d\u4fdd\u8bc1\u7f51\u7ad9\u4e0d\u4f1a\u51fa\u73b0\u9519\u8bef\u3001\u4e2d\u65ad\u6216\u59cb\u7ec8\u51c6\u786e\u5b8c\u6574\u3002  <\/p>\n<p><strong>\u8d23\u4efb\u9650\u5236\uff1a<\/strong> Vi\u1ec7t Trung Company \u4e0d\u5bf9\u4ee5\u4e0b\u60c5\u51b5\u8d1f\u8d23\uff1a<br \/>\n&#8211; \u56e0\u4f7f\u7528\u7f51\u7ad9\u800c\u4ea7\u751f\u7684\u635f\u5931\u3002<br \/>\n&#8211; \u901a\u8fc7\u4e92\u8054\u7f51\u4f20\u8f93\u6570\u636e\u76f8\u5173\u7684\u98ce\u9669\u3002  <\/p>\n<h2><strong>9. \u901a\u7528\u6761\u6b3e<\/strong><\/h2>\n<p>&#8211; <strong>\u4e89\u8bae\u89e3\u51b3\uff1a<\/strong> \u56e0\u4f7f\u7528\u7f51\u7ad9\u4ea7\u751f\u7684\u6240\u6709\u4e89\u8bae\uff0c\u5c06\u7531\u8d8a\u5357\u6709\u7ba1\u8f96\u6743\u7684\u6cd5\u9662\u89e3\u51b3\u3002<br \/>\n&#8211; <strong>\u6548\u529b\uff1a<\/strong> \u82e5\u67d0\u6761\u6b3e\u88ab\u89c6\u4e3a\u65e0\u6548\uff0c\u5176\u4f59\u6761\u6b3e\u4ecd\u4fdd\u6301\u6709\u6548\u3002  <\/p>\n<h2><strong>\u8054\u7cfb\u65b9\u5f0f<\/strong><\/h2>\n<p>\u90ae\u7bb1: <a href=\"http:\/\/viettrungcompany2012@gmail.com\/\" target=\"_blank\" rel=\"noopener\">viettrungcompany2012@gmail.com<\/a><br \/>\n\u7f51\u7ad9: <a href=\"http:\/\/www.viettrungcompany.com\/\" target=\"_blank\" rel=\"noopener\">www.viettrungcompany.com<\/a><br \/>\nFacebook: <a href=\"https:\/\/www.facebook.com\/viettrungcompany\" target=\"_blank\" rel=\"noopener\">https:\/\/www.facebook.com\/viettrungcompany<\/a><br \/>\nYoutube: <a href=\"https:\/\/www.youtube.com\/@viettrungcompany\" target=\"_blank\" rel=\"noopener\">https:\/\/www.youtube.com\/@viettrungcompany<\/a><br \/>\nTiktok: <a href=\"https:\/\/www.tiktok.com\/@viettrungcompany\" target=\"_blank\" rel=\"noopener\">https:\/\/www.tiktok.com\/@viettrungcompany<\/a><\/p>\n<p>\u60a8\u53ef\u4ee5\u901a\u8fc7\u4ee5\u4e0b\u529e\u516c\u5730\u70b9\u4e0e\u6211\u4eec\u8054\u7cfb\uff1a<br \/>\n&#8211; \u6cb3\u5185\u529e\u516c\u5ba4: \u6cb3\u5185\u5e02 Ngh\u0129a \u0110\u00f4 \u533a Quan Hoa \u8857 189 \u53f7\u3002\u7535\u8bdd\uff1a<strong>0965551166<\/strong><br \/>\n&#8211; \u5c98\u6e2f\u529e\u516c\u5ba4: \u5c98\u6e2f\u5e02 Thanh Kh\u00ea \u533a V\u00f5 V\u0103n T\u1ea7n \u8857 66 \u53f7 Savico \u5927\u53a6 2 \u697c\u3002\u7535\u8bdd\uff1a<strong>0935131816<\/strong> &#8211; <strong>0967371118<\/strong><br \/>\n&#8211; \u80e1\u5fd7\u660e\u5e02\u529e\u516c\u5ba4: \u80e1\u5fd7\u660e\u5e02 B\u1ea3y Hi\u1ec1n \u533a Nguy\u1ec5n Th\u00e1i B\u00ecnh \u8857 264-264A\u3002\u7535\u8bdd\uff1a<strong>0935086838<\/strong> &#8211; <strong>0962259911<\/strong>  <\/p>\n","protected":false},"excerpt":{"rendered":"<p>\u7f51\u7ad9\u4f7f\u7528\u6761\u6b3e \u6b22\u8fce\u60a8\u8bbf\u95ee Vi\u1ec7t Tr<\/p>\n","protected":false},"author":1,"featured_media":0,"parent":38580,"menu_order":0,"comment_status":"closed","ping_status":"closed","template":"","meta":{"footnotes":""},"class_list":["post-38594","page","type-page","status-publish","hentry"],"yoast_head":"<!-- This site is optimized with the Yoast SEO plugin v27.4 - https:\/\/yoast.com\/product\/yoast-seo-wordpress\/ -->\n<title>\u670d\u52a1\u6761\u6b3e - Viet Trung Company<\/title>\n<meta name=\"description\" content=\"Khi truy c\u1eadp v\u00e0 s\u1eed d\u1ee5ng website n\u00e0y, b\u1ea1n \u0111\u1ed3ng \u00fd tu\u00e2n th\u1ee7 v\u00e0 b\u1ecb r\u00e0ng bu\u1ed9c b\u1edfi c\u00e1c \u0111i\u1ec1u kho\u1ea3n s\u1eed d\u1ee5ng d\u01b0\u1edbi \u0111\u00e2y. N\u1ebfu b\u1ea1n kh\u00f4ng \u0111\u1ed3ng \u00fd v\u1edbi b\u1ea5t k\u1ef3 \u0111i\u1ec1u kho\u1ea3n n\u00e0o, vui l\u00f2ng kh\u00f4ng ti\u1ebfp t\u1ee5c s\u1eed d\u1ee5ng website.\" \/>\n<meta name=\"robots\" content=\"index, follow, max-snippet:-1, max-image-preview:large, max-video-preview:-1\" \/>\n<link rel=\"canonical\" href=\"https:\/\/viettrungcompany.com\/zh-hans\/\u653f\u7b56\/\u670d\u52a1\u6761\u6b3e\/\" \/>\n<meta property=\"og:locale\" content=\"zh_CN\" \/>\n<meta property=\"og:type\" content=\"article\" \/>\n<meta property=\"og:title\" content=\"\u670d\u52a1\u6761\u6b3e - Viet Trung Company\" \/>\n<meta property=\"og:description\" content=\"Khi truy c\u1eadp v\u00e0 s\u1eed d\u1ee5ng website n\u00e0y, b\u1ea1n \u0111\u1ed3ng \u00fd tu\u00e2n th\u1ee7 v\u00e0 b\u1ecb r\u00e0ng bu\u1ed9c b\u1edfi c\u00e1c \u0111i\u1ec1u kho\u1ea3n s\u1eed d\u1ee5ng d\u01b0\u1edbi \u0111\u00e2y. N\u1ebfu b\u1ea1n kh\u00f4ng \u0111\u1ed3ng \u00fd v\u1edbi b\u1ea5t k\u1ef3 \u0111i\u1ec1u kho\u1ea3n n\u00e0o, vui l\u00f2ng kh\u00f4ng ti\u1ebfp t\u1ee5c s\u1eed d\u1ee5ng website.\" \/>\n<meta property=\"og:url\" content=\"https:\/\/viettrungcompany.com\/zh-hans\/\u653f\u7b56\/\u670d\u52a1\u6761\u6b3e\/\" \/>\n<meta property=\"og:site_name\" content=\"Viet Trung Company\" \/>\n<meta property=\"article:modified_time\" content=\"2025-08-20T08:02:57+00:00\" \/>\n<meta property=\"og:image\" content=\"https:\/\/viettrungcompany.com\/wp-content\/uploads\/2025\/07\/dieu-khoan-su-dung-website.jpg\" \/>\n<meta name=\"twitter:card\" content=\"summary_large_image\" \/>\n<meta name=\"twitter:label1\" content=\"\u9884\u8ba1\u9605\u8bfb\u65f6\u95f4\" \/>\n\t<meta name=\"twitter:data1\" content=\"2 \u5206\" \/>\n<script type=\"application\/ld+json\" class=\"yoast-schema-graph\">{\"@context\":\"https:\\\/\\\/schema.org\",\"@graph\":[{\"@type\":\"WebPage\",\"@id\":\"https:\\\/\\\/viettrungcompany.com\\\/zh-hans\\\/%e6%94%bf%e7%ad%96\\\/%e6%9c%8d%e5%8a%a1%e6%9d%a1%e6%ac%be\\\/\",\"url\":\"https:\\\/\\\/viettrungcompany.com\\\/zh-hans\\\/%e6%94%bf%e7%ad%96\\\/%e6%9c%8d%e5%8a%a1%e6%9d%a1%e6%ac%be\\\/\",\"name\":\"\u670d\u52a1\u6761\u6b3e - Viet Trung Company\",\"isPartOf\":{\"@id\":\"https:\\\/\\\/viettrungcompany.com\\\/#website\"},\"primaryImageOfPage\":{\"@id\":\"https:\\\/\\\/viettrungcompany.com\\\/zh-hans\\\/%e6%94%bf%e7%ad%96\\\/%e6%9c%8d%e5%8a%a1%e6%9d%a1%e6%ac%be\\\/#primaryimage\"},\"image\":{\"@id\":\"https:\\\/\\\/viettrungcompany.com\\\/zh-hans\\\/%e6%94%bf%e7%ad%96\\\/%e6%9c%8d%e5%8a%a1%e6%9d%a1%e6%ac%be\\\/#primaryimage\"},\"thumbnailUrl\":\"https:\\\/\\\/viettrungcompany.com\\\/wp-content\\\/uploads\\\/2025\\\/07\\\/dieu-khoan-su-dung-website.jpg\",\"datePublished\":\"2025-07-20T15:58:19+00:00\",\"dateModified\":\"2025-08-20T08:02:57+00:00\",\"description\":\"Khi truy c\u1eadp v\u00e0 s\u1eed d\u1ee5ng website n\u00e0y, b\u1ea1n \u0111\u1ed3ng \u00fd tu\u00e2n th\u1ee7 v\u00e0 b\u1ecb r\u00e0ng bu\u1ed9c b\u1edfi c\u00e1c \u0111i\u1ec1u kho\u1ea3n s\u1eed d\u1ee5ng d\u01b0\u1edbi \u0111\u00e2y. N\u1ebfu b\u1ea1n kh\u00f4ng \u0111\u1ed3ng \u00fd v\u1edbi b\u1ea5t k\u1ef3 \u0111i\u1ec1u kho\u1ea3n n\u00e0o, vui l\u00f2ng kh\u00f4ng ti\u1ebfp t\u1ee5c s\u1eed d\u1ee5ng website.\",\"breadcrumb\":{\"@id\":\"https:\\\/\\\/viettrungcompany.com\\\/zh-hans\\\/%e6%94%bf%e7%ad%96\\\/%e6%9c%8d%e5%8a%a1%e6%9d%a1%e6%ac%be\\\/#breadcrumb\"},\"inLanguage\":\"zh-Hans\",\"potentialAction\":[{\"@type\":\"ReadAction\",\"target\":[\"https:\\\/\\\/viettrungcompany.com\\\/zh-hans\\\/%e6%94%bf%e7%ad%96\\\/%e6%9c%8d%e5%8a%a1%e6%9d%a1%e6%ac%be\\\/\"]}]},{\"@type\":\"ImageObject\",\"inLanguage\":\"zh-Hans\",\"@id\":\"https:\\\/\\\/viettrungcompany.com\\\/zh-hans\\\/%e6%94%bf%e7%ad%96\\\/%e6%9c%8d%e5%8a%a1%e6%9d%a1%e6%ac%be\\\/#primaryimage\",\"url\":\"https:\\\/\\\/viettrungcompany.com\\\/wp-content\\\/uploads\\\/2025\\\/07\\\/dieu-khoan-su-dung-website.jpg\",\"contentUrl\":\"https:\\\/\\\/viettrungcompany.com\\\/wp-content\\\/uploads\\\/2025\\\/07\\\/dieu-khoan-su-dung-website.jpg\"},{\"@type\":\"BreadcrumbList\",\"@id\":\"https:\\\/\\\/viettrungcompany.com\\\/zh-hans\\\/%e6%94%bf%e7%ad%96\\\/%e6%9c%8d%e5%8a%a1%e6%9d%a1%e6%ac%be\\\/#breadcrumb\",\"itemListElement\":[{\"@type\":\"ListItem\",\"position\":1,\"name\":\"Home\",\"item\":\"https:\\\/\\\/viettrungcompany.com\\\/zh-hans\\\/\"},{\"@type\":\"ListItem\",\"position\":2,\"name\":\"\u653f\u7b56\",\"item\":\"https:\\\/\\\/viettrungcompany.com\\\/zh-hans\\\/%e6%94%bf%e7%ad%96\\\/\"},{\"@type\":\"ListItem\",\"position\":3,\"name\":\"\u670d\u52a1\u6761\u6b3e\"}]},{\"@type\":\"WebSite\",\"@id\":\"https:\\\/\\\/viettrungcompany.com\\\/#website\",\"url\":\"https:\\\/\\\/viettrungcompany.com\\\/\",\"name\":\"Viet Trung Company\",\"description\":\"\",\"potentialAction\":[{\"@type\":\"SearchAction\",\"target\":{\"@type\":\"EntryPoint\",\"urlTemplate\":\"https:\\\/\\\/viettrungcompany.com\\\/?s={search_term_string}\"},\"query-input\":{\"@type\":\"PropertyValueSpecification\",\"valueRequired\":true,\"valueName\":\"search_term_string\"}}],\"inLanguage\":\"zh-Hans\"}]}<\/script>\n<!-- \/ Yoast SEO plugin. -->","yoast_head_json":{"title":"\u670d\u52a1\u6761\u6b3e - Viet Trung Company","description":"Khi truy c\u1eadp v\u00e0 s\u1eed d\u1ee5ng website n\u00e0y, b\u1ea1n \u0111\u1ed3ng \u00fd tu\u00e2n th\u1ee7 v\u00e0 b\u1ecb r\u00e0ng bu\u1ed9c b\u1edfi c\u00e1c \u0111i\u1ec1u kho\u1ea3n s\u1eed d\u1ee5ng d\u01b0\u1edbi \u0111\u00e2y. N\u1ebfu b\u1ea1n kh\u00f4ng \u0111\u1ed3ng \u00fd v\u1edbi b\u1ea5t k\u1ef3 \u0111i\u1ec1u kho\u1ea3n n\u00e0o, vui l\u00f2ng kh\u00f4ng ti\u1ebfp t\u1ee5c s\u1eed d\u1ee5ng website.","robots":{"index":"index","follow":"follow","max-snippet":"max-snippet:-1","max-image-preview":"max-image-preview:large","max-video-preview":"max-video-preview:-1"},"canonical":"https:\/\/viettrungcompany.com\/zh-hans\/\u653f\u7b56\/\u670d\u52a1\u6761\u6b3e\/","og_locale":"zh_CN","og_type":"article","og_title":"\u670d\u52a1\u6761\u6b3e - Viet Trung Company","og_description":"Khi truy c\u1eadp v\u00e0 s\u1eed d\u1ee5ng website n\u00e0y, b\u1ea1n \u0111\u1ed3ng \u00fd tu\u00e2n th\u1ee7 v\u00e0 b\u1ecb r\u00e0ng bu\u1ed9c b\u1edfi c\u00e1c \u0111i\u1ec1u kho\u1ea3n s\u1eed d\u1ee5ng d\u01b0\u1edbi \u0111\u00e2y. N\u1ebfu b\u1ea1n kh\u00f4ng \u0111\u1ed3ng \u00fd v\u1edbi b\u1ea5t k\u1ef3 \u0111i\u1ec1u kho\u1ea3n n\u00e0o, vui l\u00f2ng kh\u00f4ng ti\u1ebfp t\u1ee5c s\u1eed d\u1ee5ng website.","og_url":"https:\/\/viettrungcompany.com\/zh-hans\/\u653f\u7b56\/\u670d\u52a1\u6761\u6b3e\/","og_site_name":"Viet Trung Company","article_modified_time":"2025-08-20T08:02:57+00:00","og_image":[{"url":"https:\/\/viettrungcompany.com\/wp-content\/uploads\/2025\/07\/dieu-khoan-su-dung-website.jpg","type":"","width":"","height":""}],"twitter_card":"summary_large_image","twitter_misc":{"\u9884\u8ba1\u9605\u8bfb\u65f6\u95f4":"2 \u5206"},"schema":{"@context":"https:\/\/schema.org","@graph":[{"@type":"WebPage","@id":"https:\/\/viettrungcompany.com\/zh-hans\/%e6%94%bf%e7%ad%96\/%e6%9c%8d%e5%8a%a1%e6%9d%a1%e6%ac%be\/","url":"https:\/\/viettrungcompany.com\/zh-hans\/%e6%94%bf%e7%ad%96\/%e6%9c%8d%e5%8a%a1%e6%9d%a1%e6%ac%be\/","name":"\u670d\u52a1\u6761\u6b3e - Viet Trung Company","isPartOf":{"@id":"https:\/\/viettrungcompany.com\/#website"},"primaryImageOfPage":{"@id":"https:\/\/viettrungcompany.com\/zh-hans\/%e6%94%bf%e7%ad%96\/%e6%9c%8d%e5%8a%a1%e6%9d%a1%e6%ac%be\/#primaryimage"},"image":{"@id":"https:\/\/viettrungcompany.com\/zh-hans\/%e6%94%bf%e7%ad%96\/%e6%9c%8d%e5%8a%a1%e6%9d%a1%e6%ac%be\/#primaryimage"},"thumbnailUrl":"https:\/\/viettrungcompany.com\/wp-content\/uploads\/2025\/07\/dieu-khoan-su-dung-website.jpg","datePublished":"2025-07-20T15:58:19+00:00","dateModified":"2025-08-20T08:02:57+00:00","description":"Khi truy c\u1eadp v\u00e0 s\u1eed d\u1ee5ng website n\u00e0y, b\u1ea1n \u0111\u1ed3ng \u00fd tu\u00e2n th\u1ee7 v\u00e0 b\u1ecb r\u00e0ng bu\u1ed9c b\u1edfi c\u00e1c \u0111i\u1ec1u kho\u1ea3n s\u1eed d\u1ee5ng d\u01b0\u1edbi \u0111\u00e2y. N\u1ebfu b\u1ea1n kh\u00f4ng \u0111\u1ed3ng \u00fd v\u1edbi b\u1ea5t k\u1ef3 \u0111i\u1ec1u kho\u1ea3n n\u00e0o, vui l\u00f2ng kh\u00f4ng ti\u1ebfp t\u1ee5c s\u1eed d\u1ee5ng website.","breadcrumb":{"@id":"https:\/\/viettrungcompany.com\/zh-hans\/%e6%94%bf%e7%ad%96\/%e6%9c%8d%e5%8a%a1%e6%9d%a1%e6%ac%be\/#breadcrumb"},"inLanguage":"zh-Hans","potentialAction":[{"@type":"ReadAction","target":["https:\/\/viettrungcompany.com\/zh-hans\/%e6%94%bf%e7%ad%96\/%e6%9c%8d%e5%8a%a1%e6%9d%a1%e6%ac%be\/"]}]},{"@type":"ImageObject","inLanguage":"zh-Hans","@id":"https:\/\/viettrungcompany.com\/zh-hans\/%e6%94%bf%e7%ad%96\/%e6%9c%8d%e5%8a%a1%e6%9d%a1%e6%ac%be\/#primaryimage","url":"https:\/\/viettrungcompany.com\/wp-content\/uploads\/2025\/07\/dieu-khoan-su-dung-website.jpg","contentUrl":"https:\/\/viettrungcompany.com\/wp-content\/uploads\/2025\/07\/dieu-khoan-su-dung-website.jpg"},{"@type":"BreadcrumbList","@id":"https:\/\/viettrungcompany.com\/zh-hans\/%e6%94%bf%e7%ad%96\/%e6%9c%8d%e5%8a%a1%e6%9d%a1%e6%ac%be\/#breadcrumb","itemListElement":[{"@type":"ListItem","position":1,"name":"Home","item":"https:\/\/viettrungcompany.com\/zh-hans\/"},{"@type":"ListItem","position":2,"name":"\u653f\u7b56","item":"https:\/\/viettrungcompany.com\/zh-hans\/%e6%94%bf%e7%ad%96\/"},{"@type":"ListItem","position":3,"name":"\u670d\u52a1\u6761\u6b3e"}]},{"@type":"WebSite","@id":"https:\/\/viettrungcompany.com\/#website","url":"https:\/\/viettrungcompany.com\/","name":"Viet Trung Company","description":"","potentialAction":[{"@type":"SearchAction","target":{"@type":"EntryPoint","urlTemplate":"https:\/\/viettrungcompany.com\/?s={search_term_string}"},"query-input":{"@type":"PropertyValueSpecification","valueRequired":true,"valueName":"search_term_string"}}],"inLanguage":"zh-Hans"}]}},"_links":{"self":[{"href":"https:\/\/viettrungcompany.com\/zh-hans\/wp-json\/wp\/v2\/pages\/38594","targetHints":{"allow":["GET"]}}],"collection":[{"href":"https:\/\/viettrungcompany.com\/zh-hans\/wp-json\/wp\/v2\/pages"}],"about":[{"href":"https:\/\/viettrungcompany.com\/zh-hans\/wp-json\/wp\/v2\/types\/page"}],"author":[{"embeddable":true,"href":"https:\/\/viettrungcompany.com\/zh-hans\/wp-json\/wp\/v2\/users\/1"}],"replies":[{"embeddable":true,"href":"https:\/\/viettrungcompany.com\/zh-hans\/wp-json\/wp\/v2\/comments?post=38594"}],"version-history":[{"count":2,"href":"https:\/\/viettrungcompany.com\/zh-hans\/wp-json\/wp\/v2\/pages\/38594\/revisions"}],"predecessor-version":[{"id":39344,"href":"https:\/\/viettrungcompany.com\/zh-hans\/wp-json\/wp\/v2\/pages\/38594\/revisions\/39344"}],"up":[{"embeddable":true,"href":"https:\/\/viettrungcompany.com\/zh-hans\/wp-json\/wp\/v2\/pages\/38580"}],"wp:attachment":[{"href":"https:\/\/viettrungcompany.com\/zh-hans\/wp-json\/wp\/v2\/media?parent=38594"}],"curies":[{"name":"wp","href":"https:\/\/api.w.org\/{rel}","templated":true}]}}