{"id":38600,"date":"2025-07-20T22:40:38","date_gmt":"2025-07-20T15:40:38","guid":{"rendered":"https:\/\/viettrungcompany.com\/dich-vu\/dat-hang-tren-san-tmdt\/order-alibaba\/"},"modified":"2025-08-20T14:21:17","modified_gmt":"2025-08-20T07:21:17","slug":"%e9%98%bf%e9%87%8c%e5%b7%b4%e5%b7%b4%e4%b8%8b%e5%8d%95","status":"publish","type":"page","link":"https:\/\/viettrungcompany.com\/zh-hans\/%e6%9c%8d%e5%8a%a1\/%e8%ae%a2%e8%b4%ad%e4%b8%ad%e5%9b%bd%e5%95%86%e5%93%81\/%e9%98%bf%e9%87%8c%e5%b7%b4%e5%b7%b4%e4%b8%8b%e5%8d%95\/","title":{"rendered":"\u963f\u91cc\u5df4\u5df4\u4e0b\u5355"},"content":{"rendered":"<h1 style=\"text-align: center;\"><strong>\u8d8a\u5357\u4e2d\u8d8a\u516c\u53f8\u963f\u91cc\u5df4\u5df4\u4ee3\u8d2d\u670d\u52a1 \u2013 \u8bda\u4fe1\u53ef\u9760\uff0c\u4ef7\u683c\u4f18\u60e0<\/strong><\/h1>\n<p><strong>Alibaba\uff08\u963f\u91cc\u5df4\u5df4\uff09<\/strong> \u662f\u963f\u91cc\u5df4\u5df4\u96c6\u56e2\u65d7\u4e0b\u7684\u7535\u5546\u5e73\u53f0\uff0c\u91c7\u7528 <strong>B2B\uff08\u4f01\u4e1a\u5bf9\u4f01\u4e1a\uff09<\/strong> \u6a21\u5f0f\uff0c\u4e13\u6ce8\u4e8e\u8fde\u63a5\u5168\u7403\u4e70\u5bb6\u4e0e\u4e2d\u56fd\u4f9b\u5e94\u5546\u3002\u5e73\u53f0\u62e5\u6709\u8d85\u8fc71\u4ebf\u79cd\u5546\u54c1\uff0c\u6db5\u76d6\u5404\u5927\u884c\u4e1a\uff0c\u5e76\u4ee5<strong>\u51fa\u5382\u6279\u53d1\u4ef7<\/strong>\u8457\u79f0\u3002<strong>\u901a\u8fc7\u963f\u91cc\u5df4\u5df4\u4e0b\u5355<\/strong>\uff0c\u5df2\u6210\u4e3a\u8d8a\u5357\u4e2a\u4eba\u3001\u5e97\u4e3b\u548c\u4f01\u4e1a\u7684\u9996\u9009\u8fdb\u53e3\u65b9\u5f0f\u3002  <\/p>\n<p>\u7136\u800c\uff0c<strong>\u81ea\u884c\u5728\u963f\u91cc\u5df4\u5df4\u91c7\u8d2d<\/strong>\u5e76\u4e0d\u5bb9\u6613\uff0c\u5c24\u5176\u5bf9\u4e8e\u4e0d\u719f\u6089\u8bed\u8a00\u3001\u652f\u4ed8\u548c\u7269\u6d41\u7684\u65b0\u624b\u4e70\u5bb6\u3002\u8fd9\u6b63\u662f\u60a8\u9700\u8981<strong>\u53ef\u9760\u7684\u963f\u91cc\u5df4\u5df4\u4ee3\u8d2d\u670d\u52a1<\/strong>\u7684\u539f\u56e0\u3002  <\/p>\n<p><img decoding=\"async\" id=\"dich-vu-order-alibaba-uy-tin-gia-tot-viet-trung-company\" class=\"aligncenter\" lang=\"zh\" title=\"\u8d8a\u5357\u4e2d\u8d8a\u516c\u53f8\u963f\u91cc\u5df4\u5df4\u4ee3\u8d2d\u670d\u52a1\" src=\"https:\/\/viettrungcompany.com\/wp-content\/uploads\/2025\/07\/dich-vu-order-alibaba-uy-tin-gia-tot-viet-trung-company.png\" alt=\"\u8d8a\u5357\u4e2d\u8d8a\u516c\u53f8\u963f\u91cc\u5df4\u5df4\u4ee3\u8d2d\u670d\u52a1\" \/><\/p>\n<p>&nbsp;<\/p>\n<h2><strong>\u81ea\u884c\u5728\u963f\u91cc\u5df4\u5df4\u4e0b\u5355\u7684\u96be\u9898<\/strong><\/h2>\n<h3><strong>1. \u8bed\u8a00\u969c\u788d<\/strong><\/h3>\n<p>\u4e0e\u4f9b\u5e94\u5546\u6c9f\u901a\u4ecd\u9700<strong>\u4e2d\u6587<\/strong>\uff0c\u5bf9\u4e0d\u61c2\u8bed\u8a00\u7684\u4e70\u5bb6\u5341\u5206\u4e0d\u4fbf\u3002  <\/p>\n<h3><strong>2. \u96be\u4ee5\u8bc4\u4f30\u4f9b\u5e94\u5546<\/strong><\/h3>\n<p>\u963f\u91cc\u5df4\u5df4\u4e0a\u4f9b\u5e94\u5546\u4f17\u591a\uff0c\u4e70\u5bb6<strong>\u96be\u4ee5\u5224\u65ad\u5176\u4fe1\u8a89\u4e0e\u8d27\u6e90\u8d28\u91cf<\/strong>\u3002  <\/p>\n<h3><strong>3. \u652f\u4ed8\u4e0e\u7269\u6d41\u590d\u6742<\/strong><\/h3>\n<p>&#8211; \u963f\u91cc\u5df4\u5df4\u901a\u5e38<strong>\u4e0d\u652f\u6301\u5c0f\u989d\u56fd\u9645\u76f4\u90ae<\/strong>\u3002<br \/>\n&#8211; \u4ed8\u6b3e\u9700\u8981\u652f\u4ed8\u5b9d\u6216\u56fd\u9645\u94f6\u884c\u8f6c\u8d26\u3002  <\/p>\n<h3><strong>4. \u6700\u5c0f\u8d77\u8ba2\u91cf\uff08MOQ\uff09\u9650\u5236<\/strong><\/h3>\n<p>\u591a\u6570\u4f9b\u5e94\u5546\u8981\u6c42<strong>MOQ\uff08\u8d77\u8ba2\u91cf\uff09<\/strong>\uff0c\u901a\u5e38\u4e3a2\u4ef6\u6216\u4ee5\u4e0a\u3002  <\/p>\n<p>\ud83d\udc49 <a href=\"https:\/\/viettrungcompany.com\/moq-la-gi-cong-thuc-meo-va-loi-ich\/\" target=\"_blank\" rel=\"noopener\">\u4e86\u89e3 MOQ\uff08\u6700\u5c0f\u8d77\u8ba2\u91cf\uff09\u76f8\u5173\u77e5\u8bc6<\/a>  <\/p>\n<h2><strong>\u4e3a\u4ec0\u4e48\u9009\u62e9\u8d8a\u5357\u4e2d\u8d8a\u516c\u53f8\u4ee3\u8d2d\u963f\u91cc\u5df4\u5df4\uff1f<\/strong><\/h2>\n<h3><strong>1. \u534f\u52a9\u5bfb\u627e\u4f18\u8d28\u8d27\u6e90 \u2013 \u8282\u7701\u6210\u672c<\/strong><\/h3>\n<p>\u6211\u4eec\u5e2e\u52a9\u5ba2\u6237\u9501\u5b9a<strong>\u4fe1\u8a89\u826f\u597d\u7684\u4f9b\u5e94\u5546<\/strong>\uff0c\u5e76\u534f\u52a9<strong>\u8c08\u5224\u4ef7\u683c<\/strong>\uff0c\u964d\u4f4e\u91c7\u8d2d\u6210\u672c\u3002  <\/p>\n<p><img decoding=\"async\" id=\"giao-dien-alibaba\" class=\"aligncenter\" lang=\"zh\" title=\"\u963f\u91cc\u5df4\u5df4\u754c\u9762\" src=\"https:\/\/viettrungcompany.com\/wp-content\/uploads\/2025\/07\/giao-dien-alibaba.png\" alt=\"\u963f\u91cc\u5df4\u5df4\u754c\u9762\" \/><\/p>\n<h3><strong>2. \u7075\u6d3b\u5b89\u5168\u7684\u652f\u4ed8\u65b9\u5f0f<\/strong><\/h3>\n<p>\u4e2d\u8d8a\u516c\u53f8\u652f\u6301\u591a\u79cd\u652f\u4ed8\u6e20\u9053\uff1a  <\/p>\n<ul>\n<li><strong>\u4fe1\u7528\u5361\/\u501f\u8bb0\u5361<\/strong>\uff08\u9002\u5408\u8d8a\u5357\u7528\u6237\uff09<\/li>\n<li><strong>T\/T \u7535\u6c47<\/strong>\uff08\u9002\u5408\u5927\u989d\u8ba2\u5355\uff09<\/li>\n<li><strong>\u4ee3\u4ed8\u670d\u52a1<\/strong> \u2013 \u5feb\u6377\u900f\u660e\uff0c\u4fdd\u969c\u4ea4\u6613\u5b89\u5168<\/li>\n<\/ul>\n<h3><strong>3. \u9ad8\u6548\u5b89\u5168\u7684\u8fd0\u8f93<\/strong><\/h3>\n<ul>\n<li><strong>5\u20137\u5929<\/strong> \u5373\u53ef\u4ece\u4e2d\u56fd\u53d1\u8d27\u81f3\u8d8a\u5357\u4ed3\u5e93\uff08\u51ed\u7965\u2013\u6cb3\u5185\u2013\u80e1\u5fd7\u660e\uff09\u3002<\/li>\n<li>\u4e13\u4e1a\u56e2\u961f<strong>\u5b89\u5168\u5305\u88c5\u4e0e\u8fd0\u8f93<\/strong>\u3002<\/li>\n<li>\u82e5\u56e0\u6211\u65b9\u5931\u8bef\u5bfc\u81f4\u635f\u5931\uff0c<strong>100%\u8d54\u507f<\/strong>\u3002<\/li>\n<\/ul>\n<h2><strong>\u8d8a\u5357\u4e2d\u8d8a\u516c\u53f8\u963f\u91cc\u5df4\u5df4\u4ee3\u8d2d\u6d41\u7a0b<\/strong><\/h2>\n<p><img decoding=\"async\" id=\"quy-trinh-dat-mua-ho-hang-alibaba\" class=\"aligncenter\" lang=\"zh\" title=\"\u8d8a\u5357\u4e2d\u8d8a\u516c\u53f8\u963f\u91cc\u5df4\u5df4\u4ee3\u8d2d\u6d41\u7a0b\" src=\"https:\/\/viettrungcompany.com\/wp-content\/uploads\/2025\/07\/quy-trinh-dat-mua-ho-hang-alibaba.png\" alt=\"\u8d8a\u5357\u4e2d\u8d8a\u516c\u53f8\u963f\u91cc\u5df4\u5df4\u4ee3\u8d2d\u6d41\u7a0b\" \/><\/p>\n<p><em><u>\u6b65\u9aa4\u4e00\uff1a<\/u><\/em> \u5ba2\u6237\u63d0\u4f9b\u5546\u54c1\u9700\u6c42\uff08\u56fe\u7247\u3001\u6570\u91cf\u3001\u89c4\u683c\u7b49\uff09\u3002<br \/>\n<em><u>\u6b65\u9aa4\u4e8c\uff1a<\/u><\/em> \u4e2d\u8d8a\u516c\u53f8\u5bfb\u627e\u4f9b\u5e94\u5546\u5e76\u8c08\u5224\u3002<br \/>\n<em><u>\u6b65\u9aa4\u4e09\uff1a<\/u><\/em> \u786e\u8ba4\u8ba2\u5355\u5e76\u62a5\u4ef7\uff0c\u5ba2\u6237\u4ed8\u6b3e\u3002<br \/>\n<em><u>\u6b65\u9aa4\u56db\uff1a<\/u><\/em> \u8ddf\u8e2a\u8ba2\u5355\uff0c\u9884\u8ba15\u20137\u5929\u5230\u8d27\uff0c\u5ba2\u6237\u53ef\u5230\u6cb3\u5185\u3001\u5c98\u6e2f\u3001\u80e1\u5fd7\u660e\u5e02\u4ed3\u5e93\u53d6\u8d27\uff0c\u6216\u9001\u8d27\u4e0a\u95e8\u3002<br \/>\n<em><u>\u6b65\u9aa4\u4e94\uff1a<\/u><\/em> \u5ba2\u6237\u9a8c\u8d27\uff0c\u5982\u6709\u95ee\u9898\uff0c\u4e2d\u8d8a\u516c\u53f8\u534f\u52a9\u6295\u8bc9\u6216\u9000\u6b3e\u3002  <\/p>\n<h2><strong>\u8d8a\u5357\u4e2d\u8d8a\u516c\u53f8\u7684\u627f\u8bfa<\/strong><\/h2>\n<p>&#8211; \u514d\u8d391\u5bf91\u91c7\u8d2d\u54a8\u8be2<br \/>\n&#8211; \u534f\u52a9\u8c08\u5224\u4ef7\u683c\u4e0e\u6570\u91cf<br \/>\n&#8211; \u6781\u901f\u8fd0\u8f93\uff0c\u4ec5\u97005\u20137\u5929<br \/>\n&#8211; 100%\u8ba2\u5355\u8d54\u507f\u4fdd\u969c<br \/>\n&#8211; \u4e2d\u56fd\u4e0e\u8d8a\u5357\u53cc\u4ed3\u5bf9\u63a5<br \/>\n&#8211; \u4e13\u4e1a\u5ba2\u670d 24\/7 \u652f\u6301<br \/>\n&#8211; \u4fe1\u606f\u5b89\u5168\u4fdd\u5bc6  <\/p>\n<p>\ud83d\udc49 <a href=\"https:\/\/zalo.me\/197969820382043562\" target=\"_blank\" rel=\"noopener\">\u7acb\u5373\u83b7\u53d6\u6b63\u89c4\u8fdb\u53e3\u514d\u8d39\u54a8\u8be2<\/a>  <\/p>\n<p><strong>\u8d8a\u5357\u4e2d\u8d8a\u516c\u53f8<\/strong> \u4e13\u4e1a\u63d0\u4f9b Taobao\u30011688\u3001Tmall\u3001Alibaba \u4ee3\u8d2d\uff0cZara\u3001H&#038;M\u3001\u674e\u5b81\u7b49\u54c1\u724c\u62a2\u8d2d\uff0c\u4ee5\u53ca\u4e2d\u56fd\u81f3\u8d8a\u5357\u7684\u7269\u6d41\u8fd0\u8f93\u3002\u5feb\u901f\u3001\u5b89\u5168\u3001\u4ef7\u683c\u5408\u7406\u3002\u6211\u4eec\u81f4\u529b\u4e8e\u6210\u4e3a\u6700\u503c\u5f97\u4fe1\u8d56\u7684\u8de8\u5883\u7535\u5546\u7269\u6d41\u670d\u52a1\u5546\uff0c\u4e3a\u5ba2\u6237\u5e26\u6765\u6700\u5927\u4ef7\u503c\u4e0e\u6ee1\u610f\u3002  <\/p>\n<h2><b>\u8054\u7cfb\u8d8a\u5357\u4e2d\u8d8a\u516c\u53f8<\/b><\/h2>\n<p><em>\u5982\u9700\u4e86\u89e3\u66f4\u591a\u4e2d\u8d8a\u7269\u6d41\u4fe1\u606f\uff0c\u8bf7\u901a\u8fc7\u4ee5\u4e0b\u65b9\u5f0f\u8054\u7cfb\u6211\u4eec\uff1a<\/em>  <\/p>\n<p>Email: <a href=\"http:\/\/viettrungcompany2012@gmail.com\/\" target=\"_blank\">viettrungcompany2012@gmail.com<\/a><br \/>\nWebsite: <a href=\"http:\/\/www.viettrungcompany.com\/\" target=\"_blank\">www.viettrungcompany.com<\/a><br \/>\nFacebook: <a href=\"https:\/\/www.facebook.com\/viettrungcompany\" target=\"_blank\">https:\/\/www.facebook.com\/viettrungcompany<\/a><br \/>\nYoutube: <a href=\"https:\/\/www.youtube.com\/@viettrungcompany\" target=\"_blank\">https:\/\/www.youtube.com\/@viettrungcompany<\/a><br \/>\nTiktok: <a href=\"https:\/\/www.tiktok.com\/@viettrungcompany\" target=\"_blank\">https:\/\/www.tiktok.com\/@viettrungcompany<\/a>  <\/p>\n<p><em>\u6b64\u5916\uff0c\u60a8\u8fd8\u53ef\u4ee5\u8054\u7cfb\u4e2d\u8d8a\u516c\u53f8\u5728\u8d8a\u5357\u4e09\u5730\u7684\u529e\u4e8b\u5904\uff1a<\/em><br \/>\n\u2013 \u6cb3\u5185\uff1a\u4e49\u90fd\u574a\u5bbd\u548c\u8857189\u53f7. \u7535\u8bdd: 0965551166<br \/>\n\u2013 \u5c98\u6e2f\uff1a\u6e05\u6eaa\u574a\u6b66\u6587\u5766\u885766\u53f7 Savico \u5927\u53a62\u697c. \u7535\u8bdd: 0935131816 \u2013 0967371118<br \/>\n\u2013 \u80e1\u5fd7\u660e\u5e02\uff1a\u4e03\u8d24\u574a\u962e\u592a\u5e73\u8857264-264A\u53f7. \u7535\u8bdd: 0935086838 \u2013 0962259911  <\/p>\n","protected":false},"excerpt":{"rendered":"<p>\u8d8a\u5357\u4e2d\u8d8a\u516c\u53f8\u963f\u91cc\u5df4\u5df4\u4ee3\u8d2d\u670d\u52a1 \u2013 \u8bda\u4fe1\u53ef<\/p>\n","protected":false},"author":1,"featured_media":0,"parent":37048,"menu_order":0,"comment_status":"closed","ping_status":"closed","template":"","meta":{"footnotes":""},"class_list":["post-38600","page","type-page","status-publish","hentry"],"yoast_head":"<!-- This site is optimized with the Yoast SEO plugin v27.4 - https:\/\/yoast.com\/product\/yoast-seo-wordpress\/ -->\n<title>\u963f\u91cc\u5df4\u5df4\u4e0b\u5355 - Viet Trung Company<\/title>\n<meta name=\"description\" content=\"Nh\u1eadp H\u00e0ng Aibaba V\u1ec1 Vi\u1ec7t Nam. H\u1ed7 tr\u1ee3 kh\u00e1ch \u0111\u00e0m ph\u00e1n gi\u00e1 t\u1ed1t v\u1edbi NCC. H\u1ed7 Tr\u1ee3 M\u1ecdi \u0110\u01a1n H\u00e0ng L\u1ebb, S\u1ec9. Chuy\u1ec3n H\u00e0ng V\u1ec1 VN Sau 3-5 Ng\u00e0y.\" \/>\n<meta name=\"robots\" content=\"index, follow, max-snippet:-1, max-image-preview:large, max-video-preview:-1\" \/>\n<link rel=\"canonical\" href=\"https:\/\/viettrungcompany.com\/dich-vu\/dat-hang-tren-san-tmdt\/order-alibaba\/\" \/>\n<meta property=\"og:locale\" content=\"zh_CN\" \/>\n<meta property=\"og:type\" content=\"article\" \/>\n<meta property=\"og:title\" content=\"\u963f\u91cc\u5df4\u5df4\u4e0b\u5355 - Viet Trung Company\" \/>\n<meta property=\"og:description\" content=\"Nh\u1eadp H\u00e0ng Aibaba V\u1ec1 Vi\u1ec7t Nam. H\u1ed7 tr\u1ee3 kh\u00e1ch \u0111\u00e0m ph\u00e1n gi\u00e1 t\u1ed1t v\u1edbi NCC. H\u1ed7 Tr\u1ee3 M\u1ecdi \u0110\u01a1n H\u00e0ng L\u1ebb, S\u1ec9. Chuy\u1ec3n H\u00e0ng V\u1ec1 VN Sau 3-5 Ng\u00e0y.\" \/>\n<meta property=\"og:url\" content=\"https:\/\/viettrungcompany.com\/dich-vu\/dat-hang-tren-san-tmdt\/order-alibaba\/\" \/>\n<meta property=\"og:site_name\" content=\"Viet Trung Company\" \/>\n<meta property=\"article:modified_time\" content=\"2025-08-20T07:21:17+00:00\" \/>\n<meta property=\"og:image\" content=\"https:\/\/viettrungcompany.com\/wp-content\/uploads\/2025\/07\/dich-vu-order-alibaba-uy-tin-gia-tot-viet-trung-company.png\" \/>\n<meta name=\"twitter:card\" content=\"summary_large_image\" \/>\n<meta name=\"twitter:label1\" content=\"\u9884\u8ba1\u9605\u8bfb\u65f6\u95f4\" \/>\n\t<meta name=\"twitter:data1\" content=\"6 \u5206\" \/>\n<script type=\"application\/ld+json\" class=\"yoast-schema-graph\">{\"@context\":\"https:\\\/\\\/schema.org\",\"@graph\":[{\"@type\":\"WebPage\",\"@id\":\"https:\\\/\\\/viettrungcompany.com\\\/dich-vu\\\/dat-hang-tren-san-tmdt\\\/order-alibaba\\\/\",\"url\":\"https:\\\/\\\/viettrungcompany.com\\\/dich-vu\\\/dat-hang-tren-san-tmdt\\\/order-alibaba\\\/\",\"name\":\"\u963f\u91cc\u5df4\u5df4\u4e0b\u5355 - Viet Trung Company\",\"isPartOf\":{\"@id\":\"https:\\\/\\\/viettrungcompany.com\\\/#website\"},\"primaryImageOfPage\":{\"@id\":\"https:\\\/\\\/viettrungcompany.com\\\/dich-vu\\\/dat-hang-tren-san-tmdt\\\/order-alibaba\\\/#primaryimage\"},\"image\":{\"@id\":\"https:\\\/\\\/viettrungcompany.com\\\/dich-vu\\\/dat-hang-tren-san-tmdt\\\/order-alibaba\\\/#primaryimage\"},\"thumbnailUrl\":\"https:\\\/\\\/viettrungcompany.com\\\/wp-content\\\/uploads\\\/2025\\\/07\\\/dich-vu-order-alibaba-uy-tin-gia-tot-viet-trung-company.png\",\"datePublished\":\"2025-07-20T15:40:38+00:00\",\"dateModified\":\"2025-08-20T07:21:17+00:00\",\"description\":\"Nh\u1eadp H\u00e0ng Aibaba V\u1ec1 Vi\u1ec7t Nam. H\u1ed7 tr\u1ee3 kh\u00e1ch \u0111\u00e0m ph\u00e1n gi\u00e1 t\u1ed1t v\u1edbi NCC. H\u1ed7 Tr\u1ee3 M\u1ecdi \u0110\u01a1n H\u00e0ng L\u1ebb, S\u1ec9. Chuy\u1ec3n H\u00e0ng V\u1ec1 VN Sau 3-5 Ng\u00e0y.\",\"breadcrumb\":{\"@id\":\"https:\\\/\\\/viettrungcompany.com\\\/dich-vu\\\/dat-hang-tren-san-tmdt\\\/order-alibaba\\\/#breadcrumb\"},\"inLanguage\":\"zh-Hans\",\"potentialAction\":[{\"@type\":\"ReadAction\",\"target\":[\"https:\\\/\\\/viettrungcompany.com\\\/dich-vu\\\/dat-hang-tren-san-tmdt\\\/order-alibaba\\\/\"]}]},{\"@type\":\"ImageObject\",\"inLanguage\":\"zh-Hans\",\"@id\":\"https:\\\/\\\/viettrungcompany.com\\\/dich-vu\\\/dat-hang-tren-san-tmdt\\\/order-alibaba\\\/#primaryimage\",\"url\":\"https:\\\/\\\/viettrungcompany.com\\\/wp-content\\\/uploads\\\/2025\\\/07\\\/dich-vu-order-alibaba-uy-tin-gia-tot-viet-trung-company.png\",\"contentUrl\":\"https:\\\/\\\/viettrungcompany.com\\\/wp-content\\\/uploads\\\/2025\\\/07\\\/dich-vu-order-alibaba-uy-tin-gia-tot-viet-trung-company.png\"},{\"@type\":\"BreadcrumbList\",\"@id\":\"https:\\\/\\\/viettrungcompany.com\\\/dich-vu\\\/dat-hang-tren-san-tmdt\\\/order-alibaba\\\/#breadcrumb\",\"itemListElement\":[{\"@type\":\"ListItem\",\"position\":1,\"name\":\"Home\",\"item\":\"https:\\\/\\\/viettrungcompany.com\\\/zh-hans\\\/\"},{\"@type\":\"ListItem\",\"position\":2,\"name\":\"\u670d\u52a1\",\"item\":\"https:\\\/\\\/viettrungcompany.com\\\/zh-hans\\\/%e6%9c%8d%e5%8a%a1\\\/\"},{\"@type\":\"ListItem\",\"position\":3,\"name\":\"\u8ba2\u8d2d\u4e2d\u56fd\u5546\u54c1\",\"item\":\"https:\\\/\\\/viettrungcompany.com\\\/zh-hans\\\/%e6%9c%8d%e5%8a%a1\\\/%e8%ae%a2%e8%b4%ad%e4%b8%ad%e5%9b%bd%e5%95%86%e5%93%81\\\/\"},{\"@type\":\"ListItem\",\"position\":4,\"name\":\"\u963f\u91cc\u5df4\u5df4\u4e0b\u5355\"}]},{\"@type\":\"WebSite\",\"@id\":\"https:\\\/\\\/viettrungcompany.com\\\/#website\",\"url\":\"https:\\\/\\\/viettrungcompany.com\\\/\",\"name\":\"Viet Trung Company\",\"description\":\"\",\"potentialAction\":[{\"@type\":\"SearchAction\",\"target\":{\"@type\":\"EntryPoint\",\"urlTemplate\":\"https:\\\/\\\/viettrungcompany.com\\\/?s={search_term_string}\"},\"query-input\":{\"@type\":\"PropertyValueSpecification\",\"valueRequired\":true,\"valueName\":\"search_term_string\"}}],\"inLanguage\":\"zh-Hans\"}]}<\/script>\n<!-- \/ Yoast SEO plugin. -->","yoast_head_json":{"title":"\u963f\u91cc\u5df4\u5df4\u4e0b\u5355 - Viet Trung Company","description":"Nh\u1eadp H\u00e0ng Aibaba V\u1ec1 Vi\u1ec7t Nam. H\u1ed7 tr\u1ee3 kh\u00e1ch \u0111\u00e0m ph\u00e1n gi\u00e1 t\u1ed1t v\u1edbi NCC. H\u1ed7 Tr\u1ee3 M\u1ecdi \u0110\u01a1n H\u00e0ng L\u1ebb, S\u1ec9. Chuy\u1ec3n H\u00e0ng V\u1ec1 VN Sau 3-5 Ng\u00e0y.","robots":{"index":"index","follow":"follow","max-snippet":"max-snippet:-1","max-image-preview":"max-image-preview:large","max-video-preview":"max-video-preview:-1"},"canonical":"https:\/\/viettrungcompany.com\/dich-vu\/dat-hang-tren-san-tmdt\/order-alibaba\/","og_locale":"zh_CN","og_type":"article","og_title":"\u963f\u91cc\u5df4\u5df4\u4e0b\u5355 - Viet Trung Company","og_description":"Nh\u1eadp H\u00e0ng Aibaba V\u1ec1 Vi\u1ec7t Nam. H\u1ed7 tr\u1ee3 kh\u00e1ch \u0111\u00e0m ph\u00e1n gi\u00e1 t\u1ed1t v\u1edbi NCC. H\u1ed7 Tr\u1ee3 M\u1ecdi \u0110\u01a1n H\u00e0ng L\u1ebb, S\u1ec9. Chuy\u1ec3n H\u00e0ng V\u1ec1 VN Sau 3-5 Ng\u00e0y.","og_url":"https:\/\/viettrungcompany.com\/dich-vu\/dat-hang-tren-san-tmdt\/order-alibaba\/","og_site_name":"Viet Trung Company","article_modified_time":"2025-08-20T07:21:17+00:00","og_image":[{"url":"https:\/\/viettrungcompany.com\/wp-content\/uploads\/2025\/07\/dich-vu-order-alibaba-uy-tin-gia-tot-viet-trung-company.png","type":"","width":"","height":""}],"twitter_card":"summary_large_image","twitter_misc":{"\u9884\u8ba1\u9605\u8bfb\u65f6\u95f4":"6 \u5206"},"schema":{"@context":"https:\/\/schema.org","@graph":[{"@type":"WebPage","@id":"https:\/\/viettrungcompany.com\/dich-vu\/dat-hang-tren-san-tmdt\/order-alibaba\/","url":"https:\/\/viettrungcompany.com\/dich-vu\/dat-hang-tren-san-tmdt\/order-alibaba\/","name":"\u963f\u91cc\u5df4\u5df4\u4e0b\u5355 - Viet Trung Company","isPartOf":{"@id":"https:\/\/viettrungcompany.com\/#website"},"primaryImageOfPage":{"@id":"https:\/\/viettrungcompany.com\/dich-vu\/dat-hang-tren-san-tmdt\/order-alibaba\/#primaryimage"},"image":{"@id":"https:\/\/viettrungcompany.com\/dich-vu\/dat-hang-tren-san-tmdt\/order-alibaba\/#primaryimage"},"thumbnailUrl":"https:\/\/viettrungcompany.com\/wp-content\/uploads\/2025\/07\/dich-vu-order-alibaba-uy-tin-gia-tot-viet-trung-company.png","datePublished":"2025-07-20T15:40:38+00:00","dateModified":"2025-08-20T07:21:17+00:00","description":"Nh\u1eadp H\u00e0ng Aibaba V\u1ec1 Vi\u1ec7t Nam. H\u1ed7 tr\u1ee3 kh\u00e1ch \u0111\u00e0m ph\u00e1n gi\u00e1 t\u1ed1t v\u1edbi NCC. H\u1ed7 Tr\u1ee3 M\u1ecdi \u0110\u01a1n H\u00e0ng L\u1ebb, S\u1ec9. Chuy\u1ec3n H\u00e0ng V\u1ec1 VN Sau 3-5 Ng\u00e0y.","breadcrumb":{"@id":"https:\/\/viettrungcompany.com\/dich-vu\/dat-hang-tren-san-tmdt\/order-alibaba\/#breadcrumb"},"inLanguage":"zh-Hans","potentialAction":[{"@type":"ReadAction","target":["https:\/\/viettrungcompany.com\/dich-vu\/dat-hang-tren-san-tmdt\/order-alibaba\/"]}]},{"@type":"ImageObject","inLanguage":"zh-Hans","@id":"https:\/\/viettrungcompany.com\/dich-vu\/dat-hang-tren-san-tmdt\/order-alibaba\/#primaryimage","url":"https:\/\/viettrungcompany.com\/wp-content\/uploads\/2025\/07\/dich-vu-order-alibaba-uy-tin-gia-tot-viet-trung-company.png","contentUrl":"https:\/\/viettrungcompany.com\/wp-content\/uploads\/2025\/07\/dich-vu-order-alibaba-uy-tin-gia-tot-viet-trung-company.png"},{"@type":"BreadcrumbList","@id":"https:\/\/viettrungcompany.com\/dich-vu\/dat-hang-tren-san-tmdt\/order-alibaba\/#breadcrumb","itemListElement":[{"@type":"ListItem","position":1,"name":"Home","item":"https:\/\/viettrungcompany.com\/zh-hans\/"},{"@type":"ListItem","position":2,"name":"\u670d\u52a1","item":"https:\/\/viettrungcompany.com\/zh-hans\/%e6%9c%8d%e5%8a%a1\/"},{"@type":"ListItem","position":3,"name":"\u8ba2\u8d2d\u4e2d\u56fd\u5546\u54c1","item":"https:\/\/viettrungcompany.com\/zh-hans\/%e6%9c%8d%e5%8a%a1\/%e8%ae%a2%e8%b4%ad%e4%b8%ad%e5%9b%bd%e5%95%86%e5%93%81\/"},{"@type":"ListItem","position":4,"name":"\u963f\u91cc\u5df4\u5df4\u4e0b\u5355"}]},{"@type":"WebSite","@id":"https:\/\/viettrungcompany.com\/#website","url":"https:\/\/viettrungcompany.com\/","name":"Viet Trung Company","description":"","potentialAction":[{"@type":"SearchAction","target":{"@type":"EntryPoint","urlTemplate":"https:\/\/viettrungcompany.com\/?s={search_term_string}"},"query-input":{"@type":"PropertyValueSpecification","valueRequired":true,"valueName":"search_term_string"}}],"inLanguage":"zh-Hans"}]}},"_links":{"self":[{"href":"https:\/\/viettrungcompany.com\/zh-hans\/wp-json\/wp\/v2\/pages\/38600","targetHints":{"allow":["GET"]}}],"collection":[{"href":"https:\/\/viettrungcompany.com\/zh-hans\/wp-json\/wp\/v2\/pages"}],"about":[{"href":"https:\/\/viettrungcompany.com\/zh-hans\/wp-json\/wp\/v2\/types\/page"}],"author":[{"embeddable":true,"href":"https:\/\/viettrungcompany.com\/zh-hans\/wp-json\/wp\/v2\/users\/1"}],"replies":[{"embeddable":true,"href":"https:\/\/viettrungcompany.com\/zh-hans\/wp-json\/wp\/v2\/comments?post=38600"}],"version-history":[{"count":2,"href":"https:\/\/viettrungcompany.com\/zh-hans\/wp-json\/wp\/v2\/pages\/38600\/revisions"}],"predecessor-version":[{"id":39324,"href":"https:\/\/viettrungcompany.com\/zh-hans\/wp-json\/wp\/v2\/pages\/38600\/revisions\/39324"}],"up":[{"embeddable":true,"href":"https:\/\/viettrungcompany.com\/zh-hans\/wp-json\/wp\/v2\/pages\/37048"}],"wp:attachment":[{"href":"https:\/\/viettrungcompany.com\/zh-hans\/wp-json\/wp\/v2\/media?parent=38600"}],"curies":[{"name":"wp","href":"https:\/\/api.w.org\/{rel}","templated":true}]}}