{"id":38608,"date":"2025-07-20T21:57:26","date_gmt":"2025-07-20T14:57:26","guid":{"rendered":"https:\/\/viettrungcompany.com\/dich-vu\/nhap-khau-chinh-ngach\/"},"modified":"2025-08-19T22:44:45","modified_gmt":"2025-08-19T15:44:45","slug":"%e6%ad%a3%e8%a7%84%e8%bf%9b%e5%8f%a3","status":"publish","type":"page","link":"https:\/\/viettrungcompany.com\/zh-hans\/%e6%9c%8d%e5%8a%a1\/%e6%ad%a3%e8%a7%84%e8%bf%9b%e5%8f%a3\/","title":{"rendered":"\u6b63\u89c4\u8fdb\u53e3"},"content":{"rendered":"\t\t<div data-elementor-type=\"wp-page\" data-elementor-id=\"38608\" class=\"elementor elementor-38608 elementor-33914\">\n\t\t\t\t<div class=\"wd-negative-gap elementor-element elementor-element-db63802 e-flex e-con-boxed e-con e-parent\" data-id=\"db63802\" data-element_type=\"container\" data-e-type=\"container\">\n\t\t\t\t\t<div class=\"e-con-inner\">\n\t\t\t\t<div class=\"elementor-element elementor-element-6393587 elementor-widget elementor-widget-wd_text_block\" data-id=\"6393587\" data-element_type=\"widget\" data-e-type=\"widget\" data-widget_type=\"wd_text_block.default\">\n\t\t\t\t<div class=\"elementor-widget-container\">\n\t\t\t\t\t\t\t<div class=\"wd-text-block reset-last-child text-left\">\n\t\t\t\n\t\t\t<h2><b>\u4ec0\u4e48\u662f\u4e2d\u56fd\u6b63\u89c4\u8fdb\u53e3\uff1f<\/b><\/h2>\n<p><b>\u4e2d\u56fd\u6b63\u89c4\u8fdb\u53e3<\/b><span>\u662f\u6307\u6309\u7167\u8d8a\u5357\u548c\u4e2d\u56fd\u7684\u6cd5\u5f8b\u89c4\u5b9a\uff0c\u901a\u8fc7\u56fd\u9645\u53e3\u5cb8\u5c06\u8d27\u7269\u4ece\u4e2d\u56fd\u8fdb\u53e3\u5230\u8d8a\u5357\u7684\u8fc7\u7a0b\u3002\u6b64\u65b9\u5f0f\u786e\u4fdd\u8fdb\u53e3\u8d27\u7269\u53d7\u5230\u6cd5\u5f8b\u4fdd\u62a4\uff0c\u62e5\u6709\u5408\u6cd5\u5355\u8bc1\uff0c\u7f34\u7eb3\u5b8c\u6574\u7a0e\u8d39\uff0c\u5e76\u901a\u8fc7\u6b63\u89c4\u6d77\u5173\u901a\u5173\u3002<\/span><\/p>\n<p><img loading=\"lazy\" decoding=\"async\" class=\"aligncenter\" title=\"\u4e2d\u56fd\u6b63\u89c4\u8fdb\u53e3\" src=\"https:\/\/viettrungcompany.com\/wp-content\/uploads\/2025\/08\/nhap-khau-chinh-ngach-trung-quoc-358x300.png\" alt=\"\u4e2d\u56fd\u6b63\u89c4\u8fdb\u53e3\" width=\"512\" height=\"429\" \/><\/p>\n<h3><b>\u5fc5\u5907\u5355\u8bc1\uff1a<\/b><\/h3>\n<ul>\n<li><b>\u5916\u8d38\u4e70\u5356\u5408\u540c<\/b> (Sales Contract)\uff1a\u8bb0\u5f55\u4e70\u5356\u53cc\u65b9\u7684\u534f\u8bae\u3002<\/li>\n<li><b>\u5546\u4e1a\u53d1\u7968<\/b> (Commercial Invoice)\uff1a\u660e\u786e\u6570\u91cf\u3001\u5355\u4ef7\u3001\u8d27\u503c\u3002<\/li>\n<li><b>\u88c5\u7bb1\u5355<\/b> (Packing List)\uff1a\u63cf\u8ff0\u5305\u88c5\u65b9\u5f0f\u3001\u4ef6\u6570\u3001\u91cd\u91cf\u3002<\/li>\n<li><b>\u63d0\u5355\/\u7a7a\u8fd0\u5355<\/b> (Bill of Lading\/Air Waybill)\uff1a\u6d77\u8fd0\u6216\u7a7a\u8fd0\u5355\u8bc1\u3002<\/li>\n<li><b>\u539f\u4ea7\u5730\u8bc1<\/b> (C\/O)\uff1a\u7528\u4e8e\u786e\u5b9a\u4ea7\u5730\u4ee5\u4eab\u53d7\u5173\u7a0e\u4f18\u60e0\u3002<\/li>\n<li><b>\u5176\u4ed6\u5355\u8bc1<\/b>\uff08\u5982\u6709\uff09\uff1aC\/Q\u3001\u68c0\u75ab\u3001\u8d28\u68c0\u3001\u5408\u89c4\u58f0\u660e\u7b49\u3002<\/li>\n<li><b>\u62a5\u5173\u5355\u53ca\u7a0e\u7968<\/b> (VAT\u53ca\u8fdb\u53e3\u7a0e)\uff1a\u4f9d\u7167\u8d8a\u5357\u6cd5\u89c4\u6267\u884c\u3002<\/li>\n<\/ul>\n<p>\ud83d\udc49 <em><a href=\"https:\/\/zalo.me\/197969820382043562\" target=\"_blank\" rel=\"noopener\">\u514d\u8d39\u83b7\u53d6\u6b63\u89c4\u8fdb\u53e3\u54a8\u8be2<\/a><\/em><\/p>\n<h2><b>\u4e2d\u56fd\u6b63\u89c4\u8fdb\u53e3\u9700\u6c42<\/b><\/h2>\n<p><span>\u4e2d\u56fd\u5546\u54c1\u4ef7\u683c\u4f4e\u5ec9\u3001\u6b3e\u5f0f\u591a\u6837\uff0c\u6db5\u76d6\u6d88\u8d39\u54c1\u3001\u673a\u68b0\u8bbe\u5907\u3001\u5de5\u4e1a\u7528\u54c1\u3001\u65f6\u5c1a\u4ea7\u54c1\u3002\u56e0\u6b64\uff0c\u8d8a\u6765\u8d8a\u591a\u8d8a\u5357\u4f01\u4e1a\u548c\u4e2a\u4eba\u9009\u62e9<b>\u6b63\u89c4\u8fdb\u53e3\u4e2d\u56fd\u8d27\u7269<\/b>\uff0c\u4ee5\u786e\u4fdd\u5408\u6cd5\u5408\u89c4\uff0c\u65b9\u4fbf\u5728\u7535\u5546\u5e73\u53f0\u9500\u552e\u3001\u5f00\u5177\u53d1\u7968\u5e76\u62d3\u5c55\u4e1a\u52a1\u3002<\/span><\/p>\n<p><img loading=\"lazy\" decoding=\"async\" class=\"aligncenter\" title=\"\u4e2d\u56fd\u6b63\u89c4\u8fdb\u53e3\u9700\u6c42\" src=\"https:\/\/viettrungcompany.com\/wp-content\/uploads\/2025\/08\/nhu-cau-nhap-hang-trung-quoc-chinh-ngach.png\" alt=\"\u4e2d\u56fd\u6b63\u89c4\u8fdb\u53e3\u9700\u6c42\" width=\"512\" height=\"429\" \/><\/p>\n<h2><b>\u6b63\u89c4\u8fdb\u53e3\u4e2d\u56fd\u8d27\u7269\u7684\u4f18\u52bf<\/b><\/h2>\n<h3><b>1. \u5408\u6cd5\u900f\u660e<\/b><\/h3>\n<p><span>\u8d27\u7269\u901a\u8fc7\u56fd\u9645\u53e3\u5cb8\u6b63\u89c4\u8fdb\u53e3\uff0c\u5177\u5907\u5408\u540c\u3001\u53d1\u7968\u3001CO\u3001CQ\u3001\u88c5\u7bb1\u5355\u3001\u63d0\u5355\u7b49\u5b8c\u6574\u5355\u8bc1\uff0c\u4f01\u4e1a\u53ef\u5b89\u5fc3\u6d41\u901a\u9500\u552e\u3002<\/span><\/p>\n<h3><b>2. \u957f\u671f\u8282\u7701\u6210\u672c<\/b><\/h3>\n<p><span>\u76f8\u6bd4\u8d70\u79c1\/\u7070\u8272\u6e20\u9053\uff0c\u6b63\u89c4\u8fdb\u53e3\u964d\u4f4e\u6cd5\u5f8b\u98ce\u9669\uff0c\u907f\u514d\u56e0\u67e5\u6263\u6216\u7f5a\u6b3e\u5e26\u6765\u7684\u989d\u5916\u652f\u51fa\uff1b\u540c\u65f6\u6ee1\u8db3\u6761\u4ef6\u53ef\u7533\u8bf7\u589e\u503c\u7a0e\u9000\u7a0e\u3002<\/span><\/p>\n<h3><b>3. \u4fdd\u8bc1\u8d28\u91cf\u4e0e\u6eaf\u6e90<\/b><\/h3>\n<p><span>\u6b63\u89c4\u8fdb\u53e3\u7684\u8d27\u7269\u5fc5\u987b\u901a\u8fc7\u8d28\u91cf\u68c0\u6d4b\u3001\u4ea7\u5730\u8ba4\u8bc1\u548c\u6280\u672f\u6807\u51c6\u5ba1\u67e5\uff0c\u6709\u52a9\u4e8e\u4f01\u4e1a\u6811\u7acb\u4fe1\u8a89\uff0c\u589e\u5f3a\u6d88\u8d39\u8005\u4fe1\u4efb\u3002<\/span><\/p>\n<h3><b>4. \u4fbf\u4e8e\u6269\u5c55\u4e1a\u52a1<\/b><\/h3>\n<p><span>\u62e5\u6709\u5b8c\u6574\u53d1\u7968\u4e0e\u5355\u8bc1\uff0c\u65b9\u4fbf\u8fdb\u5165\u8d85\u5e02\u3001\u7535\u5546\u5e73\u53f0\u53ca\u73b0\u4ee3\u6e20\u9053\uff1b\u4e5f\u662f\u5438\u5f15\u6295\u8d44\u6216\u7533\u8bf7\u94f6\u884c\u8d37\u6b3e\u7684\u91cd\u8981\u6761\u4ef6\u3002<\/span><\/p>\n<h2><b>\u6b63\u89c4\u8fdb\u53e3\u6240\u9700\u51c6\u5907\u8d44\u6599<\/b><\/h2>\n<p>\u2013 \u4ea7\u54c1\u4fe1\u606f\uff1a\u540d\u79f0\u3001\u63cf\u8ff0\u3001\u6570\u91cf\u3001\u5c3a\u5bf8\u3001\u91cd\u91cf\u3002<br \/>\n\u2013 \u5546\u4e1a\u53d1\u7968\uff08Invoice\uff09\u3002<br \/>\n\u2013 \u88c5\u7bb1\u5355\uff08Packing List\uff09\u3002<br \/>\n\u2013 HS\u7f16\u7801\u3002<br \/>\n\u2013 \u4e70\u5356\u5408\u540c\uff08\u5982\u6709\uff09\u3002<br \/>\n\u2013 \u539f\u4ea7\u5730\u8bc1\uff08CO\uff09\u3001\u8d28\u91cf\u8bc1\u4e66\uff08CQ\uff09\uff08\u5982\u8981\u6c42\uff09\u3002<br \/>\n\u2013 \u5305\u88c5\u3001\u6807\u7b7e\u6216\u7279\u6b8a\u68c0\u9a8c\u8981\u6c42\uff08\u5982\u6709\uff09\u3002<\/p>\n<h2><b>\u8d8a\u4e2d\u516c\u53f8\u6b63\u89c4\u8fdb\u53e3\u6d41\u7a0b<\/b><\/h2>\n<p><img loading=\"lazy\" decoding=\"async\" class=\"aligncenter\" title=\"\u6b63\u89c4\u8fdb\u53e3\u6d41\u7a0b\" src=\"https:\/\/viettrungcompany.com\/wp-content\/uploads\/2025\/08\/quy-trinh-nhap-hang-trung-quoc-chinh-ngach-358x300.png\" alt=\"\u6b63\u89c4\u8fdb\u53e3\u6d41\u7a0b\" width=\"512\" height=\"429\" \/><\/p>\n<ol>\n<li><b>\u63d0\u4ea4\u9700\u6c42\uff1a<\/b>\u5ba2\u6237\u63d0\u4f9b\u8d27\u7269\u4fe1\u606f\uff08\u540d\u79f0\u3001\u4ef7\u503c\u3001\u6570\u91cf\u3001packing list\u3001invoice\uff09\u3002<\/li>\n<li><b>\u54a8\u8be2\u4e0e\u62a5\u4ef7\uff1a<\/b>\u7269\u6d41\u56e2\u961f\u5ba1\u6838HS\u7f16\u7801\u3001\u7a0e\u7387\u548c\u6761\u4ef6\uff0c\u51fa\u5177\u8be6\u7ec6\u62a5\u4ef7\u3002<\/li>\n<li><b>\u7b7e\u8ba2\u59d4\u6258\u5408\u540c\uff1a<\/b>\u8d8a\u4e2d\u516c\u53f8\u4f5c\u4e3a\u8fdb\u53e3\u4e3b\u4f53\uff0c\u627f\u62c5\u6cd5\u5f8b\u8d23\u4efb\u3002<\/li>\n<li><b>\u4e2d\u56fd\u4ed3\u5e93\u6536\u8d27\uff1a<\/b>\u96c6\u4e2d\u81f3\u5e7f\u5dde\u6216\u5176\u4ed6\u4e2d\u8f6c\u4ed3\u3002<\/li>\n<li><b>\u62a5\u5173\u4e0e\u7f34\u7a0e\uff1a<\/b>\u8d8a\u4e2d\u516c\u53f8\u7533\u62a5\u6d77\u5173\uff0c\u7f34\u7eb3\u7a0e\u8d39\u5e76\u5904\u7406\u5355\u8bc1\u3002<\/li>\n<li><b>\u8fd0\u8f93\u81f3\u8d8a\u5357\uff1a<\/b>\u9009\u62e9\u5408\u9002\u8def\u7ebf\uff08\u9646\u8fd0\/\u6d77\u8fd0\/\u7a7a\u8fd0\uff09\u3002<\/li>\n<li><b>\u4ea4\u8d27\uff1a<\/b>\u6e05\u5173\u5b8c\u6210\u540e\u9001\u81f3\u5ba2\u6237\u6307\u5b9a\u5730\u5740\u3002<\/li>\n<\/ol>\n<h2><b>\u8d8a\u4e2d\u516c\u53f8\u6b63\u89c4\u8fdb\u53e3\u670d\u52a1<\/b><\/h2>\n<p><img loading=\"lazy\" decoding=\"async\" class=\"aligncenter\" title=\"\u8d8a\u4e2d\u516c\u53f8\u6b63\u89c4\u8fdb\u53e3\u670d\u52a1\" src=\"https:\/\/viettrungcompany.com\/wp-content\/uploads\/2025\/08\/dich-vu-nhap-khau-chinh-ngach-viet-trung-358x300.jpg\" alt=\"\u8d8a\u4e2d\u516c\u53f8\u6b63\u89c4\u8fdb\u53e3\u670d\u52a1\" width=\"512\" height=\"429\" \/><\/p>\n<ul>\n<li><b>\u514d\u8d39\u54a8\u8be2\uff1a<\/b>\u5ba1\u6838HS\u7f16\u7801\u3001\u7a0e\u7387\u3001\u8fdb\u53e3\u6761\u4ef6\u3002<\/li>\n<li><b>\u5168\u7a0b\u59d4\u6258\u8fdb\u53e3\uff1a<\/b>\u8c08\u5224\u3001\u6253\u5305\u3001\u62a5\u5173\u3001\u8fd0\u8f93\u3002<\/li>\n<li><b>3\u20135\u5929\u5373\u53ef\u5230\u8d27\u3002<\/b><\/li>\n<li><b>\u5728\u6cb3\u5185\u3001\u5c98\u6e2f\u3001\u80e1\u5fd7\u660e\u8bbe\u6709\u4ed3\u5e93\u3002<\/b><\/li>\n<li><b>\u591a\u5f0f\u8054\u8fd0\uff1a<\/b>\u9646\u3001\u6d77\u3001\u7a7a\u7075\u6d3b\u7ed3\u5408\u3002<\/li>\n<\/ul>\n<h2><b>\u4e3a\u4ec0\u4e48\u9009\u62e9\u8d8a\u4e2d\u516c\u53f8\uff1f<\/b><\/h2>\n<ul>\n<li><b>15\u5e74\u4ee5\u4e0a\u4e2d\u8d8a\u7269\u6d41\u4e0e\u8d38\u6613\u7ecf\u9a8c\u3002<\/b><\/li>\n<li><b>\u7cbe\u901a\u8fdb\u51fa\u53e3\u6cd5\u89c4\u7684\u4e13\u4e1a\u56e2\u961f\u3002<\/b><\/li>\n<li><b>\u8d39\u7528\u900f\u660e\uff1a<\/b>\u62a5\u4ef7\u6e05\u6670\uff0c\u65e0\u9690\u85cf\u6210\u672c\u3002<\/li>\n<li><b>\u5ba2\u6237\u4fe1\u606f\u4fdd\u5bc6\uff0c\u8d27\u7269\u4fdd\u9669\u9f50\u5168\u3002<\/b><\/li>\n<li><b>24\/7 \u4e13\u4e1a\u54a8\u8be2\u4e0e\u652f\u6301\u3002<\/b><\/li>\n<\/ul>\n<p><b>\u7acb\u5373\u8054\u7cfb\u8d8a\u4e2d\u516c\u53f8\uff0c\u83b7\u53d6\u514d\u8d39\u6b63\u89c4\u8fdb\u53e3\u5168\u7a0b\u670d\u52a1\u54a8\u8be2 \u2013 \u5feb\u901f\u3001\u5b89\u5168\u3001\u4e13\u4e1a\uff01<\/b><\/p>\n<p><i>\u260e\ufe0f \u8d8a\u4e2d\u516c\u53f8\u5728\u8d8a\u5357\u4e09\u5730\u8bbe\u6709\u529e\u4e8b\u5904\uff1a<\/i><br \/>\n\u2013 \u6cb3\u5185\u529e\u4e8b\u5904\uff1a\u6cb3\u5185\u5e02\u4e49\u90fd\u574a\u5173\u82b1\u8857189\u53f7\u3002\u7535\u8bdd\uff1a0965551166<br \/>\n\u2013 \u5c98\u6e2f\u529e\u4e8b\u5904\uff1a\u5c98\u6e2f\u5e02\u6e05\u6eaa\u574a\u6b66\u6587\u5766\u8def66\u53f7 Savico \u5927\u53a62\u697c\u3002\u7535\u8bdd\uff1a0935131816 - 0967371118<br \/>\n\u2013 \u80e1\u5fd7\u660e\u5e02\u529e\u4e8b\u5904\uff1a\u80e1\u5fd7\u660e\u5e02\u4e03\u8d24\u574a\u962e\u592a\u5e73\u8def264-264A\u53f7\u3002\u7535\u8bdd\uff1a0935086838 - 0962259911<\/p>\n\n\t\t\t\t\t<\/div>\n\t\t\t\t\t\t<\/div>\n\t\t\t\t<\/div>\n\t\t\t\t\t<\/div>\n\t\t\t\t<\/div>\n\t\t\t\t<\/div>\n\t\t","protected":false},"excerpt":{"rendered":"<p>\u4ec0\u4e48\u662f\u4e2d\u56fd\u6b63\u89c4\u8fdb\u53e3\uff1f \u4e2d\u56fd\u6b63\u89c4\u8fdb\u53e3\u662f\u6307\u6309<\/p>\n","protected":false},"author":1,"featured_media":37255,"parent":36962,"menu_order":0,"comment_status":"closed","ping_status":"closed","template":"","meta":{"footnotes":""},"class_list":["post-38608","page","type-page","status-publish","has-post-thumbnail","hentry"],"yoast_head":"<!-- This site is optimized with the Yoast SEO plugin v27.4 - https:\/\/yoast.com\/product\/yoast-seo-wordpress\/ -->\n<title>\u6b63\u89c4\u8fdb\u53e3 - Viet Trung Company<\/title>\n<meta name=\"description\" content=\"D\u1ecbch v\u1ee5 nh\u1eadp h\u00e0ng Trung Qu\u1ed1c ch\u00ednh ng\u1ea1ch v\u1ec1 Vi\u1ec7t Nam h\u1ed7 tr\u1ee3 v\u1eadn chuy\u1ec3n tr\u1ecdn g\u00f3i, th\u1ee7 t\u1ee5c \u0111\u1ea7y \u0111\u1ee7, \u0111\u1ea3m b\u1ea3o an to\u00e0n ph\u00e1p l\u00fd.\" \/>\n<meta name=\"robots\" content=\"index, follow, max-snippet:-1, max-image-preview:large, max-video-preview:-1\" \/>\n<link rel=\"canonical\" href=\"https:\/\/viettrungcompany.com\/dich-vu\/nhap-khau-chinh-ngach\/\" \/>\n<meta property=\"og:locale\" content=\"zh_CN\" \/>\n<meta property=\"og:type\" content=\"article\" \/>\n<meta property=\"og:title\" content=\"\u6b63\u89c4\u8fdb\u53e3 - Viet Trung Company\" \/>\n<meta property=\"og:description\" content=\"D\u1ecbch v\u1ee5 nh\u1eadp h\u00e0ng Trung Qu\u1ed1c ch\u00ednh ng\u1ea1ch v\u1ec1 Vi\u1ec7t Nam h\u1ed7 tr\u1ee3 v\u1eadn chuy\u1ec3n tr\u1ecdn g\u00f3i, th\u1ee7 t\u1ee5c \u0111\u1ea7y \u0111\u1ee7, \u0111\u1ea3m b\u1ea3o an to\u00e0n ph\u00e1p l\u00fd.\" \/>\n<meta property=\"og:url\" content=\"https:\/\/viettrungcompany.com\/dich-vu\/nhap-khau-chinh-ngach\/\" \/>\n<meta property=\"og:site_name\" content=\"Viet Trung Company\" \/>\n<meta property=\"article:modified_time\" content=\"2025-08-19T15:44:45+00:00\" \/>\n<meta property=\"og:image\" content=\"https:\/\/viettrungcompany.com\/wp-content\/uploads\/2025\/08\/nhap-hang-trung-quoc-chinh-ngach-ve-viet-nam-2025.png\" \/>\n\t<meta property=\"og:image:width\" content=\"500\" \/>\n\t<meta property=\"og:image:height\" content=\"375\" \/>\n\t<meta property=\"og:image:type\" content=\"image\/png\" \/>\n<meta name=\"twitter:card\" content=\"summary_large_image\" \/>\n<meta name=\"twitter:label1\" content=\"\u9884\u8ba1\u9605\u8bfb\u65f6\u95f4\" \/>\n\t<meta name=\"twitter:data1\" content=\"2 \u5206\" \/>\n<script type=\"application\/ld+json\" class=\"yoast-schema-graph\">{\"@context\":\"https:\\\/\\\/schema.org\",\"@graph\":[{\"@type\":\"WebPage\",\"@id\":\"https:\\\/\\\/viettrungcompany.com\\\/dich-vu\\\/nhap-khau-chinh-ngach\\\/\",\"url\":\"https:\\\/\\\/viettrungcompany.com\\\/dich-vu\\\/nhap-khau-chinh-ngach\\\/\",\"name\":\"\u6b63\u89c4\u8fdb\u53e3 - Viet Trung Company\",\"isPartOf\":{\"@id\":\"https:\\\/\\\/viettrungcompany.com\\\/#website\"},\"primaryImageOfPage\":{\"@id\":\"https:\\\/\\\/viettrungcompany.com\\\/dich-vu\\\/nhap-khau-chinh-ngach\\\/#primaryimage\"},\"image\":{\"@id\":\"https:\\\/\\\/viettrungcompany.com\\\/dich-vu\\\/nhap-khau-chinh-ngach\\\/#primaryimage\"},\"thumbnailUrl\":\"https:\\\/\\\/viettrungcompany.com\\\/wp-content\\\/uploads\\\/2025\\\/08\\\/nhap-hang-trung-quoc-chinh-ngach-ve-viet-nam-2025.png\",\"datePublished\":\"2025-07-20T14:57:26+00:00\",\"dateModified\":\"2025-08-19T15:44:45+00:00\",\"description\":\"D\u1ecbch v\u1ee5 nh\u1eadp h\u00e0ng Trung Qu\u1ed1c ch\u00ednh ng\u1ea1ch v\u1ec1 Vi\u1ec7t Nam h\u1ed7 tr\u1ee3 v\u1eadn chuy\u1ec3n tr\u1ecdn g\u00f3i, th\u1ee7 t\u1ee5c \u0111\u1ea7y \u0111\u1ee7, \u0111\u1ea3m b\u1ea3o an to\u00e0n ph\u00e1p l\u00fd.\",\"breadcrumb\":{\"@id\":\"https:\\\/\\\/viettrungcompany.com\\\/dich-vu\\\/nhap-khau-chinh-ngach\\\/#breadcrumb\"},\"inLanguage\":\"zh-Hans\",\"potentialAction\":[{\"@type\":\"ReadAction\",\"target\":[\"https:\\\/\\\/viettrungcompany.com\\\/dich-vu\\\/nhap-khau-chinh-ngach\\\/\"]}]},{\"@type\":\"ImageObject\",\"inLanguage\":\"zh-Hans\",\"@id\":\"https:\\\/\\\/viettrungcompany.com\\\/dich-vu\\\/nhap-khau-chinh-ngach\\\/#primaryimage\",\"url\":\"https:\\\/\\\/viettrungcompany.com\\\/wp-content\\\/uploads\\\/2025\\\/08\\\/nhap-hang-trung-quoc-chinh-ngach-ve-viet-nam-2025.png\",\"contentUrl\":\"https:\\\/\\\/viettrungcompany.com\\\/wp-content\\\/uploads\\\/2025\\\/08\\\/nhap-hang-trung-quoc-chinh-ngach-ve-viet-nam-2025.png\",\"width\":500,\"height\":375,\"caption\":\"Nh\u1eadp H\u00e0ng Trung Qu\u1ed1c Ch\u00ednh Ng\u1ea1ch 2025\"},{\"@type\":\"BreadcrumbList\",\"@id\":\"https:\\\/\\\/viettrungcompany.com\\\/dich-vu\\\/nhap-khau-chinh-ngach\\\/#breadcrumb\",\"itemListElement\":[{\"@type\":\"ListItem\",\"position\":1,\"name\":\"Home\",\"item\":\"https:\\\/\\\/viettrungcompany.com\\\/zh-hans\\\/\"},{\"@type\":\"ListItem\",\"position\":2,\"name\":\"\u670d\u52a1\",\"item\":\"https:\\\/\\\/viettrungcompany.com\\\/zh-hans\\\/%e6%9c%8d%e5%8a%a1\\\/\"},{\"@type\":\"ListItem\",\"position\":3,\"name\":\"\u6b63\u89c4\u8fdb\u53e3\"}]},{\"@type\":\"WebSite\",\"@id\":\"https:\\\/\\\/viettrungcompany.com\\\/#website\",\"url\":\"https:\\\/\\\/viettrungcompany.com\\\/\",\"name\":\"Viet Trung Company\",\"description\":\"\",\"potentialAction\":[{\"@type\":\"SearchAction\",\"target\":{\"@type\":\"EntryPoint\",\"urlTemplate\":\"https:\\\/\\\/viettrungcompany.com\\\/?s={search_term_string}\"},\"query-input\":{\"@type\":\"PropertyValueSpecification\",\"valueRequired\":true,\"valueName\":\"search_term_string\"}}],\"inLanguage\":\"zh-Hans\"}]}<\/script>\n<!-- \/ Yoast SEO plugin. -->","yoast_head_json":{"title":"\u6b63\u89c4\u8fdb\u53e3 - Viet Trung Company","description":"D\u1ecbch v\u1ee5 nh\u1eadp h\u00e0ng Trung Qu\u1ed1c ch\u00ednh ng\u1ea1ch v\u1ec1 Vi\u1ec7t Nam h\u1ed7 tr\u1ee3 v\u1eadn chuy\u1ec3n tr\u1ecdn g\u00f3i, th\u1ee7 t\u1ee5c \u0111\u1ea7y \u0111\u1ee7, \u0111\u1ea3m b\u1ea3o an to\u00e0n ph\u00e1p l\u00fd.","robots":{"index":"index","follow":"follow","max-snippet":"max-snippet:-1","max-image-preview":"max-image-preview:large","max-video-preview":"max-video-preview:-1"},"canonical":"https:\/\/viettrungcompany.com\/dich-vu\/nhap-khau-chinh-ngach\/","og_locale":"zh_CN","og_type":"article","og_title":"\u6b63\u89c4\u8fdb\u53e3 - Viet Trung Company","og_description":"D\u1ecbch v\u1ee5 nh\u1eadp h\u00e0ng Trung Qu\u1ed1c ch\u00ednh ng\u1ea1ch v\u1ec1 Vi\u1ec7t Nam h\u1ed7 tr\u1ee3 v\u1eadn chuy\u1ec3n tr\u1ecdn g\u00f3i, th\u1ee7 t\u1ee5c \u0111\u1ea7y \u0111\u1ee7, \u0111\u1ea3m b\u1ea3o an to\u00e0n ph\u00e1p l\u00fd.","og_url":"https:\/\/viettrungcompany.com\/dich-vu\/nhap-khau-chinh-ngach\/","og_site_name":"Viet Trung Company","article_modified_time":"2025-08-19T15:44:45+00:00","og_image":[{"width":500,"height":375,"url":"https:\/\/viettrungcompany.com\/wp-content\/uploads\/2025\/08\/nhap-hang-trung-quoc-chinh-ngach-ve-viet-nam-2025.png","type":"image\/png"}],"twitter_card":"summary_large_image","twitter_misc":{"\u9884\u8ba1\u9605\u8bfb\u65f6\u95f4":"2 \u5206"},"schema":{"@context":"https:\/\/schema.org","@graph":[{"@type":"WebPage","@id":"https:\/\/viettrungcompany.com\/dich-vu\/nhap-khau-chinh-ngach\/","url":"https:\/\/viettrungcompany.com\/dich-vu\/nhap-khau-chinh-ngach\/","name":"\u6b63\u89c4\u8fdb\u53e3 - Viet Trung Company","isPartOf":{"@id":"https:\/\/viettrungcompany.com\/#website"},"primaryImageOfPage":{"@id":"https:\/\/viettrungcompany.com\/dich-vu\/nhap-khau-chinh-ngach\/#primaryimage"},"image":{"@id":"https:\/\/viettrungcompany.com\/dich-vu\/nhap-khau-chinh-ngach\/#primaryimage"},"thumbnailUrl":"https:\/\/viettrungcompany.com\/wp-content\/uploads\/2025\/08\/nhap-hang-trung-quoc-chinh-ngach-ve-viet-nam-2025.png","datePublished":"2025-07-20T14:57:26+00:00","dateModified":"2025-08-19T15:44:45+00:00","description":"D\u1ecbch v\u1ee5 nh\u1eadp h\u00e0ng Trung Qu\u1ed1c ch\u00ednh ng\u1ea1ch v\u1ec1 Vi\u1ec7t Nam h\u1ed7 tr\u1ee3 v\u1eadn chuy\u1ec3n tr\u1ecdn g\u00f3i, th\u1ee7 t\u1ee5c \u0111\u1ea7y \u0111\u1ee7, \u0111\u1ea3m b\u1ea3o an to\u00e0n ph\u00e1p l\u00fd.","breadcrumb":{"@id":"https:\/\/viettrungcompany.com\/dich-vu\/nhap-khau-chinh-ngach\/#breadcrumb"},"inLanguage":"zh-Hans","potentialAction":[{"@type":"ReadAction","target":["https:\/\/viettrungcompany.com\/dich-vu\/nhap-khau-chinh-ngach\/"]}]},{"@type":"ImageObject","inLanguage":"zh-Hans","@id":"https:\/\/viettrungcompany.com\/dich-vu\/nhap-khau-chinh-ngach\/#primaryimage","url":"https:\/\/viettrungcompany.com\/wp-content\/uploads\/2025\/08\/nhap-hang-trung-quoc-chinh-ngach-ve-viet-nam-2025.png","contentUrl":"https:\/\/viettrungcompany.com\/wp-content\/uploads\/2025\/08\/nhap-hang-trung-quoc-chinh-ngach-ve-viet-nam-2025.png","width":500,"height":375,"caption":"Nh\u1eadp H\u00e0ng Trung Qu\u1ed1c Ch\u00ednh Ng\u1ea1ch 2025"},{"@type":"BreadcrumbList","@id":"https:\/\/viettrungcompany.com\/dich-vu\/nhap-khau-chinh-ngach\/#breadcrumb","itemListElement":[{"@type":"ListItem","position":1,"name":"Home","item":"https:\/\/viettrungcompany.com\/zh-hans\/"},{"@type":"ListItem","position":2,"name":"\u670d\u52a1","item":"https:\/\/viettrungcompany.com\/zh-hans\/%e6%9c%8d%e5%8a%a1\/"},{"@type":"ListItem","position":3,"name":"\u6b63\u89c4\u8fdb\u53e3"}]},{"@type":"WebSite","@id":"https:\/\/viettrungcompany.com\/#website","url":"https:\/\/viettrungcompany.com\/","name":"Viet Trung Company","description":"","potentialAction":[{"@type":"SearchAction","target":{"@type":"EntryPoint","urlTemplate":"https:\/\/viettrungcompany.com\/?s={search_term_string}"},"query-input":{"@type":"PropertyValueSpecification","valueRequired":true,"valueName":"search_term_string"}}],"inLanguage":"zh-Hans"}]}},"_links":{"self":[{"href":"https:\/\/viettrungcompany.com\/zh-hans\/wp-json\/wp\/v2\/pages\/38608","targetHints":{"allow":["GET"]}}],"collection":[{"href":"https:\/\/viettrungcompany.com\/zh-hans\/wp-json\/wp\/v2\/pages"}],"about":[{"href":"https:\/\/viettrungcompany.com\/zh-hans\/wp-json\/wp\/v2\/types\/page"}],"author":[{"embeddable":true,"href":"https:\/\/viettrungcompany.com\/zh-hans\/wp-json\/wp\/v2\/users\/1"}],"replies":[{"embeddable":true,"href":"https:\/\/viettrungcompany.com\/zh-hans\/wp-json\/wp\/v2\/comments?post=38608"}],"version-history":[{"count":5,"href":"https:\/\/viettrungcompany.com\/zh-hans\/wp-json\/wp\/v2\/pages\/38608\/revisions"}],"predecessor-version":[{"id":39261,"href":"https:\/\/viettrungcompany.com\/zh-hans\/wp-json\/wp\/v2\/pages\/38608\/revisions\/39261"}],"up":[{"embeddable":true,"href":"https:\/\/viettrungcompany.com\/zh-hans\/wp-json\/wp\/v2\/pages\/36962"}],"wp:featuredmedia":[{"embeddable":true,"href":"https:\/\/viettrungcompany.com\/zh-hans\/wp-json\/wp\/v2\/media\/37255"}],"wp:attachment":[{"href":"https:\/\/viettrungcompany.com\/zh-hans\/wp-json\/wp\/v2\/media?parent=38608"}],"curies":[{"name":"wp","href":"https:\/\/api.w.org\/{rel}","templated":true}]}}