{"id":38612,"date":"2025-08-05T21:37:43","date_gmt":"2025-08-05T14:37:43","guid":{"rendered":"https:\/\/viettrungcompany.com\/dich-vu\/nhap-khau-chinh-ngach\/nguyen-container-chinh-ngach\/"},"modified":"2025-08-20T14:44:23","modified_gmt":"2025-08-20T07:44:23","slug":"%e6%95%b4%e6%9f%9c%e6%ad%a3%e8%b4%b8","status":"publish","type":"page","link":"https:\/\/viettrungcompany.com\/zh-hans\/%e6%9c%8d%e5%8a%a1\/%e6%ad%a3%e8%a7%84%e8%bf%9b%e5%8f%a3\/%e6%95%b4%e6%9f%9c%e6%ad%a3%e8%b4%b8\/","title":{"rendered":"\u6574\u67dc\u6b63\u8d38"},"content":{"rendered":"<h1><span style=\"font-family: 'trebuchet ms', geneva, sans-serif;\"><b>\u8d8a\u5357\u4e2d\u516c\u53f8\u6574\u67dc\u8fdb\u53e3\u670d\u52a1 (FCL)<\/b><\/span><\/h1>\n<h2><span style=\"font-family: 'trebuchet ms', geneva, sans-serif;\"><b>1. \u4ec0\u4e48\u662f\u6574\u67dc\u8fdb\u53e3 (FCL) \u670d\u52a1\uff1f<\/b><\/span><\/h2>\n<p><span style=\"font-family: 'trebuchet ms', geneva, sans-serif;\"><b>\u6574\u67dc\u6d77\u8fd0\u8fdb\u53e3\u670d\u52a1 (FCL &#8211; Full Container Load)<\/b><span style=\"font-weight: 400;\"> \u662f\u6307\u4e00\u4e2a\u96c6\u88c5\u7bb1\u4e13\u95e8\u4f9b\u5355\u4e00\u5ba2\u6237\u4f7f\u7528\u7684\u8fd0\u8f93\u65b9\u5f0f\u3002\u5728\u8d8a\u5357\u4e2d\u516c\u53f8\uff0c\u6211\u4eec\u4e3a\u5ba2\u6237\u63d0\u4f9b\u5168\u5957\u670d\u52a1\uff0c\u4ece\u8ba2\u8231\u3001\u51c6\u5907\u5355\u8bc1\u3001\u6d77\u5173\u7533\u62a5\u5230\u9001\u8d27\u4e0a\u95e8\u3002<\/span><\/span><\/p>\n<p><span style=\"font-family: 'trebuchet ms', geneva, sans-serif;\"><img loading=\"lazy\" decoding=\"async\" class=\"aligncenter wp-image-37171\" title=\"\u8d8a\u5357\u4e2d\u516c\u53f8\u6574\u67dc\u8fdb\u53e3\u670d\u52a1 (FCL)\" src=\"https:\/\/viettrungcompany.com\/wp-content\/themes\/woodmart\/images\/lazy.svg\" data-src=\"https:\/\/viettrungcompany.com\/wp-content\/uploads\/2025\/08\/unnamed.png\" alt=\"\u8d8a\u5357\u4e2d\u516c\u53f8\u6574\u67dc\u8fdb\u53e3\u670d\u52a1 (FCL)\" width=\"940\" height=\"788\" srcset=\"\" data-srcset=\"https:\/\/viettrungcompany.com\/wp-content\/uploads\/2025\/08\/unnamed.png 512w, https:\/\/viettrungcompany.com\/wp-content\/uploads\/2025\/08\/unnamed-358x300.png 358w\" sizes=\"auto, (max-width: 940px) 100vw, 940px\" \/><\/span><\/p>\n<p><span style=\"font-weight: 400; font-family: 'trebuchet ms', geneva, sans-serif;\">\u6b64\u65b9\u5f0f\u7279\u522b\u9002\u5408\u4e8e\uff1a<\/span><\/p>\n<ul>\n<li style=\"font-weight: 400;\" aria-level=\"1\"><span style=\"font-weight: 400; font-family: 'trebuchet ms', geneva, sans-serif;\">\u8fdb\u53e3\u5927\u6279\u91cf\u3001\u91cd\u8d27\u6216\u4f53\u79ef\u5e9e\u5927\u7684\u8d27\u7269\u3002<\/span><\/li>\n<li style=\"font-weight: 400;\" aria-level=\"1\"><span style=\"font-weight: 400; font-family: 'trebuchet ms', geneva, sans-serif;\">\u81ea\u4e3b\u5b89\u6392\u8fd0\u8f93\u8ba1\u5212\u5e76\u63a7\u5236\u8fd0\u8f93\u98ce\u9669\u3002<\/span><\/li>\n<li style=\"font-weight: 400;\" aria-level=\"1\"><span style=\"font-weight: 400; font-family: 'trebuchet ms', geneva, sans-serif;\">\u5bf9\u8d27\u7269\u5b89\u5168\u548c\u4fdd\u5bc6\u8981\u6c42\u9ad8\u3002<\/span><\/li>\n<\/ul>\n<h2><span style=\"font-family: 'trebuchet ms', geneva, sans-serif;\"><b>2. \u9009\u62e9\u8d8a\u5357\u4e2d\u516c\u53f8\u6574\u67dc\u8fdb\u53e3 (FCL) \u670d\u52a1\u7684\u4f18\u52bf<\/b><\/span><\/h2>\n<ul>\n<li><b>\u6210\u672c\u4f18\u5316<\/b><span style=\"font-weight: 400;\">\uff1a\u6309\u6574\u67dc\u8ba1\u8d39\uff0c\u5927\u6279\u91cf\u8d27\u7269\u65f6\u6bd4\u62fc\u7bb1 (LCL) \u66f4\u5212\u7b97\u3002<\/span><\/li>\n<li><b>\u964d\u4f4e\u635f\u574f\u98ce\u9669<\/b><span style=\"font-weight: 400;\">\uff1a\u8d27\u7269\u4e0d\u4e0e\u4ed6\u4eba\u6df7\u88c5\uff0c\u786e\u4fdd\u8fd0\u8f93\u5168\u8fc7\u7a0b\u7684\u5b89\u5168\u3002<\/span><\/li>\n<li><b>\u6613\u4e8e\u7ba1\u7406<\/b><span style=\"font-weight: 400;\">\uff1a\u4f01\u4e1a\u53ef\u5168\u7a0b\u638c\u63a7\u4ece\u51fa\u53e3\u6e2f\u5230\u6536\u8d27\u4ed3\u5e93\u3002<\/span><\/li>\n<li><b>\u5168\u65b9\u4f4d\u652f\u6301<\/b><span style=\"font-weight: 400;\">\uff1a\u8d8a\u5357\u4e2d\u516c\u53f8\u63d0\u4f9b A-Z \u670d\u52a1\uff0c\u51cf\u8f7b\u5ba2\u6237\u5728\u62a5\u5173\u4e0e\u5355\u8bc1\u5904\u7406\u4e2d\u7684\u538b\u529b\u3002<\/span><\/li>\n<\/ul>\n<h2><span style=\"font-family: 'trebuchet ms', geneva, sans-serif;\"><b>3. \u8d8a\u5357\u4e2d\u516c\u53f8 FCL \u6d77\u8fd0\u8fdb\u53e3\u6d41\u7a0b<\/b><\/span><\/h2>\n<p><span style=\"font-family: 'trebuchet ms', geneva, sans-serif;\"><img loading=\"lazy\" decoding=\"async\" class=\"aligncenter wp-image-37174\" title=\"\u8d8a\u5357\u4e2d\u516c\u53f8 FCL \u6d77\u8fd0\u8fdb\u53e3\u6d41\u7a0b\" src=\"https:\/\/viettrungcompany.com\/wp-content\/themes\/woodmart\/images\/lazy.svg\" data-src=\"https:\/\/viettrungcompany.com\/wp-content\/uploads\/2025\/08\/unnamed-1.png\" alt=\"\u8d8a\u5357\u4e2d\u516c\u53f8 FCL \u6d77\u8fd0\u8fdb\u53e3\u6d41\u7a0b\" width=\"940\" height=\"788\" srcset=\"\" data-srcset=\"https:\/\/viettrungcompany.com\/wp-content\/uploads\/2025\/08\/unnamed-1.png 512w, https:\/\/viettrungcompany.com\/wp-content\/uploads\/2025\/08\/unnamed-1-358x300.png 358w\" sizes=\"auto, (max-width: 940px) 100vw, 940px\" \/><\/span><\/p>\n<h3><b>\u6b65\u9aa4 1: \u54a8\u8be2\u3001\u7b7e\u8ba2\u5408\u540c\u4e0e\u51c6\u5907\u5355\u8bc1<\/b><\/h3>\n<ul>\n<li>\u63a8\u8350\u5408\u9002\u7684\u96c6\u88c5\u7bb1\u7c7b\u578b (20ft, 40ft, 40HC&#8230;)<\/li>\n<li>\u6307\u5bfc\u51c6\u5907\u5355\u8bc1\uff1a\n<ul>\n<li>\u8d2d\u9500\u5408\u540c (Sale Contract)<\/li>\n<li>\u5546\u4e1a\u53d1\u7968 (Commercial Invoice)<\/li>\n<li>\u88c5\u7bb1\u5355 (Packing List)<\/li>\n<li>\u63d0\u5355 (Bill of Lading)<\/li>\n<li>\u4ea7\u5730\u8bc1 (C\/O \u5982\u6709)<\/li>\n<li>\u76f8\u5173\u68c0\u9a8c\u68c0\u75ab\u53ca\u8d28\u91cf\u68c0\u6d4b\u6587\u4ef6 (\u5982\u98df\u54c1\u3001\u5316\u5986\u54c1\u3001\u533b\u7597\u8bbe\u5907\u7b49)<\/li>\n<\/ul>\n<\/li>\n<\/ul>\n<h3><b>\u6b65\u9aa4 2: \u8ba2\u8231\u4e0e\u8fd0\u8f93<\/b><\/h3>\n<ul>\n<li>\u8d8a\u5357\u4e2d\u516c\u53f8\u534f\u52a9\u8ba2\u8231\uff0c\u5b89\u6392\u7b26\u5408\u5ba2\u6237\u8fdb\u5ea6\u7684\u8239\u671f\u3002<\/li>\n<li>\u5fc5\u8981\u65f6\u534f\u52a9\u76d1\u7763\u88c5\u67dc\u8fc7\u7a0b\u3002<\/li>\n<li>\u8ddf\u8e2a\u8fd0\u8f93\u8fdb\u7a0b\uff0c\u5b9a\u671f\u66f4\u65b0\u8fdb\u5ea6\u3002<\/li>\n<\/ul>\n<h3><b>\u6b65\u9aa4 3: \u6d77\u5173\u7533\u62a5<\/b><\/h3>\n<ul>\n<li>\u51c6\u5907\u7535\u5b50\u62a5\u5173\u5355 (VNACCS \u7cfb\u7edf)\u3002<\/li>\n<li>\u4f20\u8f93\u62a5\u5173\u5355\uff0c\u5206\u6d41\uff08\u7eff &#8211; \u9ec4 &#8211; \u7ea2\uff09\u3002<\/li>\n<li>\u534f\u52a9\u5feb\u901f\u5904\u7406\u9ec4\u5355\uff08\u5355\u8bc1\u5ba1\u6838\uff09\u548c\u7ea2\u5355\uff08\u5b9e\u8d27\u67e5\u9a8c\uff09\u3002<\/li>\n<\/ul>\n<h3><b>\u6b65\u9aa4 4: \u6e2f\u53e3\u63d0\u8d27<\/b><\/h3>\n<ul>\n<li>\u8d8a\u5357\u4e2d\u516c\u53f8\u4ee3\u7406\u63d0\u5355\u3001\u652f\u4ed8\u5404\u7c7b\u8d39\u7528\uff1a<\/li>\n<li>THC\u3001CIC\u3001\u5806\u5b58\u8d39\u3001\u64cd\u4f5c\u8d39\u7b49\u3002<\/li>\n<li>\u5b89\u6392\u62d6\u8f66\u5c06\u96c6\u88c5\u7bb1\u4ece\u6e2f\u53e3\u8fd0\u81f3\u5ba2\u6237\u4ed3\u5e93\u3002<\/li>\n<\/ul>\n<h3><b>\u6b65\u9aa4 5: \u5b8c\u6210\u624b\u7eed\u5e76\u4ea4\u8d27<\/b><\/h3>\n<ul>\n<li>\u6838\u5bf9\u5355\u8bc1\uff0c\u7b7e\u7f72\u4ea4\u63a5\u5355\u3002<\/li>\n<li>\u534f\u52a9\u5b58\u6863\u5355\u8bc1\u4ee5\u5907\u5ba1\u8ba1\u6216\u6d77\u5173\u540e\u7eed\u68c0\u67e5\u3002<\/li>\n<\/ul>\n<h2><b>4. \u5e38\u89c1 FCL \u8fdb\u53e3\u8d39\u7528<\/b><\/h2>\n<p><span><img loading=\"lazy\" decoding=\"async\" class=\"aligncenter wp-image-37177\" title=\"\u5e38\u89c1 FCL \u8fdb\u53e3\u8d39\u7528\" src=\"https:\/\/viettrungcompany.com\/wp-content\/themes\/woodmart\/images\/lazy.svg\" data-src=\"https:\/\/viettrungcompany.com\/wp-content\/uploads\/2025\/08\/unnamed-2.png\" alt=\"\u5e38\u89c1 FCL \u8fdb\u53e3\u8d39\u7528\" width=\"940\" height=\"788\" srcset=\"\" data-srcset=\"https:\/\/viettrungcompany.com\/wp-content\/uploads\/2025\/08\/unnamed-2.png 512w, https:\/\/viettrungcompany.com\/wp-content\/uploads\/2025\/08\/unnamed-2-358x300.png 358w\" sizes=\"auto, (max-width: 940px) 100vw, 940px\" \/><\/span><\/p>\n<ul>\n<li>\u56fd\u9645\u6d77\u8fd0\u8d39 (ocean freight)<\/li>\n<li>\u7801\u5934\u64cd\u4f5c\u8d39 (THC)<\/li>\n<li>\u5e73\u8861\u7bb1\u8d39 (CIC)<\/li>\n<li>\u6e2f\u53e3\u88c5\u5378\u8d39<\/li>\n<li>\u8d85\u514d\u8d39\u671f\u7684\u96c6\u88c5\u7bb1\/\u5806\u5b58\u8d39<\/li>\n<li>\u5185\u9646\u8fd0\u8f93\u8d39 (\u6e2f\u53e3\u81f3\u4ed3\u5e93)<\/li>\n<li>\u8fdb\u53e3\u5173\u7a0e\u3001\u589e\u503c\u7a0e\u53ca\u6e05\u5173\u8d39\u7528<\/li>\n<li>\u68c0\u75ab\u3001\u8d28\u91cf\u68c0\u6d4b\u8d39\u7528 (\u5982\u6709)<\/li>\n<\/ul>\n<p><span>\u8d8a\u5357\u4e2d\u516c\u53f8\u627f\u8bfa\u6240\u6709\u8d39\u7528\u900f\u660e\u516c\u5f00\uff0c\u65e0\u4efb\u4f55\u9690\u85cf\u8d39\u7528\u3002<\/span><\/p>\n<h2><b>5.<\/p>\n","protected":false},"excerpt":{"rendered":"<p>\u8d8a\u5357\u4e2d\u516c\u53f8\u6574\u67dc\u8fdb\u53e3\u670d\u52a1 (FCL) 1.<\/p>\n","protected":false},"author":1,"featured_media":0,"parent":38608,"menu_order":0,"comment_status":"closed","ping_status":"closed","template":"","meta":{"footnotes":""},"class_list":["post-38612","page","type-page","status-publish","hentry"],"yoast_head":"<!-- This site is optimized with the Yoast SEO plugin v27.4 - https:\/\/yoast.com\/product\/yoast-seo-wordpress\/ -->\n<title>\u6574\u67dc\u6b63\u8d38 - Viet Trung Company<\/title>\n<meta name=\"description\" content=\"D\u1ecbch v\u1ee5 nh\u1eadp kh\u1ea9u h\u00e0ng nguy\u00ean container (FCL) t\u1eeb Trung Qu\u1ed1c qua \u0111\u01b0\u1eddng bi\u1ec3n t\u1ea1i Vi\u1ec7t Trung Company \u2013 T\u1ed1i \u01b0u chi ph\u00ed, quy tr\u00ecnh minh b\u1ea1ch, h\u1ed7 tr\u1ee3 khai b\u00e1o h\u1ea3i quan tr\u1ecdn g\u00f3i, v\u1eadn chuy\u1ec3n an to\u00e0n, \u0111\u00fang ti\u1ebfn \u0111\u1ed9.\" \/>\n<meta name=\"robots\" content=\"index, follow, max-snippet:-1, max-image-preview:large, max-video-preview:-1\" \/>\n<link rel=\"canonical\" href=\"https:\/\/viettrungcompany.com\/dich-vu\/nhap-khau-chinh-ngach\/nguyen-container-chinh-ngach\/\" \/>\n<meta property=\"og:locale\" content=\"zh_CN\" \/>\n<meta property=\"og:type\" content=\"article\" \/>\n<meta property=\"og:title\" content=\"\u6574\u67dc\u6b63\u8d38 - Viet Trung Company\" \/>\n<meta property=\"og:description\" content=\"D\u1ecbch v\u1ee5 nh\u1eadp kh\u1ea9u h\u00e0ng nguy\u00ean container (FCL) t\u1eeb Trung Qu\u1ed1c qua \u0111\u01b0\u1eddng bi\u1ec3n t\u1ea1i Vi\u1ec7t Trung Company \u2013 T\u1ed1i \u01b0u chi ph\u00ed, quy tr\u00ecnh minh b\u1ea1ch, h\u1ed7 tr\u1ee3 khai b\u00e1o h\u1ea3i quan tr\u1ecdn g\u00f3i, v\u1eadn chuy\u1ec3n an to\u00e0n, \u0111\u00fang ti\u1ebfn \u0111\u1ed9.\" \/>\n<meta property=\"og:url\" content=\"https:\/\/viettrungcompany.com\/dich-vu\/nhap-khau-chinh-ngach\/nguyen-container-chinh-ngach\/\" \/>\n<meta property=\"og:site_name\" content=\"Viet Trung Company\" \/>\n<meta property=\"article:modified_time\" content=\"2025-08-20T07:44:23+00:00\" \/>\n<meta property=\"og:image\" content=\"https:\/\/viettrungcompany.com\/wp-content\/uploads\/2025\/08\/unnamed.png\" \/>\n<meta name=\"twitter:card\" content=\"summary_large_image\" \/>\n<meta name=\"twitter:label1\" content=\"\u9884\u8ba1\u9605\u8bfb\u65f6\u95f4\" \/>\n\t<meta name=\"twitter:data1\" content=\"6 \u5206\" \/>\n<script type=\"application\/ld+json\" class=\"yoast-schema-graph\">{\"@context\":\"https:\\\/\\\/schema.org\",\"@graph\":[{\"@type\":\"WebPage\",\"@id\":\"https:\\\/\\\/viettrungcompany.com\\\/dich-vu\\\/nhap-khau-chinh-ngach\\\/nguyen-container-chinh-ngach\\\/\",\"url\":\"https:\\\/\\\/viettrungcompany.com\\\/dich-vu\\\/nhap-khau-chinh-ngach\\\/nguyen-container-chinh-ngach\\\/\",\"name\":\"\u6574\u67dc\u6b63\u8d38 - Viet Trung Company\",\"isPartOf\":{\"@id\":\"https:\\\/\\\/viettrungcompany.com\\\/#website\"},\"primaryImageOfPage\":{\"@id\":\"https:\\\/\\\/viettrungcompany.com\\\/dich-vu\\\/nhap-khau-chinh-ngach\\\/nguyen-container-chinh-ngach\\\/#primaryimage\"},\"image\":{\"@id\":\"https:\\\/\\\/viettrungcompany.com\\\/dich-vu\\\/nhap-khau-chinh-ngach\\\/nguyen-container-chinh-ngach\\\/#primaryimage\"},\"thumbnailUrl\":\"https:\\\/\\\/viettrungcompany.com\\\/wp-content\\\/uploads\\\/2025\\\/08\\\/unnamed.png\",\"datePublished\":\"2025-08-05T14:37:43+00:00\",\"dateModified\":\"2025-08-20T07:44:23+00:00\",\"description\":\"D\u1ecbch v\u1ee5 nh\u1eadp kh\u1ea9u h\u00e0ng nguy\u00ean container (FCL) t\u1eeb Trung Qu\u1ed1c qua \u0111\u01b0\u1eddng bi\u1ec3n t\u1ea1i Vi\u1ec7t Trung Company \u2013 T\u1ed1i \u01b0u chi ph\u00ed, quy tr\u00ecnh minh b\u1ea1ch, h\u1ed7 tr\u1ee3 khai b\u00e1o h\u1ea3i quan tr\u1ecdn g\u00f3i, v\u1eadn chuy\u1ec3n an to\u00e0n, \u0111\u00fang ti\u1ebfn \u0111\u1ed9.\",\"breadcrumb\":{\"@id\":\"https:\\\/\\\/viettrungcompany.com\\\/dich-vu\\\/nhap-khau-chinh-ngach\\\/nguyen-container-chinh-ngach\\\/#breadcrumb\"},\"inLanguage\":\"zh-Hans\",\"potentialAction\":[{\"@type\":\"ReadAction\",\"target\":[\"https:\\\/\\\/viettrungcompany.com\\\/dich-vu\\\/nhap-khau-chinh-ngach\\\/nguyen-container-chinh-ngach\\\/\"]}]},{\"@type\":\"ImageObject\",\"inLanguage\":\"zh-Hans\",\"@id\":\"https:\\\/\\\/viettrungcompany.com\\\/dich-vu\\\/nhap-khau-chinh-ngach\\\/nguyen-container-chinh-ngach\\\/#primaryimage\",\"url\":\"https:\\\/\\\/viettrungcompany.com\\\/wp-content\\\/uploads\\\/2025\\\/08\\\/unnamed.png\",\"contentUrl\":\"https:\\\/\\\/viettrungcompany.com\\\/wp-content\\\/uploads\\\/2025\\\/08\\\/unnamed.png\"},{\"@type\":\"BreadcrumbList\",\"@id\":\"https:\\\/\\\/viettrungcompany.com\\\/dich-vu\\\/nhap-khau-chinh-ngach\\\/nguyen-container-chinh-ngach\\\/#breadcrumb\",\"itemListElement\":[{\"@type\":\"ListItem\",\"position\":1,\"name\":\"Home\",\"item\":\"https:\\\/\\\/viettrungcompany.com\\\/zh-hans\\\/\"},{\"@type\":\"ListItem\",\"position\":2,\"name\":\"\u670d\u52a1\",\"item\":\"https:\\\/\\\/viettrungcompany.com\\\/zh-hans\\\/%e6%9c%8d%e5%8a%a1\\\/\"},{\"@type\":\"ListItem\",\"position\":3,\"name\":\"\u6b63\u89c4\u8fdb\u53e3\",\"item\":\"https:\\\/\\\/viettrungcompany.com\\\/dich-vu\\\/nhap-khau-chinh-ngach\\\/\"},{\"@type\":\"ListItem\",\"position\":4,\"name\":\"\u6574\u67dc\u6b63\u8d38\"}]},{\"@type\":\"WebSite\",\"@id\":\"https:\\\/\\\/viettrungcompany.com\\\/#website\",\"url\":\"https:\\\/\\\/viettrungcompany.com\\\/\",\"name\":\"Viet Trung Company\",\"description\":\"\",\"potentialAction\":[{\"@type\":\"SearchAction\",\"target\":{\"@type\":\"EntryPoint\",\"urlTemplate\":\"https:\\\/\\\/viettrungcompany.com\\\/?s={search_term_string}\"},\"query-input\":{\"@type\":\"PropertyValueSpecification\",\"valueRequired\":true,\"valueName\":\"search_term_string\"}}],\"inLanguage\":\"zh-Hans\"}]}<\/script>\n<!-- \/ Yoast SEO plugin. -->","yoast_head_json":{"title":"\u6574\u67dc\u6b63\u8d38 - Viet Trung Company","description":"D\u1ecbch v\u1ee5 nh\u1eadp kh\u1ea9u h\u00e0ng nguy\u00ean container (FCL) t\u1eeb Trung Qu\u1ed1c qua \u0111\u01b0\u1eddng bi\u1ec3n t\u1ea1i Vi\u1ec7t Trung Company \u2013 T\u1ed1i \u01b0u chi ph\u00ed, quy tr\u00ecnh minh b\u1ea1ch, h\u1ed7 tr\u1ee3 khai b\u00e1o h\u1ea3i quan tr\u1ecdn g\u00f3i, v\u1eadn chuy\u1ec3n an to\u00e0n, \u0111\u00fang ti\u1ebfn \u0111\u1ed9.","robots":{"index":"index","follow":"follow","max-snippet":"max-snippet:-1","max-image-preview":"max-image-preview:large","max-video-preview":"max-video-preview:-1"},"canonical":"https:\/\/viettrungcompany.com\/dich-vu\/nhap-khau-chinh-ngach\/nguyen-container-chinh-ngach\/","og_locale":"zh_CN","og_type":"article","og_title":"\u6574\u67dc\u6b63\u8d38 - Viet Trung Company","og_description":"D\u1ecbch v\u1ee5 nh\u1eadp kh\u1ea9u h\u00e0ng nguy\u00ean container (FCL) t\u1eeb Trung Qu\u1ed1c qua \u0111\u01b0\u1eddng bi\u1ec3n t\u1ea1i Vi\u1ec7t Trung Company \u2013 T\u1ed1i \u01b0u chi ph\u00ed, quy tr\u00ecnh minh b\u1ea1ch, h\u1ed7 tr\u1ee3 khai b\u00e1o h\u1ea3i quan tr\u1ecdn g\u00f3i, v\u1eadn chuy\u1ec3n an to\u00e0n, \u0111\u00fang ti\u1ebfn \u0111\u1ed9.","og_url":"https:\/\/viettrungcompany.com\/dich-vu\/nhap-khau-chinh-ngach\/nguyen-container-chinh-ngach\/","og_site_name":"Viet Trung Company","article_modified_time":"2025-08-20T07:44:23+00:00","og_image":[{"url":"https:\/\/viettrungcompany.com\/wp-content\/uploads\/2025\/08\/unnamed.png","type":"","width":"","height":""}],"twitter_card":"summary_large_image","twitter_misc":{"\u9884\u8ba1\u9605\u8bfb\u65f6\u95f4":"6 \u5206"},"schema":{"@context":"https:\/\/schema.org","@graph":[{"@type":"WebPage","@id":"https:\/\/viettrungcompany.com\/dich-vu\/nhap-khau-chinh-ngach\/nguyen-container-chinh-ngach\/","url":"https:\/\/viettrungcompany.com\/dich-vu\/nhap-khau-chinh-ngach\/nguyen-container-chinh-ngach\/","name":"\u6574\u67dc\u6b63\u8d38 - Viet Trung Company","isPartOf":{"@id":"https:\/\/viettrungcompany.com\/#website"},"primaryImageOfPage":{"@id":"https:\/\/viettrungcompany.com\/dich-vu\/nhap-khau-chinh-ngach\/nguyen-container-chinh-ngach\/#primaryimage"},"image":{"@id":"https:\/\/viettrungcompany.com\/dich-vu\/nhap-khau-chinh-ngach\/nguyen-container-chinh-ngach\/#primaryimage"},"thumbnailUrl":"https:\/\/viettrungcompany.com\/wp-content\/uploads\/2025\/08\/unnamed.png","datePublished":"2025-08-05T14:37:43+00:00","dateModified":"2025-08-20T07:44:23+00:00","description":"D\u1ecbch v\u1ee5 nh\u1eadp kh\u1ea9u h\u00e0ng nguy\u00ean container (FCL) t\u1eeb Trung Qu\u1ed1c qua \u0111\u01b0\u1eddng bi\u1ec3n t\u1ea1i Vi\u1ec7t Trung Company \u2013 T\u1ed1i \u01b0u chi ph\u00ed, quy tr\u00ecnh minh b\u1ea1ch, h\u1ed7 tr\u1ee3 khai b\u00e1o h\u1ea3i quan tr\u1ecdn g\u00f3i, v\u1eadn chuy\u1ec3n an to\u00e0n, \u0111\u00fang ti\u1ebfn \u0111\u1ed9.","breadcrumb":{"@id":"https:\/\/viettrungcompany.com\/dich-vu\/nhap-khau-chinh-ngach\/nguyen-container-chinh-ngach\/#breadcrumb"},"inLanguage":"zh-Hans","potentialAction":[{"@type":"ReadAction","target":["https:\/\/viettrungcompany.com\/dich-vu\/nhap-khau-chinh-ngach\/nguyen-container-chinh-ngach\/"]}]},{"@type":"ImageObject","inLanguage":"zh-Hans","@id":"https:\/\/viettrungcompany.com\/dich-vu\/nhap-khau-chinh-ngach\/nguyen-container-chinh-ngach\/#primaryimage","url":"https:\/\/viettrungcompany.com\/wp-content\/uploads\/2025\/08\/unnamed.png","contentUrl":"https:\/\/viettrungcompany.com\/wp-content\/uploads\/2025\/08\/unnamed.png"},{"@type":"BreadcrumbList","@id":"https:\/\/viettrungcompany.com\/dich-vu\/nhap-khau-chinh-ngach\/nguyen-container-chinh-ngach\/#breadcrumb","itemListElement":[{"@type":"ListItem","position":1,"name":"Home","item":"https:\/\/viettrungcompany.com\/zh-hans\/"},{"@type":"ListItem","position":2,"name":"\u670d\u52a1","item":"https:\/\/viettrungcompany.com\/zh-hans\/%e6%9c%8d%e5%8a%a1\/"},{"@type":"ListItem","position":3,"name":"\u6b63\u89c4\u8fdb\u53e3","item":"https:\/\/viettrungcompany.com\/dich-vu\/nhap-khau-chinh-ngach\/"},{"@type":"ListItem","position":4,"name":"\u6574\u67dc\u6b63\u8d38"}]},{"@type":"WebSite","@id":"https:\/\/viettrungcompany.com\/#website","url":"https:\/\/viettrungcompany.com\/","name":"Viet Trung Company","description":"","potentialAction":[{"@type":"SearchAction","target":{"@type":"EntryPoint","urlTemplate":"https:\/\/viettrungcompany.com\/?s={search_term_string}"},"query-input":{"@type":"PropertyValueSpecification","valueRequired":true,"valueName":"search_term_string"}}],"inLanguage":"zh-Hans"}]}},"_links":{"self":[{"href":"https:\/\/viettrungcompany.com\/zh-hans\/wp-json\/wp\/v2\/pages\/38612","targetHints":{"allow":["GET"]}}],"collection":[{"href":"https:\/\/viettrungcompany.com\/zh-hans\/wp-json\/wp\/v2\/pages"}],"about":[{"href":"https:\/\/viettrungcompany.com\/zh-hans\/wp-json\/wp\/v2\/types\/page"}],"author":[{"embeddable":true,"href":"https:\/\/viettrungcompany.com\/zh-hans\/wp-json\/wp\/v2\/users\/1"}],"replies":[{"embeddable":true,"href":"https:\/\/viettrungcompany.com\/zh-hans\/wp-json\/wp\/v2\/comments?post=38612"}],"version-history":[{"count":2,"href":"https:\/\/viettrungcompany.com\/zh-hans\/wp-json\/wp\/v2\/pages\/38612\/revisions"}],"predecessor-version":[{"id":39334,"href":"https:\/\/viettrungcompany.com\/zh-hans\/wp-json\/wp\/v2\/pages\/38612\/revisions\/39334"}],"up":[{"embeddable":true,"href":"https:\/\/viettrungcompany.com\/zh-hans\/wp-json\/wp\/v2\/pages\/38608"}],"wp:attachment":[{"href":"https:\/\/viettrungcompany.com\/zh-hans\/wp-json\/wp\/v2\/media?parent=38612"}],"curies":[{"name":"wp","href":"https:\/\/api.w.org\/{rel}","templated":true}]}}