{"id":38614,"date":"2025-08-05T21:38:39","date_gmt":"2025-08-05T14:38:39","guid":{"rendered":"https:\/\/viettrungcompany.com\/dich-vu\/nhap-khau-chinh-ngach\/tu-van-xu-ly-thu-tuc-hai-quan\/"},"modified":"2025-08-20T14:45:57","modified_gmt":"2025-08-20T07:45:57","slug":"%e6%8a%a5%e5%85%b3%e5%92%a8%e8%af%a2%e4%b8%8e%e6%89%8b%e7%bb%ad%e5%8a%9e%e7%90%86","status":"publish","type":"page","link":"https:\/\/viettrungcompany.com\/zh-hans\/%e6%9c%8d%e5%8a%a1\/%e6%ad%a3%e8%a7%84%e8%bf%9b%e5%8f%a3\/%e6%8a%a5%e5%85%b3%e5%92%a8%e8%af%a2%e4%b8%8e%e6%89%8b%e7%bb%ad%e5%8a%9e%e7%90%86\/","title":{"rendered":"\u62a5\u5173\u54a8\u8be2\u4e0e\u624b\u7eed\u529e\u7406"},"content":{"rendered":"<h1 style=\"text-align: center;\"><b>\u8fdb\u53e3\u6b63\u8d38\u62a5\u5173\u54a8\u8be2\u4e0e\u624b\u7eed\u529e\u7406<\/b><\/h1>\n<p><span style=\"font-weight: 400;\">\u8d8a\u5357\u4e2d\u516c\u53f8\u63d0\u4f9b\u7684 <\/span><b>\u8fdb\u53e3\u6b63\u8d38\u62a5\u5173\u54a8\u8be2\u4e0e\u624b\u7eed\u529e\u7406\u670d\u52a1<\/b><span style=\"font-weight: 400;\">\uff0c\u65e8\u5728\u5e2e\u52a9\u4e2a\u4eba\u3001\u4e2a\u4f53\u6237\u548c\u4f01\u4e1a\u5728\u4ece\u56fd\u5916\uff0c\u7279\u522b\u662f\u4ece\u4e2d\u56fd\u8fdb\u53e3\u8d27\u7269\u81f3\u8d8a\u5357\u65f6\uff0c\u6b63\u786e\u5408\u89c4\u5730\u5b8c\u6210\u5404\u9879\u6cd5\u5b9a\u6d41\u7a0b\u3002<\/span><\/p>\n<p><span style=\"font-weight: 400;\">\u6211\u4eec\u63d0\u4f9b\u4e00\u7ad9\u5f0f\u89e3\u51b3\u65b9\u6848\uff0c\u4ece HS \u7f16\u7801\u54a8\u8be2\u3001\u8fdb\u53e3\u6761\u4ef6\u6838\u67e5\u3001\u5355\u8bc1\u51c6\u5907\u3001\u62a5\u5173\u7533\u62a5\u3001\u901a\u5173\u5904\u7406\u5230\u8d27\u7269\u8fd0\u8f93\u4ea4\u4ed8\u5168\u7a0b\u670d\u52a1\u3002<\/span><\/p>\n<p><span style=\"font-weight: 400;\">\u51ed\u501f 15 \u5e74\u4ee5\u4e0a\u7ecf\u9a8c\u548c\u719f\u6089\u6d77\u5173\u653f\u7b56\u7684\u4e13\u4e1a\u56e2\u961f\uff0c\u8d8a\u5357\u4e2d\u516c\u53f8\u627f\u8bfa\u4e3a\u5ba2\u6237\u63d0\u4f9b <\/span><b>\u4e13\u4e1a \u2013 \u5feb\u901f \u2013 \u51c6\u786e \u2013 \u8282\u7701\u6210\u672c<\/b><span style=\"font-weight: 400;\"> \u7684\u670d\u52a1\u3002<\/span><\/p>\n<p><img loading=\"lazy\" decoding=\"async\" class=\"wp-image-37166 aligncenter\" title=\"\u8fdb\u53e3\u62a5\u5173\u54a8\u8be2\u4e0e\u624b\u7eed\u529e\u7406\" src=\"https:\/\/viettrungcompany.com\/wp-content\/themes\/woodmart\/images\/lazy.svg\" data-src=\"https:\/\/viettrungcompany.com\/wp-content\/uploads\/2025\/08\/1GoeULud1246S3T1DHmYovAF3cPDsDNv.png\" alt=\"\u8fdb\u53e3\u62a5\u5173\u54a8\u8be2\u4e0e\u624b\u7eed\u529e\u7406\" width=\"940\" height=\"788\" srcset=\"\" data-srcset=\"https:\/\/viettrungcompany.com\/wp-content\/uploads\/2025\/08\/1GoeULud1246S3T1DHmYovAF3cPDsDNv.png 512w, https:\/\/viettrungcompany.com\/wp-content\/uploads\/2025\/08\/1GoeULud1246S3T1DHmYovAF3cPDsDNv-358x300.png 358w\" sizes=\"auto, (max-width: 940px) 100vw, 940px\" \/><\/p>\n<h2><b>1. \u6b63\u89c4\u8fdb\u53e3\u7684\u57fa\u672c\u6761\u4ef6<\/b><\/h2>\n<p><span style=\"font-weight: 400;\">\u5728\u8fdb\u884c\u62a5\u5173\u4e4b\u524d\uff0c\u4f01\u4e1a\u9700\u6ee1\u8db3\u4ee5\u4e0b\u6761\u4ef6\uff1a<\/span><\/p>\n<ul>\n<li>\u62e5\u6709\u5408\u6cd5\u7684\u7a0e\u53f7\u4e0e\u8425\u4e1a\u6267\u7167\u3002<\/li>\n<li>\u62e5\u6709\u7535\u5b50\u7b7e\u540d\u7528\u4e8e\u767b\u5f55 VNACCS\/VCIS \u7cfb\u7edf\u3002<\/li>\n<li>\u5f00\u901a\u7535\u5b50\u62a5\u5173\u8d26\u6237\u3002<\/li>\n<li>\u4e0e\u6d77\u5916\u5408\u4f5c\u65b9\u7b7e\u8ba2\u56fd\u9645\u8d38\u6613\u5408\u540c\u3002<\/li>\n<li>\u62e5\u6709\u56fd\u9645\u7ed3\u7b97\u8d26\u6237 (T\/T, L\/C&#8230;\uff09\u3002<\/li>\n<li>\u8d27\u7269\u4e0d\u5c5e\u4e8e\u7981\u6b62\u8fdb\u53e3\u76ee\u5f55\u3002<\/li>\n<li>\u82e5\u8d27\u7269\u5c5e\u4e8e\u4e13\u7ba1\u7c7b\uff0c\u9700\u5177\u5907\u76f8\u5173\u8fdb\u53e3\u8bb8\u53ef\u8bc1\u3002<\/li>\n<\/ul>\n<h2><b>2. \u8d8a\u5357\u4e2d\u516c\u53f8\u62a5\u5173\u529e\u7406\u6d41\u7a0b<\/b><\/h2>\n<p><img loading=\"lazy\" decoding=\"async\" class=\"aligncenter wp-image-37226\" title=\"\u8d8a\u5357\u4e2d\u516c\u53f8\u62a5\u5173\u529e\u7406\u6d41\u7a0b\" src=\"https:\/\/viettrungcompany.com\/wp-content\/themes\/woodmart\/images\/lazy.svg\" data-src=\"https:\/\/viettrungcompany.com\/wp-content\/uploads\/2025\/08\/vai-tro-chuc-nang-to-khai-hai-quan-358x300.png\" alt=\"\u8d8a\u5357\u4e2d\u516c\u53f8\u62a5\u5173\u529e\u7406\u6d41\u7a0b\" width=\"940\" height=\"788\" srcset=\"\" data-srcset=\"https:\/\/viettrungcompany.com\/wp-content\/uploads\/2025\/08\/vai-tro-chuc-nang-to-khai-hai-quan-358x300.png 358w, https:\/\/viettrungcompany.com\/wp-content\/uploads\/2025\/08\/vai-tro-chuc-nang-to-khai-hai-quan-768x644.png 768w, https:\/\/viettrungcompany.com\/wp-content\/uploads\/2025\/08\/vai-tro-chuc-nang-to-khai-hai-quan.png 940w\" sizes=\"auto, (max-width: 940px) 100vw, 940px\" \/><\/p>\n<p><span style=\"font-weight: 400;\">\u6211\u4eec\u534f\u52a9\u5ba2\u6237\u901a\u8fc7 5 \u4e2a\u660e\u786e\u6b65\u9aa4\u9ad8\u6548\u5b8c\u6210\u62a5\u5173\u624b\u7eed\uff1a<\/span><\/p>\n<h3><b>\u6b65\u9aa4 1: \u63a5\u6536\u8d44\u6599\u4e0e\u521d\u6b65\u54a8\u8be2<\/b><\/h3>\n<ul>\n<li>HS \u7f16\u7801\u3001\u7a0e\u6536\u653f\u7b56\u4e0e\u8fdb\u53e3\u6761\u4ef6\u54a8\u8be2\u3002<\/li>\n<li>\u6838\u67e5\u662f\u5426\u9700\u8981\u4e13\u7ba1\u7c7b\u8bb8\u53ef\u8bc1\u3002<\/li>\n<li>\u5efa\u8bae\u5408\u9002\u7684\u8fd0\u8f93\u65b9\u5f0f\u4e0e Incoterms\u3002<\/li>\n<\/ul>\n<h3><b>\u6b65\u9aa4 2: \u51c6\u5907\u4e0e\u6838\u5bf9\u5355\u8bc1<\/b><\/h3>\n<ul>\n<li>\u8d38\u6613\u5408\u540c (Sale Contract)<\/li>\n<li>\u5546\u4e1a\u53d1\u7968 (Invoice)<\/li>\n<li>\u88c5\u7bb1\u5355 (Packing List)<\/li>\n<li>\u63d0\u5355 (Bill of Lading \u6216 Air Waybill)<\/li>\n<li>\u4ea7\u5730\u8bc1 (C\/O &#8211; \u5982\u6709)<\/li>\n<li>\u4e13\u7ba1\u7c7b\u8bb8\u53ef\u8bc1 (\u68c0\u75ab\u3001\u68c0\u6d4b&#8230; \u5982\u6709)<\/li>\n<li>\u7535\u5b50\u62a5\u5173\u5355\u6253\u5370\u4ef6<\/li>\n<\/ul>\n<h3><b>\u6b65\u9aa4 3: \u62a5\u5173\u4e0e\u7535\u5b50\u7533\u62a5<\/b><\/h3>\n<ul>\n<li>\u901a\u8fc7 VNACCS \u7cfb\u7edf\u51c6\u786e\u7533\u62a5\u3002<\/li>\n<li>\u7cfb\u7edf\u81ea\u52a8\u5206\u6d41\uff1a\u7eff\u8272\uff08\u653e\u884c\uff09\u3001\u9ec4\u8272\uff08\u5ba1\u6838\u5355\u8bc1\uff09\u3001\u7ea2\u8272\uff08\u5b9e\u8d27\u67e5\u9a8c\uff09\u3002<\/li>\n<\/ul>\n<h3><b>\u6b65\u9aa4 4: \u7f34\u7eb3\u5173\u7a0e\u4e0e\u8d39\u7528<\/b><\/h3>\n<ul>\n<li>\u8fdb\u53e3\u5173\u7a0e\uff08\u4f9d HS \u7f16\u7801\u53ca\u5b8c\u7a0e\u4ef7\u683c\uff09\u3002<\/li>\n<li>\u589e\u503c\u7a0e (VAT)\u3002<\/li>\n<li>\u7279\u522b\u6d88\u8d39\u7a0e\uff08\u5982\u9002\u7528\uff09\u3002<\/li>\n<li>\u6d77\u5173\u624b\u7eed\u8d39\u3002<\/li>\n<\/ul>\n<h3><b>\u6b65\u9aa4 5: \u5b8c\u6210\u6e05\u5173\u4e0e\u4ea4\u4ed8<\/b><\/h3>\n<ul>\n<li>\u8d8a\u5357\u4e2d\u516c\u53f8\u4ee3\u8868\u5ba2\u6237\u4e0e\u6d77\u5173\u6c9f\u901a\u3002<\/li>\n<li>\u6e05\u5173\u5b8c\u6210\u540e\uff0c\u5c06\u8d27\u7269\u8fd0\u9001\u81f3\u4ed3\u5e93\u6216\u5ba2\u6237\u6307\u5b9a\u5730\u70b9\u3002<\/li>\n<li>\u63d0\u4f9b\u5b8c\u6574\u5355\u8bc1\u3001\u4ea4\u63a5\u5355\u5e76\u534f\u52a9\u5b58\u6863\u4ee5\u4fbf\u540e\u7eed\u68c0\u67e5\u3002<\/li>\n<\/ul>\n<h2><b>3. \u5e38\u89c1\u62a5\u5173\u95ee\u9898<\/b><\/h2>\n<ul>\n<li>HS \u7f16\u7801\u9519\u8bef\uff0c\u5bfc\u81f4\u7a0e\u7387\u9519\u8bef\u6216\u88ab\u8981\u6c42\u91cd\u65b0\u5ba1\u6838\u3002<\/li>\n<li>C\/O \u7f3a\u5931\u6216\u9519\u8bef\uff0c\u4e27\u5931\u7a0e\u6536\u4f18\u60e0\u3002<\/li>\n<li>\u7f3a\u5c11\u4e13\u7ba1\u7c7b\u8bb8\u53ef\uff0c\u8d27\u7269\u957f\u671f\u6ede\u7559\u4ed3\u5e93\u3002<\/li>\n<li>\u4e0d\u719f\u6089\u9ec4\u5355\/\u7ea2\u5355\u8d44\u6599\u51c6\u5907\uff0c\u5bfc\u81f4\u6e05\u5173\u5ef6\u8bef\u3002<\/li>\n<\/ul>\n<h2><b>4. 2025 \u5e74\u62a5\u5173\u653f\u7b56\u66f4\u65b0<\/b><\/h2>\n<ul>\n<li><b>\u81ea\u52a8\u5316\u4e0e\u667a\u6167\u6d77\u5173<\/b>\uff1a\u52a0\u5f3a\u4f01\u4e1a\u4e0e\u6d77\u5173\u53ca\u5404\u90e8\u59d4\u7684\u6570\u636e\u5bf9\u63a5\u3002<\/li>\n<li><b>\u5f3a\u5316\u540e\u7eed\u5ba1\u67e5<\/b>\uff1a\u8981\u6c42\u4f01\u4e1a\u5b8c\u6574\u4fdd\u5b58\u62a5\u5173\u8d44\u6599\u3002<\/li>\n<li><b>\u4e13\u7ba1\u7c7b\u5546\u54c1\u76ee\u5f55\u52a8\u6001\u8c03\u6574<\/b>\u3002<\/li>\n<li><b>\u9f13\u52b1\u4f7f\u7528\u7535\u5b50 C\/O<\/b>\uff1a\u9002\u7528\u4e8e RCEP\u3001CPTPP \u7b49\u81ea\u7531\u8d38\u6613\u534f\u5b9a\uff0c\u4ee5\u4f18\u5316\u7a0e\u6536\u3002<\/li>\n<\/ul>\n<h2><b>5. \u9ad8\u6548\u62a5\u5173\u7ecf\u9a8c\u5206\u4eab<\/b><\/h2>\n<ul>\n<li>\u65b0\u4f01\u4e1a\u5efa\u8bae\u524d 3\u20135 \u7968\u59d4\u6258\u4e13\u4e1a\u62a5\u5173\u670d\u52a1\u3002<\/li>\n<li>\u89c4\u8303\u5185\u90e8\u6d41\u7a0b\uff1a\u8d44\u6599\u6838\u5bf9 \u2013 \u804c\u8d23\u5206\u5de5 \u2013 \u540e\u7eed\u5bf9\u8d26\u3002<\/li>\n<li>\u4e3a\u6bcf\u7c7b\u5546\u54c1\u5efa\u7acb\u6807\u51c6\u5355\u8bc1\u6a21\u677f\u3002<\/li>\n<li>\u5b9a\u671f\u66f4\u65b0\u603b\u7f72\u53d1\u5e03\u7684\u65b0\u653f\u7b56\u3002<\/li>\n<\/ul>\n<h2><b>6. \u8d8a\u5357\u4e2d\u516c\u53f8\u4e00\u7ad9\u5f0f\u62a5\u5173\u670d\u52a1<\/b><\/h2>\n<p><span>\u8d8a\u5357\u4e2d\u516c\u53f8\u4e0d\u4ec5\u4ec5\u662f\u62a5\u5173\u4ee3\u7406\uff0c\u8fd8\u63d0\u4f9b <\/span><b>\u5168\u6d41\u7a0b\u6b63\u89c4\u8fdb\u53e3\u670d\u52a1<\/b><span>\uff0c\u5305\u62ec\uff1a<\/span><\/p>\n<ul>\n<li>\u6cd5\u5f8b\u54a8\u8be2\u4e0e\u4e13\u7ba1\u7c7b\u8bb8\u53ef\u529e\u7406\u3002<\/li>\n<li>\u4e0e\u4e2d\u56fd\u4f9b\u5e94\u5546\u8c08\u5224\u53ca\u5355\u8bc1\u5ba1\u6838\u3002<\/li>\n<li>\u6ce8\u518c\u68c0\u9a8c\u3001\u68c0\u75ab\u4e0e\u5408\u89c4\u3002<\/li>\n<li>\u62a5\u5173\u7533\u62a5\u4e0e\u6e05\u5173\u5904\u7406\u3002<\/li>\n<li>\u914d\u9001\u81f3\u6cb3\u5185\u3001\u5c98\u6e2f\u3001\u80e1\u5fd7\u660e\u4e09\u5730\u3002<\/li>\n<\/ul>\n<h2><b>7. \u4e3a\u4ec0\u4e48\u9009\u62e9\u8d8a\u5357\u4e2d\u516c\u53f8\uff1f<\/b><\/h2>\n<ul>\n<li><b>15+ \u5e74\u4e2d\u8d8a\u7269\u6d41\u7ecf\u9a8c<\/b><\/li>\n<li><b>\u4e13\u4e1a\u6cd5\u5f8b\u4e0e\u62a5\u5173\u56e2\u961f<\/b><\/li>\n<li>\u719f\u6089\u4e2d\u56fd\u8d27\u7269\u7279\u6027\uff0c\u7075\u6d3b\u5904\u7406\u3002<\/li>\n<li>\u5168\u56fd\u4e09\u5730\u81ea\u6709\u4ed3\u50a8\u4e0e\u8fd0\u8f93\u4f53\u7cfb\u3002<\/li>\n<li><b>\u5feb\u901f \u2013 \u51c6\u786e \u2013 \u900f\u660e \u2013 \u8d1f\u8d23<\/b><\/li>\n<\/ul>\n<p>\ud83d\udc49 <a href=\"https:\/\/zalo.me\/197969820382043562\" target=\"_blank\" rel=\"noopener\">\u514d\u8d39\u83b7\u53d6\u6b63\u8d38\u8fdb\u53e3\u54a8\u8be2<\/a><\/p>\n<p><strong>\u8d8a\u5357\u4e2d\u516c\u53f8<\/strong> \u4e13\u6ce8\u63d0\u4f9b\u6dd8\u5b9d\u30011688\u3001\u5929\u732b\u3001\u963f\u91cc\u5df4\u5df4\u4ee3\u8d2d\uff0cZara\u3001H&#038;M\u3001\u674e\u5b81\u7b49\u62a2\u8d2d\u53ca\u4e2d\u8d8a\u8fd0\u8f93\u670d\u52a1\u3002\u5feb\u901f\u3001\u5b89\u5168\u3001\u5b9e\u60e0\u3001\u53ef\u9760\u3002\u6211\u4eec\u81f4\u529b\u4e8e\u63d0\u5347\u670d\u52a1\u8d28\u91cf\uff0c\u6210\u4e3a\u503c\u5f97\u4fe1\u8d56\u7684\u7269\u6d41\u4f01\u4e1a\uff0c\u5e26\u7ed9\u5ba2\u6237\u6700\u5927\u4ef7\u503c\u4e0e\u6ee1\u610f\u3002<\/p>\n<h2><b>\u8054\u7cfb\u8d8a\u5357\u4e2d\u516c\u53f8<\/b><\/h2>\n<p><em>\u5982\u9700\u4e86\u89e3\u66f4\u591a\u4e2d\u8d8a\u8fd0\u8f93\u4fe1\u606f\uff0c\u8bf7\u901a\u8fc7\u4ee5\u4e0b\u65b9\u5f0f\u8054\u7cfb\u6211\u4eec\uff1a<\/em><\/p>\n<p>Email: <a href=\"http:\/\/viettrungcompany2012@gmail.com\/\" target=\"_blank\" rel=\"noopener\">viettrungcompany2012@gmail.com<\/a><br \/>\nWebsite: <a href=\"https:\/\/www.viettrungcompany.com\/\" target=\"_blank\" rel=\"noopener\">www.viettrungcompany.com<\/a><br \/>\nFacebook: <a href=\"https:\/\/www.facebook.com\/viettrungcompany\" target=\"_blank\" rel=\"noopener\">https:\/\/www.facebook.com\/viettrungcompany<\/a><br \/>\nYoutube: <a href=\"https:\/\/www.youtube.com\/@viettrungcompany\" target=\"_blank\" rel=\"noopener\">https:\/\/www.youtube.com\/@viettrungcompany<\/a><br \/>\nTiktok: <a href=\"https:\/\/www.tiktok.com\/@viettrungcompany\" target=\"_blank\" rel=\"noopener\">https:\/\/www.tiktok.com\/@viettrungcompany<\/a><\/p>\n<p><em>\u60a8\u4e5f\u53ef\u4ee5\u8054\u7cfb\u8d8a\u5357\u4e2d\u516c\u53f8\u5728\u4e09\u5730\u7684\u529e\u4e8b\u5904\uff1a<\/em><br \/>\n\u2013 \u6cb3\u5185\u529e\u516c\u5ba4: \u6cb3\u5185\u5e02\u4e49\u90fd\u574a Quan Hoa \u8857 189 \u53f7. \u7535\u8bdd: 0965551166<br \/>\n\u2013 \u5c98\u6e2f\u529e\u516c\u5ba4: \u5c98\u6e2f\u5e02\u6e05\u6eaa\u574a V\u00f5 V\u0103n T\u1ea7n \u8857 66 \u53f7 Savico \u5927\u53a6 2 \u697c. \u7535\u8bdd: 0935131816 \u2013 0967371118<br \/>\n\u2013 \u80e1\u5fd7\u660e\u529e\u516c\u5ba4: \u80e1\u5fd7\u660e\u5e02 B\u1ea3y Hi\u1ec1n \u574a Nguy\u1ec5n Th\u00e1i B\u00ecnh \u8857 264-264A \u53f7. \u7535\u8bdd: 0935086838 \u2013 0962259911<\/p>\n","protected":false},"excerpt":{"rendered":"<p>\u8fdb\u53e3\u6b63\u8d38\u62a5\u5173\u54a8\u8be2\u4e0e\u624b\u7eed\u529e\u7406 \u8d8a\u5357\u4e2d\u516c\u53f8\u63d0<\/p>\n","protected":false},"author":1,"featured_media":0,"parent":38608,"menu_order":0,"comment_status":"closed","ping_status":"closed","template":"","meta":{"footnotes":""},"class_list":["post-38614","page","type-page","status-publish","hentry"],"yoast_head":"<!-- This site is optimized with the Yoast SEO plugin v27.4 - https:\/\/yoast.com\/product\/yoast-seo-wordpress\/ -->\n<title>\u62a5\u5173\u54a8\u8be2\u4e0e\u624b\u7eed\u529e\u7406 - Viet Trung Company<\/title>\n<meta name=\"description\" content=\"D\u1ecbch v\u1ee5 t\u01b0 v\u1ea5n v\u00e0 x\u1eed l\u00fd th\u1ee7 t\u1ee5c h\u1ea3i quan nh\u1eadp kh\u1ea9u ch\u00ednh ng\u1ea1ch c\u1ee7a Vi\u1ec7t Trung Company \u0111\u01b0\u1ee3c x\u00e2y d\u1ef1ng nh\u1eb1m h\u1ed7 tr\u1ee3 c\u00e1 nh\u00e2n, h\u1ed9 kinh doanh v\u00e0 doanh nghi\u1ec7p th\u1ef1c hi\u1ec7n \u0111\u00fang quy tr\u00ecnh ph\u00e1p l\u00fd khi nh\u1eadp h\u00e0ng t\u1eeb n\u01b0\u1edbc ngo\u00e0i v\u1ec1 Vi\u1ec7t Nam, \u0111\u1eb7c bi\u1ec7t l\u00e0 h\u00e0ng h\u00f3a t\u1eeb Trung Qu\u1ed1c.\" \/>\n<meta name=\"robots\" content=\"index, follow, max-snippet:-1, max-image-preview:large, max-video-preview:-1\" \/>\n<link rel=\"canonical\" href=\"https:\/\/viettrungcompany.com\/dich-vu\/nhap-khau-chinh-ngach\/tu-van-xu-ly-thu-tuc-hai-quan\/\" \/>\n<meta property=\"og:locale\" content=\"zh_CN\" \/>\n<meta property=\"og:type\" content=\"article\" \/>\n<meta property=\"og:title\" content=\"\u62a5\u5173\u54a8\u8be2\u4e0e\u624b\u7eed\u529e\u7406 - Viet Trung Company\" \/>\n<meta property=\"og:description\" content=\"D\u1ecbch v\u1ee5 t\u01b0 v\u1ea5n v\u00e0 x\u1eed l\u00fd th\u1ee7 t\u1ee5c h\u1ea3i quan nh\u1eadp kh\u1ea9u ch\u00ednh ng\u1ea1ch c\u1ee7a Vi\u1ec7t Trung Company \u0111\u01b0\u1ee3c x\u00e2y d\u1ef1ng nh\u1eb1m h\u1ed7 tr\u1ee3 c\u00e1 nh\u00e2n, h\u1ed9 kinh doanh v\u00e0 doanh nghi\u1ec7p th\u1ef1c hi\u1ec7n \u0111\u00fang quy tr\u00ecnh ph\u00e1p l\u00fd khi nh\u1eadp h\u00e0ng t\u1eeb n\u01b0\u1edbc ngo\u00e0i v\u1ec1 Vi\u1ec7t Nam, \u0111\u1eb7c bi\u1ec7t l\u00e0 h\u00e0ng h\u00f3a t\u1eeb Trung Qu\u1ed1c.\" \/>\n<meta property=\"og:url\" content=\"https:\/\/viettrungcompany.com\/dich-vu\/nhap-khau-chinh-ngach\/tu-van-xu-ly-thu-tuc-hai-quan\/\" \/>\n<meta property=\"og:site_name\" content=\"Viet Trung Company\" \/>\n<meta property=\"article:modified_time\" content=\"2025-08-20T07:45:57+00:00\" \/>\n<meta property=\"og:image\" content=\"https:\/\/viettrungcompany.com\/wp-content\/uploads\/2025\/08\/1GoeULud1246S3T1DHmYovAF3cPDsDNv.png\" \/>\n<meta name=\"twitter:card\" content=\"summary_large_image\" \/>\n<meta name=\"twitter:label1\" content=\"\u9884\u8ba1\u9605\u8bfb\u65f6\u95f4\" \/>\n\t<meta name=\"twitter:data1\" content=\"2 \u5206\" \/>\n<script type=\"application\/ld+json\" class=\"yoast-schema-graph\">{\"@context\":\"https:\\\/\\\/schema.org\",\"@graph\":[{\"@type\":\"WebPage\",\"@id\":\"https:\\\/\\\/viettrungcompany.com\\\/dich-vu\\\/nhap-khau-chinh-ngach\\\/tu-van-xu-ly-thu-tuc-hai-quan\\\/\",\"url\":\"https:\\\/\\\/viettrungcompany.com\\\/dich-vu\\\/nhap-khau-chinh-ngach\\\/tu-van-xu-ly-thu-tuc-hai-quan\\\/\",\"name\":\"\u62a5\u5173\u54a8\u8be2\u4e0e\u624b\u7eed\u529e\u7406 - Viet Trung Company\",\"isPartOf\":{\"@id\":\"https:\\\/\\\/viettrungcompany.com\\\/#website\"},\"primaryImageOfPage\":{\"@id\":\"https:\\\/\\\/viettrungcompany.com\\\/dich-vu\\\/nhap-khau-chinh-ngach\\\/tu-van-xu-ly-thu-tuc-hai-quan\\\/#primaryimage\"},\"image\":{\"@id\":\"https:\\\/\\\/viettrungcompany.com\\\/dich-vu\\\/nhap-khau-chinh-ngach\\\/tu-van-xu-ly-thu-tuc-hai-quan\\\/#primaryimage\"},\"thumbnailUrl\":\"https:\\\/\\\/viettrungcompany.com\\\/wp-content\\\/uploads\\\/2025\\\/08\\\/1GoeULud1246S3T1DHmYovAF3cPDsDNv.png\",\"datePublished\":\"2025-08-05T14:38:39+00:00\",\"dateModified\":\"2025-08-20T07:45:57+00:00\",\"description\":\"D\u1ecbch v\u1ee5 t\u01b0 v\u1ea5n v\u00e0 x\u1eed l\u00fd th\u1ee7 t\u1ee5c h\u1ea3i quan nh\u1eadp kh\u1ea9u ch\u00ednh ng\u1ea1ch c\u1ee7a Vi\u1ec7t Trung Company \u0111\u01b0\u1ee3c x\u00e2y d\u1ef1ng nh\u1eb1m h\u1ed7 tr\u1ee3 c\u00e1 nh\u00e2n, h\u1ed9 kinh doanh v\u00e0 doanh nghi\u1ec7p th\u1ef1c hi\u1ec7n \u0111\u00fang quy tr\u00ecnh ph\u00e1p l\u00fd khi nh\u1eadp h\u00e0ng t\u1eeb n\u01b0\u1edbc ngo\u00e0i v\u1ec1 Vi\u1ec7t Nam, \u0111\u1eb7c bi\u1ec7t l\u00e0 h\u00e0ng h\u00f3a t\u1eeb Trung Qu\u1ed1c.\",\"breadcrumb\":{\"@id\":\"https:\\\/\\\/viettrungcompany.com\\\/dich-vu\\\/nhap-khau-chinh-ngach\\\/tu-van-xu-ly-thu-tuc-hai-quan\\\/#breadcrumb\"},\"inLanguage\":\"zh-Hans\",\"potentialAction\":[{\"@type\":\"ReadAction\",\"target\":[\"https:\\\/\\\/viettrungcompany.com\\\/dich-vu\\\/nhap-khau-chinh-ngach\\\/tu-van-xu-ly-thu-tuc-hai-quan\\\/\"]}]},{\"@type\":\"ImageObject\",\"inLanguage\":\"zh-Hans\",\"@id\":\"https:\\\/\\\/viettrungcompany.com\\\/dich-vu\\\/nhap-khau-chinh-ngach\\\/tu-van-xu-ly-thu-tuc-hai-quan\\\/#primaryimage\",\"url\":\"https:\\\/\\\/viettrungcompany.com\\\/wp-content\\\/uploads\\\/2025\\\/08\\\/1GoeULud1246S3T1DHmYovAF3cPDsDNv.png\",\"contentUrl\":\"https:\\\/\\\/viettrungcompany.com\\\/wp-content\\\/uploads\\\/2025\\\/08\\\/1GoeULud1246S3T1DHmYovAF3cPDsDNv.png\"},{\"@type\":\"BreadcrumbList\",\"@id\":\"https:\\\/\\\/viettrungcompany.com\\\/dich-vu\\\/nhap-khau-chinh-ngach\\\/tu-van-xu-ly-thu-tuc-hai-quan\\\/#breadcrumb\",\"itemListElement\":[{\"@type\":\"ListItem\",\"position\":1,\"name\":\"Home\",\"item\":\"https:\\\/\\\/viettrungcompany.com\\\/zh-hans\\\/\"},{\"@type\":\"ListItem\",\"position\":2,\"name\":\"\u670d\u52a1\",\"item\":\"https:\\\/\\\/viettrungcompany.com\\\/zh-hans\\\/%e6%9c%8d%e5%8a%a1\\\/\"},{\"@type\":\"ListItem\",\"position\":3,\"name\":\"\u6b63\u89c4\u8fdb\u53e3\",\"item\":\"https:\\\/\\\/viettrungcompany.com\\\/dich-vu\\\/nhap-khau-chinh-ngach\\\/\"},{\"@type\":\"ListItem\",\"position\":4,\"name\":\"\u62a5\u5173\u54a8\u8be2\u4e0e\u624b\u7eed\u529e\u7406\"}]},{\"@type\":\"WebSite\",\"@id\":\"https:\\\/\\\/viettrungcompany.com\\\/#website\",\"url\":\"https:\\\/\\\/viettrungcompany.com\\\/\",\"name\":\"Viet Trung Company\",\"description\":\"\",\"potentialAction\":[{\"@type\":\"SearchAction\",\"target\":{\"@type\":\"EntryPoint\",\"urlTemplate\":\"https:\\\/\\\/viettrungcompany.com\\\/?s={search_term_string}\"},\"query-input\":{\"@type\":\"PropertyValueSpecification\",\"valueRequired\":true,\"valueName\":\"search_term_string\"}}],\"inLanguage\":\"zh-Hans\"}]}<\/script>\n<!-- \/ Yoast SEO plugin. -->","yoast_head_json":{"title":"\u62a5\u5173\u54a8\u8be2\u4e0e\u624b\u7eed\u529e\u7406 - Viet Trung Company","description":"D\u1ecbch v\u1ee5 t\u01b0 v\u1ea5n v\u00e0 x\u1eed l\u00fd th\u1ee7 t\u1ee5c h\u1ea3i quan nh\u1eadp kh\u1ea9u ch\u00ednh ng\u1ea1ch c\u1ee7a Vi\u1ec7t Trung Company \u0111\u01b0\u1ee3c x\u00e2y d\u1ef1ng nh\u1eb1m h\u1ed7 tr\u1ee3 c\u00e1 nh\u00e2n, h\u1ed9 kinh doanh v\u00e0 doanh nghi\u1ec7p th\u1ef1c hi\u1ec7n \u0111\u00fang quy tr\u00ecnh ph\u00e1p l\u00fd khi nh\u1eadp h\u00e0ng t\u1eeb n\u01b0\u1edbc ngo\u00e0i v\u1ec1 Vi\u1ec7t Nam, \u0111\u1eb7c bi\u1ec7t l\u00e0 h\u00e0ng h\u00f3a t\u1eeb Trung Qu\u1ed1c.","robots":{"index":"index","follow":"follow","max-snippet":"max-snippet:-1","max-image-preview":"max-image-preview:large","max-video-preview":"max-video-preview:-1"},"canonical":"https:\/\/viettrungcompany.com\/dich-vu\/nhap-khau-chinh-ngach\/tu-van-xu-ly-thu-tuc-hai-quan\/","og_locale":"zh_CN","og_type":"article","og_title":"\u62a5\u5173\u54a8\u8be2\u4e0e\u624b\u7eed\u529e\u7406 - Viet Trung Company","og_description":"D\u1ecbch v\u1ee5 t\u01b0 v\u1ea5n v\u00e0 x\u1eed l\u00fd th\u1ee7 t\u1ee5c h\u1ea3i quan nh\u1eadp kh\u1ea9u ch\u00ednh ng\u1ea1ch c\u1ee7a Vi\u1ec7t Trung Company \u0111\u01b0\u1ee3c x\u00e2y d\u1ef1ng nh\u1eb1m h\u1ed7 tr\u1ee3 c\u00e1 nh\u00e2n, h\u1ed9 kinh doanh v\u00e0 doanh nghi\u1ec7p th\u1ef1c hi\u1ec7n \u0111\u00fang quy tr\u00ecnh ph\u00e1p l\u00fd khi nh\u1eadp h\u00e0ng t\u1eeb n\u01b0\u1edbc ngo\u00e0i v\u1ec1 Vi\u1ec7t Nam, \u0111\u1eb7c bi\u1ec7t l\u00e0 h\u00e0ng h\u00f3a t\u1eeb Trung Qu\u1ed1c.","og_url":"https:\/\/viettrungcompany.com\/dich-vu\/nhap-khau-chinh-ngach\/tu-van-xu-ly-thu-tuc-hai-quan\/","og_site_name":"Viet Trung Company","article_modified_time":"2025-08-20T07:45:57+00:00","og_image":[{"url":"https:\/\/viettrungcompany.com\/wp-content\/uploads\/2025\/08\/1GoeULud1246S3T1DHmYovAF3cPDsDNv.png","type":"","width":"","height":""}],"twitter_card":"summary_large_image","twitter_misc":{"\u9884\u8ba1\u9605\u8bfb\u65f6\u95f4":"2 \u5206"},"schema":{"@context":"https:\/\/schema.org","@graph":[{"@type":"WebPage","@id":"https:\/\/viettrungcompany.com\/dich-vu\/nhap-khau-chinh-ngach\/tu-van-xu-ly-thu-tuc-hai-quan\/","url":"https:\/\/viettrungcompany.com\/dich-vu\/nhap-khau-chinh-ngach\/tu-van-xu-ly-thu-tuc-hai-quan\/","name":"\u62a5\u5173\u54a8\u8be2\u4e0e\u624b\u7eed\u529e\u7406 - Viet Trung Company","isPartOf":{"@id":"https:\/\/viettrungcompany.com\/#website"},"primaryImageOfPage":{"@id":"https:\/\/viettrungcompany.com\/dich-vu\/nhap-khau-chinh-ngach\/tu-van-xu-ly-thu-tuc-hai-quan\/#primaryimage"},"image":{"@id":"https:\/\/viettrungcompany.com\/dich-vu\/nhap-khau-chinh-ngach\/tu-van-xu-ly-thu-tuc-hai-quan\/#primaryimage"},"thumbnailUrl":"https:\/\/viettrungcompany.com\/wp-content\/uploads\/2025\/08\/1GoeULud1246S3T1DHmYovAF3cPDsDNv.png","datePublished":"2025-08-05T14:38:39+00:00","dateModified":"2025-08-20T07:45:57+00:00","description":"D\u1ecbch v\u1ee5 t\u01b0 v\u1ea5n v\u00e0 x\u1eed l\u00fd th\u1ee7 t\u1ee5c h\u1ea3i quan nh\u1eadp kh\u1ea9u ch\u00ednh ng\u1ea1ch c\u1ee7a Vi\u1ec7t Trung Company \u0111\u01b0\u1ee3c x\u00e2y d\u1ef1ng nh\u1eb1m h\u1ed7 tr\u1ee3 c\u00e1 nh\u00e2n, h\u1ed9 kinh doanh v\u00e0 doanh nghi\u1ec7p th\u1ef1c hi\u1ec7n \u0111\u00fang quy tr\u00ecnh ph\u00e1p l\u00fd khi nh\u1eadp h\u00e0ng t\u1eeb n\u01b0\u1edbc ngo\u00e0i v\u1ec1 Vi\u1ec7t Nam, \u0111\u1eb7c bi\u1ec7t l\u00e0 h\u00e0ng h\u00f3a t\u1eeb Trung Qu\u1ed1c.","breadcrumb":{"@id":"https:\/\/viettrungcompany.com\/dich-vu\/nhap-khau-chinh-ngach\/tu-van-xu-ly-thu-tuc-hai-quan\/#breadcrumb"},"inLanguage":"zh-Hans","potentialAction":[{"@type":"ReadAction","target":["https:\/\/viettrungcompany.com\/dich-vu\/nhap-khau-chinh-ngach\/tu-van-xu-ly-thu-tuc-hai-quan\/"]}]},{"@type":"ImageObject","inLanguage":"zh-Hans","@id":"https:\/\/viettrungcompany.com\/dich-vu\/nhap-khau-chinh-ngach\/tu-van-xu-ly-thu-tuc-hai-quan\/#primaryimage","url":"https:\/\/viettrungcompany.com\/wp-content\/uploads\/2025\/08\/1GoeULud1246S3T1DHmYovAF3cPDsDNv.png","contentUrl":"https:\/\/viettrungcompany.com\/wp-content\/uploads\/2025\/08\/1GoeULud1246S3T1DHmYovAF3cPDsDNv.png"},{"@type":"BreadcrumbList","@id":"https:\/\/viettrungcompany.com\/dich-vu\/nhap-khau-chinh-ngach\/tu-van-xu-ly-thu-tuc-hai-quan\/#breadcrumb","itemListElement":[{"@type":"ListItem","position":1,"name":"Home","item":"https:\/\/viettrungcompany.com\/zh-hans\/"},{"@type":"ListItem","position":2,"name":"\u670d\u52a1","item":"https:\/\/viettrungcompany.com\/zh-hans\/%e6%9c%8d%e5%8a%a1\/"},{"@type":"ListItem","position":3,"name":"\u6b63\u89c4\u8fdb\u53e3","item":"https:\/\/viettrungcompany.com\/dich-vu\/nhap-khau-chinh-ngach\/"},{"@type":"ListItem","position":4,"name":"\u62a5\u5173\u54a8\u8be2\u4e0e\u624b\u7eed\u529e\u7406"}]},{"@type":"WebSite","@id":"https:\/\/viettrungcompany.com\/#website","url":"https:\/\/viettrungcompany.com\/","name":"Viet Trung Company","description":"","potentialAction":[{"@type":"SearchAction","target":{"@type":"EntryPoint","urlTemplate":"https:\/\/viettrungcompany.com\/?s={search_term_string}"},"query-input":{"@type":"PropertyValueSpecification","valueRequired":true,"valueName":"search_term_string"}}],"inLanguage":"zh-Hans"}]}},"_links":{"self":[{"href":"https:\/\/viettrungcompany.com\/zh-hans\/wp-json\/wp\/v2\/pages\/38614","targetHints":{"allow":["GET"]}}],"collection":[{"href":"https:\/\/viettrungcompany.com\/zh-hans\/wp-json\/wp\/v2\/pages"}],"about":[{"href":"https:\/\/viettrungcompany.com\/zh-hans\/wp-json\/wp\/v2\/types\/page"}],"author":[{"embeddable":true,"href":"https:\/\/viettrungcompany.com\/zh-hans\/wp-json\/wp\/v2\/users\/1"}],"replies":[{"embeddable":true,"href":"https:\/\/viettrungcompany.com\/zh-hans\/wp-json\/wp\/v2\/comments?post=38614"}],"version-history":[{"count":1,"href":"https:\/\/viettrungcompany.com\/zh-hans\/wp-json\/wp\/v2\/pages\/38614\/revisions"}],"predecessor-version":[{"id":39335,"href":"https:\/\/viettrungcompany.com\/zh-hans\/wp-json\/wp\/v2\/pages\/38614\/revisions\/39335"}],"up":[{"embeddable":true,"href":"https:\/\/viettrungcompany.com\/zh-hans\/wp-json\/wp\/v2\/pages\/38608"}],"wp:attachment":[{"href":"https:\/\/viettrungcompany.com\/zh-hans\/wp-json\/wp\/v2\/media?parent=38614"}],"curies":[{"name":"wp","href":"https:\/\/api.w.org\/{rel}","templated":true}]}}