{"id":38618,"date":"2025-08-05T21:34:52","date_gmt":"2025-08-05T14:34:52","guid":{"rendered":"https:\/\/viettrungcompany.com\/dich-vu\/nhap-khau-chinh-ngach\/uy-thac-xuat-nhap-khau\/"},"modified":"2025-08-20T14:35:20","modified_gmt":"2025-08-20T07:35:20","slug":"%e8%bf%9b%e5%87%ba%e5%8f%a3%e4%bb%a3%e7%90%86","status":"publish","type":"page","link":"https:\/\/viettrungcompany.com\/zh-hans\/%e6%9c%8d%e5%8a%a1\/%e6%ad%a3%e8%a7%84%e8%bf%9b%e5%8f%a3\/%e8%bf%9b%e5%87%ba%e5%8f%a3%e4%bb%a3%e7%90%86\/","title":{"rendered":"\u8fdb\u51fa\u53e3\u4ee3\u7406"},"content":{"rendered":"<h1 style=\"text-align: center;\"><b>\u8d8a\u5357\u4e2d\u8d8a\u516c\u53f8\u4e00\u7ad9\u5f0f\u8fdb\u53e3\u4ee3\u7406\u670d\u52a1<\/b><\/h1>\n<h2><b>1. \u4ec0\u4e48\u662f\u8fdb\u53e3\u4ee3\u7406\uff1f<\/b><\/h2>\n<p><span style=\"font-weight: 400;\">\u8fdb\u53e3\u4ee3\u7406\u662f\u6307\u4f01\u4e1a\u6216\u4e2a\u4eba\u5c06<strong>\u8fdb\u53e3\u4e1a\u52a1\u59d4\u6258<\/strong>\u7ed9\u4e13\u4e1a\u670d\u52a1\u516c\u53f8\uff08\u5982 <b>\u8d8a\u5357\u4e2d\u8d8a\u516c\u53f8<\/b>\uff09\uff0c\u7531\u5176\u4ee3\u7406\u5b8c\u6210\u4ece\u7b7e\u8ba2\u5916\u8d38\u5408\u540c\u3001\u56fd\u9645\u652f\u4ed8\u3001\u6d77\u5173\u6e05\u5173\u5230\u8fd0\u8f93\u4ea4\u4ed8\u7684\u6574\u4e2a\u6d41\u7a0b\u3002\u8fd9\u79cd\u65b9\u5f0f\u80fd\u591f\u8282\u7701\u65f6\u95f4\u548c\u6210\u672c\uff0c\u964d\u4f4e\u56fd\u9645\u8d38\u6613\u8fc7\u7a0b\u4e2d\u7684\u98ce\u9669\u3002<\/span><\/p>\n<p><img loading=\"lazy\" decoding=\"async\" class=\"aligncenter\" title=\"\u4ec0\u4e48\u662f\u8fdb\u53e3\u4ee3\u7406\uff1f\" src=\"https:\/\/viettrungcompany.com\/wp-content\/uploads\/2025\/08\/unnamed-6.png\" alt=\"\u4ec0\u4e48\u662f\u8fdb\u53e3\u4ee3\u7406\uff1f\" width=\"940\" height=\"788\" \/><\/p>\n<p><span style=\"font-weight: 400;\">\u65e0\u9700\u6cd5\u4eba\u8d44\u683c\uff0c\u4e5f\u65e0\u9700\u4e13\u4e1a\u7ecf\u9a8c\uff0c\u5ba2\u6237\u53ea\u9700\u4e13\u6ce8\u4e8e\u6838\u5fc3\u4e1a\u52a1\uff0c\u5176\u4f59\u624b\u7eed\u5747\u7531\u8d8a\u5357\u4e2d\u8d8a\u516c\u53f8\u5168\u6743\u5904\u7406\u3002<\/span><\/p>\n<h2><b>2. \u4e3a\u4ec0\u4e48\u9700\u8981\u8fdb\u53e3\u4ee3\u7406\u670d\u52a1\uff1f<\/b><\/h2>\n<p><span style=\"font-weight: 400;\">\u56fd\u9645\u8d38\u6613\u4e2d\u7684\u8fdb\u53e3\u6d41\u7a0b\u6d89\u53ca\u6cd5\u5f8b\u6cd5\u89c4\u3001\u6d77\u5173\u6d41\u7a0b\u53ca\u5355\u8bc1\u5904\u7406\uff0c\u82e5\u7f3a\u4e4f\u7ecf\u9a8c\uff0c\u6781\u6613\u51fa\u73b0\u95ee\u9898\uff0c\u4f8b\u5982\uff1a<\/span><\/p>\n<h3><b>\u5e38\u89c1\u9519\u8bef\uff1a<\/b><\/h3>\n<ul>\n<li><b>\u7f3a\u4e4f\u6cd5\u4eba\u8d44\u683c<\/b> \u5374\u64c5\u81ea\u7b7e\u8ba2\u5408\u540c\uff0c\u5bfc\u81f4\u8d27\u7269\u65e0\u6cd5\u6e05\u5173\u3002<\/li>\n<li><b>\u5355\u8bc1\u7f3a\u5931\u6216\u9519\u8bef<\/b>\uff1a\u53d1\u7968\u3001\u88c5\u7bb1\u5355\u3001\u63d0\u5355\u3001\u539f\u4ea7\u5730\u8bc1\u3001\u8fdb\u53e3\u8bb8\u53ef\u8bc1\u7b49\u3002<\/li>\n<li><b>\u4e0d\u4e86\u89e3\u6e05\u5173\u6d41\u7a0b<\/b>\uff1a\u5f15\u53d1\u5ef6\u8bef\u53ca\u4ed3\u50a8\u3001\u6ede\u7bb1\u8d39\u7528\u3002<\/li>\n<li><b>\u672a\u8bc4\u4f30\u8fd0\u8f93\u6210\u672c\u4e0e\u65f6\u95f4<\/b>\uff1a\u5f71\u54cd\u8d44\u91d1\u6d41\u548c\u8ba1\u5212\u3002<\/li>\n<li><b>\u4f9b\u5e94\u5546\u7ba1\u7406\u4e0d\u4e25<\/b>\uff1a\u5bfc\u81f4\u5355\u8bc1\u9519\u8bef\u3001HS\u7f16\u7801\u4e0d\u7b26\u3001\u8d27\u7269\u5ef6\u8bef\u3002<\/li>\n<li><b>\u7f3a\u4e4f\u5e94\u6025\u65b9\u6848<\/b>\uff1a\u5982\u88ab\u67e5\u9a8c\u3001\u7f3a\u8bc1\u3001\u8231\u5355\u8c03\u6574\u7b49\u3002<\/li>\n<\/ul>\n<p>\ud83d\udc49 <b>\u8d8a\u5357\u4e2d\u8d8a\u516c\u53f8\u7684\u8fdb\u51fa\u53e3\u4ee3\u7406\u670d\u52a1<\/b> \u5e2e\u52a9\u5ba2\u6237\u907f\u514d\u4ee5\u4e0a\u6240\u6709\u98ce\u9669\u3002  <\/p>\n<h2><b>3. \u8c01\u9700\u8981\u8fdb\u53e3\u4ee3\u7406\u670d\u52a1\uff1f<\/b><\/h2>\n<ul>\n<li><b>\u4e2a\u4f53\u5de5\u5546\u6237\/\u4e2a\u4eba<\/b> \u65e0\u6cd5\u4eba\u8d44\u683c\u3002<\/li>\n<li><b>\u65b0\u6210\u7acb\u4f01\u4e1a<\/b> \u5c1a\u65e0\u4e13\u95e8\u5916\u8d38\u90e8\u95e8\u3002<\/li>\n<li><b>\u6d89\u53ca\u4e13\u4e1a\u68c0\u6d4b\u7684\u516c\u53f8<\/b>\uff1a\u5316\u5986\u54c1\u3001\u98df\u54c1\u3001\u7535\u5b50\u8bbe\u5907\u3001\u533b\u7597\u5668\u68b0\u7b49\u3002<\/li>\n<li><b>\u5e0c\u671b\u8282\u7701\u6210\u672c\u7684\u4f01\u4e1a<\/b>\uff1a\u65e0\u9700\u81ea\u5efa\u8fdb\u51fa\u53e3\u90e8\u95e8\u3002<\/li>\n<li><b>\u5c0f\u989d\u8d38\u6613\u5546<\/b>\uff1a\u4ece\u4e2d\u56fd\u91c7\u8d2d\uff0c\u4f46\u9700\u6b63\u89c4\u5316\u5355\u8bc1\u3002<\/li>\n<\/ul>\n<h2><b>4. \u8d8a\u5357\u4e2d\u8d8a\u516c\u53f8\u8fdb\u51fa\u53e3\u4ee3\u7406\u6d41\u7a0b<\/b><\/h2>\n<p><img loading=\"lazy\" decoding=\"async\" class=\"aligncenter\" title=\"\u8fdb\u51fa\u53e3\u4ee3\u7406\u6d41\u7a0b\" src=\"https:\/\/viettrungcompany.com\/wp-content\/uploads\/2025\/08\/unnamed-7.png\" alt=\"\u8fdb\u51fa\u53e3\u4ee3\u7406\u6d41\u7a0b\" width=\"940\" height=\"788\" \/><\/p>\n<h3><b>\u6b65\u9aa41\uff1a\u63a5\u6536\u8d27\u7269\u4fe1\u606f<\/b><\/h3>\n<p>\u5ba2\u6237\u63d0\u4f9b\uff1a\u8d27\u7269\u7c7b\u578b\u3001\u4ea7\u5730\u3001\u6570\u91cf\u3001\u4ea4\u8d27\u6761\u4ef6\u3001\u4f9b\u5e94\u5546\u4fe1\u606f\u3002 \u2192 \u4e2d\u8d8a\u516c\u53f8\u63d0\u4f9b\u521d\u6b65\u54a8\u8be2\uff08\u624b\u7eed\u3001\u6240\u9700\u5355\u8bc1\u3001\u5173\u7a0e\u4e0e\u9884\u8ba1\u8d39\u7528\uff09\u3002  <\/p>\n<h3><b>\u6b65\u9aa42\uff1a\u7b7e\u8ba2\u4ee3\u7406\u5408\u540c<\/b><\/h3>\n<p>\u53cc\u65b9\u660e\u786e\uff1a\u5de5\u4f5c\u8303\u56f4\u3001\u6743\u8d23\u3001\u8d39\u7528\u900f\u660e\u3002\u5408\u540c\u4fdd\u969c\u4ea4\u6613\u5408\u6cd5\u5408\u89c4\u3002  <\/p>\n<h3><b>\u6b65\u9aa43\uff1a\u56fd\u9645\u652f\u4ed8<\/b><\/h3>\n<p>\u4e2d\u8d8a\u516c\u53f8\u4ee5\u81ea\u8eab\u540d\u4e49\u4ee3\u5ba2\u6237\u5411\u56fd\u5916\u4f9b\u5e94\u5546\u4ed8\u6b3e\uff0c\u9075\u5faa\u94f6\u884c\u6cd5\u89c4\u4e0e\u6c47\u7387\u6807\u51c6\u3002  <\/p>\n<h3><b>\u6b65\u9aa44\uff1a\u529e\u7406\u8fdb\u51fa\u53e3\u624b\u7eed<\/b><\/h3>\n<p>&#8211; \u63a5\u6536\u5e76\u5ba1\u6838\u4f9b\u5e94\u5546\u5355\u8bc1<br \/>\n&#8211; \u51c6\u5907\u8fdb\u51fa\u53e3\u62a5\u5173\u8d44\u6599<br \/>\n&#8211; \u7533\u8bf7\u4e13\u9879\u8bb8\u53ef\u8bc1\uff08\u5982\u9700\uff09<br \/>\n&#8211; \u62a5\u5173\u3001\u67e5\u9a8c\u53ca\u5f02\u5e38\u5904\u7406<br \/>\n&#8211; \u8ffd\u8e2a\u8d27\u7269\u81f3\u8d8a\u5357\u4ed3\u5e93\/\u6e2f\u53e3  <\/p>\n<h3><b>\u6b65\u9aa45\uff1a\u4ea4\u4ed8\u8d27\u7269\u5e76\u5f00\u5177\u589e\u503c\u7a0e\u53d1\u7968<\/b><\/h3>\n<p>&#8211; \u6e05\u5173\u5b8c\u6210\u540e\u4ea4\u4ed8\u8d27\u7269\u81f3\u5ba2\u6237\u4ed3\u5e93\/\u7ea6\u5b9a\u5730\u70b9<br \/>\n&#8211; \u63d0\u4f9b\u5408\u6cd5\u589e\u503c\u7a0e\u53d1\u7968  <\/p>\n<h2><b>5. \u4f7f\u7528\u8fdb\u53e3\u4ee3\u7406\u670d\u52a1\u7684\u4f18\u52bf<\/b><\/h2>\n<ul>\n<li><b>\u65e0\u9700\u6cd5\u4eba\u8d44\u683c<\/b> \u5373\u53ef\u5b9e\u73b0\u6b63\u89c4\u8fdb\u53e3\u3002<\/li>\n<li><b>\u8282\u7701\u8fd0\u8425\u6210\u672c<\/b>\uff0c\u65e0\u9700\u96c7\u4f63\u4e13\u804c\u5916\u8d38\u4eba\u5458\u3002<\/li>\n<li><b>\u907f\u514d\u6cd5\u5f8b\u98ce\u9669<\/b>\uff0c\u7b26\u5408\u6d77\u5173\u89c4\u5b9a\u3002<\/li>\n<li><b>\u786e\u4fdd\u8fdb\u5ea6<\/b>\uff0c\u6d41\u7a0b\u6807\u51c6\u5316\u3001\u4e13\u4e1a\u5316\u3002<\/li>\n<li><b>\u8d39\u7528\u900f\u660e<\/b>\uff0c\u62a5\u4ef7\u6e05\u6670\u3002<\/li>\n<li><b>\u514d\u8d39\u54a8\u8be2<\/b> HS\u7f16\u7801\u3001\u5173\u7a0e\u3001\u5355\u8bc1\u8981\u6c42\u3002<\/li>\n<li><b>\u589e\u503c\u7a0e\u53d1\u7968<\/b> \u5408\u6cd5\u5408\u89c4\uff0c\u65b9\u4fbf\u4f1a\u8ba1\u4e0e\u62b5\u6263\u3002<\/li>\n<\/ul>\n<p><img loading=\"lazy\" decoding=\"async\" class=\"aligncenter\" title=\"\u8fdb\u51fa\u53e3\u4ee3\u7406\" src=\"https:\/\/viettrungcompany.com\/wp-content\/uploads\/2025\/08\/unnamed.jpg\" alt=\"\u8fdb\u51fa\u53e3\u4ee3\u7406\" width=\"940\" height=\"788\" \/><\/p>\n<h2><b>6. \u4f7f\u7528\u8fdb\u53e3\u4ee3\u7406\u670d\u52a1\u7684\u6ce8\u610f\u4e8b\u9879<\/b><\/h2>\n<ul>\n<li>\u63d0\u4f9b\u5b8c\u6574\u51c6\u786e\u7684\u8d27\u7269\u53ca\u4f9b\u5e94\u5546\u4fe1\u606f\u3002<\/li>\n<li>\u660e\u786e\u4ea4\u8d27\u671f\u53ca Incoterms \u6761\u6b3e\u3002<\/li>\n<li>\u786e\u8ba4\u6240\u9700\u5355\u8bc1\uff08C\/O\u3001CQ\u3001\u68c0\u6d4b\u62a5\u544a\u7b49\uff09\u3002<\/li>\n<li>\u4ed8\u6b3e\u524d\u4ed4\u7ec6\u6838\u5bf9\u5355\u8bc1\uff0c\u907f\u514d\u5dee\u9519\u3002<\/li>\n<li>\u660e\u786e\u5408\u540c\u53ca\u5de5\u4f5c\u8303\u56f4\u3002<\/li>\n<\/ul>\n<h2><b>7. \u4e3a\u4ec0\u4e48\u9009\u62e9\u8d8a\u5357\u4e2d\u8d8a\u516c\u53f8\uff1f<\/b><\/h2>\n<ul>\n<li>15\u5e74\u4ee5\u4e0a\u4e2d\u8d8a\u8d38\u6613\u7ecf\u9a8c\u3002<\/li>\n<li>\u4e13\u6ce8\u670d\u52a1\u4e2a\u4f53\u6237\u3001\u5c0f\u5fae\u4f01\u4e1a\u3002<\/li>\n<li>\u900f\u660e\u6d41\u7a0b\u4e0e\u5408\u540c\u4fdd\u969c\u3002<\/li>\n<li>\u4e13\u4e1a\u56e2\u961f\uff0c\u53ca\u65f6\u66f4\u65b0\u653f\u7b56\u3002<\/li>\n<li>\u4e2d\u8d8a\u4e24\u5730\u81ea\u6709\u4ed3\u50a8\u4e0e\u8fd0\u8f93\u7cfb\u7edf\u3002<\/li>\n<li>\u5168\u7a0b\u4e00\u7ad9\u5f0f\u670d\u52a1\uff0c\u5feb\u901f\u89e3\u51b3\u95ee\u9898\u3002<\/li>\n<\/ul>\n<p>\ud83d\udc49 <a href=\"https:\/\/zalo.me\/197969820382043562\" target=\"_blank\" rel=\"noopener\">\u7acb\u5373\u83b7\u53d6\u6b63\u89c4\u8fdb\u53e3\u514d\u8d39\u54a8\u8be2<\/a>  <\/p>\n<p><strong>\u8d8a\u5357\u4e2d\u8d8a\u516c\u53f8<\/strong> \u4e13\u4e1a\u63d0\u4f9b Taobao\u30011688\u3001Tmall\u3001Alibaba\u3001\u95f2\u9c7c\u4ee3\u8d2d\uff0c\u4ee5\u53ca\u4e2d\u8d8a\u8de8\u5883\u8fd0\u8f93\u670d\u52a1\u3002\u6211\u4eec\u59cb\u7ec8\u4ee5\u5feb\u901f\u3001\u5b89\u5168\u3001\u5408\u7406\u7684\u4ef7\u683c\u670d\u52a1\u5ba2\u6237\uff0c\u81f4\u529b\u4e8e\u6210\u4e3a\u6700\u503c\u5f97\u4fe1\u8d56\u7684\u8fdb\u51fa\u53e3\u4ee3\u7406\u4f01\u4e1a\u3002  <\/p>\n<h2><b>\u8054\u7cfb\u8d8a\u5357\u4e2d\u8d8a\u516c\u53f8<\/b><\/h2>\n<p>Email: <a href=\"mailto:viettrungcompany2012@gmail.com\">viettrungcompany2012@gmail.com<\/a><br \/>\nWebsite: <a href=\"https:\/\/www.viettrungcompany.com\/\" target=\"_blank\">www.viettrungcompany.com<\/a><br \/>\nFacebook: <a href=\"https:\/\/www.facebook.com\/viettrungcompany\" target=\"_blank\">https:\/\/www.facebook.com\/viettrungcompany<\/a><br \/>\nYoutube: <a href=\"https:\/\/www.youtube.com\/@viettrungcompany\" target=\"_blank\">https:\/\/www.youtube.com\/@viettrungcompany<\/a><br \/>\nTiktok: <a href=\"https:\/\/www.tiktok.com\/@viettrungcompany\" target=\"_blank\">https:\/\/www.tiktok.com\/@viettrungcompany<\/a>  <\/p>\n<p>\u529e\u516c\u5730\u5740\uff1a<br \/>\n\u2013 \u6cb3\u5185\uff1a\u4e49\u90fd\u574a\u5bbd\u548c\u8857189\u53f7\uff0c\u7535\u8bdd: 0965551166<br \/>\n\u2013 \u5c98\u6e2f\uff1a\u6e05\u6eaa\u574a\u6b66\u6587\u5766\u885766\u53f7 Savico \u5927\u53a62\u697c\uff0c\u7535\u8bdd: 0935131816 \u2013 0967371118<br \/>\n\u2013 \u80e1\u5fd7\u660e\u5e02\uff1a\u4e03\u8d24\u574a\u962e\u592a\u5e73\u8857264-264A\u53f7\uff0c\u7535\u8bdd: 0935086838 \u2013 0962259911  <\/p>\n","protected":false},"excerpt":{"rendered":"<p>\u8d8a\u5357\u4e2d\u8d8a\u516c\u53f8\u4e00\u7ad9\u5f0f\u8fdb\u53e3\u4ee3\u7406\u670d\u52a1 1. \u4ec0<\/p>\n","protected":false},"author":1,"featured_media":0,"parent":38608,"menu_order":0,"comment_status":"closed","ping_status":"closed","template":"","meta":{"footnotes":""},"class_list":["post-38618","page","type-page","status-publish","hentry"],"yoast_head":"<!-- This site is optimized with the Yoast SEO plugin v27.4 - https:\/\/yoast.com\/product\/yoast-seo-wordpress\/ -->\n<title>\u8fdb\u51fa\u53e3\u4ee3\u7406 - Viet Trung Company<\/title>\n<meta name=\"description\" content=\"\u1ee6y th\u00e1c nh\u1eadp kh\u1ea9u l\u00e0 h\u00ecnh th\u1ee9c m\u1ed9t doanh nghi\u1ec7p ho\u1eb7c c\u00e1 nh\u00e2n \u1ee7y quy\u1ec1n cho \u0111\u01a1n v\u1ecb d\u1ecbch v\u1ee5 nh\u01b0 Vi\u1ec7t Trung Company thay m\u1eb7t th\u1ef1c hi\u1ec7n to\u00e0n b\u1ed9 quy tr\u00ecnh nh\u1eadp kh\u1ea9u h\u00e0ng h\u00f3a: t\u1eeb k\u00fd k\u1ebft h\u1ee3p \u0111\u1ed3ng ngo\u1ea1i th\u01b0\u01a1ng, thanh to\u00e1n qu\u1ed1c t\u1ebf, l\u00e0m th\u1ee7 t\u1ee5c h\u1ea3i quan \u0111\u1ebfn v\u1eadn chuy\u1ec3n h\u00e0ng v\u1ec1 kho. \u0110\u00e2y l\u00e0 h\u00ecnh th\u1ee9c gi\u00fap ti\u1ebft ki\u1ec7m th\u1eddi gian, chi ph\u00ed v\u00e0 gi\u1ea3m thi\u1ec3u r\u1ee7i ro trong qu\u00e1 tr\u00ecnh giao th\u01b0\u01a1ng qu\u1ed1c t\u1ebf.\" \/>\n<meta name=\"robots\" content=\"index, follow, max-snippet:-1, max-image-preview:large, max-video-preview:-1\" \/>\n<link rel=\"canonical\" href=\"https:\/\/viettrungcompany.com\/dich-vu\/nhap-khau-chinh-ngach\/uy-thac-xuat-nhap-khau\/\" \/>\n<meta property=\"og:locale\" content=\"zh_CN\" \/>\n<meta property=\"og:type\" content=\"article\" \/>\n<meta property=\"og:title\" content=\"\u8fdb\u51fa\u53e3\u4ee3\u7406 - Viet Trung Company\" \/>\n<meta property=\"og:description\" content=\"\u1ee6y th\u00e1c nh\u1eadp kh\u1ea9u l\u00e0 h\u00ecnh th\u1ee9c m\u1ed9t doanh nghi\u1ec7p ho\u1eb7c c\u00e1 nh\u00e2n \u1ee7y quy\u1ec1n cho \u0111\u01a1n v\u1ecb d\u1ecbch v\u1ee5 nh\u01b0 Vi\u1ec7t Trung Company thay m\u1eb7t th\u1ef1c hi\u1ec7n to\u00e0n b\u1ed9 quy tr\u00ecnh nh\u1eadp kh\u1ea9u h\u00e0ng h\u00f3a: t\u1eeb k\u00fd k\u1ebft h\u1ee3p \u0111\u1ed3ng ngo\u1ea1i th\u01b0\u01a1ng, thanh to\u00e1n qu\u1ed1c t\u1ebf, l\u00e0m th\u1ee7 t\u1ee5c h\u1ea3i quan \u0111\u1ebfn v\u1eadn chuy\u1ec3n h\u00e0ng v\u1ec1 kho. \u0110\u00e2y l\u00e0 h\u00ecnh th\u1ee9c gi\u00fap ti\u1ebft ki\u1ec7m th\u1eddi gian, chi ph\u00ed v\u00e0 gi\u1ea3m thi\u1ec3u r\u1ee7i ro trong qu\u00e1 tr\u00ecnh giao th\u01b0\u01a1ng qu\u1ed1c t\u1ebf.\" \/>\n<meta property=\"og:url\" content=\"https:\/\/viettrungcompany.com\/dich-vu\/nhap-khau-chinh-ngach\/uy-thac-xuat-nhap-khau\/\" \/>\n<meta property=\"og:site_name\" content=\"Viet Trung Company\" \/>\n<meta property=\"article:modified_time\" content=\"2025-08-20T07:35:20+00:00\" \/>\n<meta property=\"og:image\" content=\"https:\/\/viettrungcompany.com\/wp-content\/uploads\/2025\/08\/unnamed-6.png\" \/>\n<meta name=\"twitter:card\" content=\"summary_large_image\" \/>\n<meta name=\"twitter:label1\" content=\"\u9884\u8ba1\u9605\u8bfb\u65f6\u95f4\" \/>\n\t<meta name=\"twitter:data1\" content=\"7 \u5206\" \/>\n<script type=\"application\/ld+json\" class=\"yoast-schema-graph\">{\"@context\":\"https:\\\/\\\/schema.org\",\"@graph\":[{\"@type\":\"WebPage\",\"@id\":\"https:\\\/\\\/viettrungcompany.com\\\/dich-vu\\\/nhap-khau-chinh-ngach\\\/uy-thac-xuat-nhap-khau\\\/\",\"url\":\"https:\\\/\\\/viettrungcompany.com\\\/dich-vu\\\/nhap-khau-chinh-ngach\\\/uy-thac-xuat-nhap-khau\\\/\",\"name\":\"\u8fdb\u51fa\u53e3\u4ee3\u7406 - Viet Trung Company\",\"isPartOf\":{\"@id\":\"https:\\\/\\\/viettrungcompany.com\\\/#website\"},\"primaryImageOfPage\":{\"@id\":\"https:\\\/\\\/viettrungcompany.com\\\/dich-vu\\\/nhap-khau-chinh-ngach\\\/uy-thac-xuat-nhap-khau\\\/#primaryimage\"},\"image\":{\"@id\":\"https:\\\/\\\/viettrungcompany.com\\\/dich-vu\\\/nhap-khau-chinh-ngach\\\/uy-thac-xuat-nhap-khau\\\/#primaryimage\"},\"thumbnailUrl\":\"https:\\\/\\\/viettrungcompany.com\\\/wp-content\\\/uploads\\\/2025\\\/08\\\/unnamed-6.png\",\"datePublished\":\"2025-08-05T14:34:52+00:00\",\"dateModified\":\"2025-08-20T07:35:20+00:00\",\"description\":\"\u1ee6y th\u00e1c nh\u1eadp kh\u1ea9u l\u00e0 h\u00ecnh th\u1ee9c m\u1ed9t doanh nghi\u1ec7p ho\u1eb7c c\u00e1 nh\u00e2n \u1ee7y quy\u1ec1n cho \u0111\u01a1n v\u1ecb d\u1ecbch v\u1ee5 nh\u01b0 Vi\u1ec7t Trung Company thay m\u1eb7t th\u1ef1c hi\u1ec7n to\u00e0n b\u1ed9 quy tr\u00ecnh nh\u1eadp kh\u1ea9u h\u00e0ng h\u00f3a: t\u1eeb k\u00fd k\u1ebft h\u1ee3p \u0111\u1ed3ng ngo\u1ea1i th\u01b0\u01a1ng, thanh to\u00e1n qu\u1ed1c t\u1ebf, l\u00e0m th\u1ee7 t\u1ee5c h\u1ea3i quan \u0111\u1ebfn v\u1eadn chuy\u1ec3n h\u00e0ng v\u1ec1 kho. \u0110\u00e2y l\u00e0 h\u00ecnh th\u1ee9c gi\u00fap ti\u1ebft ki\u1ec7m th\u1eddi gian, chi ph\u00ed v\u00e0 gi\u1ea3m thi\u1ec3u r\u1ee7i ro trong qu\u00e1 tr\u00ecnh giao th\u01b0\u01a1ng qu\u1ed1c t\u1ebf.\",\"breadcrumb\":{\"@id\":\"https:\\\/\\\/viettrungcompany.com\\\/dich-vu\\\/nhap-khau-chinh-ngach\\\/uy-thac-xuat-nhap-khau\\\/#breadcrumb\"},\"inLanguage\":\"zh-Hans\",\"potentialAction\":[{\"@type\":\"ReadAction\",\"target\":[\"https:\\\/\\\/viettrungcompany.com\\\/dich-vu\\\/nhap-khau-chinh-ngach\\\/uy-thac-xuat-nhap-khau\\\/\"]}]},{\"@type\":\"ImageObject\",\"inLanguage\":\"zh-Hans\",\"@id\":\"https:\\\/\\\/viettrungcompany.com\\\/dich-vu\\\/nhap-khau-chinh-ngach\\\/uy-thac-xuat-nhap-khau\\\/#primaryimage\",\"url\":\"https:\\\/\\\/viettrungcompany.com\\\/wp-content\\\/uploads\\\/2025\\\/08\\\/unnamed-6.png\",\"contentUrl\":\"https:\\\/\\\/viettrungcompany.com\\\/wp-content\\\/uploads\\\/2025\\\/08\\\/unnamed-6.png\"},{\"@type\":\"BreadcrumbList\",\"@id\":\"https:\\\/\\\/viettrungcompany.com\\\/dich-vu\\\/nhap-khau-chinh-ngach\\\/uy-thac-xuat-nhap-khau\\\/#breadcrumb\",\"itemListElement\":[{\"@type\":\"ListItem\",\"position\":1,\"name\":\"Home\",\"item\":\"https:\\\/\\\/viettrungcompany.com\\\/zh-hans\\\/\"},{\"@type\":\"ListItem\",\"position\":2,\"name\":\"\u670d\u52a1\",\"item\":\"https:\\\/\\\/viettrungcompany.com\\\/zh-hans\\\/%e6%9c%8d%e5%8a%a1\\\/\"},{\"@type\":\"ListItem\",\"position\":3,\"name\":\"\u6b63\u89c4\u8fdb\u53e3\",\"item\":\"https:\\\/\\\/viettrungcompany.com\\\/dich-vu\\\/nhap-khau-chinh-ngach\\\/\"},{\"@type\":\"ListItem\",\"position\":4,\"name\":\"\u8fdb\u51fa\u53e3\u4ee3\u7406\"}]},{\"@type\":\"WebSite\",\"@id\":\"https:\\\/\\\/viettrungcompany.com\\\/#website\",\"url\":\"https:\\\/\\\/viettrungcompany.com\\\/\",\"name\":\"Viet Trung Company\",\"description\":\"\",\"potentialAction\":[{\"@type\":\"SearchAction\",\"target\":{\"@type\":\"EntryPoint\",\"urlTemplate\":\"https:\\\/\\\/viettrungcompany.com\\\/?s={search_term_string}\"},\"query-input\":{\"@type\":\"PropertyValueSpecification\",\"valueRequired\":true,\"valueName\":\"search_term_string\"}}],\"inLanguage\":\"zh-Hans\"}]}<\/script>\n<!-- \/ Yoast SEO plugin. -->","yoast_head_json":{"title":"\u8fdb\u51fa\u53e3\u4ee3\u7406 - Viet Trung Company","description":"\u1ee6y th\u00e1c nh\u1eadp kh\u1ea9u l\u00e0 h\u00ecnh th\u1ee9c m\u1ed9t doanh nghi\u1ec7p ho\u1eb7c c\u00e1 nh\u00e2n \u1ee7y quy\u1ec1n cho \u0111\u01a1n v\u1ecb d\u1ecbch v\u1ee5 nh\u01b0 Vi\u1ec7t Trung Company thay m\u1eb7t th\u1ef1c hi\u1ec7n to\u00e0n b\u1ed9 quy tr\u00ecnh nh\u1eadp kh\u1ea9u h\u00e0ng h\u00f3a: t\u1eeb k\u00fd k\u1ebft h\u1ee3p \u0111\u1ed3ng ngo\u1ea1i th\u01b0\u01a1ng, thanh to\u00e1n qu\u1ed1c t\u1ebf, l\u00e0m th\u1ee7 t\u1ee5c h\u1ea3i quan \u0111\u1ebfn v\u1eadn chuy\u1ec3n h\u00e0ng v\u1ec1 kho. \u0110\u00e2y l\u00e0 h\u00ecnh th\u1ee9c gi\u00fap ti\u1ebft ki\u1ec7m th\u1eddi gian, chi ph\u00ed v\u00e0 gi\u1ea3m thi\u1ec3u r\u1ee7i ro trong qu\u00e1 tr\u00ecnh giao th\u01b0\u01a1ng qu\u1ed1c t\u1ebf.","robots":{"index":"index","follow":"follow","max-snippet":"max-snippet:-1","max-image-preview":"max-image-preview:large","max-video-preview":"max-video-preview:-1"},"canonical":"https:\/\/viettrungcompany.com\/dich-vu\/nhap-khau-chinh-ngach\/uy-thac-xuat-nhap-khau\/","og_locale":"zh_CN","og_type":"article","og_title":"\u8fdb\u51fa\u53e3\u4ee3\u7406 - Viet Trung Company","og_description":"\u1ee6y th\u00e1c nh\u1eadp kh\u1ea9u l\u00e0 h\u00ecnh th\u1ee9c m\u1ed9t doanh nghi\u1ec7p ho\u1eb7c c\u00e1 nh\u00e2n \u1ee7y quy\u1ec1n cho \u0111\u01a1n v\u1ecb d\u1ecbch v\u1ee5 nh\u01b0 Vi\u1ec7t Trung Company thay m\u1eb7t th\u1ef1c hi\u1ec7n to\u00e0n b\u1ed9 quy tr\u00ecnh nh\u1eadp kh\u1ea9u h\u00e0ng h\u00f3a: t\u1eeb k\u00fd k\u1ebft h\u1ee3p \u0111\u1ed3ng ngo\u1ea1i th\u01b0\u01a1ng, thanh to\u00e1n qu\u1ed1c t\u1ebf, l\u00e0m th\u1ee7 t\u1ee5c h\u1ea3i quan \u0111\u1ebfn v\u1eadn chuy\u1ec3n h\u00e0ng v\u1ec1 kho. \u0110\u00e2y l\u00e0 h\u00ecnh th\u1ee9c gi\u00fap ti\u1ebft ki\u1ec7m th\u1eddi gian, chi ph\u00ed v\u00e0 gi\u1ea3m thi\u1ec3u r\u1ee7i ro trong qu\u00e1 tr\u00ecnh giao th\u01b0\u01a1ng qu\u1ed1c t\u1ebf.","og_url":"https:\/\/viettrungcompany.com\/dich-vu\/nhap-khau-chinh-ngach\/uy-thac-xuat-nhap-khau\/","og_site_name":"Viet Trung Company","article_modified_time":"2025-08-20T07:35:20+00:00","og_image":[{"url":"https:\/\/viettrungcompany.com\/wp-content\/uploads\/2025\/08\/unnamed-6.png","type":"","width":"","height":""}],"twitter_card":"summary_large_image","twitter_misc":{"\u9884\u8ba1\u9605\u8bfb\u65f6\u95f4":"7 \u5206"},"schema":{"@context":"https:\/\/schema.org","@graph":[{"@type":"WebPage","@id":"https:\/\/viettrungcompany.com\/dich-vu\/nhap-khau-chinh-ngach\/uy-thac-xuat-nhap-khau\/","url":"https:\/\/viettrungcompany.com\/dich-vu\/nhap-khau-chinh-ngach\/uy-thac-xuat-nhap-khau\/","name":"\u8fdb\u51fa\u53e3\u4ee3\u7406 - Viet Trung Company","isPartOf":{"@id":"https:\/\/viettrungcompany.com\/#website"},"primaryImageOfPage":{"@id":"https:\/\/viettrungcompany.com\/dich-vu\/nhap-khau-chinh-ngach\/uy-thac-xuat-nhap-khau\/#primaryimage"},"image":{"@id":"https:\/\/viettrungcompany.com\/dich-vu\/nhap-khau-chinh-ngach\/uy-thac-xuat-nhap-khau\/#primaryimage"},"thumbnailUrl":"https:\/\/viettrungcompany.com\/wp-content\/uploads\/2025\/08\/unnamed-6.png","datePublished":"2025-08-05T14:34:52+00:00","dateModified":"2025-08-20T07:35:20+00:00","description":"\u1ee6y th\u00e1c nh\u1eadp kh\u1ea9u l\u00e0 h\u00ecnh th\u1ee9c m\u1ed9t doanh nghi\u1ec7p ho\u1eb7c c\u00e1 nh\u00e2n \u1ee7y quy\u1ec1n cho \u0111\u01a1n v\u1ecb d\u1ecbch v\u1ee5 nh\u01b0 Vi\u1ec7t Trung Company thay m\u1eb7t th\u1ef1c hi\u1ec7n to\u00e0n b\u1ed9 quy tr\u00ecnh nh\u1eadp kh\u1ea9u h\u00e0ng h\u00f3a: t\u1eeb k\u00fd k\u1ebft h\u1ee3p \u0111\u1ed3ng ngo\u1ea1i th\u01b0\u01a1ng, thanh to\u00e1n qu\u1ed1c t\u1ebf, l\u00e0m th\u1ee7 t\u1ee5c h\u1ea3i quan \u0111\u1ebfn v\u1eadn chuy\u1ec3n h\u00e0ng v\u1ec1 kho. \u0110\u00e2y l\u00e0 h\u00ecnh th\u1ee9c gi\u00fap ti\u1ebft ki\u1ec7m th\u1eddi gian, chi ph\u00ed v\u00e0 gi\u1ea3m thi\u1ec3u r\u1ee7i ro trong qu\u00e1 tr\u00ecnh giao th\u01b0\u01a1ng qu\u1ed1c t\u1ebf.","breadcrumb":{"@id":"https:\/\/viettrungcompany.com\/dich-vu\/nhap-khau-chinh-ngach\/uy-thac-xuat-nhap-khau\/#breadcrumb"},"inLanguage":"zh-Hans","potentialAction":[{"@type":"ReadAction","target":["https:\/\/viettrungcompany.com\/dich-vu\/nhap-khau-chinh-ngach\/uy-thac-xuat-nhap-khau\/"]}]},{"@type":"ImageObject","inLanguage":"zh-Hans","@id":"https:\/\/viettrungcompany.com\/dich-vu\/nhap-khau-chinh-ngach\/uy-thac-xuat-nhap-khau\/#primaryimage","url":"https:\/\/viettrungcompany.com\/wp-content\/uploads\/2025\/08\/unnamed-6.png","contentUrl":"https:\/\/viettrungcompany.com\/wp-content\/uploads\/2025\/08\/unnamed-6.png"},{"@type":"BreadcrumbList","@id":"https:\/\/viettrungcompany.com\/dich-vu\/nhap-khau-chinh-ngach\/uy-thac-xuat-nhap-khau\/#breadcrumb","itemListElement":[{"@type":"ListItem","position":1,"name":"Home","item":"https:\/\/viettrungcompany.com\/zh-hans\/"},{"@type":"ListItem","position":2,"name":"\u670d\u52a1","item":"https:\/\/viettrungcompany.com\/zh-hans\/%e6%9c%8d%e5%8a%a1\/"},{"@type":"ListItem","position":3,"name":"\u6b63\u89c4\u8fdb\u53e3","item":"https:\/\/viettrungcompany.com\/dich-vu\/nhap-khau-chinh-ngach\/"},{"@type":"ListItem","position":4,"name":"\u8fdb\u51fa\u53e3\u4ee3\u7406"}]},{"@type":"WebSite","@id":"https:\/\/viettrungcompany.com\/#website","url":"https:\/\/viettrungcompany.com\/","name":"Viet Trung Company","description":"","potentialAction":[{"@type":"SearchAction","target":{"@type":"EntryPoint","urlTemplate":"https:\/\/viettrungcompany.com\/?s={search_term_string}"},"query-input":{"@type":"PropertyValueSpecification","valueRequired":true,"valueName":"search_term_string"}}],"inLanguage":"zh-Hans"}]}},"_links":{"self":[{"href":"https:\/\/viettrungcompany.com\/zh-hans\/wp-json\/wp\/v2\/pages\/38618","targetHints":{"allow":["GET"]}}],"collection":[{"href":"https:\/\/viettrungcompany.com\/zh-hans\/wp-json\/wp\/v2\/pages"}],"about":[{"href":"https:\/\/viettrungcompany.com\/zh-hans\/wp-json\/wp\/v2\/types\/page"}],"author":[{"embeddable":true,"href":"https:\/\/viettrungcompany.com\/zh-hans\/wp-json\/wp\/v2\/users\/1"}],"replies":[{"embeddable":true,"href":"https:\/\/viettrungcompany.com\/zh-hans\/wp-json\/wp\/v2\/comments?post=38618"}],"version-history":[{"count":2,"href":"https:\/\/viettrungcompany.com\/zh-hans\/wp-json\/wp\/v2\/pages\/38618\/revisions"}],"predecessor-version":[{"id":39330,"href":"https:\/\/viettrungcompany.com\/zh-hans\/wp-json\/wp\/v2\/pages\/38618\/revisions\/39330"}],"up":[{"embeddable":true,"href":"https:\/\/viettrungcompany.com\/zh-hans\/wp-json\/wp\/v2\/pages\/38608"}],"wp:attachment":[{"href":"https:\/\/viettrungcompany.com\/zh-hans\/wp-json\/wp\/v2\/media?parent=38618"}],"curies":[{"name":"wp","href":"https:\/\/api.w.org\/{rel}","templated":true}]}}