{"id":38624,"date":"2025-07-20T22:55:27","date_gmt":"2025-07-20T15:55:27","guid":{"rendered":"https:\/\/viettrungcompany.com\/dich-vu-khac-3\/tour-danh-hang-quang-chau\/"},"modified":"2025-08-19T22:49:49","modified_gmt":"2025-08-19T15:49:49","slug":"%e5%b9%bf%e5%b7%9e%e8%bf%9b%e8%b4%a7","status":"publish","type":"page","link":"https:\/\/viettrungcompany.com\/zh-hans\/%e5%85%b6%e4%bb%96%e6%9c%8d%e5%8a%a1\/%e5%b9%bf%e5%b7%9e%e8%bf%9b%e8%b4%a7\/","title":{"rendered":"\u5e7f\u5dde\u8fdb\u8d27"},"content":{"rendered":"<h1 style=\"text-align: center;\"><strong>\u8d8a\u5357\u4e2d\u8d8a\u516c\u53f8\u5168\u5305\u5e7f\u5dde\u91c7\u8d2d\u4e4b\u65c5<\/strong><\/h1>\n<p><strong>\u5e7f\u5dde<\/strong> \u2013 \u4e2d\u56fd\u534e\u5357\u5730\u533a\u6700\u5927\u7684\u5546\u4e1a\u4e2d\u5fc3\uff0c\u957f\u671f\u4ee5\u6765\u5df2\u6210\u4e3a\u8d8a\u5357\u5c0f\u5546\u6237\u548c\u4f01\u4e1a\u7684\u7406\u60f3\u76ee\u7684\u5730\u3002\u51ed\u501f<strong>\u5e7f\u5dde\u8d27\u6e90\u4e30\u5bcc\u3001\u6b3e\u5f0f\u9f50\u5168\u3001\u6279\u53d1\u4ef7\u683c\u4f18\u60e0<\/strong>\uff0c\u5e76\u4e0d\u65ad\u7d27\u8ddf\u6f6e\u6d41\u66f4\u65b0\uff0c\u5e7f\u5dde\u5df2\u6210\u4e3a\u5e97\u4e3b\u3001\u7ebf\u4e0a\u6279\u53d1\u5546\u53ca\u8fdb\u53e3\u4f01\u4e1a\u7684\u7406\u60f3\u8fdb\u8d27\u5730\u3002  <\/p>\n<p><img loading=\"lazy\" decoding=\"async\" id=\"tour-danh-hang-quang-chau-tron-goi-cung-viet-trung-company\" class=\"aligncenter\" dir=\"ltr\" lang=\"zh\" title=\"\u8d8a\u5357\u4e2d\u8d8a\u516c\u53f8\u5168\u5305\u5e7f\u5dde\u91c7\u8d2d\u4e4b\u65c5\" src=\"https:\/\/viettrungcompany.com\/wp-content\/uploads\/2025\/07\/tour-danh-hang-quang-chau-tron-goi-cung-viet-trung-company.png\" alt=\"\u8d8a\u5357\u4e2d\u8d8a\u516c\u53f8\u5168\u5305\u5e7f\u5dde\u91c7\u8d2d\u4e4b\u65c5\" width=\"940\" height=\"788\" longdesc=\"https:\/\/www.viettrungcompany.com\/vi\/dich-vu\/Tour%20%C4%90%C3%A1nh%20H%C3%A0ng%20Qu%E1%BA%A3ng%20Ch%C3%A2u%20Tr%E1%BB%8Dn%20G%C3%B3i%20C%C3%B9ng%20Vi%E1%BB%87t%20Trung%20Company\" \/><\/p>\n<h2><strong>\u4e3a\u4ec0\u4e48\u8981\u53c2\u52a0\u8d8a\u5357\u4e2d\u8d8a\u516c\u53f8\u7684\u5e7f\u5dde\u91c7\u8d2d\u4e4b\u65c5\uff1f<\/strong><\/h2>\n<h3><strong>1. \u4e00\u7ad9\u5f0f\u652f\u6301\uff1a\u7b7e\u8bc1 \u2013 \u9152\u5e97 \u2013 \u51fa\u884c<\/strong><\/h3>\n<p>&#8211; \u652f\u6301<strong>\u5feb\u901f\u529e\u7406\u4e2d\u56fd\u7b7e\u8bc1<\/strong>\uff0c\u65f6\u95f4\u7075\u6d3b\u3002<br \/>\n&#8211; \u9884\u8ba2\u5f80\u8fd4\u673a\u7968 + \u5e7f\u5dde\u4e2d\u5fc33-4\u661f\u7ea7\u9152\u5e97\u3002<br \/>\n&#8211; \u63a5\u9001\u673a\u670d\u52a1\uff0c\u534f\u52a9\u5e02\u5185\u4ea4\u901a\u3002  <\/p>\n<p><img decoding=\"async\" id=\"khach-san-viet-trung-o-quang-chau\" class=\"aligncenter\" dir=\"ltr\" title=\"\u8d8a\u5357\u4eba\u5728\u5e7f\u5dde\u7684\u9152\u5e97\" src=\"https:\/\/viettrungcompany.com\/wp-content\/uploads\/2025\/07\/khach-san-viet-trung-o-quang-chau.png\" alt=\"\u8d8a\u5357\u4eba\u5728\u5e7f\u5dde\u7684\u9152\u5e97\" longdesc=\"https:\/\/www.viettrungcompany.com\/vi\/dich-vu\/Kh%C3%A1ch%20s%E1%BA%A1n%20ng%C6%B0%E1%BB%9Di%20Vi%E1%BB%87t%20t%E1%BA%A1i%20Qu%E1%BA%A3ng%20Ch%C3%A2u\" \/><\/p>\n<h3><strong>2. \u6307\u5bfc\u53c2\u89c2\u6b63\u786e\u7684\u5e02\u573a\u548c\u884c\u4e1a<\/strong><\/h3>\n<p>&#8211; \u66f4\u65b0<strong>\u5e7f\u5dde\u77e5\u540d\u6279\u53d1\u5e02\u573a<\/strong>\u6e05\u5355\u3002<br \/>\n&#8211; \u6839\u636e<strong>\u76ee\u6807\u884c\u4e1a<\/strong>\u63d0\u4f9b\u9009\u5e02\u573a\u5efa\u8bae\uff1a\u65f6\u88c5\u3001\u978b\u7c7b\u3001\u7535\u5b50\u4ea7\u54c1\u3001\u5bb6\u5c45\u7528\u54c1&#8230;<br \/>\n&#8211; \u63d0\u4f9b\u5411\u5bfc\u548c\u4e2d\u8d8a\u53cc\u8bed\u7ffb\u8bd1\u3002  <\/p>\n<h3><strong>3. \u652f\u4ed8\u3001\u8fd0\u8f93\u4e0e\u4e0b\u5355\u652f\u6301<\/strong><\/h3>\n<p>&#8211; \u652f\u6301<strong>Alipay\/\u5fae\u4fe1\u652f\u4ed8<\/strong>\uff0c\u5feb\u901f\u5151\u6362\u8d27\u5e01\u3002<br \/>\n&#8211; \u9009\u62e9<strong>\u5e7f\u5dde\u5230\u8d8a\u5357\u7684\u8fd0\u8f93\u65b9\u5f0f<\/strong>\uff1a\u6b63\u89c4\u6216\u5c0f\u989d\u8d38\u6613\u3002<br \/>\n&#8211; \u534f\u52a9\u62fc\u5355\u3001\u9a8c\u8d27\u3001\u8ddf\u8e2a\u8fd0\u5355\u53ca\u6253\u5305\u53d1\u8d27\u3002  <\/p>\n<h2><strong>\u5e7f\u5dde\u503c\u5f97\u4e00\u901b\u7684\u77e5\u540d\u6279\u53d1\u5e02\u573a<\/strong><\/h2>\n<p><strong>&#8211; \u767d\u9a6c\u670d\u88c5\u5e02\u573a (Baima Market)\uff1a<\/strong> \u9ad8\u7aef\u65f6\u5c1a\u5929\u5802\uff0c\u6f6e\u6d41\u4ea7\u54c1\u805a\u96c6\u5730\u3002<br \/>\n<strong>&#8211; \u5341\u4e09\u884c\u5e02\u573a (Shisanhang)\uff1a<\/strong> \u65f6\u5c1a\u3001\u978b\u7c7b\u6279\u53d1\u96c6\u6563\u5730\uff0c\u4ef7\u683c\u4f18\u60e0\u3002<br \/>\n<strong>&#8211; \u6c99\u6cb3\u5e02\u573a (Shahe Market)\uff1a<\/strong> \u4f4e\u4ef7\u670d\u88c5\u6279\u53d1\uff0c\u9002\u5408\u4e2d\u5c0f\u578b\u7f51\u5e97\u3002<br \/>\n<strong>&#8211; \u5927\u90fd\u5e02\u978b\u57ce\u3001\u5174\u6d69\u978b\u57ce\uff1a<\/strong> \u6700\u5927\u7684\u978b\u7c7b\u6279\u53d1\u5e02\u573a\uff0c\u6b3e\u5f0f\u9f50\u5168\u3002<br \/>\n<strong>&#8211; \u5929\u6cb3\u7535\u5b50\u5e02\u573a\uff1a<\/strong> \u7535\u5b50\u914d\u4ef6\u3001\u96f6\u4ef6\u9996\u9009\u3002<br \/>\n<strong>&#8211; \u4e2d\u5927\u5e03\u6599\u5e02\u573a\u3001\u6cf0\u5eb7\u9970\u54c1\u5e02\u573a\u3001\u4e07\u83f1\u73a9\u5177\u6279\u53d1\u5e7f\u573a\uff1a<\/strong> \u670d\u88c5\u5382\u3001\u9970\u54c1\u5e97\u3001\u73a9\u5177\u5e97\u7684\u8fdb\u8d27\u57fa\u5730\u3002  <\/p>\n<p><img decoding=\"async\" id=\"cac-khu-cho-noi-tieng-quang-chau\" class=\"aligncenter\" dir=\"ltr\" lang=\"zh\" title=\"\u5e7f\u5dde\u77e5\u540d\u6279\u53d1\u5e02\u573a\" src=\"https:\/\/viettrungcompany.com\/wp-content\/uploads\/2025\/07\/cac-khu-cho-noi-tieng-quang-chau.png\" alt=\"\u5e7f\u5dde\u77e5\u540d\u6279\u53d1\u5e02\u573a\" longdesc=\"https:\/\/www.viettrungcompany.com\/vi\/dich-vu\/C%C3%A1c%20khu%20ch%E1%BB%A3%20n%E1%BB%95i%20ti%E1%BA%BFng%20Qu%E1%BA%A3ng%20Ch%C3%A2u\" \/><\/p>\n<h2><strong>\u5e7f\u5dde\u81f3\u8d8a\u5357\u7684\u8d27\u8fd0\u65b9\u5f0f<\/strong><\/h2>\n<h3><strong>1. \u6b63\u89c4\u8fdb\u53e3\u8fd0\u8f93\uff1a<\/strong><\/h3>\n<p>\u9002\u5408\u5927\u6279\u91cf\u8fdb\u53e3\u4f01\u4e1a\uff0c\u5177\u5907\u53d1\u7968\u3001\u5408\u540c\u53ca\u5b8c\u6574\u6d77\u5173\u624b\u7eed\u3002  <\/p>\n<h3><strong>2. \u5c0f\u989d\u8d38\u6613\u8fd0\u8f93\uff1a<\/strong><\/h3>\n<p>\u5feb\u6377\u7701\u94b1\uff0c\u9002\u5408\u5c0f\u5546\u6237\u3001\u7f51\u5e97\u3002  <\/p>\n<h3><strong>3. \u901a\u8fc7\u8d8a\u5357\u4e2d\u8d8a\u516c\u53f8\u5bc4\u8d27\uff1a<\/strong><\/h3>\n<p>\u9002\u5408\u9996\u6b21\u8fdb\u8d27\u4eba\u58eb\uff0c\u63d0\u4f9b\u5168\u5957\u652f\u6301\uff1a\u91c7\u8d2d\u3001\u9a8c\u8d27\u3001\u6253\u5305\u3001\u8fd0\u8f93\u76f4\u81f3\u9001\u8fbe\u3002  <\/p>\n<h2><strong>\u53c2\u52a0\u5e7f\u5dde\u91c7\u8d2d\u4e4b\u65c5\u7684\u91cd\u8981\u63d0\u793a<\/strong><\/h2>\n<p>&#8211; \u51fa\u884c\u524d\u5217\u597d\u91c7\u8d2d\u6e05\u5355\u3002<br \/>\n&#8211; \u660e\u786e\u5408\u9002\u7684\u5e02\u573a\u548c\u884c\u4e1a\u3002<br \/>\n&#8211; \u51c6\u5907\u7ffb\u8bd1\u5e94\u7528\u6216\u5bfc\u6e38\u534f\u52a9\u3002<br \/>\n&#8211; \u4e0b\u5355\u524d\u5bf9\u6bd4\u4ef7\u683c\uff0c\u5e02\u573a\u53ef\u8bae\u4ef7\u3002<br \/>\n&#8211; \u9009\u62e9\u4fe1\u8a89\u8fd0\u8f93\u516c\u53f8\uff0c\u786e\u4fdd\u6709\u8fd0\u5355\u8ffd\u8e2a\u4e0e\u8d54\u507f\u653f\u7b56\u3002  <\/p>\n<h2><strong>\u7acb\u5373\u62a5\u540d\u5e7f\u5dde\u91c7\u8d2d\u4e4b\u65c5<\/strong><\/h2>\n<p>\u8d8a\u5357\u4e2d\u8d8a\u516c\u53f8\u4e3a\u60a8\u7684\u5e7f\u5dde\u8fdb\u8d27\u4e4b\u884c\u63d0\u4f9b\u5168\u65b9\u4f4d\u652f\u6301\uff1a  <\/p>\n<p>&#8211; \u5168\u5957\u7b7e\u8bc1\u670d\u52a1<br \/>\n&#8211; \u7cbe\u51c6\u5e02\u573a\u5bfc\u89c8<br \/>\n&#8211; \u9152\u5e97\u3001\u673a\u7968\u3001\u6362\u6c47\u652f\u6301<br \/>\n&#8211; \u5168\u5305\u5bc4\u8d27\u4e0e\u8fd0\u8f93\u670d\u52a1  <\/p>\n<p><span style=\"font-weight: 400;\">\ud83d\udc49 <a href=\"https:\/\/zalo.me\/197969820382043562\" target=\"_blank\" rel=\"noopener\">\u514d\u8d39\u83b7\u53d6\u6b63\u89c4\u8fdb\u53e3\u54a8\u8be2<\/a><\/span><\/p>\n<h2><b>\u8054\u7cfb\u8d8a\u5357\u4e2d\u8d8a\u516c\u53f8<\/b><\/h2>\n<p><em>\u5982\u9700\u66f4\u591a\u4e2d\u8d8a\u8fd0\u8f93\u76f8\u5173\u4fe1\u606f\uff0c\u60a8\u53ef\u901a\u8fc7\u4ee5\u4e0b\u6e20\u9053\u8054\u7cfb\u6211\u4eec\uff1a<\/em>  <\/p>\n<p>Email: <a href=\"http:\/\/viettrungcompany2012@gmail.com\/\" target=\"_blank\" rel=\"noopener\">viettrungcompany2012@gmail.com <\/a>  <\/p>\n<p>Website: <a href=\"http:\/\/www.viettrungcompany.com\/\" target=\"_blank\" rel=\"noopener\">www.viettrungcompany.com<\/a>  <\/p>\n<p>Facebook: <a href=\"https:\/\/www.facebook.com\/viettrungcompany\" target=\"_blank\" rel=\"noopener\">https:\/\/www.facebook.com\/viettrungcompany<\/a>  <\/p>\n<p>Youtube: <a href=\"https:\/\/www.youtube.com\/@viettrungcompany\" target=\"_blank\" rel=\"noopener\">https:\/\/www.youtube.com\/@viettrungcompany<\/a>  <\/p>\n<p>Tiktok: <a href=\"https:\/\/www.tiktok.com\/@viettrungcompany\" target=\"_blank\" rel=\"noopener\">https:\/\/www.tiktok.com\/@viettrungcompany<\/a>  <\/p>\n<p><em>\u6b64\u5916\uff0c\u60a8\u4e5f\u53ef\u4ee5\u8054\u7cfb\u8d8a\u5357\u4e2d\u8d8a\u516c\u53f8\u5728\u4e09\u5927\u5730\u533a\u7684\u529e\u4e8b\u5904\uff1a<\/em>  <\/p>\n<p>\u2013 \u6cb3\u5185\u529e\u4e8b\u5904: \u6cb3\u5185\u5e02\u4e49\u90fd\u574a\u5173\u82b1\u8857189\u53f7. \u7535\u8bdd: 0965551166<br \/>\n\u2013 \u5c98\u6e2f\u529e\u4e8b\u5904: \u5c98\u6e2f\u5e02\u6e05\u6eaa\u574a\u6b66\u6587\u5766\u885766\u53f7Savico\u5927\u53a62\u697c. \u7535\u8bdd: 0935131816 \u2013 0967371118<br \/>\n\u2013 \u80e1\u5fd7\u660e\u5e02\u529e\u4e8b\u5904: \u80e1\u5fd7\u660e\u5e02\u4e03\u8d24\u574a\u962e\u592a\u5e73\u8857264-264A\u53f7. \u7535\u8bdd: 0935086838 \u2013 0962259911  <\/p>\n<div><\/div>\n","protected":false},"excerpt":{"rendered":"<p>\u8d8a\u5357\u4e2d\u8d8a\u516c\u53f8\u5168\u5305\u5e7f\u5dde\u91c7\u8d2d\u4e4b\u65c5 \u5e7f\u5dde \u2013 <\/p>\n","protected":false},"author":1,"featured_media":0,"parent":37044,"menu_order":0,"comment_status":"closed","ping_status":"closed","template":"","meta":{"footnotes":""},"class_list":["post-38624","page","type-page","status-publish","hentry"],"yoast_head":"<!-- This site is optimized with the Yoast SEO plugin v27.4 - https:\/\/yoast.com\/product\/yoast-seo-wordpress\/ -->\n<title>\u5e7f\u5dde\u8fdb\u8d27 - Viet Trung Company<\/title>\n<meta name=\"description\" content=\"Tour \u0111\u00e1nh h\u00e0ng Qu\u1ea3ng Ch\u00e2u l\u00e0 h\u00ecnh th\u1ee9c du l\u1ecbch k\u1ebft h\u1ee3p mua s\u1eafm, \u0111\u1eb7c bi\u1ec7t d\u00e0nh cho nh\u1eefng ng\u01b0\u1eddi mu\u1ed1n nh\u1eadp h\u00e0ng t\u1eeb c\u00e1c ch\u1ee3 \u0111\u1ea7u m\u1ed1i l\u1edbn t\u1ea1i Qu\u1ea3ng Ch\u00e2u, Trung Qu\u1ed1c \u0111\u1ec3 kinh doanh\" \/>\n<meta name=\"robots\" content=\"index, follow, max-snippet:-1, max-image-preview:large, max-video-preview:-1\" \/>\n<link rel=\"canonical\" href=\"https:\/\/viettrungcompany.com\/dich-vu-khac-3\/tour-danh-hang-quang-chau\/\" \/>\n<meta property=\"og:locale\" content=\"zh_CN\" \/>\n<meta property=\"og:type\" content=\"article\" \/>\n<meta property=\"og:title\" content=\"\u5e7f\u5dde\u8fdb\u8d27 - Viet Trung Company\" \/>\n<meta property=\"og:description\" content=\"Tour \u0111\u00e1nh h\u00e0ng Qu\u1ea3ng Ch\u00e2u l\u00e0 h\u00ecnh th\u1ee9c du l\u1ecbch k\u1ebft h\u1ee3p mua s\u1eafm, \u0111\u1eb7c bi\u1ec7t d\u00e0nh cho nh\u1eefng ng\u01b0\u1eddi mu\u1ed1n nh\u1eadp h\u00e0ng t\u1eeb c\u00e1c ch\u1ee3 \u0111\u1ea7u m\u1ed1i l\u1edbn t\u1ea1i Qu\u1ea3ng Ch\u00e2u, Trung Qu\u1ed1c \u0111\u1ec3 kinh doanh\" \/>\n<meta property=\"og:url\" content=\"https:\/\/viettrungcompany.com\/dich-vu-khac-3\/tour-danh-hang-quang-chau\/\" \/>\n<meta property=\"og:site_name\" content=\"Viet Trung Company\" \/>\n<meta property=\"article:modified_time\" content=\"2025-08-19T15:49:49+00:00\" \/>\n<meta property=\"og:image\" content=\"https:\/\/viettrungcompany.com\/wp-content\/uploads\/2025\/07\/tour-danh-hang-quang-chau-tron-goi-cung-viet-trung-company.png\" \/>\n<meta name=\"twitter:card\" content=\"summary_large_image\" \/>\n<meta name=\"twitter:label1\" content=\"\u9884\u8ba1\u9605\u8bfb\u65f6\u95f4\" \/>\n\t<meta name=\"twitter:data1\" content=\"5 \u5206\" \/>\n<script type=\"application\/ld+json\" class=\"yoast-schema-graph\">{\"@context\":\"https:\\\/\\\/schema.org\",\"@graph\":[{\"@type\":\"WebPage\",\"@id\":\"https:\\\/\\\/viettrungcompany.com\\\/dich-vu-khac-3\\\/tour-danh-hang-quang-chau\\\/\",\"url\":\"https:\\\/\\\/viettrungcompany.com\\\/dich-vu-khac-3\\\/tour-danh-hang-quang-chau\\\/\",\"name\":\"\u5e7f\u5dde\u8fdb\u8d27 - Viet Trung Company\",\"isPartOf\":{\"@id\":\"https:\\\/\\\/viettrungcompany.com\\\/#website\"},\"primaryImageOfPage\":{\"@id\":\"https:\\\/\\\/viettrungcompany.com\\\/dich-vu-khac-3\\\/tour-danh-hang-quang-chau\\\/#primaryimage\"},\"image\":{\"@id\":\"https:\\\/\\\/viettrungcompany.com\\\/dich-vu-khac-3\\\/tour-danh-hang-quang-chau\\\/#primaryimage\"},\"thumbnailUrl\":\"https:\\\/\\\/viettrungcompany.com\\\/wp-content\\\/uploads\\\/2025\\\/07\\\/tour-danh-hang-quang-chau-tron-goi-cung-viet-trung-company.png\",\"datePublished\":\"2025-07-20T15:55:27+00:00\",\"dateModified\":\"2025-08-19T15:49:49+00:00\",\"description\":\"Tour \u0111\u00e1nh h\u00e0ng Qu\u1ea3ng Ch\u00e2u l\u00e0 h\u00ecnh th\u1ee9c du l\u1ecbch k\u1ebft h\u1ee3p mua s\u1eafm, \u0111\u1eb7c bi\u1ec7t d\u00e0nh cho nh\u1eefng ng\u01b0\u1eddi mu\u1ed1n nh\u1eadp h\u00e0ng t\u1eeb c\u00e1c ch\u1ee3 \u0111\u1ea7u m\u1ed1i l\u1edbn t\u1ea1i Qu\u1ea3ng Ch\u00e2u, Trung Qu\u1ed1c \u0111\u1ec3 kinh doanh\",\"breadcrumb\":{\"@id\":\"https:\\\/\\\/viettrungcompany.com\\\/dich-vu-khac-3\\\/tour-danh-hang-quang-chau\\\/#breadcrumb\"},\"inLanguage\":\"zh-Hans\",\"potentialAction\":[{\"@type\":\"ReadAction\",\"target\":[\"https:\\\/\\\/viettrungcompany.com\\\/dich-vu-khac-3\\\/tour-danh-hang-quang-chau\\\/\"]}]},{\"@type\":\"ImageObject\",\"inLanguage\":\"zh-Hans\",\"@id\":\"https:\\\/\\\/viettrungcompany.com\\\/dich-vu-khac-3\\\/tour-danh-hang-quang-chau\\\/#primaryimage\",\"url\":\"https:\\\/\\\/viettrungcompany.com\\\/wp-content\\\/uploads\\\/2025\\\/07\\\/tour-danh-hang-quang-chau-tron-goi-cung-viet-trung-company.png\",\"contentUrl\":\"https:\\\/\\\/viettrungcompany.com\\\/wp-content\\\/uploads\\\/2025\\\/07\\\/tour-danh-hang-quang-chau-tron-goi-cung-viet-trung-company.png\"},{\"@type\":\"BreadcrumbList\",\"@id\":\"https:\\\/\\\/viettrungcompany.com\\\/dich-vu-khac-3\\\/tour-danh-hang-quang-chau\\\/#breadcrumb\",\"itemListElement\":[{\"@type\":\"ListItem\",\"position\":1,\"name\":\"Home\",\"item\":\"https:\\\/\\\/viettrungcompany.com\\\/zh-hans\\\/\"},{\"@type\":\"ListItem\",\"position\":2,\"name\":\"\u5176\u4ed6\u670d\u52a1\",\"item\":\"https:\\\/\\\/viettrungcompany.com\\\/dich-vu-khac-3\\\/\"},{\"@type\":\"ListItem\",\"position\":3,\"name\":\"\u5e7f\u5dde\u8fdb\u8d27\"}]},{\"@type\":\"WebSite\",\"@id\":\"https:\\\/\\\/viettrungcompany.com\\\/#website\",\"url\":\"https:\\\/\\\/viettrungcompany.com\\\/\",\"name\":\"Viet Trung Company\",\"description\":\"\",\"potentialAction\":[{\"@type\":\"SearchAction\",\"target\":{\"@type\":\"EntryPoint\",\"urlTemplate\":\"https:\\\/\\\/viettrungcompany.com\\\/?s={search_term_string}\"},\"query-input\":{\"@type\":\"PropertyValueSpecification\",\"valueRequired\":true,\"valueName\":\"search_term_string\"}}],\"inLanguage\":\"zh-Hans\"}]}<\/script>\n<!-- \/ Yoast SEO plugin. -->","yoast_head_json":{"title":"\u5e7f\u5dde\u8fdb\u8d27 - Viet Trung Company","description":"Tour \u0111\u00e1nh h\u00e0ng Qu\u1ea3ng Ch\u00e2u l\u00e0 h\u00ecnh th\u1ee9c du l\u1ecbch k\u1ebft h\u1ee3p mua s\u1eafm, \u0111\u1eb7c bi\u1ec7t d\u00e0nh cho nh\u1eefng ng\u01b0\u1eddi mu\u1ed1n nh\u1eadp h\u00e0ng t\u1eeb c\u00e1c ch\u1ee3 \u0111\u1ea7u m\u1ed1i l\u1edbn t\u1ea1i Qu\u1ea3ng Ch\u00e2u, Trung Qu\u1ed1c \u0111\u1ec3 kinh doanh","robots":{"index":"index","follow":"follow","max-snippet":"max-snippet:-1","max-image-preview":"max-image-preview:large","max-video-preview":"max-video-preview:-1"},"canonical":"https:\/\/viettrungcompany.com\/dich-vu-khac-3\/tour-danh-hang-quang-chau\/","og_locale":"zh_CN","og_type":"article","og_title":"\u5e7f\u5dde\u8fdb\u8d27 - Viet Trung Company","og_description":"Tour \u0111\u00e1nh h\u00e0ng Qu\u1ea3ng Ch\u00e2u l\u00e0 h\u00ecnh th\u1ee9c du l\u1ecbch k\u1ebft h\u1ee3p mua s\u1eafm, \u0111\u1eb7c bi\u1ec7t d\u00e0nh cho nh\u1eefng ng\u01b0\u1eddi mu\u1ed1n nh\u1eadp h\u00e0ng t\u1eeb c\u00e1c ch\u1ee3 \u0111\u1ea7u m\u1ed1i l\u1edbn t\u1ea1i Qu\u1ea3ng Ch\u00e2u, Trung Qu\u1ed1c \u0111\u1ec3 kinh doanh","og_url":"https:\/\/viettrungcompany.com\/dich-vu-khac-3\/tour-danh-hang-quang-chau\/","og_site_name":"Viet Trung Company","article_modified_time":"2025-08-19T15:49:49+00:00","og_image":[{"url":"https:\/\/viettrungcompany.com\/wp-content\/uploads\/2025\/07\/tour-danh-hang-quang-chau-tron-goi-cung-viet-trung-company.png","type":"","width":"","height":""}],"twitter_card":"summary_large_image","twitter_misc":{"\u9884\u8ba1\u9605\u8bfb\u65f6\u95f4":"5 \u5206"},"schema":{"@context":"https:\/\/schema.org","@graph":[{"@type":"WebPage","@id":"https:\/\/viettrungcompany.com\/dich-vu-khac-3\/tour-danh-hang-quang-chau\/","url":"https:\/\/viettrungcompany.com\/dich-vu-khac-3\/tour-danh-hang-quang-chau\/","name":"\u5e7f\u5dde\u8fdb\u8d27 - Viet Trung Company","isPartOf":{"@id":"https:\/\/viettrungcompany.com\/#website"},"primaryImageOfPage":{"@id":"https:\/\/viettrungcompany.com\/dich-vu-khac-3\/tour-danh-hang-quang-chau\/#primaryimage"},"image":{"@id":"https:\/\/viettrungcompany.com\/dich-vu-khac-3\/tour-danh-hang-quang-chau\/#primaryimage"},"thumbnailUrl":"https:\/\/viettrungcompany.com\/wp-content\/uploads\/2025\/07\/tour-danh-hang-quang-chau-tron-goi-cung-viet-trung-company.png","datePublished":"2025-07-20T15:55:27+00:00","dateModified":"2025-08-19T15:49:49+00:00","description":"Tour \u0111\u00e1nh h\u00e0ng Qu\u1ea3ng Ch\u00e2u l\u00e0 h\u00ecnh th\u1ee9c du l\u1ecbch k\u1ebft h\u1ee3p mua s\u1eafm, \u0111\u1eb7c bi\u1ec7t d\u00e0nh cho nh\u1eefng ng\u01b0\u1eddi mu\u1ed1n nh\u1eadp h\u00e0ng t\u1eeb c\u00e1c ch\u1ee3 \u0111\u1ea7u m\u1ed1i l\u1edbn t\u1ea1i Qu\u1ea3ng Ch\u00e2u, Trung Qu\u1ed1c \u0111\u1ec3 kinh doanh","breadcrumb":{"@id":"https:\/\/viettrungcompany.com\/dich-vu-khac-3\/tour-danh-hang-quang-chau\/#breadcrumb"},"inLanguage":"zh-Hans","potentialAction":[{"@type":"ReadAction","target":["https:\/\/viettrungcompany.com\/dich-vu-khac-3\/tour-danh-hang-quang-chau\/"]}]},{"@type":"ImageObject","inLanguage":"zh-Hans","@id":"https:\/\/viettrungcompany.com\/dich-vu-khac-3\/tour-danh-hang-quang-chau\/#primaryimage","url":"https:\/\/viettrungcompany.com\/wp-content\/uploads\/2025\/07\/tour-danh-hang-quang-chau-tron-goi-cung-viet-trung-company.png","contentUrl":"https:\/\/viettrungcompany.com\/wp-content\/uploads\/2025\/07\/tour-danh-hang-quang-chau-tron-goi-cung-viet-trung-company.png"},{"@type":"BreadcrumbList","@id":"https:\/\/viettrungcompany.com\/dich-vu-khac-3\/tour-danh-hang-quang-chau\/#breadcrumb","itemListElement":[{"@type":"ListItem","position":1,"name":"Home","item":"https:\/\/viettrungcompany.com\/zh-hans\/"},{"@type":"ListItem","position":2,"name":"\u5176\u4ed6\u670d\u52a1","item":"https:\/\/viettrungcompany.com\/dich-vu-khac-3\/"},{"@type":"ListItem","position":3,"name":"\u5e7f\u5dde\u8fdb\u8d27"}]},{"@type":"WebSite","@id":"https:\/\/viettrungcompany.com\/#website","url":"https:\/\/viettrungcompany.com\/","name":"Viet Trung Company","description":"","potentialAction":[{"@type":"SearchAction","target":{"@type":"EntryPoint","urlTemplate":"https:\/\/viettrungcompany.com\/?s={search_term_string}"},"query-input":{"@type":"PropertyValueSpecification","valueRequired":true,"valueName":"search_term_string"}}],"inLanguage":"zh-Hans"}]}},"_links":{"self":[{"href":"https:\/\/viettrungcompany.com\/zh-hans\/wp-json\/wp\/v2\/pages\/38624","targetHints":{"allow":["GET"]}}],"collection":[{"href":"https:\/\/viettrungcompany.com\/zh-hans\/wp-json\/wp\/v2\/pages"}],"about":[{"href":"https:\/\/viettrungcompany.com\/zh-hans\/wp-json\/wp\/v2\/types\/page"}],"author":[{"embeddable":true,"href":"https:\/\/viettrungcompany.com\/zh-hans\/wp-json\/wp\/v2\/users\/1"}],"replies":[{"embeddable":true,"href":"https:\/\/viettrungcompany.com\/zh-hans\/wp-json\/wp\/v2\/comments?post=38624"}],"version-history":[{"count":2,"href":"https:\/\/viettrungcompany.com\/zh-hans\/wp-json\/wp\/v2\/pages\/38624\/revisions"}],"predecessor-version":[{"id":39266,"href":"https:\/\/viettrungcompany.com\/zh-hans\/wp-json\/wp\/v2\/pages\/38624\/revisions\/39266"}],"up":[{"embeddable":true,"href":"https:\/\/viettrungcompany.com\/zh-hans\/wp-json\/wp\/v2\/pages\/37044"}],"wp:attachment":[{"href":"https:\/\/viettrungcompany.com\/zh-hans\/wp-json\/wp\/v2\/media?parent=38624"}],"curies":[{"name":"wp","href":"https:\/\/api.w.org\/{rel}","templated":true}]}}