{"id":38626,"date":"2025-07-20T21:58:55","date_gmt":"2025-07-20T14:58:55","guid":{"rendered":"https:\/\/viettrungcompany.com\/dich-vu\/van-chuyen-trung-viet\/"},"modified":"2025-08-19T22:41:43","modified_gmt":"2025-08-19T15:41:43","slug":"%e4%b8%ad%e8%b6%8a%e8%bf%90%e8%be%93","status":"publish","type":"page","link":"https:\/\/viettrungcompany.com\/zh-hans\/%e6%9c%8d%e5%8a%a1\/%e4%b8%ad%e8%b6%8a%e8%bf%90%e8%be%93\/","title":{"rendered":"\u4e2d\u8d8a\u8fd0\u8f93"},"content":{"rendered":"\t\t<div data-elementor-type=\"wp-page\" data-elementor-id=\"38626\" class=\"elementor elementor-38626 elementor-33918\">\n\t\t\t\t<div class=\"elementor-element elementor-element-997ca91 e-con-full e-flex e-con e-parent\" data-id=\"997ca91\" data-element_type=\"container\" data-e-type=\"container\">\n\t\t\t\t<div class=\"elementor-element elementor-element-d89c669 elementor-widget elementor-widget-wd_text_block\" data-id=\"d89c669\" data-element_type=\"widget\" data-e-type=\"widget\" data-widget_type=\"wd_text_block.default\">\n\t\t\t\t<div class=\"elementor-widget-container\">\n\t\t\t\t\t\t\t<div class=\"wd-text-block reset-last-child text-left\">\n\t\t\t\n\t\t\t<h1 style=\"text-align: center;\"><b>\u4e2d\u8d8a\u8fd0\u8f93\u670d\u52a1<\/b><\/h1>\n<p><span>\u60a8\u9700\u8981\u628a\u8d27\u7269\u4ece\u5e7f\u5dde\u3001\u51ed\u7965\u2026\u8fd0\u5230\u6cb3\u5185\u3001\u5c98\u6e2f\u3001\u80e1\u5fd7\u660e\u5e02\uff0c\u4f46\u62c5\u5fc3\u4e22\u8d27\u3001\u5835\u5173\u6216\u989d\u5916\u8d39\u7528\uff1f\u8d8a\u4e2d\u516c\u53f8\u4e3a\u60a8\u63d0\u4f9b\u4e00\u7ad9\u5f0f<b>\u4e2d\u8d8a\u6b63\u89c4\u8fd0\u8f93<\/b>\uff08\u96f6\u62c5\u3001\u6574\u67dc\u62fc\u7bb1\u3001\u6574\u67dcFCL\uff09\uff0c\u624b\u7eed\u9f50\u5168\uff0c\u822a\u7ebf\u7a33\u5b9a\uff0c\u8d27\u7269\u5feb\u901f\u5230\u8fbe \u2013 \u4e25\u683c\u5c65\u7ea6\u3002<\/span><\/p>\n<p><img loading=\"lazy\" decoding=\"async\" class=\"aligncenter\" title=\"2025\u5e74\u4e2d\u8d8a\u8fd0\u8f93\u670d\u52a1\" src=\"https:\/\/viettrungcompany.com\/wp-content\/uploads\/2025\/08\/dich-vu-van-chuyen-trung-viet.png\" alt=\"2025\u5e74\u4e2d\u8d8a\u8fd0\u8f93\u670d\u52a1\" width=\"940\" height=\"788\" \/><\/p>\n<h2><b>\u9009\u62e9\u8d8a\u4e2d\u8fd0\u8f93\u7684\u4f18\u52bf<\/b><\/h2>\n<ul>\n<li><b>100%\u6b63\u89c4\u62a5\u5173\uff1a<\/b>\u6709\u62a5\u5173\u5355\uff0c\u7f34\u7eb3\u5173\u7a0e\u548c\u589e\u503c\u7a0e\uff0c\u9002\u5408\u4f01\u4e1a\/\u5546\u6237\u9700\u8981\u53d1\u7968\u548c\u51ed\u8bc1\u3002<\/li>\n<li><b>\u591a\u6761\u7ebf\u8def\u4e0e\u65f6\u6548\uff1a<\/b>\u9646\u8fd0\u3001\u6d77\u8fd0\u3001\u7a7a\u8fd0\uff1b\u6709\u5feb\u901f\u901a\u9053\u548c\u8054\u8fd0\u4f4e\u6210\u672c\u65b9\u6848\u3002<\/li>\n<li><b>\u5927\u5c0f\u8ba2\u5355\u7686\u53ef\uff1a<\/b>\u5c0f\u5355\u53ef<b>\u62fc\u7bb1<\/b>\uff0c\u5927\u5355\u53ef<b>\u6574\u67dcFCL<\/b>\u3002<\/li>\n<li><b>\u4ef7\u683c\u900f\u660e\uff1a<\/b>\u8d39\u7528\u6e05\u6670\u6309\u516c\u65a4\/\u7acb\u65b9\u7c73\uff1b\u4ed3\u50a8\u514d\u8d39\u671f\uff1b\u9644\u52a0\u8d39\u516c\u793a\u3002<\/li>\n<li><b>\u4fdd\u9669\u4e0e\u8d54\u4ed8\uff1a<\/b>\u5408\u683c\u60c5\u51b5\u6700\u9ad8<b>100%\u6309\u7533\u62a5\u4ef7\u503c\u8d54\u507f<\/b>\u3002<\/li>\n<li><b>\u4fbf\u6377\u8ffd\u8e2a\uff1a<\/b>\u5b9e\u65f6\u66f4\u65b0\u8fd0\u8f93\u8fdb\u5ea6\u548c\u72b6\u6001\uff1b24\/7\u5ba2\u670d\u652f\u6301\u3002<\/li>\n<\/ul>\n<h2><b>\u5e38\u89c1\u8fd0\u8f93\u65b9\u5f0f<\/b><\/h2>\n<h3><b>a) \u6b63\u89c4\u62fc\u7bb1\u8fd0\u8f93 (LCL)<\/b><\/h3>\n<ul>\n<li>\u9002\u5408\u5c0f\u5355\/\u591aSKU\u8d27\u7269\u3002<\/li>\n<li>\u6709\u62a5\u5173\u5355\u3001\u5173\u7a0e\u3001\u589e\u503c\u7a0e\uff0c\u6210\u672c\u5206\u644a<b>\u6309\u516c\u65a4\/\u7acb\u65b9\u7c73<\/b>\uff0c\u8d39\u7528\u4f4e\u3002<\/li>\n<li>\u65f6\u6548\u7a33\u5b9a\uff0c\u51cf\u5c11\u5835\u5173\u98ce\u9669\u3002<\/li>\n<\/ul>\n<p><img loading=\"lazy\" decoding=\"async\" class=\"aligncenter\" src=\"https:\/\/viettrungcompany.com\/wp-content\/uploads\/2025\/08\/nhap-hang-ghep-container-lcl.png\" alt=\"\u62fc\u7bb1\u8fd0\u8f93LCL\" width=\"940\" height=\"788\" \/><\/p>\n<h3><b>b) \u6574\u67dc\u8fd0\u8f93 \u2013 FCL\uff08\u6d77\u8fd0\/\u9646\u8fd0\u8054\u8fd0\uff09<\/b><\/h3>\n<ul>\n<li>\u9002\u5408\u5927\u5355\u6216\u9700\u81ea\u4e3b\u5b89\u6392\u65f6\u6548\u3002<\/li>\n<li>\u7edf\u4e00\u5c01\u7b7e\uff0c\u8d27\u7269\u5b89\u5168\uff0c\u6210\u672c\u53ef\u63a7\u3002<\/li>\n<\/ul>\n<p><img loading=\"lazy\" decoding=\"async\" class=\"aligncenter\" src=\"https:\/\/viettrungcompany.com\/wp-content\/uploads\/2025\/08\/nhap-khau-nguyen-container-FCL.png\" alt=\"\u6574\u67dc\u8fd0\u8f93FCL\" width=\"940\" height=\"788\" \/><\/p>\n<h3><b>c) \u7a7a\u8fd0\uff08\u52a0\u6025\uff09<\/b><\/h3>\n<ul>\n<li>\u9002\u5408\u5c0f\u5de7\u3001\u9ad8\u4ef7\u503c\u3001\u6025\u9700\u8d27\u7269\uff1b\u65f6\u6548<b>2\u20134\u4e2a\u5de5\u4f5c\u65e5<\/b>\uff08\u89c6\u6e05\u5173\u4e0e\u68c0\u9a8c\u60c5\u51b5\uff09\u3002<\/li>\n<\/ul>\n<p><span>\u8d8a\u4e2d\u5efa\u8bae\u6240\u6709\u8d27\u7269\u5747\u8d70<b>\u6b63\u89c4\u6e20\u9053<\/b>\uff0c\u786e\u4fdd\u5408\u6cd5\u5408\u89c4 \u2013 \u53ef\u5f00\u5177\u589e\u503c\u7a0e\u53d1\u7968\uff0c\u4fbf\u4e8e\u957f\u671f\u53d1\u5c55\u3002<\/span><\/p>\n<h2><b>\u8fd0\u8f93\u65f6\u6548\u53c2\u8003<\/b><\/h2>\n<ul>\n<li><b>\u9646\u8fd0\u8054\u8fd0\uff1a<\/b>4\u20137\u4e2a\u5de5\u4f5c\u65e5\uff08\u89c6\u7ebf\u8def\u4e0e\u901a\u5173\uff09\u3002<\/li>\n<li><b>\u6d77\u8fd0 (LCL\/FCL)\uff1a<\/b>8\u201315\u5929\uff08\u89c6\u6e2f\u53e3\u3001\u8239\u671f\uff09\u3002<\/li>\n<li><b>\u7a7a\u8fd0\uff1a<\/b>2\u20134\u4e2a\u5de5\u4f5c\u65e5\uff08\u89c6\u68c0\u9a8c\/\u8d44\u6599\uff09\u3002<\/li>\n<\/ul>\n<p><span>\u65f6\u6548\u53ef\u80fd\u53d7\u8239\u671f\u3001\u822a\u73ed\u3001\u5929\u6c14\u548c\u68c0\u9a8c\u5f71\u54cd\u3002\u82e5\u6709\u53d8\u52a8\uff0c\u8d8a\u4e2d\u5c06\u7b2c\u4e00\u65f6\u95f4\u901a\u77e5\u3002<\/span><\/p>\n<h2><b>\u8d39\u7528\u7ed3\u6784<\/b><\/h2>\n<p><b>\u603b\u8d39\u7528<\/b> = <b>A. \u8fdb\u51fa\u53e3\u4ee3\u7406\u8d39<\/b> + <b>B. \u57fa\u7840\u8fd0\u8d39<\/b> (\u6309\u516c\u65a4\/\u7acb\u65b9\u7c73\u4e0e\u7ebf\u8def) + <b>C. \u8fdb\u53e3\u5173\u7a0e\u53ca\u589e\u503c\u7a0e<\/b> + <b>D. \u4e13\u4e1a\u68c0\u9a8c\u8d39<\/b> + <b>E. \u4ed3\u50a8\/\u88c5\u5378\u9644\u52a0\u8d39<\/b>\u3002<\/p>\n<p>...<\/p>\n<h2><b>\u8d8a\u4e2d\u8fd0\u8f93\u6d41\u7a0b\uff085\u6b65\uff09<\/b><\/h2>\n<ol>\n<li><b>\u63a5\u6536\u8d27\u7269\u4fe1\u606f\uff1a<\/b>\u54c1\u7c7b\u3001\u91cd\u91cf\/\u4f53\u79ef\u3001\u8d77\u70b9 \u2013 \u7ec8\u70b9\u3001\u7279\u6b8a\u8981\u6c42\u3002<\/li>\n<li><b>\u65b9\u6848\u54a8\u8be2\uff1a<\/b>\u63a8\u8350\u8fd0\u8f93\u65b9\u5f0f\uff08\u9646\/\u6d77\/\u7a7a\uff09\u3001\u62fc\u7bb1\u6216\u6574\u67dc\uff0c\u9884\u8ba1\u65f6\u6548\u4e0e\u8d39\u7528\u3002<\/li>\n<li><b>\u62a5\u4ef7 \u2013 \u7b7e\u7f72\u786e\u8ba4\uff1a<\/b>\u660e\u786e\u5404\u9879\u8d39\u7528\u3001\u7a0e\u8d39\u3001\u9644\u52a0\u8d39\u3002<\/li>\n<li><b>\u6536\u8d27 \u2013 \u529e\u7406\u624b\u7eed\uff1a<\/b>\u96c6\u8d27 \u2013 \u6253\u5305 \u2013 \u6e05\u5173 \u2013 \u8fd0\u56de\u8d8a\u5357\u4ed3\u5e93\u3002<\/li>\n<li><b>\u4ea4\u8d27\u4e0e\u7ed3\u7b97\uff1a<\/b>\u9001\u81f3\u6307\u5b9a\u5730\u70b9\uff1b\u4ea4\u4ed8<b>\u6d77\u5173\u5355\u8bc1<\/b>\uff08\u5982\u9700\uff09\u3002<\/li>\n<\/ol>\n<h2><b>\u4fdd\u9669\u4e0e\u8d54\u4ed8\u653f\u7b56<\/b><\/h2>\n<ul>\n<li><b>\u666e\u901a\u8d27\u7269\uff1a<\/b>\u8fd0\u8f93\u81f4\u635f\uff0c\u51ed\u5b8c\u597d\u5305\u88c5\uff0c\u6700\u9ad8<b>100%\u6309\u7533\u62a5\u4ef7\u503c\u8d54\u507f<\/b>\u3002<\/li>\n<li><b>\u6613\u788e\u54c1\uff1a<\/b>\u9700\u63d0\u524d\u58f0\u660e\u5e76\u59a5\u5584\u5305\u88c5\uff0c\u5982\u4ecd\u635f\u574f\uff0c\u6700\u9ad8<b>100%\u8d54\u507f<\/b>\u3002<\/li>\n<li><b>\u8d27\u7269\u9057\u5931\uff1a<\/b>\u5728\u8d8a\u5357\u4ed3\u786e\u8ba4\u9057\u5931\uff0c\u8d54\u4ed8<b>100%\u62a5\u5173\u7533\u62a5\u4ef7\u503c<\/b>\u3002<\/li>\n<li><b>\u6ce8\u610f\uff1a<\/b>\u6240\u6709\u7d22\u8d54\u9700\u63d0\u4f9b<b>\u5f00\u7bb1\u89c6\u9891<\/b>\u4f50\u8bc1\u3002<\/li>\n<\/ul>\n<p>\ud83d\udc49 <a href=\"https:\/\/zalo.me\/197969820382043562\">\u514d\u8d39\u83b7\u53d6\u6b63\u89c4\u8fdb\u53e3\u54a8\u8be2<\/a><\/p>\n<p><b>\u8d8a\u4e2d\u516c\u53f8<\/b> \u4e13\u4e1a\u63d0\u4f9b\u6dd8\u5b9d\u30011688\u3001\u5929\u732b\u3001\u963f\u91cc\u5df4\u5df4\u4ee3\u8d2d\u3001\u62a2\u8d2dZara\u3001H&M\u3001\u674e\u5b81\u7b49\u54c1\u724c\uff0c\u5e76\u63d0\u4f9b\u4e2d\u56fd\u5230\u8d8a\u5357\u7684\u6b63\u89c4\u8fd0\u8f93\u3002\u6211\u4eec\u81f4\u529b\u4e8e\u63d0\u5347\u670d\u52a1\u8d28\u91cf\uff0c\u6210\u4e3a\u6700\u503c\u5f97\u4fe1\u8d56\u7684\u7269\u6d41\u4f01\u4e1a\uff0c\u4e3a\u5ba2\u6237\u5e26\u6765\u6700\u5927\u4ef7\u503c\u4e0e\u6ee1\u610f\u5ea6\u3002<\/p>\n<h2><b>\u8054\u7cfb\u8d8a\u4e2d\u516c\u53f8<\/b><\/h2>\n<p><i>\u5982\u9700\u66f4\u591a\u4e2d\u8d8a\u8fd0\u8f93\u8d44\u8baf\uff0c\u8bf7\u901a\u8fc7\u4ee5\u4e0b\u6e20\u9053\u8054\u7cfb\u6211\u4eec\uff1a<\/i><br \/>\nEmail: viettrungcompany2012@gmail.com<br \/>\nWebsite: www.viettrungcompany.com<br \/>\nFacebook: facebook.com\/viettrungcompany<br \/>\nYoutube: youtube.com\/@viettrungcompany<br \/>\nTiktok: tiktok.com\/@viettrungcompany<\/p>\n<p><i>\u6b64\u5916\uff0c\u60a8\u8fd8\u53ef\u8054\u7cfb\u8d8a\u4e2d\u516c\u53f8\u5728\u8d8a\u5357\u4e09\u5730\u7684\u529e\u4e8b\u5904\uff1a<\/i><br \/>\n\u2013 \u6cb3\u5185\u529e\u4e8b\u5904\uff1a\u6cb3\u5185\u5e02\u4e49\u90fd\u574a\u5173\u82b1\u8857189\u53f7\u3002\u7535\u8bdd\uff1a0965551166<br \/>\n\u2013 \u5c98\u6e2f\u529e\u4e8b\u5904\uff1a\u5c98\u6e2f\u5e02\u6e05\u6eaa\u574a\u6b66\u6587\u5766\u8def66\u53f7 Savico \u5927\u53a62\u697c\u3002\u7535\u8bdd\uff1a0935131816 \u2013 0967371118<br \/>\n\u2013 \u80e1\u5fd7\u660e\u5e02\u529e\u4e8b\u5904\uff1a\u80e1\u5fd7\u660e\u5e02\u4e03\u8d24\u574a\u962e\u592a\u5e73\u8def264-264A\u53f7\u3002\u7535\u8bdd\uff1a0935086838 \u2013 0962259911<\/p>\n\n\t\t\t\t\t<\/div>\n\t\t\t\t\t\t<\/div>\n\t\t\t\t<\/div>\n\t\t\t\t<\/div>\n\t\t\t\t<\/div>\n\t\t","protected":false},"excerpt":{"rendered":"<p>\u4e2d\u8d8a\u8fd0\u8f93\u670d\u52a1 \u60a8\u9700\u8981\u628a\u8d27\u7269\u4ece\u5e7f\u5dde\u3001\u51ed\u7965\u2026<\/p>\n","protected":false},"author":1,"featured_media":0,"parent":36962,"menu_order":0,"comment_status":"closed","ping_status":"closed","template":"","meta":{"footnotes":""},"class_list":["post-38626","page","type-page","status-publish","hentry"],"yoast_head":"<!-- This site is optimized with the Yoast SEO plugin v27.4 - https:\/\/yoast.com\/product\/yoast-seo-wordpress\/ -->\n<title>\u4e2d\u8d8a\u8fd0\u8f93 - Viet Trung Company<\/title>\n<meta name=\"description\" content=\"Vi\u1ec7t Trung Company cung c\u1ea5p tr\u1ecdn g\u00f3i v\u1eadn chuy\u1ec3n Trung \u2013 Vi\u1ec7t ch\u00ednh ng\u1ea1ch (nh\u1eadn l\u1ebb, nh\u1eadn l\u00f4, gh\u00e9p container v\u00e0 nguy\u00ean container) v\u1edbi ch\u1ee9ng t\u1eeb \u0111\u1ea7y \u0111\u1ee7, l\u1ecbch tr\u00ecnh \u1ed5n \u0111\u1ecbnh, h\u00e0ng v\u1ec1 nhanh \u2013 \u0111\u00fang cam k\u1ebft.\" \/>\n<meta name=\"robots\" content=\"index, follow, max-snippet:-1, max-image-preview:large, max-video-preview:-1\" \/>\n<link rel=\"canonical\" href=\"https:\/\/viettrungcompany.com\/dich-vu\/van-chuyen-trung-viet\/\" \/>\n<meta property=\"og:locale\" content=\"zh_CN\" \/>\n<meta property=\"og:type\" content=\"article\" \/>\n<meta property=\"og:title\" content=\"\u4e2d\u8d8a\u8fd0\u8f93 - Viet Trung Company\" \/>\n<meta property=\"og:description\" content=\"Vi\u1ec7t Trung Company cung c\u1ea5p tr\u1ecdn g\u00f3i v\u1eadn chuy\u1ec3n Trung \u2013 Vi\u1ec7t ch\u00ednh ng\u1ea1ch (nh\u1eadn l\u1ebb, nh\u1eadn l\u00f4, gh\u00e9p container v\u00e0 nguy\u00ean container) v\u1edbi ch\u1ee9ng t\u1eeb \u0111\u1ea7y \u0111\u1ee7, l\u1ecbch tr\u00ecnh \u1ed5n \u0111\u1ecbnh, h\u00e0ng v\u1ec1 nhanh \u2013 \u0111\u00fang cam k\u1ebft.\" \/>\n<meta property=\"og:url\" content=\"https:\/\/viettrungcompany.com\/dich-vu\/van-chuyen-trung-viet\/\" \/>\n<meta property=\"og:site_name\" content=\"Viet Trung Company\" \/>\n<meta property=\"article:modified_time\" content=\"2025-08-19T15:41:43+00:00\" \/>\n<meta property=\"og:image\" content=\"https:\/\/viettrungcompany.com\/wp-content\/uploads\/2025\/08\/dich-vu-van-chuyen-trung-viet.png\" \/>\n<meta name=\"twitter:card\" content=\"summary_large_image\" \/>\n<meta name=\"twitter:label1\" content=\"\u9884\u8ba1\u9605\u8bfb\u65f6\u95f4\" \/>\n\t<meta name=\"twitter:data1\" content=\"2 \u5206\" \/>\n<script type=\"application\/ld+json\" class=\"yoast-schema-graph\">{\"@context\":\"https:\\\/\\\/schema.org\",\"@graph\":[{\"@type\":\"WebPage\",\"@id\":\"https:\\\/\\\/viettrungcompany.com\\\/dich-vu\\\/van-chuyen-trung-viet\\\/\",\"url\":\"https:\\\/\\\/viettrungcompany.com\\\/dich-vu\\\/van-chuyen-trung-viet\\\/\",\"name\":\"\u4e2d\u8d8a\u8fd0\u8f93 - Viet Trung Company\",\"isPartOf\":{\"@id\":\"https:\\\/\\\/viettrungcompany.com\\\/#website\"},\"primaryImageOfPage\":{\"@id\":\"https:\\\/\\\/viettrungcompany.com\\\/dich-vu\\\/van-chuyen-trung-viet\\\/#primaryimage\"},\"image\":{\"@id\":\"https:\\\/\\\/viettrungcompany.com\\\/dich-vu\\\/van-chuyen-trung-viet\\\/#primaryimage\"},\"thumbnailUrl\":\"https:\\\/\\\/viettrungcompany.com\\\/wp-content\\\/uploads\\\/2025\\\/08\\\/dich-vu-van-chuyen-trung-viet.png\",\"datePublished\":\"2025-07-20T14:58:55+00:00\",\"dateModified\":\"2025-08-19T15:41:43+00:00\",\"description\":\"Vi\u1ec7t Trung Company cung c\u1ea5p tr\u1ecdn g\u00f3i v\u1eadn chuy\u1ec3n Trung \u2013 Vi\u1ec7t ch\u00ednh ng\u1ea1ch (nh\u1eadn l\u1ebb, nh\u1eadn l\u00f4, gh\u00e9p container v\u00e0 nguy\u00ean container) v\u1edbi ch\u1ee9ng t\u1eeb \u0111\u1ea7y \u0111\u1ee7, l\u1ecbch tr\u00ecnh \u1ed5n \u0111\u1ecbnh, h\u00e0ng v\u1ec1 nhanh \u2013 \u0111\u00fang cam k\u1ebft.\",\"breadcrumb\":{\"@id\":\"https:\\\/\\\/viettrungcompany.com\\\/dich-vu\\\/van-chuyen-trung-viet\\\/#breadcrumb\"},\"inLanguage\":\"zh-Hans\",\"potentialAction\":[{\"@type\":\"ReadAction\",\"target\":[\"https:\\\/\\\/viettrungcompany.com\\\/dich-vu\\\/van-chuyen-trung-viet\\\/\"]}]},{\"@type\":\"ImageObject\",\"inLanguage\":\"zh-Hans\",\"@id\":\"https:\\\/\\\/viettrungcompany.com\\\/dich-vu\\\/van-chuyen-trung-viet\\\/#primaryimage\",\"url\":\"https:\\\/\\\/viettrungcompany.com\\\/wp-content\\\/uploads\\\/2025\\\/08\\\/dich-vu-van-chuyen-trung-viet.png\",\"contentUrl\":\"https:\\\/\\\/viettrungcompany.com\\\/wp-content\\\/uploads\\\/2025\\\/08\\\/dich-vu-van-chuyen-trung-viet.png\"},{\"@type\":\"BreadcrumbList\",\"@id\":\"https:\\\/\\\/viettrungcompany.com\\\/dich-vu\\\/van-chuyen-trung-viet\\\/#breadcrumb\",\"itemListElement\":[{\"@type\":\"ListItem\",\"position\":1,\"name\":\"Home\",\"item\":\"https:\\\/\\\/viettrungcompany.com\\\/zh-hans\\\/\"},{\"@type\":\"ListItem\",\"position\":2,\"name\":\"\u670d\u52a1\",\"item\":\"https:\\\/\\\/viettrungcompany.com\\\/zh-hans\\\/%e6%9c%8d%e5%8a%a1\\\/\"},{\"@type\":\"ListItem\",\"position\":3,\"name\":\"\u4e2d\u8d8a\u8fd0\u8f93\"}]},{\"@type\":\"WebSite\",\"@id\":\"https:\\\/\\\/viettrungcompany.com\\\/#website\",\"url\":\"https:\\\/\\\/viettrungcompany.com\\\/\",\"name\":\"Viet Trung Company\",\"description\":\"\",\"potentialAction\":[{\"@type\":\"SearchAction\",\"target\":{\"@type\":\"EntryPoint\",\"urlTemplate\":\"https:\\\/\\\/viettrungcompany.com\\\/?s={search_term_string}\"},\"query-input\":{\"@type\":\"PropertyValueSpecification\",\"valueRequired\":true,\"valueName\":\"search_term_string\"}}],\"inLanguage\":\"zh-Hans\"}]}<\/script>\n<!-- \/ Yoast SEO plugin. -->","yoast_head_json":{"title":"\u4e2d\u8d8a\u8fd0\u8f93 - Viet Trung Company","description":"Vi\u1ec7t Trung Company cung c\u1ea5p tr\u1ecdn g\u00f3i v\u1eadn chuy\u1ec3n Trung \u2013 Vi\u1ec7t ch\u00ednh ng\u1ea1ch (nh\u1eadn l\u1ebb, nh\u1eadn l\u00f4, gh\u00e9p container v\u00e0 nguy\u00ean container) v\u1edbi ch\u1ee9ng t\u1eeb \u0111\u1ea7y \u0111\u1ee7, l\u1ecbch tr\u00ecnh \u1ed5n \u0111\u1ecbnh, h\u00e0ng v\u1ec1 nhanh \u2013 \u0111\u00fang cam k\u1ebft.","robots":{"index":"index","follow":"follow","max-snippet":"max-snippet:-1","max-image-preview":"max-image-preview:large","max-video-preview":"max-video-preview:-1"},"canonical":"https:\/\/viettrungcompany.com\/dich-vu\/van-chuyen-trung-viet\/","og_locale":"zh_CN","og_type":"article","og_title":"\u4e2d\u8d8a\u8fd0\u8f93 - Viet Trung Company","og_description":"Vi\u1ec7t Trung Company cung c\u1ea5p tr\u1ecdn g\u00f3i v\u1eadn chuy\u1ec3n Trung \u2013 Vi\u1ec7t ch\u00ednh ng\u1ea1ch (nh\u1eadn l\u1ebb, nh\u1eadn l\u00f4, gh\u00e9p container v\u00e0 nguy\u00ean container) v\u1edbi ch\u1ee9ng t\u1eeb \u0111\u1ea7y \u0111\u1ee7, l\u1ecbch tr\u00ecnh \u1ed5n \u0111\u1ecbnh, h\u00e0ng v\u1ec1 nhanh \u2013 \u0111\u00fang cam k\u1ebft.","og_url":"https:\/\/viettrungcompany.com\/dich-vu\/van-chuyen-trung-viet\/","og_site_name":"Viet Trung Company","article_modified_time":"2025-08-19T15:41:43+00:00","og_image":[{"url":"https:\/\/viettrungcompany.com\/wp-content\/uploads\/2025\/08\/dich-vu-van-chuyen-trung-viet.png","type":"","width":"","height":""}],"twitter_card":"summary_large_image","twitter_misc":{"\u9884\u8ba1\u9605\u8bfb\u65f6\u95f4":"2 \u5206"},"schema":{"@context":"https:\/\/schema.org","@graph":[{"@type":"WebPage","@id":"https:\/\/viettrungcompany.com\/dich-vu\/van-chuyen-trung-viet\/","url":"https:\/\/viettrungcompany.com\/dich-vu\/van-chuyen-trung-viet\/","name":"\u4e2d\u8d8a\u8fd0\u8f93 - Viet Trung Company","isPartOf":{"@id":"https:\/\/viettrungcompany.com\/#website"},"primaryImageOfPage":{"@id":"https:\/\/viettrungcompany.com\/dich-vu\/van-chuyen-trung-viet\/#primaryimage"},"image":{"@id":"https:\/\/viettrungcompany.com\/dich-vu\/van-chuyen-trung-viet\/#primaryimage"},"thumbnailUrl":"https:\/\/viettrungcompany.com\/wp-content\/uploads\/2025\/08\/dich-vu-van-chuyen-trung-viet.png","datePublished":"2025-07-20T14:58:55+00:00","dateModified":"2025-08-19T15:41:43+00:00","description":"Vi\u1ec7t Trung Company cung c\u1ea5p tr\u1ecdn g\u00f3i v\u1eadn chuy\u1ec3n Trung \u2013 Vi\u1ec7t ch\u00ednh ng\u1ea1ch (nh\u1eadn l\u1ebb, nh\u1eadn l\u00f4, gh\u00e9p container v\u00e0 nguy\u00ean container) v\u1edbi ch\u1ee9ng t\u1eeb \u0111\u1ea7y \u0111\u1ee7, l\u1ecbch tr\u00ecnh \u1ed5n \u0111\u1ecbnh, h\u00e0ng v\u1ec1 nhanh \u2013 \u0111\u00fang cam k\u1ebft.","breadcrumb":{"@id":"https:\/\/viettrungcompany.com\/dich-vu\/van-chuyen-trung-viet\/#breadcrumb"},"inLanguage":"zh-Hans","potentialAction":[{"@type":"ReadAction","target":["https:\/\/viettrungcompany.com\/dich-vu\/van-chuyen-trung-viet\/"]}]},{"@type":"ImageObject","inLanguage":"zh-Hans","@id":"https:\/\/viettrungcompany.com\/dich-vu\/van-chuyen-trung-viet\/#primaryimage","url":"https:\/\/viettrungcompany.com\/wp-content\/uploads\/2025\/08\/dich-vu-van-chuyen-trung-viet.png","contentUrl":"https:\/\/viettrungcompany.com\/wp-content\/uploads\/2025\/08\/dich-vu-van-chuyen-trung-viet.png"},{"@type":"BreadcrumbList","@id":"https:\/\/viettrungcompany.com\/dich-vu\/van-chuyen-trung-viet\/#breadcrumb","itemListElement":[{"@type":"ListItem","position":1,"name":"Home","item":"https:\/\/viettrungcompany.com\/zh-hans\/"},{"@type":"ListItem","position":2,"name":"\u670d\u52a1","item":"https:\/\/viettrungcompany.com\/zh-hans\/%e6%9c%8d%e5%8a%a1\/"},{"@type":"ListItem","position":3,"name":"\u4e2d\u8d8a\u8fd0\u8f93"}]},{"@type":"WebSite","@id":"https:\/\/viettrungcompany.com\/#website","url":"https:\/\/viettrungcompany.com\/","name":"Viet Trung Company","description":"","potentialAction":[{"@type":"SearchAction","target":{"@type":"EntryPoint","urlTemplate":"https:\/\/viettrungcompany.com\/?s={search_term_string}"},"query-input":{"@type":"PropertyValueSpecification","valueRequired":true,"valueName":"search_term_string"}}],"inLanguage":"zh-Hans"}]}},"_links":{"self":[{"href":"https:\/\/viettrungcompany.com\/zh-hans\/wp-json\/wp\/v2\/pages\/38626","targetHints":{"allow":["GET"]}}],"collection":[{"href":"https:\/\/viettrungcompany.com\/zh-hans\/wp-json\/wp\/v2\/pages"}],"about":[{"href":"https:\/\/viettrungcompany.com\/zh-hans\/wp-json\/wp\/v2\/types\/page"}],"author":[{"embeddable":true,"href":"https:\/\/viettrungcompany.com\/zh-hans\/wp-json\/wp\/v2\/users\/1"}],"replies":[{"embeddable":true,"href":"https:\/\/viettrungcompany.com\/zh-hans\/wp-json\/wp\/v2\/comments?post=38626"}],"version-history":[{"count":4,"href":"https:\/\/viettrungcompany.com\/zh-hans\/wp-json\/wp\/v2\/pages\/38626\/revisions"}],"predecessor-version":[{"id":39256,"href":"https:\/\/viettrungcompany.com\/zh-hans\/wp-json\/wp\/v2\/pages\/38626\/revisions\/39256"}],"up":[{"embeddable":true,"href":"https:\/\/viettrungcompany.com\/zh-hans\/wp-json\/wp\/v2\/pages\/36962"}],"wp:attachment":[{"href":"https:\/\/viettrungcompany.com\/zh-hans\/wp-json\/wp\/v2\/media?parent=38626"}],"curies":[{"name":"wp","href":"https:\/\/api.w.org\/{rel}","templated":true}]}}