{"id":38628,"date":"2025-07-20T22:49:53","date_gmt":"2025-07-20T15:49:53","guid":{"rendered":"https:\/\/viettrungcompany.com\/dich-vu-khac-3\/sim-trung-quoc\/"},"modified":"2025-08-20T14:53:50","modified_gmt":"2025-08-20T07:53:50","slug":"%e4%b8%ad%e5%9b%bd%e6%89%8b%e6%9c%ba%e5%8d%a1","status":"publish","type":"page","link":"https:\/\/viettrungcompany.com\/zh-hans\/%e5%85%b6%e4%bb%96%e6%9c%8d%e5%8a%a1\/%e4%b8%ad%e5%9b%bd%e6%89%8b%e6%9c%ba%e5%8d%a1\/","title":{"rendered":"\u4e2d\u56fd\u624b\u673a\u5361"},"content":{"rendered":"<h1 style=\"text-align: center;\">\u5fae\u4fe1\/\u652f\u4ed8\u5b9d\u5f00\u901a\u4e0e\u4f7f\u7528\u6307\u5357<\/h1>\n<p>\u60a8\u5373\u5c06\u524d\u5f80\u5e7f\u5dde\u3001\u6df1\u5733\u3001\u4e49\u4e4c\u51fa\u5dee\u6216\u91c7\u8d2d\u5417\uff1f\u7a33\u5b9a\u7684\u7f51\u7edc\u8fde\u63a5\u662f\u5fc5\u5907\u201c\u6b66\u5668\u201d\uff0c\u65b9\u4fbf\u4f7f\u7528 <strong>\u5fae\u4fe1 (WeChat)<\/strong>\u3001<strong>\u652f\u4ed8\u5b9d (Alipay)<\/strong>\u3001\u6253\u8f66\u8f6f\u4ef6 <strong>\u6ef4\u6ef4 (DiDi)<\/strong>\u3001\u8ba2\u9910 <strong>\u7f8e\u56e2 (Meituan)<\/strong>\u3001\u5730\u56fe\u5bfc\u822a (\u767e\u5ea6\u5730\u56fe\/\u9ad8\u5fb7\u5730\u56fe) \u53ca\u7269\u6d41\u8054\u7edc\u3002\u4ee5\u4e0b\u662f\u6700\u65b0\u7684 <strong>\u4e2d\u56fd SIM\/eSIM \u5361<\/strong> \u9009\u62e9\u4e0e\u5f00\u901a\u6307\u5357\uff0c\u5e76\u9644\u6709\u8d8a\u5357\u4e2d\u516c\u53f8\u652f\u6301\u670d\u52a1\u3002<\/p>\n<p><img loading=\"lazy\" decoding=\"async\" class=\"size-full wp-image-38300 aligncenter\" src=\"https:\/\/viettrungcompany.com\/wp-content\/themes\/woodmart\/images\/lazy.svg\" data-src=\"https:\/\/viettrungcompany.com\/wp-content\/uploads\/2025\/08\/dich-vu-sim-trung-quoc.png\" alt=\"\u4e2d\u56fdSIM\u5361\u670d\u52a1\" width=\"940\" height=\"788\" srcset=\"\" data-srcset=\"https:\/\/viettrungcompany.com\/wp-content\/uploads\/2025\/08\/dich-vu-sim-trung-quoc.png 940w, https:\/\/viettrungcompany.com\/wp-content\/uploads\/2025\/08\/dich-vu-sim-trung-quoc-358x300.png 358w, https:\/\/viettrungcompany.com\/wp-content\/uploads\/2025\/08\/dich-vu-sim-trung-quoc-768x644.png 768w\" sizes=\"auto, (max-width: 940px) 100vw, 940px\" \/><\/p>\n<h2>1) \u4e2d\u56fd SIM \u5361\u6709\u54ea\u4e9b\u7c7b\u578b\uff1f<\/h2>\n<h3>a) \u65c5\u6e38 SIM \u5361 (\u9884\u4ed8\u8d39\u5361)<\/h3>\n<ul>\n<li>\u4f7f\u7528\u671f\u9650 5\u201330 \u5929\uff0c\u4e3b\u8981\u4e3a 4G\/5G \u6d41\u91cf\uff0c\u6709\u65f6\u542b\u5c11\u91cf\u672c\u5730\u901a\u8bdd\u3002<\/li>\n<li>\u9002\u5408\u77ed\u671f\u53c2\u5c55\u3001\u91c7\u8d2d\uff0c\u4e0d\u9700\u957f\u671f\u5b9e\u540d\u767b\u8bb0\u3002<\/li>\n<\/ul>\n<h3>b) \u65c5\u6e38 eSIM (\u626b\u7801\u6fc0\u6d3b\uff0c\u65e0\u9700\u63d2\u5361)<\/h3>\n<ul>\n<li>\u901a\u8fc7\u90ae\u7bb1\u63a5\u6536\u4e8c\u7ef4\u7801\uff0c1\u20132 \u5206\u949f\u5373\u53ef\u5b89\u88c5\uff0c\u9002\u5408\u53cc\u5361\u624b\u673a\u6216\u65e0\u5361\u69fd iPhone\u3002<\/li>\n<li>\u53ef\u7075\u6d3b\u5728\u7ebf\u52a0\u6d41\u91cf\u6216\u5ef6\u957f\u4f7f\u7528\u3002<\/li>\n<\/ul>\n<h3>c) \u672c\u5730 SIM (\u9884\u4ed8\u8d39\/\u540e\u4ed8\u8d39 \u2013 \u8981\u6c42\u5b9e\u540d\u5236)<\/h3>\n<ul>\n<li>\u9700\u5728\u67dc\u53f0\/\u4ee3\u7406\u4f7f\u7528\u62a4\u7167\u767b\u8bb0\u5e76\u4eba\u8138\u8bc6\u522b\uff0c\u6839\u636e<strong>\u5b9e\u540d\u5236<\/strong>\u8981\u6c42\u3002<\/li>\n<li>\u9002\u5408\u957f\u671f\u5c45\u4f4f\u3001\u9700\u63a5\u6536\u4e2d\u56fd\u94f6\u884c OTP\u3001\u6708\u79df\u4f4e\u5ec9\u7684\u7528\u6237\u3002<\/li>\n<\/ul>\n<blockquote>\n<p>\u5e38\u89c1\u8fd0\u8425\u5546\uff1a<strong>\u4e2d\u56fd\u79fb\u52a8<\/strong> \u2013 \u8986\u76d6\u8303\u56f4\u5e7f\uff1b<strong>\u4e2d\u56fd\u8054\u901a<\/strong> \u2013 \u5957\u9910\u7075\u6d3b\uff1b<strong>\u4e2d\u56fd\u7535\u4fe1<\/strong> \u2013 \u57ce\u5e02\u7f51\u7edc\u4f18\u52bf\u660e\u663e\u3002<\/p>\n<\/blockquote>\n<h2>2) \u5e94\u8be5\u9009\u62e9 SIM \u8fd8\u662f eSIM\uff1f<\/h2>\n<ul>\n<li><strong>\u77ed\u671f (3\u201315 \u5929)\uff0c\u5feb\u901f\u4f7f\u7528 \u2192 eSIM<\/strong>\uff1a\u65e0\u9700\u6362\u5361\uff0c\u53ef\u4fdd\u7559\u8d8a\u5357\u53f7\u7801\uff1b\u6709 3GB\/5GB\/10GB\/20GB\/30GB \u5957\u9910\u3002<\/li>\n<li><strong>\u9700\u9891\u7e41\u63a5\u6536\u77ed\u4fe1\/\u672c\u5730\u901a\u8bdd\uff0c\u957f\u671f\u505c\u7559 \u2192 \u672c\u5730 SIM<\/strong>\uff1a\u5230\u67dc\u53f0\u5b9e\u540d\u767b\u8bb0\u3002<\/li>\n<li><strong>\u8de8\u57ce\u5e02\/\u53c2\u5c55<\/strong>\uff1a\u63a8\u8350 10\u201330GB \u9ad8\u901f\u6d41\u91cf\u5957\u9910\uff0c\u8d85\u51fa\u540e\u53ef\u964d\u901f\u7ee7\u7eed\u5bfc\u822a\/\u804a\u5929\u3002<\/li>\n<\/ul>\n<p><img loading=\"lazy\" decoding=\"async\" class=\"aligncenter wp-image-38303 size-full\" title=\"\u5728\u54ea\u91cc\u4e70\u4e2d\u56fdSIM\u5361\" src=\"https:\/\/viettrungcompany.com\/wp-content\/themes\/woodmart\/images\/lazy.svg\" data-src=\"https:\/\/viettrungcompany.com\/wp-content\/uploads\/2025\/08\/nen-mua-sim-trung-quoc-o-dau.png\" alt=\"\u5728\u54ea\u91cc\u4e70\u4e2d\u56fdSIM\u5361\" width=\"940\" height=\"788\" srcset=\"\" data-srcset=\"https:\/\/viettrungcompany.com\/wp-content\/uploads\/2025\/08\/nen-mua-sim-trung-quoc-o-dau.png 940w, https:\/\/viettrungcompany.com\/wp-content\/uploads\/2025\/08\/nen-mua-sim-trung-quoc-o-dau-358x300.png 358w, https:\/\/viettrungcompany.com\/wp-content\/uploads\/2025\/08\/nen-mua-sim-trung-quoc-o-dau-768x644.png 768w\" sizes=\"auto, (max-width: 940px) 100vw, 940px\" \/><\/p>\n<h2>3) \u5728\u54ea\u91cc\u53ef\u4ee5\u4e70\u4e2d\u56fd SIM \u5361\uff1f<\/h2>\n<ol>\n<li><strong>\u5728\u8d8a\u5357 (\u51fa\u53d1\u524d)<\/strong>\n<ul>\n<li>\u8d8a\u5357\u4e2d\u516c\u53f8\u63d0\u4f9b<strong>\u4e2d\u56fd\u65c5\u6e38 eSIM<\/strong> \u4e0e<strong>\u65c5\u6e38 SIM<\/strong>\uff0c\u5df2\u9884\u5148\u6fc0\u6d3b\u3002\u53ef\u4e8e\u6cb3\u5185\/\u5c98\u6e2f\/\u80e1\u5fd7\u660e\u529e\u516c\u5ba4\u9886\u53d6\u6216\u5168\u56fd\u5feb\u9012\u3002<\/li>\n<li>\u4f18\u52bf\uff1a\u843d\u5730\u5373\u7528\uff0c\u65e0\u9700\u673a\u573a\u6392\u961f\uff0c\u6709\u4e2d\u6587\/\u8d8a\u5357\u8bed\u5ba2\u670d\u652f\u6301\u3002<\/li>\n<\/ul>\n<\/li>\n<li><strong>\u5728\u4e2d\u56fd\u673a\u573a (CAN, SZX, PVG, PEK\u2026)<\/strong>\n<ul>\n<li>\u8fd0\u8425\u5546\u67dc\u53f0\/\u81ea\u52a9\u673a\u53ef\u8d2d\u4e70\uff1b\u652f\u4ed8\u65b9\u5f0f\uff1a\u652f\u4ed8\u5b9d\/\u5fae\u4fe1\u6216\u56fd\u9645\u4fe1\u7528\u5361\uff08\u90e8\u5206\u67dc\u53f0\u4e0d\u652f\u6301\uff09\u3002<\/li>\n<\/ul>\n<\/li>\n<li><strong>\u5728\u7ebf\/\u56fd\u9645 eSIM<\/strong>\n<ul>\n<li>\u56fd\u9645\u4f9b\u5e94\u5546\u63d0\u4f9b eSIM\uff0c\u4f7f\u7528\u4e2d\u56fd\u79fb\u52a8\/\u8054\u901a\/\u7535\u4fe1\u7f51\u7edc\u6216\u6f2b\u6e38\u3002\u8d8a\u5357\u4e2d\u516c\u53f8\u6709\u5408\u4f5c\u5957\u9910\uff0c\u652f\u6301\u8fdc\u7a0b\u5b89\u88c5\u4e0e\u552e\u540e\u3002<\/li>\n<\/ul>\n<\/li>\n<\/ol>\n<h2>4) 2025 \u5e74\u53c2\u8003\u6d41\u91cf\u5957\u9910<\/h2>\n<ul>\n<li><strong>eSIM 5\u20137 \u5929\uff1a<\/strong>3\u20135GB \u9ad8\u901f\u6d41\u91cf\uff0c\u7528\u5b8c\u964d\u901f\u3002<\/li>\n<li><strong>eSIM 10\u201315 \u5929\uff1a<\/strong>10\u201320GB\uff0c\u9002\u5408\u77ed\u671f\u91c7\u8d2d\u3002<\/li>\n<li><strong>eSIM 30 \u5929\uff1a<\/strong>20\u201350GB\uff0c\u9002\u5408\u76f4\u64ad\u6216\u957f\u65f6\u95f4\u901b\u5c55\u3002<\/li>\n<li><strong>\u65c5\u6e38 SIM 8\u201330 \u5929\uff1a<\/strong>10\u201350GB + 30\u2013100 \u5206\u949f\u672c\u5730\u901a\u8bdd (\u89c6\u5957\u9910\u800c\u5b9a)\u3002<\/li>\n<\/ul>\n<p><em>\u4ef7\u683c\u968f\u65f6\u95f4\u4e0e\u8fd0\u8425\u5546\u6d6e\u52a8\uff0c\u8be6\u60c5\u8bf7\u8054\u7cfb\u8d8a\u5357\u4e2d\u516c\u53f8\u83b7\u53d6\u6700\u4f18\u65b9\u6848\u3002<\/em><\/p>\n<h2>5) \u5f00\u901a\u4e0e\u4f7f\u7528\u6307\u5357<\/h2>\n<h3>a) eSIM<\/h3>\n<ol>\n<li>\u786e\u8ba4\u624b\u673a\u652f\u6301 eSIM (iPhone XS \u4ee5\u4e0a\uff0c\u5927\u90e8\u5206\u65b0\u6b3e\u5b89\u5353\u673a)\u3002<\/li>\n<li>\u6253\u5f00 Wi-Fi\uff0c\u626b\u63cf\u4e8c\u7ef4\u7801\u5b89\u88c5 (\u8bbe\u7f6e \u2192 \u8702\u7a9d\u7f51\u7edc \u2192 \u6dfb\u52a0 eSIM)\u3002<\/li>\n<li>\u5c06\u6570\u636e SIM \u8bbe\u7f6e\u4e3a\u4e2d\u56fd eSIM\uff0c\u5f00\u542f\u6570\u636e\u6f2b\u6e38\u3002<\/li>\n<li>APN \u591a\u6570\u81ea\u52a8\u914d\u7f6e\uff0c\u5982\u9700\u624b\u52a8\u8d8a\u5357\u4e2d\u516c\u53f8\u4f1a\u63d0\u4f9b\u3002<\/li>\n<li>\u91cd\u542f\u624b\u673a\uff0c\u786e\u8ba4 4G\/5G \u56fe\u6807\u663e\u793a\u3002<\/li>\n<\/ol>\n<h3>b) \u5b9e\u4f53 SIM<\/h3>\n<ol>\n<li>\u62b5\u8fbe\u4e2d\u56fd\u540e\u63d2\u5361\u3002<\/li>\n<li>\u5f00\u542f\u6570\u636e\uff1b\u5982\u672a\u8fde\u7f51\uff0c\u624b\u52a8\u9009\u62e9\u8fd0\u8425\u5546 (\u79fb\u52a8\/\u8054\u901a\/\u7535\u4fe1)\u3002<\/li>\n<li>\u90e8\u5206\u9700\u77ed\u4fe1\u6fc0\u6d3b\uff1b\u5fc5\u8981\u65f6\u624b\u52a8\u914d\u7f6e APN\u3002<\/li>\n<\/ol>\n<blockquote>\n<p>\u5c0f\u6280\u5de7\uff1a\u4fdd\u7559 1 \u5f20\u8d8a\u5357 SIM \u7528\u4e8e OTP\uff0c1 \u5f20\u4e2d\u56fd eSIM \u7528\u4e8e\u6d41\u91cf\u3002iPhone \u5efa\u8bae\u8bbe\u7f6e Voice &#038; Data \u2192 5G Auto\/4G\u3002<\/p>\n<\/blockquote>\n<h2>6) WeChat\/Alipay \u5b9e\u540d\u8ba4\u8bc1\u6ce8\u610f\u4e8b\u9879<\/h2>\n<ul>\n<li>\u5fae\u4fe1\/\u652f\u4ed8\u5b9d\u5e38\u9700\u624b\u673a\u53f7\u63a5\u6536 OTP\uff1b\u5177\u5907\u77ed\u4fe1\u529f\u80fd\u7684 eSIM\/SIM \u66f4\u4fbf\u5229 (\u5e76\u975e\u6240\u6709\u5957\u9910\u90fd\u6709\u53f7\u7801)\u3002<\/li>\n<li>\u652f\u4ed8\u5b9d\u5b9e\u540d\u9700\u4e0a\u4f20\u62a4\u7167\u5e76\u505a\u4eba\u8138\u8bc6\u522b\uff0c\u8bf7\u63d0\u524d\u51c6\u5907\u597d\u62a4\u7167\u626b\u63cf\u4ef6\u3002<\/li>\n<li>\u653f\u7b56\u53ef\u80fd\u53d8\u52a8\uff0c\u8d8a\u5357\u4e2d\u516c\u53f8\u53ef\u5728\u51fa\u53d1\u524d\u63d0\u4f9b\u54a8\u8be2\u65b9\u6848\u3002<\/li>\n<\/ul>\n<h2>7) \u5e38\u89c1\u95ee\u9898 FAQ<\/h2>\n<p><strong>\u65c5\u6e38 SIM \u662f\u5426\u53ef\u8bbf\u95ee\u56fd\u9645\u7f51\u7ad9\uff1f<\/strong><br \/>\u53ef\u4ee5\u6b63\u5e38\u4e0a\u7f51\u3002\u90e8\u5206\u56fd\u9645\u5e94\u7528\u53d6\u51b3\u4e8e\u653f\u7b56\u4e0e\u670d\u52a1\u5668\u3002<\/p>\n<p><strong>eSIM \u80fd\u5426\u7528\u4e8e\u9501\u7f51\u624b\u673a\uff1f<\/strong><br \/>\u9700\u8981<strong>\u65e0\u9501\u673a<\/strong> (unlocked)\u3002\u9501\u7f51\u673a\u53ef\u80fd\u65e0\u6cd5\u6dfb\u52a0\u7b2c\u4e09\u65b9 eSIM\u3002<\/p>\n<p><strong>\u662f\u5426\u53ef\u5171\u4eab\u70ed\u70b9\uff1f<\/strong><br \/>\u5927\u591a\u6570 eSIM\/SIM \u652f\u6301\u5171\u4eab\uff0c\u90e8\u5206\u5957\u9910\u5f00\u542f\u70ed\u70b9\u540e\u4f1a\u9650\u901f\u3002<\/p>\n<p><strong>\u82e5\u884c\u7a0b\u6d89\u53ca\u591a\u4e2a\u56fd\u5bb6\u600e\u4e48\u529e\uff1f<\/strong><br \/>\u8d8a\u5357\u4e2d\u516c\u53f8\u63d0\u4f9b<strong>\u591a\u56fd eSIM<\/strong> (\u4e2d\u56fd + \u9999\u6e2f + \u6fb3\u95e8\/\u4e1c\u5357\u4e9a)\uff0c\u8bf7\u63d0\u524d\u54a8\u8be2\u3002<\/p>\n<h2>8) \u8d8a\u5357\u4e2d\u516c\u53f8\u4e2d\u56fd SIM \u670d\u52a1<\/h2>\n<ul>\n<li><strong>\u6839\u636e\u884c\u7a0b\u54a8\u8be2\u5957\u9910<\/strong>\uff1a\u5c55\u4f1a\/\u91c7\u8d2d\/\u65c5\u6e38\/\u5546\u52a1\u3002<\/li>\n<li><strong>\u63d0\u4f9b eSIM \u4e0e\u65c5\u6e38 SIM<\/strong>\uff1a\u5df2\u6fc0\u6d3b\uff0c\u8be6\u7ec6\u8bf4\u660e\uff0c\u8fdc\u7a0b\u5ba2\u670d 24\/7\u3002<\/li>\n<li><strong>\u5168\u56fd\u5feb\u9012<\/strong>\uff0c\u6216\u6cb3\u5185\u2013\u5c98\u6e2f\u2013\u80e1\u5fd7\u660e\u529e\u516c\u5ba4\u81ea\u53d6\u3002<\/li>\n<li><strong>\u91c7\u8d2d\u4e13\u7528\u7ec4\u5408<\/strong>\uff1aeSIM + \u5e02\u573a\/\u6279\u53d1\u533a\u6e05\u5355 + \u5e94\u7528\u6307\u5357 (12306, \u6ef4\u6ef4, \u9ad8\u5fb7\u5730\u56fe, \u7f8e\u56e2)\u3002<\/li>\n<\/ul>\n<p>\ud83d\udc49 <a href=\"https:\/\/zalo.me\/197969820382043562\" target=\"_blank\" rel=\"noopener\">\u514d\u8d39\u83b7\u53d6\u6b63\u8d38\u8fdb\u53e3\u54a8\u8be2<\/a><\/p>\n<p><strong>\u8d8a\u5357\u4e2d\u516c\u53f8<\/strong> \u63d0\u4f9b\u6dd8\u5b9d\u30011688\u3001\u5929\u732b\u3001\u963f\u91cc\u5df4\u5df4\u4ee3\u8d2d\uff0cZara\u3001H&#038;M\u3001\u674e\u5b81\u7b49\u62a2\u8d2d\u53ca\u4e2d\u8d8a\u8fd0\u8f93\u670d\u52a1\u3002\u5feb\u901f\u3001\u5b89\u5168\u3001\u5b9e\u60e0\u3001\u53ef\u9760\u3002\u6211\u4eec\u81f4\u529b\u4e8e\u6210\u4e3a\u503c\u5f97\u4fe1\u8d56\u7684\u7269\u6d41\u4f01\u4e1a\uff0c\u4e3a\u5ba2\u6237\u5e26\u6765\u6700\u5927\u4ef7\u503c\u4e0e\u6ee1\u610f\u3002<\/p>\n<h2><b>\u8054\u7cfb\u8d8a\u5357\u4e2d\u516c\u53f8<\/b><\/h2>\n<p><em>\u5982\u9700\u66f4\u591a\u4e2d\u8d8a\u8fd0\u8f93\u4fe1\u606f\uff0c\u8bf7\u901a\u8fc7\u4ee5\u4e0b\u65b9\u5f0f\u8054\u7cfb\u6211\u4eec\uff1a<\/em><br \/>\nEmail: <a href=\"http:\/\/viettrungcompany2012@gmail.com\/\" target=\"_blank\" rel=\"noopener\">viettrungcompany2012@gmail.com<\/a><br \/>\nWebsite: <a href=\"https:\/\/www.viettrungcompany.com\/\" target=\"_blank\" rel=\"noopener\">www.viettrungcompany.com<\/a><br \/>\nFacebook: <a href=\"https:\/\/www.facebook.com\/viettrungcompany\" target=\"_blank\" rel=\"noopener\">https:\/\/www.facebook.com\/viettrungcompany<\/a><br \/>\nYoutube: <a href=\"https:\/\/www.youtube.com\/@viettrungcompany\" target=\"_blank\" rel=\"noopener\">https:\/\/www.youtube.com\/@viettrungcompany<\/a><br \/>\nTiktok: <a href=\"https:\/\/www.tiktok.com\/@viettrungcompany\" target=\"_blank\" rel=\"noopener\">https:\/\/www.tiktok.com\/@viettrungcompany<\/a><\/p>\n<p><em>\u60a8\u8fd8\u53ef\u4ee5\u8054\u7cfb\u8d8a\u5357\u4e2d\u516c\u53f8\u5728\u4e09\u5730\u7684\u529e\u4e8b\u5904\uff1a<\/em><br \/>\n\u2013 \u6cb3\u5185\u529e\u516c\u5ba4: \u6cb3\u5185\u5e02\u4e49\u90fd\u574a Quan Hoa \u8857 189 \u53f7. \u7535\u8bdd: 0965551166<br \/>\n\u2013 \u5c98\u6e2f\u529e\u516c\u5ba4: \u5c98\u6e2f\u5e02\u6e05\u6eaa\u574a V\u00f5 V\u0103n T\u1ea7n \u8857 66 \u53f7 Savico \u5927\u53a6 2 \u697c. \u7535\u8bdd: 0935131816 \u2013 0967371118<br \/>\n\u2013 \u80e1\u5fd7\u660e\u529e\u516c\u5ba4: \u80e1\u5fd7\u660e\u5e02 B\u1ea3y Hi\u1ec1n \u574a Nguy\u1ec5n Th\u00e1i B\u00ecnh \u8857 264-264A \u53f7. \u7535\u8bdd: 0935086838 \u2013 0962259911<\/p>\n","protected":false},"excerpt":{"rendered":"<p>\u5fae\u4fe1\/\u652f\u4ed8\u5b9d\u5f00\u901a\u4e0e\u4f7f\u7528\u6307\u5357 \u60a8\u5373\u5c06\u524d\u5f80\u5e7f<\/p>\n","protected":false},"author":1,"featured_media":0,"parent":37044,"menu_order":0,"comment_status":"closed","ping_status":"closed","template":"","meta":{"footnotes":""},"class_list":["post-38628","page","type-page","status-publish","hentry"],"yoast_head":"<!-- This site is optimized with the Yoast SEO plugin v27.4 - https:\/\/yoast.com\/product\/yoast-seo-wordpress\/ -->\n<title>\u4e2d\u56fd\u624b\u673a\u5361 - Viet Trung Company<\/title>\n<meta name=\"description\" content=\"B\u1ea1n s\u1eafp \u0111i Qu\u1ea3ng Ch\u00e2u, Th\u00e2m Quy\u1ebfn, Ngh\u0129a \u00d4 \u0111\u1ec3 c\u00f4ng t\u00e1c hay \u0111\u00e1nh h\u00e0ng? K\u1ebft n\u1ed1i \u1ed5n \u0111\u1ecbnh l\u00e0 \u201cv\u0169 kh\u00ed\u201d b\u1eaft bu\u1ed9c \u0111\u1ec3 d\u00f9ng WeChat, Alipay, \u0111\u1eb7t DiDi, Meituan, \u0111\u1ecbnh v\u1ecb b\u1ea3n \u0111\u1ed3 (Baidu\/AMap) v\u00e0 li\u00ean l\u1ea1c kho v\u1eadn. D\u01b0\u1edbi \u0111\u00e2y l\u00e0 h\u01b0\u1edbng d\u1eabn ch\u1ecdn SIM\/eSIM Trung Qu\u1ed1c m\u1edbi nh\u1ea5t, k\u00e8m d\u1ecbch v\u1ee5 h\u1ed7 tr\u1ee3 t\u1eeb Vi\u1ec7t Trung Company.\" \/>\n<meta name=\"robots\" content=\"index, follow, max-snippet:-1, max-image-preview:large, max-video-preview:-1\" \/>\n<link rel=\"canonical\" href=\"https:\/\/viettrungcompany.com\/dich-vu-khac-3\/sim-trung-quoc\/\" \/>\n<meta property=\"og:locale\" content=\"zh_CN\" \/>\n<meta property=\"og:type\" content=\"article\" \/>\n<meta property=\"og:title\" content=\"\u4e2d\u56fd\u624b\u673a\u5361 - Viet Trung Company\" \/>\n<meta property=\"og:description\" content=\"B\u1ea1n s\u1eafp \u0111i Qu\u1ea3ng Ch\u00e2u, Th\u00e2m Quy\u1ebfn, Ngh\u0129a \u00d4 \u0111\u1ec3 c\u00f4ng t\u00e1c hay \u0111\u00e1nh h\u00e0ng? K\u1ebft n\u1ed1i \u1ed5n \u0111\u1ecbnh l\u00e0 \u201cv\u0169 kh\u00ed\u201d b\u1eaft bu\u1ed9c \u0111\u1ec3 d\u00f9ng WeChat, Alipay, \u0111\u1eb7t DiDi, Meituan, \u0111\u1ecbnh v\u1ecb b\u1ea3n \u0111\u1ed3 (Baidu\/AMap) v\u00e0 li\u00ean l\u1ea1c kho v\u1eadn. D\u01b0\u1edbi \u0111\u00e2y l\u00e0 h\u01b0\u1edbng d\u1eabn ch\u1ecdn SIM\/eSIM Trung Qu\u1ed1c m\u1edbi nh\u1ea5t, k\u00e8m d\u1ecbch v\u1ee5 h\u1ed7 tr\u1ee3 t\u1eeb Vi\u1ec7t Trung Company.\" \/>\n<meta property=\"og:url\" content=\"https:\/\/viettrungcompany.com\/dich-vu-khac-3\/sim-trung-quoc\/\" \/>\n<meta property=\"og:site_name\" content=\"Viet Trung Company\" \/>\n<meta property=\"article:modified_time\" content=\"2025-08-20T07:53:50+00:00\" \/>\n<meta property=\"og:image\" content=\"https:\/\/viettrungcompany.com\/wp-content\/uploads\/2025\/08\/dich-vu-sim-trung-quoc.png\" \/>\n<meta name=\"twitter:card\" content=\"summary_large_image\" \/>\n<meta name=\"twitter:label1\" content=\"\u9884\u8ba1\u9605\u8bfb\u65f6\u95f4\" \/>\n\t<meta name=\"twitter:data1\" content=\"7 \u5206\" \/>\n<script type=\"application\/ld+json\" class=\"yoast-schema-graph\">{\"@context\":\"https:\\\/\\\/schema.org\",\"@graph\":[{\"@type\":\"WebPage\",\"@id\":\"https:\\\/\\\/viettrungcompany.com\\\/dich-vu-khac-3\\\/sim-trung-quoc\\\/\",\"url\":\"https:\\\/\\\/viettrungcompany.com\\\/dich-vu-khac-3\\\/sim-trung-quoc\\\/\",\"name\":\"\u4e2d\u56fd\u624b\u673a\u5361 - Viet Trung Company\",\"isPartOf\":{\"@id\":\"https:\\\/\\\/viettrungcompany.com\\\/#website\"},\"primaryImageOfPage\":{\"@id\":\"https:\\\/\\\/viettrungcompany.com\\\/dich-vu-khac-3\\\/sim-trung-quoc\\\/#primaryimage\"},\"image\":{\"@id\":\"https:\\\/\\\/viettrungcompany.com\\\/dich-vu-khac-3\\\/sim-trung-quoc\\\/#primaryimage\"},\"thumbnailUrl\":\"https:\\\/\\\/viettrungcompany.com\\\/wp-content\\\/uploads\\\/2025\\\/08\\\/dich-vu-sim-trung-quoc.png\",\"datePublished\":\"2025-07-20T15:49:53+00:00\",\"dateModified\":\"2025-08-20T07:53:50+00:00\",\"description\":\"B\u1ea1n s\u1eafp \u0111i Qu\u1ea3ng Ch\u00e2u, Th\u00e2m Quy\u1ebfn, Ngh\u0129a \u00d4 \u0111\u1ec3 c\u00f4ng t\u00e1c hay \u0111\u00e1nh h\u00e0ng? K\u1ebft n\u1ed1i \u1ed5n \u0111\u1ecbnh l\u00e0 \u201cv\u0169 kh\u00ed\u201d b\u1eaft bu\u1ed9c \u0111\u1ec3 d\u00f9ng WeChat, Alipay, \u0111\u1eb7t DiDi, Meituan, \u0111\u1ecbnh v\u1ecb b\u1ea3n \u0111\u1ed3 (Baidu\\\/AMap) v\u00e0 li\u00ean l\u1ea1c kho v\u1eadn. D\u01b0\u1edbi \u0111\u00e2y l\u00e0 h\u01b0\u1edbng d\u1eabn ch\u1ecdn SIM\\\/eSIM Trung Qu\u1ed1c m\u1edbi nh\u1ea5t, k\u00e8m d\u1ecbch v\u1ee5 h\u1ed7 tr\u1ee3 t\u1eeb Vi\u1ec7t Trung Company.\",\"breadcrumb\":{\"@id\":\"https:\\\/\\\/viettrungcompany.com\\\/dich-vu-khac-3\\\/sim-trung-quoc\\\/#breadcrumb\"},\"inLanguage\":\"zh-Hans\",\"potentialAction\":[{\"@type\":\"ReadAction\",\"target\":[\"https:\\\/\\\/viettrungcompany.com\\\/dich-vu-khac-3\\\/sim-trung-quoc\\\/\"]}]},{\"@type\":\"ImageObject\",\"inLanguage\":\"zh-Hans\",\"@id\":\"https:\\\/\\\/viettrungcompany.com\\\/dich-vu-khac-3\\\/sim-trung-quoc\\\/#primaryimage\",\"url\":\"https:\\\/\\\/viettrungcompany.com\\\/wp-content\\\/uploads\\\/2025\\\/08\\\/dich-vu-sim-trung-quoc.png\",\"contentUrl\":\"https:\\\/\\\/viettrungcompany.com\\\/wp-content\\\/uploads\\\/2025\\\/08\\\/dich-vu-sim-trung-quoc.png\"},{\"@type\":\"BreadcrumbList\",\"@id\":\"https:\\\/\\\/viettrungcompany.com\\\/dich-vu-khac-3\\\/sim-trung-quoc\\\/#breadcrumb\",\"itemListElement\":[{\"@type\":\"ListItem\",\"position\":1,\"name\":\"Home\",\"item\":\"https:\\\/\\\/viettrungcompany.com\\\/zh-hans\\\/\"},{\"@type\":\"ListItem\",\"position\":2,\"name\":\"\u5176\u4ed6\u670d\u52a1\",\"item\":\"https:\\\/\\\/viettrungcompany.com\\\/dich-vu-khac-3\\\/\"},{\"@type\":\"ListItem\",\"position\":3,\"name\":\"\u4e2d\u56fd\u624b\u673a\u5361\"}]},{\"@type\":\"WebSite\",\"@id\":\"https:\\\/\\\/viettrungcompany.com\\\/#website\",\"url\":\"https:\\\/\\\/viettrungcompany.com\\\/\",\"name\":\"Viet Trung Company\",\"description\":\"\",\"potentialAction\":[{\"@type\":\"SearchAction\",\"target\":{\"@type\":\"EntryPoint\",\"urlTemplate\":\"https:\\\/\\\/viettrungcompany.com\\\/?s={search_term_string}\"},\"query-input\":{\"@type\":\"PropertyValueSpecification\",\"valueRequired\":true,\"valueName\":\"search_term_string\"}}],\"inLanguage\":\"zh-Hans\"}]}<\/script>\n<!-- \/ Yoast SEO plugin. -->","yoast_head_json":{"title":"\u4e2d\u56fd\u624b\u673a\u5361 - Viet Trung Company","description":"B\u1ea1n s\u1eafp \u0111i Qu\u1ea3ng Ch\u00e2u, Th\u00e2m Quy\u1ebfn, Ngh\u0129a \u00d4 \u0111\u1ec3 c\u00f4ng t\u00e1c hay \u0111\u00e1nh h\u00e0ng? K\u1ebft n\u1ed1i \u1ed5n \u0111\u1ecbnh l\u00e0 \u201cv\u0169 kh\u00ed\u201d b\u1eaft bu\u1ed9c \u0111\u1ec3 d\u00f9ng WeChat, Alipay, \u0111\u1eb7t DiDi, Meituan, \u0111\u1ecbnh v\u1ecb b\u1ea3n \u0111\u1ed3 (Baidu\/AMap) v\u00e0 li\u00ean l\u1ea1c kho v\u1eadn. D\u01b0\u1edbi \u0111\u00e2y l\u00e0 h\u01b0\u1edbng d\u1eabn ch\u1ecdn SIM\/eSIM Trung Qu\u1ed1c m\u1edbi nh\u1ea5t, k\u00e8m d\u1ecbch v\u1ee5 h\u1ed7 tr\u1ee3 t\u1eeb Vi\u1ec7t Trung Company.","robots":{"index":"index","follow":"follow","max-snippet":"max-snippet:-1","max-image-preview":"max-image-preview:large","max-video-preview":"max-video-preview:-1"},"canonical":"https:\/\/viettrungcompany.com\/dich-vu-khac-3\/sim-trung-quoc\/","og_locale":"zh_CN","og_type":"article","og_title":"\u4e2d\u56fd\u624b\u673a\u5361 - Viet Trung Company","og_description":"B\u1ea1n s\u1eafp \u0111i Qu\u1ea3ng Ch\u00e2u, Th\u00e2m Quy\u1ebfn, Ngh\u0129a \u00d4 \u0111\u1ec3 c\u00f4ng t\u00e1c hay \u0111\u00e1nh h\u00e0ng? K\u1ebft n\u1ed1i \u1ed5n \u0111\u1ecbnh l\u00e0 \u201cv\u0169 kh\u00ed\u201d b\u1eaft bu\u1ed9c \u0111\u1ec3 d\u00f9ng WeChat, Alipay, \u0111\u1eb7t DiDi, Meituan, \u0111\u1ecbnh v\u1ecb b\u1ea3n \u0111\u1ed3 (Baidu\/AMap) v\u00e0 li\u00ean l\u1ea1c kho v\u1eadn. D\u01b0\u1edbi \u0111\u00e2y l\u00e0 h\u01b0\u1edbng d\u1eabn ch\u1ecdn SIM\/eSIM Trung Qu\u1ed1c m\u1edbi nh\u1ea5t, k\u00e8m d\u1ecbch v\u1ee5 h\u1ed7 tr\u1ee3 t\u1eeb Vi\u1ec7t Trung Company.","og_url":"https:\/\/viettrungcompany.com\/dich-vu-khac-3\/sim-trung-quoc\/","og_site_name":"Viet Trung Company","article_modified_time":"2025-08-20T07:53:50+00:00","og_image":[{"url":"https:\/\/viettrungcompany.com\/wp-content\/uploads\/2025\/08\/dich-vu-sim-trung-quoc.png","type":"","width":"","height":""}],"twitter_card":"summary_large_image","twitter_misc":{"\u9884\u8ba1\u9605\u8bfb\u65f6\u95f4":"7 \u5206"},"schema":{"@context":"https:\/\/schema.org","@graph":[{"@type":"WebPage","@id":"https:\/\/viettrungcompany.com\/dich-vu-khac-3\/sim-trung-quoc\/","url":"https:\/\/viettrungcompany.com\/dich-vu-khac-3\/sim-trung-quoc\/","name":"\u4e2d\u56fd\u624b\u673a\u5361 - Viet Trung Company","isPartOf":{"@id":"https:\/\/viettrungcompany.com\/#website"},"primaryImageOfPage":{"@id":"https:\/\/viettrungcompany.com\/dich-vu-khac-3\/sim-trung-quoc\/#primaryimage"},"image":{"@id":"https:\/\/viettrungcompany.com\/dich-vu-khac-3\/sim-trung-quoc\/#primaryimage"},"thumbnailUrl":"https:\/\/viettrungcompany.com\/wp-content\/uploads\/2025\/08\/dich-vu-sim-trung-quoc.png","datePublished":"2025-07-20T15:49:53+00:00","dateModified":"2025-08-20T07:53:50+00:00","description":"B\u1ea1n s\u1eafp \u0111i Qu\u1ea3ng Ch\u00e2u, Th\u00e2m Quy\u1ebfn, Ngh\u0129a \u00d4 \u0111\u1ec3 c\u00f4ng t\u00e1c hay \u0111\u00e1nh h\u00e0ng? K\u1ebft n\u1ed1i \u1ed5n \u0111\u1ecbnh l\u00e0 \u201cv\u0169 kh\u00ed\u201d b\u1eaft bu\u1ed9c \u0111\u1ec3 d\u00f9ng WeChat, Alipay, \u0111\u1eb7t DiDi, Meituan, \u0111\u1ecbnh v\u1ecb b\u1ea3n \u0111\u1ed3 (Baidu\/AMap) v\u00e0 li\u00ean l\u1ea1c kho v\u1eadn. D\u01b0\u1edbi \u0111\u00e2y l\u00e0 h\u01b0\u1edbng d\u1eabn ch\u1ecdn SIM\/eSIM Trung Qu\u1ed1c m\u1edbi nh\u1ea5t, k\u00e8m d\u1ecbch v\u1ee5 h\u1ed7 tr\u1ee3 t\u1eeb Vi\u1ec7t Trung Company.","breadcrumb":{"@id":"https:\/\/viettrungcompany.com\/dich-vu-khac-3\/sim-trung-quoc\/#breadcrumb"},"inLanguage":"zh-Hans","potentialAction":[{"@type":"ReadAction","target":["https:\/\/viettrungcompany.com\/dich-vu-khac-3\/sim-trung-quoc\/"]}]},{"@type":"ImageObject","inLanguage":"zh-Hans","@id":"https:\/\/viettrungcompany.com\/dich-vu-khac-3\/sim-trung-quoc\/#primaryimage","url":"https:\/\/viettrungcompany.com\/wp-content\/uploads\/2025\/08\/dich-vu-sim-trung-quoc.png","contentUrl":"https:\/\/viettrungcompany.com\/wp-content\/uploads\/2025\/08\/dich-vu-sim-trung-quoc.png"},{"@type":"BreadcrumbList","@id":"https:\/\/viettrungcompany.com\/dich-vu-khac-3\/sim-trung-quoc\/#breadcrumb","itemListElement":[{"@type":"ListItem","position":1,"name":"Home","item":"https:\/\/viettrungcompany.com\/zh-hans\/"},{"@type":"ListItem","position":2,"name":"\u5176\u4ed6\u670d\u52a1","item":"https:\/\/viettrungcompany.com\/dich-vu-khac-3\/"},{"@type":"ListItem","position":3,"name":"\u4e2d\u56fd\u624b\u673a\u5361"}]},{"@type":"WebSite","@id":"https:\/\/viettrungcompany.com\/#website","url":"https:\/\/viettrungcompany.com\/","name":"Viet Trung Company","description":"","potentialAction":[{"@type":"SearchAction","target":{"@type":"EntryPoint","urlTemplate":"https:\/\/viettrungcompany.com\/?s={search_term_string}"},"query-input":{"@type":"PropertyValueSpecification","valueRequired":true,"valueName":"search_term_string"}}],"inLanguage":"zh-Hans"}]}},"_links":{"self":[{"href":"https:\/\/viettrungcompany.com\/zh-hans\/wp-json\/wp\/v2\/pages\/38628","targetHints":{"allow":["GET"]}}],"collection":[{"href":"https:\/\/viettrungcompany.com\/zh-hans\/wp-json\/wp\/v2\/pages"}],"about":[{"href":"https:\/\/viettrungcompany.com\/zh-hans\/wp-json\/wp\/v2\/types\/page"}],"author":[{"embeddable":true,"href":"https:\/\/viettrungcompany.com\/zh-hans\/wp-json\/wp\/v2\/users\/1"}],"replies":[{"embeddable":true,"href":"https:\/\/viettrungcompany.com\/zh-hans\/wp-json\/wp\/v2\/comments?post=38628"}],"version-history":[{"count":2,"href":"https:\/\/viettrungcompany.com\/zh-hans\/wp-json\/wp\/v2\/pages\/38628\/revisions"}],"predecessor-version":[{"id":39339,"href":"https:\/\/viettrungcompany.com\/zh-hans\/wp-json\/wp\/v2\/pages\/38628\/revisions\/39339"}],"up":[{"embeddable":true,"href":"https:\/\/viettrungcompany.com\/zh-hans\/wp-json\/wp\/v2\/pages\/37044"}],"wp:attachment":[{"href":"https:\/\/viettrungcompany.com\/zh-hans\/wp-json\/wp\/v2\/media?parent=38628"}],"curies":[{"name":"wp","href":"https:\/\/api.w.org\/{rel}","templated":true}]}}