{"id":38630,"date":"2025-07-20T22:56:12","date_gmt":"2025-07-20T15:56:12","guid":{"rendered":"https:\/\/viettrungcompany.com\/dich-vu-khac-3\/tim-xuong-tim-nguon-hang\/"},"modified":"2025-08-19T22:51:48","modified_gmt":"2025-08-19T15:51:48","slug":"%e6%89%be%e5%b7%a5%e5%8e%82%ef%bc%8c%e6%89%be%e8%b4%a7%e6%ba%90","status":"publish","type":"page","link":"https:\/\/viettrungcompany.com\/zh-hans\/%e5%85%b6%e4%bb%96%e6%9c%8d%e5%8a%a1\/%e6%89%be%e5%b7%a5%e5%8e%82%ef%bc%8c%e6%89%be%e8%b4%a7%e6%ba%90\/","title":{"rendered":"\u627e\u5de5\u5382\uff0c\u627e\u8d27\u6e90"},"content":{"rendered":"<h1 style=\"text-align: center;\"><strong>\u4e2d\u56fd\u5de5\u5382\u4e0e\u8d27\u6e90\u5bfb\u627e\u670d\u52a1 \u2014\u2014 \u8d8a\u4e2d\u516c\u53f8\uff0c\u4e13\u4e1a\u53ef\u9760\uff0c\u4ef7\u683c\u4f18\u60e0<\/strong><\/h1>\n<p>\u5bfb\u627e<strong>\u4e2d\u56fd\u751f\u4ea7\u5de5\u5382<\/strong>\u5df2\u7ecf\u6210\u4e3a\u8bb8\u591a\u8d8a\u5357\u5e97\u4e3b\u548c\u4f01\u4e1a\u7684\u9996\u9009\u8d8b\u52bf\uff0c nh\u1eb1m gi\u1ea3m gi\u00e1 th\u00e0nh, ki\u1ec3m so\u00e1t ch\u1ea5t l\u01b0\u1ee3ng, \u0111a d\u1ea1ng m\u1eabu m\u00e3 v\u00e0 n\u00e2ng cao l\u1ee3i nhu\u1eadn kinh doanh. \u7136\u800c\uff0c<strong>\u4e0e\u4e2d\u56fd\u5de5\u5382\u5bf9\u63a5<\/strong>\u5e76\u4e0d\u5bb9\u6613\uff0c\u5982\u679c\u60a8\u4e0d\u61c2\u4e2d\u6587\u3001 ch\u01b0a t\u1eebng sang Trung Qu\u1ed1c hay thi\u1ebfu kinh nghi\u1ec7m l\u00e0m vi\u1ec7c v\u1edbi \u0111\u1ed1i t\u00e1c b\u1ea3n \u0111\u1ecba\u3002<strong>\u8d8a\u4e2d\u516c\u53f8<\/strong>\u63d0\u4f9b<strong>\u5de5\u5382\u5bfb\u627e\u3001\u8d27\u6e90\u5bf9\u63a5\u670d\u52a1<\/strong>\uff0c\u4e13\u4e1a\u53ef\u9760\uff0c gi\u00fap kh\u00e1ch h\u00e0ng d\u1ec5 d\u00e0ng ti\u1ebfp c\u1eadn ngu\u1ed3n h\u00e0ng ch\u1ea5t l\u01b0\u1ee3ng v\u1edbi gi\u00e1<strong>\u51fa\u5382\u4ef7<\/strong>\uff0c\u7f29\u77ed\u65f6\u95f4\uff0c\u964d\u4f4e\u98ce\u9669\u5e76\u4f18\u5316\u6210\u672c\u3002<\/p>\n<p><img loading=\"lazy\" decoding=\"async\" id=\"dich-vu-tim-xuong-nguon-hang-trung-quoc-uy-tin\" class=\"aligncenter\" dir=\"ltr\" lang=\"vi\" title=\"\u4e2d\u56fd\u5de5\u5382\u4e0e\u8d27\u6e90\u5bfb\u627e\u670d\u52a1\" src=\"https:\/\/viettrungcompany.com\/wp-content\/uploads\/2025\/07\/dich-vu-tim-xuong-nguon-hang-trung-quoc-uy-tin.jpg\" alt=\"\u4e2d\u56fd\u5de5\u5382\u4e0e\u8d27\u6e90\u5bfb\u627e\u670d\u52a1\" width=\"940\" height=\"788\" \/><\/p>\n<h2><strong>\u9009\u62e9\u8d8a\u4e2d\u516c\u53f8\u201c\u627e\u5de5\u5382 \u2013 \u627e\u8d27\u6e90\u201d\u670d\u52a1\u7684\u4f18\u52bf<\/strong><\/h2>\n<h3><strong>1. \u7cbe\u51c6\u5339\u914d \u2014\u2014 \u6309\u884c\u4e1a\u4e0e\u9700\u6c42\u5bfb\u627e\u5de5\u5382<\/strong><\/h3>\n<p>\u6211\u4eec\u62e5\u6709\u8d85\u8fc7<strong>1000+\u5408\u4f5c\u5de5\u5382<\/strong>\uff0c\u5206\u5e03\u5728\u5e7f\u5dde\u3001\u6df1\u5733\u3001\u798f\u5efa\u3001\u676d\u5dde\u7b49\u5730\uff0c\u4e3b\u8981\u6db5\u76d6\uff1a<\/p>\n<p>&#8211; \u670d\u88c5\u3001\u978b\u7c7b\u3001\u7bb1\u5305<br \/>\n&#8211; \u7535\u5b50 \u2013 \u914d\u4ef6 \u2013 \u5bb6\u5c45\u7528\u54c1<br \/>\n&#8211; \u5bb6\u5177 \u2013 \u5efa\u6750 \u2013 \u88c5\u9970\u54c1<br \/>\n&#8211; \u624b\u673a\u914d\u4ef6 \u2013 \u6c7d\u8f66\u96f6\u4ef6 \u2013 \u673a\u68b0\u8bbe\u5907<br \/>\n&#8211; OEM\u3001ODM\u5b9a\u5236\u4ea7\u54c1  <\/p>\n<p><img loading=\"lazy\" decoding=\"async\" id=\"tim-dung-xuong-theo-nganh-hang-nhu-cau-kinh-doanh\" class=\"aligncenter\" dir=\"ltr\" lang=\"vi\" title=\"\u6309\u884c\u4e1a\u9700\u6c42\u7cbe\u51c6\u627e\u5382\" src=\"https:\/\/viettrungcompany.com\/wp-content\/uploads\/2025\/07\/tim-dung-xuong-theo-nganh-hang-nhu-cau-kinh-doanh.png\" alt=\"\u6309\u884c\u4e1a\u9700\u6c42\u7cbe\u51c6\u627e\u5382\" width=\"940\" height=\"788\" \/><\/p>\n<h3><strong>2. \u627f\u8bfa\u51fa\u5382\u4ef7 \u2014\u2014 \u65e0\u4e2d\u95f4\u5dee\u4ef7<\/strong><\/h3>\n<p>&#8211; \u6211\u4eec\u76f4\u63a5\u5bf9\u63a5\u5de5\u5382\uff0c\u65e0\u9700\u7b2c\u4e09\u65b9\u4e2d\u4ecb\u3002<br \/>\n&#8211; \u62a5\u4ef7\u5747\u4e3a\u5382\u5bb6\u51fa\u5382\u4ef7\uff0c\u4e0d\u52a0\u4ef7\u3001\u4e0d\u5403\u5dee\u4ef7\u3002  <\/p>\n<h3><strong>3. \u534f\u52a9\u8c08\u5224\u3001\u8bae\u4ef7\u4e0e\u9a8c\u8d27<\/strong><\/h3>\n<p>&#8211; \u4e13\u4e1a\u8d8a\u4e2d\u53cc\u8bed\u56e2\u961f\u5168\u7a0b\u534f\u52a9\u6c9f\u901a\u8c08\u5224\u3002<br \/>\n&#8211; \u53ef\u5148\u4e0b\u5355\u6d4b\u8bd5\u6837\u54c1\uff0c\u786e\u4fdd\u5927\u8d27\u8d28\u91cf\u3002<br \/>\n&#8211; \u51fa\u8d27\u524d\u53ef\u5728\u5de5\u5382\u73b0\u573a\u9a8c\u8d27\uff0c\u4fdd\u8bc1\u54c1\u8d28\u3002  <\/p>\n<h3><strong>4. \u4e00\u7ad9\u5f0f\u652f\u4ed8 \u2013 \u7269\u6d41 \u2013 \u62a5\u5173<\/strong><\/h3>\n<p>&#8211; \u652f\u6301\u6362\u6c47\u3001\u4ee3\u4ed8\u3001\u4ea4\u6613\u4fdd\u9669\u3002<br \/>\n&#8211; 3 \u2013 7\u5929\u5373\u53ef\u5c06\u8d27\u7269\u8fd0\u56de\u8d8a\u5357\u4ed3\u5e93\u3002<br \/>\n&#8211; \u7b7e\u8ba2\u6b63\u89c4\u5408\u540c\uff0c\u59a5\u5584\u5904\u7406\u4e00\u5207\u95ee\u9898\u3002  <\/p>\n<h2><strong>\u8d8a\u4e2d\u516c\u53f8\u201c\u627e\u5de5\u5382 \u2013 \u627e\u8d27\u6e90\u201d\u670d\u52a1\u6d41\u7a0b<\/strong><\/h2>\n<h3><strong>\u6b65\u9aa41\uff1a\u63d0\u4ea4\u9700\u6c42<\/strong><\/h3>\n<p>\u63d0\u4f9b\u4ea7\u54c1\u56fe\u7247\u3001\u63cf\u8ff0\u3001\u6570\u91cf\u3001\u8d28\u91cf\u6216\u6b3e\u5f0f\u8981\u6c42\u3002  <\/p>\n<h3><strong>\u6b65\u9aa42\uff1a\u5bfb\u627e\u5e76\u6838\u5b9e\u4f9b\u5e94\u5546<\/strong><\/h3>\n<p>\u6211\u4eec<strong>\u5bfb\u627e\u53ef\u4fe1\u5de5\u5382<\/strong>\uff0c\u6838\u5b9e\u8d44\u8d28\uff0c\u62a5\u4ef7\u5e76\u63d0\u4f9b\u8be6\u7ec6\u4fe1\u606f\u4f9b\u5ba2\u6237\u5ba1\u6838\u3002  <\/p>\n<h3><strong>\u6b65\u9aa43\uff1a\u6253\u6837 \u2013 \u8c08\u5224 \u2013 \u786e\u8ba4\u8ba2\u5355<\/strong><\/h3>\n<p>\u5982\u6709\u9700\u8981\uff0c\u652f\u6301\u4e0b\u5355\u6837\u54c1\u3002<br \/>\n\u534f\u52a9\u8c08\u5224\u6700\u4f73\u4ef7\u683c\u3001\u4ea4\u8d27\u6761\u4ef6\u548c\u751f\u4ea7\u8fdb\u5ea6\u3002  <\/p>\n<h3><strong>\u6b65\u9aa44\uff1a\u751f\u4ea7 \u2013 \u8ddf\u8fdb\u8fdb\u5ea6 \u2013 \u9a8c\u8d27<\/strong><\/h3>\n<p>\u5b9a\u671f\u66f4\u65b0\u751f\u4ea7\u8fdb\u5ea6\u3002<br \/>\n\u53ef\u73b0\u573a\u9a8c\u8d27\uff0c\u6216\u901a\u8fc7\u89c6\u9891\/\u56fe\u7247\u8fdc\u7a0b\u786e\u8ba4\u3002  <\/p>\n<h3><strong>\u6b65\u9aa45\uff1a\u8fd0\u8f93\u56de\u8d8a\u5357<\/strong><\/h3>\n<p>\u6839\u636e\u9700\u6c42\uff0c\u9009\u62e9<strong>\u6b63\u8d38\u6216\u8fb9\u8d38<\/strong>\u8fd0\u8f93\u3002<br \/>\n\u8d27\u7269\u53ef\u9001\u8d27\u4e0a\u95e8\uff0c\u6216\u5ba2\u6237\u5230\u6cb3\u5185 \u2013 \u5c98\u6e2f \u2013 \u80e1\u5fd7\u660e\u4ed3\u5e93\u81ea\u63d0\u3002  <\/p>\n<p><img loading=\"lazy\" decoding=\"async\" id=\"dich-vu-nhap-khau-chinh-ngach-viet-trung\" class=\"aligncenter\" dir=\"ltr\" lang=\"vi\" title=\"\u6b63\u89c4\u6e05\u5173\u8fd0\u8f93\" src=\"https:\/\/viettrungcompany.com\/wp-content\/uploads\/2025\/07\/dich-vu-nhap-khau-chinh-ngach-viet-trung28229.jpg\" alt=\"\u6b63\u89c4\u6e05\u5173\u8fd0\u8f93\" width=\"940\" height=\"788\" \/><\/p>\n<h2><strong>\u4e3a\u4ec0\u4e48\u9009\u62e9\u8d8a\u4e2d\u516c\u53f8\u5bfb\u627e\u4e2d\u56fd\u8d27\u6e90\uff1f<\/strong><\/h2>\n<p>&#8211; 14\u5e74\u4e2d\u56fd\u627e\u8d27\u3001\u4ee3\u8d2d\u3001\u8fd0\u8f93\u7ecf\u9a8c\u3002<br \/>\n&#8211; \u8d85\u8fc71000+\u4f18\u8d28\u5de5\u5382\u5408\u4f5c\u7f51\u7edc\uff0c\u6db5\u76d6\u591a\u4e2a\u884c\u4e1a\u3002<br \/>\n&#8211; \u4e13\u4e1a\u8d8a\u4e2d\u53cc\u8bed\u56e2\u961f\uff0c\u719f\u6089\u5e02\u573a\u4e0e\u8fdb\u51fa\u53e3\u6d41\u7a0b\u3002<br \/>\n&#8211; \u62e5\u6709\u4e2d\u56fd\u4e0e\u8d8a\u5357\u4e24\u5730\u4ed3\u5e93\uff0c\u5904\u7406\u8ba2\u5355\u5feb\u901f\u9ad8\u6548\u3002<br \/>\n&#8211; \u4e25\u683c\u4fdd\u5bc6\u8d27\u6e90\u4fe1\u606f\uff0c\u4e0d\u5bf9\u7b2c\u4e09\u65b9\u6cc4\u9732\u3002  <\/p>\n<h2><strong>\u9002\u5408\u54ea\u4e9b\u4eba\u7fa4\uff1f<\/strong><\/h2>\n<p>&#8211; \u7535\u5546\u5e97\u4e3b\u3001\u5e73\u53f0\u5356\u5bb6\uff1a\u5bfb\u627e\u72ec\u5bb6\u8d27\u6e90\u3001\u4f18\u8d28\u4ea7\u54c1\u3002<br \/>\n&#8211; \u4f01\u4e1a\uff1a\u9700\u8981\u5b9a\u5236\u3001\u4e13\u5c5e\u751f\u4ea7\u8ba2\u5355\u3002<br \/>\n&#8211; \u521b\u4e1a\u4e2a\u4eba\uff1a\u7f3a\u4e4f\u7ecf\u9a8c\uff0c\u4f46\u60f3\u5c1d\u8bd5\u8fdb\u53e3\u4e1a\u52a1\u3002<br \/>\n&#8211; \u52a0\u5de5\u5382\u3001\u5efa\u7b51\u3001\u8d38\u6613\u516c\u53f8\uff1a\u9700\u8981\u7279\u5b9a\u4ea7\u54c1\u4f9b\u5e94\u3002  <\/p>\n<p><span style=\"font-weight: 400;\">\ud83d\udc49 <a href=\"https:\/\/zalo.me\/197969820382043562\" target=\"_blank\" rel=\"noopener\">\u514d\u8d39\u83b7\u53d6\u6b63\u89c4\u8fdb\u53e3\u54a8\u8be2<\/a><\/span><\/p>\n<h2><b>\u8054\u7cfb\u8d8a\u4e2d\u516c\u53f8<\/b><\/h2>\n<p><em>\u5982\u9700\u4e86\u89e3\u66f4\u591a\u4e2d\u8d8a\u8fd0\u8f93\u4e0e\u91c7\u8d2d\u4fe1\u606f\uff0c\u8bf7\u901a\u8fc7\u4ee5\u4e0b\u6e20\u9053\u8054\u7cfb\u6211\u4eec\uff1a<\/em>  <\/p>\n<p>Email: <a href=\"mailto:viettrungcompany2012@gmail.com\" target=\"_blank\" rel=\"noopener\">viettrungcompany2012@gmail.com<\/a>  <\/p>\n<p>Website: <a href=\"http:\/\/www.viettrungcompany.com\/\" target=\"_blank\" rel=\"noopener\">www.viettrungcompany.com<\/a>  <\/p>\n<p>Facebook: <a href=\"https:\/\/www.facebook.com\/viettrungcompany\" target=\"_blank\" rel=\"noopener\">https:\/\/www.facebook.com\/viettrungcompany<\/a>  <\/p>\n<p>Youtube: <a href=\"https:\/\/www.youtube.com\/@viettrungcompany\" target=\"_blank\" rel=\"noopener\">https:\/\/www.youtube.com\/@viettrungcompany<\/a>  <\/p>\n<p>Tiktok: <a href=\"https:\/\/www.tiktok.com\/@viettrungcompany\" target=\"_blank\" rel=\"noopener\">https:\/\/www.tiktok.com\/@viettrungcompany<\/a>  <\/p>\n<p><em>\u6b64\u5916\uff0c\u60a8\u4e5f\u53ef\u4ee5\u8054\u7cfb\u8d8a\u4e2d\u516c\u53f8\u5728\u8d8a\u5357\u4e09\u5730\u7684\u529e\u4e8b\u5904\uff1a<\/em>  <\/p>\n<p>\u2013 \u6cb3\u5185\u529e\u4e8b\u5904: 189 Quan Hoa \u8857, Ngh\u0129a \u0110\u00f4 \u533a, \u6cb3\u5185\u5e02. \u7535\u8bdd: 0965551166<br \/>\n\u2013 \u5c98\u6e2f\u529e\u4e8b\u5904: Savico \u5927\u53a6 2\u5c42, 66 V\u00f5 V\u0103n T\u1ea7n \u8857, Thanh Kh\u00ea \u533a, \u5c98\u6e2f\u5e02. \u7535\u8bdd: 0935131816 \u2013 0967371118<br \/>\n\u2013 \u80e1\u5fd7\u660e\u5e02\u529e\u4e8b\u5904: 264-264A Nguy\u1ec5n Th\u00e1i B\u00ecnh \u8857, B\u1ea3y Hi\u1ec1n \u533a, \u80e1\u5fd7\u660e\u5e02. \u7535\u8bdd: 0935086838 \u2013 0962259911.  <\/p>\n","protected":false},"excerpt":{"rendered":"<p>\u4e2d\u56fd\u5de5\u5382\u4e0e\u8d27\u6e90\u5bfb\u627e\u670d\u52a1 \u2014\u2014 \u8d8a\u4e2d\u516c\u53f8\uff0c<\/p>\n","protected":false},"author":1,"featured_media":0,"parent":37044,"menu_order":0,"comment_status":"closed","ping_status":"closed","template":"","meta":{"footnotes":""},"class_list":["post-38630","page","type-page","status-publish","hentry"],"yoast_head":"<!-- This site is optimized with the Yoast SEO plugin v27.4 - https:\/\/yoast.com\/product\/yoast-seo-wordpress\/ -->\n<title>\u627e\u5de5\u5382\uff0c\u627e\u8d27\u6e90 - Viet Trung Company<\/title>\n<meta name=\"description\" content=\"\u00a0Vi\u1ec7t Trung Company\u00a0cung c\u1ea5p d\u1ecbch v\u1ee5\u00a0t\u00ecm x\u01b0\u1edfng s\u1ea3n xu\u1ea5t, ngu\u1ed3n h\u00e0ng Trung Qu\u1ed1c\u00a0uy t\u00edn gi\u00fap kh\u00e1ch h\u00e0ng d\u1ec5 d\u00e0ng ti\u1ebfp c\u1eadn ngu\u1ed3n h\u00e0ng nhanh ch\u00f3ng\" \/>\n<meta name=\"robots\" content=\"index, follow, max-snippet:-1, max-image-preview:large, max-video-preview:-1\" \/>\n<link rel=\"canonical\" href=\"https:\/\/viettrungcompany.com\/dich-vu-khac-3\/tim-xuong-tim-nguon-hang\/\" \/>\n<meta property=\"og:locale\" content=\"zh_CN\" \/>\n<meta property=\"og:type\" content=\"article\" \/>\n<meta property=\"og:title\" content=\"\u627e\u5de5\u5382\uff0c\u627e\u8d27\u6e90 - Viet Trung Company\" \/>\n<meta property=\"og:description\" content=\"\u00a0Vi\u1ec7t Trung Company\u00a0cung c\u1ea5p d\u1ecbch v\u1ee5\u00a0t\u00ecm x\u01b0\u1edfng s\u1ea3n xu\u1ea5t, ngu\u1ed3n h\u00e0ng Trung Qu\u1ed1c\u00a0uy t\u00edn gi\u00fap kh\u00e1ch h\u00e0ng d\u1ec5 d\u00e0ng ti\u1ebfp c\u1eadn ngu\u1ed3n h\u00e0ng nhanh ch\u00f3ng\" \/>\n<meta property=\"og:url\" content=\"https:\/\/viettrungcompany.com\/dich-vu-khac-3\/tim-xuong-tim-nguon-hang\/\" \/>\n<meta property=\"og:site_name\" content=\"Viet Trung Company\" \/>\n<meta property=\"article:modified_time\" content=\"2025-08-19T15:51:48+00:00\" \/>\n<meta property=\"og:image\" content=\"https:\/\/viettrungcompany.com\/wp-content\/uploads\/2025\/07\/dich-vu-tim-xuong-nguon-hang-trung-quoc-uy-tin.jpg\" \/>\n<meta name=\"twitter:card\" content=\"summary_large_image\" \/>\n<meta name=\"twitter:label1\" content=\"\u9884\u8ba1\u9605\u8bfb\u65f6\u95f4\" \/>\n\t<meta name=\"twitter:data1\" content=\"5 \u5206\" \/>\n<script type=\"application\/ld+json\" class=\"yoast-schema-graph\">{\"@context\":\"https:\\\/\\\/schema.org\",\"@graph\":[{\"@type\":\"WebPage\",\"@id\":\"https:\\\/\\\/viettrungcompany.com\\\/dich-vu-khac-3\\\/tim-xuong-tim-nguon-hang\\\/\",\"url\":\"https:\\\/\\\/viettrungcompany.com\\\/dich-vu-khac-3\\\/tim-xuong-tim-nguon-hang\\\/\",\"name\":\"\u627e\u5de5\u5382\uff0c\u627e\u8d27\u6e90 - Viet Trung Company\",\"isPartOf\":{\"@id\":\"https:\\\/\\\/viettrungcompany.com\\\/#website\"},\"primaryImageOfPage\":{\"@id\":\"https:\\\/\\\/viettrungcompany.com\\\/dich-vu-khac-3\\\/tim-xuong-tim-nguon-hang\\\/#primaryimage\"},\"image\":{\"@id\":\"https:\\\/\\\/viettrungcompany.com\\\/dich-vu-khac-3\\\/tim-xuong-tim-nguon-hang\\\/#primaryimage\"},\"thumbnailUrl\":\"https:\\\/\\\/viettrungcompany.com\\\/wp-content\\\/uploads\\\/2025\\\/07\\\/dich-vu-tim-xuong-nguon-hang-trung-quoc-uy-tin.jpg\",\"datePublished\":\"2025-07-20T15:56:12+00:00\",\"dateModified\":\"2025-08-19T15:51:48+00:00\",\"description\":\"\u00a0Vi\u1ec7t Trung Company\u00a0cung c\u1ea5p d\u1ecbch v\u1ee5\u00a0t\u00ecm x\u01b0\u1edfng s\u1ea3n xu\u1ea5t, ngu\u1ed3n h\u00e0ng Trung Qu\u1ed1c\u00a0uy t\u00edn gi\u00fap kh\u00e1ch h\u00e0ng d\u1ec5 d\u00e0ng ti\u1ebfp c\u1eadn ngu\u1ed3n h\u00e0ng nhanh ch\u00f3ng\",\"breadcrumb\":{\"@id\":\"https:\\\/\\\/viettrungcompany.com\\\/dich-vu-khac-3\\\/tim-xuong-tim-nguon-hang\\\/#breadcrumb\"},\"inLanguage\":\"zh-Hans\",\"potentialAction\":[{\"@type\":\"ReadAction\",\"target\":[\"https:\\\/\\\/viettrungcompany.com\\\/dich-vu-khac-3\\\/tim-xuong-tim-nguon-hang\\\/\"]}]},{\"@type\":\"ImageObject\",\"inLanguage\":\"zh-Hans\",\"@id\":\"https:\\\/\\\/viettrungcompany.com\\\/dich-vu-khac-3\\\/tim-xuong-tim-nguon-hang\\\/#primaryimage\",\"url\":\"https:\\\/\\\/viettrungcompany.com\\\/wp-content\\\/uploads\\\/2025\\\/07\\\/dich-vu-tim-xuong-nguon-hang-trung-quoc-uy-tin.jpg\",\"contentUrl\":\"https:\\\/\\\/viettrungcompany.com\\\/wp-content\\\/uploads\\\/2025\\\/07\\\/dich-vu-tim-xuong-nguon-hang-trung-quoc-uy-tin.jpg\"},{\"@type\":\"BreadcrumbList\",\"@id\":\"https:\\\/\\\/viettrungcompany.com\\\/dich-vu-khac-3\\\/tim-xuong-tim-nguon-hang\\\/#breadcrumb\",\"itemListElement\":[{\"@type\":\"ListItem\",\"position\":1,\"name\":\"Home\",\"item\":\"https:\\\/\\\/viettrungcompany.com\\\/zh-hans\\\/\"},{\"@type\":\"ListItem\",\"position\":2,\"name\":\"\u5176\u4ed6\u670d\u52a1\",\"item\":\"https:\\\/\\\/viettrungcompany.com\\\/dich-vu-khac-3\\\/\"},{\"@type\":\"ListItem\",\"position\":3,\"name\":\"\u627e\u5de5\u5382\uff0c\u627e\u8d27\u6e90\"}]},{\"@type\":\"WebSite\",\"@id\":\"https:\\\/\\\/viettrungcompany.com\\\/#website\",\"url\":\"https:\\\/\\\/viettrungcompany.com\\\/\",\"name\":\"Viet Trung Company\",\"description\":\"\",\"potentialAction\":[{\"@type\":\"SearchAction\",\"target\":{\"@type\":\"EntryPoint\",\"urlTemplate\":\"https:\\\/\\\/viettrungcompany.com\\\/?s={search_term_string}\"},\"query-input\":{\"@type\":\"PropertyValueSpecification\",\"valueRequired\":true,\"valueName\":\"search_term_string\"}}],\"inLanguage\":\"zh-Hans\"}]}<\/script>\n<!-- \/ Yoast SEO plugin. -->","yoast_head_json":{"title":"\u627e\u5de5\u5382\uff0c\u627e\u8d27\u6e90 - Viet Trung Company","description":"\u00a0Vi\u1ec7t Trung Company\u00a0cung c\u1ea5p d\u1ecbch v\u1ee5\u00a0t\u00ecm x\u01b0\u1edfng s\u1ea3n xu\u1ea5t, ngu\u1ed3n h\u00e0ng Trung Qu\u1ed1c\u00a0uy t\u00edn gi\u00fap kh\u00e1ch h\u00e0ng d\u1ec5 d\u00e0ng ti\u1ebfp c\u1eadn ngu\u1ed3n h\u00e0ng nhanh ch\u00f3ng","robots":{"index":"index","follow":"follow","max-snippet":"max-snippet:-1","max-image-preview":"max-image-preview:large","max-video-preview":"max-video-preview:-1"},"canonical":"https:\/\/viettrungcompany.com\/dich-vu-khac-3\/tim-xuong-tim-nguon-hang\/","og_locale":"zh_CN","og_type":"article","og_title":"\u627e\u5de5\u5382\uff0c\u627e\u8d27\u6e90 - Viet Trung Company","og_description":"\u00a0Vi\u1ec7t Trung Company\u00a0cung c\u1ea5p d\u1ecbch v\u1ee5\u00a0t\u00ecm x\u01b0\u1edfng s\u1ea3n xu\u1ea5t, ngu\u1ed3n h\u00e0ng Trung Qu\u1ed1c\u00a0uy t\u00edn gi\u00fap kh\u00e1ch h\u00e0ng d\u1ec5 d\u00e0ng ti\u1ebfp c\u1eadn ngu\u1ed3n h\u00e0ng nhanh ch\u00f3ng","og_url":"https:\/\/viettrungcompany.com\/dich-vu-khac-3\/tim-xuong-tim-nguon-hang\/","og_site_name":"Viet Trung Company","article_modified_time":"2025-08-19T15:51:48+00:00","og_image":[{"url":"https:\/\/viettrungcompany.com\/wp-content\/uploads\/2025\/07\/dich-vu-tim-xuong-nguon-hang-trung-quoc-uy-tin.jpg","type":"","width":"","height":""}],"twitter_card":"summary_large_image","twitter_misc":{"\u9884\u8ba1\u9605\u8bfb\u65f6\u95f4":"5 \u5206"},"schema":{"@context":"https:\/\/schema.org","@graph":[{"@type":"WebPage","@id":"https:\/\/viettrungcompany.com\/dich-vu-khac-3\/tim-xuong-tim-nguon-hang\/","url":"https:\/\/viettrungcompany.com\/dich-vu-khac-3\/tim-xuong-tim-nguon-hang\/","name":"\u627e\u5de5\u5382\uff0c\u627e\u8d27\u6e90 - Viet Trung Company","isPartOf":{"@id":"https:\/\/viettrungcompany.com\/#website"},"primaryImageOfPage":{"@id":"https:\/\/viettrungcompany.com\/dich-vu-khac-3\/tim-xuong-tim-nguon-hang\/#primaryimage"},"image":{"@id":"https:\/\/viettrungcompany.com\/dich-vu-khac-3\/tim-xuong-tim-nguon-hang\/#primaryimage"},"thumbnailUrl":"https:\/\/viettrungcompany.com\/wp-content\/uploads\/2025\/07\/dich-vu-tim-xuong-nguon-hang-trung-quoc-uy-tin.jpg","datePublished":"2025-07-20T15:56:12+00:00","dateModified":"2025-08-19T15:51:48+00:00","description":"\u00a0Vi\u1ec7t Trung Company\u00a0cung c\u1ea5p d\u1ecbch v\u1ee5\u00a0t\u00ecm x\u01b0\u1edfng s\u1ea3n xu\u1ea5t, ngu\u1ed3n h\u00e0ng Trung Qu\u1ed1c\u00a0uy t\u00edn gi\u00fap kh\u00e1ch h\u00e0ng d\u1ec5 d\u00e0ng ti\u1ebfp c\u1eadn ngu\u1ed3n h\u00e0ng nhanh ch\u00f3ng","breadcrumb":{"@id":"https:\/\/viettrungcompany.com\/dich-vu-khac-3\/tim-xuong-tim-nguon-hang\/#breadcrumb"},"inLanguage":"zh-Hans","potentialAction":[{"@type":"ReadAction","target":["https:\/\/viettrungcompany.com\/dich-vu-khac-3\/tim-xuong-tim-nguon-hang\/"]}]},{"@type":"ImageObject","inLanguage":"zh-Hans","@id":"https:\/\/viettrungcompany.com\/dich-vu-khac-3\/tim-xuong-tim-nguon-hang\/#primaryimage","url":"https:\/\/viettrungcompany.com\/wp-content\/uploads\/2025\/07\/dich-vu-tim-xuong-nguon-hang-trung-quoc-uy-tin.jpg","contentUrl":"https:\/\/viettrungcompany.com\/wp-content\/uploads\/2025\/07\/dich-vu-tim-xuong-nguon-hang-trung-quoc-uy-tin.jpg"},{"@type":"BreadcrumbList","@id":"https:\/\/viettrungcompany.com\/dich-vu-khac-3\/tim-xuong-tim-nguon-hang\/#breadcrumb","itemListElement":[{"@type":"ListItem","position":1,"name":"Home","item":"https:\/\/viettrungcompany.com\/zh-hans\/"},{"@type":"ListItem","position":2,"name":"\u5176\u4ed6\u670d\u52a1","item":"https:\/\/viettrungcompany.com\/dich-vu-khac-3\/"},{"@type":"ListItem","position":3,"name":"\u627e\u5de5\u5382\uff0c\u627e\u8d27\u6e90"}]},{"@type":"WebSite","@id":"https:\/\/viettrungcompany.com\/#website","url":"https:\/\/viettrungcompany.com\/","name":"Viet Trung Company","description":"","potentialAction":[{"@type":"SearchAction","target":{"@type":"EntryPoint","urlTemplate":"https:\/\/viettrungcompany.com\/?s={search_term_string}"},"query-input":{"@type":"PropertyValueSpecification","valueRequired":true,"valueName":"search_term_string"}}],"inLanguage":"zh-Hans"}]}},"_links":{"self":[{"href":"https:\/\/viettrungcompany.com\/zh-hans\/wp-json\/wp\/v2\/pages\/38630","targetHints":{"allow":["GET"]}}],"collection":[{"href":"https:\/\/viettrungcompany.com\/zh-hans\/wp-json\/wp\/v2\/pages"}],"about":[{"href":"https:\/\/viettrungcompany.com\/zh-hans\/wp-json\/wp\/v2\/types\/page"}],"author":[{"embeddable":true,"href":"https:\/\/viettrungcompany.com\/zh-hans\/wp-json\/wp\/v2\/users\/1"}],"replies":[{"embeddable":true,"href":"https:\/\/viettrungcompany.com\/zh-hans\/wp-json\/wp\/v2\/comments?post=38630"}],"version-history":[{"count":2,"href":"https:\/\/viettrungcompany.com\/zh-hans\/wp-json\/wp\/v2\/pages\/38630\/revisions"}],"predecessor-version":[{"id":39268,"href":"https:\/\/viettrungcompany.com\/zh-hans\/wp-json\/wp\/v2\/pages\/38630\/revisions\/39268"}],"up":[{"embeddable":true,"href":"https:\/\/viettrungcompany.com\/zh-hans\/wp-json\/wp\/v2\/pages\/37044"}],"wp:attachment":[{"href":"https:\/\/viettrungcompany.com\/zh-hans\/wp-json\/wp\/v2\/media?parent=38630"}],"curies":[{"name":"wp","href":"https:\/\/api.w.org\/{rel}","templated":true}]}}