{"id":38638,"date":"2025-07-20T23:04:01","date_gmt":"2025-07-20T16:04:01","guid":{"rendered":"https:\/\/viettrungcompany.com\/huong-dan\/cach-tinh-chi-phi-van-chuyen\/"},"modified":"2025-08-20T15:14:31","modified_gmt":"2025-08-20T08:14:31","slug":"%e4%b8%ad%e6%96%87%e7%bf%bb%e8%af%91%ef%bc%9a%e8%bf%90%e8%be%93%e8%b4%b9%e7%94%a8%e8%ae%a1%e7%ae%97%e6%96%b9%e5%bc%8f","status":"publish","type":"page","link":"https:\/\/viettrungcompany.com\/zh-hans\/%e6%8c%87%e5%8d%97\/%e4%b8%ad%e6%96%87%e7%bf%bb%e8%af%91%ef%bc%9a%e8%bf%90%e8%be%93%e8%b4%b9%e7%94%a8%e8%ae%a1%e7%ae%97%e6%96%b9%e5%bc%8f\/","title":{"rendered":"\u4e2d\u6587\u7ffb\u8bd1\uff1a\u8fd0\u8f93\u8d39\u7528\u8ba1\u7b97\u65b9\u5f0f"},"content":{"rendered":"<h1 dir=\"ltr\" style=\"text-align: center;\"><strong>\u4e2d\u56fd\u6b63\u89c4\u8fdb\u53e3\u8fd0\u8f93\u8d39\u7528\u8ba1\u7b97\u65b9\u5f0f<\/strong><\/h1>\n<p dir=\"ltr\">\u4ece\u4e2d\u56fd\u5230\u8d8a\u5357\u7684<strong>\u6b63\u89c4\u8fdb\u53e3\u8fd0\u8f93\u8d39\u7528<\/strong>\uff0c\u59cb\u7ec8\u662f\u4f01\u4e1a\u548c\u4e2a\u4f53\u7ecf\u8425\u6237\u6700\u5173\u5fc3\u7684\u95ee\u9898\u3002\u4e00\u4e2a\u6e05\u6670\u900f\u660e\u7684\u8ba1\u7b97\u65b9\u6cd5\uff0c\u5c06\u5e2e\u52a9\u60a8\u8f7b\u677e\u63a7\u5236\u9884\u7b97\uff0c\u907f\u514d\u989d\u5916\u8d39\u7528\u5e76\u4f18\u5316\u5229\u6da6\u3002<strong>Vi\u1ec7t Trung Company<\/strong> \u5c06\u4e3a\u60a8\u8be6\u7ec6\u89e3\u6790\u6bcf\u4e00\u9879\u8d39\u7528\u7ec4\u6210\uff0c\u5e76\u9644\u6709\u5b9e\u9645\u4ef7\u76ee\u8868\u548c\u6700\u6e05\u6670\u7684\u8ba1\u7b97\u65b9\u5f0f\uff0c\u9002\u5408\u6240\u6709\u4f01\u4e1a\u548c\u4e2a\u4f53\u7ecf\u8425\u6237\u3002<\/p>\n<p><img loading=\"lazy\" decoding=\"async\" id=\"cach-tinh-chi-phi-van-chuyen-chinh-ngach\" class=\"aligncenter\" dir=\"ltr\" lang=\"zh\" title=\"\u4e2d\u56fd\u6b63\u89c4\u8fdb\u53e3\u8fd0\u8f93\u8d39\u7528\u8ba1\u7b97\u65b9\u5f0f\" src=\"https:\/\/viettrungcompany.com\/wp-content\/uploads\/2025\/07\/cach-tinh-chi-phi-van-chuyen-chinh-ngach.png\" alt=\"\u4e2d\u56fd\u6b63\u89c4\u8fdb\u53e3\u8fd0\u8f93\u8d39\u7528\u8ba1\u7b97\u65b9\u5f0f\" width=\"940\" height=\"788\" \/><\/p>\n<h2 dir=\"ltr\"><strong>1. \u4e3a\u4ec0\u4e48\u8981\u4e86\u89e3\u6b63\u89c4\u8fdb\u53e3\u8fd0\u8f93\u8d39\u7528\u7684\u8ba1\u7b97\u65b9\u5f0f\uff1f<\/strong><\/h2>\n<p dir=\"ltr\">\u5f53\u901a\u8fc7<strong>\u6b63\u89c4\u8fdb\u53e3<\/strong>\u65b9\u5f0f\u4ece\u4e2d\u56fd\u8fdb\u53e3\u8d27\u7269\u5230\u8d8a\u5357\u65f6\uff0c\u638c\u63e1<strong>\u8d39\u7528\u8ba1\u7b97\u65b9\u6cd5<\/strong>\u662f\u5173\u952e\uff0c\u6709\u52a9\u4e8e\uff1a<\/p>\n<p dir=\"ltr\">&#8211; \u4e3b\u52a8\u5236\u5b9a\u6bcf\u6279\u8d27\u7684\u8d22\u52a1\u8ba1\u5212\u3002<\/p>\n<p dir=\"ltr\">&#8211; \u907f\u514d\u56e0\u8fd0\u8f93\u5355\u4f4d\u7f3a\u4e4f\u900f\u660e\u5ea6\u800c\u4ea7\u751f\u7684\u9690\u6027\u8d39\u7528\u3002<\/p>\n<p dir=\"ltr\">&#8211; \u5bf9\u6bd4\u5e76\u9009\u62e9\u5408\u9002\u7684\u8fd0\u8f93\u65b9\u6848\uff0c\u4f18\u5316\u7ecf\u8425\u5229\u6da6\u3002<\/p>\n<p dir=\"ltr\">\u6b63\u89c4\u8fdb\u53e3\u8d39\u7528\u4e0d\u4ec5\u4ec5\u662f\u8fd0\u8f93\u8d39\uff0c\u8fd8\u5305\u62ec\uff1a<strong>\u62a5\u5173\u8d39\u3001\u8fdb\u53e3\u7a0e\u3001\u68c0\u9a8c\u8d39\u3001\u88c5\u5378\u8d39\u3001\u5806\u573a\u8d39\u3001\u5883\u5185\u8fd0\u8f93\u8d39<\/strong>\u7b49\u3002\u4e0d\u4e86\u89e3\u8d39\u7528\u7ed3\u6784\u5c06\u5bfc\u81f4\u8d44\u91d1\u6d41\u5931\u53ca\u5f00\u7968\u56f0\u96be\u3002<\/p>\n<h2 dir=\"ltr\"><strong>2. \u6b63\u89c4\u8fdb\u53e3\u8fd0\u8f93\u8d39\u7528\u516c\u5f0f<\/strong><\/h2>\n<p dir=\"ltr\"><strong>\u8fd0\u8f93\u603b\u8d39\u7528<\/strong> = A. <strong>\u8fdb\u51fa\u53e3\u4ee3\u7406\u8d39<\/strong> + B. <strong>\u57fa\u7840\u8fd0\u8f93\u8d39<\/strong> + C. <strong>\u8fdb\u53e3\u7a0e\u53ca\u589e\u503c\u7a0e<\/strong> + D. <strong>\u4e13\u4e1a\u68c0\u9a8c\u8d39\u7528<\/strong> + E. <strong>\u9644\u52a0\u8d39\u7528<\/strong><\/p>\n<h3 dir=\"ltr\"><strong>A. \u8fdb\u51fa\u53e3\u4ee3\u7406\u8d39<\/strong><\/h3>\n<p dir=\"ltr\"><strong>\u62fc\u7bb1\u8d27\uff1a<\/strong> 500,000 \u8d8a\u76fe\/\u9879<\/p>\n<p dir=\"ltr\"><strong>\u6574\u67dc\u8d27\uff1a<\/strong> \u89c6\u8d27\u7269\u4e0d\u540c\uff0c\u9700\u8054\u7cfb\u62a5\u4ef7<\/p>\n<h3 dir=\"ltr\"><strong>B. \u57fa\u7840\u8fd0\u8f93\u8d39<\/strong><\/h3>\n<p dir=\"ltr\">\u6839\u636e<strong>\u91cd\u91cf(kg)<\/strong>\u6216<strong>\u4f53\u79ef(m\u00b3)<\/strong>\u53ca\u8fd0\u8f93\u8def\u7ebf\u8ba1\u7b97\u3002<\/p>\n<h3 dir=\"ltr\"><strong>C. \u8fdb\u53e3\u7a0e\u53ca\u589e\u503c\u7a0e<\/strong><\/h3>\n<p dir=\"ltr\">&#8211; <strong>\u8fdb\u53e3\u7a0e<\/strong>\uff1a0\u201330%\uff08\u89c6\u8d27\u7269\u800c\u5b9a\uff09<\/p>\n<p dir=\"ltr\">&#8211; <strong>VAT<\/strong>\uff1a8%\uff08\u5e38\u89c1\uff09<\/p>\n<p dir=\"ltr\">&#8211; \u5982\u6709 C\/O form E\uff08ACFTA\uff09\uff0c\u53ef<strong>\u4eab\u53d7\u514d\u7a0e<\/strong><\/p>\n<h3 dir=\"ltr\"><strong>D. \u4e13\u4e1a\u68c0\u9a8c\u8d39\u7528\uff08\u5982\u9700\uff09<\/strong><\/h3>\n<p dir=\"ltr\">&#8211; \u513f\u7ae5\u73a9\u5177\uff1a700\u2013850 \u4e07\u8d8a\u76fe\/\u6279<\/p>\n<p dir=\"ltr\">&#8211; \u5bb6\u7535\u3001\u98df\u54c1\uff1a600\u20131200 \u4e07\u8d8a\u76fe\/\u6279<\/p>\n<p dir=\"ltr\">&#8211; \u98df\u54c1\u5b89\u5168\u68c0\u6d4b\uff1a100 \u4e07\u8d8a\u76fe\/\u6279<\/p>\n<h3 dir=\"ltr\"><strong>E. \u9644\u52a0\u8d39\u7528<\/strong><\/h3>\n<p dir=\"ltr\"><strong>&#8211; \u4e2d\u56fd\u4ed3\u50a8\u8d39\uff1a<\/strong> \u524d 5 \u5929\u514d\u8d39\uff0c\u7b2c 6 \u5929\u8d77 30 \u5143\/m\u00b3\/\u5929<\/p>\n<p dir=\"ltr\"><strong>&#8211; \u8d8a\u5357\u4ed3\u50a8\u8d39\uff1a<\/strong> \u524d 2 \u5929\u514d\u8d39\uff0c\u7b2c 3 \u5929\u8d77 20,000 \u8d8a\u76fe\/m\u00b3\/\u5929<\/p>\n<p dir=\"ltr\"><strong>&#8211; \u91cd\u8d27\u540a\u88c5\u8d39\uff1a<\/strong> 200kg \u4ee5\u4e0a\uff0c70\u2013200 \u5143\/\u4ef6<\/p>\n<p dir=\"ltr\"><strong>&#8211; \u6574\u67dc\u88c5\u5378\u8d39\uff1a<\/strong> 2,000 \u5143\/17M \u8f66\uff0c1,500 \u5143\/13M \u8f66<\/p>\n<h2 dir=\"ltr\"><strong>3. \u5b9e\u4f8b\u8ba1\u7b97<\/strong><\/h2>\n<p dir=\"ltr\">\u4f8b\u5982\uff1a1 \u5428\u670d\u88c5\u4ece\u5e7f\u5dde\u8fd0\u81f3\u6cb3\u5185\uff0c\u6709 C\/O form E\uff0c\u65e0\u9700\u68c0\u9a8c\uff1a<\/p>\n<p dir=\"ltr\">&#8211; \u4ee3\u7406\u8d39\uff1a500,000 \u8d8a\u76fe<\/p>\n<p dir=\"ltr\">&#8211; \u8fd0\u8f93\u8d39\uff1a10,000 \u8d8a\u76fe\/kg \u00d7 1,000kg = 10,000,000 \u8d8a\u76fe<\/p>\n<p dir=\"ltr\">&#8211; \u8fdb\u53e3\u7a0e\uff1a0%\uff08\u514d\u7a0e\uff09<\/p>\n<p dir=\"ltr\">&#8211; VAT\uff1a8% \u00d7 50,000,000 = 4,000,000 \u8d8a\u76fe<\/p>\n<p dir=\"ltr\"><strong>\u5408\u8ba1\uff1a<\/strong> 14,500,000 \u8d8a\u76fe<\/p>\n<h2 dir=\"ltr\"><strong>4. \u8d54\u507f\u653f\u7b56<\/strong><\/h2>\n<p dir=\"ltr\">&#8211; \u666e\u901a\u8d27\uff1a\u5982\u8fd0\u8f93\u5bfc\u81f4\u635f\u574f \u2192 \u6700\u9ad8\u8d54\u507f 100%\u3002<\/p>\n<p dir=\"ltr\">&#8211; \u5916\u5305\u88c5\u5b8c\u597d\u65e0\u635f \u2192 \u4e0d\u8d1f\u8d23\u5185\u90e8\u95ee\u9898\u3002<\/p>\n<p dir=\"ltr\">&#8211; \u6613\u788e\u54c1\uff1a\u5ba2\u6237\u9700\u63d0\u524d\u8bf4\u660e\u5e76\u63d0\u4f9b\u5305\u88c5\u6807\u51c6\u3002<\/p>\n<p dir=\"ltr\">&#8211; \u672a\u63d0\u524d\u8bf4\u660e \u2192 \u4e0d\u8d54\u507f\uff1b\u5df2\u8bf4\u660e\u4e14\u5305\u88c5\u5408\u89c4 \u2192 \u6700\u9ad8\u8d54\u507f 100%\u3002<\/p>\n<p dir=\"ltr\">&#8211; \u8d27\u7269\u4e22\u5931 \u2192 \u8d54\u507f 100% \u62a5\u5173\u4ef7\u503c\u3002<\/p>\n<p dir=\"ltr\"><strong>\u6240\u6709\u6295\u8bc9\u5fc5\u987b\u9644\u6709\u5378\u8d27\u89c6\u9891\u3002<\/strong><\/p>\n<h2 dir=\"ltr\"><strong>5. \u7ed3\u8bba<\/strong><\/h2>\n<p dir=\"ltr\">\u6b63\u89c4\u8fdb\u53e3\u8fd0\u8f93\u8d39\u7528\u7684\u8ba1\u7b97\u9700\u8003\u8651\u91cd\u91cf\u3001\u4f53\u79ef\u3001\u8d27\u7269\u7c7b\u578b\u3001\u8def\u7ebf\u53ca\u7a0e\u8d39\u653f\u7b56\u3002\u9009\u62e9 <strong>Vi\u1ec7t Trung Company<\/strong> \u670d\u52a1\uff0c\u60a8\u5c06\u83b7\u5f97\u5168\u7a0b\u652f\u6301\uff0c\u786e\u4fdd\u6210\u672c\u6700\u4f18\uff0c\u8d27\u7269\u5408\u6cd5\u3001\u5b89\u5168\u5230\u8fbe\u3002<\/p>\n<p>\ud83d\udc49 <a href=\"https:\/\/zalo.me\/197969820382043562\" target=\"_blank\" rel=\"noopener\">\u514d\u8d39\u54a8\u8be2\u6b63\u89c4\u8fdb\u53e3\u670d\u52a1<\/a><\/p>\n","protected":false},"excerpt":{"rendered":"<p>\u4e2d\u56fd\u6b63\u89c4\u8fdb\u53e3\u8fd0\u8f93\u8d39\u7528\u8ba1\u7b97\u65b9\u5f0f \u4ece\u4e2d\u56fd\u5230\u8d8a<\/p>\n","protected":false},"author":1,"featured_media":0,"parent":38636,"menu_order":0,"comment_status":"closed","ping_status":"closed","template":"","meta":{"footnotes":""},"class_list":["post-38638","page","type-page","status-publish","hentry"],"yoast_head":"<!-- This site is optimized with the Yoast SEO plugin v27.4 - https:\/\/yoast.com\/product\/yoast-seo-wordpress\/ -->\n<title>\u4e2d\u6587\u7ffb\u8bd1\uff1a\u8fd0\u8f93\u8d39\u7528\u8ba1\u7b97\u65b9\u5f0f - Viet Trung Company<\/title>\n<meta name=\"description\" content=\"Chi ph\u00ed v\u1eadn chuy\u1ec3n h\u00e0ng h\u00f3a t\u1eeb Trung Qu\u1ed1c v\u1ec1 Vi\u1ec7t Nam theo h\u00ecnh th\u1ee9c ch\u00ednh ng\u1ea1ch\u00a0lu\u00f4n\u00a0l\u00e0 m\u1ed1i quan t\u00e2m h\u00e0ng \u0111\u1ea7u c\u1ee7a doanh nghi\u1ec7p v\u00e0 h\u1ed9 kinh doanh. M\u1ed9t ph\u01b0\u01a1ng ph\u00e1p t\u00ednh chi ph\u00ed r\u00f5 r\u00e0ng, minh b\u1ea1ch s\u1ebd gi\u00fap b\u1ea1n d\u1ec5 d\u00e0ng ki\u1ec3m so\u00e1t ng\u00e2n s\u00e1ch, tr\u00e1nh ph\u00e1t sinh v\u00e0 t\u1ed1i \u01b0u l\u1ee3i nhu\u1eadn.\u00a0\" \/>\n<meta name=\"robots\" content=\"index, follow, max-snippet:-1, max-image-preview:large, max-video-preview:-1\" \/>\n<link rel=\"canonical\" href=\"https:\/\/viettrungcompany.com\/huong-dan\/cach-tinh-chi-phi-van-chuyen\/\" \/>\n<meta property=\"og:locale\" content=\"zh_CN\" \/>\n<meta property=\"og:type\" content=\"article\" \/>\n<meta property=\"og:title\" content=\"\u4e2d\u6587\u7ffb\u8bd1\uff1a\u8fd0\u8f93\u8d39\u7528\u8ba1\u7b97\u65b9\u5f0f - Viet Trung Company\" \/>\n<meta property=\"og:description\" content=\"Chi ph\u00ed v\u1eadn chuy\u1ec3n h\u00e0ng h\u00f3a t\u1eeb Trung Qu\u1ed1c v\u1ec1 Vi\u1ec7t Nam theo h\u00ecnh th\u1ee9c ch\u00ednh ng\u1ea1ch\u00a0lu\u00f4n\u00a0l\u00e0 m\u1ed1i quan t\u00e2m h\u00e0ng \u0111\u1ea7u c\u1ee7a doanh nghi\u1ec7p v\u00e0 h\u1ed9 kinh doanh. M\u1ed9t ph\u01b0\u01a1ng ph\u00e1p t\u00ednh chi ph\u00ed r\u00f5 r\u00e0ng, minh b\u1ea1ch s\u1ebd gi\u00fap b\u1ea1n d\u1ec5 d\u00e0ng ki\u1ec3m so\u00e1t ng\u00e2n s\u00e1ch, tr\u00e1nh ph\u00e1t sinh v\u00e0 t\u1ed1i \u01b0u l\u1ee3i nhu\u1eadn.\u00a0\" \/>\n<meta property=\"og:url\" content=\"https:\/\/viettrungcompany.com\/huong-dan\/cach-tinh-chi-phi-van-chuyen\/\" \/>\n<meta property=\"og:site_name\" content=\"Viet Trung Company\" \/>\n<meta property=\"article:modified_time\" content=\"2025-08-20T08:14:31+00:00\" \/>\n<meta property=\"og:image\" content=\"https:\/\/viettrungcompany.com\/wp-content\/uploads\/2025\/07\/cach-tinh-chi-phi-van-chuyen-chinh-ngach.png\" \/>\n<meta name=\"twitter:card\" content=\"summary_large_image\" \/>\n<meta name=\"twitter:label1\" content=\"\u9884\u8ba1\u9605\u8bfb\u65f6\u95f4\" \/>\n\t<meta name=\"twitter:data1\" content=\"9 \u5206\" \/>\n<script type=\"application\/ld+json\" class=\"yoast-schema-graph\">{\"@context\":\"https:\\\/\\\/schema.org\",\"@graph\":[{\"@type\":\"WebPage\",\"@id\":\"https:\\\/\\\/viettrungcompany.com\\\/huong-dan\\\/cach-tinh-chi-phi-van-chuyen\\\/\",\"url\":\"https:\\\/\\\/viettrungcompany.com\\\/huong-dan\\\/cach-tinh-chi-phi-van-chuyen\\\/\",\"name\":\"\u4e2d\u6587\u7ffb\u8bd1\uff1a\u8fd0\u8f93\u8d39\u7528\u8ba1\u7b97\u65b9\u5f0f - Viet Trung Company\",\"isPartOf\":{\"@id\":\"https:\\\/\\\/viettrungcompany.com\\\/#website\"},\"primaryImageOfPage\":{\"@id\":\"https:\\\/\\\/viettrungcompany.com\\\/huong-dan\\\/cach-tinh-chi-phi-van-chuyen\\\/#primaryimage\"},\"image\":{\"@id\":\"https:\\\/\\\/viettrungcompany.com\\\/huong-dan\\\/cach-tinh-chi-phi-van-chuyen\\\/#primaryimage\"},\"thumbnailUrl\":\"https:\\\/\\\/viettrungcompany.com\\\/wp-content\\\/uploads\\\/2025\\\/07\\\/cach-tinh-chi-phi-van-chuyen-chinh-ngach.png\",\"datePublished\":\"2025-07-20T16:04:01+00:00\",\"dateModified\":\"2025-08-20T08:14:31+00:00\",\"description\":\"Chi ph\u00ed v\u1eadn chuy\u1ec3n h\u00e0ng h\u00f3a t\u1eeb Trung Qu\u1ed1c v\u1ec1 Vi\u1ec7t Nam theo h\u00ecnh th\u1ee9c ch\u00ednh ng\u1ea1ch\u00a0lu\u00f4n\u00a0l\u00e0 m\u1ed1i quan t\u00e2m h\u00e0ng \u0111\u1ea7u c\u1ee7a doanh nghi\u1ec7p v\u00e0 h\u1ed9 kinh doanh. M\u1ed9t ph\u01b0\u01a1ng ph\u00e1p t\u00ednh chi ph\u00ed r\u00f5 r\u00e0ng, minh b\u1ea1ch s\u1ebd gi\u00fap b\u1ea1n d\u1ec5 d\u00e0ng ki\u1ec3m so\u00e1t ng\u00e2n s\u00e1ch, tr\u00e1nh ph\u00e1t sinh v\u00e0 t\u1ed1i \u01b0u l\u1ee3i nhu\u1eadn.\u00a0\",\"breadcrumb\":{\"@id\":\"https:\\\/\\\/viettrungcompany.com\\\/huong-dan\\\/cach-tinh-chi-phi-van-chuyen\\\/#breadcrumb\"},\"inLanguage\":\"zh-Hans\",\"potentialAction\":[{\"@type\":\"ReadAction\",\"target\":[\"https:\\\/\\\/viettrungcompany.com\\\/huong-dan\\\/cach-tinh-chi-phi-van-chuyen\\\/\"]}]},{\"@type\":\"ImageObject\",\"inLanguage\":\"zh-Hans\",\"@id\":\"https:\\\/\\\/viettrungcompany.com\\\/huong-dan\\\/cach-tinh-chi-phi-van-chuyen\\\/#primaryimage\",\"url\":\"https:\\\/\\\/viettrungcompany.com\\\/wp-content\\\/uploads\\\/2025\\\/07\\\/cach-tinh-chi-phi-van-chuyen-chinh-ngach.png\",\"contentUrl\":\"https:\\\/\\\/viettrungcompany.com\\\/wp-content\\\/uploads\\\/2025\\\/07\\\/cach-tinh-chi-phi-van-chuyen-chinh-ngach.png\"},{\"@type\":\"BreadcrumbList\",\"@id\":\"https:\\\/\\\/viettrungcompany.com\\\/huong-dan\\\/cach-tinh-chi-phi-van-chuyen\\\/#breadcrumb\",\"itemListElement\":[{\"@type\":\"ListItem\",\"position\":1,\"name\":\"Home\",\"item\":\"https:\\\/\\\/viettrungcompany.com\\\/zh-hans\\\/\"},{\"@type\":\"ListItem\",\"position\":2,\"name\":\"\u6307\u5357\",\"item\":\"https:\\\/\\\/viettrungcompany.com\\\/huong-dan\\\/\"},{\"@type\":\"ListItem\",\"position\":3,\"name\":\"\u4e2d\u6587\u7ffb\u8bd1\uff1a\u8fd0\u8f93\u8d39\u7528\u8ba1\u7b97\u65b9\u5f0f\"}]},{\"@type\":\"WebSite\",\"@id\":\"https:\\\/\\\/viettrungcompany.com\\\/#website\",\"url\":\"https:\\\/\\\/viettrungcompany.com\\\/\",\"name\":\"Viet Trung Company\",\"description\":\"\",\"potentialAction\":[{\"@type\":\"SearchAction\",\"target\":{\"@type\":\"EntryPoint\",\"urlTemplate\":\"https:\\\/\\\/viettrungcompany.com\\\/?s={search_term_string}\"},\"query-input\":{\"@type\":\"PropertyValueSpecification\",\"valueRequired\":true,\"valueName\":\"search_term_string\"}}],\"inLanguage\":\"zh-Hans\"}]}<\/script>\n<!-- \/ Yoast SEO plugin. -->","yoast_head_json":{"title":"\u4e2d\u6587\u7ffb\u8bd1\uff1a\u8fd0\u8f93\u8d39\u7528\u8ba1\u7b97\u65b9\u5f0f - Viet Trung Company","description":"Chi ph\u00ed v\u1eadn chuy\u1ec3n h\u00e0ng h\u00f3a t\u1eeb Trung Qu\u1ed1c v\u1ec1 Vi\u1ec7t Nam theo h\u00ecnh th\u1ee9c ch\u00ednh ng\u1ea1ch\u00a0lu\u00f4n\u00a0l\u00e0 m\u1ed1i quan t\u00e2m h\u00e0ng \u0111\u1ea7u c\u1ee7a doanh nghi\u1ec7p v\u00e0 h\u1ed9 kinh doanh. M\u1ed9t ph\u01b0\u01a1ng ph\u00e1p t\u00ednh chi ph\u00ed r\u00f5 r\u00e0ng, minh b\u1ea1ch s\u1ebd gi\u00fap b\u1ea1n d\u1ec5 d\u00e0ng ki\u1ec3m so\u00e1t ng\u00e2n s\u00e1ch, tr\u00e1nh ph\u00e1t sinh v\u00e0 t\u1ed1i \u01b0u l\u1ee3i nhu\u1eadn.\u00a0","robots":{"index":"index","follow":"follow","max-snippet":"max-snippet:-1","max-image-preview":"max-image-preview:large","max-video-preview":"max-video-preview:-1"},"canonical":"https:\/\/viettrungcompany.com\/huong-dan\/cach-tinh-chi-phi-van-chuyen\/","og_locale":"zh_CN","og_type":"article","og_title":"\u4e2d\u6587\u7ffb\u8bd1\uff1a\u8fd0\u8f93\u8d39\u7528\u8ba1\u7b97\u65b9\u5f0f - Viet Trung Company","og_description":"Chi ph\u00ed v\u1eadn chuy\u1ec3n h\u00e0ng h\u00f3a t\u1eeb Trung Qu\u1ed1c v\u1ec1 Vi\u1ec7t Nam theo h\u00ecnh th\u1ee9c ch\u00ednh ng\u1ea1ch\u00a0lu\u00f4n\u00a0l\u00e0 m\u1ed1i quan t\u00e2m h\u00e0ng \u0111\u1ea7u c\u1ee7a doanh nghi\u1ec7p v\u00e0 h\u1ed9 kinh doanh. M\u1ed9t ph\u01b0\u01a1ng ph\u00e1p t\u00ednh chi ph\u00ed r\u00f5 r\u00e0ng, minh b\u1ea1ch s\u1ebd gi\u00fap b\u1ea1n d\u1ec5 d\u00e0ng ki\u1ec3m so\u00e1t ng\u00e2n s\u00e1ch, tr\u00e1nh ph\u00e1t sinh v\u00e0 t\u1ed1i \u01b0u l\u1ee3i nhu\u1eadn.\u00a0","og_url":"https:\/\/viettrungcompany.com\/huong-dan\/cach-tinh-chi-phi-van-chuyen\/","og_site_name":"Viet Trung Company","article_modified_time":"2025-08-20T08:14:31+00:00","og_image":[{"url":"https:\/\/viettrungcompany.com\/wp-content\/uploads\/2025\/07\/cach-tinh-chi-phi-van-chuyen-chinh-ngach.png","type":"","width":"","height":""}],"twitter_card":"summary_large_image","twitter_misc":{"\u9884\u8ba1\u9605\u8bfb\u65f6\u95f4":"9 \u5206"},"schema":{"@context":"https:\/\/schema.org","@graph":[{"@type":"WebPage","@id":"https:\/\/viettrungcompany.com\/huong-dan\/cach-tinh-chi-phi-van-chuyen\/","url":"https:\/\/viettrungcompany.com\/huong-dan\/cach-tinh-chi-phi-van-chuyen\/","name":"\u4e2d\u6587\u7ffb\u8bd1\uff1a\u8fd0\u8f93\u8d39\u7528\u8ba1\u7b97\u65b9\u5f0f - Viet Trung Company","isPartOf":{"@id":"https:\/\/viettrungcompany.com\/#website"},"primaryImageOfPage":{"@id":"https:\/\/viettrungcompany.com\/huong-dan\/cach-tinh-chi-phi-van-chuyen\/#primaryimage"},"image":{"@id":"https:\/\/viettrungcompany.com\/huong-dan\/cach-tinh-chi-phi-van-chuyen\/#primaryimage"},"thumbnailUrl":"https:\/\/viettrungcompany.com\/wp-content\/uploads\/2025\/07\/cach-tinh-chi-phi-van-chuyen-chinh-ngach.png","datePublished":"2025-07-20T16:04:01+00:00","dateModified":"2025-08-20T08:14:31+00:00","description":"Chi ph\u00ed v\u1eadn chuy\u1ec3n h\u00e0ng h\u00f3a t\u1eeb Trung Qu\u1ed1c v\u1ec1 Vi\u1ec7t Nam theo h\u00ecnh th\u1ee9c ch\u00ednh ng\u1ea1ch\u00a0lu\u00f4n\u00a0l\u00e0 m\u1ed1i quan t\u00e2m h\u00e0ng \u0111\u1ea7u c\u1ee7a doanh nghi\u1ec7p v\u00e0 h\u1ed9 kinh doanh. M\u1ed9t ph\u01b0\u01a1ng ph\u00e1p t\u00ednh chi ph\u00ed r\u00f5 r\u00e0ng, minh b\u1ea1ch s\u1ebd gi\u00fap b\u1ea1n d\u1ec5 d\u00e0ng ki\u1ec3m so\u00e1t ng\u00e2n s\u00e1ch, tr\u00e1nh ph\u00e1t sinh v\u00e0 t\u1ed1i \u01b0u l\u1ee3i nhu\u1eadn.\u00a0","breadcrumb":{"@id":"https:\/\/viettrungcompany.com\/huong-dan\/cach-tinh-chi-phi-van-chuyen\/#breadcrumb"},"inLanguage":"zh-Hans","potentialAction":[{"@type":"ReadAction","target":["https:\/\/viettrungcompany.com\/huong-dan\/cach-tinh-chi-phi-van-chuyen\/"]}]},{"@type":"ImageObject","inLanguage":"zh-Hans","@id":"https:\/\/viettrungcompany.com\/huong-dan\/cach-tinh-chi-phi-van-chuyen\/#primaryimage","url":"https:\/\/viettrungcompany.com\/wp-content\/uploads\/2025\/07\/cach-tinh-chi-phi-van-chuyen-chinh-ngach.png","contentUrl":"https:\/\/viettrungcompany.com\/wp-content\/uploads\/2025\/07\/cach-tinh-chi-phi-van-chuyen-chinh-ngach.png"},{"@type":"BreadcrumbList","@id":"https:\/\/viettrungcompany.com\/huong-dan\/cach-tinh-chi-phi-van-chuyen\/#breadcrumb","itemListElement":[{"@type":"ListItem","position":1,"name":"Home","item":"https:\/\/viettrungcompany.com\/zh-hans\/"},{"@type":"ListItem","position":2,"name":"\u6307\u5357","item":"https:\/\/viettrungcompany.com\/huong-dan\/"},{"@type":"ListItem","position":3,"name":"\u4e2d\u6587\u7ffb\u8bd1\uff1a\u8fd0\u8f93\u8d39\u7528\u8ba1\u7b97\u65b9\u5f0f"}]},{"@type":"WebSite","@id":"https:\/\/viettrungcompany.com\/#website","url":"https:\/\/viettrungcompany.com\/","name":"Viet Trung Company","description":"","potentialAction":[{"@type":"SearchAction","target":{"@type":"EntryPoint","urlTemplate":"https:\/\/viettrungcompany.com\/?s={search_term_string}"},"query-input":{"@type":"PropertyValueSpecification","valueRequired":true,"valueName":"search_term_string"}}],"inLanguage":"zh-Hans"}]}},"_links":{"self":[{"href":"https:\/\/viettrungcompany.com\/zh-hans\/wp-json\/wp\/v2\/pages\/38638","targetHints":{"allow":["GET"]}}],"collection":[{"href":"https:\/\/viettrungcompany.com\/zh-hans\/wp-json\/wp\/v2\/pages"}],"about":[{"href":"https:\/\/viettrungcompany.com\/zh-hans\/wp-json\/wp\/v2\/types\/page"}],"author":[{"embeddable":true,"href":"https:\/\/viettrungcompany.com\/zh-hans\/wp-json\/wp\/v2\/users\/1"}],"replies":[{"embeddable":true,"href":"https:\/\/viettrungcompany.com\/zh-hans\/wp-json\/wp\/v2\/comments?post=38638"}],"version-history":[{"count":2,"href":"https:\/\/viettrungcompany.com\/zh-hans\/wp-json\/wp\/v2\/pages\/38638\/revisions"}],"predecessor-version":[{"id":39358,"href":"https:\/\/viettrungcompany.com\/zh-hans\/wp-json\/wp\/v2\/pages\/38638\/revisions\/39358"}],"up":[{"embeddable":true,"href":"https:\/\/viettrungcompany.com\/zh-hans\/wp-json\/wp\/v2\/pages\/38636"}],"wp:attachment":[{"href":"https:\/\/viettrungcompany.com\/zh-hans\/wp-json\/wp\/v2\/media?parent=38638"}],"curies":[{"name":"wp","href":"https:\/\/api.w.org\/{rel}","templated":true}]}}