{"id":38640,"date":"2025-07-20T23:04:50","date_gmt":"2025-07-20T16:04:50","guid":{"rendered":"https:\/\/viettrungcompany.com\/huong-dan\/cai-dat-app-theo-doi-don-hang\/"},"modified":"2025-08-20T15:18:49","modified_gmt":"2025-08-20T08:18:49","slug":"%e4%b8%ad%e6%96%87%e7%bf%bb%e8%af%91%ef%bc%9a%e5%ae%89%e8%a3%85%e8%ae%a2%e5%8d%95%e8%b7%9f%e8%b8%aa%e5%ba%94%e7%94%a8","status":"publish","type":"page","link":"https:\/\/viettrungcompany.com\/zh-hans\/%e6%8c%87%e5%8d%97\/%e4%b8%ad%e6%96%87%e7%bf%bb%e8%af%91%ef%bc%9a%e5%ae%89%e8%a3%85%e8%ae%a2%e5%8d%95%e8%b7%9f%e8%b8%aa%e5%ba%94%e7%94%a8\/","title":{"rendered":"\u4e2d\u6587\u7ffb\u8bd1\uff1a\u5b89\u88c5\u8ba2\u5355\u8ddf\u8e2a\u5e94\u7528"},"content":{"rendered":"<h1 style=\"text-align: center;\"><strong>\u8d8a\u4e2d\u516c\u53f8\u8ba2\u5355\u8ffd\u8e2aApp<\/strong><\/h1>\n<p>\u201c\u8d8a\u4e2d\u516c\u53f8\u201d\u5e94\u7528\u7a0b\u5e8f\u7531\u6211\u4eec\u81ea\u4e3b\u5f00\u53d1\uff0c\u5e2e\u52a9\u60a8\u66f4\u8f7b\u677e\u3001\u66f4\u9ad8\u6548\u5730\u5168\u7a0b\u638c\u63e1\u8d27\u7269\u8fd0\u8f93\u8fc7\u7a0b\u4e2d\u7684\u6240\u6709\u95ee\u9898\u3002\u4e0e\u4f7f\u7528\u7f51\u9875\u8ffd\u8e2a\u8ba2\u5355\u76f8\u6bd4\uff0c<strong><em>\u8ba2\u5355\u8ffd\u8e2a\u8fdb\u5ea6\u5e94\u7528<\/em><\/strong>\u662f\u60a8\u901a\u8fc7<strong>\u8d8a\u4e2d\u516c\u53f8<\/strong>\u4ece\u4e2d\u56fd\u8fdb\u53e3\u8d27\u7269\u65f6\u4e0d\u53ef\u6216\u7f3a\u7684\u8f85\u52a9\u5de5\u5177\u3002<\/p>\n<h2><strong>\u4e3a\u4ec0\u4e48\u8981\u9009\u62e9\u4f7f\u7528\u8d8a\u4e2d\u516c\u53f8\u7684\u8ba2\u5355\u8ffd\u8e2a\u8fdb\u5ea6App\uff1f<\/strong><\/h2>\n<p><img loading=\"lazy\" decoding=\"async\" id=\"app-theo-doi-don-hang-viet-trung-company\" class=\"aligncenter\" dir=\"ltr\" lang=\"zh\" title=\"\u8d8a\u4e2d\u516c\u53f8\u8ba2\u5355\u8ffd\u8e2aApp\" src=\"https:\/\/viettrungcompany.com\/wp-content\/uploads\/2025\/07\/app-theo-doi-don-hang-viet-trung-company.png\" alt=\"\u8d8a\u4e2d\u516c\u53f8\u8ba2\u5355\u8ffd\u8e2aApp\" width=\"940\" height=\"788\" longdesc=\"https:\/\/www.viettrungcompany.com\/vi\/thong-tin-cung-cau\/App%20Theo%20D%C3%B5i%20%C4%90%C6%A1n%20H%C3%A0ng%20C%E1%BB%A7a%20Vi%E1%BB%87t%20Trung%20Company\" \/><\/p>\n<p>\u5f53\u60a8\u9009\u62e9<strong>\u8d8a\u4e2d\u516c\u53f8<\/strong>\u4f5c\u4e3a\u8d27\u7269\u627f\u8fd0\u5355\u4f4d\u65f6\uff0c\u60a8\u5c06\u83b7\u5f97\u6ce8\u518c\u548c\u4f7f\u7528<strong><em>\u8ba2\u5355\u8ffd\u8e2a\u8fdb\u5ea6\u5e94\u7528<\/em><\/strong>\u7684\u6307\u5bfc\uff0c\u8be5\u5e94\u7528\u7531\u6211\u53f8\u81ea\u4e3b\u7814\u53d1\u5e76\u8fd0\u8425\u3002<\/p>\n<p>\u8be5\u5e94\u7528\u53ef\u5e2e\u52a9\u60a8\u8f7b\u677e\u9ad8\u6548\u5730\u7ba1\u7406\u8ba2\u5355\u6d41\u7a0b\u7684\u6bcf\u4e00\u4e2a\u73af\u8282\u3002\u51ed\u501f\u8ba2\u5355\u72b6\u6001\u8ffd\u8e2a\u3001\u81ea\u52a8\u901a\u77e5\u3001\u7075\u6d3b\u7684\u8ba2\u5355\u7ba1\u7406\u3001\u81ea\u5b9a\u4e49\u62a5\u8868\u53ca\u9ad8\u6c34\u5e73\u5b89\u5168\u4fdd\u62a4\u7b49\u529f\u80fd\uff0c\u6211\u4eec\u627f\u8bfa\u4e3a\u60a8\u5e26\u6765\u5353\u8d8a\u4f53\u9a8c\u4e0e\u6781\u81f4\u4fbf\u5229\u3002<\/p>\n<h2><strong>\u7075\u6d3b\u4fbf\u6377\u7684\u8ba2\u5355\u7ba1\u7406<\/strong><\/h2>\n<p>\u8ba2\u5355\u7ba1\u7406\u8f6f\u4ef6\u7684\u4e00\u5927\u4f18\u52bf\u662f\u53ef\u4ee5\u5b9e\u65f6\u8ddf\u8e2a\u548c\u63a7\u5236\u8ba2\u5355\u72b6\u6001\uff0c\u4f01\u4e1a\u4e0e\u5ba2\u6237\u90fd\u80fd\u968f\u65f6\u968f\u5730\u67e5\u770b\u8ba2\u5355\u60c5\u51b5\u3002\u5c06\u6240\u6709\u8ba2\u5355\u7ba1\u7406\u529f\u80fd\u96c6\u6210\u5230\u4e00\u4e2a\u5e94\u7528\u4e2d\uff0c\u5e2e\u52a9\u60a8\u8282\u7701\u65f6\u95f4\u5e76\u907f\u514d\u4fe1\u606f\u5206\u6563\u3002<\/p>\n<h2><strong>\u81ea\u52a8\u901a\u77e5<\/strong><\/h2>\n<p>\u5f53\u8d27\u7269\u4ece\u4e2d\u56fd\u53d1\u5f80\u8d8a\u5357\u6216\u8ba2\u5355\u6709\u53d8\u52a8\u65f6\uff0c\u60a8\u5c06\u901a\u8fc7\u7535\u5b50\u90ae\u4ef6\u6216App\u5185\u5373\u65f6\u901a\u77e5\u83b7\u6089\u3002\u8ba2\u5355\u7ba1\u7406\u8f6f\u4ef6\u5e2e\u52a9\u5ba2\u6237\u8282\u7701\u5927\u91cf\u65f6\u95f4\uff0c\u4e0d\u5fc5\u518d\u624b\u52a8\u8054\u7cfb\u8fd0\u8f93\u5355\u4f4d\u67e5\u8be2\u8ba2\u5355\u3002<\/p>\n<h2><strong>\u9ad8\u6c34\u5e73\u5b89\u5168\u4fdd\u969c\uff0c\u6570\u636e\u7ba1\u7406\u66f4\u5b89\u5fc3<\/strong><\/h2>\n<p>\u6211\u4eec\u7684\u8ba2\u5355\u8ffd\u8e2a\u8f6f\u4ef6\u914d\u5907\u5f3a\u5927\u7684\u5b89\u5168\u529f\u80fd\uff0c\u786e\u4fdd\u60a8\u7684\u6570\u636e\u4e0e\u4e2a\u4eba\u4fe1\u606f\u5b89\u5168\u65e0\u865e\u3002<\/p>\n<h2><strong>\u63d0\u5347\u8fd0\u8f93\u6d41\u7a0b\u7684\u4e13\u4e1a\u5ea6<\/strong><\/h2>\n<p>\u4f7f\u7528\u8ba2\u5355\u7ba1\u7406\u5e94\u7528\u7684\u53e6\u4e00\u4e2a\u597d\u5904\u662f\u663e\u8457\u63d0\u5347\u8fd0\u8f93\u6d41\u7a0b\u7684\u4e13\u4e1a\u6027\u3002\u501f\u52a9\u6d41\u7545\u7684\u64cd\u4f5c\u6d41\u7a0b\uff0c\u6211\u4eec\u4e0e\u5ba2\u6237\u53ef\u5171\u540c\u8ffd\u8e2a\u3001\u7ba1\u7406\u8d27\u7269\uff0c\u5ba2\u6237\u5982\u9047\u95ee\u9898\u53ef\u7acb\u5373\u53cd\u9988\u3002<\/p>\n<h2><strong>\u6240\u6709\u529f\u80fd\u5b8c\u5168\u514d\u8d39<\/strong><\/h2>\n<p>\u60a8\u53ea\u9700\u4e0b\u8f7d\u5e76\u6ce8\u518c\uff0c\u5373\u53ef\u4f7f\u7528\u2014\u2014<strong>\u5b8c\u5168\u514d\u8d39<\/strong>\uff01<\/p>\n<h2><strong>\u201c\u8d8a\u4e2d\u516c\u53f8\u201dApp\u4f7f\u7528\u6307\u5357<\/strong><\/h2>\n<h3><strong>I. \u4e0b\u8f7dApp\u5e76\u6ce8\u518c\u8d26\u6237\uff1a<\/strong><\/h3>\n<p><strong>\u6b65\u9aa41\uff1a<\/strong> \u6253\u5f00Appstore\u6216CHplay\u641c\u7d22\u201c<strong>\u8d8a\u4e2d\u516c\u53f8<\/strong>\u201d\uff0c\u627e\u5230\u201c<strong>\u8d8a\u4e2d<\/strong>\u201d\u5e94\u7528\u5e76\u4e0b\u8f7d\u5230\u624b\u673a\u3002\u6216\u70b9\u51fb\u4ee5\u4e0b\u94fe\u63a5\u4e0b\u8f7d\u5b89\u88c5\uff1a<\/p>\n<p><em>Android\u4e0b\u8f7d\u94fe\u63a5\uff1a<\/em> <a href=\"https:\/\/play.google.com\/store\/apps\/details?id=com.tekup.viet_trung_mobile\" target=\"_blank\" rel=\"noopener\">https:\/\/play.google.com\/store\/apps\/details?id=com.tekup.viet_trung_mobile<\/a><\/p>\n<p><em>iOS\u4e0b\u8f7d\u94fe\u63a5\uff1a<\/em> <a href=\"https:\/\/apps.apple.com\/vn\/app\/vi%E1%BB%87t-trung\/id1608829534?l=vi\" target=\"_blank\" rel=\"noopener\">https:\/\/apps.apple.com\/vn\/app\/vi%E1%BB%87t-trung\/id1608829534?l=vi<\/a><\/p>\n<p>\u5e94\u7528\u56fe\u6807\u5982\u4e0b\u6240\u793a\uff1a<\/p>\n<div>\n<p><img loading=\"lazy\" decoding=\"async\" id=\"app-theo-doi-don-hang-viet-trung-company\" class=\"alignnone\" dir=\"ltr\" lang=\"zh\" title=\"\u8d8a\u4e2d\u516c\u53f8\u8ba2\u5355\u8ffd\u8e2aApp\" src=\"https:\/\/viettrungcompany.com\/wp-content\/uploads\/2025\/07\/468576698_881555024158573_5276337312423580423_n.jpg\" alt=\"\u8d8a\u4e2d\u516c\u53f8\u8ba2\u5355\u8ffd\u8e2aApp\" width=\"1400\" height=\"1400\" \/><\/p>\n<p dir=\"ltr\"><strong>\u6b65\u9aa42\uff1a<\/strong> \u6253\u5f00App\uff0c\u70b9\u51fb\u201c\u7acb\u5373\u6ce8\u518c\u201d\u2192 \u8f93\u5165\u90ae\u7bb1\u3001\u624b\u673a\u53f7\u3001\u59d3\u540d\uff08\u9700\u4e0e\u60a8\u7684\u8d27\u7269\u6536\u4ef6\u4eba\u59d3\u540d\u4e00\u81f4\uff09\u5e76\u70b9\u51fb\u201c\u7ee7\u7eed\u201d\u2192 \u8f93\u5165\u6536\u8d27\u5730\u5740\u70b9\u51fb\u201c\u7ee7\u7eed\u201d\u2192 \u8bbe\u7f6e\u5bc6\u7801\u5e76\u70b9\u51fb\u201c\u6ce8\u518c\u201d\u5b8c\u6210\u8d26\u6237\u521b\u5efa\uff1a<\/p>\n<p dir=\"ltr\"><img decoding=\"async\" src=\"https:\/\/viettrungcompany.com\/wp-content\/uploads\/2025\/07\/AD_4nXfhKV-zRm-R-09dwNg5XEZLSa8a8nAJ51_Cix7wkB0yoJ3SgDzMu26GVGRffdxviD0IEKlHu_z0kwDH22Ikgizb6yA1tV4nffr1c_eNwj5t9QSAhr392HDbpt0vcmV27gXEU3sEIQkeyYmUo7XIuONvI8NywzfwzaQ.gif\" alt=\"\u6ce8\u518c\u5f15\u5bfc\" \/><\/p>\n<h3 dir=\"ltr\"><strong>II. App\u4f7f\u7528\u6307\u5357\uff1a<\/strong><\/h3>\n<p dir=\"ltr\">+ \u5f53\u60a8\u7684\u8d27\u7269\u5230\u8fbe\u4ed3\u5e93\u540e\uff0c\u4ed3\u5e93\u4eba\u5458\u4f1a\u5c06\u4fe1\u606f\u66f4\u65b0\u81f3App\uff0c\u60a8\u53ef\u5728\u901a\u77e5\u680f\u4e2d\u67e5\u770b\u5e76\u9010\u4e00\u786e\u8ba4\u8ba2\u5355\uff1a<\/p>\n<p dir=\"ltr\">&#8211; \u70b9\u51fb\u201c\u5b58\u4ed3\u201d\u82e5\u9700\u7b49\u5f85\u66f4\u591a\u8d27\u7269\u62fc\u5355\uff0c\u60a8\u7684\u8ba2\u5355\u5c06\u5f52\u5165\u5b58\u4ed3\u680f\u3002\u4e4b\u540e\u82e5\u786e\u8ba4\u8d27\u7269\u5df2\u9f50\uff0c\u53ef\u8fdb\u5165\u5b58\u4ed3\u680f\u9010\u4e00\u70b9\u51fb\u8ba2\u5355\u5e76\u7533\u8bf7\u53d1\u8d27\u3002<\/p>\n<p dir=\"ltr\">&#8211; \u70b9\u51fb\u201c\u6253\u5305\u53d1\u8d27\u201d\u2192 \u9009\u62e9\u6536\u8d27\u5730\u5740 \u2192 \u586b\u5199\u8d27\u54c1\u540d\u79f0\u3001\u6253\u5305\u8981\u6c42\u3001\u8fd0\u8f93\u65b9\u5f0f\uff08\u94c1\u8def\u3001\u6d77\u8fd0\u6216\u7a7a\u8fd0\uff09\u4e8e\u5907\u6ce8\u680f\uff0c\u5982\u9700\u7acb\u5373\u53d1\u8d27\uff1a<\/p>\n<p dir=\"ltr\"><img decoding=\"async\" src=\"https:\/\/viettrungcompany.com\/wp-content\/uploads\/2025\/07\/AD_4nXeuJy_JMV31ZnGdt7ELOVMSdYjFEAaHq3TwGk13L62EGhrz970zJ2DlCyhFla-MGqgEXzdFSK6mI10qqoDUjn3Ov8fAReo5cgal4Bywd38-s0mIcoLwTSJCsXoq7CJEE4U_GeOGmAkeyYmUo7XIuONvI8NywzfwzaQ.jpg\" alt=\"\u8ba2\u5355\u6253\u5305\" \/><\/p>\n<p dir=\"ltr\">+ \u53d1\u8d27\u786e\u8ba4\u540e\uff0c\u60a8\u53ef\u8fdb\u5165\u8ba2\u5355\u680f\u67e5\u770b\u8fd0\u8f93\u8fdb\u5ea6\u3002<\/p>\n<p dir=\"ltr\">+ \u6536\u8d27\u540e\uff0c\u8bf7\u70b9\u51fb\u201c\u8ba2\u5355\u8bc4\u4ef7\u201d\u4ee5\u53cd\u9988\u516c\u53f8\u670d\u52a1\uff1a<\/p>\n<p dir=\"ltr\"><img decoding=\"async\" src=\"https:\/\/viettrungcompany.com\/wp-content\/uploads\/2025\/07\/AD_4nXf8laNmRakidbrQd0UvjleZxFD942yitiyquH2wDwyHqsEsAkEnED9AeVf2_Zsku9ZR6QLj8zxsfdm6kbS82aVvifs2cKhHbVgj4xfD0U73g18Njf5nmAjCIRgtKHef8chwnb3BDAkeyYmUo7XIuONvI8NywzfwzaQ.jpg\" alt=\"\u8ba2\u5355\u8bc4\u4ef7\" \/><\/p>\n<p dir=\"ltr\">\u6211\u4eec\u7684<strong>\u8d8a\u4e2d\u516c\u53f8<\/strong>\u5ba2\u670d\u56e2\u961f\u5c06\u5168\u7a0b\u4e3a\u60a8\u63d0\u4f9b\u6ce8\u518c\u4e0e\u4f7f\u7528\u8fc7\u7a0b\u4e2d\u7684\u89e3\u7b54\u4e0e\u652f\u6301\u3002<\/p>\n<p dir=\"ltr\">\u611f\u8c22\u60a8\u4e00\u76f4\u4ee5\u6765\u5bf9<strong>\u8d8a\u4e2d\u516c\u53f8<\/strong>\u7684\u4fe1\u4efb\u4e0e\u652f\u6301\u3002\u5e0c\u671b\u672c\u8f6f\u4ef6\u80fd\u5e2e\u52a9\u60a8\u66f4\u9ad8\u6548\u5730\u7ba1\u7406\u8ba2\u5355\uff0c\u6ee1\u8db3\u4e00\u5207\u8fd0\u8f93\u9700\u6c42\u3002<\/p>\n<h2><b>\u8054\u7cfb\u8d8a\u4e2d\u516c\u53f8<\/b><\/h2>\n<p><em>\u5982\u9700\u4e86\u89e3\u66f4\u591a\u4e2d\u8d8a\u8fd0\u8f93\u8d44\u8baf\uff0c\u8bf7\u901a\u8fc7\u4ee5\u4e0b\u6e20\u9053\u8054\u7cfb\u6211\u4eec\uff1a<\/em><\/p>\n<p>Email: <a href=\"mailto:viettrungcompany2012@gmail.com\" target=\"_blank\" rel=\"noopener\">viettrungcompany2012@gmail.com <\/a><\/p>\n<p>Website: <a href=\"http:\/\/www.viettrungcompany.com\/\" target=\"_blank\" rel=\"noopener\">www.viettrungcompany.com<\/a><\/p>\n<p>Facebook: <a href=\"https:\/\/www.facebook.com\/viettrungcompany\" target=\"_blank\" rel=\"noopener\">https:\/\/www.facebook.com\/viettrungcompany<\/a><\/p>\n<p>Youtube: <a href=\"https:\/\/www.youtube.com\/@viettrungcompany\" target=\"_blank\" rel=\"noopener\">https:\/\/www.youtube.com\/@viettrungcompany<\/a><\/p>\n<p>Tiktok: <a href=\"https:\/\/www.tiktok.com\/@viettrungcompany\" target=\"_blank\" rel=\"noopener\">https:\/\/www.tiktok.com\/@viettrungcompany<\/a><\/p>\n<p><em>\u6b64\u5916\uff0c\u60a8\u8fd8\u53ef\u8054\u7cfb\u8d8a\u4e2d\u516c\u53f8\u5728\u4e09\u5730\u7684\u529e\u4e8b\u5904\uff1a<\/em><\/p>\n<p>\u2013 \u6cb3\u5185\u529e\u4e8b\u5904\uff1a\u6cb3\u5185\u5e02\u4e49\u90fd\u574a\u5173\u82b1\u8857189\u53f7\u3002\u7535\u8bdd\uff1a0965551166<\/p>\n<p>\u2013 \u5c98\u6e2f\u529e\u4e8b\u5904\uff1a\u5c98\u6e2f\u5e02\u6e05\u6eaa\u574a\u6b66\u6587\u5766\u885766\u53f7Savico\u5927\u53a62\u697c\u3002\u7535\u8bdd\uff1a0935131816 \u2013 0967371118<\/p>\n<p>\u2013 \u80e1\u5fd7\u660e\u5e02\u529e\u4e8b\u5904\uff1a\u80e1\u5fd7\u660e\u5e02\u4e03\u8d24\u574a\u962e\u592a\u5e73\u8857264-264A\u53f7\u3002\u7535\u8bdd\uff1a0935086838 \u2013 0962259911\u3002<\/p>\n<\/div>\n","protected":false},"excerpt":{"rendered":"<p>\u8d8a\u4e2d\u516c\u53f8\u8ba2\u5355\u8ffd\u8e2aApp \u201c\u8d8a\u4e2d\u516c\u53f8\u201d\u5e94\u7528<\/p>\n","protected":false},"author":1,"featured_media":35423,"parent":38636,"menu_order":0,"comment_status":"closed","ping_status":"closed","template":"","meta":{"footnotes":""},"class_list":["post-38640","page","type-page","status-publish","has-post-thumbnail","hentry"],"yoast_head":"<!-- This site is optimized with the Yoast SEO plugin v27.4 - https:\/\/yoast.com\/product\/yoast-seo-wordpress\/ -->\n<title>\u4e2d\u6587\u7ffb\u8bd1\uff1a\u5b89\u88c5\u8ba2\u5355\u8ddf\u8e2a\u5e94\u7528 - Viet Trung Company<\/title>\n<meta name=\"description\" content=\"\u1ee8ng d\u1ee5ng &quot;Vi\u1ec7t Trung Company&quot; \u0111\u01b0\u1ee3c ch\u00fang t\u00f4i ph\u00e1t tri\u1ec3n \u0111\u1ec3 gi\u00fap b\u1ea1n theo d\u00f5i s\u00e1t sao m\u1ecdi v\u1ea5n \u0111\u1ec1 trong qu\u00e1 tr\u00ecnh v\u1eadn chuy\u1ec3n ki\u1ec7n h\u00e0ng c\u1ee7a m\u00ecnh\" \/>\n<meta name=\"robots\" content=\"index, follow, max-snippet:-1, max-image-preview:large, max-video-preview:-1\" \/>\n<link rel=\"canonical\" href=\"https:\/\/viettrungcompany.com\/huong-dan\/cai-dat-app-theo-doi-don-hang\/\" \/>\n<meta property=\"og:locale\" content=\"zh_CN\" \/>\n<meta property=\"og:type\" content=\"article\" \/>\n<meta property=\"og:title\" content=\"\u4e2d\u6587\u7ffb\u8bd1\uff1a\u5b89\u88c5\u8ba2\u5355\u8ddf\u8e2a\u5e94\u7528 - Viet Trung Company\" \/>\n<meta property=\"og:description\" content=\"\u1ee8ng d\u1ee5ng &quot;Vi\u1ec7t Trung Company&quot; \u0111\u01b0\u1ee3c ch\u00fang t\u00f4i ph\u00e1t tri\u1ec3n \u0111\u1ec3 gi\u00fap b\u1ea1n theo d\u00f5i s\u00e1t sao m\u1ecdi v\u1ea5n \u0111\u1ec1 trong qu\u00e1 tr\u00ecnh v\u1eadn chuy\u1ec3n ki\u1ec7n h\u00e0ng c\u1ee7a m\u00ecnh\" \/>\n<meta property=\"og:url\" content=\"https:\/\/viettrungcompany.com\/huong-dan\/cai-dat-app-theo-doi-don-hang\/\" \/>\n<meta property=\"og:site_name\" content=\"Viet Trung Company\" \/>\n<meta property=\"article:modified_time\" content=\"2025-08-20T08:18:49+00:00\" \/>\n<meta property=\"og:image\" content=\"https:\/\/viettrungcompany.com\/wp-content\/uploads\/2025\/07\/app-theo-doi-don-hang-viet-trung-company.png\" \/>\n<meta name=\"twitter:card\" content=\"summary_large_image\" \/>\n<meta name=\"twitter:label1\" content=\"\u9884\u8ba1\u9605\u8bfb\u65f6\u95f4\" \/>\n\t<meta name=\"twitter:data1\" content=\"8 \u5206\" \/>\n<script type=\"application\/ld+json\" class=\"yoast-schema-graph\">{\"@context\":\"https:\\\/\\\/schema.org\",\"@graph\":[{\"@type\":\"WebPage\",\"@id\":\"https:\\\/\\\/viettrungcompany.com\\\/huong-dan\\\/cai-dat-app-theo-doi-don-hang\\\/\",\"url\":\"https:\\\/\\\/viettrungcompany.com\\\/huong-dan\\\/cai-dat-app-theo-doi-don-hang\\\/\",\"name\":\"\u4e2d\u6587\u7ffb\u8bd1\uff1a\u5b89\u88c5\u8ba2\u5355\u8ddf\u8e2a\u5e94\u7528 - Viet Trung Company\",\"isPartOf\":{\"@id\":\"https:\\\/\\\/viettrungcompany.com\\\/#website\"},\"primaryImageOfPage\":{\"@id\":\"https:\\\/\\\/viettrungcompany.com\\\/huong-dan\\\/cai-dat-app-theo-doi-don-hang\\\/#primaryimage\"},\"image\":{\"@id\":\"https:\\\/\\\/viettrungcompany.com\\\/huong-dan\\\/cai-dat-app-theo-doi-don-hang\\\/#primaryimage\"},\"thumbnailUrl\":\"https:\\\/\\\/viettrungcompany.com\\\/wp-content\\\/uploads\\\/2025\\\/07\\\/app-theo-doi-don-hang-viet-trung-company.png\",\"datePublished\":\"2025-07-20T16:04:50+00:00\",\"dateModified\":\"2025-08-20T08:18:49+00:00\",\"description\":\"\u1ee8ng d\u1ee5ng \\\"Vi\u1ec7t Trung Company\\\" \u0111\u01b0\u1ee3c ch\u00fang t\u00f4i ph\u00e1t tri\u1ec3n \u0111\u1ec3 gi\u00fap b\u1ea1n theo d\u00f5i s\u00e1t sao m\u1ecdi v\u1ea5n \u0111\u1ec1 trong qu\u00e1 tr\u00ecnh v\u1eadn chuy\u1ec3n ki\u1ec7n h\u00e0ng c\u1ee7a m\u00ecnh\",\"breadcrumb\":{\"@id\":\"https:\\\/\\\/viettrungcompany.com\\\/huong-dan\\\/cai-dat-app-theo-doi-don-hang\\\/#breadcrumb\"},\"inLanguage\":\"zh-Hans\",\"potentialAction\":[{\"@type\":\"ReadAction\",\"target\":[\"https:\\\/\\\/viettrungcompany.com\\\/huong-dan\\\/cai-dat-app-theo-doi-don-hang\\\/\"]}]},{\"@type\":\"ImageObject\",\"inLanguage\":\"zh-Hans\",\"@id\":\"https:\\\/\\\/viettrungcompany.com\\\/huong-dan\\\/cai-dat-app-theo-doi-don-hang\\\/#primaryimage\",\"url\":\"https:\\\/\\\/viettrungcompany.com\\\/wp-content\\\/uploads\\\/2025\\\/07\\\/app-theo-doi-don-hang-viet-trung-company.png\",\"contentUrl\":\"https:\\\/\\\/viettrungcompany.com\\\/wp-content\\\/uploads\\\/2025\\\/07\\\/app-theo-doi-don-hang-viet-trung-company.png\",\"width\":940,\"height\":788},{\"@type\":\"BreadcrumbList\",\"@id\":\"https:\\\/\\\/viettrungcompany.com\\\/huong-dan\\\/cai-dat-app-theo-doi-don-hang\\\/#breadcrumb\",\"itemListElement\":[{\"@type\":\"ListItem\",\"position\":1,\"name\":\"Home\",\"item\":\"https:\\\/\\\/viettrungcompany.com\\\/zh-hans\\\/\"},{\"@type\":\"ListItem\",\"position\":2,\"name\":\"\u6307\u5357\",\"item\":\"https:\\\/\\\/viettrungcompany.com\\\/huong-dan\\\/\"},{\"@type\":\"ListItem\",\"position\":3,\"name\":\"\u4e2d\u6587\u7ffb\u8bd1\uff1a\u5b89\u88c5\u8ba2\u5355\u8ddf\u8e2a\u5e94\u7528\"}]},{\"@type\":\"WebSite\",\"@id\":\"https:\\\/\\\/viettrungcompany.com\\\/#website\",\"url\":\"https:\\\/\\\/viettrungcompany.com\\\/\",\"name\":\"Viet Trung Company\",\"description\":\"\",\"potentialAction\":[{\"@type\":\"SearchAction\",\"target\":{\"@type\":\"EntryPoint\",\"urlTemplate\":\"https:\\\/\\\/viettrungcompany.com\\\/?s={search_term_string}\"},\"query-input\":{\"@type\":\"PropertyValueSpecification\",\"valueRequired\":true,\"valueName\":\"search_term_string\"}}],\"inLanguage\":\"zh-Hans\"}]}<\/script>\n<!-- \/ Yoast SEO plugin. -->","yoast_head_json":{"title":"\u4e2d\u6587\u7ffb\u8bd1\uff1a\u5b89\u88c5\u8ba2\u5355\u8ddf\u8e2a\u5e94\u7528 - Viet Trung Company","description":"\u1ee8ng d\u1ee5ng \"Vi\u1ec7t Trung Company\" \u0111\u01b0\u1ee3c ch\u00fang t\u00f4i ph\u00e1t tri\u1ec3n \u0111\u1ec3 gi\u00fap b\u1ea1n theo d\u00f5i s\u00e1t sao m\u1ecdi v\u1ea5n \u0111\u1ec1 trong qu\u00e1 tr\u00ecnh v\u1eadn chuy\u1ec3n ki\u1ec7n h\u00e0ng c\u1ee7a m\u00ecnh","robots":{"index":"index","follow":"follow","max-snippet":"max-snippet:-1","max-image-preview":"max-image-preview:large","max-video-preview":"max-video-preview:-1"},"canonical":"https:\/\/viettrungcompany.com\/huong-dan\/cai-dat-app-theo-doi-don-hang\/","og_locale":"zh_CN","og_type":"article","og_title":"\u4e2d\u6587\u7ffb\u8bd1\uff1a\u5b89\u88c5\u8ba2\u5355\u8ddf\u8e2a\u5e94\u7528 - Viet Trung Company","og_description":"\u1ee8ng d\u1ee5ng \"Vi\u1ec7t Trung Company\" \u0111\u01b0\u1ee3c ch\u00fang t\u00f4i ph\u00e1t tri\u1ec3n \u0111\u1ec3 gi\u00fap b\u1ea1n theo d\u00f5i s\u00e1t sao m\u1ecdi v\u1ea5n \u0111\u1ec1 trong qu\u00e1 tr\u00ecnh v\u1eadn chuy\u1ec3n ki\u1ec7n h\u00e0ng c\u1ee7a m\u00ecnh","og_url":"https:\/\/viettrungcompany.com\/huong-dan\/cai-dat-app-theo-doi-don-hang\/","og_site_name":"Viet Trung Company","article_modified_time":"2025-08-20T08:18:49+00:00","og_image":[{"url":"https:\/\/viettrungcompany.com\/wp-content\/uploads\/2025\/07\/app-theo-doi-don-hang-viet-trung-company.png","type":"","width":"","height":""}],"twitter_card":"summary_large_image","twitter_misc":{"\u9884\u8ba1\u9605\u8bfb\u65f6\u95f4":"8 \u5206"},"schema":{"@context":"https:\/\/schema.org","@graph":[{"@type":"WebPage","@id":"https:\/\/viettrungcompany.com\/huong-dan\/cai-dat-app-theo-doi-don-hang\/","url":"https:\/\/viettrungcompany.com\/huong-dan\/cai-dat-app-theo-doi-don-hang\/","name":"\u4e2d\u6587\u7ffb\u8bd1\uff1a\u5b89\u88c5\u8ba2\u5355\u8ddf\u8e2a\u5e94\u7528 - Viet Trung Company","isPartOf":{"@id":"https:\/\/viettrungcompany.com\/#website"},"primaryImageOfPage":{"@id":"https:\/\/viettrungcompany.com\/huong-dan\/cai-dat-app-theo-doi-don-hang\/#primaryimage"},"image":{"@id":"https:\/\/viettrungcompany.com\/huong-dan\/cai-dat-app-theo-doi-don-hang\/#primaryimage"},"thumbnailUrl":"https:\/\/viettrungcompany.com\/wp-content\/uploads\/2025\/07\/app-theo-doi-don-hang-viet-trung-company.png","datePublished":"2025-07-20T16:04:50+00:00","dateModified":"2025-08-20T08:18:49+00:00","description":"\u1ee8ng d\u1ee5ng \"Vi\u1ec7t Trung Company\" \u0111\u01b0\u1ee3c ch\u00fang t\u00f4i ph\u00e1t tri\u1ec3n \u0111\u1ec3 gi\u00fap b\u1ea1n theo d\u00f5i s\u00e1t sao m\u1ecdi v\u1ea5n \u0111\u1ec1 trong qu\u00e1 tr\u00ecnh v\u1eadn chuy\u1ec3n ki\u1ec7n h\u00e0ng c\u1ee7a m\u00ecnh","breadcrumb":{"@id":"https:\/\/viettrungcompany.com\/huong-dan\/cai-dat-app-theo-doi-don-hang\/#breadcrumb"},"inLanguage":"zh-Hans","potentialAction":[{"@type":"ReadAction","target":["https:\/\/viettrungcompany.com\/huong-dan\/cai-dat-app-theo-doi-don-hang\/"]}]},{"@type":"ImageObject","inLanguage":"zh-Hans","@id":"https:\/\/viettrungcompany.com\/huong-dan\/cai-dat-app-theo-doi-don-hang\/#primaryimage","url":"https:\/\/viettrungcompany.com\/wp-content\/uploads\/2025\/07\/app-theo-doi-don-hang-viet-trung-company.png","contentUrl":"https:\/\/viettrungcompany.com\/wp-content\/uploads\/2025\/07\/app-theo-doi-don-hang-viet-trung-company.png","width":940,"height":788},{"@type":"BreadcrumbList","@id":"https:\/\/viettrungcompany.com\/huong-dan\/cai-dat-app-theo-doi-don-hang\/#breadcrumb","itemListElement":[{"@type":"ListItem","position":1,"name":"Home","item":"https:\/\/viettrungcompany.com\/zh-hans\/"},{"@type":"ListItem","position":2,"name":"\u6307\u5357","item":"https:\/\/viettrungcompany.com\/huong-dan\/"},{"@type":"ListItem","position":3,"name":"\u4e2d\u6587\u7ffb\u8bd1\uff1a\u5b89\u88c5\u8ba2\u5355\u8ddf\u8e2a\u5e94\u7528"}]},{"@type":"WebSite","@id":"https:\/\/viettrungcompany.com\/#website","url":"https:\/\/viettrungcompany.com\/","name":"Viet Trung Company","description":"","potentialAction":[{"@type":"SearchAction","target":{"@type":"EntryPoint","urlTemplate":"https:\/\/viettrungcompany.com\/?s={search_term_string}"},"query-input":{"@type":"PropertyValueSpecification","valueRequired":true,"valueName":"search_term_string"}}],"inLanguage":"zh-Hans"}]}},"_links":{"self":[{"href":"https:\/\/viettrungcompany.com\/zh-hans\/wp-json\/wp\/v2\/pages\/38640","targetHints":{"allow":["GET"]}}],"collection":[{"href":"https:\/\/viettrungcompany.com\/zh-hans\/wp-json\/wp\/v2\/pages"}],"about":[{"href":"https:\/\/viettrungcompany.com\/zh-hans\/wp-json\/wp\/v2\/types\/page"}],"author":[{"embeddable":true,"href":"https:\/\/viettrungcompany.com\/zh-hans\/wp-json\/wp\/v2\/users\/1"}],"replies":[{"embeddable":true,"href":"https:\/\/viettrungcompany.com\/zh-hans\/wp-json\/wp\/v2\/comments?post=38640"}],"version-history":[{"count":2,"href":"https:\/\/viettrungcompany.com\/zh-hans\/wp-json\/wp\/v2\/pages\/38640\/revisions"}],"predecessor-version":[{"id":39360,"href":"https:\/\/viettrungcompany.com\/zh-hans\/wp-json\/wp\/v2\/pages\/38640\/revisions\/39360"}],"up":[{"embeddable":true,"href":"https:\/\/viettrungcompany.com\/zh-hans\/wp-json\/wp\/v2\/pages\/38636"}],"wp:featuredmedia":[{"embeddable":true,"href":"https:\/\/viettrungcompany.com\/zh-hans\/wp-json\/wp\/v2\/media\/35423"}],"wp:attachment":[{"href":"https:\/\/viettrungcompany.com\/zh-hans\/wp-json\/wp\/v2\/media?parent=38640"}],"curies":[{"name":"wp","href":"https:\/\/api.w.org\/{rel}","templated":true}]}}