{"id":38642,"date":"2025-07-20T23:07:55","date_gmt":"2025-07-20T16:07:55","guid":{"rendered":"https:\/\/viettrungcompany.com\/huong-dan\/cai-dat-dia-chi-kho-tren-taobao-1688\/"},"modified":"2025-08-20T15:20:21","modified_gmt":"2025-08-20T08:20:21","slug":"%e5%9c%a8%e6%b7%98%e5%ae%9d%e3%80%811688%e4%b8%8a%e8%ae%be%e7%bd%ae%e4%bb%93%e5%ba%93%e5%9c%b0%e5%9d%80","status":"publish","type":"page","link":"https:\/\/viettrungcompany.com\/zh-hans\/%e6%8c%87%e5%8d%97\/%e5%9c%a8%e6%b7%98%e5%ae%9d%e3%80%811688%e4%b8%8a%e8%ae%be%e7%bd%ae%e4%bb%93%e5%ba%93%e5%9c%b0%e5%9d%80\/","title":{"rendered":"\u5728\u6dd8\u5b9d\u30011688\u4e0a\u8bbe\u7f6e\u4ed3\u5e93\u5730\u5740"},"content":{"rendered":"<h1><strong>\u6dd8\u5b9d\u30011688\u4ed3\u5e93\u5730\u5740\u8bbe\u7f6e\u6307\u5357<\/strong><\/h1>\n<p><strong>\u6dd8\u5b9d\u30011688<\/strong> \u662f\u4ec5\u652f\u6301\u4e2d\u56fd\u5883\u5185\u914d\u9001\u7684\u7535\u5546\u5e73\u53f0\u3002\u8fd9\u5c31\u8981\u6c42\u8d8a\u5357\u4e70\u5bb6\u5fc5\u987b<strong>\u8bbe\u7f6e\u4e00\u4e2a\u5728\u4e2d\u56fd\u7684\u6536\u8d27\u5730\u5740<\/strong>\uff08\u4e2d\u8f6c\u4ed3\uff09\uff0c\u624d\u80fd\u5b8c\u6210\u4e0b\u5355\u53ca\u8fd0\u8f93\u5230\u8d8a\u5357\u7684\u5168\u8fc7\u7a0b\u3002<\/p>\n<h2><strong>1688 \u65b0\u5efa\u4ed3\u5e93\u6536\u8d27\u5730\u5740\u6307\u5357<\/strong><\/h2>\n<h3><strong>\u6b65\u9aa41\uff1a\u767b\u5f551688\u8d26\u53f7<\/strong><\/h3>\n<p>\u8bbf\u95ee\uff1a<a href=\"https:\/\/www.1688.com\/\">https:\/\/www.1688.com<\/a> > \u70b9\u51fb\u767b\u5f55\uff08log in\uff09 > \u8f93\u5165\u5df2\u6ce8\u518c\u7684\u8d26\u53f7\u3002<\/p>\n<p><img decoding=\"async\" id=\"cai-dat-dia-chi-1688\" dir=\"ltr\" lang=\"zh\" title=\"1688\u5730\u5740\u8bbe\u7f6e\u6307\u5357\" src=\"https:\/\/viettrungcompany.com\/wp-content\/uploads\/2025\/07\/cai-dat-dia-chi-1688.png\" alt=\"1688\u5730\u5740\u8bbe\u7f6e\" \/><\/p>\n<p>&nbsp;<\/p>\n<h3><strong>\u6b65\u9aa42\uff1a<\/strong>\u5728\u5de6\u4fa7\u5bfc\u822a\u680f\u9009\u62e9 \u201c<strong>\u8ba2\u5355<\/strong>\u201d \u2192 \u201c<strong>\u6536\u8d27\u5730\u5740\u7ba1\u7406<\/strong>\u201d<\/h3>\n<p><img decoding=\"async\" id=\"cai-dat-dia-chi-1688\" dir=\"ltr\" lang=\"zh\" title=\"1688\u6536\u8d27\u5730\u5740\u7ba1\u7406\" src=\"https:\/\/viettrungcompany.com\/wp-content\/uploads\/2025\/07\/cai-dat-dia-chi-1688-2.png\" alt=\"1688\u6536\u8d27\u5730\u5740\u7ba1\u7406\" \/><\/p>\n<p>&nbsp;<\/p>\n<h3><strong>\u6b65\u9aa43\uff1a\u8fdb\u5165\u6536\u8d27\u5730\u5740\u7ba1\u7406 &#8211; \u6536\u8d27\u5730\u5740\u7ba1\u7406<\/strong><\/h3>\n<p><img decoding=\"async\" id=\"cai-dat-dia-chi-1688\" dir=\"ltr\" lang=\"zh\" title=\"1688\u65b0\u589e\u5730\u5740\" src=\"https:\/\/viettrungcompany.com\/wp-content\/uploads\/2025\/07\/cai-dat-dia-chi-1688-3.png\" alt=\"1688\u65b0\u589e\u5730\u5740\" \/><\/p>\n<p>&nbsp;<\/p>\n<h3><strong>\u6b65\u9aa44\uff1a<\/strong>\u65b0\u5efa\u6536\u8d27\u5730\u5740<\/h3>\n<p><img decoding=\"async\" id=\"cai-dat-dia-chi-1688\" dir=\"ltr\" lang=\"zh\" title=\"1688\u6536\u8d27\u5730\u5740\u8f93\u5165\" src=\"https:\/\/viettrungcompany.com\/wp-content\/uploads\/2025\/07\/cai-dat-dia-chi-1688-4.png\" alt=\"1688\u6536\u8d27\u5730\u5740\u8f93\u5165\" \/><\/p>\n<p>&nbsp;<\/p>\n<p>\u70b9\u51fb\u201c\u65b0\u589e\u5730\u5740\u201d\uff08\u7eff\u8272\u6309\u94ae\uff09 > \u586b\u5199\u5b8c\u6574\u4fe1\u606f\uff1a<\/p>\n<p><strong>&#8211; \u6536\u4ef6\u4eba\u59d3\u540d\uff1a<\/strong> Nguyen Ky Anh<\/p>\n<p><strong>&#8211; \u8054\u7cfb\u7535\u8bdd\uff1a<\/strong> 008613710964989<\/p>\n<p><strong>&#8211; \u5730\u5740\uff1a<\/strong> \u5e7f\u5dde\u8d8a\u79c0\u533a\u5927\u6c99\u5934\u8def17 &#8211; 2\u53f7 (17 &#8211; 2 Da Sha Tou Lu &#8211; GuangZhou)<\/p>\n<p><strong>&#8211; \u90ae\u7f16\uff1a<\/strong> 510000<\/p>\n<p>&nbsp;<\/p>\n<h3><strong>\u6b65\u9aa45\uff1a<\/strong>\u4fdd\u5b58\u5e76\u8bbe\u4e3a\u9ed8\u8ba4\u5730\u5740<\/h3>\n<p>\u52fe\u9009\u8bbe\u4e3a\u9ed8\u8ba4\u5730\u5740 > \u70b9\u51fb\u7eff\u8272\u6309\u94ae\u5373\u53ef<strong>\u5b8c\u62101688\u4ed3\u5e93\u5730\u5740\u8bbe\u7f6e<\/strong>\u3002<\/p>\n<h2><strong>\u6dd8\u5b9d\u65b0\u5efa\u6536\u8d27\u5730\u5740\u6307\u5357<\/strong><\/h2>\n<p><strong>\u6b65\u9aa41\uff1a<\/strong> \u767b\u5f55\u6dd8\u5b9d\u8d26\u53f7<\/p>\n<p>\u8bbf\u95ee\uff1a<a href=\"https:\/\/world.taobao.com\/\" target=\"_blank\" rel=\"nofollow noopener\">https:\/\/world.taobao.com\/<\/a> > \u70b9\u51fb\u767b\u5f55\uff08log in\uff09 > \u8f93\u5165\u5df2\u6ce8\u518c\u8d26\u53f7\u3002<\/p>\n<p>&nbsp;<\/p>\n<p><img decoding=\"async\" id=\"cai-dat-dia-chi-taobao\" dir=\"ltr\" lang=\"zh\" title=\"\u6dd8\u5b9d\u6536\u8d27\u5730\u5740\u8bbe\u7f6e\" src=\"https:\/\/viettrungcompany.com\/wp-content\/uploads\/2025\/07\/cai-dat-dia-chi-taobao.png\" alt=\"\u6dd8\u5b9d\u6536\u8d27\u5730\u5740\u8bbe\u7f6e\" \/><\/p>\n<p>&nbsp;<\/p>\n<p><strong>\u6b65\u9aa42\uff1a<\/strong>\u8fdb\u5165\u6dd8\u5b9d\u6536\u8d27\u5730\u5740\u8bbe\u7f6e<\/p>\n<p>\u5728\u9875\u9762\u4e2d\u70b9\u51fb <strong>\u201c\u6211\u7684\u6536\u8d27\u5730\u5740\u201d<\/strong> \u586b\u5199\u6536\u8d27\u4fe1\u606f\u3002\u60a8\u4e5f\u53ef\u4ee5\u5c06\u9875\u9762\u7ffb\u8bd1\u6210\u8d8a\u5357\u8bed\u5e76\u9009\u62e9 <strong>\u201c\u6211\u7684\u6536\u8d27\u5730\u5740\u201d<\/strong>\u3002<\/p>\n<p><img decoding=\"async\" id=\"cai-dat-dia-chi-giao-hang-tren-taobao-1\" dir=\"ltr\" lang=\"zh\" title=\"\u6dd8\u5b9d\u5730\u5740\u8bbe\u7f6e1\" src=\"https:\/\/viettrungcompany.com\/wp-content\/uploads\/2025\/07\/cai-dat-dia-chi-giao-hang-tren-taobao-1.png\" alt=\"\u6dd8\u5b9d\u5730\u5740\u8bbe\u7f6e1\" \/><\/p>\n<h3><\/h3>\n<h3><strong>\u6b65\u9aa43\uff1a<\/strong>\u586b\u5199\u4ed3\u5e93\u5730\u5740<\/h3>\n<p><img decoding=\"async\" id=\"cai-dat-dia-chi-giao-hang-tren-taobao-2\" dir=\"ltr\" lang=\"zh\" title=\"\u6dd8\u5b9d\u5730\u5740\u8bbe\u7f6e2\" src=\"https:\/\/viettrungcompany.com\/wp-content\/uploads\/2025\/07\/cai-dat-dia-chi-giao-hang-tren-taobao-2.png\" alt=\"\u6dd8\u5b9d\u5730\u5740\u8bbe\u7f6e2\" \/><\/p>\n<p>\u586b\u5199\u5b8c\u6574\u4fe1\u606f\uff1a<\/p>\n<p><strong>&#8211; \u6536\u4ef6\u4eba\u59d3\u540d\uff1a<\/strong> Nguyen Ky Anh<\/p>\n<p><strong>&#8211; \u8054\u7cfb\u7535\u8bdd\uff1a<\/strong> 008613710964989<\/p>\n<p><strong>&#8211; \u5730\u5740\uff1a<\/strong> \u5e7f\u5dde\u8d8a\u79c0\u533a\u5927\u6c99\u5934\u8def17 &#8211; 2\u53f7 (17 &#8211; 2 Da Sha Tou Lu &#8211; GuangZhou)<\/p>\n<p><strong>&#8211; \u90ae\u7f16\uff1a<\/strong> 510000<\/p>\n<h3><strong>\u6b65\u9aa44\uff1a<\/strong>\u4fdd\u5b58\u5e76\u8bbe\u4e3a\u9ed8\u8ba4\u5730\u5740<\/h3>\n<p>\u52fe\u9009\u8bbe\u4e3a\u9ed8\u8ba4\u5730\u5740 > \u70b9\u51fb\u7eff\u8272\u6309\u94ae\u5373\u53ef<strong>\u5b8c\u6210\u6dd8\u5b9d\u4ed3\u5e93\u5730\u5740\u8bbe\u7f6e<\/strong>\u3002<\/p>\n<h2><strong>\u4e3a\u4ec0\u4e48\u8981\u5728\u8d8a\u4e2d\u516c\u53f8\u8bbe\u7f6e1688\u4ed3\u5e93\u5730\u5740<\/strong><\/h2>\n<p>&#8211; \u4ed3\u5e93\u4f4d\u4e8e\u5e7f\u5dde &#038; \u4e1c\u5174\uff0c\u53ef<strong>\u8282\u7701\u672c\u5730\u8fd0\u8d39<\/strong>\uff0c3-5\u5929\u5373\u53ef\u5230\u8d27\u3002  <\/p>\n<p>&#8211; \u4ed3\u5e93\u5bbd\u655e\uff0c\u914d\u6709\u76d1\u63a7\uff0c\u900f\u660e\u8ddf\u8e2a\u7801\u3002  <\/p>\n<p>&#8211; \u4ee3\u8d2d\u624b\u7eed\u8d39\u4ece1%\u8d77\uff0c\u53ef\u8bae\u4ef7\u66f4\u4f18\u60e0\u3002  <\/p>\n<p>&#8211; \u8fd0\u8f93\u8d39\u7528\u4f4e\u81f3 8,000\u8d8a\u76fe\/\u516c\u65a4\u3002  <\/p>\n<p>&#8211; \u63d0\u4f9b\u8ba2\u5355\u5728\u7ebf\u8ffd\u8e2a\u5e94\u7528\u3002  <\/p>\n<p>&#8211; \u652f\u6301\u7ea2\u7968\u3001\u62a5\u5173\uff0c\u5982\u8d27\u7269\u635f\u574f\u6700\u9ad8\u8d54\u507f10\u500d\u3002  <\/p>\n<p>\ud83d\udc49 <a href=\"https:\/\/zalo.me\/197969820382043562\" target=\"_blank\" rel=\"noopener\">\u514d\u8d39\u83b7\u53d6\u6b63\u89c4\u8fdb\u53e3\u54a8\u8be2<\/a><\/p>\n<p><strong>\u8d8a\u4e2d\u516c\u53f8<\/strong> \u4e13\u4e1a\u63d0\u4f9b\u6dd8\u5b9d\u30011688\u3001\u5929\u732b\u3001\u963f\u91cc\u5df4\u5df4\u4ee3\u8d2d\uff0cZara\u3001H&#038;M\u3001Lining\u62a2\u8d2d\uff0c\u4ee5\u53ca\u4ece\u4e2d\u56fd\u5230\u8d8a\u5357\u7684\u8fd0\u8f93\u670d\u52a1\uff0c\u901f\u5ea6\u5feb\u3001\u4ef7\u683c\u5408\u7406\u3001\u4fe1\u8a89\u53ef\u9760\u3002\u6211\u4eec\u6bcf\u5929\u90fd\u5728\u52aa\u529b\u63d0\u5347\u670d\u52a1\u8d28\u91cf\uff0c\u81f4\u529b\u4e8e\u6210\u4e3a\u6700\u503c\u5f97\u4fe1\u8d56\u7684\u7269\u6d41\u4f01\u4e1a\uff0c\u4e3a\u5ba2\u6237\u5e26\u6765\u6700\u5927\u4ef7\u503c\u4e0e\u6ee1\u610f\u5ea6\u3002<\/p>\n<h2><b>\u8054\u7cfb\u8d8a\u4e2d\u516c\u53f8<\/b><\/h2>\n<p><em>\u5982\u9700\u4e86\u89e3\u66f4\u591a\u4e2d\u8d8a\u8fd0\u8f93\u4fe1\u606f\uff0c\u8bf7\u901a\u8fc7\u4ee5\u4e0b\u6e20\u9053\u8054\u7cfb\u6211\u4eec\uff1a<\/em><\/p>\n<p>Email: <a href=\"mailto:viettrungcompany2012@gmail.com\" target=\"_blank\" rel=\"noopener\">viettrungcompany2012@gmail.com<\/a><\/p>\n<p>Website: <a href=\"https:\/\/www.viettrungcompany.com\/\" target=\"_blank\" rel=\"noopener\">www.viettrungcompany.com<\/a><\/p>\n<p>Facebook: <a href=\"https:\/\/www.facebook.com\/viettrungcompany\" target=\"_blank\" rel=\"noopener\">https:\/\/www.facebook.com\/viettrungcompany<\/a><\/p>\n<p>Youtube: <a href=\"https:\/\/www.youtube.com\/@viettrungcompany\" target=\"_blank\" rel=\"noopener\">https:\/\/www.youtube.com\/@viettrungcompany<\/a><\/p>\n<p>Tiktok: <a href=\"https:\/\/www.tiktok.com\/@viettrungcompany\" target=\"_blank\" rel=\"noopener\">https:\/\/www.tiktok.com\/@viettrungcompany<\/a><\/p>\n<p><em>\u6b64\u5916\uff0c\u60a8\u8fd8\u53ef\u8054\u7cfb\u8d8a\u4e2d\u516c\u53f8\u5728\u4e09\u5730\u7684\u529e\u4e8b\u5904\uff1a<\/em><\/p>\n<p>\u2013 \u6cb3\u5185\u529e\u4e8b\u5904\uff1a\u6cb3\u5185\u5e02\u4e49\u90fd\u574a\u5173\u82b1\u8857189\u53f7\u3002\u7535\u8bdd\uff1a0965551166  <\/p>\n<p>\u2013 \u5c98\u6e2f\u529e\u4e8b\u5904\uff1a\u5c98\u6e2f\u5e02\u6e05\u6eaa\u574a\u6b66\u6587\u5766\u885766\u53f7Savico\u5927\u53a62\u697c\u3002\u7535\u8bdd\uff1a0935131816 \u2013 0967371118  <\/p>\n<p>\u2013 \u80e1\u5fd7\u660e\u5e02\u529e\u4e8b\u5904\uff1a\u80e1\u5fd7\u660e\u5e02\u4e03\u8d24\u574a\u962e\u592a\u5e73\u8857264-264A\u53f7\u3002\u7535\u8bdd\uff1a0935086838 \u2013 0962259911\u3002  <\/p>\n","protected":false},"excerpt":{"rendered":"<p>\u6dd8\u5b9d\u30011688\u4ed3\u5e93\u5730\u5740\u8bbe\u7f6e\u6307\u5357 \u6dd8\u5b9d\u30011<\/p>\n","protected":false},"author":1,"featured_media":0,"parent":38636,"menu_order":0,"comment_status":"closed","ping_status":"closed","template":"","meta":{"footnotes":""},"class_list":["post-38642","page","type-page","status-publish","hentry"],"yoast_head":"<!-- This site is optimized with the Yoast SEO plugin v27.4 - https:\/\/yoast.com\/product\/yoast-seo-wordpress\/ -->\n<title>\u5728\u6dd8\u5b9d\u30011688\u4e0a\u8bbe\u7f6e\u4ed3\u5e93\u5730\u5740 - Viet Trung Company<\/title>\n<meta name=\"description\" content=\"Taobao, 1688\u00a0l\u00e0 c\u00e1c trang TM\u0110T ch\u1ec9 giao h\u00e0ng n\u1ed9i \u0111\u1ecba Trung Qu\u1ed1c. \u0110i\u1ec1u \u0111\u00f3 \u0111\u00f2i h\u1ecfi ng\u01b0\u1eddi mua Vi\u1ec7t Nam c\u1ea7n ph\u1ea3i\u00a0thi\u1ebft l\u1eadp \u0111\u1ecba ch\u1ec9 nh\u1eadn h\u00e0ng t\u1ea1i Trung Qu\u1ed1c\u00a0(kho trung gian), nh\u1eb1m ho\u00e0n t\u1ea5t qu\u00e1 tr\u00ecnh \u0111\u1eb7t h\u00e0ng v\u00e0 v\u1eadn chuy\u1ec3n v\u1ec1 Vi\u1ec7t Nam.\" \/>\n<meta name=\"robots\" content=\"index, follow, max-snippet:-1, max-image-preview:large, max-video-preview:-1\" \/>\n<link rel=\"canonical\" href=\"https:\/\/viettrungcompany.com\/huong-dan\/cai-dat-dia-chi-kho-tren-taobao-1688\/\" \/>\n<meta property=\"og:locale\" content=\"zh_CN\" \/>\n<meta property=\"og:type\" content=\"article\" \/>\n<meta property=\"og:title\" content=\"\u5728\u6dd8\u5b9d\u30011688\u4e0a\u8bbe\u7f6e\u4ed3\u5e93\u5730\u5740 - Viet Trung Company\" \/>\n<meta property=\"og:description\" content=\"Taobao, 1688\u00a0l\u00e0 c\u00e1c trang TM\u0110T ch\u1ec9 giao h\u00e0ng n\u1ed9i \u0111\u1ecba Trung Qu\u1ed1c. \u0110i\u1ec1u \u0111\u00f3 \u0111\u00f2i h\u1ecfi ng\u01b0\u1eddi mua Vi\u1ec7t Nam c\u1ea7n ph\u1ea3i\u00a0thi\u1ebft l\u1eadp \u0111\u1ecba ch\u1ec9 nh\u1eadn h\u00e0ng t\u1ea1i Trung Qu\u1ed1c\u00a0(kho trung gian), nh\u1eb1m ho\u00e0n t\u1ea5t qu\u00e1 tr\u00ecnh \u0111\u1eb7t h\u00e0ng v\u00e0 v\u1eadn chuy\u1ec3n v\u1ec1 Vi\u1ec7t Nam.\" \/>\n<meta property=\"og:url\" content=\"https:\/\/viettrungcompany.com\/huong-dan\/cai-dat-dia-chi-kho-tren-taobao-1688\/\" \/>\n<meta property=\"og:site_name\" content=\"Viet Trung Company\" \/>\n<meta property=\"article:modified_time\" content=\"2025-08-20T08:20:21+00:00\" \/>\n<meta property=\"og:image\" content=\"https:\/\/viettrungcompany.com\/wp-content\/uploads\/2025\/07\/cai-dat-dia-chi-1688.png\" \/>\n<meta name=\"twitter:card\" content=\"summary_large_image\" \/>\n<meta name=\"twitter:label1\" content=\"\u9884\u8ba1\u9605\u8bfb\u65f6\u95f4\" \/>\n\t<meta name=\"twitter:data1\" content=\"5 \u5206\" \/>\n<script type=\"application\/ld+json\" class=\"yoast-schema-graph\">{\"@context\":\"https:\\\/\\\/schema.org\",\"@graph\":[{\"@type\":\"WebPage\",\"@id\":\"https:\\\/\\\/viettrungcompany.com\\\/huong-dan\\\/cai-dat-dia-chi-kho-tren-taobao-1688\\\/\",\"url\":\"https:\\\/\\\/viettrungcompany.com\\\/huong-dan\\\/cai-dat-dia-chi-kho-tren-taobao-1688\\\/\",\"name\":\"\u5728\u6dd8\u5b9d\u30011688\u4e0a\u8bbe\u7f6e\u4ed3\u5e93\u5730\u5740 - Viet Trung Company\",\"isPartOf\":{\"@id\":\"https:\\\/\\\/viettrungcompany.com\\\/#website\"},\"primaryImageOfPage\":{\"@id\":\"https:\\\/\\\/viettrungcompany.com\\\/huong-dan\\\/cai-dat-dia-chi-kho-tren-taobao-1688\\\/#primaryimage\"},\"image\":{\"@id\":\"https:\\\/\\\/viettrungcompany.com\\\/huong-dan\\\/cai-dat-dia-chi-kho-tren-taobao-1688\\\/#primaryimage\"},\"thumbnailUrl\":\"https:\\\/\\\/viettrungcompany.com\\\/wp-content\\\/uploads\\\/2025\\\/07\\\/cai-dat-dia-chi-1688.png\",\"datePublished\":\"2025-07-20T16:07:55+00:00\",\"dateModified\":\"2025-08-20T08:20:21+00:00\",\"description\":\"Taobao, 1688\u00a0l\u00e0 c\u00e1c trang TM\u0110T ch\u1ec9 giao h\u00e0ng n\u1ed9i \u0111\u1ecba Trung Qu\u1ed1c. \u0110i\u1ec1u \u0111\u00f3 \u0111\u00f2i h\u1ecfi ng\u01b0\u1eddi mua Vi\u1ec7t Nam c\u1ea7n ph\u1ea3i\u00a0thi\u1ebft l\u1eadp \u0111\u1ecba ch\u1ec9 nh\u1eadn h\u00e0ng t\u1ea1i Trung Qu\u1ed1c\u00a0(kho trung gian), nh\u1eb1m ho\u00e0n t\u1ea5t qu\u00e1 tr\u00ecnh \u0111\u1eb7t h\u00e0ng v\u00e0 v\u1eadn chuy\u1ec3n v\u1ec1 Vi\u1ec7t Nam.\",\"breadcrumb\":{\"@id\":\"https:\\\/\\\/viettrungcompany.com\\\/huong-dan\\\/cai-dat-dia-chi-kho-tren-taobao-1688\\\/#breadcrumb\"},\"inLanguage\":\"zh-Hans\",\"potentialAction\":[{\"@type\":\"ReadAction\",\"target\":[\"https:\\\/\\\/viettrungcompany.com\\\/huong-dan\\\/cai-dat-dia-chi-kho-tren-taobao-1688\\\/\"]}]},{\"@type\":\"ImageObject\",\"inLanguage\":\"zh-Hans\",\"@id\":\"https:\\\/\\\/viettrungcompany.com\\\/huong-dan\\\/cai-dat-dia-chi-kho-tren-taobao-1688\\\/#primaryimage\",\"url\":\"https:\\\/\\\/viettrungcompany.com\\\/wp-content\\\/uploads\\\/2025\\\/07\\\/cai-dat-dia-chi-1688.png\",\"contentUrl\":\"https:\\\/\\\/viettrungcompany.com\\\/wp-content\\\/uploads\\\/2025\\\/07\\\/cai-dat-dia-chi-1688.png\"},{\"@type\":\"BreadcrumbList\",\"@id\":\"https:\\\/\\\/viettrungcompany.com\\\/huong-dan\\\/cai-dat-dia-chi-kho-tren-taobao-1688\\\/#breadcrumb\",\"itemListElement\":[{\"@type\":\"ListItem\",\"position\":1,\"name\":\"Home\",\"item\":\"https:\\\/\\\/viettrungcompany.com\\\/zh-hans\\\/\"},{\"@type\":\"ListItem\",\"position\":2,\"name\":\"\u6307\u5357\",\"item\":\"https:\\\/\\\/viettrungcompany.com\\\/huong-dan\\\/\"},{\"@type\":\"ListItem\",\"position\":3,\"name\":\"\u5728\u6dd8\u5b9d\u30011688\u4e0a\u8bbe\u7f6e\u4ed3\u5e93\u5730\u5740\"}]},{\"@type\":\"WebSite\",\"@id\":\"https:\\\/\\\/viettrungcompany.com\\\/#website\",\"url\":\"https:\\\/\\\/viettrungcompany.com\\\/\",\"name\":\"Viet Trung Company\",\"description\":\"\",\"potentialAction\":[{\"@type\":\"SearchAction\",\"target\":{\"@type\":\"EntryPoint\",\"urlTemplate\":\"https:\\\/\\\/viettrungcompany.com\\\/?s={search_term_string}\"},\"query-input\":{\"@type\":\"PropertyValueSpecification\",\"valueRequired\":true,\"valueName\":\"search_term_string\"}}],\"inLanguage\":\"zh-Hans\"}]}<\/script>\n<!-- \/ Yoast SEO plugin. -->","yoast_head_json":{"title":"\u5728\u6dd8\u5b9d\u30011688\u4e0a\u8bbe\u7f6e\u4ed3\u5e93\u5730\u5740 - Viet Trung Company","description":"Taobao, 1688\u00a0l\u00e0 c\u00e1c trang TM\u0110T ch\u1ec9 giao h\u00e0ng n\u1ed9i \u0111\u1ecba Trung Qu\u1ed1c. \u0110i\u1ec1u \u0111\u00f3 \u0111\u00f2i h\u1ecfi ng\u01b0\u1eddi mua Vi\u1ec7t Nam c\u1ea7n ph\u1ea3i\u00a0thi\u1ebft l\u1eadp \u0111\u1ecba ch\u1ec9 nh\u1eadn h\u00e0ng t\u1ea1i Trung Qu\u1ed1c\u00a0(kho trung gian), nh\u1eb1m ho\u00e0n t\u1ea5t qu\u00e1 tr\u00ecnh \u0111\u1eb7t h\u00e0ng v\u00e0 v\u1eadn chuy\u1ec3n v\u1ec1 Vi\u1ec7t Nam.","robots":{"index":"index","follow":"follow","max-snippet":"max-snippet:-1","max-image-preview":"max-image-preview:large","max-video-preview":"max-video-preview:-1"},"canonical":"https:\/\/viettrungcompany.com\/huong-dan\/cai-dat-dia-chi-kho-tren-taobao-1688\/","og_locale":"zh_CN","og_type":"article","og_title":"\u5728\u6dd8\u5b9d\u30011688\u4e0a\u8bbe\u7f6e\u4ed3\u5e93\u5730\u5740 - Viet Trung Company","og_description":"Taobao, 1688\u00a0l\u00e0 c\u00e1c trang TM\u0110T ch\u1ec9 giao h\u00e0ng n\u1ed9i \u0111\u1ecba Trung Qu\u1ed1c. \u0110i\u1ec1u \u0111\u00f3 \u0111\u00f2i h\u1ecfi ng\u01b0\u1eddi mua Vi\u1ec7t Nam c\u1ea7n ph\u1ea3i\u00a0thi\u1ebft l\u1eadp \u0111\u1ecba ch\u1ec9 nh\u1eadn h\u00e0ng t\u1ea1i Trung Qu\u1ed1c\u00a0(kho trung gian), nh\u1eb1m ho\u00e0n t\u1ea5t qu\u00e1 tr\u00ecnh \u0111\u1eb7t h\u00e0ng v\u00e0 v\u1eadn chuy\u1ec3n v\u1ec1 Vi\u1ec7t Nam.","og_url":"https:\/\/viettrungcompany.com\/huong-dan\/cai-dat-dia-chi-kho-tren-taobao-1688\/","og_site_name":"Viet Trung Company","article_modified_time":"2025-08-20T08:20:21+00:00","og_image":[{"url":"https:\/\/viettrungcompany.com\/wp-content\/uploads\/2025\/07\/cai-dat-dia-chi-1688.png","type":"","width":"","height":""}],"twitter_card":"summary_large_image","twitter_misc":{"\u9884\u8ba1\u9605\u8bfb\u65f6\u95f4":"5 \u5206"},"schema":{"@context":"https:\/\/schema.org","@graph":[{"@type":"WebPage","@id":"https:\/\/viettrungcompany.com\/huong-dan\/cai-dat-dia-chi-kho-tren-taobao-1688\/","url":"https:\/\/viettrungcompany.com\/huong-dan\/cai-dat-dia-chi-kho-tren-taobao-1688\/","name":"\u5728\u6dd8\u5b9d\u30011688\u4e0a\u8bbe\u7f6e\u4ed3\u5e93\u5730\u5740 - Viet Trung Company","isPartOf":{"@id":"https:\/\/viettrungcompany.com\/#website"},"primaryImageOfPage":{"@id":"https:\/\/viettrungcompany.com\/huong-dan\/cai-dat-dia-chi-kho-tren-taobao-1688\/#primaryimage"},"image":{"@id":"https:\/\/viettrungcompany.com\/huong-dan\/cai-dat-dia-chi-kho-tren-taobao-1688\/#primaryimage"},"thumbnailUrl":"https:\/\/viettrungcompany.com\/wp-content\/uploads\/2025\/07\/cai-dat-dia-chi-1688.png","datePublished":"2025-07-20T16:07:55+00:00","dateModified":"2025-08-20T08:20:21+00:00","description":"Taobao, 1688\u00a0l\u00e0 c\u00e1c trang TM\u0110T ch\u1ec9 giao h\u00e0ng n\u1ed9i \u0111\u1ecba Trung Qu\u1ed1c. \u0110i\u1ec1u \u0111\u00f3 \u0111\u00f2i h\u1ecfi ng\u01b0\u1eddi mua Vi\u1ec7t Nam c\u1ea7n ph\u1ea3i\u00a0thi\u1ebft l\u1eadp \u0111\u1ecba ch\u1ec9 nh\u1eadn h\u00e0ng t\u1ea1i Trung Qu\u1ed1c\u00a0(kho trung gian), nh\u1eb1m ho\u00e0n t\u1ea5t qu\u00e1 tr\u00ecnh \u0111\u1eb7t h\u00e0ng v\u00e0 v\u1eadn chuy\u1ec3n v\u1ec1 Vi\u1ec7t Nam.","breadcrumb":{"@id":"https:\/\/viettrungcompany.com\/huong-dan\/cai-dat-dia-chi-kho-tren-taobao-1688\/#breadcrumb"},"inLanguage":"zh-Hans","potentialAction":[{"@type":"ReadAction","target":["https:\/\/viettrungcompany.com\/huong-dan\/cai-dat-dia-chi-kho-tren-taobao-1688\/"]}]},{"@type":"ImageObject","inLanguage":"zh-Hans","@id":"https:\/\/viettrungcompany.com\/huong-dan\/cai-dat-dia-chi-kho-tren-taobao-1688\/#primaryimage","url":"https:\/\/viettrungcompany.com\/wp-content\/uploads\/2025\/07\/cai-dat-dia-chi-1688.png","contentUrl":"https:\/\/viettrungcompany.com\/wp-content\/uploads\/2025\/07\/cai-dat-dia-chi-1688.png"},{"@type":"BreadcrumbList","@id":"https:\/\/viettrungcompany.com\/huong-dan\/cai-dat-dia-chi-kho-tren-taobao-1688\/#breadcrumb","itemListElement":[{"@type":"ListItem","position":1,"name":"Home","item":"https:\/\/viettrungcompany.com\/zh-hans\/"},{"@type":"ListItem","position":2,"name":"\u6307\u5357","item":"https:\/\/viettrungcompany.com\/huong-dan\/"},{"@type":"ListItem","position":3,"name":"\u5728\u6dd8\u5b9d\u30011688\u4e0a\u8bbe\u7f6e\u4ed3\u5e93\u5730\u5740"}]},{"@type":"WebSite","@id":"https:\/\/viettrungcompany.com\/#website","url":"https:\/\/viettrungcompany.com\/","name":"Viet Trung Company","description":"","potentialAction":[{"@type":"SearchAction","target":{"@type":"EntryPoint","urlTemplate":"https:\/\/viettrungcompany.com\/?s={search_term_string}"},"query-input":{"@type":"PropertyValueSpecification","valueRequired":true,"valueName":"search_term_string"}}],"inLanguage":"zh-Hans"}]}},"_links":{"self":[{"href":"https:\/\/viettrungcompany.com\/zh-hans\/wp-json\/wp\/v2\/pages\/38642","targetHints":{"allow":["GET"]}}],"collection":[{"href":"https:\/\/viettrungcompany.com\/zh-hans\/wp-json\/wp\/v2\/pages"}],"about":[{"href":"https:\/\/viettrungcompany.com\/zh-hans\/wp-json\/wp\/v2\/types\/page"}],"author":[{"embeddable":true,"href":"https:\/\/viettrungcompany.com\/zh-hans\/wp-json\/wp\/v2\/users\/1"}],"replies":[{"embeddable":true,"href":"https:\/\/viettrungcompany.com\/zh-hans\/wp-json\/wp\/v2\/comments?post=38642"}],"version-history":[{"count":2,"href":"https:\/\/viettrungcompany.com\/zh-hans\/wp-json\/wp\/v2\/pages\/38642\/revisions"}],"predecessor-version":[{"id":39362,"href":"https:\/\/viettrungcompany.com\/zh-hans\/wp-json\/wp\/v2\/pages\/38642\/revisions\/39362"}],"up":[{"embeddable":true,"href":"https:\/\/viettrungcompany.com\/zh-hans\/wp-json\/wp\/v2\/pages\/38636"}],"wp:attachment":[{"href":"https:\/\/viettrungcompany.com\/zh-hans\/wp-json\/wp\/v2\/media?parent=38642"}],"curies":[{"name":"wp","href":"https:\/\/api.w.org\/{rel}","templated":true}]}}