{"id":38646,"date":"2025-07-20T23:07:06","date_gmt":"2025-07-20T16:07:06","guid":{"rendered":"https:\/\/viettrungcompany.com\/huong-dan\/quy-trinh-lam-viec-voi-viet-trung-company\/"},"modified":"2025-08-20T15:58:05","modified_gmt":"2025-08-20T08:58:05","slug":"%e4%b8%8e%e8%b6%8a%e4%b8%ad%e5%85%ac%e5%8f%b8%e5%90%88%e4%bd%9c%e6%b5%81%e7%a8%8b","status":"publish","type":"page","link":"https:\/\/viettrungcompany.com\/zh-hans\/%e6%8c%87%e5%8d%97\/%e4%b8%8e%e8%b6%8a%e4%b8%ad%e5%85%ac%e5%8f%b8%e5%90%88%e4%bd%9c%e6%b5%81%e7%a8%8b\/","title":{"rendered":"\u4e0e\u8d8a\u4e2d\u516c\u53f8\u5408\u4f5c\u6d41\u7a0b"},"content":{"rendered":"<p><strong>\u8d8a\u4e2d\u516c\u53f8<\/strong> \u662f\u4e00\u5bb6\u4e13\u4e1a\u63d0\u4f9b <strong>\u4e2d\u8d8a\u6b63\u89c4\u8fd0\u8f93\u670d\u52a1<\/strong> \u7684\u4f01\u4e1a\uff0c\u62e5\u6709\u591a\u5e74\u7ecf\u9a8c\uff0c\u5728\u4e2d\u56fd\u4e0e\u8d8a\u5357\u5747\u8bbe\u6709\u4ed3\u5e93\u7cfb\u7edf\uff0c\u914d\u5907\u4e13\u4e1a\u56e2\u961f\uff0c\u5168\u7a0b\u4e3a\u5ba2\u6237\u63d0\u4f9b\u4ece A\u2013Z \u7684\u8fdb\u51fa\u53e3\u652f\u6301\u3002<\/p>\n<p><img decoding=\"async\" id=\"quy-trinh-lam-viec-voi-viet-trung-company\" dir=\"ltr\" lang=\"zh\" title=\"\u4e0e\u8d8a\u4e2d\u516c\u53f8\u5408\u4f5c\u6d41\u7a0b\" src=\"https:\/\/viettrungcompany.com\/wp-content\/uploads\/2025\/07\/quy-trinh-lam-viec-voi-viet-trung-company.png\" alt=\"\u4e0e\u8d8a\u4e2d\u516c\u53f8\u5408\u4f5c\u6d41\u7a0b\" \/><\/p>\n<p>&nbsp;<\/p>\n<h2><strong>1. \u6ce8\u518c\u8d26\u53f7\u4e0e\u521d\u6b65\u54a8\u8be2<\/strong><\/h2>\n<p>&#8211; \u5ba2\u6237\u53ef\u76f4\u63a5\u901a\u8fc7 <strong>\u70ed\u7ebf\/\u5fae\u4fe1: 0965551166 &#8211; 0935131816 &#8211; 0935086838<\/strong> \u8054\u7cfb  <\/p>\n<p>&#8211; \u5ba2\u670d\u5c06\u63a5\u6536\u4fe1\u606f\uff0c\u5e76\u6839\u636e\u4e0d\u540c\u9700\u6c42\u63d0\u4f9b\u5408\u9002\u670d\u52a1\u54a8\u8be2\uff1a\u4ee3\u8d2d\u3001\u8d27\u7269\u5bc4\u5b58\u3001\u4ee3\u4ed8\u3001\u6b63\u89c4\u6e05\u5173\u8fd0\u8f93\u3001\u5bfb\u627e\u4e2d\u56fd\u5de5\u5382\u8d27\u6e90\u7b49\u3002<\/p>\n<h2><strong>2. \u62a5\u4ef7\u4e0e\u8ba2\u5355\u786e\u8ba4<\/strong><\/h2>\n<p>&#8211; \u6839\u636e\u5ba2\u6237\u7684\u5177\u4f53\u9700\u6c42\uff0c\u8d8a\u4e2d\u516c\u53f8\u5c06\u63d0\u4f9b <strong>\u8be6\u7ec6\u62a5\u4ef7<\/strong>\uff0c\u5305\u62ec\uff1a\u4ee3\u8d2d\u8d39\u3001\u8fd0\u8f93\u8d39\u3001\u5173\u7a0e\uff08\u5982\u4f7f\u7528\u6b63\u89c4\u8fdb\u53e3\u670d\u52a1\uff09\u7b49\u3002  <\/p>\n<p>&#8211; \u5ba2\u6237 <strong>\u786e\u8ba4\u8ba2\u5355<\/strong> \u540e\uff0c\u8d8a\u4e2d\u56e2\u961f\u5c06\u7acb\u5373\u5904\u7406\u540e\u7eed\u6b65\u9aa4\u3002<\/p>\n<h2><strong>3. \u8ba2\u5355\u4ed8\u6b3e<\/strong><\/h2>\n<p>\u5ba2\u6237\u53ef\u901a\u8fc7\u4e24\u79cd\u65b9\u5f0f <strong>\u7075\u6d3b\u4ed8\u6b3e<\/strong>\uff1a<\/p>\n<h3><strong>3.1.<\/strong> <strong>\u4ee3\u8d2d\u4ed8\u6b3e\uff08\u6dd8\u5b9d\u30011688\u3001\u5929\u732b\uff09<\/strong>\uff1a<\/h3>\n<p>&#8211; \u5ba2\u6237\u6309\u62a5\u4ef7\u8f6c\u8d26\uff08\u542b\u8d27\u6b3e\u4e0e\u8fd0\u8d39\uff09\u3002<br \/>\n&#8211; \u8d8a\u4e2d\u516c\u53f8\u4f7f\u7528\u4e2d\u56fd\u672c\u5730\u8d26\u6237\u4ee3\u4ed8\u5e76\u7acb\u5373\u786e\u8ba4\u8ba2\u5355\u3002  <\/p>\n<p><img decoding=\"async\" id=\"thanh-toan-don-hang\" dir=\"ltr\" lang=\"zh\" title=\"\u8ba2\u5355\u4ed8\u6b3e\" src=\"https:\/\/viettrungcompany.com\/wp-content\/uploads\/2025\/07\/thanh-toan-don-hang.png\" alt=\"\u8ba2\u5355\u4ed8\u6b3e\" \/><\/p>\n<h3><strong>3.2.<\/strong> <strong>\u5bc4\u4ed3\u4ed8\u6b3e<\/strong>\uff1a<\/h3>\n<p>&#8211; \u5ba2\u6237\u81ea\u884c\u5728\u4e2d\u56fd\u5de5\u5382\/\u5e97\u94fa\u4e0b\u5355\uff0c\u5e76\u5c06\u8d27\u7269\u5bc4\u81f3\u8d8a\u4e2d\u516c\u53f8\u4e2d\u56fd\u4ed3\u5e93\u3002<br \/>\n&#8211; \u8d39\u7528\u5305\u62ec\u8fd0\u8f93\u8d39\u3001\u5173\u7a0e\uff08\u5982\u6709\uff09\u3001\u9644\u52a0\u8d39\uff08\u5927\u4ef6\/\u6613\u788e\uff09\u3002  <\/p>\n<p><strong>\u6536\u6b3e\u8d26\u6237\u4fe1\u606f<\/strong> \u5c06\u5728\u4ed8\u6b3e\u9875\u9762\u63d0\u4f9b\u3002<\/p>\n<h2><strong>4. \u68c0\u9a8c \u2013 \u8fd0\u8f93 \u2013 \u6536\u8d27<\/strong><\/h2>\n<h3><strong>4.1.<\/strong> <strong>\u4e2d\u56fd\u4ed3\u5e93\u68c0\u9a8c<\/strong>\uff1a<\/h3>\n<p>&#8211; \u8d27\u7269\u5230\u8fbe\u4e2d\u56fd\u4ed3\u5e93\u540e\u5c06\u8fdb\u884c\u5916\u5305\u88c5\u3001\u6570\u91cf\u3001\u72b6\u6001\u68c0\u67e5\u3002<br \/>\n&#8211; \u5ba2\u6237\u53ef\u8981\u6c42 <strong>\u62cd\u89c6\u9891\u9a8c\u8d27\u3001\u6d4b\u91cf\u5c3a\u5bf8\u3001\u79f0\u91cd<\/strong>\uff08\u5982\u9700\uff09\u3002  <\/p>\n<h3><strong>4.2.<\/strong> <strong>\u8fd0\u8f93\u5230\u8d8a\u5357<\/strong>\uff1a<\/h3>\n<p>&#8211; \u8d27\u7269\u4ee5\u6b63\u89c4\u6e05\u5173\u65b9\u5f0f\u8fd0\u8f93\u81f3\u8d8a\u5357\u4ed3\u5e93\uff08\u6cb3\u5185\u3001\u5c98\u6e2f\u3001\u80e1\u5fd7\u660e\uff09\uff0c<strong>\u9884\u8ba1 5\u20137 \u5929<\/strong>\u5230\u8d27\u3002<br \/>\n&#8211; \u8d8a\u4e2d\u516c\u53f8\u63d0\u4f9b <strong>\u8fd0\u5355\u53f7<\/strong> \u65b9\u4fbf\u5ba2\u6237\u5b9e\u65f6\u8ffd\u8e2a\u3002  <\/p>\n<p><img decoding=\"async\" id=\"app-theo-doi-don-hang-viet-trung-company\" dir=\"ltr\" lang=\"zh\" title=\"\u8d8a\u4e2d\u516c\u53f8\u8ba2\u5355\u8ffd\u8e2aApp\" src=\"https:\/\/viettrungcompany.com\/wp-content\/uploads\/2025\/07\/app-theo-doi-don-hang-viet-trung-company28129.png\" alt=\"\u8d8a\u4e2d\u516c\u53f8\u8ba2\u5355\u8ffd\u8e2aApp\" \/><\/p>\n<h3><strong>4.3.<\/strong> <strong>\u8d8a\u5357\u56fd\u5185\u914d\u9001<\/strong>\uff1a<\/h3>\n<p>\u8d27\u7269\u62b5\u8fbe\u8d8a\u4e2d\u4ed3\u5e93\u540e\uff0c\u5c06 <strong>\u901a\u77e5\u5ba2\u6237\u53d6\u8d27<\/strong>\uff0c\u5ba2\u6237\u53ef\u9009\u62e9\uff1a<br \/>\n&#8211; \u4ed3\u5e93\u81ea\u63d0<br \/>\n&#8211; \u901a\u8fc7\u56fd\u5185\u5feb\u9012 <strong>\u9001\u8d27\u4e0a\u95e8<\/strong>\uff08\u9700\u53e6\u4ed8\u8fd0\u8d39\uff09  <\/p>\n<h2><strong>5. \u6295\u8bc9 \u2013 \u4fdd\u9669 \u2013 \u8d54\u4ed8\uff08\u5982\u6709\uff09<\/strong><\/h2>\n<p>\u8d8a\u4e2d\u516c\u53f8\u627f\u8bfa <strong>\u900f\u660e\u7684\u8d27\u7269\u4fdd\u9669\u653f\u7b56<\/strong>\uff1a<br \/>\n&#8211; <strong>\u6295\u4fdd\u8d27\u7269<\/strong>\uff1a\u5982\u4e22\u5931\/\u635f\u574f\uff0c\u53ef <strong>100% \u5168\u989d\u8d54\u4ed8<\/strong><br \/>\n&#8211; <strong>\u672a\u6295\u4fdd\u8d27\u7269<\/strong>\uff1a\u6309\u8d27\u7269\u7c7b\u522b\u8d54\u4ed8\u6807\u51c6\u6267\u884c<br \/>\n&#8211; <strong>\u6ce8\u610f<\/strong>\uff1a\u987b\u63d0\u4f9b <strong>\u62c6\u5305\u89c6\u9891\u3001\u5b8c\u6574\u56fe\u7247<\/strong> \u624d\u80fd\u5feb\u901f\u5904\u7406\u6295\u8bc9  <\/p>\n<h2><strong>6. \u552e\u540e\u652f\u6301\u653f\u7b56<\/strong><\/h2>\n<p>&#8211; \u63d0\u4f9b\u65b0\u8d27\u6e90\u54a8\u8be2\u3001\u6279\u53d1\u62a5\u4ef7\u3001\u4f18\u8d28\u5de5\u5382\u5bf9\u63a5<br \/>\n&#8211; \u534f\u52a9\u68c0\u67e5\u4e0b\u6b21\u91c7\u8d2d\u7684\u8d27\u7269<br \/>\n&#8211; \u4e3a\u8001\u5ba2\u6237\u63d0\u4f9b\u4f18\u60e0\u4e0e\u6298\u6263  <\/p>\n<p><em>\u260e\ufe0f \u5ba2\u6237\u53ef\u901a\u8fc7\u8d8a\u4e2d\u516c\u53f8\u5728\u4e09\u5730\u7684\u529e\u4e8b\u5904\u8054\u7cfb\uff1a<\/em><\/p>\n<p>&#8211; \u6cb3\u5185\u529e\u4e8b\u5904\uff1a\u6cb3\u5185\u5e02\u4e49\u90fd\u574a\u5173\u82b1\u8857189\u53f7\u3002\u7535\u8bdd\uff1a<strong>0965551166<\/strong>  <\/p>\n<p>&#8211; \u5c98\u6e2f\u529e\u4e8b\u5904\uff1a\u5c98\u6e2f\u5e02\u6e05\u6eaa\u574a\u6b66\u6587\u5766\u885766\u53f7 Savico \u5927\u53a62\u697c\u3002\u7535\u8bdd\uff1a<strong>0935131816<\/strong> &#8211; <strong>0967371118<\/strong>  <\/p>\n<p>&#8211; \u80e1\u5fd7\u660e\u5e02\u529e\u4e8b\u5904\uff1a\u80e1\u5fd7\u660e\u5e02\u4e03\u8d24\u574a\u962e\u592a\u5e73\u8857264-264A\u53f7\u3002\u7535\u8bdd\uff1a<strong>0935086838<\/strong> &#8211; <strong>0962259911<\/strong>  <\/p>\n","protected":false},"excerpt":{"rendered":"<p>\u8d8a\u4e2d\u516c\u53f8 \u662f\u4e00\u5bb6\u4e13\u4e1a\u63d0\u4f9b \u4e2d\u8d8a\u6b63\u89c4\u8fd0\u8f93\u670d<\/p>\n","protected":false},"author":1,"featured_media":0,"parent":38636,"menu_order":0,"comment_status":"closed","ping_status":"closed","template":"","meta":{"footnotes":""},"class_list":["post-38646","page","type-page","status-publish","hentry"],"yoast_head":"<!-- This site is optimized with the Yoast SEO plugin v27.4 - https:\/\/yoast.com\/product\/yoast-seo-wordpress\/ -->\n<title>\u4e0e\u8d8a\u4e2d\u516c\u53f8\u5408\u4f5c\u6d41\u7a0b - Viet Trung Company<\/title>\n<meta name=\"description\" content=\"Vi\u1ec7t Trung Company\u00a0l\u00e0 \u0111\u01a1n v\u1ecb chuy\u00ean cung c\u1ea5p\u00a0d\u1ecbch v\u1ee5 v\u1eadn chuy\u1ec3n Trung Qu\u1ed1c \u2013 Vi\u1ec7t Nam ch\u00ednh ng\u1ea1ch, v\u1edbi nhi\u1ec1u n\u0103m kinh nghi\u1ec7m, h\u1ec7 th\u1ed1ng kho h\u00e0ng t\u1ea1i Trung \u2013 Vi\u1ec7t, \u0111\u1ed9i ng\u0169 nh\u00e2n vi\u00ean chuy\u00ean nghi\u1ec7p, s\u1eb5n s\u00e0ng h\u1ed7 tr\u1ee3 kh\u00e1ch h\u00e0ng t\u1eeb A\u2013Z trong su\u1ed1t qu\u00e1 tr\u00ecnh nh\u1eadp h\u00e0ng.\" \/>\n<meta name=\"robots\" content=\"index, follow, max-snippet:-1, max-image-preview:large, max-video-preview:-1\" \/>\n<link rel=\"canonical\" href=\"https:\/\/viettrungcompany.com\/huong-dan\/quy-trinh-lam-viec-voi-viet-trung-company\/\" \/>\n<meta property=\"og:locale\" content=\"zh_CN\" \/>\n<meta property=\"og:type\" content=\"article\" \/>\n<meta property=\"og:title\" content=\"\u4e0e\u8d8a\u4e2d\u516c\u53f8\u5408\u4f5c\u6d41\u7a0b - Viet Trung Company\" \/>\n<meta property=\"og:description\" content=\"Vi\u1ec7t Trung Company\u00a0l\u00e0 \u0111\u01a1n v\u1ecb chuy\u00ean cung c\u1ea5p\u00a0d\u1ecbch v\u1ee5 v\u1eadn chuy\u1ec3n Trung Qu\u1ed1c \u2013 Vi\u1ec7t Nam ch\u00ednh ng\u1ea1ch, v\u1edbi nhi\u1ec1u n\u0103m kinh nghi\u1ec7m, h\u1ec7 th\u1ed1ng kho h\u00e0ng t\u1ea1i Trung \u2013 Vi\u1ec7t, \u0111\u1ed9i ng\u0169 nh\u00e2n vi\u00ean chuy\u00ean nghi\u1ec7p, s\u1eb5n s\u00e0ng h\u1ed7 tr\u1ee3 kh\u00e1ch h\u00e0ng t\u1eeb A\u2013Z trong su\u1ed1t qu\u00e1 tr\u00ecnh nh\u1eadp h\u00e0ng.\" \/>\n<meta property=\"og:url\" content=\"https:\/\/viettrungcompany.com\/huong-dan\/quy-trinh-lam-viec-voi-viet-trung-company\/\" \/>\n<meta property=\"og:site_name\" content=\"Viet Trung Company\" \/>\n<meta property=\"article:modified_time\" content=\"2025-08-20T08:58:05+00:00\" \/>\n<meta property=\"og:image\" content=\"https:\/\/viettrungcompany.com\/wp-content\/uploads\/2025\/07\/quy-trinh-lam-viec-voi-viet-trung-company.png\" \/>\n<meta name=\"twitter:card\" content=\"summary_large_image\" \/>\n<meta name=\"twitter:label1\" content=\"\u9884\u8ba1\u9605\u8bfb\u65f6\u95f4\" \/>\n\t<meta name=\"twitter:data1\" content=\"5 \u5206\" \/>\n<script type=\"application\/ld+json\" class=\"yoast-schema-graph\">{\"@context\":\"https:\\\/\\\/schema.org\",\"@graph\":[{\"@type\":\"WebPage\",\"@id\":\"https:\\\/\\\/viettrungcompany.com\\\/huong-dan\\\/quy-trinh-lam-viec-voi-viet-trung-company\\\/\",\"url\":\"https:\\\/\\\/viettrungcompany.com\\\/huong-dan\\\/quy-trinh-lam-viec-voi-viet-trung-company\\\/\",\"name\":\"\u4e0e\u8d8a\u4e2d\u516c\u53f8\u5408\u4f5c\u6d41\u7a0b - Viet Trung Company\",\"isPartOf\":{\"@id\":\"https:\\\/\\\/viettrungcompany.com\\\/#website\"},\"primaryImageOfPage\":{\"@id\":\"https:\\\/\\\/viettrungcompany.com\\\/huong-dan\\\/quy-trinh-lam-viec-voi-viet-trung-company\\\/#primaryimage\"},\"image\":{\"@id\":\"https:\\\/\\\/viettrungcompany.com\\\/huong-dan\\\/quy-trinh-lam-viec-voi-viet-trung-company\\\/#primaryimage\"},\"thumbnailUrl\":\"https:\\\/\\\/viettrungcompany.com\\\/wp-content\\\/uploads\\\/2025\\\/07\\\/quy-trinh-lam-viec-voi-viet-trung-company.png\",\"datePublished\":\"2025-07-20T16:07:06+00:00\",\"dateModified\":\"2025-08-20T08:58:05+00:00\",\"description\":\"Vi\u1ec7t Trung Company\u00a0l\u00e0 \u0111\u01a1n v\u1ecb chuy\u00ean cung c\u1ea5p\u00a0d\u1ecbch v\u1ee5 v\u1eadn chuy\u1ec3n Trung Qu\u1ed1c \u2013 Vi\u1ec7t Nam ch\u00ednh ng\u1ea1ch, v\u1edbi nhi\u1ec1u n\u0103m kinh nghi\u1ec7m, h\u1ec7 th\u1ed1ng kho h\u00e0ng t\u1ea1i Trung \u2013 Vi\u1ec7t, \u0111\u1ed9i ng\u0169 nh\u00e2n vi\u00ean chuy\u00ean nghi\u1ec7p, s\u1eb5n s\u00e0ng h\u1ed7 tr\u1ee3 kh\u00e1ch h\u00e0ng t\u1eeb A\u2013Z trong su\u1ed1t qu\u00e1 tr\u00ecnh nh\u1eadp h\u00e0ng.\",\"breadcrumb\":{\"@id\":\"https:\\\/\\\/viettrungcompany.com\\\/huong-dan\\\/quy-trinh-lam-viec-voi-viet-trung-company\\\/#breadcrumb\"},\"inLanguage\":\"zh-Hans\",\"potentialAction\":[{\"@type\":\"ReadAction\",\"target\":[\"https:\\\/\\\/viettrungcompany.com\\\/huong-dan\\\/quy-trinh-lam-viec-voi-viet-trung-company\\\/\"]}]},{\"@type\":\"ImageObject\",\"inLanguage\":\"zh-Hans\",\"@id\":\"https:\\\/\\\/viettrungcompany.com\\\/huong-dan\\\/quy-trinh-lam-viec-voi-viet-trung-company\\\/#primaryimage\",\"url\":\"https:\\\/\\\/viettrungcompany.com\\\/wp-content\\\/uploads\\\/2025\\\/07\\\/quy-trinh-lam-viec-voi-viet-trung-company.png\",\"contentUrl\":\"https:\\\/\\\/viettrungcompany.com\\\/wp-content\\\/uploads\\\/2025\\\/07\\\/quy-trinh-lam-viec-voi-viet-trung-company.png\"},{\"@type\":\"BreadcrumbList\",\"@id\":\"https:\\\/\\\/viettrungcompany.com\\\/huong-dan\\\/quy-trinh-lam-viec-voi-viet-trung-company\\\/#breadcrumb\",\"itemListElement\":[{\"@type\":\"ListItem\",\"position\":1,\"name\":\"Home\",\"item\":\"https:\\\/\\\/viettrungcompany.com\\\/zh-hans\\\/\"},{\"@type\":\"ListItem\",\"position\":2,\"name\":\"\u6307\u5357\",\"item\":\"https:\\\/\\\/viettrungcompany.com\\\/huong-dan\\\/\"},{\"@type\":\"ListItem\",\"position\":3,\"name\":\"\u4e0e\u8d8a\u4e2d\u516c\u53f8\u5408\u4f5c\u6d41\u7a0b\"}]},{\"@type\":\"WebSite\",\"@id\":\"https:\\\/\\\/viettrungcompany.com\\\/#website\",\"url\":\"https:\\\/\\\/viettrungcompany.com\\\/\",\"name\":\"Viet Trung Company\",\"description\":\"\",\"potentialAction\":[{\"@type\":\"SearchAction\",\"target\":{\"@type\":\"EntryPoint\",\"urlTemplate\":\"https:\\\/\\\/viettrungcompany.com\\\/?s={search_term_string}\"},\"query-input\":{\"@type\":\"PropertyValueSpecification\",\"valueRequired\":true,\"valueName\":\"search_term_string\"}}],\"inLanguage\":\"zh-Hans\"}]}<\/script>\n<!-- \/ Yoast SEO plugin. -->","yoast_head_json":{"title":"\u4e0e\u8d8a\u4e2d\u516c\u53f8\u5408\u4f5c\u6d41\u7a0b - Viet Trung Company","description":"Vi\u1ec7t Trung Company\u00a0l\u00e0 \u0111\u01a1n v\u1ecb chuy\u00ean cung c\u1ea5p\u00a0d\u1ecbch v\u1ee5 v\u1eadn chuy\u1ec3n Trung Qu\u1ed1c \u2013 Vi\u1ec7t Nam ch\u00ednh ng\u1ea1ch, v\u1edbi nhi\u1ec1u n\u0103m kinh nghi\u1ec7m, h\u1ec7 th\u1ed1ng kho h\u00e0ng t\u1ea1i Trung \u2013 Vi\u1ec7t, \u0111\u1ed9i ng\u0169 nh\u00e2n vi\u00ean chuy\u00ean nghi\u1ec7p, s\u1eb5n s\u00e0ng h\u1ed7 tr\u1ee3 kh\u00e1ch h\u00e0ng t\u1eeb A\u2013Z trong su\u1ed1t qu\u00e1 tr\u00ecnh nh\u1eadp h\u00e0ng.","robots":{"index":"index","follow":"follow","max-snippet":"max-snippet:-1","max-image-preview":"max-image-preview:large","max-video-preview":"max-video-preview:-1"},"canonical":"https:\/\/viettrungcompany.com\/huong-dan\/quy-trinh-lam-viec-voi-viet-trung-company\/","og_locale":"zh_CN","og_type":"article","og_title":"\u4e0e\u8d8a\u4e2d\u516c\u53f8\u5408\u4f5c\u6d41\u7a0b - Viet Trung Company","og_description":"Vi\u1ec7t Trung Company\u00a0l\u00e0 \u0111\u01a1n v\u1ecb chuy\u00ean cung c\u1ea5p\u00a0d\u1ecbch v\u1ee5 v\u1eadn chuy\u1ec3n Trung Qu\u1ed1c \u2013 Vi\u1ec7t Nam ch\u00ednh ng\u1ea1ch, v\u1edbi nhi\u1ec1u n\u0103m kinh nghi\u1ec7m, h\u1ec7 th\u1ed1ng kho h\u00e0ng t\u1ea1i Trung \u2013 Vi\u1ec7t, \u0111\u1ed9i ng\u0169 nh\u00e2n vi\u00ean chuy\u00ean nghi\u1ec7p, s\u1eb5n s\u00e0ng h\u1ed7 tr\u1ee3 kh\u00e1ch h\u00e0ng t\u1eeb A\u2013Z trong su\u1ed1t qu\u00e1 tr\u00ecnh nh\u1eadp h\u00e0ng.","og_url":"https:\/\/viettrungcompany.com\/huong-dan\/quy-trinh-lam-viec-voi-viet-trung-company\/","og_site_name":"Viet Trung Company","article_modified_time":"2025-08-20T08:58:05+00:00","og_image":[{"url":"https:\/\/viettrungcompany.com\/wp-content\/uploads\/2025\/07\/quy-trinh-lam-viec-voi-viet-trung-company.png","type":"","width":"","height":""}],"twitter_card":"summary_large_image","twitter_misc":{"\u9884\u8ba1\u9605\u8bfb\u65f6\u95f4":"5 \u5206"},"schema":{"@context":"https:\/\/schema.org","@graph":[{"@type":"WebPage","@id":"https:\/\/viettrungcompany.com\/huong-dan\/quy-trinh-lam-viec-voi-viet-trung-company\/","url":"https:\/\/viettrungcompany.com\/huong-dan\/quy-trinh-lam-viec-voi-viet-trung-company\/","name":"\u4e0e\u8d8a\u4e2d\u516c\u53f8\u5408\u4f5c\u6d41\u7a0b - Viet Trung Company","isPartOf":{"@id":"https:\/\/viettrungcompany.com\/#website"},"primaryImageOfPage":{"@id":"https:\/\/viettrungcompany.com\/huong-dan\/quy-trinh-lam-viec-voi-viet-trung-company\/#primaryimage"},"image":{"@id":"https:\/\/viettrungcompany.com\/huong-dan\/quy-trinh-lam-viec-voi-viet-trung-company\/#primaryimage"},"thumbnailUrl":"https:\/\/viettrungcompany.com\/wp-content\/uploads\/2025\/07\/quy-trinh-lam-viec-voi-viet-trung-company.png","datePublished":"2025-07-20T16:07:06+00:00","dateModified":"2025-08-20T08:58:05+00:00","description":"Vi\u1ec7t Trung Company\u00a0l\u00e0 \u0111\u01a1n v\u1ecb chuy\u00ean cung c\u1ea5p\u00a0d\u1ecbch v\u1ee5 v\u1eadn chuy\u1ec3n Trung Qu\u1ed1c \u2013 Vi\u1ec7t Nam ch\u00ednh ng\u1ea1ch, v\u1edbi nhi\u1ec1u n\u0103m kinh nghi\u1ec7m, h\u1ec7 th\u1ed1ng kho h\u00e0ng t\u1ea1i Trung \u2013 Vi\u1ec7t, \u0111\u1ed9i ng\u0169 nh\u00e2n vi\u00ean chuy\u00ean nghi\u1ec7p, s\u1eb5n s\u00e0ng h\u1ed7 tr\u1ee3 kh\u00e1ch h\u00e0ng t\u1eeb A\u2013Z trong su\u1ed1t qu\u00e1 tr\u00ecnh nh\u1eadp h\u00e0ng.","breadcrumb":{"@id":"https:\/\/viettrungcompany.com\/huong-dan\/quy-trinh-lam-viec-voi-viet-trung-company\/#breadcrumb"},"inLanguage":"zh-Hans","potentialAction":[{"@type":"ReadAction","target":["https:\/\/viettrungcompany.com\/huong-dan\/quy-trinh-lam-viec-voi-viet-trung-company\/"]}]},{"@type":"ImageObject","inLanguage":"zh-Hans","@id":"https:\/\/viettrungcompany.com\/huong-dan\/quy-trinh-lam-viec-voi-viet-trung-company\/#primaryimage","url":"https:\/\/viettrungcompany.com\/wp-content\/uploads\/2025\/07\/quy-trinh-lam-viec-voi-viet-trung-company.png","contentUrl":"https:\/\/viettrungcompany.com\/wp-content\/uploads\/2025\/07\/quy-trinh-lam-viec-voi-viet-trung-company.png"},{"@type":"BreadcrumbList","@id":"https:\/\/viettrungcompany.com\/huong-dan\/quy-trinh-lam-viec-voi-viet-trung-company\/#breadcrumb","itemListElement":[{"@type":"ListItem","position":1,"name":"Home","item":"https:\/\/viettrungcompany.com\/zh-hans\/"},{"@type":"ListItem","position":2,"name":"\u6307\u5357","item":"https:\/\/viettrungcompany.com\/huong-dan\/"},{"@type":"ListItem","position":3,"name":"\u4e0e\u8d8a\u4e2d\u516c\u53f8\u5408\u4f5c\u6d41\u7a0b"}]},{"@type":"WebSite","@id":"https:\/\/viettrungcompany.com\/#website","url":"https:\/\/viettrungcompany.com\/","name":"Viet Trung Company","description":"","potentialAction":[{"@type":"SearchAction","target":{"@type":"EntryPoint","urlTemplate":"https:\/\/viettrungcompany.com\/?s={search_term_string}"},"query-input":{"@type":"PropertyValueSpecification","valueRequired":true,"valueName":"search_term_string"}}],"inLanguage":"zh-Hans"}]}},"_links":{"self":[{"href":"https:\/\/viettrungcompany.com\/zh-hans\/wp-json\/wp\/v2\/pages\/38646","targetHints":{"allow":["GET"]}}],"collection":[{"href":"https:\/\/viettrungcompany.com\/zh-hans\/wp-json\/wp\/v2\/pages"}],"about":[{"href":"https:\/\/viettrungcompany.com\/zh-hans\/wp-json\/wp\/v2\/types\/page"}],"author":[{"embeddable":true,"href":"https:\/\/viettrungcompany.com\/zh-hans\/wp-json\/wp\/v2\/users\/1"}],"replies":[{"embeddable":true,"href":"https:\/\/viettrungcompany.com\/zh-hans\/wp-json\/wp\/v2\/comments?post=38646"}],"version-history":[{"count":2,"href":"https:\/\/viettrungcompany.com\/zh-hans\/wp-json\/wp\/v2\/pages\/38646\/revisions"}],"predecessor-version":[{"id":39366,"href":"https:\/\/viettrungcompany.com\/zh-hans\/wp-json\/wp\/v2\/pages\/38646\/revisions\/39366"}],"up":[{"embeddable":true,"href":"https:\/\/viettrungcompany.com\/zh-hans\/wp-json\/wp\/v2\/pages\/38636"}],"wp:attachment":[{"href":"https:\/\/viettrungcompany.com\/zh-hans\/wp-json\/wp\/v2\/media?parent=38646"}],"curies":[{"name":"wp","href":"https:\/\/api.w.org\/{rel}","templated":true}]}}