{"id":38648,"date":"2025-07-20T23:06:31","date_gmt":"2025-07-20T16:06:31","guid":{"rendered":"https:\/\/viettrungcompany.com\/huong-dan\/thanh-toan-cho-viet-trung-company\/"},"modified":"2025-08-20T16:08:04","modified_gmt":"2025-08-20T09:08:04","slug":"%e6%94%af%e4%bb%98%e7%bb%99%e8%b6%8a%e4%b8%ad%e5%85%ac%e5%8f%b8","status":"publish","type":"page","link":"https:\/\/viettrungcompany.com\/zh-hans\/%e6%8c%87%e5%8d%97\/%e6%94%af%e4%bb%98%e7%bb%99%e8%b6%8a%e4%b8%ad%e5%85%ac%e5%8f%b8\/","title":{"rendered":"\u652f\u4ed8\u7ed9\u8d8a\u4e2d\u516c\u53f8"},"content":{"rendered":"<h1 style=\"text-align: center;\"><strong>\u8d8a\u4e2d\u516c\u53f8\u4ed8\u6b3e\u6307\u5357<\/strong><\/h1>\n<p>\u4e3a\u786e\u4fdd\u4ea4\u6613\u6d41\u7a0b\u900f\u660e\u3001\u5408\u89c4\u4e14\u4fbf\u6377\uff0c<strong>\u8d8a\u4e2d\u516c\u53f8<\/strong> \u5411\u5ba2\u6237\u63d0\u4f9b\u5b8c\u6574\u7684\u4ed8\u6b3e\u4fe1\u606f\uff0c\u65b9\u4fbf\u6838\u5bf9\uff0c\u786e\u4fdd\u4ea4\u6613\u6b63\u786e\u65e0\u8bef\uff08\u6b63\u786e\u4f01\u4e1a\u3001\u6b63\u786e\u5206\u652f\u673a\u6784\uff09\u3002<\/p>\n<h2><strong>\u8be6\u7ec6\u53d1\u7968\u4fe1\u606f<\/strong><\/h2>\n<h3><strong>1. \u8d8a\u4e2d\u8d38\u6613\u4fc3\u8fdb\u6709\u9650\u516c\u53f8\uff08\u72ec\u8d44\uff09<\/strong><\/h3>\n<p><strong>\u7a0e\u53f7\uff1a<\/strong> 3301458511  <\/p>\n<p><strong>\u5730\u5740\uff1a<\/strong> \u8d8a\u5357\u5c98\u6e2f\u5e02\u6e05\u6eaa\u574a\u6b66\u6587\u5766\u885766\u53f7 Savico \u5927\u53a62\u697c  <\/p>\n<p><strong>\u603b\u7ecf\u7406\uff1a<\/strong> \u962e\u7384\u82f1  <\/p>\n<p><strong>\u8d26\u53f7\uff1a<\/strong> 19030965044016 &#8211; \u8d8a\u5357 Techcombank \u94f6\u884c\u5c98\u6e2f\u5e02\u962e\u53cb\u5bff\u652f\u884c  <\/p>\n<p><strong>\u63a5\u6536\u53d1\u7968\u90ae\u7bb1\uff1a<\/strong> ketoan@viettrungcompany.com<\/p>\n<h3><strong>2. Hu\u1ef3nh Tr\u1ea7n Nguy\u1ec5n \u6709\u9650\u516c\u53f8<\/strong><\/h3>\n<p><strong>\u7a0e\u53f7\uff1a<\/strong> 0315751874  <\/p>\n<p><strong>\u5730\u5740\uff1a<\/strong> \u8d8a\u5357\u80e1\u5fd7\u660e\u5e02\u672c\u6210\u574a\u962e\u592a\u5e73\u8857264-264A\u53f7  <\/p>\n<p><strong>\u603b\u7ecf\u7406\uff1a<\/strong> \u962e\u6c0f\u91d1\u82f1  <\/p>\n<p><strong>\u8d26\u53f7\uff1a<\/strong> 0721000655851 &#8211; \u8d8a\u5357 Vietcombank \u94f6\u884c\u80e1\u5fd7\u660e\u5e02\u5206\u884c  <\/p>\n<p><strong>\u63a5\u6536\u53d1\u7968\u90ae\u7bb1\uff1a<\/strong> ketoan@viettrungcompany.com<\/p>\n<h2><strong>\u8d8a\u5357\u5357\u5317\u4ee3\u8868\u5904<\/strong><\/h2>\n<h3><strong>1. \u5357\u90e8\u4ee3\u8868\u5904 &#8211; \u8d8a\u4e2d\u8d38\u6613\u4fc3\u8fdb\u6709\u9650\u516c\u53f8\uff08\u72ec\u8d44\uff09<\/strong><\/h3>\n<p><strong>\u7a0e\u53f7\uff1a<\/strong> 3301458511-002  <\/p>\n<p><strong>\u5730\u5740\uff1a<\/strong> \u8d8a\u5357\u80e1\u5fd7\u660e\u5e02\u672c\u6210\u574a\u962e\u592a\u5e73\u8857264-264A\u53f7<\/p>\n<h3><strong>2. \u5317\u90e8\u4ee3\u8868\u5904 &#8211; \u8d8a\u4e2d\u8d38\u6613\u4fc3\u8fdb\u6709\u9650\u516c\u53f8\uff08\u72ec\u8d44\uff09<\/strong><\/h3>\n<p><strong>\u7a0e\u53f7\uff1a<\/strong> 3301458511-003  <\/p>\n<p><strong>\u5730\u5740\uff1a<\/strong> \u8d8a\u5357\u6cb3\u5185\u5e02\u5df4\u4ead\u574a\u9ece\u9e3f\u4e30\u8def99\u5df76\u53f7<\/p>\n<h2><strong>\u5411\u8d8a\u4e2d\u516c\u53f8\u4ed8\u6b3e\u6ce8\u610f\u4e8b\u9879<\/strong><\/h2>\n<p>\u5728\u4ea4\u6613\u524d\u8bf7\u4ed4\u7ec6\u6838\u5bf9 <strong>\u8d26\u53f7\u3001\u4f01\u4e1a\u540d\u79f0\u3001\u7a0e\u53f7\u3001\u94f6\u884c\u5206\u652f\u673a\u6784<\/strong> \u4fe1\u606f\u3002  <\/p>\n<p>\u4ed8\u6b3e\u65f6\u8bf7\u52a1\u5fc5 <strong>\u6ce8\u660e\u4ed8\u6b3e\u5185\u5bb9<\/strong>\uff08\u5408\u540c\/\u8ba2\u5355\u53f7\uff09\u3002  <\/p>\n<p>\u8f6c\u8d26\u5b8c\u6210\u540e\uff0c\u8bf7\u5c06\u4ed8\u6b3e\u51ed\u8bc1\u53d1\u9001\u81f3\u90ae\u7bb1 <strong>ketoan@viettrungcompany.com<\/strong>\u3002<\/p>\n<h2><strong>\u8d8a\u4e2d\u516c\u53f8\u7684\u627f\u8bfa<\/strong><\/h2>\n<p><strong>\u8d8a\u4e2d\u516c\u53f8<\/strong> \u627f\u8bfa\u6240\u6709\u4ea4\u6613\u5747\u516c\u5f00\u900f\u660e\u3002\u6240\u6709\u4ed8\u6b3e\u4fe1\u606f\u5747\u4e25\u683c\u4fdd\u5bc6\uff0c\u4ec5\u7528\u4e8e\u4e0b\u5355\u53ca\u4ed8\u6b3e\u6d41\u7a0b\uff0c\u786e\u4fdd\u5ba2\u6237\u8d44\u91d1\u5b89\u5168\u3002<\/p>\n","protected":false},"excerpt":{"rendered":"<p>\u8d8a\u4e2d\u516c\u53f8\u4ed8\u6b3e\u6307\u5357 \u4e3a\u786e\u4fdd\u4ea4\u6613\u6d41\u7a0b\u900f\u660e\u3001\u5408<\/p>\n","protected":false},"author":1,"featured_media":0,"parent":38636,"menu_order":0,"comment_status":"closed","ping_status":"closed","template":"","meta":{"footnotes":""},"class_list":["post-38648","page","type-page","status-publish","hentry"],"yoast_head":"<!-- This site is optimized with the Yoast SEO plugin v27.4 - https:\/\/yoast.com\/product\/yoast-seo-wordpress\/ -->\n<title>\u652f\u4ed8\u7ed9\u8d8a\u4e2d\u516c\u53f8 - Viet Trung Company<\/title>\n<meta name=\"description\" content=\"\u0110\u1ec3 \u0111\u1ea3m b\u1ea3o quy tr\u00ecnh giao d\u1ecbch minh b\u1ea1ch, \u0111\u00fang quy \u0111\u1ecbnh v\u00e0 ti\u1ec7n l\u1ee3i,\u00a0Vi\u1ec7t Trung Company\u00a0cung c\u1ea5p \u0111\u1ea7y \u0111\u1ee7 th\u00f4ng tin thanh to\u00e1n cho kh\u00e1ch h\u00e0ng d\u1ec5 theo d\u00f5i, th\u1ef1c hi\u1ec7n giao d\u1ecbch \u0111\u00fang doanh nghi\u1ec7p, \u0111\u00fang chi nh\u00e1nh.\" \/>\n<meta name=\"robots\" content=\"index, follow, max-snippet:-1, max-image-preview:large, max-video-preview:-1\" \/>\n<link rel=\"canonical\" href=\"https:\/\/viettrungcompany.com\/huong-dan\/thanh-toan-cho-viet-trung-company\/\" \/>\n<meta property=\"og:locale\" content=\"zh_CN\" \/>\n<meta property=\"og:type\" content=\"article\" \/>\n<meta property=\"og:title\" content=\"\u652f\u4ed8\u7ed9\u8d8a\u4e2d\u516c\u53f8 - Viet Trung Company\" \/>\n<meta property=\"og:description\" content=\"\u0110\u1ec3 \u0111\u1ea3m b\u1ea3o quy tr\u00ecnh giao d\u1ecbch minh b\u1ea1ch, \u0111\u00fang quy \u0111\u1ecbnh v\u00e0 ti\u1ec7n l\u1ee3i,\u00a0Vi\u1ec7t Trung Company\u00a0cung c\u1ea5p \u0111\u1ea7y \u0111\u1ee7 th\u00f4ng tin thanh to\u00e1n cho kh\u00e1ch h\u00e0ng d\u1ec5 theo d\u00f5i, th\u1ef1c hi\u1ec7n giao d\u1ecbch \u0111\u00fang doanh nghi\u1ec7p, \u0111\u00fang chi nh\u00e1nh.\" \/>\n<meta property=\"og:url\" content=\"https:\/\/viettrungcompany.com\/huong-dan\/thanh-toan-cho-viet-trung-company\/\" \/>\n<meta property=\"og:site_name\" content=\"Viet Trung Company\" \/>\n<meta property=\"article:modified_time\" content=\"2025-08-20T09:08:04+00:00\" \/>\n<meta name=\"twitter:card\" content=\"summary_large_image\" \/>\n<meta name=\"twitter:label1\" content=\"\u9884\u8ba1\u9605\u8bfb\u65f6\u95f4\" \/>\n\t<meta name=\"twitter:data1\" content=\"2 \u5206\" \/>\n<script type=\"application\/ld+json\" class=\"yoast-schema-graph\">{\"@context\":\"https:\\\/\\\/schema.org\",\"@graph\":[{\"@type\":\"WebPage\",\"@id\":\"https:\\\/\\\/viettrungcompany.com\\\/huong-dan\\\/thanh-toan-cho-viet-trung-company\\\/\",\"url\":\"https:\\\/\\\/viettrungcompany.com\\\/huong-dan\\\/thanh-toan-cho-viet-trung-company\\\/\",\"name\":\"\u652f\u4ed8\u7ed9\u8d8a\u4e2d\u516c\u53f8 - Viet Trung Company\",\"isPartOf\":{\"@id\":\"https:\\\/\\\/viettrungcompany.com\\\/#website\"},\"datePublished\":\"2025-07-20T16:06:31+00:00\",\"dateModified\":\"2025-08-20T09:08:04+00:00\",\"description\":\"\u0110\u1ec3 \u0111\u1ea3m b\u1ea3o quy tr\u00ecnh giao d\u1ecbch minh b\u1ea1ch, \u0111\u00fang quy \u0111\u1ecbnh v\u00e0 ti\u1ec7n l\u1ee3i,\u00a0Vi\u1ec7t Trung Company\u00a0cung c\u1ea5p \u0111\u1ea7y \u0111\u1ee7 th\u00f4ng tin thanh to\u00e1n cho kh\u00e1ch h\u00e0ng d\u1ec5 theo d\u00f5i, th\u1ef1c hi\u1ec7n giao d\u1ecbch \u0111\u00fang doanh nghi\u1ec7p, \u0111\u00fang chi nh\u00e1nh.\",\"breadcrumb\":{\"@id\":\"https:\\\/\\\/viettrungcompany.com\\\/huong-dan\\\/thanh-toan-cho-viet-trung-company\\\/#breadcrumb\"},\"inLanguage\":\"zh-Hans\",\"potentialAction\":[{\"@type\":\"ReadAction\",\"target\":[\"https:\\\/\\\/viettrungcompany.com\\\/huong-dan\\\/thanh-toan-cho-viet-trung-company\\\/\"]}]},{\"@type\":\"BreadcrumbList\",\"@id\":\"https:\\\/\\\/viettrungcompany.com\\\/huong-dan\\\/thanh-toan-cho-viet-trung-company\\\/#breadcrumb\",\"itemListElement\":[{\"@type\":\"ListItem\",\"position\":1,\"name\":\"Home\",\"item\":\"https:\\\/\\\/viettrungcompany.com\\\/zh-hans\\\/\"},{\"@type\":\"ListItem\",\"position\":2,\"name\":\"\u6307\u5357\",\"item\":\"https:\\\/\\\/viettrungcompany.com\\\/huong-dan\\\/\"},{\"@type\":\"ListItem\",\"position\":3,\"name\":\"\u652f\u4ed8\u7ed9\u8d8a\u4e2d\u516c\u53f8\"}]},{\"@type\":\"WebSite\",\"@id\":\"https:\\\/\\\/viettrungcompany.com\\\/#website\",\"url\":\"https:\\\/\\\/viettrungcompany.com\\\/\",\"name\":\"Viet Trung Company\",\"description\":\"\",\"potentialAction\":[{\"@type\":\"SearchAction\",\"target\":{\"@type\":\"EntryPoint\",\"urlTemplate\":\"https:\\\/\\\/viettrungcompany.com\\\/?s={search_term_string}\"},\"query-input\":{\"@type\":\"PropertyValueSpecification\",\"valueRequired\":true,\"valueName\":\"search_term_string\"}}],\"inLanguage\":\"zh-Hans\"}]}<\/script>\n<!-- \/ Yoast SEO plugin. -->","yoast_head_json":{"title":"\u652f\u4ed8\u7ed9\u8d8a\u4e2d\u516c\u53f8 - Viet Trung Company","description":"\u0110\u1ec3 \u0111\u1ea3m b\u1ea3o quy tr\u00ecnh giao d\u1ecbch minh b\u1ea1ch, \u0111\u00fang quy \u0111\u1ecbnh v\u00e0 ti\u1ec7n l\u1ee3i,\u00a0Vi\u1ec7t Trung Company\u00a0cung c\u1ea5p \u0111\u1ea7y \u0111\u1ee7 th\u00f4ng tin thanh to\u00e1n cho kh\u00e1ch h\u00e0ng d\u1ec5 theo d\u00f5i, th\u1ef1c hi\u1ec7n giao d\u1ecbch \u0111\u00fang doanh nghi\u1ec7p, \u0111\u00fang chi nh\u00e1nh.","robots":{"index":"index","follow":"follow","max-snippet":"max-snippet:-1","max-image-preview":"max-image-preview:large","max-video-preview":"max-video-preview:-1"},"canonical":"https:\/\/viettrungcompany.com\/huong-dan\/thanh-toan-cho-viet-trung-company\/","og_locale":"zh_CN","og_type":"article","og_title":"\u652f\u4ed8\u7ed9\u8d8a\u4e2d\u516c\u53f8 - Viet Trung Company","og_description":"\u0110\u1ec3 \u0111\u1ea3m b\u1ea3o quy tr\u00ecnh giao d\u1ecbch minh b\u1ea1ch, \u0111\u00fang quy \u0111\u1ecbnh v\u00e0 ti\u1ec7n l\u1ee3i,\u00a0Vi\u1ec7t Trung Company\u00a0cung c\u1ea5p \u0111\u1ea7y \u0111\u1ee7 th\u00f4ng tin thanh to\u00e1n cho kh\u00e1ch h\u00e0ng d\u1ec5 theo d\u00f5i, th\u1ef1c hi\u1ec7n giao d\u1ecbch \u0111\u00fang doanh nghi\u1ec7p, \u0111\u00fang chi nh\u00e1nh.","og_url":"https:\/\/viettrungcompany.com\/huong-dan\/thanh-toan-cho-viet-trung-company\/","og_site_name":"Viet Trung Company","article_modified_time":"2025-08-20T09:08:04+00:00","twitter_card":"summary_large_image","twitter_misc":{"\u9884\u8ba1\u9605\u8bfb\u65f6\u95f4":"2 \u5206"},"schema":{"@context":"https:\/\/schema.org","@graph":[{"@type":"WebPage","@id":"https:\/\/viettrungcompany.com\/huong-dan\/thanh-toan-cho-viet-trung-company\/","url":"https:\/\/viettrungcompany.com\/huong-dan\/thanh-toan-cho-viet-trung-company\/","name":"\u652f\u4ed8\u7ed9\u8d8a\u4e2d\u516c\u53f8 - Viet Trung Company","isPartOf":{"@id":"https:\/\/viettrungcompany.com\/#website"},"datePublished":"2025-07-20T16:06:31+00:00","dateModified":"2025-08-20T09:08:04+00:00","description":"\u0110\u1ec3 \u0111\u1ea3m b\u1ea3o quy tr\u00ecnh giao d\u1ecbch minh b\u1ea1ch, \u0111\u00fang quy \u0111\u1ecbnh v\u00e0 ti\u1ec7n l\u1ee3i,\u00a0Vi\u1ec7t Trung Company\u00a0cung c\u1ea5p \u0111\u1ea7y \u0111\u1ee7 th\u00f4ng tin thanh to\u00e1n cho kh\u00e1ch h\u00e0ng d\u1ec5 theo d\u00f5i, th\u1ef1c hi\u1ec7n giao d\u1ecbch \u0111\u00fang doanh nghi\u1ec7p, \u0111\u00fang chi nh\u00e1nh.","breadcrumb":{"@id":"https:\/\/viettrungcompany.com\/huong-dan\/thanh-toan-cho-viet-trung-company\/#breadcrumb"},"inLanguage":"zh-Hans","potentialAction":[{"@type":"ReadAction","target":["https:\/\/viettrungcompany.com\/huong-dan\/thanh-toan-cho-viet-trung-company\/"]}]},{"@type":"BreadcrumbList","@id":"https:\/\/viettrungcompany.com\/huong-dan\/thanh-toan-cho-viet-trung-company\/#breadcrumb","itemListElement":[{"@type":"ListItem","position":1,"name":"Home","item":"https:\/\/viettrungcompany.com\/zh-hans\/"},{"@type":"ListItem","position":2,"name":"\u6307\u5357","item":"https:\/\/viettrungcompany.com\/huong-dan\/"},{"@type":"ListItem","position":3,"name":"\u652f\u4ed8\u7ed9\u8d8a\u4e2d\u516c\u53f8"}]},{"@type":"WebSite","@id":"https:\/\/viettrungcompany.com\/#website","url":"https:\/\/viettrungcompany.com\/","name":"Viet Trung Company","description":"","potentialAction":[{"@type":"SearchAction","target":{"@type":"EntryPoint","urlTemplate":"https:\/\/viettrungcompany.com\/?s={search_term_string}"},"query-input":{"@type":"PropertyValueSpecification","valueRequired":true,"valueName":"search_term_string"}}],"inLanguage":"zh-Hans"}]}},"_links":{"self":[{"href":"https:\/\/viettrungcompany.com\/zh-hans\/wp-json\/wp\/v2\/pages\/38648","targetHints":{"allow":["GET"]}}],"collection":[{"href":"https:\/\/viettrungcompany.com\/zh-hans\/wp-json\/wp\/v2\/pages"}],"about":[{"href":"https:\/\/viettrungcompany.com\/zh-hans\/wp-json\/wp\/v2\/types\/page"}],"author":[{"embeddable":true,"href":"https:\/\/viettrungcompany.com\/zh-hans\/wp-json\/wp\/v2\/users\/1"}],"replies":[{"embeddable":true,"href":"https:\/\/viettrungcompany.com\/zh-hans\/wp-json\/wp\/v2\/comments?post=38648"}],"version-history":[{"count":2,"href":"https:\/\/viettrungcompany.com\/zh-hans\/wp-json\/wp\/v2\/pages\/38648\/revisions"}],"predecessor-version":[{"id":39368,"href":"https:\/\/viettrungcompany.com\/zh-hans\/wp-json\/wp\/v2\/pages\/38648\/revisions\/39368"}],"up":[{"embeddable":true,"href":"https:\/\/viettrungcompany.com\/zh-hans\/wp-json\/wp\/v2\/pages\/38636"}],"wp:attachment":[{"href":"https:\/\/viettrungcompany.com\/zh-hans\/wp-json\/wp\/v2\/media?parent=38648"}],"curies":[{"name":"wp","href":"https:\/\/api.w.org\/{rel}","templated":true}]}}