{"id":38659,"date":"2025-08-19T09:43:57","date_gmt":"2025-08-19T02:43:57","guid":{"rendered":"https:\/\/viettrungcompany.com\/dich-vu-khac-3\/xuc-tien-thuong-mai\/"},"modified":"2025-08-19T22:53:22","modified_gmt":"2025-08-19T15:53:22","slug":"%e8%b4%b8%e6%98%93%e4%bf%83%e8%bf%9b","status":"publish","type":"page","link":"https:\/\/viettrungcompany.com\/zh-hans\/%e5%85%b6%e4%bb%96%e6%9c%8d%e5%8a%a1\/%e8%b4%b8%e6%98%93%e4%bf%83%e8%bf%9b\/","title":{"rendered":"\u8d38\u6613\u4fc3\u8fdb"},"content":{"rendered":"<h1 style=\"text-align: center;\" data-start=\"558\" data-end=\"624\">\u8d8a\u4e2d\u516c\u53f8\u4e13\u4e1a\u8d38\u6613\u4fc3\u8fdb\u670d\u52a1<\/h1>\n<p><img loading=\"lazy\" decoding=\"async\" class=\"aligncenter wp-image-38670 size-full\" title=\"\u8d8a\u4e2d\u516c\u53f8\u4e13\u4e1a\u8d38\u6613\u4fc3\u8fdb\u670d\u52a1\" src=\"https:\/\/viettrungcompany.com\/wp-content\/themes\/woodmart\/images\/lazy.svg\" data-src=\"https:\/\/viettrungcompany.com\/wp-content\/uploads\/2025\/08\/dich-vu-xuc-tien-thuong-mai-viet-trung-company.png\" alt=\"\u8d8a\u4e2d\u516c\u53f8\u4e13\u4e1a\u8d38\u6613\u4fc3\u8fdb\u670d\u52a1\" width=\"940\" height=\"788\" srcset=\"\" data-srcset=\"https:\/\/viettrungcompany.com\/wp-content\/uploads\/2025\/08\/dich-vu-xuc-tien-thuong-mai-viet-trung-company.png 940w, https:\/\/viettrungcompany.com\/wp-content\/uploads\/2025\/08\/dich-vu-xuc-tien-thuong-mai-viet-trung-company-358x300.png 358w, https:\/\/viettrungcompany.com\/wp-content\/uploads\/2025\/08\/dich-vu-xuc-tien-thuong-mai-viet-trung-company-768x644.png 768w\" sizes=\"auto, (max-width: 940px) 100vw, 940px\" \/><\/p>\n<h2 data-start=\"914\" data-end=\"943\">\u4ec0\u4e48\u662f\u8d38\u6613\u4fc3\u8fdb\uff1f<\/h2>\n<p data-start=\"945\" data-end=\"1156\">\u8d38\u6613\u4fc3\u8fdb\u662f<strong data-start=\"968\" data-end=\"1042\">\u4e00\u7cfb\u5217\u65e8\u5728\u63a8\u52a8\u5546\u54c1\u548c\u670d\u52a1\u4ea4\u6613\u673a\u4f1a\u7684\u6d3b\u52a8<\/strong>\uff0c\u8ba9\u4ea7\u54c1\/\u670d\u52a1\u66f4\u8d34\u8fd1\u5ba2\u6237\uff0c\u540c\u65f6\u62d3\u5c55\u5e02\u573a\u5e76\u63d0\u5347\u7ade\u4e89\u529b\u3002<\/p>\n<h2 data-start=\"1158\" data-end=\"1189\">\u8d8a\u4e2d\u516c\u53f8\u7684\u8d38\u6613\u4fc3\u8fdb\u670d\u52a1<\/h2>\n<ul data-start=\"1191\" data-end=\"1670\">\n<li data-start=\"1191\" data-end=\"1280\"><strong data-start=\"1193\" data-end=\"1225\">\u5bfb\u627e\u5de5\u5382\u4e0e\u8d27\u6e90\uff1a<\/strong> \u5e2e\u52a9\u5ba2\u6237\u5feb\u901f\u627e\u5230\u5408\u9002\u7684\u4f9b\u5e94\u5546\u548c\u751f\u4ea7\u5382\u5bb6\u3002<\/li>\n<li data-start=\"1281\" data-end=\"1364\"><strong data-start=\"1283\" data-end=\"1311\">\u5e02\u573a\u8c03\u7814\uff1a<\/strong> \u63d0\u4f9b\u51c6\u786e\u7684\u5e02\u573a\u4fe1\u606f\u4e0e\u8d8b\u52bf\u5206\u6790\u3002<\/li>\n<li data-start=\"1365\" data-end=\"1450\"><strong data-start=\"1367\" data-end=\"1393\">\u5546\u8d38\u5bf9\u63a5\uff1a<\/strong> \u642d\u5efa\u4e70\u5356\u53cc\u65b9\u7684\u5408\u4f5c\u6865\u6881\u3002<\/li>\n<li data-start=\"1451\" data-end=\"1532\"><strong data-start=\"1453\" data-end=\"1481\">\u5c55\u4f1a\u670d\u52a1\uff1a<\/strong> \u652f\u6301\u4f01\u4e1a\u53c2\u52a0\u4e2d\u8d8a\u4e24\u56fd\u7684\u5c55\u89c8\u4f1a\u3002<\/li>\n<li data-start=\"1533\" data-end=\"1670\"><strong data-start=\"1535\" data-end=\"1573\">\u54a8\u8be2\u4e0e\u6cd5\u5f8b\u652f\u6301\uff1a<\/strong> \u63d0\u4f9b\u8fdb\u51fa\u53e3\u653f\u7b56\u3001\u5408\u540c\u7b49\u76f8\u5173\u54a8\u8be2\u3002<\/li>\n<\/ul>\n<h2 data-start=\"1672\" data-end=\"1705\">\u9009\u62e9\u6211\u4eec\u7684\u7406\u7531<\/h2>\n<ul data-start=\"1707\" data-end=\"1952\">\n<li data-start=\"1707\" data-end=\"1773\">\u2705 <strong>\u4e13\u4e1a\u7ecf\u9a8c\uff1a<\/strong> \u591a\u5e74\u4e2d\u8d8a\u8d38\u6613\u5408\u4f5c\u7ecf\u9a8c\u3002<\/li>\n<li data-start=\"1774\" data-end=\"1850\">\u2705 <strong>\u5e7f\u6cdb\u7f51\u7edc\uff1a<\/strong> \u4e0e\u4f17\u591a\u5de5\u5382\u548c\u7269\u6d41\u5408\u4f5c\u4f19\u4f34\u7d27\u5bc6\u8054\u7cfb\u3002<\/li>\n<li data-start=\"1851\" data-end=\"1952\">\u2705 <strong>\u900f\u660e\u8d39\u7528\uff1a<\/strong> \u670d\u52a1\u6d41\u7a0b\u6e05\u6670\uff0c\u4ef7\u683c\u5408\u7406\u3002<\/li>\n<\/ul>\n<h2 data-start=\"1954\" data-end=\"1980\">\u8054\u7cfb\u6211\u4eec<\/h2>\n<p data-start=\"1982\" data-end=\"2105\">\u5982\u9700\u4e86\u89e3\u66f4\u591a\u5173\u4e8e<strong data-start=\"1995\" data-end=\"2040\">\u8d38\u6613\u4fc3\u8fdb\u670d\u52a1<\/strong>\u7684\u4fe1\u606f\uff0c\u8bf7\u7acb\u5373\u4e0e\u8d8a\u4e2d\u516c\u53f8\u8054\u7cfb\u3002\u6211\u4eec\u81f4\u529b\u4e8e\u4e3a\u5ba2\u6237\u5f00\u62d3\u66f4\u5e7f\u9614\u7684\u5e02\u573a\u4e0e\u5546\u4e1a\u673a\u4f1a\u3002<\/p>\n","protected":false},"excerpt":{"rendered":"<p>\u8d8a\u4e2d\u516c\u53f8\u4e13\u4e1a\u8d38\u6613\u4fc3\u8fdb\u670d\u52a1 \u4ec0\u4e48\u662f\u8d38\u6613\u4fc3\u8fdb<\/p>\n","protected":false},"author":1,"featured_media":0,"parent":37044,"menu_order":0,"comment_status":"closed","ping_status":"closed","template":"","meta":{"footnotes":""},"class_list":["post-38659","page","type-page","status-publish","hentry"],"yoast_head":"<!-- This site is optimized with the Yoast SEO plugin v26.2 - https:\/\/yoast.com\/wordpress\/plugins\/seo\/ -->\n<title>\u8d38\u6613\u4fc3\u8fdb - Viet Trung Company<\/title>\n<meta name=\"description\" content=\"D\u1ecbch v\u1ee5 x\u00fac ti\u1ebfn th\u01b0\u01a1ng m\u1ea1i c\u1ee7a Vi\u1ec7t Trung Company gi\u00fap doanh nghi\u1ec7p Vi\u1ec7t ti\u1ebfp c\u1eadn th\u1ecb tr\u01b0\u1eddng Trung Qu\u1ed1c hi\u1ec7u qu\u1ea3: tham gia h\u1ed9i ch\u1ee3, k\u1ebft n\u1ed1i nh\u00e0 cung c\u1ea5p, phi\u00ean d\u1ecbch \u2013 \u0111\u00e0m ph\u00e1n, t\u01b0 v\u1ea5n h\u1ea3i quan v\u00e0 logistics tr\u1ecdn g\u00f3i. Gi\u1ea3i ph\u00e1p t\u1ed1i \u01b0u, uy t\u00edn, chuy\u00ean nghi\u1ec7p.\" \/>\n<meta name=\"robots\" content=\"index, follow, max-snippet:-1, max-image-preview:large, max-video-preview:-1\" \/>\n<link rel=\"canonical\" href=\"https:\/\/viettrungcompany.com\/dich-vu-khac-3\/xuc-tien-thuong-mai\/\" \/>\n<meta property=\"og:locale\" content=\"zh_CN\" \/>\n<meta property=\"og:type\" content=\"article\" \/>\n<meta property=\"og:title\" content=\"\u8d38\u6613\u4fc3\u8fdb - Viet Trung Company\" \/>\n<meta property=\"og:description\" content=\"D\u1ecbch v\u1ee5 x\u00fac ti\u1ebfn th\u01b0\u01a1ng m\u1ea1i c\u1ee7a Vi\u1ec7t Trung Company gi\u00fap doanh nghi\u1ec7p Vi\u1ec7t ti\u1ebfp c\u1eadn th\u1ecb tr\u01b0\u1eddng Trung Qu\u1ed1c hi\u1ec7u qu\u1ea3: tham gia h\u1ed9i ch\u1ee3, k\u1ebft n\u1ed1i nh\u00e0 cung c\u1ea5p, phi\u00ean d\u1ecbch \u2013 \u0111\u00e0m ph\u00e1n, t\u01b0 v\u1ea5n h\u1ea3i quan v\u00e0 logistics tr\u1ecdn g\u00f3i. Gi\u1ea3i ph\u00e1p t\u1ed1i \u01b0u, uy t\u00edn, chuy\u00ean nghi\u1ec7p.\" \/>\n<meta property=\"og:url\" content=\"https:\/\/viettrungcompany.com\/dich-vu-khac-3\/xuc-tien-thuong-mai\/\" \/>\n<meta property=\"og:site_name\" content=\"Viet Trung Company\" \/>\n<meta property=\"article:modified_time\" content=\"2025-08-19T15:53:22+00:00\" \/>\n<meta property=\"og:image\" content=\"https:\/\/viettrungcompany.com\/wp-content\/uploads\/2025\/08\/dich-vu-xuc-tien-thuong-mai-viet-trung-company.png\" \/>\n<meta name=\"twitter:card\" content=\"summary_large_image\" \/>\n<meta name=\"twitter:label1\" content=\"\u9884\u8ba1\u9605\u8bfb\u65f6\u95f4\" \/>\n\t<meta name=\"twitter:data1\" content=\"8 \u5206\" \/>\n<script type=\"application\/ld+json\" class=\"yoast-schema-graph\">{\"@context\":\"https:\/\/schema.org\",\"@graph\":[{\"@type\":\"WebPage\",\"@id\":\"https:\/\/viettrungcompany.com\/dich-vu-khac-3\/xuc-tien-thuong-mai\/\",\"url\":\"https:\/\/viettrungcompany.com\/dich-vu-khac-3\/xuc-tien-thuong-mai\/\",\"name\":\"\u8d38\u6613\u4fc3\u8fdb - Viet Trung Company\",\"isPartOf\":{\"@id\":\"https:\/\/viettrungcompany.com\/#website\"},\"primaryImageOfPage\":{\"@id\":\"https:\/\/viettrungcompany.com\/dich-vu-khac-3\/xuc-tien-thuong-mai\/#primaryimage\"},\"image\":{\"@id\":\"https:\/\/viettrungcompany.com\/dich-vu-khac-3\/xuc-tien-thuong-mai\/#primaryimage\"},\"thumbnailUrl\":\"https:\/\/viettrungcompany.com\/wp-content\/uploads\/2025\/08\/dich-vu-xuc-tien-thuong-mai-viet-trung-company.png\",\"datePublished\":\"2025-08-19T02:43:57+00:00\",\"dateModified\":\"2025-08-19T15:53:22+00:00\",\"description\":\"D\u1ecbch v\u1ee5 x\u00fac ti\u1ebfn th\u01b0\u01a1ng m\u1ea1i c\u1ee7a Vi\u1ec7t Trung Company gi\u00fap doanh nghi\u1ec7p Vi\u1ec7t ti\u1ebfp c\u1eadn th\u1ecb tr\u01b0\u1eddng Trung Qu\u1ed1c hi\u1ec7u qu\u1ea3: tham gia h\u1ed9i ch\u1ee3, k\u1ebft n\u1ed1i nh\u00e0 cung c\u1ea5p, phi\u00ean d\u1ecbch \u2013 \u0111\u00e0m ph\u00e1n, t\u01b0 v\u1ea5n h\u1ea3i quan v\u00e0 logistics tr\u1ecdn g\u00f3i. Gi\u1ea3i ph\u00e1p t\u1ed1i \u01b0u, uy t\u00edn, chuy\u00ean nghi\u1ec7p.\",\"breadcrumb\":{\"@id\":\"https:\/\/viettrungcompany.com\/dich-vu-khac-3\/xuc-tien-thuong-mai\/#breadcrumb\"},\"inLanguage\":\"zh-Hans\",\"potentialAction\":[{\"@type\":\"ReadAction\",\"target\":[\"https:\/\/viettrungcompany.com\/dich-vu-khac-3\/xuc-tien-thuong-mai\/\"]}]},{\"@type\":\"ImageObject\",\"inLanguage\":\"zh-Hans\",\"@id\":\"https:\/\/viettrungcompany.com\/dich-vu-khac-3\/xuc-tien-thuong-mai\/#primaryimage\",\"url\":\"https:\/\/viettrungcompany.com\/wp-content\/uploads\/2025\/08\/dich-vu-xuc-tien-thuong-mai-viet-trung-company.png\",\"contentUrl\":\"https:\/\/viettrungcompany.com\/wp-content\/uploads\/2025\/08\/dich-vu-xuc-tien-thuong-mai-viet-trung-company.png\"},{\"@type\":\"BreadcrumbList\",\"@id\":\"https:\/\/viettrungcompany.com\/dich-vu-khac-3\/xuc-tien-thuong-mai\/#breadcrumb\",\"itemListElement\":[{\"@type\":\"ListItem\",\"position\":1,\"name\":\"Home\",\"item\":\"https:\/\/viettrungcompany.com\/zh-hans\/\"},{\"@type\":\"ListItem\",\"position\":2,\"name\":\"\u5176\u4ed6\u670d\u52a1\",\"item\":\"https:\/\/viettrungcompany.com\/dich-vu-khac-3\/\"},{\"@type\":\"ListItem\",\"position\":3,\"name\":\"\u8d38\u6613\u4fc3\u8fdb\"}]},{\"@type\":\"WebSite\",\"@id\":\"https:\/\/viettrungcompany.com\/#website\",\"url\":\"https:\/\/viettrungcompany.com\/\",\"name\":\"Viet Trung Company\",\"description\":\"\",\"potentialAction\":[{\"@type\":\"SearchAction\",\"target\":{\"@type\":\"EntryPoint\",\"urlTemplate\":\"https:\/\/viettrungcompany.com\/?s={search_term_string}\"},\"query-input\":{\"@type\":\"PropertyValueSpecification\",\"valueRequired\":true,\"valueName\":\"search_term_string\"}}],\"inLanguage\":\"zh-Hans\"}]}<\/script>\n<!-- \/ Yoast SEO plugin. -->","yoast_head_json":{"title":"\u8d38\u6613\u4fc3\u8fdb - Viet Trung Company","description":"D\u1ecbch v\u1ee5 x\u00fac ti\u1ebfn th\u01b0\u01a1ng m\u1ea1i c\u1ee7a Vi\u1ec7t Trung Company gi\u00fap doanh nghi\u1ec7p Vi\u1ec7t ti\u1ebfp c\u1eadn th\u1ecb tr\u01b0\u1eddng Trung Qu\u1ed1c hi\u1ec7u qu\u1ea3: tham gia h\u1ed9i ch\u1ee3, k\u1ebft n\u1ed1i nh\u00e0 cung c\u1ea5p, phi\u00ean d\u1ecbch \u2013 \u0111\u00e0m ph\u00e1n, t\u01b0 v\u1ea5n h\u1ea3i quan v\u00e0 logistics tr\u1ecdn g\u00f3i. Gi\u1ea3i ph\u00e1p t\u1ed1i \u01b0u, uy t\u00edn, chuy\u00ean nghi\u1ec7p.","robots":{"index":"index","follow":"follow","max-snippet":"max-snippet:-1","max-image-preview":"max-image-preview:large","max-video-preview":"max-video-preview:-1"},"canonical":"https:\/\/viettrungcompany.com\/dich-vu-khac-3\/xuc-tien-thuong-mai\/","og_locale":"zh_CN","og_type":"article","og_title":"\u8d38\u6613\u4fc3\u8fdb - Viet Trung Company","og_description":"D\u1ecbch v\u1ee5 x\u00fac ti\u1ebfn th\u01b0\u01a1ng m\u1ea1i c\u1ee7a Vi\u1ec7t Trung Company gi\u00fap doanh nghi\u1ec7p Vi\u1ec7t ti\u1ebfp c\u1eadn th\u1ecb tr\u01b0\u1eddng Trung Qu\u1ed1c hi\u1ec7u qu\u1ea3: tham gia h\u1ed9i ch\u1ee3, k\u1ebft n\u1ed1i nh\u00e0 cung c\u1ea5p, phi\u00ean d\u1ecbch \u2013 \u0111\u00e0m ph\u00e1n, t\u01b0 v\u1ea5n h\u1ea3i quan v\u00e0 logistics tr\u1ecdn g\u00f3i. Gi\u1ea3i ph\u00e1p t\u1ed1i \u01b0u, uy t\u00edn, chuy\u00ean nghi\u1ec7p.","og_url":"https:\/\/viettrungcompany.com\/dich-vu-khac-3\/xuc-tien-thuong-mai\/","og_site_name":"Viet Trung Company","article_modified_time":"2025-08-19T15:53:22+00:00","og_image":[{"url":"https:\/\/viettrungcompany.com\/wp-content\/uploads\/2025\/08\/dich-vu-xuc-tien-thuong-mai-viet-trung-company.png","type":"","width":"","height":""}],"twitter_card":"summary_large_image","twitter_misc":{"\u9884\u8ba1\u9605\u8bfb\u65f6\u95f4":"8 \u5206"},"schema":{"@context":"https:\/\/schema.org","@graph":[{"@type":"WebPage","@id":"https:\/\/viettrungcompany.com\/dich-vu-khac-3\/xuc-tien-thuong-mai\/","url":"https:\/\/viettrungcompany.com\/dich-vu-khac-3\/xuc-tien-thuong-mai\/","name":"\u8d38\u6613\u4fc3\u8fdb - Viet Trung Company","isPartOf":{"@id":"https:\/\/viettrungcompany.com\/#website"},"primaryImageOfPage":{"@id":"https:\/\/viettrungcompany.com\/dich-vu-khac-3\/xuc-tien-thuong-mai\/#primaryimage"},"image":{"@id":"https:\/\/viettrungcompany.com\/dich-vu-khac-3\/xuc-tien-thuong-mai\/#primaryimage"},"thumbnailUrl":"https:\/\/viettrungcompany.com\/wp-content\/uploads\/2025\/08\/dich-vu-xuc-tien-thuong-mai-viet-trung-company.png","datePublished":"2025-08-19T02:43:57+00:00","dateModified":"2025-08-19T15:53:22+00:00","description":"D\u1ecbch v\u1ee5 x\u00fac ti\u1ebfn th\u01b0\u01a1ng m\u1ea1i c\u1ee7a Vi\u1ec7t Trung Company gi\u00fap doanh nghi\u1ec7p Vi\u1ec7t ti\u1ebfp c\u1eadn th\u1ecb tr\u01b0\u1eddng Trung Qu\u1ed1c hi\u1ec7u qu\u1ea3: tham gia h\u1ed9i ch\u1ee3, k\u1ebft n\u1ed1i nh\u00e0 cung c\u1ea5p, phi\u00ean d\u1ecbch \u2013 \u0111\u00e0m ph\u00e1n, t\u01b0 v\u1ea5n h\u1ea3i quan v\u00e0 logistics tr\u1ecdn g\u00f3i. Gi\u1ea3i ph\u00e1p t\u1ed1i \u01b0u, uy t\u00edn, chuy\u00ean nghi\u1ec7p.","breadcrumb":{"@id":"https:\/\/viettrungcompany.com\/dich-vu-khac-3\/xuc-tien-thuong-mai\/#breadcrumb"},"inLanguage":"zh-Hans","potentialAction":[{"@type":"ReadAction","target":["https:\/\/viettrungcompany.com\/dich-vu-khac-3\/xuc-tien-thuong-mai\/"]}]},{"@type":"ImageObject","inLanguage":"zh-Hans","@id":"https:\/\/viettrungcompany.com\/dich-vu-khac-3\/xuc-tien-thuong-mai\/#primaryimage","url":"https:\/\/viettrungcompany.com\/wp-content\/uploads\/2025\/08\/dich-vu-xuc-tien-thuong-mai-viet-trung-company.png","contentUrl":"https:\/\/viettrungcompany.com\/wp-content\/uploads\/2025\/08\/dich-vu-xuc-tien-thuong-mai-viet-trung-company.png"},{"@type":"BreadcrumbList","@id":"https:\/\/viettrungcompany.com\/dich-vu-khac-3\/xuc-tien-thuong-mai\/#breadcrumb","itemListElement":[{"@type":"ListItem","position":1,"name":"Home","item":"https:\/\/viettrungcompany.com\/zh-hans\/"},{"@type":"ListItem","position":2,"name":"\u5176\u4ed6\u670d\u52a1","item":"https:\/\/viettrungcompany.com\/dich-vu-khac-3\/"},{"@type":"ListItem","position":3,"name":"\u8d38\u6613\u4fc3\u8fdb"}]},{"@type":"WebSite","@id":"https:\/\/viettrungcompany.com\/#website","url":"https:\/\/viettrungcompany.com\/","name":"Viet Trung Company","description":"","potentialAction":[{"@type":"SearchAction","target":{"@type":"EntryPoint","urlTemplate":"https:\/\/viettrungcompany.com\/?s={search_term_string}"},"query-input":{"@type":"PropertyValueSpecification","valueRequired":true,"valueName":"search_term_string"}}],"inLanguage":"zh-Hans"}]}},"_links":{"self":[{"href":"https:\/\/viettrungcompany.com\/zh-hans\/wp-json\/wp\/v2\/pages\/38659","targetHints":{"allow":["GET"]}}],"collection":[{"href":"https:\/\/viettrungcompany.com\/zh-hans\/wp-json\/wp\/v2\/pages"}],"about":[{"href":"https:\/\/viettrungcompany.com\/zh-hans\/wp-json\/wp\/v2\/types\/page"}],"author":[{"embeddable":true,"href":"https:\/\/viettrungcompany.com\/zh-hans\/wp-json\/wp\/v2\/users\/1"}],"replies":[{"embeddable":true,"href":"https:\/\/viettrungcompany.com\/zh-hans\/wp-json\/wp\/v2\/comments?post=38659"}],"version-history":[{"count":6,"href":"https:\/\/viettrungcompany.com\/zh-hans\/wp-json\/wp\/v2\/pages\/38659\/revisions"}],"predecessor-version":[{"id":39270,"href":"https:\/\/viettrungcompany.com\/zh-hans\/wp-json\/wp\/v2\/pages\/38659\/revisions\/39270"}],"up":[{"embeddable":true,"href":"https:\/\/viettrungcompany.com\/zh-hans\/wp-json\/wp\/v2\/pages\/37044"}],"wp:attachment":[{"href":"https:\/\/viettrungcompany.com\/zh-hans\/wp-json\/wp\/v2\/media?parent=38659"}],"curies":[{"name":"wp","href":"https:\/\/api.w.org\/{rel}","templated":true}]}}